{"id":861,"date":"2025-08-29T13:27:04","date_gmt":"2025-08-29T11:27:04","guid":{"rendered":"https:\/\/corona1.eu\/en\/?page_id=861"},"modified":"2025-09-22T11:34:28","modified_gmt":"2025-09-22T09:34:28","slug":"grounding-clamps","status":"publish","type":"page","link":"https:\/\/corona1.eu\/en\/grounding-clamps\/","title":{"rendered":"Grounding clamps"},"content":{"rendered":"\n\n<h2 class=\"wp-block-heading\">EX grounding clamps<\/h2>\n\n\n\n\n\n<p>Grounding <strong>terminals<\/strong> are used to dissipate electrostatic charges from metal tanks, drums, mixers and tanks during the loading and unloading process. Their purpose is to provide a permanent connection between the item to be grounded and the ground, preventing the build-up of electrostatic charge and minimizing the risk of explosion or fire.<br><br>Grounding clamps usually come complete with a grounding spiral cable. The clamp is made of stainless steel and has very sharp teeth that pierce through a layer of paint or rust, providing a permanent connection to the metal surface. The grounding cable is made of copper or steel, which is a good conductor. It is also insulated thanks to a special coating that is resistant to many mechanical and chemical agents.<\/p>\n\n\n\n\n\n<div class=\"schema-faq wp-block-yoast-faq-block\"><div class=\"schema-faq-section\" id=\"faq-question-1662982154156\"><strong class=\"schema-faq-question\">Principles of using grounding terminals<\/strong> <p class=\"schema-faq-answer\">During technological processes such as mixing, pouring or loading or unloading of tanks, grounding terminals should be attached at dedicated locations. Depending on the type of process or the safety requirements of a particular industrial plant, grounding clamps alone with a wire are used, or complete grounding systems that, in addition to the clamp and wire, also have grounding condition monitoring units.<br\/><br\/>Grounding clamps are very important for ensuring the safety of loading and unloading processes of tank trucks and railroads, as well as other technological processes in which flammable substances are handled. All components to which the grounding terminal is connected must be in good condition to ensure a permanent connection and reliable discharge of static electricity. It is also important that grounding terminals are regularly inspected and replaced when they are damaged or defective.<\/p> <\/div> <div class=\"schema-faq-section\" id=\"faq-question-1662982221180\"><strong class=\"schema-faq-question\">Depending on the intended use, there are different types of terminals<\/strong>: <p class=\"schema-faq-answer\">&#8211; ex grounding terminals for tanks,<br\/>&#8211; Ex grounding terminals for metal drums and containers,<br\/>&#8211; Ex grounding terminals for IBC tanks and type C big bags,<br\/>&#8211; Ex mini grounding terminals,<br\/>&#8211; Ex magnetic grounding terminals<br\/><br\/>Optionally, the terminal can be equipped with a nitrile rubber insulating shield to protect it from chemical agents and weather conditions. The shield is resistant to high temperatures and mineral oil-based substances.<br\/><br\/>In addition, we provide pins made of plastic for hanging the terminals. For the above applications, the clamps are connected to ground wires. They are also part of complete systems for monitoring the state of grounding.<\/p> <\/div> <\/div>\n\n\n\n\n\n<p><\/p>\n\n","protected":false},"excerpt":{"rendered":"<p>EX grounding clamps Grounding terminals are used to dissipate electrostatic charges from metal tanks, drums, [&hellip;]<\/p>\n","protected":false},"author":1,"featured_media":862,"parent":0,"menu_order":0,"comment_status":"closed","ping_status":"closed","template":"kg_products_list_template.php","meta":{"pgc_sgb_lightbox_settings":"","footnotes":""},"categories":[36,9],"tags":[],"class_list":["post-861","page","type-page","status-publish","has-post-thumbnail","hentry","category-grounding-clamps","category-zprodukty"],"yoast_head":"<!-- This site is optimized with the Yoast SEO plugin v27.4 - https:\/\/yoast.com\/product\/yoast-seo-wordpress\/ -->\n<title>Grounding clamps | CORONA Service<\/title>\n<meta name=\"description\" content=\"A grounding clamp is a device used to discharge static electricity from metal tanks, barrels, mixers, and tankers during loading and unloading.\" \/>\n<meta name=\"robots\" content=\"index, follow, max-snippet:-1, max-image-preview:large, max-video-preview:-1\" \/>\n<link rel=\"canonical\" href=\"https:\/\/corona1.eu\/en\/grounding-clamps\/\" \/>\n<meta property=\"og:locale\" content=\"en_US\" \/>\n<meta property=\"og:type\" content=\"article\" \/>\n<meta property=\"og:title\" content=\"Grounding clamps | CORONA Service\" \/>\n<meta property=\"og:description\" content=\"A grounding clamp is a device used to discharge static electricity from metal tanks, barrels, mixers, and tankers during loading and unloading.\" \/>\n<meta property=\"og:url\" content=\"https:\/\/corona1.eu\/en\/grounding-clamps\/\" \/>\n<meta property=\"og:site_name\" content=\"CORONA Service\" \/>\n<meta property=\"article:modified_time\" content=\"2025-09-22T09:34:28+00:00\" \/>\n<meta property=\"og:image\" content=\"https:\/\/corona1.eu\/en\/wp-content\/uploads\/sites\/2\/2025\/08\/zacisk-uziemiajacy-corona-tb-round-wykonany-ze-stali-nierdzewnej-do-uziemiania-zbiornikow-ibc.png\" \/>\n\t<meta property=\"og:image:width\" content=\"800\" \/>\n\t<meta property=\"og:image:height\" content=\"800\" \/>\n\t<meta property=\"og:image:type\" content=\"image\/png\" \/>\n<meta name=\"twitter:card\" content=\"summary_large_image\" \/>\n<meta name=\"twitter:label1\" content=\"Est. reading time\" \/>\n\t<meta name=\"twitter:data1\" content=\"2 minutes\" \/>\n<script type=\"application\/ld+json\" class=\"yoast-schema-graph\">{\"@context\":\"https:\\\/\\\/schema.org\",\"@graph\":[{\"@type\":[\"WebPage\",\"FAQPage\"],\"@id\":\"https:\\\/\\\/corona1.eu\\\/en\\\/grounding-clamps\\\/\",\"url\":\"https:\\\/\\\/corona1.eu\\\/en\\\/grounding-clamps\\\/\",\"name\":\"Grounding clamps | CORONA Service\",\"isPartOf\":{\"@id\":\"https:\\\/\\\/corona1.eu\\\/en\\\/#website\"},\"primaryImageOfPage\":{\"@id\":\"https:\\\/\\\/corona1.eu\\\/en\\\/grounding-clamps\\\/#primaryimage\"},\"image\":{\"@id\":\"https:\\\/\\\/corona1.eu\\\/en\\\/grounding-clamps\\\/#primaryimage\"},\"thumbnailUrl\":\"https:\\\/\\\/corona1.eu\\\/en\\\/wp-content\\\/uploads\\\/sites\\\/2\\\/2025\\\/08\\\/zacisk-uziemiajacy-corona-tb-round-wykonany-ze-stali-nierdzewnej-do-uziemiania-zbiornikow-ibc.png\",\"datePublished\":\"2025-08-29T11:27:04+00:00\",\"dateModified\":\"2025-09-22T09:34:28+00:00\",\"description\":\"A grounding clamp is a device used to discharge static electricity from metal tanks, barrels, mixers, and tankers during loading and unloading.\",\"breadcrumb\":{\"@id\":\"https:\\\/\\\/corona1.eu\\\/en\\\/grounding-clamps\\\/#breadcrumb\"},\"mainEntity\":[{\"@id\":\"https:\\\/\\\/corona1.eu\\\/en\\\/grounding-clamps\\\/#faq-question-1662982154156\"},{\"@id\":\"https:\\\/\\\/corona1.eu\\\/en\\\/grounding-clamps\\\/#faq-question-1662982221180\"}],\"inLanguage\":\"en-US\",\"potentialAction\":[{\"@type\":\"ReadAction\",\"target\":[\"https:\\\/\\\/corona1.eu\\\/en\\\/grounding-clamps\\\/\"]}]},{\"@type\":\"ImageObject\",\"inLanguage\":\"en-US\",\"@id\":\"https:\\\/\\\/corona1.eu\\\/en\\\/grounding-clamps\\\/#primaryimage\",\"url\":\"https:\\\/\\\/corona1.eu\\\/en\\\/wp-content\\\/uploads\\\/sites\\\/2\\\/2025\\\/08\\\/zacisk-uziemiajacy-corona-tb-round-wykonany-ze-stali-nierdzewnej-do-uziemiania-zbiornikow-ibc.png\",\"contentUrl\":\"https:\\\/\\\/corona1.eu\\\/en\\\/wp-content\\\/uploads\\\/sites\\\/2\\\/2025\\\/08\\\/zacisk-uziemiajacy-corona-tb-round-wykonany-ze-stali-nierdzewnej-do-uziemiania-zbiornikow-ibc.png\",\"width\":800,\"height\":800},{\"@type\":\"BreadcrumbList\",\"@id\":\"https:\\\/\\\/corona1.eu\\\/en\\\/grounding-clamps\\\/#breadcrumb\",\"itemListElement\":[{\"@type\":\"ListItem\",\"position\":1,\"name\":\"Home\",\"item\":\"https:\\\/\\\/corona1.eu\\\/en\\\/\"},{\"@type\":\"ListItem\",\"position\":2,\"name\":\"Grounding clamps\"}]},{\"@type\":\"WebSite\",\"@id\":\"https:\\\/\\\/corona1.eu\\\/en\\\/#website\",\"url\":\"https:\\\/\\\/corona1.eu\\\/en\\\/\",\"name\":\"CORONA Service\",\"description\":\"\",\"potentialAction\":[{\"@type\":\"SearchAction\",\"target\":{\"@type\":\"EntryPoint\",\"urlTemplate\":\"https:\\\/\\\/corona1.eu\\\/en\\\/?s={search_term_string}\"},\"query-input\":{\"@type\":\"PropertyValueSpecification\",\"valueRequired\":true,\"valueName\":\"search_term_string\"}}],\"inLanguage\":\"en-US\"},{\"@type\":\"Question\",\"@id\":\"https:\\\/\\\/corona1.eu\\\/en\\\/grounding-clamps\\\/#faq-question-1662982154156\",\"position\":1,\"url\":\"https:\\\/\\\/corona1.eu\\\/en\\\/grounding-clamps\\\/#faq-question-1662982154156\",\"name\":\"Zasady stosowania zacisk\u00f3w uziemiaj\u0105cych\",\"answerCount\":1,\"acceptedAnswer\":{\"@type\":\"Answer\",\"text\":\"Podczas proces\u00f3w technologicznych takich jak mieszanie, przelewanie czy te\u017c za\u0142adunek lub roz\u0142adunek cystern, zaciski uziemiaj\u0105ce nale\u017cy mocowa\u0107 w dedykowanych do tego miejscach. W zale\u017cno\u015bci od rodzaju procesu lub wymog\u00f3w w zakresie bezpiecze\u0144stwa w danym zak\u0142adzie przemys\u0142owym stosuje si\u0119 same zaciski uziemiaj\u0105ce z przewodem lub te\u017c kompletne systemy uziemiaj\u0105ce, kt\u00f3re poza zaciskiem i przewodem posiadaj\u0105 tak\u017ce jednostki monitoruj\u0105ce stan uziemienia.<br \\\/><br \\\/>Zaciski uziemiaj\u0105ce s\u0105 bardzo wa\u017cne dla zapewnienia bezpiecze\u0144stwa proces\u00f3w za\u0142adunku i roz\u0142adunku cystern samochodowych i kolejowych oraz innych proces\u00f3w technologicznych, w kt\u00f3rych operuje si\u0119 substancjami \u0142atwopalnymi. Wszystkie elementy do kt\u00f3rych podpina si\u0119 zacisk uziemiaj\u0105cy musz\u0105 by\u0107 w dobrym stanie, aby zapewni\u0107 sta\u0142e po\u0142\u0105czenie i niezawodne odprowadzenie \u0142adunk\u00f3w elektrostatycznych. Wa\u017cne jest r\u00f3wnie\u017c, aby zaciski uziemiaj\u0105ce by\u0142y regularnie kontrolowane i wymieniane, gdy s\u0105 uszkodzone lub wadliwe.\",\"inLanguage\":\"en-US\"},\"inLanguage\":\"en-US\"},{\"@type\":\"Question\",\"@id\":\"https:\\\/\\\/corona1.eu\\\/en\\\/grounding-clamps\\\/#faq-question-1662982221180\",\"position\":2,\"url\":\"https:\\\/\\\/corona1.eu\\\/en\\\/grounding-clamps\\\/#faq-question-1662982221180\",\"name\":\"W zale\u017cno\u015bci od przeznaczenia wyr\u00f3\u017cnia si\u0119 r\u00f3\u017cne typy zacisk\u00f3w:\",\"answerCount\":1,\"acceptedAnswer\":{\"@type\":\"Answer\",\"text\":\"- zaciski uziemiaj\u0105ce Ex do cystern,<br \\\/>- zaciski uziemiaj\u0105ce Ex do metalowych beczek i pojemnik\u00f3w,<br \\\/>- zaciski uziemiaj\u0105ce Ex do zbiornik\u00f3w IBC oraz big bag\u00f3w typ C,<br \\\/>- zaciski uziemiaj\u0105ce Ex mini,<br \\\/>- magnetyczne zaciski uziemiaj\u0105ce Ex<br \\\/><br \\\/>Opcjonalnie zacisk mo\u017ce zosta\u0107 wyposa\u017cony w os\u0142on\u0119 izolacyjn\u0105 z kauczuku nitrylowego, kt\u00f3ra chroni go przed czynnikami chemicznymi oraz warunkami atmosferycznymi. Os\u0142ona jest odporna na wysok\u0105 temperatur\u0119 i dzia\u0142anie substancji na bazie olej\u00f3w mineralnych.<br \\\/><br \\\/>Dodatkowo dostarczamy ko\u0142ki wykonane z tworzywa sztucznego przeznaczone do odwieszania zacisk\u00f3w. Do powy\u017cszych zastosowa\u0144 zaciski \u0142\u0105czy si\u0119 z przewodami uziemiaj\u0105cymi. S\u0105 one tak\u017ce elementem kompletnych system\u00f3w do monitorowania stanu uziemienia.\",\"inLanguage\":\"en-US\"},\"inLanguage\":\"en-US\"}]}<\/script>\n<!-- \/ Yoast SEO plugin. -->","yoast_head_json":{"title":"Grounding clamps | CORONA Service","description":"A grounding clamp is a device used to discharge static electricity from metal tanks, barrels, mixers, and tankers during loading and unloading.","robots":{"index":"index","follow":"follow","max-snippet":"max-snippet:-1","max-image-preview":"max-image-preview:large","max-video-preview":"max-video-preview:-1"},"canonical":"https:\/\/corona1.eu\/en\/grounding-clamps\/","og_locale":"en_US","og_type":"article","og_title":"Grounding clamps | CORONA Service","og_description":"A grounding clamp is a device used to discharge static electricity from metal tanks, barrels, mixers, and tankers during loading and unloading.","og_url":"https:\/\/corona1.eu\/en\/grounding-clamps\/","og_site_name":"CORONA Service","article_modified_time":"2025-09-22T09:34:28+00:00","og_image":[{"width":800,"height":800,"url":"https:\/\/corona1.eu\/en\/wp-content\/uploads\/sites\/2\/2025\/08\/zacisk-uziemiajacy-corona-tb-round-wykonany-ze-stali-nierdzewnej-do-uziemiania-zbiornikow-ibc.png","type":"image\/png"}],"twitter_card":"summary_large_image","twitter_misc":{"Est. reading time":"2 minutes"},"schema":{"@context":"https:\/\/schema.org","@graph":[{"@type":["WebPage","FAQPage"],"@id":"https:\/\/corona1.eu\/en\/grounding-clamps\/","url":"https:\/\/corona1.eu\/en\/grounding-clamps\/","name":"Grounding clamps | CORONA Service","isPartOf":{"@id":"https:\/\/corona1.eu\/en\/#website"},"primaryImageOfPage":{"@id":"https:\/\/corona1.eu\/en\/grounding-clamps\/#primaryimage"},"image":{"@id":"https:\/\/corona1.eu\/en\/grounding-clamps\/#primaryimage"},"thumbnailUrl":"https:\/\/corona1.eu\/en\/wp-content\/uploads\/sites\/2\/2025\/08\/zacisk-uziemiajacy-corona-tb-round-wykonany-ze-stali-nierdzewnej-do-uziemiania-zbiornikow-ibc.png","datePublished":"2025-08-29T11:27:04+00:00","dateModified":"2025-09-22T09:34:28+00:00","description":"A grounding clamp is a device used to discharge static electricity from metal tanks, barrels, mixers, and tankers during loading and unloading.","breadcrumb":{"@id":"https:\/\/corona1.eu\/en\/grounding-clamps\/#breadcrumb"},"mainEntity":[{"@id":"https:\/\/corona1.eu\/en\/grounding-clamps\/#faq-question-1662982154156"},{"@id":"https:\/\/corona1.eu\/en\/grounding-clamps\/#faq-question-1662982221180"}],"inLanguage":"en-US","potentialAction":[{"@type":"ReadAction","target":["https:\/\/corona1.eu\/en\/grounding-clamps\/"]}]},{"@type":"ImageObject","inLanguage":"en-US","@id":"https:\/\/corona1.eu\/en\/grounding-clamps\/#primaryimage","url":"https:\/\/corona1.eu\/en\/wp-content\/uploads\/sites\/2\/2025\/08\/zacisk-uziemiajacy-corona-tb-round-wykonany-ze-stali-nierdzewnej-do-uziemiania-zbiornikow-ibc.png","contentUrl":"https:\/\/corona1.eu\/en\/wp-content\/uploads\/sites\/2\/2025\/08\/zacisk-uziemiajacy-corona-tb-round-wykonany-ze-stali-nierdzewnej-do-uziemiania-zbiornikow-ibc.png","width":800,"height":800},{"@type":"BreadcrumbList","@id":"https:\/\/corona1.eu\/en\/grounding-clamps\/#breadcrumb","itemListElement":[{"@type":"ListItem","position":1,"name":"Home","item":"https:\/\/corona1.eu\/en\/"},{"@type":"ListItem","position":2,"name":"Grounding clamps"}]},{"@type":"WebSite","@id":"https:\/\/corona1.eu\/en\/#website","url":"https:\/\/corona1.eu\/en\/","name":"CORONA Service","description":"","potentialAction":[{"@type":"SearchAction","target":{"@type":"EntryPoint","urlTemplate":"https:\/\/corona1.eu\/en\/?s={search_term_string}"},"query-input":{"@type":"PropertyValueSpecification","valueRequired":true,"valueName":"search_term_string"}}],"inLanguage":"en-US"},{"@type":"Question","@id":"https:\/\/corona1.eu\/en\/grounding-clamps\/#faq-question-1662982154156","position":1,"url":"https:\/\/corona1.eu\/en\/grounding-clamps\/#faq-question-1662982154156","name":"Zasady stosowania zacisk\u00f3w uziemiaj\u0105cych","answerCount":1,"acceptedAnswer":{"@type":"Answer","text":"Podczas proces\u00f3w technologicznych takich jak mieszanie, przelewanie czy te\u017c za\u0142adunek lub roz\u0142adunek cystern, zaciski uziemiaj\u0105ce nale\u017cy mocowa\u0107 w dedykowanych do tego miejscach. W zale\u017cno\u015bci od rodzaju procesu lub wymog\u00f3w w zakresie bezpiecze\u0144stwa w danym zak\u0142adzie przemys\u0142owym stosuje si\u0119 same zaciski uziemiaj\u0105ce z przewodem lub te\u017c kompletne systemy uziemiaj\u0105ce, kt\u00f3re poza zaciskiem i przewodem posiadaj\u0105 tak\u017ce jednostki monitoruj\u0105ce stan uziemienia.<br \/><br \/>Zaciski uziemiaj\u0105ce s\u0105 bardzo wa\u017cne dla zapewnienia bezpiecze\u0144stwa proces\u00f3w za\u0142adunku i roz\u0142adunku cystern samochodowych i kolejowych oraz innych proces\u00f3w technologicznych, w kt\u00f3rych operuje si\u0119 substancjami \u0142atwopalnymi. Wszystkie elementy do kt\u00f3rych podpina si\u0119 zacisk uziemiaj\u0105cy musz\u0105 by\u0107 w dobrym stanie, aby zapewni\u0107 sta\u0142e po\u0142\u0105czenie i niezawodne odprowadzenie \u0142adunk\u00f3w elektrostatycznych. Wa\u017cne jest r\u00f3wnie\u017c, aby zaciski uziemiaj\u0105ce by\u0142y regularnie kontrolowane i wymieniane, gdy s\u0105 uszkodzone lub wadliwe.","inLanguage":"en-US"},"inLanguage":"en-US"},{"@type":"Question","@id":"https:\/\/corona1.eu\/en\/grounding-clamps\/#faq-question-1662982221180","position":2,"url":"https:\/\/corona1.eu\/en\/grounding-clamps\/#faq-question-1662982221180","name":"W zale\u017cno\u015bci od przeznaczenia wyr\u00f3\u017cnia si\u0119 r\u00f3\u017cne typy zacisk\u00f3w:","answerCount":1,"acceptedAnswer":{"@type":"Answer","text":"- zaciski uziemiaj\u0105ce Ex do cystern,<br \/>- zaciski uziemiaj\u0105ce Ex do metalowych beczek i pojemnik\u00f3w,<br \/>- zaciski uziemiaj\u0105ce Ex do zbiornik\u00f3w IBC oraz big bag\u00f3w typ C,<br \/>- zaciski uziemiaj\u0105ce Ex mini,<br \/>- magnetyczne zaciski uziemiaj\u0105ce Ex<br \/><br \/>Opcjonalnie zacisk mo\u017ce zosta\u0107 wyposa\u017cony w os\u0142on\u0119 izolacyjn\u0105 z kauczuku nitrylowego, kt\u00f3ra chroni go przed czynnikami chemicznymi oraz warunkami atmosferycznymi. Os\u0142ona jest odporna na wysok\u0105 temperatur\u0119 i dzia\u0142anie substancji na bazie olej\u00f3w mineralnych.<br \/><br \/>Dodatkowo dostarczamy ko\u0142ki wykonane z tworzywa sztucznego przeznaczone do odwieszania zacisk\u00f3w. Do powy\u017cszych zastosowa\u0144 zaciski \u0142\u0105czy si\u0119 z przewodami uziemiaj\u0105cymi. S\u0105 one tak\u017ce elementem kompletnych system\u00f3w do monitorowania stanu uziemienia.","inLanguage":"en-US"},"inLanguage":"en-US"}]}},"_links":{"self":[{"href":"https:\/\/corona1.eu\/en\/wp-json\/wp\/v2\/pages\/861","targetHints":{"allow":["GET"]}}],"collection":[{"href":"https:\/\/corona1.eu\/en\/wp-json\/wp\/v2\/pages"}],"about":[{"href":"https:\/\/corona1.eu\/en\/wp-json\/wp\/v2\/types\/page"}],"author":[{"embeddable":true,"href":"https:\/\/corona1.eu\/en\/wp-json\/wp\/v2\/users\/1"}],"replies":[{"embeddable":true,"href":"https:\/\/corona1.eu\/en\/wp-json\/wp\/v2\/comments?post=861"}],"version-history":[{"count":5,"href":"https:\/\/corona1.eu\/en\/wp-json\/wp\/v2\/pages\/861\/revisions"}],"predecessor-version":[{"id":867,"href":"https:\/\/corona1.eu\/en\/wp-json\/wp\/v2\/pages\/861\/revisions\/867"}],"wp:featuredmedia":[{"embeddable":true,"href":"https:\/\/corona1.eu\/en\/wp-json\/wp\/v2\/media\/862"}],"wp:attachment":[{"href":"https:\/\/corona1.eu\/en\/wp-json\/wp\/v2\/media?parent=861"}],"wp:term":[{"taxonomy":"category","embeddable":true,"href":"https:\/\/corona1.eu\/en\/wp-json\/wp\/v2\/categories?post=861"},{"taxonomy":"post_tag","embeddable":true,"href":"https:\/\/corona1.eu\/en\/wp-json\/wp\/v2\/tags?post=861"}],"curies":[{"name":"wp","href":"https:\/\/api.w.org\/{rel}","templated":true}]}}