{"id":800,"date":"2025-08-28T11:45:51","date_gmt":"2025-08-28T09:45:51","guid":{"rendered":"https:\/\/corona1.eu\/en\/?page_id=800"},"modified":"2026-04-09T11:41:19","modified_gmt":"2026-04-09T09:41:19","slug":"mobile-devices-for-explosion-hazard-zones","status":"publish","type":"page","link":"https:\/\/corona1.eu\/en\/mobile-devices-for-explosion-hazard-zones\/","title":{"rendered":"Mobile Devices for Explosion Hazard Zones"},"content":{"rendered":"\n\n<p>Designed for use in hazardous areas, the devices from German manufacturer i.safe MOBILE enable the safe exchange of information under special operating conditions. Our ultra-rugged cell phones, smartphones, tablets and multifunction devices ensure safety in both hazardous areas and areas particularly exposed to outdoor conditions.<br><br>All devices meet the stringent requirements of ATEX and IECEx standards, which is confirmed by a certificate allowing the devices to be used in Ex zones. We offer our customers devices in IP 68 design, the highest used to mark the resistance class of electrical equipment, thanks to which the devices are resistant to dust and water. An additional advantage of the offered devices is compliance with the military standard MIL-STD 810G, which guarantees ultra-durability of all devices. Resistance to high temperatures allows reliable operation even in extreme conditions of use.<\/p>\n\n\n\n\n\n<div class=\"schema-faq wp-block-yoast-faq-block\"><div class=\"schema-faq-section\" id=\"faq-question-1662982722589\"><strong class=\"schema-faq-question\">Application<\/strong> <p class=\"schema-faq-answer\">High-quality cell phones, smartphones, tablets or multifunctional devices in Ex design are available for areas covered by zone 1\/21 and zone 2\/22. For the mining industry, we offer devices in I M1 design. Selected devices are also available in industrial design for extremely harsh operating conditions.<\/p> <\/div> <div class=\"schema-faq-section\" id=\"faq-question-1662982728778\"><strong class=\"schema-faq-question\">Features<\/strong> <p class=\"schema-faq-answer\">All i.safe MOBILE devices run on the Android\u2122 operating system, in addition to being equipped with standard solutions such as Bluetooth and Wi-Fi, and offering a wide range of additional features. These include individually assignable buttons, an SOS button, (preparation for Push-to-Talk and Loneworker Protection (LWP)), enhanced speakers, NFC or displays that can be operated with gloves.<\/p> <\/div> <\/div>\n\n","protected":false},"excerpt":{"rendered":"<p>Designed for use in hazardous areas, the devices from German manufacturer i.safe MOBILE enable the [&hellip;]<\/p>\n","protected":false},"author":1,"featured_media":801,"parent":0,"menu_order":0,"comment_status":"closed","ping_status":"closed","template":"kg_products_list_template.php","meta":{"pgc_sgb_lightbox_settings":"","footnotes":""},"categories":[33,9],"tags":[],"class_list":["post-800","page","type-page","status-publish","has-post-thumbnail","hentry","category-imobile","category-zprodukty"],"yoast_head":"<!-- This site is optimized with the Yoast SEO plugin v27.4 - https:\/\/yoast.com\/product\/yoast-seo-wordpress\/ -->\n<title>Mobile Devices for Explosion Hazard Zones | CORONA Service<\/title>\n<meta name=\"description\" content=\"Official distributor of I.safe in Eastern Europe. Ex ATEX phones in explosion-proof design and certified for industrial and mining areas.\" \/>\n<meta name=\"robots\" content=\"index, follow, max-snippet:-1, max-image-preview:large, max-video-preview:-1\" \/>\n<link rel=\"canonical\" href=\"https:\/\/corona1.eu\/en\/mobile-devices-for-explosion-hazard-zones\/\" \/>\n<meta property=\"og:locale\" content=\"en_US\" \/>\n<meta property=\"og:type\" content=\"article\" \/>\n<meta property=\"og:title\" content=\"Mobile Devices for Explosion Hazard Zones | CORONA Service\" \/>\n<meta property=\"og:description\" content=\"Official distributor of I.safe in Eastern Europe. Ex ATEX phones in explosion-proof design and certified for industrial and mining areas.\" \/>\n<meta property=\"og:url\" content=\"https:\/\/corona1.eu\/en\/mobile-devices-for-explosion-hazard-zones\/\" \/>\n<meta property=\"og:site_name\" content=\"CORONA Service\" \/>\n<meta property=\"article:modified_time\" content=\"2026-04-09T09:41:19+00:00\" \/>\n<meta property=\"og:image\" content=\"https:\/\/corona1.eu\/en\/wp-content\/uploads\/sites\/2\/2025\/08\/grupa_telefony16x9.png\" \/>\n\t<meta property=\"og:image:width\" content=\"889\" \/>\n\t<meta property=\"og:image:height\" content=\"500\" \/>\n\t<meta property=\"og:image:type\" content=\"image\/png\" \/>\n<meta name=\"twitter:card\" content=\"summary_large_image\" \/>\n<meta name=\"twitter:label1\" content=\"Est. reading time\" \/>\n\t<meta name=\"twitter:data1\" content=\"2 minutes\" \/>\n<script type=\"application\/ld+json\" class=\"yoast-schema-graph\">{\"@context\":\"https:\\\/\\\/schema.org\",\"@graph\":[{\"@type\":[\"WebPage\",\"FAQPage\"],\"@id\":\"https:\\\/\\\/corona1.eu\\\/en\\\/mobile-devices-for-explosion-hazard-zones\\\/\",\"url\":\"https:\\\/\\\/corona1.eu\\\/en\\\/mobile-devices-for-explosion-hazard-zones\\\/\",\"name\":\"Mobile Devices for Explosion Hazard Zones | CORONA Service\",\"isPartOf\":{\"@id\":\"https:\\\/\\\/corona1.eu\\\/en\\\/#website\"},\"primaryImageOfPage\":{\"@id\":\"https:\\\/\\\/corona1.eu\\\/en\\\/mobile-devices-for-explosion-hazard-zones\\\/#primaryimage\"},\"image\":{\"@id\":\"https:\\\/\\\/corona1.eu\\\/en\\\/mobile-devices-for-explosion-hazard-zones\\\/#primaryimage\"},\"thumbnailUrl\":\"https:\\\/\\\/corona1.eu\\\/en\\\/wp-content\\\/uploads\\\/sites\\\/2\\\/2025\\\/08\\\/grupa_telefony16x9.png\",\"datePublished\":\"2025-08-28T09:45:51+00:00\",\"dateModified\":\"2026-04-09T09:41:19+00:00\",\"description\":\"Official distributor of I.safe in Eastern Europe. Ex ATEX phones in explosion-proof design and certified for industrial and mining areas.\",\"breadcrumb\":{\"@id\":\"https:\\\/\\\/corona1.eu\\\/en\\\/mobile-devices-for-explosion-hazard-zones\\\/#breadcrumb\"},\"mainEntity\":[{\"@id\":\"https:\\\/\\\/corona1.eu\\\/en\\\/mobile-devices-for-explosion-hazard-zones\\\/#faq-question-1662982722589\"},{\"@id\":\"https:\\\/\\\/corona1.eu\\\/en\\\/mobile-devices-for-explosion-hazard-zones\\\/#faq-question-1662982728778\"}],\"inLanguage\":\"en-US\",\"potentialAction\":[{\"@type\":\"ReadAction\",\"target\":[\"https:\\\/\\\/corona1.eu\\\/en\\\/mobile-devices-for-explosion-hazard-zones\\\/\"]}]},{\"@type\":\"ImageObject\",\"inLanguage\":\"en-US\",\"@id\":\"https:\\\/\\\/corona1.eu\\\/en\\\/mobile-devices-for-explosion-hazard-zones\\\/#primaryimage\",\"url\":\"https:\\\/\\\/corona1.eu\\\/en\\\/wp-content\\\/uploads\\\/sites\\\/2\\\/2025\\\/08\\\/grupa_telefony16x9.png\",\"contentUrl\":\"https:\\\/\\\/corona1.eu\\\/en\\\/wp-content\\\/uploads\\\/sites\\\/2\\\/2025\\\/08\\\/grupa_telefony16x9.png\",\"width\":889,\"height\":500},{\"@type\":\"BreadcrumbList\",\"@id\":\"https:\\\/\\\/corona1.eu\\\/en\\\/mobile-devices-for-explosion-hazard-zones\\\/#breadcrumb\",\"itemListElement\":[{\"@type\":\"ListItem\",\"position\":1,\"name\":\"Home\",\"item\":\"https:\\\/\\\/corona1.eu\\\/en\\\/\"},{\"@type\":\"ListItem\",\"position\":2,\"name\":\"Mobile Devices for Explosion Hazard Zones\"}]},{\"@type\":\"WebSite\",\"@id\":\"https:\\\/\\\/corona1.eu\\\/en\\\/#website\",\"url\":\"https:\\\/\\\/corona1.eu\\\/en\\\/\",\"name\":\"CORONA Service\",\"description\":\"\",\"potentialAction\":[{\"@type\":\"SearchAction\",\"target\":{\"@type\":\"EntryPoint\",\"urlTemplate\":\"https:\\\/\\\/corona1.eu\\\/en\\\/?s={search_term_string}\"},\"query-input\":{\"@type\":\"PropertyValueSpecification\",\"valueRequired\":true,\"valueName\":\"search_term_string\"}}],\"inLanguage\":\"en-US\"},{\"@type\":\"Question\",\"@id\":\"https:\\\/\\\/corona1.eu\\\/en\\\/mobile-devices-for-explosion-hazard-zones\\\/#faq-question-1662982722589\",\"position\":1,\"url\":\"https:\\\/\\\/corona1.eu\\\/en\\\/mobile-devices-for-explosion-hazard-zones\\\/#faq-question-1662982722589\",\"name\":\"Zastosowanie\",\"answerCount\":1,\"acceptedAnswer\":{\"@type\":\"Answer\",\"text\":\"Wysokiej jako\u015bci telefony kom\u00f3rkowe, smartfony, tablety czy urz\u0105dzenia multifunkcyjne w wykonaniu Ex s\u0105 dost\u0119pne dla obszar\u00f3w obj\u0119tych stref\u0105 1\\\/21 i stref\u0105 2\\\/22. Dla przemys\u0142y g\u00f3rniczego oferujemy urz\u0105dzenia w wykonaniu I M1. Wybrane urz\u0105dzenia s\u0105 r\u00f3wnie\u017c dost\u0119pne w wykonaniu przemys\u0142owym z przeznaczeniem do pracy w wyj\u0105tkowo surowych warunkach u\u017cytkowania.\",\"inLanguage\":\"en-US\"},\"inLanguage\":\"en-US\"},{\"@type\":\"Question\",\"@id\":\"https:\\\/\\\/corona1.eu\\\/en\\\/mobile-devices-for-explosion-hazard-zones\\\/#faq-question-1662982728778\",\"position\":2,\"url\":\"https:\\\/\\\/corona1.eu\\\/en\\\/mobile-devices-for-explosion-hazard-zones\\\/#faq-question-1662982728778\",\"name\":\"W\u0142a\u015bciwo\u015bci\",\"answerCount\":1,\"acceptedAnswer\":{\"@type\":\"Answer\",\"text\":\"Wszystkie urz\u0105dzenia i.safe MOBILE pracuj\u0105 w oparciu o system operacyjnym Android\u2122, ponadto wyposa\u017cone s\u0105 w standardowe rozwi\u0105zania takie jak Bluetooth i Wi-Fi oraz oferuj\u0105 szeroki zakres funkcji dodatkowych. Nale\u017c\u0105 do nich m.in. indywidualnie przypisywane przyciski, przycisk SOS, (przygotowanie do Push-to-Talk i Loneworker Protection (LWP)), wzmocnione g\u0142o\u015bniki, NFC czy wy\u015bwietlacze, kt\u00f3re mo\u017cna obs\u0142ugiwa\u0107 w r\u0119kawicach.\",\"inLanguage\":\"en-US\"},\"inLanguage\":\"en-US\"}]}<\/script>\n<!-- \/ Yoast SEO plugin. -->","yoast_head_json":{"title":"Mobile Devices for Explosion Hazard Zones | CORONA Service","description":"Official distributor of I.safe in Eastern Europe. Ex ATEX phones in explosion-proof design and certified for industrial and mining areas.","robots":{"index":"index","follow":"follow","max-snippet":"max-snippet:-1","max-image-preview":"max-image-preview:large","max-video-preview":"max-video-preview:-1"},"canonical":"https:\/\/corona1.eu\/en\/mobile-devices-for-explosion-hazard-zones\/","og_locale":"en_US","og_type":"article","og_title":"Mobile Devices for Explosion Hazard Zones | CORONA Service","og_description":"Official distributor of I.safe in Eastern Europe. Ex ATEX phones in explosion-proof design and certified for industrial and mining areas.","og_url":"https:\/\/corona1.eu\/en\/mobile-devices-for-explosion-hazard-zones\/","og_site_name":"CORONA Service","article_modified_time":"2026-04-09T09:41:19+00:00","og_image":[{"width":889,"height":500,"url":"https:\/\/corona1.eu\/en\/wp-content\/uploads\/sites\/2\/2025\/08\/grupa_telefony16x9.png","type":"image\/png"}],"twitter_card":"summary_large_image","twitter_misc":{"Est. reading time":"2 minutes"},"schema":{"@context":"https:\/\/schema.org","@graph":[{"@type":["WebPage","FAQPage"],"@id":"https:\/\/corona1.eu\/en\/mobile-devices-for-explosion-hazard-zones\/","url":"https:\/\/corona1.eu\/en\/mobile-devices-for-explosion-hazard-zones\/","name":"Mobile Devices for Explosion Hazard Zones | CORONA Service","isPartOf":{"@id":"https:\/\/corona1.eu\/en\/#website"},"primaryImageOfPage":{"@id":"https:\/\/corona1.eu\/en\/mobile-devices-for-explosion-hazard-zones\/#primaryimage"},"image":{"@id":"https:\/\/corona1.eu\/en\/mobile-devices-for-explosion-hazard-zones\/#primaryimage"},"thumbnailUrl":"https:\/\/corona1.eu\/en\/wp-content\/uploads\/sites\/2\/2025\/08\/grupa_telefony16x9.png","datePublished":"2025-08-28T09:45:51+00:00","dateModified":"2026-04-09T09:41:19+00:00","description":"Official distributor of I.safe in Eastern Europe. Ex ATEX phones in explosion-proof design and certified for industrial and mining areas.","breadcrumb":{"@id":"https:\/\/corona1.eu\/en\/mobile-devices-for-explosion-hazard-zones\/#breadcrumb"},"mainEntity":[{"@id":"https:\/\/corona1.eu\/en\/mobile-devices-for-explosion-hazard-zones\/#faq-question-1662982722589"},{"@id":"https:\/\/corona1.eu\/en\/mobile-devices-for-explosion-hazard-zones\/#faq-question-1662982728778"}],"inLanguage":"en-US","potentialAction":[{"@type":"ReadAction","target":["https:\/\/corona1.eu\/en\/mobile-devices-for-explosion-hazard-zones\/"]}]},{"@type":"ImageObject","inLanguage":"en-US","@id":"https:\/\/corona1.eu\/en\/mobile-devices-for-explosion-hazard-zones\/#primaryimage","url":"https:\/\/corona1.eu\/en\/wp-content\/uploads\/sites\/2\/2025\/08\/grupa_telefony16x9.png","contentUrl":"https:\/\/corona1.eu\/en\/wp-content\/uploads\/sites\/2\/2025\/08\/grupa_telefony16x9.png","width":889,"height":500},{"@type":"BreadcrumbList","@id":"https:\/\/corona1.eu\/en\/mobile-devices-for-explosion-hazard-zones\/#breadcrumb","itemListElement":[{"@type":"ListItem","position":1,"name":"Home","item":"https:\/\/corona1.eu\/en\/"},{"@type":"ListItem","position":2,"name":"Mobile Devices for Explosion Hazard Zones"}]},{"@type":"WebSite","@id":"https:\/\/corona1.eu\/en\/#website","url":"https:\/\/corona1.eu\/en\/","name":"CORONA Service","description":"","potentialAction":[{"@type":"SearchAction","target":{"@type":"EntryPoint","urlTemplate":"https:\/\/corona1.eu\/en\/?s={search_term_string}"},"query-input":{"@type":"PropertyValueSpecification","valueRequired":true,"valueName":"search_term_string"}}],"inLanguage":"en-US"},{"@type":"Question","@id":"https:\/\/corona1.eu\/en\/mobile-devices-for-explosion-hazard-zones\/#faq-question-1662982722589","position":1,"url":"https:\/\/corona1.eu\/en\/mobile-devices-for-explosion-hazard-zones\/#faq-question-1662982722589","name":"Zastosowanie","answerCount":1,"acceptedAnswer":{"@type":"Answer","text":"Wysokiej jako\u015bci telefony kom\u00f3rkowe, smartfony, tablety czy urz\u0105dzenia multifunkcyjne w wykonaniu Ex s\u0105 dost\u0119pne dla obszar\u00f3w obj\u0119tych stref\u0105 1\/21 i stref\u0105 2\/22. Dla przemys\u0142y g\u00f3rniczego oferujemy urz\u0105dzenia w wykonaniu I M1. Wybrane urz\u0105dzenia s\u0105 r\u00f3wnie\u017c dost\u0119pne w wykonaniu przemys\u0142owym z przeznaczeniem do pracy w wyj\u0105tkowo surowych warunkach u\u017cytkowania.","inLanguage":"en-US"},"inLanguage":"en-US"},{"@type":"Question","@id":"https:\/\/corona1.eu\/en\/mobile-devices-for-explosion-hazard-zones\/#faq-question-1662982728778","position":2,"url":"https:\/\/corona1.eu\/en\/mobile-devices-for-explosion-hazard-zones\/#faq-question-1662982728778","name":"W\u0142a\u015bciwo\u015bci","answerCount":1,"acceptedAnswer":{"@type":"Answer","text":"Wszystkie urz\u0105dzenia i.safe MOBILE pracuj\u0105 w oparciu o system operacyjnym Android\u2122, ponadto wyposa\u017cone s\u0105 w standardowe rozwi\u0105zania takie jak Bluetooth i Wi-Fi oraz oferuj\u0105 szeroki zakres funkcji dodatkowych. Nale\u017c\u0105 do nich m.in. indywidualnie przypisywane przyciski, przycisk SOS, (przygotowanie do Push-to-Talk i Loneworker Protection (LWP)), wzmocnione g\u0142o\u015bniki, NFC czy wy\u015bwietlacze, kt\u00f3re mo\u017cna obs\u0142ugiwa\u0107 w r\u0119kawicach.","inLanguage":"en-US"},"inLanguage":"en-US"}]}},"_links":{"self":[{"href":"https:\/\/corona1.eu\/en\/wp-json\/wp\/v2\/pages\/800","targetHints":{"allow":["GET"]}}],"collection":[{"href":"https:\/\/corona1.eu\/en\/wp-json\/wp\/v2\/pages"}],"about":[{"href":"https:\/\/corona1.eu\/en\/wp-json\/wp\/v2\/types\/page"}],"author":[{"embeddable":true,"href":"https:\/\/corona1.eu\/en\/wp-json\/wp\/v2\/users\/1"}],"replies":[{"embeddable":true,"href":"https:\/\/corona1.eu\/en\/wp-json\/wp\/v2\/comments?post=800"}],"version-history":[{"count":2,"href":"https:\/\/corona1.eu\/en\/wp-json\/wp\/v2\/pages\/800\/revisions"}],"predecessor-version":[{"id":803,"href":"https:\/\/corona1.eu\/en\/wp-json\/wp\/v2\/pages\/800\/revisions\/803"}],"wp:featuredmedia":[{"embeddable":true,"href":"https:\/\/corona1.eu\/en\/wp-json\/wp\/v2\/media\/801"}],"wp:attachment":[{"href":"https:\/\/corona1.eu\/en\/wp-json\/wp\/v2\/media?parent=800"}],"wp:term":[{"taxonomy":"category","embeddable":true,"href":"https:\/\/corona1.eu\/en\/wp-json\/wp\/v2\/categories?post=800"},{"taxonomy":"post_tag","embeddable":true,"href":"https:\/\/corona1.eu\/en\/wp-json\/wp\/v2\/tags?post=800"}],"curies":[{"name":"wp","href":"https:\/\/api.w.org\/{rel}","templated":true}]}}