{"id":590,"date":"2025-05-08T11:25:31","date_gmt":"2025-05-08T09:25:31","guid":{"rendered":"https:\/\/corona1.eu\/en\/?page_id=590"},"modified":"2026-04-09T13:19:22","modified_gmt":"2026-04-09T11:19:22","slug":"flameless-relief-flame-arresters","status":"publish","type":"page","link":"https:\/\/corona1.eu\/en\/flameless-relief-flame-arresters\/","title":{"rendered":"Flameless explosion venting"},"content":{"rendered":"\n<p>Flameless venting is a safety system used to prevent fires and explosions in storage tanks and other vessels containing flammable liquids and gases. Flame arresters are installed on top of explosion-proof dampers and contain multiple layers of high-temperature stainless steel mesh that absorb the heat of deflagration. By cooling the deflagration below the ignition temperature of the fuel, combustion is stopped and only pressure escapes from the device.<\/p>\n\n\n\n<figure class=\"wp-block-image size-large\"><img decoding=\"async\" src=\"https:\/\/www.corona1.eu\/wp-content\/uploads\/2023\/11\/dobrze_dobrany_przerywacz.gif\" alt=\"bezp\u0142omieniowe odci\u0105\u017canie\"\/><\/figure>\n\n\n\n<p>Flameless venting is widely used in the chemical, petrochemical and pharmaceutical industries to ensure the safe storage, handling and transportation of flammable liquids and gases. It is a reliable and effective method of reducing the risk of fire and explosion and protecting workers, equipment and the environment.<\/p>\n","protected":false},"excerpt":{"rendered":"<p>Flameless venting is a safety system used to prevent fires and explosions in storage tanks [&hellip;]<\/p>\n","protected":false},"author":1,"featured_media":592,"parent":0,"menu_order":0,"comment_status":"closed","ping_status":"closed","template":"kg_products_list_template.php","meta":{"pgc_sgb_lightbox_settings":"","footnotes":""},"categories":[23,9],"tags":[],"class_list":["post-590","page","type-page","status-publish","has-post-thumbnail","hentry","category-firebreaks","category-zprodukty"],"yoast_head":"<!-- This site is optimized with the Yoast SEO plugin v27.4 - https:\/\/yoast.com\/product\/yoast-seo-wordpress\/ -->\n<title>Flameless explosion venting | CORONA Service<\/title>\n<meta name=\"description\" content=\"Fire arresters installed on the upper surface of explosion vents provide additional protection.\" \/>\n<meta name=\"robots\" content=\"index, follow, max-snippet:-1, max-image-preview:large, max-video-preview:-1\" \/>\n<link rel=\"canonical\" href=\"https:\/\/corona1.eu\/en\/flameless-relief-flame-arresters\/\" \/>\n<meta property=\"og:locale\" content=\"en_US\" \/>\n<meta property=\"og:type\" content=\"article\" \/>\n<meta property=\"og:title\" content=\"Flameless explosion venting | CORONA Service\" \/>\n<meta property=\"og:description\" content=\"Fire arresters installed on the upper surface of explosion vents provide additional protection.\" \/>\n<meta property=\"og:url\" content=\"https:\/\/corona1.eu\/en\/flameless-relief-flame-arresters\/\" \/>\n<meta property=\"og:site_name\" content=\"CORONA Service\" \/>\n<meta property=\"article:modified_time\" content=\"2026-04-09T11:19:22+00:00\" \/>\n<meta property=\"og:image\" content=\"https:\/\/corona1.eu\/en\/wp-content\/uploads\/sites\/2\/2025\/05\/grupa_przerywacze_ognia_16x9.png\" \/>\n\t<meta property=\"og:image:width\" content=\"889\" \/>\n\t<meta property=\"og:image:height\" content=\"500\" \/>\n\t<meta property=\"og:image:type\" content=\"image\/png\" \/>\n<meta name=\"twitter:card\" content=\"summary_large_image\" \/>\n<meta name=\"twitter:label1\" content=\"Est. reading time\" \/>\n\t<meta name=\"twitter:data1\" content=\"1 minute\" \/>\n<script type=\"application\/ld+json\" class=\"yoast-schema-graph\">{\"@context\":\"https:\\\/\\\/schema.org\",\"@graph\":[{\"@type\":\"WebPage\",\"@id\":\"https:\\\/\\\/corona1.eu\\\/en\\\/flameless-relief-flame-arresters\\\/\",\"url\":\"https:\\\/\\\/corona1.eu\\\/en\\\/flameless-relief-flame-arresters\\\/\",\"name\":\"Flameless explosion venting | CORONA Service\",\"isPartOf\":{\"@id\":\"https:\\\/\\\/corona1.eu\\\/en\\\/#website\"},\"primaryImageOfPage\":{\"@id\":\"https:\\\/\\\/corona1.eu\\\/en\\\/flameless-relief-flame-arresters\\\/#primaryimage\"},\"image\":{\"@id\":\"https:\\\/\\\/corona1.eu\\\/en\\\/flameless-relief-flame-arresters\\\/#primaryimage\"},\"thumbnailUrl\":\"https:\\\/\\\/corona1.eu\\\/en\\\/wp-content\\\/uploads\\\/sites\\\/2\\\/2025\\\/05\\\/grupa_przerywacze_ognia_16x9.png\",\"datePublished\":\"2025-05-08T09:25:31+00:00\",\"dateModified\":\"2026-04-09T11:19:22+00:00\",\"description\":\"Fire arresters installed on the upper surface of explosion vents provide additional protection.\",\"breadcrumb\":{\"@id\":\"https:\\\/\\\/corona1.eu\\\/en\\\/flameless-relief-flame-arresters\\\/#breadcrumb\"},\"inLanguage\":\"en-US\",\"potentialAction\":[{\"@type\":\"ReadAction\",\"target\":[\"https:\\\/\\\/corona1.eu\\\/en\\\/flameless-relief-flame-arresters\\\/\"]}]},{\"@type\":\"ImageObject\",\"inLanguage\":\"en-US\",\"@id\":\"https:\\\/\\\/corona1.eu\\\/en\\\/flameless-relief-flame-arresters\\\/#primaryimage\",\"url\":\"https:\\\/\\\/corona1.eu\\\/en\\\/wp-content\\\/uploads\\\/sites\\\/2\\\/2025\\\/05\\\/grupa_przerywacze_ognia_16x9.png\",\"contentUrl\":\"https:\\\/\\\/corona1.eu\\\/en\\\/wp-content\\\/uploads\\\/sites\\\/2\\\/2025\\\/05\\\/grupa_przerywacze_ognia_16x9.png\",\"width\":889,\"height\":500},{\"@type\":\"BreadcrumbList\",\"@id\":\"https:\\\/\\\/corona1.eu\\\/en\\\/flameless-relief-flame-arresters\\\/#breadcrumb\",\"itemListElement\":[{\"@type\":\"ListItem\",\"position\":1,\"name\":\"Home\",\"item\":\"https:\\\/\\\/corona1.eu\\\/en\\\/\"},{\"@type\":\"ListItem\",\"position\":2,\"name\":\"Flameless explosion venting\"}]},{\"@type\":\"WebSite\",\"@id\":\"https:\\\/\\\/corona1.eu\\\/en\\\/#website\",\"url\":\"https:\\\/\\\/corona1.eu\\\/en\\\/\",\"name\":\"CORONA Service\",\"description\":\"\",\"potentialAction\":[{\"@type\":\"SearchAction\",\"target\":{\"@type\":\"EntryPoint\",\"urlTemplate\":\"https:\\\/\\\/corona1.eu\\\/en\\\/?s={search_term_string}\"},\"query-input\":{\"@type\":\"PropertyValueSpecification\",\"valueRequired\":true,\"valueName\":\"search_term_string\"}}],\"inLanguage\":\"en-US\"}]}<\/script>\n<!-- \/ Yoast SEO plugin. -->","yoast_head_json":{"title":"Flameless explosion venting | CORONA Service","description":"Fire arresters installed on the upper surface of explosion vents provide additional protection.","robots":{"index":"index","follow":"follow","max-snippet":"max-snippet:-1","max-image-preview":"max-image-preview:large","max-video-preview":"max-video-preview:-1"},"canonical":"https:\/\/corona1.eu\/en\/flameless-relief-flame-arresters\/","og_locale":"en_US","og_type":"article","og_title":"Flameless explosion venting | CORONA Service","og_description":"Fire arresters installed on the upper surface of explosion vents provide additional protection.","og_url":"https:\/\/corona1.eu\/en\/flameless-relief-flame-arresters\/","og_site_name":"CORONA Service","article_modified_time":"2026-04-09T11:19:22+00:00","og_image":[{"width":889,"height":500,"url":"https:\/\/corona1.eu\/en\/wp-content\/uploads\/sites\/2\/2025\/05\/grupa_przerywacze_ognia_16x9.png","type":"image\/png"}],"twitter_card":"summary_large_image","twitter_misc":{"Est. reading time":"1 minute"},"schema":{"@context":"https:\/\/schema.org","@graph":[{"@type":"WebPage","@id":"https:\/\/corona1.eu\/en\/flameless-relief-flame-arresters\/","url":"https:\/\/corona1.eu\/en\/flameless-relief-flame-arresters\/","name":"Flameless explosion venting | CORONA Service","isPartOf":{"@id":"https:\/\/corona1.eu\/en\/#website"},"primaryImageOfPage":{"@id":"https:\/\/corona1.eu\/en\/flameless-relief-flame-arresters\/#primaryimage"},"image":{"@id":"https:\/\/corona1.eu\/en\/flameless-relief-flame-arresters\/#primaryimage"},"thumbnailUrl":"https:\/\/corona1.eu\/en\/wp-content\/uploads\/sites\/2\/2025\/05\/grupa_przerywacze_ognia_16x9.png","datePublished":"2025-05-08T09:25:31+00:00","dateModified":"2026-04-09T11:19:22+00:00","description":"Fire arresters installed on the upper surface of explosion vents provide additional protection.","breadcrumb":{"@id":"https:\/\/corona1.eu\/en\/flameless-relief-flame-arresters\/#breadcrumb"},"inLanguage":"en-US","potentialAction":[{"@type":"ReadAction","target":["https:\/\/corona1.eu\/en\/flameless-relief-flame-arresters\/"]}]},{"@type":"ImageObject","inLanguage":"en-US","@id":"https:\/\/corona1.eu\/en\/flameless-relief-flame-arresters\/#primaryimage","url":"https:\/\/corona1.eu\/en\/wp-content\/uploads\/sites\/2\/2025\/05\/grupa_przerywacze_ognia_16x9.png","contentUrl":"https:\/\/corona1.eu\/en\/wp-content\/uploads\/sites\/2\/2025\/05\/grupa_przerywacze_ognia_16x9.png","width":889,"height":500},{"@type":"BreadcrumbList","@id":"https:\/\/corona1.eu\/en\/flameless-relief-flame-arresters\/#breadcrumb","itemListElement":[{"@type":"ListItem","position":1,"name":"Home","item":"https:\/\/corona1.eu\/en\/"},{"@type":"ListItem","position":2,"name":"Flameless explosion venting"}]},{"@type":"WebSite","@id":"https:\/\/corona1.eu\/en\/#website","url":"https:\/\/corona1.eu\/en\/","name":"CORONA Service","description":"","potentialAction":[{"@type":"SearchAction","target":{"@type":"EntryPoint","urlTemplate":"https:\/\/corona1.eu\/en\/?s={search_term_string}"},"query-input":{"@type":"PropertyValueSpecification","valueRequired":true,"valueName":"search_term_string"}}],"inLanguage":"en-US"}]}},"_links":{"self":[{"href":"https:\/\/corona1.eu\/en\/wp-json\/wp\/v2\/pages\/590","targetHints":{"allow":["GET"]}}],"collection":[{"href":"https:\/\/corona1.eu\/en\/wp-json\/wp\/v2\/pages"}],"about":[{"href":"https:\/\/corona1.eu\/en\/wp-json\/wp\/v2\/types\/page"}],"author":[{"embeddable":true,"href":"https:\/\/corona1.eu\/en\/wp-json\/wp\/v2\/users\/1"}],"replies":[{"embeddable":true,"href":"https:\/\/corona1.eu\/en\/wp-json\/wp\/v2\/comments?post=590"}],"version-history":[{"count":4,"href":"https:\/\/corona1.eu\/en\/wp-json\/wp\/v2\/pages\/590\/revisions"}],"predecessor-version":[{"id":1030,"href":"https:\/\/corona1.eu\/en\/wp-json\/wp\/v2\/pages\/590\/revisions\/1030"}],"wp:featuredmedia":[{"embeddable":true,"href":"https:\/\/corona1.eu\/en\/wp-json\/wp\/v2\/media\/592"}],"wp:attachment":[{"href":"https:\/\/corona1.eu\/en\/wp-json\/wp\/v2\/media?parent=590"}],"wp:term":[{"taxonomy":"category","embeddable":true,"href":"https:\/\/corona1.eu\/en\/wp-json\/wp\/v2\/categories?post=590"},{"taxonomy":"post_tag","embeddable":true,"href":"https:\/\/corona1.eu\/en\/wp-json\/wp\/v2\/tags?post=590"}],"curies":[{"name":"wp","href":"https:\/\/api.w.org\/{rel}","templated":true}]}}