{"id":97,"date":"2025-02-27T10:55:45","date_gmt":"2025-02-27T09:55:45","guid":{"rendered":"https:\/\/corona1.eu\/de\/?page_id=97"},"modified":"2025-02-27T15:19:44","modified_gmt":"2025-02-27T14:19:44","slug":"explosionsdruckentlastung-cv","status":"publish","type":"page","link":"https:\/\/corona1.eu\/de\/explosionsdruckentlastung\/explosionsdruckentlastung-cv\/","title":{"rendered":"Explosionsdruckentlastung CV"},"content":{"rendered":"\n<p>Fike &#8211; <strong>Explosionsdruckentlastung \/ Dekompressionspaneele<\/strong> vom Typ CV sind hochfeste Verbundmembranen.<\/p>\n\n\n\n<p>Die explosionssicheren Membranen des Typs CV sind leichte Sicherheitsklappen, die f\u00fcr den splitterfreien Bruch und den Schutz von Ger\u00e4ten in der Industrie entwickelt wurden. Die Explosionsschutzklappen erf\u00fcllen alle Anforderungen der EN 14797, (Europ\u00e4ische Norm f\u00fcr Explosionsentlastungsvorrichtungen) und NFPA 68, der bekanntesten Richtlinie f\u00fcr die Ableitung von Explosionen und Verpuffungen.<\/p>\n\n\n\n<h3 class=\"wp-block-heading\">Merkmale:<\/h3>\n\n\n\n<p>CV-Klappen sind ideal f\u00fcr kleine und leichte Pulsationen und garantieren durch ihre einzigartige Konstruktion eine lange Lebensdauer.<\/p>\n\n\n\n<p>CV-Explosionsklappen sind in den folgenden charakteristischen Typen erh\u00e4ltlich, die jeweils ideale L\u00f6sungen f\u00fcr bestimmte Anwendungen oder Branchen bieten.<\/p>\n\n\n\n<h3 class=\"wp-block-heading\">CV\u2122- und CV-S\u2122 &#8211; Explosionsdruckentlastungen<\/h3>\n\n\n\n<p>Die nicht fragmentierende Unterhaltungstafel ist eine hochwertige Sicherheitstafel, die von Fike entwickelt wurde, um den h\u00f6chsten Schutz f\u00fcr Industrieanlagen zu bieten.<\/p>\n\n\n\n<div class=\"wp-block-columns is-layout-flex wp-container-core-columns-is-layout-9d6595d7 wp-block-columns-is-layout-flex\">\n<div class=\"wp-block-column is-vertically-aligned-top is-layout-flow wp-block-column-is-layout-flow\">\n<h4 class=\"wp-block-heading\">CV\u2122<\/h4>\n\n\n\n<p>Er wird in den meisten industriellen Anwendungen eingesetzt, bei denen der Betriebsdruck dem atmosph\u00e4rischen Druck entspricht.<\/p>\n\n\n\n<figure class=\"wp-block-image size-large\"><img decoding=\"async\" src=\"https:\/\/corona1.eu\/wp-content\/uploads\/2022\/08\/Plyta_bezpieczenstwa_CV-SF-1024x994.png\" alt=\"\"\/><\/figure>\n<\/div>\n\n\n\n<div class=\"wp-block-column is-layout-flow wp-block-column-is-layout-flow\">\n<h4 class=\"wp-block-heading\">CV-S\u2122<\/h4>\n\n\n\n<p>Er wird in industriellen Anwendungen eingesetzt, bei denen der Betriebsdruckbereich nahe dem Berstdruck liegt, oder bei Anwendungen, bei denen ein Vakuum vorhanden sein kann.<\/p>\n\n\n\n<figure class=\"wp-block-image size-large\"><img decoding=\"async\" src=\"https:\/\/corona1.eu\/wp-content\/uploads\/2022\/08\/Plyta_bezpieczenstwa_CVS-1024x994.png\" alt=\"\"\/><\/figure>\n<\/div>\n<\/div>\n","protected":false},"excerpt":{"rendered":"<p>Fike &#8211; Explosionsdruckentlastung \/ Dekompressionspaneele vom Typ CV sind hochfeste Verbundmembranen. Die explosionssicheren Membranen des [&hellip;]<\/p>\n","protected":false},"author":1,"featured_media":98,"parent":116,"menu_order":0,"comment_status":"closed","ping_status":"closed","template":"kg_products_template.php","meta":{"pgc_sgb_lightbox_settings":"","footnotes":""},"categories":[15],"tags":[],"class_list":["post-97","page","type-page","status-publish","has-post-thumbnail","hentry","category-explosionsdruckentlastung"],"yoast_head":"<!-- This site is optimized with the Yoast SEO plugin v27.1.1 - https:\/\/yoast.com\/product\/yoast-seo-wordpress\/ -->\n<title>Explosionsdruckentlastung CV - CORONA Serwis<\/title>\n<meta name=\"robots\" content=\"index, follow, max-snippet:-1, max-image-preview:large, max-video-preview:-1\" \/>\n<link rel=\"canonical\" href=\"https:\/\/corona1.eu\/de\/explosionsdruckentlastung\/explosionsdruckentlastung-cv\/\" \/>\n<meta property=\"og:locale\" content=\"de_DE\" \/>\n<meta property=\"og:type\" content=\"article\" \/>\n<meta property=\"og:title\" content=\"Explosionsdruckentlastung CV - CORONA Serwis\" \/>\n<meta property=\"og:description\" content=\"Fike &#8211; Explosionsdruckentlastung \/ Dekompressionspaneele vom Typ CV sind hochfeste Verbundmembranen. Die explosionssicheren Membranen des [&hellip;]\" \/>\n<meta property=\"og:url\" content=\"https:\/\/corona1.eu\/de\/explosionsdruckentlastung\/explosionsdruckentlastung-cv\/\" \/>\n<meta property=\"og:site_name\" content=\"CORONA Serwis\" \/>\n<meta property=\"article:modified_time\" content=\"2025-02-27T14:19:44+00:00\" \/>\n<meta property=\"og:image\" content=\"https:\/\/corona1.eu\/de\/wp-content\/uploads\/2025\/02\/Plyta_bezpieczenstwa_CV-SF.png\" \/>\n\t<meta property=\"og:image:width\" content=\"3092\" \/>\n\t<meta property=\"og:image:height\" content=\"3000\" \/>\n\t<meta property=\"og:image:type\" content=\"image\/png\" \/>\n<meta name=\"twitter:card\" content=\"summary_large_image\" \/>\n<meta name=\"twitter:label1\" content=\"Gesch\u00e4tzte Lesezeit\" \/>\n\t<meta name=\"twitter:data1\" content=\"2\u00a0Minuten\" \/>\n<script type=\"application\/ld+json\" class=\"yoast-schema-graph\">{\"@context\":\"https:\/\/schema.org\",\"@graph\":[{\"@type\":\"WebPage\",\"@id\":\"https:\/\/corona1.eu\/de\/explosionsdruckentlastung\/explosionsdruckentlastung-cv\/\",\"url\":\"https:\/\/corona1.eu\/de\/explosionsdruckentlastung\/explosionsdruckentlastung-cv\/\",\"name\":\"Explosionsdruckentlastung CV - CORONA Serwis\",\"isPartOf\":{\"@id\":\"https:\/\/corona1.eu\/de\/#website\"},\"primaryImageOfPage\":{\"@id\":\"https:\/\/corona1.eu\/de\/explosionsdruckentlastung\/explosionsdruckentlastung-cv\/#primaryimage\"},\"image\":{\"@id\":\"https:\/\/corona1.eu\/de\/explosionsdruckentlastung\/explosionsdruckentlastung-cv\/#primaryimage\"},\"thumbnailUrl\":\"https:\/\/corona1.eu\/de\/wp-content\/uploads\/2025\/02\/Plyta_bezpieczenstwa_CV-SF.png\",\"datePublished\":\"2025-02-27T09:55:45+00:00\",\"dateModified\":\"2025-02-27T14:19:44+00:00\",\"breadcrumb\":{\"@id\":\"https:\/\/corona1.eu\/de\/explosionsdruckentlastung\/explosionsdruckentlastung-cv\/#breadcrumb\"},\"inLanguage\":\"de\",\"potentialAction\":[{\"@type\":\"ReadAction\",\"target\":[\"https:\/\/corona1.eu\/de\/explosionsdruckentlastung\/explosionsdruckentlastung-cv\/\"]}]},{\"@type\":\"ImageObject\",\"inLanguage\":\"de\",\"@id\":\"https:\/\/corona1.eu\/de\/explosionsdruckentlastung\/explosionsdruckentlastung-cv\/#primaryimage\",\"url\":\"https:\/\/corona1.eu\/de\/wp-content\/uploads\/2025\/02\/Plyta_bezpieczenstwa_CV-SF.png\",\"contentUrl\":\"https:\/\/corona1.eu\/de\/wp-content\/uploads\/2025\/02\/Plyta_bezpieczenstwa_CV-SF.png\",\"width\":3092,\"height\":3000},{\"@type\":\"BreadcrumbList\",\"@id\":\"https:\/\/corona1.eu\/de\/explosionsdruckentlastung\/explosionsdruckentlastung-cv\/#breadcrumb\",\"itemListElement\":[{\"@type\":\"ListItem\",\"position\":1,\"name\":\"Startseite\",\"item\":\"https:\/\/corona1.eu\/de\/\"},{\"@type\":\"ListItem\",\"position\":2,\"name\":\"Explosionsdruckentlastung\",\"item\":\"https:\/\/corona1.eu\/de\/explosionsdruckentlastung\/\"},{\"@type\":\"ListItem\",\"position\":3,\"name\":\"Explosionsdruckentlastung CV\"}]},{\"@type\":\"WebSite\",\"@id\":\"https:\/\/corona1.eu\/de\/#website\",\"url\":\"https:\/\/corona1.eu\/de\/\",\"name\":\"CORONA Serwis\",\"description\":\"\",\"potentialAction\":[{\"@type\":\"SearchAction\",\"target\":{\"@type\":\"EntryPoint\",\"urlTemplate\":\"https:\/\/corona1.eu\/de\/?s={search_term_string}\"},\"query-input\":{\"@type\":\"PropertyValueSpecification\",\"valueRequired\":true,\"valueName\":\"search_term_string\"}}],\"inLanguage\":\"de\"}]}<\/script>\n<!-- \/ Yoast SEO plugin. -->","yoast_head_json":{"title":"Explosionsdruckentlastung CV - CORONA Serwis","robots":{"index":"index","follow":"follow","max-snippet":"max-snippet:-1","max-image-preview":"max-image-preview:large","max-video-preview":"max-video-preview:-1"},"canonical":"https:\/\/corona1.eu\/de\/explosionsdruckentlastung\/explosionsdruckentlastung-cv\/","og_locale":"de_DE","og_type":"article","og_title":"Explosionsdruckentlastung CV - CORONA Serwis","og_description":"Fike &#8211; Explosionsdruckentlastung \/ Dekompressionspaneele vom Typ CV sind hochfeste Verbundmembranen. Die explosionssicheren Membranen des [&hellip;]","og_url":"https:\/\/corona1.eu\/de\/explosionsdruckentlastung\/explosionsdruckentlastung-cv\/","og_site_name":"CORONA Serwis","article_modified_time":"2025-02-27T14:19:44+00:00","og_image":[{"width":3092,"height":3000,"url":"https:\/\/corona1.eu\/de\/wp-content\/uploads\/2025\/02\/Plyta_bezpieczenstwa_CV-SF.png","type":"image\/png"}],"twitter_card":"summary_large_image","twitter_misc":{"Gesch\u00e4tzte Lesezeit":"2\u00a0Minuten"},"schema":{"@context":"https:\/\/schema.org","@graph":[{"@type":"WebPage","@id":"https:\/\/corona1.eu\/de\/explosionsdruckentlastung\/explosionsdruckentlastung-cv\/","url":"https:\/\/corona1.eu\/de\/explosionsdruckentlastung\/explosionsdruckentlastung-cv\/","name":"Explosionsdruckentlastung CV - CORONA Serwis","isPartOf":{"@id":"https:\/\/corona1.eu\/de\/#website"},"primaryImageOfPage":{"@id":"https:\/\/corona1.eu\/de\/explosionsdruckentlastung\/explosionsdruckentlastung-cv\/#primaryimage"},"image":{"@id":"https:\/\/corona1.eu\/de\/explosionsdruckentlastung\/explosionsdruckentlastung-cv\/#primaryimage"},"thumbnailUrl":"https:\/\/corona1.eu\/de\/wp-content\/uploads\/2025\/02\/Plyta_bezpieczenstwa_CV-SF.png","datePublished":"2025-02-27T09:55:45+00:00","dateModified":"2025-02-27T14:19:44+00:00","breadcrumb":{"@id":"https:\/\/corona1.eu\/de\/explosionsdruckentlastung\/explosionsdruckentlastung-cv\/#breadcrumb"},"inLanguage":"de","potentialAction":[{"@type":"ReadAction","target":["https:\/\/corona1.eu\/de\/explosionsdruckentlastung\/explosionsdruckentlastung-cv\/"]}]},{"@type":"ImageObject","inLanguage":"de","@id":"https:\/\/corona1.eu\/de\/explosionsdruckentlastung\/explosionsdruckentlastung-cv\/#primaryimage","url":"https:\/\/corona1.eu\/de\/wp-content\/uploads\/2025\/02\/Plyta_bezpieczenstwa_CV-SF.png","contentUrl":"https:\/\/corona1.eu\/de\/wp-content\/uploads\/2025\/02\/Plyta_bezpieczenstwa_CV-SF.png","width":3092,"height":3000},{"@type":"BreadcrumbList","@id":"https:\/\/corona1.eu\/de\/explosionsdruckentlastung\/explosionsdruckentlastung-cv\/#breadcrumb","itemListElement":[{"@type":"ListItem","position":1,"name":"Startseite","item":"https:\/\/corona1.eu\/de\/"},{"@type":"ListItem","position":2,"name":"Explosionsdruckentlastung","item":"https:\/\/corona1.eu\/de\/explosionsdruckentlastung\/"},{"@type":"ListItem","position":3,"name":"Explosionsdruckentlastung CV"}]},{"@type":"WebSite","@id":"https:\/\/corona1.eu\/de\/#website","url":"https:\/\/corona1.eu\/de\/","name":"CORONA Serwis","description":"","potentialAction":[{"@type":"SearchAction","target":{"@type":"EntryPoint","urlTemplate":"https:\/\/corona1.eu\/de\/?s={search_term_string}"},"query-input":{"@type":"PropertyValueSpecification","valueRequired":true,"valueName":"search_term_string"}}],"inLanguage":"de"}]}},"_links":{"self":[{"href":"https:\/\/corona1.eu\/de\/wp-json\/wp\/v2\/pages\/97","targetHints":{"allow":["GET"]}}],"collection":[{"href":"https:\/\/corona1.eu\/de\/wp-json\/wp\/v2\/pages"}],"about":[{"href":"https:\/\/corona1.eu\/de\/wp-json\/wp\/v2\/types\/page"}],"author":[{"embeddable":true,"href":"https:\/\/corona1.eu\/de\/wp-json\/wp\/v2\/users\/1"}],"replies":[{"embeddable":true,"href":"https:\/\/corona1.eu\/de\/wp-json\/wp\/v2\/comments?post=97"}],"version-history":[{"count":1,"href":"https:\/\/corona1.eu\/de\/wp-json\/wp\/v2\/pages\/97\/revisions"}],"predecessor-version":[{"id":99,"href":"https:\/\/corona1.eu\/de\/wp-json\/wp\/v2\/pages\/97\/revisions\/99"}],"up":[{"embeddable":true,"href":"https:\/\/corona1.eu\/de\/wp-json\/wp\/v2\/pages\/116"}],"wp:featuredmedia":[{"embeddable":true,"href":"https:\/\/corona1.eu\/de\/wp-json\/wp\/v2\/media\/98"}],"wp:attachment":[{"href":"https:\/\/corona1.eu\/de\/wp-json\/wp\/v2\/media?parent=97"}],"wp:term":[{"taxonomy":"category","embeddable":true,"href":"https:\/\/corona1.eu\/de\/wp-json\/wp\/v2\/categories?post=97"},{"taxonomy":"post_tag","embeddable":true,"href":"https:\/\/corona1.eu\/de\/wp-json\/wp\/v2\/tags?post=97"}],"curies":[{"name":"wp","href":"https:\/\/api.w.org\/{rel}","templated":true}]}}