{"id":93,"date":"2025-02-27T10:06:30","date_gmt":"2025-02-27T09:06:30","guid":{"rendered":"https:\/\/corona1.eu\/de\/?page_id=93"},"modified":"2025-02-27T15:19:25","modified_gmt":"2025-02-27T14:19:25","slug":"explosionsdruckentlastung-vv-s","status":"publish","type":"page","link":"https:\/\/corona1.eu\/de\/explosionsdruckentlastung\/explosionsdruckentlastung-vv-s\/","title":{"rendered":"Explosionsdruckentlastung VV-S"},"content":{"rendered":"\n<p><strong>Explosionsdruckentlastung VV-S <\/strong>ist eine Verbundmembran (sst\/tef\/sst) mit hoher Festigkeit.<\/p>\n\n\n\n<p>Er wurde so konstruiert, dass er bei Explosionen in Industrieanlagen ohne Fragmentierung funktioniert. Er erf\u00fcllt alle Anforderungen der EN 14797, der europ\u00e4ischen Norm f\u00fcr die Explosionsableitung, und entspricht auch der US-Richtlinie NFPA 68 zur Explosionsableitung.<\/p>\n\n\n\n<p>Die Platte zeichnet sich durch eine lange Lebensdauer bei Vakuum, zyklischen Pulsationen und hohen Betriebsdr\u00fccken aus.<\/p>\n\n\n\n<h3 class=\"wp-block-heading\">Merkmale:<\/h3>\n\n\n\n<ul class=\"wp-block-list\">\n<li>Der Typ VV-S zeichnet sich durch einen Wirkungsgrad von 100 % aus, der den Richtlinien der Norm EN 14797 entspricht.<\/li>\n\n\n\n<li>Der Berstdruck Pstat wird durch zerst\u00f6rende Pr\u00fcfungen ermittelt und ist nach der entsprechenden Norm zertifiziert.<\/li>\n\n\n\n<li>VV-S-Sicherheitsplatten haben keine beweglichen Teile und erfordern daher keine Wartung.<\/li>\n\n\n\n<li>Der Bereich zwischen dem Betriebsdruck und dem Mindestberstdruck wird als Betriebsbereich bezeichnet. Berstpaneele vom Typ VV-S haben einen Betriebsbereich von 60 % und sind daher ideal f\u00fcr anspruchsvolle Anwendungen.<\/li>\n\n\n\n<li>Die meisten Fike-Paneele werden bei Anwendungen eingesetzt, bei denen ein Vakuum herrscht. Fike-Paneele des Typs VV-S k\u00f6nnen bei sehr hohen Unterdr\u00fccken arbeiten und sind daher die in der Industrie am h\u00e4ufigsten verwendeten Sicherheitspaneele.<\/li>\n\n\n\n<li>Die Sicherheitsplatten vom Typ VV-S entsprechen der Richtlinie 94\/9\/EG und verf\u00fcgen \u00fcber eine Reihe von Zertifikaten, die ihre Eigenschaften best\u00e4tigen.<\/li>\n\n\n\n<li>VV-S-Platten zeichnen sich durch eine kontrollierte \u00d6ffnung und Vollst\u00e4ndigkeit aus.<\/li>\n<\/ul>\n\n\n\n<p><\/p>\n\n\n\n<h3 class=\"wp-block-heading\">Spezifikation:<\/h3>\n\n\n\n<figure class=\"wp-block-table is-style-regular has-small-font-size\"><table class=\"has-text-color has-fixed-layout\" style=\"color:#e79400\"><tbody><tr><td>Baumaterialien<\/td><td>Rostfreier Stahl\/Teflon<\/td><\/tr><tr><td>Maximaler Betriebsdruck<\/td><td>60% des Mindestberstdrucks<\/td><\/tr><tr><td>Maximales Vakuum<\/td><td>Bis zu 50 mbarg Vakuum f\u00fcr alle Gr\u00f6\u00dfen<\/td><\/tr><tr><td>Bersttoleranz<\/td><td>\u00b1 15 mbarg<\/td><\/tr><tr><td>Betriebstemperaturbereich<\/td><td>-20\u00b0C do 60\u00b0C<\/td><\/tr><\/tbody><\/table><\/figure>\n","protected":false},"excerpt":{"rendered":"<p>Explosionsdruckentlastung VV-S ist eine Verbundmembran (sst\/tef\/sst) mit hoher Festigkeit. Er wurde so konstruiert, dass er [&hellip;]<\/p>\n","protected":false},"author":1,"featured_media":94,"parent":116,"menu_order":0,"comment_status":"closed","ping_status":"closed","template":"kg_products_template.php","meta":{"pgc_sgb_lightbox_settings":"","footnotes":""},"categories":[15],"tags":[],"class_list":["post-93","page","type-page","status-publish","has-post-thumbnail","hentry","category-explosionsdruckentlastung"],"yoast_head":"<!-- This site is optimized with the Yoast SEO plugin v27.1.1 - https:\/\/yoast.com\/product\/yoast-seo-wordpress\/ -->\n<title>Explosionsdruckentlastung VV-S - CORONA Serwis<\/title>\n<meta name=\"robots\" content=\"index, follow, max-snippet:-1, max-image-preview:large, max-video-preview:-1\" \/>\n<link rel=\"canonical\" href=\"https:\/\/corona1.eu\/de\/explosionsdruckentlastung\/explosionsdruckentlastung-vv-s\/\" \/>\n<meta property=\"og:locale\" content=\"de_DE\" \/>\n<meta property=\"og:type\" content=\"article\" \/>\n<meta property=\"og:title\" content=\"Explosionsdruckentlastung VV-S - CORONA Serwis\" \/>\n<meta property=\"og:description\" content=\"Explosionsdruckentlastung VV-S ist eine Verbundmembran (sst\/tef\/sst) mit hoher Festigkeit. Er wurde so konstruiert, dass er [&hellip;]\" \/>\n<meta property=\"og:url\" content=\"https:\/\/corona1.eu\/de\/explosionsdruckentlastung\/explosionsdruckentlastung-vv-s\/\" \/>\n<meta property=\"og:site_name\" content=\"CORONA Serwis\" \/>\n<meta property=\"article:modified_time\" content=\"2025-02-27T14:19:25+00:00\" \/>\n<meta property=\"og:image\" content=\"https:\/\/corona1.eu\/de\/wp-content\/uploads\/2025\/02\/vv-s.jpg\" \/>\n\t<meta property=\"og:image:width\" content=\"742\" \/>\n\t<meta property=\"og:image:height\" content=\"720\" \/>\n\t<meta property=\"og:image:type\" content=\"image\/jpeg\" \/>\n<meta name=\"twitter:card\" content=\"summary_large_image\" \/>\n<meta name=\"twitter:label1\" content=\"Gesch\u00e4tzte Lesezeit\" \/>\n\t<meta name=\"twitter:data1\" content=\"2\u00a0Minuten\" \/>\n<script type=\"application\/ld+json\" class=\"yoast-schema-graph\">{\"@context\":\"https:\/\/schema.org\",\"@graph\":[{\"@type\":\"WebPage\",\"@id\":\"https:\/\/corona1.eu\/de\/explosionsdruckentlastung\/explosionsdruckentlastung-vv-s\/\",\"url\":\"https:\/\/corona1.eu\/de\/explosionsdruckentlastung\/explosionsdruckentlastung-vv-s\/\",\"name\":\"Explosionsdruckentlastung VV-S - CORONA Serwis\",\"isPartOf\":{\"@id\":\"https:\/\/corona1.eu\/de\/#website\"},\"primaryImageOfPage\":{\"@id\":\"https:\/\/corona1.eu\/de\/explosionsdruckentlastung\/explosionsdruckentlastung-vv-s\/#primaryimage\"},\"image\":{\"@id\":\"https:\/\/corona1.eu\/de\/explosionsdruckentlastung\/explosionsdruckentlastung-vv-s\/#primaryimage\"},\"thumbnailUrl\":\"https:\/\/corona1.eu\/de\/wp-content\/uploads\/2025\/02\/vv-s.jpg\",\"datePublished\":\"2025-02-27T09:06:30+00:00\",\"dateModified\":\"2025-02-27T14:19:25+00:00\",\"breadcrumb\":{\"@id\":\"https:\/\/corona1.eu\/de\/explosionsdruckentlastung\/explosionsdruckentlastung-vv-s\/#breadcrumb\"},\"inLanguage\":\"de\",\"potentialAction\":[{\"@type\":\"ReadAction\",\"target\":[\"https:\/\/corona1.eu\/de\/explosionsdruckentlastung\/explosionsdruckentlastung-vv-s\/\"]}]},{\"@type\":\"ImageObject\",\"inLanguage\":\"de\",\"@id\":\"https:\/\/corona1.eu\/de\/explosionsdruckentlastung\/explosionsdruckentlastung-vv-s\/#primaryimage\",\"url\":\"https:\/\/corona1.eu\/de\/wp-content\/uploads\/2025\/02\/vv-s.jpg\",\"contentUrl\":\"https:\/\/corona1.eu\/de\/wp-content\/uploads\/2025\/02\/vv-s.jpg\",\"width\":742,\"height\":720},{\"@type\":\"BreadcrumbList\",\"@id\":\"https:\/\/corona1.eu\/de\/explosionsdruckentlastung\/explosionsdruckentlastung-vv-s\/#breadcrumb\",\"itemListElement\":[{\"@type\":\"ListItem\",\"position\":1,\"name\":\"Startseite\",\"item\":\"https:\/\/corona1.eu\/de\/\"},{\"@type\":\"ListItem\",\"position\":2,\"name\":\"Explosionsdruckentlastung\",\"item\":\"https:\/\/corona1.eu\/de\/explosionsdruckentlastung\/\"},{\"@type\":\"ListItem\",\"position\":3,\"name\":\"Explosionsdruckentlastung VV-S\"}]},{\"@type\":\"WebSite\",\"@id\":\"https:\/\/corona1.eu\/de\/#website\",\"url\":\"https:\/\/corona1.eu\/de\/\",\"name\":\"CORONA Serwis\",\"description\":\"\",\"potentialAction\":[{\"@type\":\"SearchAction\",\"target\":{\"@type\":\"EntryPoint\",\"urlTemplate\":\"https:\/\/corona1.eu\/de\/?s={search_term_string}\"},\"query-input\":{\"@type\":\"PropertyValueSpecification\",\"valueRequired\":true,\"valueName\":\"search_term_string\"}}],\"inLanguage\":\"de\"}]}<\/script>\n<!-- \/ Yoast SEO plugin. -->","yoast_head_json":{"title":"Explosionsdruckentlastung VV-S - CORONA Serwis","robots":{"index":"index","follow":"follow","max-snippet":"max-snippet:-1","max-image-preview":"max-image-preview:large","max-video-preview":"max-video-preview:-1"},"canonical":"https:\/\/corona1.eu\/de\/explosionsdruckentlastung\/explosionsdruckentlastung-vv-s\/","og_locale":"de_DE","og_type":"article","og_title":"Explosionsdruckentlastung VV-S - CORONA Serwis","og_description":"Explosionsdruckentlastung VV-S ist eine Verbundmembran (sst\/tef\/sst) mit hoher Festigkeit. Er wurde so konstruiert, dass er [&hellip;]","og_url":"https:\/\/corona1.eu\/de\/explosionsdruckentlastung\/explosionsdruckentlastung-vv-s\/","og_site_name":"CORONA Serwis","article_modified_time":"2025-02-27T14:19:25+00:00","og_image":[{"width":742,"height":720,"url":"https:\/\/corona1.eu\/de\/wp-content\/uploads\/2025\/02\/vv-s.jpg","type":"image\/jpeg"}],"twitter_card":"summary_large_image","twitter_misc":{"Gesch\u00e4tzte Lesezeit":"2\u00a0Minuten"},"schema":{"@context":"https:\/\/schema.org","@graph":[{"@type":"WebPage","@id":"https:\/\/corona1.eu\/de\/explosionsdruckentlastung\/explosionsdruckentlastung-vv-s\/","url":"https:\/\/corona1.eu\/de\/explosionsdruckentlastung\/explosionsdruckentlastung-vv-s\/","name":"Explosionsdruckentlastung VV-S - CORONA Serwis","isPartOf":{"@id":"https:\/\/corona1.eu\/de\/#website"},"primaryImageOfPage":{"@id":"https:\/\/corona1.eu\/de\/explosionsdruckentlastung\/explosionsdruckentlastung-vv-s\/#primaryimage"},"image":{"@id":"https:\/\/corona1.eu\/de\/explosionsdruckentlastung\/explosionsdruckentlastung-vv-s\/#primaryimage"},"thumbnailUrl":"https:\/\/corona1.eu\/de\/wp-content\/uploads\/2025\/02\/vv-s.jpg","datePublished":"2025-02-27T09:06:30+00:00","dateModified":"2025-02-27T14:19:25+00:00","breadcrumb":{"@id":"https:\/\/corona1.eu\/de\/explosionsdruckentlastung\/explosionsdruckentlastung-vv-s\/#breadcrumb"},"inLanguage":"de","potentialAction":[{"@type":"ReadAction","target":["https:\/\/corona1.eu\/de\/explosionsdruckentlastung\/explosionsdruckentlastung-vv-s\/"]}]},{"@type":"ImageObject","inLanguage":"de","@id":"https:\/\/corona1.eu\/de\/explosionsdruckentlastung\/explosionsdruckentlastung-vv-s\/#primaryimage","url":"https:\/\/corona1.eu\/de\/wp-content\/uploads\/2025\/02\/vv-s.jpg","contentUrl":"https:\/\/corona1.eu\/de\/wp-content\/uploads\/2025\/02\/vv-s.jpg","width":742,"height":720},{"@type":"BreadcrumbList","@id":"https:\/\/corona1.eu\/de\/explosionsdruckentlastung\/explosionsdruckentlastung-vv-s\/#breadcrumb","itemListElement":[{"@type":"ListItem","position":1,"name":"Startseite","item":"https:\/\/corona1.eu\/de\/"},{"@type":"ListItem","position":2,"name":"Explosionsdruckentlastung","item":"https:\/\/corona1.eu\/de\/explosionsdruckentlastung\/"},{"@type":"ListItem","position":3,"name":"Explosionsdruckentlastung VV-S"}]},{"@type":"WebSite","@id":"https:\/\/corona1.eu\/de\/#website","url":"https:\/\/corona1.eu\/de\/","name":"CORONA Serwis","description":"","potentialAction":[{"@type":"SearchAction","target":{"@type":"EntryPoint","urlTemplate":"https:\/\/corona1.eu\/de\/?s={search_term_string}"},"query-input":{"@type":"PropertyValueSpecification","valueRequired":true,"valueName":"search_term_string"}}],"inLanguage":"de"}]}},"_links":{"self":[{"href":"https:\/\/corona1.eu\/de\/wp-json\/wp\/v2\/pages\/93","targetHints":{"allow":["GET"]}}],"collection":[{"href":"https:\/\/corona1.eu\/de\/wp-json\/wp\/v2\/pages"}],"about":[{"href":"https:\/\/corona1.eu\/de\/wp-json\/wp\/v2\/types\/page"}],"author":[{"embeddable":true,"href":"https:\/\/corona1.eu\/de\/wp-json\/wp\/v2\/users\/1"}],"replies":[{"embeddable":true,"href":"https:\/\/corona1.eu\/de\/wp-json\/wp\/v2\/comments?post=93"}],"version-history":[{"count":1,"href":"https:\/\/corona1.eu\/de\/wp-json\/wp\/v2\/pages\/93\/revisions"}],"predecessor-version":[{"id":95,"href":"https:\/\/corona1.eu\/de\/wp-json\/wp\/v2\/pages\/93\/revisions\/95"}],"up":[{"embeddable":true,"href":"https:\/\/corona1.eu\/de\/wp-json\/wp\/v2\/pages\/116"}],"wp:featuredmedia":[{"embeddable":true,"href":"https:\/\/corona1.eu\/de\/wp-json\/wp\/v2\/media\/94"}],"wp:attachment":[{"href":"https:\/\/corona1.eu\/de\/wp-json\/wp\/v2\/media?parent=93"}],"wp:term":[{"taxonomy":"category","embeddable":true,"href":"https:\/\/corona1.eu\/de\/wp-json\/wp\/v2\/categories?post=93"},{"taxonomy":"post_tag","embeddable":true,"href":"https:\/\/corona1.eu\/de\/wp-json\/wp\/v2\/tags?post=93"}],"curies":[{"name":"wp","href":"https:\/\/api.w.org\/{rel}","templated":true}]}}