{"id":89,"date":"2025-02-27T09:36:16","date_gmt":"2025-02-27T08:36:16","guid":{"rendered":"https:\/\/corona1.eu\/de\/?page_id=89"},"modified":"2025-02-27T09:36:20","modified_gmt":"2025-02-27T08:36:20","slug":"explosionsgeschuetzte-ventile","status":"publish","type":"page","link":"https:\/\/corona1.eu\/de\/explosionsgeschuetzte-ventile\/","title":{"rendered":"Explosionsgesch\u00fctzte Ventile"},"content":{"rendered":"\n<p>Das Explosionsschutzventil ist eine Sicherheitseinrichtung, die die Ausbreitung von Feuer und Explosionen in industriellen Prozessen und Anlagen verhindern soll. Sie wird in Rohrleitungen, Kan\u00e4len und anderen Systemen installiert, die brennbare Gase und Fl\u00fcssigkeiten f\u00fchren, und ist so konstruiert, dass sie sich im Falle einer Explosion automatisch schlie\u00dft und die Ausbreitung einer Z\u00fcndquelle verhindert.<\/p>\n\n\n\n<p>Explosionssichere Armaturen sind in der chemischen, petrochemischen und pharmazeutischen Industrie weit verbreitet, um die sichere Lagerung, Handhabung und Bef\u00f6rderung von brennbaren Stoffen zu gew\u00e4hrleisten. Sie sind ein wichtiger Bestandteil eines umfassenden Sicherheitssystems und entscheidend f\u00fcr die Sicherheit von Arbeitnehmern und der \u00d6ffentlichkeit.<\/p>\n","protected":false},"excerpt":{"rendered":"<p>Das Explosionsschutzventil ist eine Sicherheitseinrichtung, die die Ausbreitung von Feuer und Explosionen in industriellen Prozessen [&hellip;]<\/p>\n","protected":false},"author":1,"featured_media":90,"parent":0,"menu_order":0,"comment_status":"closed","ping_status":"closed","template":"kg_products_list_template.php","meta":{"pgc_sgb_lightbox_settings":"","footnotes":""},"categories":[14,2],"tags":[],"class_list":["post-89","page","type-page","status-publish","has-post-thumbnail","hentry","category-explosionsschutzventil","category-zprodukty"],"yoast_head":"<!-- This site is optimized with the Yoast SEO plugin v27.1.1 - https:\/\/yoast.com\/product\/yoast-seo-wordpress\/ -->\n<title>Explosionsgesch\u00fctzte Ventile - CORONA Serwis<\/title>\n<meta name=\"description\" content=\"Ein Explosionsabsperrventil ist eine Explosionsabsperrvorrichtung mit einem mechanischen Verschluss, der sicherstellt, dass eine Deflagration auf den Ausgangsbeh\u00e4lter beschr\u00e4nkt bleibt und die vor- und nachgelagerten Ger\u00e4te sch\u00fctzt.\" \/>\n<meta name=\"robots\" content=\"index, follow, max-snippet:-1, max-image-preview:large, max-video-preview:-1\" \/>\n<link rel=\"canonical\" href=\"https:\/\/corona1.eu\/de\/explosionsgeschuetzte-ventile\/\" \/>\n<meta property=\"og:locale\" content=\"de_DE\" \/>\n<meta property=\"og:type\" content=\"article\" \/>\n<meta property=\"og:title\" content=\"Explosionsgesch\u00fctzte Ventile - CORONA Serwis\" \/>\n<meta property=\"og:description\" content=\"Ein Explosionsabsperrventil ist eine Explosionsabsperrvorrichtung mit einem mechanischen Verschluss, der sicherstellt, dass eine Deflagration auf den Ausgangsbeh\u00e4lter beschr\u00e4nkt bleibt und die vor- und nachgelagerten Ger\u00e4te sch\u00fctzt.\" \/>\n<meta property=\"og:url\" content=\"https:\/\/corona1.eu\/de\/explosionsgeschuetzte-ventile\/\" \/>\n<meta property=\"og:site_name\" content=\"CORONA Serwis\" \/>\n<meta property=\"article:modified_time\" content=\"2025-02-27T08:36:20+00:00\" \/>\n<meta property=\"og:image\" content=\"https:\/\/corona1.eu\/de\/wp-content\/uploads\/2025\/02\/grupa_zawory_izolujace_16x9.png\" \/>\n\t<meta property=\"og:image:width\" content=\"889\" \/>\n\t<meta property=\"og:image:height\" content=\"500\" \/>\n\t<meta property=\"og:image:type\" content=\"image\/png\" \/>\n<meta name=\"twitter:card\" content=\"summary_large_image\" \/>\n<meta name=\"twitter:label1\" content=\"Gesch\u00e4tzte Lesezeit\" \/>\n\t<meta name=\"twitter:data1\" content=\"1\u00a0Minute\" \/>\n<script type=\"application\/ld+json\" class=\"yoast-schema-graph\">{\"@context\":\"https:\/\/schema.org\",\"@graph\":[{\"@type\":\"WebPage\",\"@id\":\"https:\/\/corona1.eu\/de\/explosionsgeschuetzte-ventile\/\",\"url\":\"https:\/\/corona1.eu\/de\/explosionsgeschuetzte-ventile\/\",\"name\":\"Explosionsgesch\u00fctzte Ventile - CORONA Serwis\",\"isPartOf\":{\"@id\":\"https:\/\/corona1.eu\/de\/#website\"},\"primaryImageOfPage\":{\"@id\":\"https:\/\/corona1.eu\/de\/explosionsgeschuetzte-ventile\/#primaryimage\"},\"image\":{\"@id\":\"https:\/\/corona1.eu\/de\/explosionsgeschuetzte-ventile\/#primaryimage\"},\"thumbnailUrl\":\"https:\/\/corona1.eu\/de\/wp-content\/uploads\/2025\/02\/grupa_zawory_izolujace_16x9.png\",\"datePublished\":\"2025-02-27T08:36:16+00:00\",\"dateModified\":\"2025-02-27T08:36:20+00:00\",\"description\":\"Ein Explosionsabsperrventil ist eine Explosionsabsperrvorrichtung mit einem mechanischen Verschluss, der sicherstellt, dass eine Deflagration auf den Ausgangsbeh\u00e4lter beschr\u00e4nkt bleibt und die vor- und nachgelagerten Ger\u00e4te sch\u00fctzt.\",\"breadcrumb\":{\"@id\":\"https:\/\/corona1.eu\/de\/explosionsgeschuetzte-ventile\/#breadcrumb\"},\"inLanguage\":\"de\",\"potentialAction\":[{\"@type\":\"ReadAction\",\"target\":[\"https:\/\/corona1.eu\/de\/explosionsgeschuetzte-ventile\/\"]}]},{\"@type\":\"ImageObject\",\"inLanguage\":\"de\",\"@id\":\"https:\/\/corona1.eu\/de\/explosionsgeschuetzte-ventile\/#primaryimage\",\"url\":\"https:\/\/corona1.eu\/de\/wp-content\/uploads\/2025\/02\/grupa_zawory_izolujace_16x9.png\",\"contentUrl\":\"https:\/\/corona1.eu\/de\/wp-content\/uploads\/2025\/02\/grupa_zawory_izolujace_16x9.png\",\"width\":889,\"height\":500},{\"@type\":\"BreadcrumbList\",\"@id\":\"https:\/\/corona1.eu\/de\/explosionsgeschuetzte-ventile\/#breadcrumb\",\"itemListElement\":[{\"@type\":\"ListItem\",\"position\":1,\"name\":\"Startseite\",\"item\":\"https:\/\/corona1.eu\/de\/\"},{\"@type\":\"ListItem\",\"position\":2,\"name\":\"Explosionsgesch\u00fctzte Ventile\"}]},{\"@type\":\"WebSite\",\"@id\":\"https:\/\/corona1.eu\/de\/#website\",\"url\":\"https:\/\/corona1.eu\/de\/\",\"name\":\"CORONA Serwis\",\"description\":\"\",\"potentialAction\":[{\"@type\":\"SearchAction\",\"target\":{\"@type\":\"EntryPoint\",\"urlTemplate\":\"https:\/\/corona1.eu\/de\/?s={search_term_string}\"},\"query-input\":{\"@type\":\"PropertyValueSpecification\",\"valueRequired\":true,\"valueName\":\"search_term_string\"}}],\"inLanguage\":\"de\"}]}<\/script>\n<!-- \/ Yoast SEO plugin. -->","yoast_head_json":{"title":"Explosionsgesch\u00fctzte Ventile - CORONA Serwis","description":"Ein Explosionsabsperrventil ist eine Explosionsabsperrvorrichtung mit einem mechanischen Verschluss, der sicherstellt, dass eine Deflagration auf den Ausgangsbeh\u00e4lter beschr\u00e4nkt bleibt und die vor- und nachgelagerten Ger\u00e4te sch\u00fctzt.","robots":{"index":"index","follow":"follow","max-snippet":"max-snippet:-1","max-image-preview":"max-image-preview:large","max-video-preview":"max-video-preview:-1"},"canonical":"https:\/\/corona1.eu\/de\/explosionsgeschuetzte-ventile\/","og_locale":"de_DE","og_type":"article","og_title":"Explosionsgesch\u00fctzte Ventile - CORONA Serwis","og_description":"Ein Explosionsabsperrventil ist eine Explosionsabsperrvorrichtung mit einem mechanischen Verschluss, der sicherstellt, dass eine Deflagration auf den Ausgangsbeh\u00e4lter beschr\u00e4nkt bleibt und die vor- und nachgelagerten Ger\u00e4te sch\u00fctzt.","og_url":"https:\/\/corona1.eu\/de\/explosionsgeschuetzte-ventile\/","og_site_name":"CORONA Serwis","article_modified_time":"2025-02-27T08:36:20+00:00","og_image":[{"width":889,"height":500,"url":"https:\/\/corona1.eu\/de\/wp-content\/uploads\/2025\/02\/grupa_zawory_izolujace_16x9.png","type":"image\/png"}],"twitter_card":"summary_large_image","twitter_misc":{"Gesch\u00e4tzte Lesezeit":"1\u00a0Minute"},"schema":{"@context":"https:\/\/schema.org","@graph":[{"@type":"WebPage","@id":"https:\/\/corona1.eu\/de\/explosionsgeschuetzte-ventile\/","url":"https:\/\/corona1.eu\/de\/explosionsgeschuetzte-ventile\/","name":"Explosionsgesch\u00fctzte Ventile - CORONA Serwis","isPartOf":{"@id":"https:\/\/corona1.eu\/de\/#website"},"primaryImageOfPage":{"@id":"https:\/\/corona1.eu\/de\/explosionsgeschuetzte-ventile\/#primaryimage"},"image":{"@id":"https:\/\/corona1.eu\/de\/explosionsgeschuetzte-ventile\/#primaryimage"},"thumbnailUrl":"https:\/\/corona1.eu\/de\/wp-content\/uploads\/2025\/02\/grupa_zawory_izolujace_16x9.png","datePublished":"2025-02-27T08:36:16+00:00","dateModified":"2025-02-27T08:36:20+00:00","description":"Ein Explosionsabsperrventil ist eine Explosionsabsperrvorrichtung mit einem mechanischen Verschluss, der sicherstellt, dass eine Deflagration auf den Ausgangsbeh\u00e4lter beschr\u00e4nkt bleibt und die vor- und nachgelagerten Ger\u00e4te sch\u00fctzt.","breadcrumb":{"@id":"https:\/\/corona1.eu\/de\/explosionsgeschuetzte-ventile\/#breadcrumb"},"inLanguage":"de","potentialAction":[{"@type":"ReadAction","target":["https:\/\/corona1.eu\/de\/explosionsgeschuetzte-ventile\/"]}]},{"@type":"ImageObject","inLanguage":"de","@id":"https:\/\/corona1.eu\/de\/explosionsgeschuetzte-ventile\/#primaryimage","url":"https:\/\/corona1.eu\/de\/wp-content\/uploads\/2025\/02\/grupa_zawory_izolujace_16x9.png","contentUrl":"https:\/\/corona1.eu\/de\/wp-content\/uploads\/2025\/02\/grupa_zawory_izolujace_16x9.png","width":889,"height":500},{"@type":"BreadcrumbList","@id":"https:\/\/corona1.eu\/de\/explosionsgeschuetzte-ventile\/#breadcrumb","itemListElement":[{"@type":"ListItem","position":1,"name":"Startseite","item":"https:\/\/corona1.eu\/de\/"},{"@type":"ListItem","position":2,"name":"Explosionsgesch\u00fctzte Ventile"}]},{"@type":"WebSite","@id":"https:\/\/corona1.eu\/de\/#website","url":"https:\/\/corona1.eu\/de\/","name":"CORONA Serwis","description":"","potentialAction":[{"@type":"SearchAction","target":{"@type":"EntryPoint","urlTemplate":"https:\/\/corona1.eu\/de\/?s={search_term_string}"},"query-input":{"@type":"PropertyValueSpecification","valueRequired":true,"valueName":"search_term_string"}}],"inLanguage":"de"}]}},"_links":{"self":[{"href":"https:\/\/corona1.eu\/de\/wp-json\/wp\/v2\/pages\/89","targetHints":{"allow":["GET"]}}],"collection":[{"href":"https:\/\/corona1.eu\/de\/wp-json\/wp\/v2\/pages"}],"about":[{"href":"https:\/\/corona1.eu\/de\/wp-json\/wp\/v2\/types\/page"}],"author":[{"embeddable":true,"href":"https:\/\/corona1.eu\/de\/wp-json\/wp\/v2\/users\/1"}],"replies":[{"embeddable":true,"href":"https:\/\/corona1.eu\/de\/wp-json\/wp\/v2\/comments?post=89"}],"version-history":[{"count":1,"href":"https:\/\/corona1.eu\/de\/wp-json\/wp\/v2\/pages\/89\/revisions"}],"predecessor-version":[{"id":91,"href":"https:\/\/corona1.eu\/de\/wp-json\/wp\/v2\/pages\/89\/revisions\/91"}],"wp:featuredmedia":[{"embeddable":true,"href":"https:\/\/corona1.eu\/de\/wp-json\/wp\/v2\/media\/90"}],"wp:attachment":[{"href":"https:\/\/corona1.eu\/de\/wp-json\/wp\/v2\/media?parent=89"}],"wp:term":[{"taxonomy":"category","embeddable":true,"href":"https:\/\/corona1.eu\/de\/wp-json\/wp\/v2\/categories?post=89"},{"taxonomy":"post_tag","embeddable":true,"href":"https:\/\/corona1.eu\/de\/wp-json\/wp\/v2\/tags?post=89"}],"curies":[{"name":"wp","href":"https:\/\/api.w.org\/{rel}","templated":true}]}}