{"id":86,"date":"2025-02-27T09:30:49","date_gmt":"2025-02-27T08:30:49","guid":{"rendered":"https:\/\/corona1.eu\/de\/?page_id=86"},"modified":"2025-02-27T09:37:10","modified_gmt":"2025-02-27T08:37:10","slug":"ventex-explosionsschutzventil","status":"publish","type":"page","link":"https:\/\/corona1.eu\/de\/explosionsgeschuetzte-ventile\/ventex-explosionsschutzventil\/","title":{"rendered":"Ventex Explosionsschutzventil"},"content":{"rendered":"\n<p>Die passiven Explosionsventile von Ventex, die von Fike geliefert werden, sind in der Lage, jede Explosion in einem relativ kleinen Teil der Anlage zu schlie\u00dfen. Dadurch wird verhindert, dass die zerst\u00f6rerische Kraft weitere Teile der Anlage erreicht. Die Funktionsweise des Explosionsschutz-\/Entkopplungssystems ist einfach und sehr effektiv, da der ausl\u00f6sende Faktor des Ventils direkt die Explosion selbst ist.<\/p>\n\n\n\n<p>Hier wirken keine Sensoren oder Steuerungskomponenten. Die Kraft des Impulses der Explosionswelle dr\u00fcckt auf eine federbelastete Sperrkugel, die die Leitung dauerhaft verschlie\u00dft. Der Federdruck ist entsprechend eingestellt und kann nur durch die Kraft der Explosion \u00fcberwunden werden.<\/p>\n","protected":false},"excerpt":{"rendered":"<p>Die passiven Explosionsventile von Ventex, die von Fike geliefert werden, sind in der Lage, jede [&hellip;]<\/p>\n","protected":false},"author":1,"featured_media":87,"parent":89,"menu_order":0,"comment_status":"closed","ping_status":"closed","template":"kg_products_template.php","meta":{"pgc_sgb_lightbox_settings":"","footnotes":""},"categories":[14],"tags":[],"class_list":["post-86","page","type-page","status-publish","has-post-thumbnail","hentry","category-explosionsschutzventil"],"yoast_head":"<!-- This site is optimized with the Yoast SEO plugin v27.1.1 - https:\/\/yoast.com\/product\/yoast-seo-wordpress\/ -->\n<title>Ventex Explosionsschutzventil - CORONA Serwis<\/title>\n<meta name=\"robots\" content=\"index, follow, max-snippet:-1, max-image-preview:large, max-video-preview:-1\" \/>\n<link rel=\"canonical\" href=\"https:\/\/corona1.eu\/de\/explosionsgeschuetzte-ventile\/ventex-explosionsschutzventil\/\" \/>\n<meta property=\"og:locale\" content=\"de_DE\" \/>\n<meta property=\"og:type\" content=\"article\" \/>\n<meta property=\"og:title\" content=\"Ventex Explosionsschutzventil - CORONA Serwis\" \/>\n<meta property=\"og:description\" content=\"Die passiven Explosionsventile von Ventex, die von Fike geliefert werden, sind in der Lage, jede [&hellip;]\" \/>\n<meta property=\"og:url\" content=\"https:\/\/corona1.eu\/de\/explosionsgeschuetzte-ventile\/ventex-explosionsschutzventil\/\" \/>\n<meta property=\"og:site_name\" content=\"CORONA Serwis\" \/>\n<meta property=\"article:modified_time\" content=\"2025-02-27T08:37:10+00:00\" \/>\n<meta property=\"og:image\" content=\"https:\/\/corona1.eu\/de\/wp-content\/uploads\/2025\/02\/ventex-300x300-1.png\" \/>\n\t<meta property=\"og:image:width\" content=\"300\" \/>\n\t<meta property=\"og:image:height\" content=\"300\" \/>\n\t<meta property=\"og:image:type\" content=\"image\/png\" \/>\n<meta name=\"twitter:card\" content=\"summary_large_image\" \/>\n<meta name=\"twitter:label1\" content=\"Gesch\u00e4tzte Lesezeit\" \/>\n\t<meta name=\"twitter:data1\" content=\"1\u00a0Minute\" \/>\n<script type=\"application\/ld+json\" class=\"yoast-schema-graph\">{\"@context\":\"https:\/\/schema.org\",\"@graph\":[{\"@type\":\"WebPage\",\"@id\":\"https:\/\/corona1.eu\/de\/explosionsgeschuetzte-ventile\/ventex-explosionsschutzventil\/\",\"url\":\"https:\/\/corona1.eu\/de\/explosionsgeschuetzte-ventile\/ventex-explosionsschutzventil\/\",\"name\":\"Ventex Explosionsschutzventil - CORONA Serwis\",\"isPartOf\":{\"@id\":\"https:\/\/corona1.eu\/de\/#website\"},\"primaryImageOfPage\":{\"@id\":\"https:\/\/corona1.eu\/de\/explosionsgeschuetzte-ventile\/ventex-explosionsschutzventil\/#primaryimage\"},\"image\":{\"@id\":\"https:\/\/corona1.eu\/de\/explosionsgeschuetzte-ventile\/ventex-explosionsschutzventil\/#primaryimage\"},\"thumbnailUrl\":\"https:\/\/corona1.eu\/de\/wp-content\/uploads\/2025\/02\/ventex-300x300-1.png\",\"datePublished\":\"2025-02-27T08:30:49+00:00\",\"dateModified\":\"2025-02-27T08:37:10+00:00\",\"breadcrumb\":{\"@id\":\"https:\/\/corona1.eu\/de\/explosionsgeschuetzte-ventile\/ventex-explosionsschutzventil\/#breadcrumb\"},\"inLanguage\":\"de\",\"potentialAction\":[{\"@type\":\"ReadAction\",\"target\":[\"https:\/\/corona1.eu\/de\/explosionsgeschuetzte-ventile\/ventex-explosionsschutzventil\/\"]}]},{\"@type\":\"ImageObject\",\"inLanguage\":\"de\",\"@id\":\"https:\/\/corona1.eu\/de\/explosionsgeschuetzte-ventile\/ventex-explosionsschutzventil\/#primaryimage\",\"url\":\"https:\/\/corona1.eu\/de\/wp-content\/uploads\/2025\/02\/ventex-300x300-1.png\",\"contentUrl\":\"https:\/\/corona1.eu\/de\/wp-content\/uploads\/2025\/02\/ventex-300x300-1.png\",\"width\":300,\"height\":300},{\"@type\":\"BreadcrumbList\",\"@id\":\"https:\/\/corona1.eu\/de\/explosionsgeschuetzte-ventile\/ventex-explosionsschutzventil\/#breadcrumb\",\"itemListElement\":[{\"@type\":\"ListItem\",\"position\":1,\"name\":\"Startseite\",\"item\":\"https:\/\/corona1.eu\/de\/\"},{\"@type\":\"ListItem\",\"position\":2,\"name\":\"Explosionsgesch\u00fctzte Ventile\",\"item\":\"https:\/\/corona1.eu\/de\/explosionsgeschuetzte-ventile\/\"},{\"@type\":\"ListItem\",\"position\":3,\"name\":\"Ventex Explosionsschutzventil\"}]},{\"@type\":\"WebSite\",\"@id\":\"https:\/\/corona1.eu\/de\/#website\",\"url\":\"https:\/\/corona1.eu\/de\/\",\"name\":\"CORONA Serwis\",\"description\":\"\",\"potentialAction\":[{\"@type\":\"SearchAction\",\"target\":{\"@type\":\"EntryPoint\",\"urlTemplate\":\"https:\/\/corona1.eu\/de\/?s={search_term_string}\"},\"query-input\":{\"@type\":\"PropertyValueSpecification\",\"valueRequired\":true,\"valueName\":\"search_term_string\"}}],\"inLanguage\":\"de\"}]}<\/script>\n<!-- \/ Yoast SEO plugin. -->","yoast_head_json":{"title":"Ventex Explosionsschutzventil - CORONA Serwis","robots":{"index":"index","follow":"follow","max-snippet":"max-snippet:-1","max-image-preview":"max-image-preview:large","max-video-preview":"max-video-preview:-1"},"canonical":"https:\/\/corona1.eu\/de\/explosionsgeschuetzte-ventile\/ventex-explosionsschutzventil\/","og_locale":"de_DE","og_type":"article","og_title":"Ventex Explosionsschutzventil - CORONA Serwis","og_description":"Die passiven Explosionsventile von Ventex, die von Fike geliefert werden, sind in der Lage, jede [&hellip;]","og_url":"https:\/\/corona1.eu\/de\/explosionsgeschuetzte-ventile\/ventex-explosionsschutzventil\/","og_site_name":"CORONA Serwis","article_modified_time":"2025-02-27T08:37:10+00:00","og_image":[{"width":300,"height":300,"url":"https:\/\/corona1.eu\/de\/wp-content\/uploads\/2025\/02\/ventex-300x300-1.png","type":"image\/png"}],"twitter_card":"summary_large_image","twitter_misc":{"Gesch\u00e4tzte Lesezeit":"1\u00a0Minute"},"schema":{"@context":"https:\/\/schema.org","@graph":[{"@type":"WebPage","@id":"https:\/\/corona1.eu\/de\/explosionsgeschuetzte-ventile\/ventex-explosionsschutzventil\/","url":"https:\/\/corona1.eu\/de\/explosionsgeschuetzte-ventile\/ventex-explosionsschutzventil\/","name":"Ventex Explosionsschutzventil - CORONA Serwis","isPartOf":{"@id":"https:\/\/corona1.eu\/de\/#website"},"primaryImageOfPage":{"@id":"https:\/\/corona1.eu\/de\/explosionsgeschuetzte-ventile\/ventex-explosionsschutzventil\/#primaryimage"},"image":{"@id":"https:\/\/corona1.eu\/de\/explosionsgeschuetzte-ventile\/ventex-explosionsschutzventil\/#primaryimage"},"thumbnailUrl":"https:\/\/corona1.eu\/de\/wp-content\/uploads\/2025\/02\/ventex-300x300-1.png","datePublished":"2025-02-27T08:30:49+00:00","dateModified":"2025-02-27T08:37:10+00:00","breadcrumb":{"@id":"https:\/\/corona1.eu\/de\/explosionsgeschuetzte-ventile\/ventex-explosionsschutzventil\/#breadcrumb"},"inLanguage":"de","potentialAction":[{"@type":"ReadAction","target":["https:\/\/corona1.eu\/de\/explosionsgeschuetzte-ventile\/ventex-explosionsschutzventil\/"]}]},{"@type":"ImageObject","inLanguage":"de","@id":"https:\/\/corona1.eu\/de\/explosionsgeschuetzte-ventile\/ventex-explosionsschutzventil\/#primaryimage","url":"https:\/\/corona1.eu\/de\/wp-content\/uploads\/2025\/02\/ventex-300x300-1.png","contentUrl":"https:\/\/corona1.eu\/de\/wp-content\/uploads\/2025\/02\/ventex-300x300-1.png","width":300,"height":300},{"@type":"BreadcrumbList","@id":"https:\/\/corona1.eu\/de\/explosionsgeschuetzte-ventile\/ventex-explosionsschutzventil\/#breadcrumb","itemListElement":[{"@type":"ListItem","position":1,"name":"Startseite","item":"https:\/\/corona1.eu\/de\/"},{"@type":"ListItem","position":2,"name":"Explosionsgesch\u00fctzte Ventile","item":"https:\/\/corona1.eu\/de\/explosionsgeschuetzte-ventile\/"},{"@type":"ListItem","position":3,"name":"Ventex Explosionsschutzventil"}]},{"@type":"WebSite","@id":"https:\/\/corona1.eu\/de\/#website","url":"https:\/\/corona1.eu\/de\/","name":"CORONA Serwis","description":"","potentialAction":[{"@type":"SearchAction","target":{"@type":"EntryPoint","urlTemplate":"https:\/\/corona1.eu\/de\/?s={search_term_string}"},"query-input":{"@type":"PropertyValueSpecification","valueRequired":true,"valueName":"search_term_string"}}],"inLanguage":"de"}]}},"_links":{"self":[{"href":"https:\/\/corona1.eu\/de\/wp-json\/wp\/v2\/pages\/86","targetHints":{"allow":["GET"]}}],"collection":[{"href":"https:\/\/corona1.eu\/de\/wp-json\/wp\/v2\/pages"}],"about":[{"href":"https:\/\/corona1.eu\/de\/wp-json\/wp\/v2\/types\/page"}],"author":[{"embeddable":true,"href":"https:\/\/corona1.eu\/de\/wp-json\/wp\/v2\/users\/1"}],"replies":[{"embeddable":true,"href":"https:\/\/corona1.eu\/de\/wp-json\/wp\/v2\/comments?post=86"}],"version-history":[{"count":1,"href":"https:\/\/corona1.eu\/de\/wp-json\/wp\/v2\/pages\/86\/revisions"}],"predecessor-version":[{"id":88,"href":"https:\/\/corona1.eu\/de\/wp-json\/wp\/v2\/pages\/86\/revisions\/88"}],"up":[{"embeddable":true,"href":"https:\/\/corona1.eu\/de\/wp-json\/wp\/v2\/pages\/89"}],"wp:featuredmedia":[{"embeddable":true,"href":"https:\/\/corona1.eu\/de\/wp-json\/wp\/v2\/media\/87"}],"wp:attachment":[{"href":"https:\/\/corona1.eu\/de\/wp-json\/wp\/v2\/media?parent=86"}],"wp:term":[{"taxonomy":"category","embeddable":true,"href":"https:\/\/corona1.eu\/de\/wp-json\/wp\/v2\/categories?post=86"},{"taxonomy":"post_tag","embeddable":true,"href":"https:\/\/corona1.eu\/de\/wp-json\/wp\/v2\/tags?post=86"}],"curies":[{"name":"wp","href":"https:\/\/api.w.org\/{rel}","templated":true}]}}