{"id":83,"date":"2025-02-27T09:24:45","date_gmt":"2025-02-27T08:24:45","guid":{"rendered":"https:\/\/corona1.eu\/de\/?page_id=83"},"modified":"2025-02-27T09:37:01","modified_gmt":"2025-02-27T08:37:01","slug":"dual-flap-isolation-dfi-explosionsschutzventil","status":"publish","type":"page","link":"https:\/\/corona1.eu\/de\/explosionsgeschuetzte-ventile\/dual-flap-isolation-dfi-explosionsschutzventil\/","title":{"rendered":"Dual-Flap Isolation (DFI) Explosionsschutzventil"},"content":{"rendered":"\n<p class=\"has-text-color\" style=\"color:#e79400\"><strong>Absperrventil<\/strong><\/p>\n\n\n\n<p>Das <strong>DFI-Explosionsschutzventil<\/strong> arbeitet passiv (durchflussaktiviert), d. h. es ist keine externe Energie erforderlich, um die Ventilklappen zu schlie\u00dfen, wenn eine Verpuffung auftritt. Wenn w\u00e4hrend des normalen Betriebs Prozessluft str\u00f6mt, zieht oder dr\u00fcckt die Luft die Ventilklappen auf, so dass Luft aus dem Prozess in das gesch\u00fctzte Ger\u00e4t str\u00f6men kann. Kommt es in der gesch\u00fctzten Anlage zu einer Deflagration, kehrt der erzeugte Explosionsdruck den Prozessluftstrom um, schlie\u00dft die Ventilklappen und verhindert das Eindringen der Deflagrationsflammenfront.<\/p>\n\n\n\n<div class=\"wp-block-columns is-layout-flex wp-container-core-columns-is-layout-9d6595d7 wp-block-columns-is-layout-flex\">\n<div class=\"wp-block-column is-layout-flow wp-block-column-is-layout-flow\">\n<figure class=\"wp-block-image size-large\"><img decoding=\"async\" src=\"https:\/\/corona1.eu\/wp-content\/uploads\/2022\/09\/zawor_dfi_3_2022.png\" alt=\"\"\/><\/figure>\n<\/div>\n\n\n\n<div class=\"wp-block-column is-layout-flow wp-block-column-is-layout-flow\">\n<figure class=\"wp-block-image size-large\"><img decoding=\"async\" src=\"https:\/\/corona1.eu\/wp-content\/uploads\/2022\/09\/zawor_dfi_1_2022.png\" alt=\"\"\/><\/figure>\n<\/div>\n\n\n\n<div class=\"wp-block-column is-layout-flow wp-block-column-is-layout-flow\">\n<figure class=\"wp-block-image size-large\"><img decoding=\"async\" src=\"https:\/\/corona1.eu\/wp-content\/uploads\/2022\/09\/zawor_dfi_2_2022.png\" alt=\"\"\/><\/figure>\n<\/div>\n<\/div>\n\n\n\n<p>Das <strong>DFI-Explosionsschutzventil<\/strong> wurde gem\u00e4\u00df den Anforderungen von NFPA 69 und EN 16477 konstruiert. Zu den Hauptkomponenten des Ventils geh\u00f6ren eine hochbelastbare, geschwei\u00dfte Stahlkonstruktion, zwei Absperrklappen, abnehmbare Inspektionsklappen, Klappenverriegelungen und Ratschenpositionsanzeigesensoren zur Prozessunterbrechung.<\/p>\n\n\n\n<p>Breites Anwendungsspektrum, geeignet f\u00fcr fast jede Anwendung, findet er in fast allen Branchen Verwendung.<\/p>\n\n\n\n<div class=\"wp-block-columns is-layout-flex wp-container-core-columns-is-layout-9d6595d7 wp-block-columns-is-layout-flex\">\n<div class=\"wp-block-column is-layout-flow wp-block-column-is-layout-flow\">\n<figure class=\"wp-block-image size-large\"><img decoding=\"async\" src=\"https:\/\/corona1.eu\/wp-content\/uploads\/2022\/09\/DFI-With-flame.png\" alt=\"\"\/><\/figure>\n\n\n\n<p><strong>Zuverl\u00e4ssiger doppelter Verriegelungsmechanismus<\/strong><\/p>\n\n\n\n<p>Im Gegensatz zu anderen Klappenventilen, die identische Flammenisolationstests nicht bestanden haben, h\u00e4lt es nachweislich den Druckunterschieden und Schwingungen stand, die eine geschlossene Klappe \u201edr\u00fccken und ziehen\u201c.<\/p>\n<\/div>\n\n\n\n<div class=\"wp-block-column is-layout-flow wp-block-column-is-layout-flow\">\n<figure class=\"wp-block-image size-large\"><img decoding=\"async\" src=\"https:\/\/corona1.eu\/wp-content\/uploads\/2022\/09\/Installed-with-FQ-and-Bend-Rotated-Valve.png\" alt=\"\"\/><\/figure>\n\n\n\n<p><strong>Flexible Installation<\/strong><\/p>\n\n\n\n<p>Es ben\u00f6tigt nur wenig Platz und kann sowohl horizontal als auch vertikal eingebaut werden. Es kann n\u00e4her am Tank angebracht werden als andere Klappenventile.<\/p>\n<\/div>\n\n\n\n<div class=\"wp-block-column is-layout-flow wp-block-column-is-layout-flow\">\n<figure class=\"wp-block-image size-large\"><img decoding=\"async\" src=\"https:\/\/corona1.eu\/wp-content\/uploads\/2022\/09\/Metal-Dust.png\" alt=\"\"\/><\/figure>\n\n\n\n<p><strong>Breites Spektrum an Schutzm\u00f6glichkeiten<\/strong><\/p>\n\n\n\n<p>Er h\u00e4lt den hohen Dr\u00fccken stand, die mit fast allen Arten von St\u00e4uben verbunden sind: ST1 organische St\u00e4ube (Getreide, Kohle, Zucker, Mehl), ST2 organische St\u00e4ube (chemische, pharmazeutische) und Metallst\u00e4ube (Aluminium, Eisen, Zink und andere Legierungen).<\/p>\n<\/div>\n<\/div>\n\n\n\n<div class=\"col-lg-12 p-0\">\n                <div id=\"videoBanner\" class=\"video-banner bg-overlay\" style=\"background-image: url(&quot;\/wp-content\/uploads\/2022\/09\/fike-klein-f2a066e3.jpg&quot;); background-size: cover; background-position: center center;\">\n                    <div class=\"video__btn text-center\">\n                        <a class=\"popup-video\" href=\"\/video\/fike-dfi.mp4\">\n                            <span class=\"video__player-animation\"><\/span>\n                            <span class=\"video__player-animation video__player-animation-2\"><\/span>\n                            <div class=\"video__player\">\n                                <i class=\"fa fa-play\"><\/i>\n                            <\/div>\n                        <\/a>\n                    <\/div><!-- \/.video__btn -->\n                <\/div><!-- \/.videobanner -->\n            <\/div>\n","protected":false},"excerpt":{"rendered":"<p>Absperrventil Das DFI-Explosionsschutzventil arbeitet passiv (durchflussaktiviert), d. h. es ist keine externe Energie erforderlich, um [&hellip;]<\/p>\n","protected":false},"author":1,"featured_media":84,"parent":89,"menu_order":0,"comment_status":"closed","ping_status":"closed","template":"kg_products_template.php","meta":{"pgc_sgb_lightbox_settings":"","footnotes":""},"categories":[14],"tags":[],"class_list":["post-83","page","type-page","status-publish","has-post-thumbnail","hentry","category-explosionsschutzventil"],"yoast_head":"<!-- This site is optimized with the Yoast SEO plugin v27.1.1 - https:\/\/yoast.com\/product\/yoast-seo-wordpress\/ -->\n<title>Dual-Flap Isolation (DFI) Explosionsschutzventil - CORONA Serwis<\/title>\n<meta name=\"robots\" content=\"index, follow, max-snippet:-1, max-image-preview:large, max-video-preview:-1\" \/>\n<link rel=\"canonical\" href=\"https:\/\/corona1.eu\/de\/explosionsgeschuetzte-ventile\/dual-flap-isolation-dfi-explosionsschutzventil\/\" \/>\n<meta property=\"og:locale\" content=\"de_DE\" \/>\n<meta property=\"og:type\" content=\"article\" \/>\n<meta property=\"og:title\" content=\"Dual-Flap Isolation (DFI) Explosionsschutzventil - CORONA Serwis\" \/>\n<meta property=\"og:description\" content=\"Absperrventil Das DFI-Explosionsschutzventil arbeitet passiv (durchflussaktiviert), d. h. es ist keine externe Energie erforderlich, um [&hellip;]\" \/>\n<meta property=\"og:url\" content=\"https:\/\/corona1.eu\/de\/explosionsgeschuetzte-ventile\/dual-flap-isolation-dfi-explosionsschutzventil\/\" \/>\n<meta property=\"og:site_name\" content=\"CORONA Serwis\" \/>\n<meta property=\"article:modified_time\" content=\"2025-02-27T08:37:01+00:00\" \/>\n<meta property=\"og:image\" content=\"https:\/\/corona1.eu\/de\/wp-content\/uploads\/2025\/02\/zawor_dfi_4_2022.png\" \/>\n\t<meta property=\"og:image:width\" content=\"500\" \/>\n\t<meta property=\"og:image:height\" content=\"500\" \/>\n\t<meta property=\"og:image:type\" content=\"image\/png\" \/>\n<meta name=\"twitter:card\" content=\"summary_large_image\" \/>\n<meta name=\"twitter:label1\" content=\"Gesch\u00e4tzte Lesezeit\" \/>\n\t<meta name=\"twitter:data1\" content=\"3\u00a0Minuten\" \/>\n<script type=\"application\/ld+json\" class=\"yoast-schema-graph\">{\"@context\":\"https:\/\/schema.org\",\"@graph\":[{\"@type\":\"WebPage\",\"@id\":\"https:\/\/corona1.eu\/de\/explosionsgeschuetzte-ventile\/dual-flap-isolation-dfi-explosionsschutzventil\/\",\"url\":\"https:\/\/corona1.eu\/de\/explosionsgeschuetzte-ventile\/dual-flap-isolation-dfi-explosionsschutzventil\/\",\"name\":\"Dual-Flap Isolation (DFI) Explosionsschutzventil - CORONA Serwis\",\"isPartOf\":{\"@id\":\"https:\/\/corona1.eu\/de\/#website\"},\"primaryImageOfPage\":{\"@id\":\"https:\/\/corona1.eu\/de\/explosionsgeschuetzte-ventile\/dual-flap-isolation-dfi-explosionsschutzventil\/#primaryimage\"},\"image\":{\"@id\":\"https:\/\/corona1.eu\/de\/explosionsgeschuetzte-ventile\/dual-flap-isolation-dfi-explosionsschutzventil\/#primaryimage\"},\"thumbnailUrl\":\"https:\/\/corona1.eu\/de\/wp-content\/uploads\/2025\/02\/zawor_dfi_4_2022.png\",\"datePublished\":\"2025-02-27T08:24:45+00:00\",\"dateModified\":\"2025-02-27T08:37:01+00:00\",\"breadcrumb\":{\"@id\":\"https:\/\/corona1.eu\/de\/explosionsgeschuetzte-ventile\/dual-flap-isolation-dfi-explosionsschutzventil\/#breadcrumb\"},\"inLanguage\":\"de\",\"potentialAction\":[{\"@type\":\"ReadAction\",\"target\":[\"https:\/\/corona1.eu\/de\/explosionsgeschuetzte-ventile\/dual-flap-isolation-dfi-explosionsschutzventil\/\"]}]},{\"@type\":\"ImageObject\",\"inLanguage\":\"de\",\"@id\":\"https:\/\/corona1.eu\/de\/explosionsgeschuetzte-ventile\/dual-flap-isolation-dfi-explosionsschutzventil\/#primaryimage\",\"url\":\"https:\/\/corona1.eu\/de\/wp-content\/uploads\/2025\/02\/zawor_dfi_4_2022.png\",\"contentUrl\":\"https:\/\/corona1.eu\/de\/wp-content\/uploads\/2025\/02\/zawor_dfi_4_2022.png\",\"width\":500,\"height\":500},{\"@type\":\"BreadcrumbList\",\"@id\":\"https:\/\/corona1.eu\/de\/explosionsgeschuetzte-ventile\/dual-flap-isolation-dfi-explosionsschutzventil\/#breadcrumb\",\"itemListElement\":[{\"@type\":\"ListItem\",\"position\":1,\"name\":\"Startseite\",\"item\":\"https:\/\/corona1.eu\/de\/\"},{\"@type\":\"ListItem\",\"position\":2,\"name\":\"Explosionsgesch\u00fctzte Ventile\",\"item\":\"https:\/\/corona1.eu\/de\/explosionsgeschuetzte-ventile\/\"},{\"@type\":\"ListItem\",\"position\":3,\"name\":\"Dual-Flap Isolation (DFI) Explosionsschutzventil\"}]},{\"@type\":\"WebSite\",\"@id\":\"https:\/\/corona1.eu\/de\/#website\",\"url\":\"https:\/\/corona1.eu\/de\/\",\"name\":\"CORONA Serwis\",\"description\":\"\",\"potentialAction\":[{\"@type\":\"SearchAction\",\"target\":{\"@type\":\"EntryPoint\",\"urlTemplate\":\"https:\/\/corona1.eu\/de\/?s={search_term_string}\"},\"query-input\":{\"@type\":\"PropertyValueSpecification\",\"valueRequired\":true,\"valueName\":\"search_term_string\"}}],\"inLanguage\":\"de\"}]}<\/script>\n<!-- \/ Yoast SEO plugin. -->","yoast_head_json":{"title":"Dual-Flap Isolation (DFI) Explosionsschutzventil - CORONA Serwis","robots":{"index":"index","follow":"follow","max-snippet":"max-snippet:-1","max-image-preview":"max-image-preview:large","max-video-preview":"max-video-preview:-1"},"canonical":"https:\/\/corona1.eu\/de\/explosionsgeschuetzte-ventile\/dual-flap-isolation-dfi-explosionsschutzventil\/","og_locale":"de_DE","og_type":"article","og_title":"Dual-Flap Isolation (DFI) Explosionsschutzventil - CORONA Serwis","og_description":"Absperrventil Das DFI-Explosionsschutzventil arbeitet passiv (durchflussaktiviert), d. h. es ist keine externe Energie erforderlich, um [&hellip;]","og_url":"https:\/\/corona1.eu\/de\/explosionsgeschuetzte-ventile\/dual-flap-isolation-dfi-explosionsschutzventil\/","og_site_name":"CORONA Serwis","article_modified_time":"2025-02-27T08:37:01+00:00","og_image":[{"width":500,"height":500,"url":"https:\/\/corona1.eu\/de\/wp-content\/uploads\/2025\/02\/zawor_dfi_4_2022.png","type":"image\/png"}],"twitter_card":"summary_large_image","twitter_misc":{"Gesch\u00e4tzte Lesezeit":"3\u00a0Minuten"},"schema":{"@context":"https:\/\/schema.org","@graph":[{"@type":"WebPage","@id":"https:\/\/corona1.eu\/de\/explosionsgeschuetzte-ventile\/dual-flap-isolation-dfi-explosionsschutzventil\/","url":"https:\/\/corona1.eu\/de\/explosionsgeschuetzte-ventile\/dual-flap-isolation-dfi-explosionsschutzventil\/","name":"Dual-Flap Isolation (DFI) Explosionsschutzventil - CORONA Serwis","isPartOf":{"@id":"https:\/\/corona1.eu\/de\/#website"},"primaryImageOfPage":{"@id":"https:\/\/corona1.eu\/de\/explosionsgeschuetzte-ventile\/dual-flap-isolation-dfi-explosionsschutzventil\/#primaryimage"},"image":{"@id":"https:\/\/corona1.eu\/de\/explosionsgeschuetzte-ventile\/dual-flap-isolation-dfi-explosionsschutzventil\/#primaryimage"},"thumbnailUrl":"https:\/\/corona1.eu\/de\/wp-content\/uploads\/2025\/02\/zawor_dfi_4_2022.png","datePublished":"2025-02-27T08:24:45+00:00","dateModified":"2025-02-27T08:37:01+00:00","breadcrumb":{"@id":"https:\/\/corona1.eu\/de\/explosionsgeschuetzte-ventile\/dual-flap-isolation-dfi-explosionsschutzventil\/#breadcrumb"},"inLanguage":"de","potentialAction":[{"@type":"ReadAction","target":["https:\/\/corona1.eu\/de\/explosionsgeschuetzte-ventile\/dual-flap-isolation-dfi-explosionsschutzventil\/"]}]},{"@type":"ImageObject","inLanguage":"de","@id":"https:\/\/corona1.eu\/de\/explosionsgeschuetzte-ventile\/dual-flap-isolation-dfi-explosionsschutzventil\/#primaryimage","url":"https:\/\/corona1.eu\/de\/wp-content\/uploads\/2025\/02\/zawor_dfi_4_2022.png","contentUrl":"https:\/\/corona1.eu\/de\/wp-content\/uploads\/2025\/02\/zawor_dfi_4_2022.png","width":500,"height":500},{"@type":"BreadcrumbList","@id":"https:\/\/corona1.eu\/de\/explosionsgeschuetzte-ventile\/dual-flap-isolation-dfi-explosionsschutzventil\/#breadcrumb","itemListElement":[{"@type":"ListItem","position":1,"name":"Startseite","item":"https:\/\/corona1.eu\/de\/"},{"@type":"ListItem","position":2,"name":"Explosionsgesch\u00fctzte Ventile","item":"https:\/\/corona1.eu\/de\/explosionsgeschuetzte-ventile\/"},{"@type":"ListItem","position":3,"name":"Dual-Flap Isolation (DFI) Explosionsschutzventil"}]},{"@type":"WebSite","@id":"https:\/\/corona1.eu\/de\/#website","url":"https:\/\/corona1.eu\/de\/","name":"CORONA Serwis","description":"","potentialAction":[{"@type":"SearchAction","target":{"@type":"EntryPoint","urlTemplate":"https:\/\/corona1.eu\/de\/?s={search_term_string}"},"query-input":{"@type":"PropertyValueSpecification","valueRequired":true,"valueName":"search_term_string"}}],"inLanguage":"de"}]}},"_links":{"self":[{"href":"https:\/\/corona1.eu\/de\/wp-json\/wp\/v2\/pages\/83","targetHints":{"allow":["GET"]}}],"collection":[{"href":"https:\/\/corona1.eu\/de\/wp-json\/wp\/v2\/pages"}],"about":[{"href":"https:\/\/corona1.eu\/de\/wp-json\/wp\/v2\/types\/page"}],"author":[{"embeddable":true,"href":"https:\/\/corona1.eu\/de\/wp-json\/wp\/v2\/users\/1"}],"replies":[{"embeddable":true,"href":"https:\/\/corona1.eu\/de\/wp-json\/wp\/v2\/comments?post=83"}],"version-history":[{"count":1,"href":"https:\/\/corona1.eu\/de\/wp-json\/wp\/v2\/pages\/83\/revisions"}],"predecessor-version":[{"id":85,"href":"https:\/\/corona1.eu\/de\/wp-json\/wp\/v2\/pages\/83\/revisions\/85"}],"up":[{"embeddable":true,"href":"https:\/\/corona1.eu\/de\/wp-json\/wp\/v2\/pages\/89"}],"wp:featuredmedia":[{"embeddable":true,"href":"https:\/\/corona1.eu\/de\/wp-json\/wp\/v2\/media\/84"}],"wp:attachment":[{"href":"https:\/\/corona1.eu\/de\/wp-json\/wp\/v2\/media?parent=83"}],"wp:term":[{"taxonomy":"category","embeddable":true,"href":"https:\/\/corona1.eu\/de\/wp-json\/wp\/v2\/categories?post=83"},{"taxonomy":"post_tag","embeddable":true,"href":"https:\/\/corona1.eu\/de\/wp-json\/wp\/v2\/tags?post=83"}],"curies":[{"name":"wp","href":"https:\/\/api.w.org\/{rel}","templated":true}]}}