{"id":736,"date":"2025-07-10T11:00:52","date_gmt":"2025-07-10T09:00:52","guid":{"rendered":"https:\/\/corona1.eu\/de\/?page_id=736"},"modified":"2025-07-10T11:03:41","modified_gmt":"2025-07-10T09:03:41","slug":"uber-uns","status":"publish","type":"page","link":"https:\/\/corona1.eu\/de\/uber-uns\/","title":{"rendered":"\u00dcber uns"},"content":{"rendered":"\n<section id=\"aboutLayout2\" class=\"about about-layout2 pt-120 pb-40\">\n\n    <div class=\"container\">\n\n        <div class=\"row\">\n\n            <div class=\"col-sm-12 col-md-12 col-lg-12 col-xl-12\">\n\n                <div class=\"heading heading-3 mb-50\">\n\n                   <span class=\"heading__subtitle\">Globale Standards f\u00fcr Sicherheitssysteme<\/span>\n\n                    <h2 class=\"heading__title\">Seit mehr als 30 Jahren sichern wir Industrieanlagen in Polen und auf der ganzen Welt!\n\n                    <\/h2>\n\n                <\/div><!-- \/heading -->\n\n\n            <\/div><!-- \/.col-xl-9 -->\n\n\n        <\/div><!-- \/.row -->\n\n\n        <div class=\"row\">\n\n            <div class=\"col-sm-12 col-md-10 col-lg-6 col-xl-5\">\n\n                <div class=\"about__img mb-50\">\n\n                    <!-- <img decoding=\"async\" src=\"\/wp-content\/uploads\/2022\/10\/wieslaw_jobczyk.webp\" alt=\"about\" class=\"img-fluid\"> -->\n\n\n                    <img decoding=\"async\" src=\"\/wp-content\/uploads\/2025\/01\/pp.png\" alt=\"about\" class=\"img-fluid\">\n\n                    <!-- <div class=\"cta__banner\">\n\n                        <div class=\"cta__icon\">\n\n                            <i class=\"icon-gears\"><\/i>\n\n                        <\/div>\n\n                        <h5 class=\"cta__title\">Latest Solutions, And <br> Decades Of Experience.<\/h5>\n\n                        <a href=\"#\" class=\"btn btn__white btn__link\">\n\n                            <i class=\"icon-arrow-right arrow-rounded arrow-rounded-white\"><\/i>\n\n                        <\/a>\n\n                    <\/div> -->\n\n\n                <\/div><!-- \/.about-img -->\n\n\n            <\/div><!-- \/.col-xl-5 -->\n\n\n            <div class=\"col-sm-12 col-md-12 col-lg-6 col-xl-7\">\n\n                <div class=\"about__text mb-30\">\n\n                    <p>Wir setzen modernste L\u00f6sungen f\u00fcr den Explosionsschutz und die Gew\u00e4hrleistung der Kontinuit\u00e4t des Produktionsprozesses um. Wir arbeiten mit den besten Herstellern in Europa und den Vereinigten Staaten zusammen. Wir sind \u00fcberall dort t\u00e4tig, wo Explosionsgefahr besteht, wo Anlagen unter hohem Druck stehen, wo heftige chemische Reaktionen stattfinden oder wo dynamische exotherme Ph\u00e4nomene ablaufen. <\/p>\n\n                    <p class=\"d-none d-lg-block\">Wir f\u00fchren unsere Aufgaben umfassend aus &#8211; von der Auslegung und Auswahl einer geeigneten Schutzeinrichtung \u00fcber deren Installation bis hin zur sp\u00e4teren Wartung.<\/p>\n\n                    <p class=\"d-none d-lg-block\">Angefangen haben wir als kleines Unternehmen mit einem Team von wenigen Mitarbeitern. Heute, nach mehr als 30 Jahren, haben wir Dutzende der besten Experten der Branche in unseren Reihen. Ich habe keinen Zweifel daran, dass dies unsere St\u00e4rke ausmacht. Die letzten Jahrzehnte waren eine Zeit der st\u00e4ndigen Entwicklung. Wir beobachten das Marktgeschehen genau und passen unser Angebot an, um auch die Erwartungen der anspruchsvollsten Unternehmer zu erf\u00fcllen.<\/p>\n\n                    <p class=\"d-none d-lg-block\">Wir erweitern st\u00e4ndig unsere Produktpalette, insbesondere durch innovative L\u00f6sungen, gehen neue Partnerschaften ein und realisieren immer mehr interessante Projekte. Gleichzeitig arbeiten wir aber auch weiterhin auf der Grundlage der gleichen Werte wie vor 30 Jahren. <\/p>\n\n                <\/div>\n\n                <!-- <ul class=\"list-items list-items-layout2 list-unstyled mb-30\">\n\n                    <li>Opracowania ATEX i HAZOP (badania py\u0142\u00f3w)<\/li>\n\n                    <li>Aktywne systemy przeciwwybuchowe<\/li>\n\n                    <li>P\u0142ytki bezpiecze\u0144stwa<\/li>\n\n                    <li>Pasywne systemy przeciwwybuchowe<\/li>\n\n                    <li>Systemy pompowe<\/li>\n\n                    <li>Polimery<\/li>\n\n                    <li>Detektory ognia i gazu<\/li>\n\n                    <li>Uziemienia elektrostatyczne<\/li>\n\n                    <li>Ochrona transformator\u00f3w<\/li>\n\n                <\/ul> -->\n\n\n                <div class=\"about__signature mb-30\">\n\n                    <!--<a href=\"\/o-nas\/\" class=\"btn btn__primary btn__bordered mr-40\">Dowiedz si\u0119 wi\u0119cej<\/a>-->\n\n\n                    <img decoding=\"async\" style=\"max-height: 55px;\" src=\"\/wp-content\/themes\/wpbstarter-child\/assets\/images\/strona_glowna\/podpis.webp\" alt=\"singnture\" class=\"signature\">\n\n                <\/div>\n\n            <\/div><!-- \/.col-xl-4 -->\n\n\n        <\/div><!-- \/.row -->\n\n\n    <\/div><!-- \/.container -->\n\n\n<\/section><!-- \/.About Layout 2 -->\n\n\n\n<hr class=\"wp-block-separator has-text-color has-luminous-vivid-amber-color has-alpha-channel-opacity has-luminous-vivid-amber-background-color has-background is-style-wide my-5\"\/>\n\n\n\n<div class=\"wp-block-columns is-layout-flex wp-container-core-columns-is-layout-9d6595d7 wp-block-columns-is-layout-flex\">\n<div class=\"wp-block-column is-layout-flow wp-block-column-is-layout-flow\" style=\"flex-basis:33.33%\">\n<figure class=\"wp-block-image size-large\"><img decoding=\"async\" src=\"https:\/\/corona1.eu\/wp-content\/uploads\/2022\/09\/o_nas.png\" alt=\"\"\/><\/figure>\n<\/div>\n\n\n\n<div class=\"wp-block-column is-vertically-aligned-center is-layout-flow wp-block-column-is-layout-flow\" style=\"flex-basis:66.66%\">\n<h2 class=\"wp-block-heading\">CORONA Sicherheitssysteme f\u00fcr die Industrie<\/h2>\n\n\n\n<p>Sich um die Sicherheit anderer zu k\u00fcmmern, ist eine gro\u00dfe Verantwortung. Seit Jahren nehmen wir diese Aufgabe f\u00fcr unsere Kunden wahr. Dank ihres Vertrauens liegt nicht nur die Sicherheit von Eigentum oder der Umwelt in unseren H\u00e4nden, sondern vor allem die Gesundheit und das Leben von Menschen. Deshalb gehen wir die uns anvertrauten Aufgaben mit gr\u00f6\u00dfter Sorgfalt und Aufmerksamkeit bis ins kleinste Detail an.<\/p>\n\n\n\n<p>Dank unserer fast 30-j\u00e4hrigen T\u00e4tigkeit in der Prozesssicherheitsbranche konnten wir das Vertrauen von Kunden aus der ganzen Welt gewinnen, nicht nur aus Polen. Unsere Dienstleistungen wurden bereits von mehreren hundert Unternehmen aus mehr als 20 L\u00e4ndern auf 5 Kontinenten in Anspruch genommen. CORONA Serwis hat u.a. in Deutschland, Frankreich und den Vereinigten Staaten Dienstleistungen erbracht. Viele Kunden arbeiten schon seit vielen Jahren mit uns zusammen und tun dies auch heute noch.<\/p>\n\n\n\n<a href=\"\/de\/kontakt\/\" class=\"btn btn__secondary btn__link pt-3 pl-3\">\n  <i class=\"icon-arrow-right arrow-rounded\"><\/i>\n  <span>Kontaktieren Sie uns<\/span>\n<\/a>\n<\/div>\n<\/div>\n\n\n\n<hr class=\"wp-block-separator has-text-color has-luminous-vivid-amber-color has-alpha-channel-opacity has-luminous-vivid-amber-background-color has-background is-style-wide my-5\"\/>\n\n\n\n<div class=\"wp-block-columns is-layout-flex wp-container-core-columns-is-layout-9d6595d7 wp-block-columns-is-layout-flex\">\n<div class=\"wp-block-column is-layout-flow wp-block-column-is-layout-flow\">\n<h3 class=\"wp-block-heading\">Qualifizierte Experten<\/h3>\n\n\n\n<p>Langj\u00e4hrige Erfahrung, die besten Fachleute auf dem Markt und h\u00f6chste Qualit\u00e4t der Dienstleistung &#8211; das ist <strong>CORONA Service<\/strong>. Seit 1991 bieten wir Dienstleistungen im Bereich der Anlagensicherheit an. \u00dcberall dort, wo Explosionsgefahr besteht, wo Anlagen unter hohem Druck stehen, wo heftige chemische Reaktionen ablaufen oder wo es zu dynamischen exothermen Erscheinungen kommt, brauchen Sie unsere Spezialisten. Wir verkaufen, installieren und warten u.a. hochwertige explosionsgesch\u00fctzte Ger\u00e4te wie Atemventile, Zahnradpumpen oder Sicherheitsplatten. Wir f\u00fchren auch Explosionssicherheitsaudits durch und erstellen alle Arten von Dokumentationen zur Explosionsrisikoanalyse.<\/p>\n<\/div>\n\n\n\n<div class=\"wp-block-column is-layout-flow wp-block-column-is-layout-flow\">\n<h3 class=\"wp-block-heading\">Produkte von den besten Herstellern<\/h3>\n\n\n\n<p>Wir sind uns bewusst, dass vom richtigen Sicherheitssystem nicht nur der Zustand des Eigentums von Unternehmen und der Umgebung abh\u00e4ngt, sondern vor allem die Gesundheit und das Leben von Menschen. Und das ist f\u00fcr uns das Wichtigste. Aus diesem Grund arbeiten wir seit Beginn unserer T\u00e4tigkeit mit den besten Herstellern der Branche zusammen und bieten unseren Kunden Produkte von h\u00f6chster Qualit\u00e4t an. Unsere Dienstleistungen werden von Vertretern polnischer und ausl\u00e4ndischer Marken in Anspruch genommen, f\u00fcr die sichere Arbeitsbedingungen eine Priorit\u00e4t sind. Wir bieten Schutzma\u00dfnahmen an, die in der Industrie, im Lebensmittel- und im Pharmasektor erfolgreich eingesetzt werden. Die von uns verwendeten Technologien sind eine Kombination aus Modernit\u00e4t und traditioneller Zuverl\u00e4ssigkeit.<\/p>\n<\/div>\n<\/div>\n\n\n\n<div class=\"wp-block-columns is-layout-flex wp-container-core-columns-is-layout-9d6595d7 wp-block-columns-is-layout-flex\">\n<div class=\"wp-block-column is-layout-flow wp-block-column-is-layout-flow\">\n<h3 class=\"wp-block-heading\">Verantwortung im Gesch\u00e4ftsleben<\/h3>\n\n\n\n<p>Sich um die Sicherheit anderer zu k\u00fcmmern, ist eine gro\u00dfe Verantwortung. Diese Aufgabe \u00fcbernehmen wir seit Jahren f\u00fcr unsere Kunden. Dank ihres Vertrauens liegt nicht nur die Sicherheit von Sachwerten oder der Umwelt in unseren H\u00e4nden, sondern vor allem auch die Gesundheit und das Leben von Menschen. Deshalb gehen wir die uns anvertrauten Aufgaben mit gr\u00f6\u00dfter Sorgfalt und Aufmerksamkeit bis ins kleinste Detail an.<\/p>\n<\/div>\n\n\n\n<div class=\"wp-block-column is-layout-flow wp-block-column-is-layout-flow\">\n<h3 class=\"wp-block-heading\">Ein individueller Ansatz<\/h3>\n\n\n\n<p>Wir zeichnen uns durch eine individuelle Herangehensweise an unsere Partner aus. Dabei spielt es keine Rolle, ob ein bekannter ausl\u00e4ndischer Hersteller oder ein kleiner lokaler Unternehmer unsere Dienste in Anspruch nimmt. Jede Zusammenarbeit ist f\u00fcr uns gleich wichtig. All diese Faktoren haben es CORONA erm\u00f6glicht, sich im Laufe der Jahre eine starke und stabile Position auf dem Markt zu erarbeiten.<\/p>\n<\/div>\n<\/div>\n\n\n\n<hr class=\"wp-block-separator has-text-color has-luminous-vivid-amber-color has-alpha-channel-opacity has-luminous-vivid-amber-background-color has-background is-style-wide my-5\"\/>\n\n\n\n<h3 class=\"wp-block-heading\">Unser Angebot<\/h3>\n\n\n\n<div class=\"wp-block-columns is-layout-flex wp-container-core-columns-is-layout-9d6595d7 wp-block-columns-is-layout-flex\">\n<div class=\"wp-block-column is-layout-flow wp-block-column-is-layout-flow\">\n<p><strong>Dokumentation und technische Beratung (Audits):<\/strong><\/p>\n\n\n\n<ul class=\"wp-block-list\">\n<li>analyse des Explosionsrisikos (auch spezialisierte Audits nach Explosionen)<\/li>\n\n\n\n<li>risikoanalyse von explosiven Atmosph\u00e4ren (St\u00e4ube, Pulver, Gase, D\u00e4mpfe, Fl\u00fcssigkeiten)<\/li>\n\n\n\n<li>dokumentation des Explosionsschutzes<\/li>\n\n\n\n<li>klassifizierung von explosionsf\u00e4higen Atmosph\u00e4ren<\/li>\n\n\n\n<li>zertifizierung von Maschinen nach den Anforderungen der Maschinenrichtlinie<\/li>\n\n\n\n<li>\u00fcberpr\u00fcfung der technischen Dokumentation zum Explosionsschutz von Ger\u00e4ten und verfahrenstechnischen Anlagen<\/li>\n\n\n\n<li>bestandsaufnahme von verfahrenstechnischen Anlagen zur Risikobeurteilung und zum Schutz der Anlagen vor Explosionseinwirkungen<\/li>\n\n\n\n<li>durchf\u00fchrung von Fachgutachten und Sachverst\u00e4ndigengutachten zur Anlagensicherheit im Betrieb des Auftraggebers<\/li>\n\n\n\n<li>auslegung von Sicherheitssystemen nach den spezifischen Anforderungen der zu sch\u00fctzenden Anlage<\/li>\n\n\n\n<li>\u00fcberwachung der Anlagensicherheit im Hinblick auf Aktualit\u00e4t und Korrektheit der angewandten Schutzma\u00dfnahmen<\/li>\n\n\n\n<li>abnahme von Investitionen in die Anlage des Kunden in Bezug auf die Explosionssicherheit nach polnischem Recht<\/li>\n\n\n\n<li>sIL-Analysen<\/li>\n\n\n\n<li>pHA-Analysen<\/li>\n\n\n\n<li>entwicklung und Organisation von HAZOP (auch CHAZOP)<\/li>\n<\/ul>\n<\/div>\n\n\n\n<div class=\"wp-block-column is-layout-flow wp-block-column-is-layout-flow\">\n<p><strong>Ausr\u00fcstungsleistungen (Entwurf, Berechnung und Lieferung einschlie\u00dflich Montage und anschlie\u00dfender Wartung):<\/strong><\/p>\n\n\n\n<ul class=\"wp-block-list\">\n<li>atmungsventile (Vakuum\/\u00dcberdruck) mit Flammensperren in verschiedenen Konfigurationen<\/li>\n\n\n\n<li>sicherheitsventile (federbelastet, pilotgesteuert)<\/li>\n\n\n\n<li>zahnradpumpen f\u00fcr ein breites Spektrum an viskosen Medien<\/li>\n\n\n\n<li>filter f\u00fcr Anwendungen in der Kunststoffverarbeitung<\/li>\n\n\n\n<li>sicherheitsplatten (Druckkissen)<\/li>\n\n\n\n<li>hRD aktive Explosionsschutzsysteme<\/li>\n\n\n\n<li>passive Explosionsschutzsysteme (Gegendruckklappen)<\/li>\n\n\n\n<li>flamQuench flammenlose Explosionsentlastung<\/li>\n\n\n\n<li>montage von Explosionsschutzsystemen einschlie\u00dflich der Vorbereitung von Apparaten und Prozessanlagen f\u00fcr die Montage<\/li>\n\n\n\n<li>lieferung von Explosionsschutzsystemen zum Schutz einzelner Apparate und ganzer Anlagen gegen die Folgen einer unkontrollierten Explosion<\/li>\n<\/ul>\n<\/div>\n<\/div>\n\n\n\n<p><\/p>\n","protected":false},"excerpt":{"rendered":"<p>Globale Standards f\u00fcr Sicherheitssysteme Seit mehr als 30 Jahren sichern wir Industrieanlagen in Polen und [&hellip;]<\/p>\n","protected":false},"author":1,"featured_media":737,"parent":0,"menu_order":0,"comment_status":"closed","ping_status":"closed","template":"kg_products_list_template.php","meta":{"pgc_sgb_lightbox_settings":"","footnotes":""},"categories":[42],"tags":[],"class_list":["post-736","page","type-page","status-publish","has-post-thumbnail","hentry","category-none"],"yoast_head":"<!-- This site is optimized with the Yoast SEO plugin v27.1.1 - https:\/\/yoast.com\/product\/yoast-seo-wordpress\/ -->\n<title>\u00dcber uns - CORONA Serwis<\/title>\n<meta name=\"robots\" content=\"index, follow, max-snippet:-1, max-image-preview:large, max-video-preview:-1\" \/>\n<link rel=\"canonical\" href=\"https:\/\/corona1.eu\/de\/uber-uns\/\" \/>\n<meta property=\"og:locale\" content=\"de_DE\" \/>\n<meta property=\"og:type\" content=\"article\" \/>\n<meta property=\"og:title\" content=\"\u00dcber uns - CORONA Serwis\" \/>\n<meta property=\"og:description\" content=\"Globale Standards f\u00fcr Sicherheitssysteme Seit mehr als 30 Jahren sichern wir Industrieanlagen in Polen und [&hellip;]\" \/>\n<meta property=\"og:url\" content=\"https:\/\/corona1.eu\/de\/uber-uns\/\" \/>\n<meta property=\"og:site_name\" content=\"CORONA Serwis\" \/>\n<meta property=\"article:modified_time\" content=\"2025-07-10T09:03:41+00:00\" \/>\n<meta property=\"og:image\" content=\"https:\/\/corona1.eu\/de\/wp-content\/uploads\/2025\/07\/future-building-construction-engineering-project.jpg\" \/>\n\t<meta property=\"og:image:width\" content=\"1200\" \/>\n\t<meta property=\"og:image:height\" content=\"675\" \/>\n\t<meta property=\"og:image:type\" content=\"image\/jpeg\" \/>\n<meta name=\"twitter:card\" content=\"summary_large_image\" \/>\n<meta name=\"twitter:label1\" content=\"Gesch\u00e4tzte Lesezeit\" \/>\n\t<meta name=\"twitter:data1\" content=\"6\u00a0Minuten\" \/>\n<script type=\"application\/ld+json\" class=\"yoast-schema-graph\">{\"@context\":\"https:\/\/schema.org\",\"@graph\":[{\"@type\":\"WebPage\",\"@id\":\"https:\/\/corona1.eu\/de\/uber-uns\/\",\"url\":\"https:\/\/corona1.eu\/de\/uber-uns\/\",\"name\":\"\u00dcber uns - CORONA Serwis\",\"isPartOf\":{\"@id\":\"https:\/\/corona1.eu\/de\/#website\"},\"primaryImageOfPage\":{\"@id\":\"https:\/\/corona1.eu\/de\/uber-uns\/#primaryimage\"},\"image\":{\"@id\":\"https:\/\/corona1.eu\/de\/uber-uns\/#primaryimage\"},\"thumbnailUrl\":\"https:\/\/corona1.eu\/de\/wp-content\/uploads\/2025\/07\/future-building-construction-engineering-project.jpg\",\"datePublished\":\"2025-07-10T09:00:52+00:00\",\"dateModified\":\"2025-07-10T09:03:41+00:00\",\"breadcrumb\":{\"@id\":\"https:\/\/corona1.eu\/de\/uber-uns\/#breadcrumb\"},\"inLanguage\":\"de\",\"potentialAction\":[{\"@type\":\"ReadAction\",\"target\":[\"https:\/\/corona1.eu\/de\/uber-uns\/\"]}]},{\"@type\":\"ImageObject\",\"inLanguage\":\"de\",\"@id\":\"https:\/\/corona1.eu\/de\/uber-uns\/#primaryimage\",\"url\":\"https:\/\/corona1.eu\/de\/wp-content\/uploads\/2025\/07\/future-building-construction-engineering-project.jpg\",\"contentUrl\":\"https:\/\/corona1.eu\/de\/wp-content\/uploads\/2025\/07\/future-building-construction-engineering-project.jpg\",\"width\":1200,\"height\":675},{\"@type\":\"BreadcrumbList\",\"@id\":\"https:\/\/corona1.eu\/de\/uber-uns\/#breadcrumb\",\"itemListElement\":[{\"@type\":\"ListItem\",\"position\":1,\"name\":\"Startseite\",\"item\":\"https:\/\/corona1.eu\/de\/\"},{\"@type\":\"ListItem\",\"position\":2,\"name\":\"\u00dcber uns\"}]},{\"@type\":\"WebSite\",\"@id\":\"https:\/\/corona1.eu\/de\/#website\",\"url\":\"https:\/\/corona1.eu\/de\/\",\"name\":\"CORONA Serwis\",\"description\":\"\",\"potentialAction\":[{\"@type\":\"SearchAction\",\"target\":{\"@type\":\"EntryPoint\",\"urlTemplate\":\"https:\/\/corona1.eu\/de\/?s={search_term_string}\"},\"query-input\":{\"@type\":\"PropertyValueSpecification\",\"valueRequired\":true,\"valueName\":\"search_term_string\"}}],\"inLanguage\":\"de\"}]}<\/script>\n<!-- \/ Yoast SEO plugin. -->","yoast_head_json":{"title":"\u00dcber uns - CORONA Serwis","robots":{"index":"index","follow":"follow","max-snippet":"max-snippet:-1","max-image-preview":"max-image-preview:large","max-video-preview":"max-video-preview:-1"},"canonical":"https:\/\/corona1.eu\/de\/uber-uns\/","og_locale":"de_DE","og_type":"article","og_title":"\u00dcber uns - CORONA Serwis","og_description":"Globale Standards f\u00fcr Sicherheitssysteme Seit mehr als 30 Jahren sichern wir Industrieanlagen in Polen und [&hellip;]","og_url":"https:\/\/corona1.eu\/de\/uber-uns\/","og_site_name":"CORONA Serwis","article_modified_time":"2025-07-10T09:03:41+00:00","og_image":[{"width":1200,"height":675,"url":"https:\/\/corona1.eu\/de\/wp-content\/uploads\/2025\/07\/future-building-construction-engineering-project.jpg","type":"image\/jpeg"}],"twitter_card":"summary_large_image","twitter_misc":{"Gesch\u00e4tzte Lesezeit":"6\u00a0Minuten"},"schema":{"@context":"https:\/\/schema.org","@graph":[{"@type":"WebPage","@id":"https:\/\/corona1.eu\/de\/uber-uns\/","url":"https:\/\/corona1.eu\/de\/uber-uns\/","name":"\u00dcber uns - CORONA Serwis","isPartOf":{"@id":"https:\/\/corona1.eu\/de\/#website"},"primaryImageOfPage":{"@id":"https:\/\/corona1.eu\/de\/uber-uns\/#primaryimage"},"image":{"@id":"https:\/\/corona1.eu\/de\/uber-uns\/#primaryimage"},"thumbnailUrl":"https:\/\/corona1.eu\/de\/wp-content\/uploads\/2025\/07\/future-building-construction-engineering-project.jpg","datePublished":"2025-07-10T09:00:52+00:00","dateModified":"2025-07-10T09:03:41+00:00","breadcrumb":{"@id":"https:\/\/corona1.eu\/de\/uber-uns\/#breadcrumb"},"inLanguage":"de","potentialAction":[{"@type":"ReadAction","target":["https:\/\/corona1.eu\/de\/uber-uns\/"]}]},{"@type":"ImageObject","inLanguage":"de","@id":"https:\/\/corona1.eu\/de\/uber-uns\/#primaryimage","url":"https:\/\/corona1.eu\/de\/wp-content\/uploads\/2025\/07\/future-building-construction-engineering-project.jpg","contentUrl":"https:\/\/corona1.eu\/de\/wp-content\/uploads\/2025\/07\/future-building-construction-engineering-project.jpg","width":1200,"height":675},{"@type":"BreadcrumbList","@id":"https:\/\/corona1.eu\/de\/uber-uns\/#breadcrumb","itemListElement":[{"@type":"ListItem","position":1,"name":"Startseite","item":"https:\/\/corona1.eu\/de\/"},{"@type":"ListItem","position":2,"name":"\u00dcber uns"}]},{"@type":"WebSite","@id":"https:\/\/corona1.eu\/de\/#website","url":"https:\/\/corona1.eu\/de\/","name":"CORONA Serwis","description":"","potentialAction":[{"@type":"SearchAction","target":{"@type":"EntryPoint","urlTemplate":"https:\/\/corona1.eu\/de\/?s={search_term_string}"},"query-input":{"@type":"PropertyValueSpecification","valueRequired":true,"valueName":"search_term_string"}}],"inLanguage":"de"}]}},"_links":{"self":[{"href":"https:\/\/corona1.eu\/de\/wp-json\/wp\/v2\/pages\/736","targetHints":{"allow":["GET"]}}],"collection":[{"href":"https:\/\/corona1.eu\/de\/wp-json\/wp\/v2\/pages"}],"about":[{"href":"https:\/\/corona1.eu\/de\/wp-json\/wp\/v2\/types\/page"}],"author":[{"embeddable":true,"href":"https:\/\/corona1.eu\/de\/wp-json\/wp\/v2\/users\/1"}],"replies":[{"embeddable":true,"href":"https:\/\/corona1.eu\/de\/wp-json\/wp\/v2\/comments?post=736"}],"version-history":[{"count":4,"href":"https:\/\/corona1.eu\/de\/wp-json\/wp\/v2\/pages\/736\/revisions"}],"predecessor-version":[{"id":741,"href":"https:\/\/corona1.eu\/de\/wp-json\/wp\/v2\/pages\/736\/revisions\/741"}],"wp:featuredmedia":[{"embeddable":true,"href":"https:\/\/corona1.eu\/de\/wp-json\/wp\/v2\/media\/737"}],"wp:attachment":[{"href":"https:\/\/corona1.eu\/de\/wp-json\/wp\/v2\/media?parent=736"}],"wp:term":[{"taxonomy":"category","embeddable":true,"href":"https:\/\/corona1.eu\/de\/wp-json\/wp\/v2\/categories?post=736"},{"taxonomy":"post_tag","embeddable":true,"href":"https:\/\/corona1.eu\/de\/wp-json\/wp\/v2\/tags?post=736"}],"curies":[{"name":"wp","href":"https:\/\/api.w.org\/{rel}","templated":true}]}}