{"id":728,"date":"2025-07-10T10:57:47","date_gmt":"2025-07-10T08:57:47","guid":{"rendered":"https:\/\/corona1.eu\/de\/?page_id=728"},"modified":"2025-07-10T10:58:16","modified_gmt":"2025-07-10T08:58:16","slug":"dienst","status":"publish","type":"page","link":"https:\/\/corona1.eu\/de\/dienst\/","title":{"rendered":"Dienst"},"content":{"rendered":"\n<h2 class=\"wp-block-heading\">CORONA Dienstleistung<\/h2>\n\n\n\n<div class=\"wp-block-columns is-layout-flex wp-container-core-columns-is-layout-9d6595d7 wp-block-columns-is-layout-flex\">\n<div class=\"wp-block-column is-vertically-aligned-center is-layout-flow wp-block-column-is-layout-flow\">\n<p>Die Grundlage f\u00fcr das einwandfreie Funktionieren aller Anlagen ist deren ordnungsgem\u00e4\u00dfe Wartung. Bei den von CORONA angebotenen Produkten ist dies ein besonders wichtiger Faktor, da er direkt mit der Sicherheit der Anlage verbunden ist.<\/p>\n\n\n\n<p>Im Rahmen unseres autorisierten Service bieten wir:<\/p>\n\n\n\n<ul class=\"wp-block-list\">\n<li>regelm\u00e4\u00dfige Wartung (Wartungsb\u00fccher, die bei CORONA-Anlagen und dem Hersteller gem\u00e4\u00df den Richtlinien des Versicherers gef\u00fchrt werden)<\/li>\n\n\n\n<li>schnelle St\u00f6rungsbeseitigung 24\/7<\/li>\n\n\n\n<li>ersatz von verschlissenen Komponenten (eigenes Lager)<\/li>\n\n\n\n<li>technische Beratung<\/li>\n\n\n\n<li>modernisierung von Anlagen auf der Basis der technologischen Innovationen von CORONA Service<\/li>\n<\/ul>\n<\/div>\n\n\n\n<div class=\"wp-block-column is-layout-flow wp-block-column-is-layout-flow\">\n<p><strong>CORONA SERVICE bietet als autorisierter Vertreter des Herstellers folgende Wartungs- und \u00dcberholungsleistungen an:<\/strong><\/p>\n\n\n\n<ul class=\"wp-block-list\">\n<li>VALWO-Komplettservice von Atemventilen<\/li>\n\n\n\n<li>VALWO Flammensperren-Service im vollen Umfang<\/li>\n\n\n\n<li>Service von aktiven Explosionsunterdr\u00fcckungs- und Entkopplungssystemen von Fike EUROPE \/ CORPORATION<\/li>\n\n\n\n<li>Service von passiven Explosionsschutzsystemen FIke EUROPE \/ CORPORATION<\/li>\n\n\n\n<li>Service f\u00fcr Explosionsentkopplungsventile vom Typ VENTEX<\/li>\n\n\n\n<li>Service f\u00fcr Explosionsentkopplungsventile und Klappen<\/li>\n\n\n\n<li>Service f\u00fcr CROSBY Sicherheitsventile<\/li>\n\n\n\n<li>Service von DUDEK und MAAG Zahnradpumpen.<\/li>\n<\/ul>\n<\/div>\n<\/div>\n\n\n\n<a href=\"\/de\/kontakt\/\" class=\"btn btn__secondary btn__link pt-3\">\n  <i class=\"icon-arrow-right arrow-rounded\"><\/i>\n  <span>Kontakt<\/span>\n<\/a>\n\n\n\n<p><\/p>\n","protected":false},"excerpt":{"rendered":"<p>CORONA Dienstleistung Die Grundlage f\u00fcr das einwandfreie Funktionieren aller Anlagen ist deren ordnungsgem\u00e4\u00dfe Wartung. Bei [&hellip;]<\/p>\n","protected":false},"author":1,"featured_media":729,"parent":0,"menu_order":0,"comment_status":"closed","ping_status":"closed","template":"kg_products_list_template.php","meta":{"pgc_sgb_lightbox_settings":"","footnotes":""},"categories":[42],"tags":[],"class_list":["post-728","page","type-page","status-publish","has-post-thumbnail","hentry","category-none"],"yoast_head":"<!-- This site is optimized with the Yoast SEO plugin v27.1.1 - https:\/\/yoast.com\/product\/yoast-seo-wordpress\/ -->\n<title>Dienst - CORONA Serwis<\/title>\n<meta name=\"robots\" content=\"index, follow, max-snippet:-1, max-image-preview:large, max-video-preview:-1\" \/>\n<link rel=\"canonical\" href=\"https:\/\/corona1.eu\/de\/dienst\/\" \/>\n<meta property=\"og:locale\" content=\"de_DE\" \/>\n<meta property=\"og:type\" content=\"article\" \/>\n<meta property=\"og:title\" content=\"Dienst - CORONA Serwis\" \/>\n<meta property=\"og:description\" content=\"CORONA Dienstleistung Die Grundlage f\u00fcr das einwandfreie Funktionieren aller Anlagen ist deren ordnungsgem\u00e4\u00dfe Wartung. Bei [&hellip;]\" \/>\n<meta property=\"og:url\" content=\"https:\/\/corona1.eu\/de\/dienst\/\" \/>\n<meta property=\"og:site_name\" content=\"CORONA Serwis\" \/>\n<meta property=\"article:modified_time\" content=\"2025-07-10T08:58:16+00:00\" \/>\n<meta property=\"og:image\" content=\"https:\/\/corona1.eu\/de\/wp-content\/uploads\/2025\/07\/factory-silos-worker-standing-metal-platform-industrial-storage-tanks-looking-tablet-about-food-production.jpg\" \/>\n\t<meta property=\"og:image:width\" content=\"1200\" \/>\n\t<meta property=\"og:image:height\" content=\"675\" \/>\n\t<meta property=\"og:image:type\" content=\"image\/jpeg\" \/>\n<meta name=\"twitter:card\" content=\"summary_large_image\" \/>\n<meta name=\"twitter:label1\" content=\"Gesch\u00e4tzte Lesezeit\" \/>\n\t<meta name=\"twitter:data1\" content=\"2\u00a0Minuten\" \/>\n<script type=\"application\/ld+json\" class=\"yoast-schema-graph\">{\"@context\":\"https:\/\/schema.org\",\"@graph\":[{\"@type\":\"WebPage\",\"@id\":\"https:\/\/corona1.eu\/de\/dienst\/\",\"url\":\"https:\/\/corona1.eu\/de\/dienst\/\",\"name\":\"Dienst - CORONA Serwis\",\"isPartOf\":{\"@id\":\"https:\/\/corona1.eu\/de\/#website\"},\"primaryImageOfPage\":{\"@id\":\"https:\/\/corona1.eu\/de\/dienst\/#primaryimage\"},\"image\":{\"@id\":\"https:\/\/corona1.eu\/de\/dienst\/#primaryimage\"},\"thumbnailUrl\":\"https:\/\/corona1.eu\/de\/wp-content\/uploads\/2025\/07\/factory-silos-worker-standing-metal-platform-industrial-storage-tanks-looking-tablet-about-food-production.jpg\",\"datePublished\":\"2025-07-10T08:57:47+00:00\",\"dateModified\":\"2025-07-10T08:58:16+00:00\",\"breadcrumb\":{\"@id\":\"https:\/\/corona1.eu\/de\/dienst\/#breadcrumb\"},\"inLanguage\":\"de\",\"potentialAction\":[{\"@type\":\"ReadAction\",\"target\":[\"https:\/\/corona1.eu\/de\/dienst\/\"]}]},{\"@type\":\"ImageObject\",\"inLanguage\":\"de\",\"@id\":\"https:\/\/corona1.eu\/de\/dienst\/#primaryimage\",\"url\":\"https:\/\/corona1.eu\/de\/wp-content\/uploads\/2025\/07\/factory-silos-worker-standing-metal-platform-industrial-storage-tanks-looking-tablet-about-food-production.jpg\",\"contentUrl\":\"https:\/\/corona1.eu\/de\/wp-content\/uploads\/2025\/07\/factory-silos-worker-standing-metal-platform-industrial-storage-tanks-looking-tablet-about-food-production.jpg\",\"width\":1200,\"height\":675},{\"@type\":\"BreadcrumbList\",\"@id\":\"https:\/\/corona1.eu\/de\/dienst\/#breadcrumb\",\"itemListElement\":[{\"@type\":\"ListItem\",\"position\":1,\"name\":\"Startseite\",\"item\":\"https:\/\/corona1.eu\/de\/\"},{\"@type\":\"ListItem\",\"position\":2,\"name\":\"Dienst\"}]},{\"@type\":\"WebSite\",\"@id\":\"https:\/\/corona1.eu\/de\/#website\",\"url\":\"https:\/\/corona1.eu\/de\/\",\"name\":\"CORONA Serwis\",\"description\":\"\",\"potentialAction\":[{\"@type\":\"SearchAction\",\"target\":{\"@type\":\"EntryPoint\",\"urlTemplate\":\"https:\/\/corona1.eu\/de\/?s={search_term_string}\"},\"query-input\":{\"@type\":\"PropertyValueSpecification\",\"valueRequired\":true,\"valueName\":\"search_term_string\"}}],\"inLanguage\":\"de\"}]}<\/script>\n<!-- \/ Yoast SEO plugin. -->","yoast_head_json":{"title":"Dienst - CORONA Serwis","robots":{"index":"index","follow":"follow","max-snippet":"max-snippet:-1","max-image-preview":"max-image-preview:large","max-video-preview":"max-video-preview:-1"},"canonical":"https:\/\/corona1.eu\/de\/dienst\/","og_locale":"de_DE","og_type":"article","og_title":"Dienst - CORONA Serwis","og_description":"CORONA Dienstleistung Die Grundlage f\u00fcr das einwandfreie Funktionieren aller Anlagen ist deren ordnungsgem\u00e4\u00dfe Wartung. Bei [&hellip;]","og_url":"https:\/\/corona1.eu\/de\/dienst\/","og_site_name":"CORONA Serwis","article_modified_time":"2025-07-10T08:58:16+00:00","og_image":[{"width":1200,"height":675,"url":"https:\/\/corona1.eu\/de\/wp-content\/uploads\/2025\/07\/factory-silos-worker-standing-metal-platform-industrial-storage-tanks-looking-tablet-about-food-production.jpg","type":"image\/jpeg"}],"twitter_card":"summary_large_image","twitter_misc":{"Gesch\u00e4tzte Lesezeit":"2\u00a0Minuten"},"schema":{"@context":"https:\/\/schema.org","@graph":[{"@type":"WebPage","@id":"https:\/\/corona1.eu\/de\/dienst\/","url":"https:\/\/corona1.eu\/de\/dienst\/","name":"Dienst - CORONA Serwis","isPartOf":{"@id":"https:\/\/corona1.eu\/de\/#website"},"primaryImageOfPage":{"@id":"https:\/\/corona1.eu\/de\/dienst\/#primaryimage"},"image":{"@id":"https:\/\/corona1.eu\/de\/dienst\/#primaryimage"},"thumbnailUrl":"https:\/\/corona1.eu\/de\/wp-content\/uploads\/2025\/07\/factory-silos-worker-standing-metal-platform-industrial-storage-tanks-looking-tablet-about-food-production.jpg","datePublished":"2025-07-10T08:57:47+00:00","dateModified":"2025-07-10T08:58:16+00:00","breadcrumb":{"@id":"https:\/\/corona1.eu\/de\/dienst\/#breadcrumb"},"inLanguage":"de","potentialAction":[{"@type":"ReadAction","target":["https:\/\/corona1.eu\/de\/dienst\/"]}]},{"@type":"ImageObject","inLanguage":"de","@id":"https:\/\/corona1.eu\/de\/dienst\/#primaryimage","url":"https:\/\/corona1.eu\/de\/wp-content\/uploads\/2025\/07\/factory-silos-worker-standing-metal-platform-industrial-storage-tanks-looking-tablet-about-food-production.jpg","contentUrl":"https:\/\/corona1.eu\/de\/wp-content\/uploads\/2025\/07\/factory-silos-worker-standing-metal-platform-industrial-storage-tanks-looking-tablet-about-food-production.jpg","width":1200,"height":675},{"@type":"BreadcrumbList","@id":"https:\/\/corona1.eu\/de\/dienst\/#breadcrumb","itemListElement":[{"@type":"ListItem","position":1,"name":"Startseite","item":"https:\/\/corona1.eu\/de\/"},{"@type":"ListItem","position":2,"name":"Dienst"}]},{"@type":"WebSite","@id":"https:\/\/corona1.eu\/de\/#website","url":"https:\/\/corona1.eu\/de\/","name":"CORONA Serwis","description":"","potentialAction":[{"@type":"SearchAction","target":{"@type":"EntryPoint","urlTemplate":"https:\/\/corona1.eu\/de\/?s={search_term_string}"},"query-input":{"@type":"PropertyValueSpecification","valueRequired":true,"valueName":"search_term_string"}}],"inLanguage":"de"}]}},"_links":{"self":[{"href":"https:\/\/corona1.eu\/de\/wp-json\/wp\/v2\/pages\/728","targetHints":{"allow":["GET"]}}],"collection":[{"href":"https:\/\/corona1.eu\/de\/wp-json\/wp\/v2\/pages"}],"about":[{"href":"https:\/\/corona1.eu\/de\/wp-json\/wp\/v2\/types\/page"}],"author":[{"embeddable":true,"href":"https:\/\/corona1.eu\/de\/wp-json\/wp\/v2\/users\/1"}],"replies":[{"embeddable":true,"href":"https:\/\/corona1.eu\/de\/wp-json\/wp\/v2\/comments?post=728"}],"version-history":[{"count":5,"href":"https:\/\/corona1.eu\/de\/wp-json\/wp\/v2\/pages\/728\/revisions"}],"predecessor-version":[{"id":734,"href":"https:\/\/corona1.eu\/de\/wp-json\/wp\/v2\/pages\/728\/revisions\/734"}],"wp:featuredmedia":[{"embeddable":true,"href":"https:\/\/corona1.eu\/de\/wp-json\/wp\/v2\/media\/729"}],"wp:attachment":[{"href":"https:\/\/corona1.eu\/de\/wp-json\/wp\/v2\/media?parent=728"}],"wp:term":[{"taxonomy":"category","embeddable":true,"href":"https:\/\/corona1.eu\/de\/wp-json\/wp\/v2\/categories?post=728"},{"taxonomy":"post_tag","embeddable":true,"href":"https:\/\/corona1.eu\/de\/wp-json\/wp\/v2\/tags?post=728"}],"curies":[{"name":"wp","href":"https:\/\/api.w.org\/{rel}","templated":true}]}}