{"id":720,"date":"2025-07-10T10:48:14","date_gmt":"2025-07-10T08:48:14","guid":{"rendered":"https:\/\/corona1.eu\/de\/?page_id=720"},"modified":"2025-07-10T10:55:46","modified_gmt":"2025-07-10T08:55:46","slug":"technische-dokumentation","status":"publish","type":"page","link":"https:\/\/corona1.eu\/de\/technische-dokumentation\/","title":{"rendered":"Technische Dokumentation"},"content":{"rendered":"\n<p>Der sich st\u00e4ndig ausbreitende industrielle und technologische Sektor ist nicht nur ein wichtiger Schritt in der Entwicklung der Menschheit, sondern birgt leider auch immer mehr Risiken. Anlagenausf\u00e4lle oder menschliche Fehler k\u00f6nnen manchmal zu gef\u00e4hrlichen Situationen f\u00fchren, wie z. B. einem unerwarteten Brand oder einer unkontrollierten Explosion. Daher ist es wichtig, dass im Zuge der Entwicklung industrieller Prozesse auch die Vorbeugung aller damit verbundenen Risiken in den Vordergrund ger\u00fcckt wird. Es gibt eine Reihe von Schritten, die Unternehmen unternehmen sollten, um Risiken wirksam zu erkennen und zu minimieren. Die Erstellung eines Gefahrendokuments vor der Explosion, eine Risikobewertung oder eine HAZOP-Analyse sind zweifellos hilfreich.<\/p>\n\n\n\n<p><strong>Unsere Experten erstellen solche Dokumentationen wie:<\/strong><\/p>\n\n\n\n<div style=\"height:60px\" aria-hidden=\"true\" class=\"wp-block-spacer\"><\/div>\n\n\n\n<div class=\"wp-block-columns is-layout-flex wp-container-core-columns-is-layout-9d6595d7 wp-block-columns-is-layout-flex\">\n<div class=\"wp-block-column is-layout-flow wp-block-column-is-layout-flow\" style=\"flex-basis:33.33%\">\n<figure class=\"wp-block-image size-large\"><img decoding=\"async\" src=\"https:\/\/corona1.eu\/wp-content\/uploads\/2022\/09\/ryzyko_wybuchu-300x300-1.jpg\" alt=\"\"\/><\/figure>\n<\/div>\n\n\n\n<div class=\"wp-block-column is-vertically-aligned-center is-layout-flow wp-block-column-is-layout-flow\" style=\"flex-basis:66.66%\">\n<h3 class=\"wp-block-heading\">Explosionsrisikobewertung<\/h3>\n\n\n\n<hr class=\"wp-block-separator has-alpha-channel-opacity is-style-wide\"\/>\n\n\n\n<p>In diesem Dokument werden alle Gefahren, die in der verfahrenstechnischen Anlage vorhanden sind, detailliert aufgef\u00fchrt. Wichtig ist, dass die Bewertung die Art und den Umfang aller Zonen angibt, die aufgrund des Vorhandenseins von brennbaren St\u00e4uben, Fl\u00fcssigkeiten oder Gasen usw. explosionsgef\u00e4hrdet sind.<\/p>\n\n\n\n<a href=\"\/de\/kontakt\/\" class=\"btn btn__secondary btn__link pt-2\">\n  <i class=\"icon-arrow-right arrow-rounded\"><\/i>\n  <span>Kontaktieren Sie uns<\/span>\n<\/a>\n<\/div>\n<\/div>\n\n\n\n<div class=\"wp-block-columns is-layout-flex wp-container-core-columns-is-layout-9d6595d7 wp-block-columns-is-layout-flex\">\n<div class=\"wp-block-column is-layout-flow wp-block-column-is-layout-flow\" style=\"flex-basis:33.33%\">\n<figure class=\"wp-block-image size-large\"><img decoding=\"async\" src=\"https:\/\/corona1.eu\/wp-content\/uploads\/2022\/09\/ocena_zagrozenia-300x300-1.jpg\" alt=\"\"\/><\/figure>\n<\/div>\n\n\n\n<div class=\"wp-block-column is-vertically-aligned-center is-layout-flow wp-block-column-is-layout-flow\" style=\"flex-basis:66.66%\">\n<h3 class=\"wp-block-heading\">Bewertung der Explosionsgefahr<\/h3>\n\n\n\n<hr class=\"wp-block-separator has-alpha-channel-opacity is-style-wide\"\/>\n\n\n\n<p>Mit einer Explosionsgef\u00e4hrdungsbeurteilung ist es einfacher, eine Explosionsgef\u00e4hrdungsbeurteilung zu erstellen. Dies ist ein Dokument, das Arbeitgeber gesetzlich vorgeschrieben haben m\u00fcssen. Es enth\u00e4lt unter anderem Angaben zu den Faktoren, die eine Z\u00fcndung verursachen, oder Empfehlungen zum Schutz vor den Auswirkungen einer Explosion.<\/p>\n\n\n\n<a href=\"\/de\/kontakt\/\" class=\"btn btn__secondary btn__link pt-2\">\n  <i class=\"icon-arrow-right arrow-rounded\"><\/i>\n  <span>Kontakt<\/span>\n<\/a>\n<\/div>\n<\/div>\n\n\n\n<div class=\"wp-block-columns is-layout-flex wp-container-core-columns-is-layout-9d6595d7 wp-block-columns-is-layout-flex\">\n<div class=\"wp-block-column is-layout-flow wp-block-column-is-layout-flow\" style=\"flex-basis:33.33%\">\n<figure class=\"wp-block-image size-large\"><img decoding=\"async\" src=\"https:\/\/corona1.eu\/wp-content\/uploads\/2022\/09\/dzpw-300x300-1.jpg\" alt=\"\"\/><\/figure>\n<\/div>\n\n\n\n<div class=\"wp-block-column is-vertically-aligned-center is-layout-flow wp-block-column-is-layout-flow\" style=\"flex-basis:66.66%\">\n<h3 class=\"wp-block-heading\">Dokument zum Explosionsschutz<\/h3>\n\n\n\n<hr class=\"wp-block-separator has-alpha-channel-opacity is-style-wide\"\/>\n\n\n\n<p>Das Explosionsschutzdokument ist das wichtigste Dokument, das nach polnischem und europ\u00e4ischem Recht vorgeschrieben ist. Jeder Betrieb, in dem die Gefahr einer unkontrollierten Explosion besteht, sollte ein solches Dokument besitzen<\/p>\n\n\n\n<a href=\"\/de\/kontakt\/\" class=\"btn btn__secondary btn__link pt-2\">\n  <i class=\"icon-arrow-right arrow-rounded\"><\/i>\n  <span>Kontakt<\/span>\n<\/a>\n<\/div>\n<\/div>\n\n\n\n<div class=\"wp-block-columns is-layout-flex wp-container-core-columns-is-layout-9d6595d7 wp-block-columns-is-layout-flex\">\n<div class=\"wp-block-column is-layout-flow wp-block-column-is-layout-flow\" style=\"flex-basis:33.33%\">\n<figure class=\"wp-block-image size-large\"><img decoding=\"async\" src=\"https:\/\/corona1.eu\/wp-content\/uploads\/2022\/09\/hazop-300x300-1.jpg\" alt=\"\"\/><\/figure>\n<\/div>\n\n\n\n<div class=\"wp-block-column is-vertically-aligned-center is-layout-flow wp-block-column-is-layout-flow\" style=\"flex-basis:66.66%\">\n<h3 class=\"wp-block-heading\">HAZOP-Analyse<\/h3>\n\n\n\n<hr class=\"wp-block-separator has-alpha-channel-opacity is-style-wide\"\/>\n\n\n\n<p>Die Analyse erm\u00f6glicht eine umfassende Identifizierung von Gefahrenquellen und die \u00dcberpr\u00fcfung von m\u00f6glichen Unfallszenarien. Die Analyse schlie\u00dft mit einem Bericht ab, in dem alle \u00c4nderungen aufgef\u00fchrt sind, die zur Verbesserung der Anlagensicherheit vorgenommen werden m\u00fcssen.<\/p>\n\n\n\n<a href=\"\/de\/kontakt\/\" class=\"btn btn__secondary btn__link pt-2\">\n  <i class=\"icon-arrow-right arrow-rounded\"><\/i>\n  <span>Kontakt<\/span>\n<\/a>\n<\/div>\n<\/div>\n\n\n\n<div class=\"wp-block-columns is-layout-flex wp-container-core-columns-is-layout-9d6595d7 wp-block-columns-is-layout-flex\">\n<div class=\"wp-block-column is-layout-flow wp-block-column-is-layout-flow\" style=\"flex-basis:33.33%\">\n<figure class=\"wp-block-image size-large\"><img decoding=\"async\" src=\"https:\/\/corona1.eu\/wp-content\/uploads\/2022\/09\/audyt_atex-300x300-1.jpg\" alt=\"\"\/><\/figure>\n<\/div>\n\n\n\n<div class=\"wp-block-column is-vertically-aligned-center is-layout-flow wp-block-column-is-layout-flow\" style=\"flex-basis:66.66%\">\n<h3 class=\"wp-block-heading\">ATEX-Schulung<\/h3>\n\n\n\n<hr class=\"wp-block-separator has-alpha-channel-opacity is-style-wide\"\/>\n\n\n\n<p>Diese Schulungen k\u00f6nnen insbesondere von den f\u00fcr die Explosionssicherheit Verantwortlichen genutzt werden, aber auch von allen, die ihre Kenntnisse in diesem Bereich verbessern wollen. Die in den Schulungen behandelten Themen betreffen die Explosions- und Prozesssicherheit in einem sehr breiten Spektrum.<\/p>\n\n\n\n<a href=\"\/de\/kontakt\/\" class=\"btn btn__secondary btn__link pt-2\">\n  <i class=\"icon-arrow-right arrow-rounded\"><\/i>\n  <span>Kontakt<\/span>\n<\/a>\n<\/div>\n<\/div>\n\n\n\n<div class=\"wp-block-columns is-layout-flex wp-container-core-columns-is-layout-9d6595d7 wp-block-columns-is-layout-flex\">\n<div class=\"wp-block-column is-layout-flow wp-block-column-is-layout-flow\" style=\"flex-basis:33.33%\">\n<figure class=\"wp-block-image size-large\"><img decoding=\"async\" src=\"https:\/\/corona1.eu\/wp-content\/uploads\/2022\/09\/audyt_atex2-300x300-1.jpg\" alt=\"\"\/><\/figure>\n<\/div>\n\n\n\n<div class=\"wp-block-column is-vertically-aligned-center is-layout-flow wp-block-column-is-layout-flow\" style=\"flex-basis:66.66%\">\n<h3 class=\"wp-block-heading\">Technische Beratung und ATEX-Audits<\/h3>\n\n\n\n<hr class=\"wp-block-separator has-alpha-channel-opacity is-style-wide\"\/>\n\n\n\n<p>ATEX-Audits erm\u00f6glichen eine objektive Beurteilung des aktuellen Zustands einer Anlage in Bezug auf die Explosions- und Prozesssicherheit. Die technische Beratung hingegen ist u. a. bei der Ermittlung der Bedingungen einer explosionsf\u00e4higen Atmosph\u00e4re \u00e4u\u00dferst hilfreich.<\/p>\n\n\n\n<a href=\"\/de\/kontakt\/\" class=\"btn btn__secondary btn__link pt-2\">\n  <i class=\"icon-arrow-right arrow-rounded\"><\/i>\n  <span>Kontaktieren Sie uns<\/span>\n<\/a>\n<\/div>\n<\/div>\n\n\n\n<div class=\"wp-block-columns is-layout-flex wp-container-core-columns-is-layout-9d6595d7 wp-block-columns-is-layout-flex\">\n<div class=\"wp-block-column is-layout-flow wp-block-column-is-layout-flow\" style=\"flex-basis:33.33%\">\n<figure class=\"wp-block-image size-large\"><img decoding=\"async\" src=\"https:\/\/corona1.eu\/wp-content\/uploads\/2022\/09\/znak_strefa-wybuchowa-300x265-1.png\" alt=\"\"\/><\/figure>\n<\/div>\n\n\n\n<div class=\"wp-block-column is-vertically-aligned-center is-layout-flow wp-block-column-is-layout-flow\" style=\"flex-basis:66.66%\">\n<h3 class=\"wp-block-heading\">Explosionsgef\u00e4hrdeter Bereich<\/h3>\n\n\n\n<hr class=\"wp-block-separator has-alpha-channel-opacity is-style-wide\"\/>\n\n\n\n<p>Ihre Festlegung ist ein komplexer Prozess. Die mit dieser Aufgabe betrauten Personen m\u00fcssen mit den einschl\u00e4gigen Normen und technischen Standards im Detail vertraut sein. Bei der Bestimmung m\u00fcssen alle Faktoren ber\u00fccksichtigt werden, die die Bildung einer explosionsf\u00e4higen Atmosph\u00e4re beeinflussen.<\/p>\n\n\n\n<a href=\"\/de\/kontakt\/\" class=\"btn btn__secondary btn__link pt-2\">\n  <i class=\"icon-arrow-right arrow-rounded\"><\/i>\n  <span>Kontaktieren Sie uns<\/span>\n<\/a>\n<\/div>\n<\/div>\n\n\n\n<div class=\"wp-block-columns is-layout-flex wp-container-core-columns-is-layout-9d6595d7 wp-block-columns-is-layout-flex\">\n<div class=\"wp-block-column is-layout-flow wp-block-column-is-layout-flow\" style=\"flex-basis:33.33%\">\n<figure class=\"wp-block-image size-large\"><img decoding=\"async\" src=\"https:\/\/corona1.eu\/wp-content\/uploads\/2022\/09\/badanie_pylow-300x300-1.jpg\" alt=\"\"\/><\/figure>\n<\/div>\n\n\n\n<div class=\"wp-block-column is-vertically-aligned-center is-layout-flow wp-block-column-is-layout-flow\" style=\"flex-basis:66.66%\">\n<h3 class=\"wp-block-heading\">Staubuntersuchungen<\/h3>\n\n\n\n<hr class=\"wp-block-separator has-alpha-channel-opacity is-style-wide\"\/>\n\n\n\n<p>F\u00fcr diesen Test werden ca. 2-4 kg Staub ben\u00f6tigt. Es wird unter anderem der Feuchtigkeitsgehalt bestimmt. Wichtig ist, dass der Feuchtigkeitswert unter 10 Prozent liegen muss.<\/p>\n\n\n\n<a href=\"\/de\/kontakt\/\" class=\"btn btn__secondary btn__link pt-2\">\n  <i class=\"icon-arrow-right arrow-rounded\"><\/i>\n  <span>Kontakt<\/span>\n<\/a>\n<\/div>\n<\/div>\n\n\n\n<div class=\"wp-block-columns is-layout-flex wp-container-core-columns-is-layout-9d6595d7 wp-block-columns-is-layout-flex\">\n<div class=\"wp-block-column is-layout-flow wp-block-column-is-layout-flow\" style=\"flex-basis:33.33%\">\n<figure class=\"wp-block-image size-large\"><img decoding=\"async\" src=\"https:\/\/corona1.eu\/wp-content\/uploads\/2022\/09\/systemy_zabezpieczen-300x300-1.jpg\" alt=\"\"\/><\/figure>\n<\/div>\n\n\n\n<div class=\"wp-block-column is-vertically-aligned-center is-layout-flow wp-block-column-is-layout-flow\" style=\"flex-basis:66.66%\">\n<h3 class=\"wp-block-heading\">Entwurf von Explosionsschutzsystemen<\/h3>\n\n\n\n<hr class=\"wp-block-separator has-alpha-channel-opacity is-style-wide\"\/>\n\n\n\n<p>Das gesamte Entwurfssystem besteht aus mehreren Stufen. Angefangen bei der Klassifizierung von explosionsf\u00e4higen Atmosph\u00e4ren \u00fcber die SIL-Analyse bis hin zum Sicherheitsbericht.<\/p>\n\n\n\n<a href=\"\/de\/kontakt\/\" class=\"btn btn__secondary btn__link pt-2\">\n  <i class=\"icon-arrow-right arrow-rounded\"><\/i>\n  <span>Kontakt<\/span>\n<\/a>\n<\/div>\n<\/div>\n\n\n\n<div class=\"wp-block-columns is-layout-flex wp-container-core-columns-is-layout-9d6595d7 wp-block-columns-is-layout-flex\">\n<div class=\"wp-block-column is-layout-flow wp-block-column-is-layout-flow\" style=\"flex-basis:33.33%\">\n<figure class=\"wp-block-image size-large\"><img decoding=\"async\" src=\"https:\/\/corona1.eu\/wp-content\/uploads\/2022\/09\/ProjektyCorona_1x1-300x300-1.jpg\" alt=\"\"\/><\/figure>\n<\/div>\n\n\n\n<div class=\"wp-block-column is-vertically-aligned-center is-layout-flow wp-block-column-is-layout-flow\" style=\"flex-basis:66.66%\">\n<h3 class=\"wp-block-heading\">Diagramm &#8211; Explosionssicherheit<\/h3>\n\n\n\n<hr class=\"wp-block-separator has-alpha-channel-opacity is-style-wide\"\/>\n\n\n\n<p>Die Auswahl des bestm\u00f6glichen Explosionsschutzes erfolgt in mehreren Schritten. Der erste Schritt ist eine detaillierte Analyse. M\u00f6chten Sie wissen, wie der gesamte Prozess der Auswahl eines solchen Schutzes von Anfang bis Ende abl\u00e4uft? Sehen Sie sich unser Beispieldiagramm an.<\/p>\n\n\n\n<a href=\"\/de\/kontakt\/\" class=\"btn btn__secondary btn__link pt-2\">\n  <i class=\"icon-arrow-right arrow-rounded\"><\/i>\n  <span>Kontakt<\/span>\n<\/a>\n<\/div>\n<\/div>\n\n\n\n<p><\/p>\n","protected":false},"excerpt":{"rendered":"<p>Der sich st\u00e4ndig ausbreitende industrielle und technologische Sektor ist nicht nur ein wichtiger Schritt in [&hellip;]<\/p>\n","protected":false},"author":1,"featured_media":721,"parent":0,"menu_order":0,"comment_status":"closed","ping_status":"closed","template":"kg_products_list_template.php","meta":{"pgc_sgb_lightbox_settings":"","footnotes":""},"categories":[42],"tags":[],"class_list":["post-720","page","type-page","status-publish","has-post-thumbnail","hentry","category-none"],"yoast_head":"<!-- This site is optimized with the Yoast SEO plugin v27.1.1 - https:\/\/yoast.com\/product\/yoast-seo-wordpress\/ -->\n<title>Technische Dokumentation - CORONA Serwis<\/title>\n<meta name=\"robots\" content=\"index, follow, max-snippet:-1, max-image-preview:large, max-video-preview:-1\" \/>\n<link rel=\"canonical\" href=\"https:\/\/corona1.eu\/de\/technische-dokumentation\/\" \/>\n<meta property=\"og:locale\" content=\"de_DE\" \/>\n<meta property=\"og:type\" content=\"article\" \/>\n<meta property=\"og:title\" content=\"Technische Dokumentation - CORONA Serwis\" \/>\n<meta property=\"og:description\" content=\"Der sich st\u00e4ndig ausbreitende industrielle und technologische Sektor ist nicht nur ein wichtiger Schritt in [&hellip;]\" \/>\n<meta property=\"og:url\" content=\"https:\/\/corona1.eu\/de\/technische-dokumentation\/\" \/>\n<meta property=\"og:site_name\" content=\"CORONA Serwis\" \/>\n<meta property=\"article:modified_time\" content=\"2025-07-10T08:55:46+00:00\" \/>\n<meta property=\"og:image\" content=\"https:\/\/corona1.eu\/de\/wp-content\/uploads\/2025\/07\/manufaktura_2-scaled-e1658398449442.jpg\" \/>\n\t<meta property=\"og:image:width\" content=\"2560\" \/>\n\t<meta property=\"og:image:height\" content=\"1440\" \/>\n\t<meta property=\"og:image:type\" content=\"image\/jpeg\" \/>\n<meta name=\"twitter:card\" content=\"summary_large_image\" \/>\n<meta name=\"twitter:label1\" content=\"Gesch\u00e4tzte Lesezeit\" \/>\n\t<meta name=\"twitter:data1\" content=\"5\u00a0Minuten\" \/>\n<script type=\"application\/ld+json\" class=\"yoast-schema-graph\">{\"@context\":\"https:\/\/schema.org\",\"@graph\":[{\"@type\":\"WebPage\",\"@id\":\"https:\/\/corona1.eu\/de\/technische-dokumentation\/\",\"url\":\"https:\/\/corona1.eu\/de\/technische-dokumentation\/\",\"name\":\"Technische Dokumentation - CORONA Serwis\",\"isPartOf\":{\"@id\":\"https:\/\/corona1.eu\/de\/#website\"},\"primaryImageOfPage\":{\"@id\":\"https:\/\/corona1.eu\/de\/technische-dokumentation\/#primaryimage\"},\"image\":{\"@id\":\"https:\/\/corona1.eu\/de\/technische-dokumentation\/#primaryimage\"},\"thumbnailUrl\":\"https:\/\/corona1.eu\/de\/wp-content\/uploads\/2025\/07\/manufaktura_2-scaled-e1658398449442.jpg\",\"datePublished\":\"2025-07-10T08:48:14+00:00\",\"dateModified\":\"2025-07-10T08:55:46+00:00\",\"breadcrumb\":{\"@id\":\"https:\/\/corona1.eu\/de\/technische-dokumentation\/#breadcrumb\"},\"inLanguage\":\"de\",\"potentialAction\":[{\"@type\":\"ReadAction\",\"target\":[\"https:\/\/corona1.eu\/de\/technische-dokumentation\/\"]}]},{\"@type\":\"ImageObject\",\"inLanguage\":\"de\",\"@id\":\"https:\/\/corona1.eu\/de\/technische-dokumentation\/#primaryimage\",\"url\":\"https:\/\/corona1.eu\/de\/wp-content\/uploads\/2025\/07\/manufaktura_2-scaled-e1658398449442.jpg\",\"contentUrl\":\"https:\/\/corona1.eu\/de\/wp-content\/uploads\/2025\/07\/manufaktura_2-scaled-e1658398449442.jpg\",\"width\":2560,\"height\":1440},{\"@type\":\"BreadcrumbList\",\"@id\":\"https:\/\/corona1.eu\/de\/technische-dokumentation\/#breadcrumb\",\"itemListElement\":[{\"@type\":\"ListItem\",\"position\":1,\"name\":\"Startseite\",\"item\":\"https:\/\/corona1.eu\/de\/\"},{\"@type\":\"ListItem\",\"position\":2,\"name\":\"Technische Dokumentation\"}]},{\"@type\":\"WebSite\",\"@id\":\"https:\/\/corona1.eu\/de\/#website\",\"url\":\"https:\/\/corona1.eu\/de\/\",\"name\":\"CORONA Serwis\",\"description\":\"\",\"potentialAction\":[{\"@type\":\"SearchAction\",\"target\":{\"@type\":\"EntryPoint\",\"urlTemplate\":\"https:\/\/corona1.eu\/de\/?s={search_term_string}\"},\"query-input\":{\"@type\":\"PropertyValueSpecification\",\"valueRequired\":true,\"valueName\":\"search_term_string\"}}],\"inLanguage\":\"de\"}]}<\/script>\n<!-- \/ Yoast SEO plugin. -->","yoast_head_json":{"title":"Technische Dokumentation - CORONA Serwis","robots":{"index":"index","follow":"follow","max-snippet":"max-snippet:-1","max-image-preview":"max-image-preview:large","max-video-preview":"max-video-preview:-1"},"canonical":"https:\/\/corona1.eu\/de\/technische-dokumentation\/","og_locale":"de_DE","og_type":"article","og_title":"Technische Dokumentation - CORONA Serwis","og_description":"Der sich st\u00e4ndig ausbreitende industrielle und technologische Sektor ist nicht nur ein wichtiger Schritt in [&hellip;]","og_url":"https:\/\/corona1.eu\/de\/technische-dokumentation\/","og_site_name":"CORONA Serwis","article_modified_time":"2025-07-10T08:55:46+00:00","og_image":[{"width":2560,"height":1440,"url":"https:\/\/corona1.eu\/de\/wp-content\/uploads\/2025\/07\/manufaktura_2-scaled-e1658398449442.jpg","type":"image\/jpeg"}],"twitter_card":"summary_large_image","twitter_misc":{"Gesch\u00e4tzte Lesezeit":"5\u00a0Minuten"},"schema":{"@context":"https:\/\/schema.org","@graph":[{"@type":"WebPage","@id":"https:\/\/corona1.eu\/de\/technische-dokumentation\/","url":"https:\/\/corona1.eu\/de\/technische-dokumentation\/","name":"Technische Dokumentation - CORONA Serwis","isPartOf":{"@id":"https:\/\/corona1.eu\/de\/#website"},"primaryImageOfPage":{"@id":"https:\/\/corona1.eu\/de\/technische-dokumentation\/#primaryimage"},"image":{"@id":"https:\/\/corona1.eu\/de\/technische-dokumentation\/#primaryimage"},"thumbnailUrl":"https:\/\/corona1.eu\/de\/wp-content\/uploads\/2025\/07\/manufaktura_2-scaled-e1658398449442.jpg","datePublished":"2025-07-10T08:48:14+00:00","dateModified":"2025-07-10T08:55:46+00:00","breadcrumb":{"@id":"https:\/\/corona1.eu\/de\/technische-dokumentation\/#breadcrumb"},"inLanguage":"de","potentialAction":[{"@type":"ReadAction","target":["https:\/\/corona1.eu\/de\/technische-dokumentation\/"]}]},{"@type":"ImageObject","inLanguage":"de","@id":"https:\/\/corona1.eu\/de\/technische-dokumentation\/#primaryimage","url":"https:\/\/corona1.eu\/de\/wp-content\/uploads\/2025\/07\/manufaktura_2-scaled-e1658398449442.jpg","contentUrl":"https:\/\/corona1.eu\/de\/wp-content\/uploads\/2025\/07\/manufaktura_2-scaled-e1658398449442.jpg","width":2560,"height":1440},{"@type":"BreadcrumbList","@id":"https:\/\/corona1.eu\/de\/technische-dokumentation\/#breadcrumb","itemListElement":[{"@type":"ListItem","position":1,"name":"Startseite","item":"https:\/\/corona1.eu\/de\/"},{"@type":"ListItem","position":2,"name":"Technische Dokumentation"}]},{"@type":"WebSite","@id":"https:\/\/corona1.eu\/de\/#website","url":"https:\/\/corona1.eu\/de\/","name":"CORONA Serwis","description":"","potentialAction":[{"@type":"SearchAction","target":{"@type":"EntryPoint","urlTemplate":"https:\/\/corona1.eu\/de\/?s={search_term_string}"},"query-input":{"@type":"PropertyValueSpecification","valueRequired":true,"valueName":"search_term_string"}}],"inLanguage":"de"}]}},"_links":{"self":[{"href":"https:\/\/corona1.eu\/de\/wp-json\/wp\/v2\/pages\/720","targetHints":{"allow":["GET"]}}],"collection":[{"href":"https:\/\/corona1.eu\/de\/wp-json\/wp\/v2\/pages"}],"about":[{"href":"https:\/\/corona1.eu\/de\/wp-json\/wp\/v2\/types\/page"}],"author":[{"embeddable":true,"href":"https:\/\/corona1.eu\/de\/wp-json\/wp\/v2\/users\/1"}],"replies":[{"embeddable":true,"href":"https:\/\/corona1.eu\/de\/wp-json\/wp\/v2\/comments?post=720"}],"version-history":[{"count":5,"href":"https:\/\/corona1.eu\/de\/wp-json\/wp\/v2\/pages\/720\/revisions"}],"predecessor-version":[{"id":727,"href":"https:\/\/corona1.eu\/de\/wp-json\/wp\/v2\/pages\/720\/revisions\/727"}],"wp:featuredmedia":[{"embeddable":true,"href":"https:\/\/corona1.eu\/de\/wp-json\/wp\/v2\/media\/721"}],"wp:attachment":[{"href":"https:\/\/corona1.eu\/de\/wp-json\/wp\/v2\/media?parent=720"}],"wp:term":[{"taxonomy":"category","embeddable":true,"href":"https:\/\/corona1.eu\/de\/wp-json\/wp\/v2\/categories?post=720"},{"taxonomy":"post_tag","embeddable":true,"href":"https:\/\/corona1.eu\/de\/wp-json\/wp\/v2\/tags?post=720"}],"curies":[{"name":"wp","href":"https:\/\/api.w.org\/{rel}","templated":true}]}}