{"id":710,"date":"2025-06-30T14:36:31","date_gmt":"2025-06-30T12:36:31","guid":{"rendered":"https:\/\/corona1.eu\/de\/?page_id=710"},"modified":"2025-10-21T13:06:22","modified_gmt":"2025-10-21T11:06:22","slug":"feuermelder-und-gasdetektoren","status":"publish","type":"page","link":"https:\/\/corona1.eu\/de\/feuermelder-und-gasdetektoren\/","title":{"rendered":"Feuermelder und Gasdetektoren"},"content":{"rendered":"\n\n<p>ectrex, einschlie\u00dflich IR3 und UV\/IR. Die SharpEye 40\/40 Serie ist mit der QuadSense\u2122 Technologie ausgestattet, die die schnellste Reaktion auf Feuer, die Erkennung aus der gr\u00f6\u00dften Entfernung oder basierend auf der revolution\u00e4ren UV\/IR Technologie erm\u00f6glicht.<\/p>\n\n\n\n\n\n<p>All dies wird kombiniert mit hoher Empfindlichkeit und hervorragender Fehlalarmimmunit\u00e4t. Die Melder arbeiten in rauen Umgebungen mit au\u00dfergew\u00f6hnlicher Zuverl\u00e4ssigkeit und Langlebigkeit. Die revolutionierten Serien 40\/40C und 40\/40D bieten eine einwandfreie Leistung, um selbst die schwierigsten Aufgaben zu bew\u00e4ltigen, und gew\u00e4hrleisten h\u00f6chste Leistung beim Schutz von Eigentum sowie von Leben und Gesundheit von Menschen.<\/p>\n\n\n\n\n\n<p>Die neuen Modelle der Serien 40\/40C und 40\/40D wurden entwickelt, um einen effektiven Schutz zu gew\u00e4hrleisten und eine noch bessere L\u00f6sung als die <strong>Vorg\u00e4ngermodelle der Spectrex 40\/40-Serie zu bieten.<\/strong><\/p>\n\n\n\n\n\n<div class=\"wp-block-columns is-layout-flex wp-container-core-columns-is-layout-9d6595d7 wp-block-columns-is-layout-flex\">\n\n<div class=\"wp-block-column is-vertically-aligned-center is-layout-flow wp-block-column-is-layout-flow\" style=\"flex-basis:66.66%\">\n\n<h3 class=\"wp-block-heading\">Flammendetektoren der Serie 40\/40C<\/h3>\n\n\n\n\n\n<p>Die neue Generation der SharpEye 40\/40C Serie basiert auf der bew\u00e4hrten SPX Triple-IR (IR3) Technologie. Sie zeichnet sich durch die schnelle Erkennung von Kohlenwasserstoff-Brennstoff- und Gasbr\u00e4nden \u00fcber gro\u00dfe Entfernungen aus. Und das alles dank der bahnbrechenden QuadSense-Technologie, die den n\u00e4chsten Schritt auf dem Markt f\u00fcr Flammendetektionsger\u00e4te darstellt.<\/p>\n\n\n\n\n\n<p>Die Serie ist auf die anspruchsvollsten Anwendungen zugeschnitten und verf\u00fcgt \u00fcber ein revolution\u00e4res UV\/IR-BIT und ein intelligentes Sichtfeld f\u00fcr einen einwandfreien Betrieb. Sie verf\u00fcgt \u00fcber einen weiten Betriebstemperaturbereich unter extremen Wetterbedingungen und bietet zuverl\u00e4ssigen Schutz f\u00fcr wertvolles Eigentum und die Gesundheit des Personals.<\/p>\n\n<\/div>\n\n\n\n\n\n<div class=\"wp-block-column is-layout-flow wp-block-column-is-layout-flow\" style=\"flex-basis:33.33%\"><div class=\"wp-block-image\">\n\n<figure class=\"aligncenter size-large\"><img decoding=\"async\" src=\"https:\/\/corona1.eu\/wp-content\/uploads\/2022\/09\/SharpEye_seria_40-40c-pklddc4btxe1q64mrqukt4h6pvi7xd9cyggvrd5hyg.jpg\" alt=\"\"\/><\/figure>\n<\/div>\n<\/div>\n\n<\/div>\n\n\n\n\n\n<div class=\"wp-block-columns is-layout-flex wp-container-core-columns-is-layout-9d6595d7 wp-block-columns-is-layout-flex\">\n\n<div class=\"wp-block-column is-vertically-aligned-center is-layout-flow wp-block-column-is-layout-flow\" style=\"flex-basis:66.66%\">\n\n<h3 class=\"wp-block-heading\">Flammendetektoren der Serie 40\/40D<\/h3>\n\n\n\n\n\n<p>Die neue Generation der SharpEye 40\/40D Serie bietet eine schnelle Erkennung von Kohlenwasserstoff-Brennstoff- und Gasbr\u00e4nden aus gr\u00f6\u00dften Entfernungen von bis zu 90 m. Durch den Einsatz der bahnbrechenden QuadSense Technologie sind die Detektoren dieser Serie die leistungsst\u00e4rksten und zuverl\u00e4ssigsten Ger\u00e4te ihrer Klasse geworden.<\/p>\n\n\n\n\n\n<p>Die Serie ist f\u00fcr alle risikoreichen industriellen Anwendungen konzipiert. Dank der revolution\u00e4ren UV\/IR-BIT-Technologie und des intelligenten Sichtfeldes bieten die Melder eine einwandfreie Leistung und den gr\u00f6\u00dften Betriebstemperaturbereich selbst unter extremsten Wetterbedingungen.<\/p>\n\n<\/div>\n\n\n\n\n\n<div class=\"wp-block-column is-layout-flow wp-block-column-is-layout-flow\" style=\"flex-basis:33.33%\"><div class=\"wp-block-image\">\n\n<figure class=\"aligncenter size-large\"><img decoding=\"async\" src=\"https:\/\/corona1.eu\/wp-content\/uploads\/2022\/09\/SharpEye_seria_40-40D-pklddc4btxe1q64mrqukt4h6pvi7xd9cyggvrd5hyg.jpg\" alt=\"\"\/><\/figure>\n<\/div>\n<\/div>\n\n<\/div>\n\n\n\n\n\n<p><\/p>\n\n","protected":false},"excerpt":{"rendered":"<p>ectrex, einschlie\u00dflich IR3 und UV\/IR. Die SharpEye 40\/40 Serie ist mit der QuadSense\u2122 Technologie ausgestattet, [&hellip;]<\/p>\n","protected":false},"author":1,"featured_media":711,"parent":0,"menu_order":0,"comment_status":"closed","ping_status":"closed","template":"kg_products_list_template.php","meta":{"pgc_sgb_lightbox_settings":"","footnotes":""},"categories":[41,2],"tags":[],"class_list":["post-710","page","type-page","status-publish","has-post-thumbnail","hentry","category-feuermelder-und-gasdetektoren","category-zprodukty"],"yoast_head":"<!-- This site is optimized with the Yoast SEO plugin v27.1.1 - https:\/\/yoast.com\/product\/yoast-seo-wordpress\/ -->\n<title>Feuermelder und Gasdetektoren - CORONA Serwis<\/title>\n<meta name=\"description\" content=\"Ger\u00e4te zur wirksamen Detektion von Feuer oder gef\u00e4hrlichen Gasen. Schnelles Ansprechen, resistent gegen extreme Bedingungen.\" \/>\n<meta name=\"robots\" content=\"index, follow, max-snippet:-1, max-image-preview:large, max-video-preview:-1\" \/>\n<link rel=\"canonical\" href=\"https:\/\/corona1.eu\/de\/feuermelder-und-gasdetektoren\/\" \/>\n<meta property=\"og:locale\" content=\"de_DE\" \/>\n<meta property=\"og:type\" content=\"article\" \/>\n<meta property=\"og:title\" content=\"Feuermelder und Gasdetektoren - CORONA Serwis\" \/>\n<meta property=\"og:description\" content=\"Ger\u00e4te zur wirksamen Detektion von Feuer oder gef\u00e4hrlichen Gasen. Schnelles Ansprechen, resistent gegen extreme Bedingungen.\" \/>\n<meta property=\"og:url\" content=\"https:\/\/corona1.eu\/de\/feuermelder-und-gasdetektoren\/\" \/>\n<meta property=\"og:site_name\" content=\"CORONA Serwis\" \/>\n<meta property=\"article:modified_time\" content=\"2025-10-21T11:06:22+00:00\" \/>\n<meta property=\"og:image\" content=\"https:\/\/corona1.eu\/de\/wp-content\/uploads\/2025\/06\/grupa_detektory_ognia_gazu_16x9.png\" \/>\n\t<meta property=\"og:image:width\" content=\"889\" \/>\n\t<meta property=\"og:image:height\" content=\"500\" \/>\n\t<meta property=\"og:image:type\" content=\"image\/png\" \/>\n<meta name=\"twitter:card\" content=\"summary_large_image\" \/>\n<meta name=\"twitter:label1\" content=\"Gesch\u00e4tzte Lesezeit\" \/>\n\t<meta name=\"twitter:data1\" content=\"3\u00a0Minuten\" \/>\n<script type=\"application\/ld+json\" class=\"yoast-schema-graph\">{\"@context\":\"https:\/\/schema.org\",\"@graph\":[{\"@type\":\"WebPage\",\"@id\":\"https:\/\/corona1.eu\/de\/feuermelder-und-gasdetektoren\/\",\"url\":\"https:\/\/corona1.eu\/de\/feuermelder-und-gasdetektoren\/\",\"name\":\"Feuermelder und Gasdetektoren - CORONA Serwis\",\"isPartOf\":{\"@id\":\"https:\/\/corona1.eu\/de\/#website\"},\"primaryImageOfPage\":{\"@id\":\"https:\/\/corona1.eu\/de\/feuermelder-und-gasdetektoren\/#primaryimage\"},\"image\":{\"@id\":\"https:\/\/corona1.eu\/de\/feuermelder-und-gasdetektoren\/#primaryimage\"},\"thumbnailUrl\":\"https:\/\/corona1.eu\/de\/wp-content\/uploads\/2025\/06\/grupa_detektory_ognia_gazu_16x9.png\",\"datePublished\":\"2025-06-30T12:36:31+00:00\",\"dateModified\":\"2025-10-21T11:06:22+00:00\",\"description\":\"Ger\u00e4te zur wirksamen Detektion von Feuer oder gef\u00e4hrlichen Gasen. Schnelles Ansprechen, resistent gegen extreme Bedingungen.\",\"breadcrumb\":{\"@id\":\"https:\/\/corona1.eu\/de\/feuermelder-und-gasdetektoren\/#breadcrumb\"},\"inLanguage\":\"de\",\"potentialAction\":[{\"@type\":\"ReadAction\",\"target\":[\"https:\/\/corona1.eu\/de\/feuermelder-und-gasdetektoren\/\"]}]},{\"@type\":\"ImageObject\",\"inLanguage\":\"de\",\"@id\":\"https:\/\/corona1.eu\/de\/feuermelder-und-gasdetektoren\/#primaryimage\",\"url\":\"https:\/\/corona1.eu\/de\/wp-content\/uploads\/2025\/06\/grupa_detektory_ognia_gazu_16x9.png\",\"contentUrl\":\"https:\/\/corona1.eu\/de\/wp-content\/uploads\/2025\/06\/grupa_detektory_ognia_gazu_16x9.png\",\"width\":889,\"height\":500},{\"@type\":\"BreadcrumbList\",\"@id\":\"https:\/\/corona1.eu\/de\/feuermelder-und-gasdetektoren\/#breadcrumb\",\"itemListElement\":[{\"@type\":\"ListItem\",\"position\":1,\"name\":\"Startseite\",\"item\":\"https:\/\/corona1.eu\/de\/\"},{\"@type\":\"ListItem\",\"position\":2,\"name\":\"Feuermelder und Gasdetektoren\"}]},{\"@type\":\"WebSite\",\"@id\":\"https:\/\/corona1.eu\/de\/#website\",\"url\":\"https:\/\/corona1.eu\/de\/\",\"name\":\"CORONA Serwis\",\"description\":\"\",\"potentialAction\":[{\"@type\":\"SearchAction\",\"target\":{\"@type\":\"EntryPoint\",\"urlTemplate\":\"https:\/\/corona1.eu\/de\/?s={search_term_string}\"},\"query-input\":{\"@type\":\"PropertyValueSpecification\",\"valueRequired\":true,\"valueName\":\"search_term_string\"}}],\"inLanguage\":\"de\"}]}<\/script>\n<!-- \/ Yoast SEO plugin. -->","yoast_head_json":{"title":"Feuermelder und Gasdetektoren - CORONA Serwis","description":"Ger\u00e4te zur wirksamen Detektion von Feuer oder gef\u00e4hrlichen Gasen. Schnelles Ansprechen, resistent gegen extreme Bedingungen.","robots":{"index":"index","follow":"follow","max-snippet":"max-snippet:-1","max-image-preview":"max-image-preview:large","max-video-preview":"max-video-preview:-1"},"canonical":"https:\/\/corona1.eu\/de\/feuermelder-und-gasdetektoren\/","og_locale":"de_DE","og_type":"article","og_title":"Feuermelder und Gasdetektoren - CORONA Serwis","og_description":"Ger\u00e4te zur wirksamen Detektion von Feuer oder gef\u00e4hrlichen Gasen. Schnelles Ansprechen, resistent gegen extreme Bedingungen.","og_url":"https:\/\/corona1.eu\/de\/feuermelder-und-gasdetektoren\/","og_site_name":"CORONA Serwis","article_modified_time":"2025-10-21T11:06:22+00:00","og_image":[{"width":889,"height":500,"url":"https:\/\/corona1.eu\/de\/wp-content\/uploads\/2025\/06\/grupa_detektory_ognia_gazu_16x9.png","type":"image\/png"}],"twitter_card":"summary_large_image","twitter_misc":{"Gesch\u00e4tzte Lesezeit":"3\u00a0Minuten"},"schema":{"@context":"https:\/\/schema.org","@graph":[{"@type":"WebPage","@id":"https:\/\/corona1.eu\/de\/feuermelder-und-gasdetektoren\/","url":"https:\/\/corona1.eu\/de\/feuermelder-und-gasdetektoren\/","name":"Feuermelder und Gasdetektoren - CORONA Serwis","isPartOf":{"@id":"https:\/\/corona1.eu\/de\/#website"},"primaryImageOfPage":{"@id":"https:\/\/corona1.eu\/de\/feuermelder-und-gasdetektoren\/#primaryimage"},"image":{"@id":"https:\/\/corona1.eu\/de\/feuermelder-und-gasdetektoren\/#primaryimage"},"thumbnailUrl":"https:\/\/corona1.eu\/de\/wp-content\/uploads\/2025\/06\/grupa_detektory_ognia_gazu_16x9.png","datePublished":"2025-06-30T12:36:31+00:00","dateModified":"2025-10-21T11:06:22+00:00","description":"Ger\u00e4te zur wirksamen Detektion von Feuer oder gef\u00e4hrlichen Gasen. Schnelles Ansprechen, resistent gegen extreme Bedingungen.","breadcrumb":{"@id":"https:\/\/corona1.eu\/de\/feuermelder-und-gasdetektoren\/#breadcrumb"},"inLanguage":"de","potentialAction":[{"@type":"ReadAction","target":["https:\/\/corona1.eu\/de\/feuermelder-und-gasdetektoren\/"]}]},{"@type":"ImageObject","inLanguage":"de","@id":"https:\/\/corona1.eu\/de\/feuermelder-und-gasdetektoren\/#primaryimage","url":"https:\/\/corona1.eu\/de\/wp-content\/uploads\/2025\/06\/grupa_detektory_ognia_gazu_16x9.png","contentUrl":"https:\/\/corona1.eu\/de\/wp-content\/uploads\/2025\/06\/grupa_detektory_ognia_gazu_16x9.png","width":889,"height":500},{"@type":"BreadcrumbList","@id":"https:\/\/corona1.eu\/de\/feuermelder-und-gasdetektoren\/#breadcrumb","itemListElement":[{"@type":"ListItem","position":1,"name":"Startseite","item":"https:\/\/corona1.eu\/de\/"},{"@type":"ListItem","position":2,"name":"Feuermelder und Gasdetektoren"}]},{"@type":"WebSite","@id":"https:\/\/corona1.eu\/de\/#website","url":"https:\/\/corona1.eu\/de\/","name":"CORONA Serwis","description":"","potentialAction":[{"@type":"SearchAction","target":{"@type":"EntryPoint","urlTemplate":"https:\/\/corona1.eu\/de\/?s={search_term_string}"},"query-input":{"@type":"PropertyValueSpecification","valueRequired":true,"valueName":"search_term_string"}}],"inLanguage":"de"}]}},"_links":{"self":[{"href":"https:\/\/corona1.eu\/de\/wp-json\/wp\/v2\/pages\/710","targetHints":{"allow":["GET"]}}],"collection":[{"href":"https:\/\/corona1.eu\/de\/wp-json\/wp\/v2\/pages"}],"about":[{"href":"https:\/\/corona1.eu\/de\/wp-json\/wp\/v2\/types\/page"}],"author":[{"embeddable":true,"href":"https:\/\/corona1.eu\/de\/wp-json\/wp\/v2\/users\/1"}],"replies":[{"embeddable":true,"href":"https:\/\/corona1.eu\/de\/wp-json\/wp\/v2\/comments?post=710"}],"version-history":[{"count":3,"href":"https:\/\/corona1.eu\/de\/wp-json\/wp\/v2\/pages\/710\/revisions"}],"predecessor-version":[{"id":714,"href":"https:\/\/corona1.eu\/de\/wp-json\/wp\/v2\/pages\/710\/revisions\/714"}],"wp:featuredmedia":[{"embeddable":true,"href":"https:\/\/corona1.eu\/de\/wp-json\/wp\/v2\/media\/711"}],"wp:attachment":[{"href":"https:\/\/corona1.eu\/de\/wp-json\/wp\/v2\/media?parent=710"}],"wp:term":[{"taxonomy":"category","embeddable":true,"href":"https:\/\/corona1.eu\/de\/wp-json\/wp\/v2\/categories?post=710"},{"taxonomy":"post_tag","embeddable":true,"href":"https:\/\/corona1.eu\/de\/wp-json\/wp\/v2\/tags?post=710"}],"curies":[{"name":"wp","href":"https:\/\/api.w.org\/{rel}","templated":true}]}}