{"id":689,"date":"2025-06-30T12:58:15","date_gmt":"2025-06-30T10:58:15","guid":{"rendered":"https:\/\/corona1.eu\/de\/?page_id=689"},"modified":"2025-06-30T13:00:15","modified_gmt":"2025-06-30T11:00:15","slug":"erdungsmagnet-x2p-qc","status":"publish","type":"page","link":"https:\/\/corona1.eu\/de\/erdungsmagnete\/erdungsmagnet-x2p-qc\/","title":{"rendered":"Erdungsmagnet X2P-QC"},"content":{"rendered":"\n<p><\/p>\n\n\n\n<p>Der Erdungsmagnet X2P-QC ist mit einem 20 cm langen Zweileiterkabel ausgestattet.<br>Das Kabel ist mit einer Schnellkupplung versehen, wodurch es mit vielen Erdungssteuerungssystemen kompatibel ist<br>erdungssteuerungssystemen kompatibel ist. Er ist aus rostfreiem Stahl gefertigt und hat sehr scharfe Z\u00e4hne<br>aus geh\u00e4rtetem Stahl, die es erm\u00f6glichen, verschiedene Arten von Isolierungen zu durchsto\u00dfen. Magnet<br>ist f\u00fcr Stellen gedacht, an denen eine Standardklemme nicht angebracht werden kann.<\/p>\n\n\n\n<p><strong>Vorteile<\/strong><\/p>\n\n\n\n<ul class=\"wp-block-list has-black-color has-text-color has-link-color wp-elements-d5ef8a58891db87b9cfd3a1e61a6bde4\">\n<li>metallteile aus rostfreiem Stahl<\/li>\n\n\n\n<li>hohe Magnetkraft<\/li>\n\n\n\n<li>Anschluss \u00fcber Schnellverschlusskupplung<\/li>\n<\/ul>\n\n\n\n<p><\/p>\n\n\n\n<table class=\"table table-striped table-bordered\">\n                  <tbody>\n                     <tr style=\"font-size: 12px;font-weight: bold\">\n                        <td>Technische Daten:<\/td>\n                        <td>Erdungsmagnet X2P-QC<\/td>\n                     <\/tr>\n                     <tr style=\"font-size: 12px\">\n                        <td> Abmessungen<\/td>\n                        <td>  150 x 75 x 55 mm (B x H x T)<\/td>\n <tr style=\"font-size: 12px\">\n                        <td>Endst\u00fcck<\/td>\n                        <td>2 St\u00fcck, aus WKZ-Stahl<\/td>\n<tr style=\"font-size: 12px\">\n<td> Ex-Zonen<\/td>\n                        <td> Zone: 1, 2 und Zone: 21, 22<\/td>\n<tr style=\"font-size: 12px\">\n<td> Ex-Bezeichnungen<\/td>\n                        <td> II 2G Ex h IIB T6 Gb<\/td>\n<tr style=\"font-size: 12px\">\n<td><\/td>\n                        <td>II 2D Ex h IIIB T80\u00b0C Db<\/td>\n<tr style=\"font-size: 12px\">\n<td>Werkstoff<\/td>\n                        <td> Rostfreier Stahl 1.4301<\/td>\n                     <\/tr>\n                  <\/tbody>\n               <\/table>\n\n\n\n\n\n<p><\/p>\n","protected":false},"excerpt":{"rendered":"<p>Der Erdungsmagnet X2P-QC ist mit einem 20 cm langen Zweileiterkabel ausgestattet.Das Kabel ist mit einer [&hellip;]<\/p>\n","protected":false},"author":1,"featured_media":690,"parent":679,"menu_order":0,"comment_status":"closed","ping_status":"closed","template":"kg_products_template.php","meta":{"pgc_sgb_lightbox_settings":"","footnotes":""},"categories":[37],"tags":[],"class_list":["post-689","page","type-page","status-publish","has-post-thumbnail","hentry","category-erdungsmagnete"],"yoast_head":"<!-- This site is optimized with the Yoast SEO plugin v27.1.1 - https:\/\/yoast.com\/product\/yoast-seo-wordpress\/ -->\n<title>Erdungsmagnet X2P-QC - CORONA Serwis<\/title>\n<meta name=\"robots\" content=\"index, follow, max-snippet:-1, max-image-preview:large, max-video-preview:-1\" \/>\n<link rel=\"canonical\" href=\"https:\/\/corona1.eu\/de\/erdungsmagnete\/erdungsmagnet-x2p-qc\/\" \/>\n<meta property=\"og:locale\" content=\"de_DE\" \/>\n<meta property=\"og:type\" content=\"article\" \/>\n<meta property=\"og:title\" content=\"Erdungsmagnet X2P-QC - CORONA Serwis\" \/>\n<meta property=\"og:description\" content=\"Der Erdungsmagnet X2P-QC ist mit einem 20 cm langen Zweileiterkabel ausgestattet.Das Kabel ist mit einer [&hellip;]\" \/>\n<meta property=\"og:url\" content=\"https:\/\/corona1.eu\/de\/erdungsmagnete\/erdungsmagnet-x2p-qc\/\" \/>\n<meta property=\"og:site_name\" content=\"CORONA Serwis\" \/>\n<meta property=\"article:modified_time\" content=\"2025-06-30T11:00:15+00:00\" \/>\n<meta property=\"og:image\" content=\"https:\/\/corona1.eu\/de\/wp-content\/uploads\/2025\/06\/Uziemiajacy-magnes-X2P-QC.png\" \/>\n\t<meta property=\"og:image:width\" content=\"1159\" \/>\n\t<meta property=\"og:image:height\" content=\"1160\" \/>\n\t<meta property=\"og:image:type\" content=\"image\/png\" \/>\n<meta name=\"twitter:card\" content=\"summary_large_image\" \/>\n<meta name=\"twitter:label1\" content=\"Gesch\u00e4tzte Lesezeit\" \/>\n\t<meta name=\"twitter:data1\" content=\"1\u00a0Minute\" \/>\n<script type=\"application\/ld+json\" class=\"yoast-schema-graph\">{\"@context\":\"https:\/\/schema.org\",\"@graph\":[{\"@type\":\"WebPage\",\"@id\":\"https:\/\/corona1.eu\/de\/erdungsmagnete\/erdungsmagnet-x2p-qc\/\",\"url\":\"https:\/\/corona1.eu\/de\/erdungsmagnete\/erdungsmagnet-x2p-qc\/\",\"name\":\"Erdungsmagnet X2P-QC - CORONA Serwis\",\"isPartOf\":{\"@id\":\"https:\/\/corona1.eu\/de\/#website\"},\"primaryImageOfPage\":{\"@id\":\"https:\/\/corona1.eu\/de\/erdungsmagnete\/erdungsmagnet-x2p-qc\/#primaryimage\"},\"image\":{\"@id\":\"https:\/\/corona1.eu\/de\/erdungsmagnete\/erdungsmagnet-x2p-qc\/#primaryimage\"},\"thumbnailUrl\":\"https:\/\/corona1.eu\/de\/wp-content\/uploads\/2025\/06\/Uziemiajacy-magnes-X2P-QC.png\",\"datePublished\":\"2025-06-30T10:58:15+00:00\",\"dateModified\":\"2025-06-30T11:00:15+00:00\",\"breadcrumb\":{\"@id\":\"https:\/\/corona1.eu\/de\/erdungsmagnete\/erdungsmagnet-x2p-qc\/#breadcrumb\"},\"inLanguage\":\"de\",\"potentialAction\":[{\"@type\":\"ReadAction\",\"target\":[\"https:\/\/corona1.eu\/de\/erdungsmagnete\/erdungsmagnet-x2p-qc\/\"]}]},{\"@type\":\"ImageObject\",\"inLanguage\":\"de\",\"@id\":\"https:\/\/corona1.eu\/de\/erdungsmagnete\/erdungsmagnet-x2p-qc\/#primaryimage\",\"url\":\"https:\/\/corona1.eu\/de\/wp-content\/uploads\/2025\/06\/Uziemiajacy-magnes-X2P-QC.png\",\"contentUrl\":\"https:\/\/corona1.eu\/de\/wp-content\/uploads\/2025\/06\/Uziemiajacy-magnes-X2P-QC.png\",\"width\":1159,\"height\":1160},{\"@type\":\"BreadcrumbList\",\"@id\":\"https:\/\/corona1.eu\/de\/erdungsmagnete\/erdungsmagnet-x2p-qc\/#breadcrumb\",\"itemListElement\":[{\"@type\":\"ListItem\",\"position\":1,\"name\":\"Startseite\",\"item\":\"https:\/\/corona1.eu\/de\/\"},{\"@type\":\"ListItem\",\"position\":2,\"name\":\"Erdungsmagnete\",\"item\":\"https:\/\/corona1.eu\/de\/erdungsmagnete\/\"},{\"@type\":\"ListItem\",\"position\":3,\"name\":\"Erdungsmagnet X2P-QC\"}]},{\"@type\":\"WebSite\",\"@id\":\"https:\/\/corona1.eu\/de\/#website\",\"url\":\"https:\/\/corona1.eu\/de\/\",\"name\":\"CORONA Serwis\",\"description\":\"\",\"potentialAction\":[{\"@type\":\"SearchAction\",\"target\":{\"@type\":\"EntryPoint\",\"urlTemplate\":\"https:\/\/corona1.eu\/de\/?s={search_term_string}\"},\"query-input\":{\"@type\":\"PropertyValueSpecification\",\"valueRequired\":true,\"valueName\":\"search_term_string\"}}],\"inLanguage\":\"de\"}]}<\/script>\n<!-- \/ Yoast SEO plugin. -->","yoast_head_json":{"title":"Erdungsmagnet X2P-QC - CORONA Serwis","robots":{"index":"index","follow":"follow","max-snippet":"max-snippet:-1","max-image-preview":"max-image-preview:large","max-video-preview":"max-video-preview:-1"},"canonical":"https:\/\/corona1.eu\/de\/erdungsmagnete\/erdungsmagnet-x2p-qc\/","og_locale":"de_DE","og_type":"article","og_title":"Erdungsmagnet X2P-QC - CORONA Serwis","og_description":"Der Erdungsmagnet X2P-QC ist mit einem 20 cm langen Zweileiterkabel ausgestattet.Das Kabel ist mit einer [&hellip;]","og_url":"https:\/\/corona1.eu\/de\/erdungsmagnete\/erdungsmagnet-x2p-qc\/","og_site_name":"CORONA Serwis","article_modified_time":"2025-06-30T11:00:15+00:00","og_image":[{"width":1159,"height":1160,"url":"https:\/\/corona1.eu\/de\/wp-content\/uploads\/2025\/06\/Uziemiajacy-magnes-X2P-QC.png","type":"image\/png"}],"twitter_card":"summary_large_image","twitter_misc":{"Gesch\u00e4tzte Lesezeit":"1\u00a0Minute"},"schema":{"@context":"https:\/\/schema.org","@graph":[{"@type":"WebPage","@id":"https:\/\/corona1.eu\/de\/erdungsmagnete\/erdungsmagnet-x2p-qc\/","url":"https:\/\/corona1.eu\/de\/erdungsmagnete\/erdungsmagnet-x2p-qc\/","name":"Erdungsmagnet X2P-QC - CORONA Serwis","isPartOf":{"@id":"https:\/\/corona1.eu\/de\/#website"},"primaryImageOfPage":{"@id":"https:\/\/corona1.eu\/de\/erdungsmagnete\/erdungsmagnet-x2p-qc\/#primaryimage"},"image":{"@id":"https:\/\/corona1.eu\/de\/erdungsmagnete\/erdungsmagnet-x2p-qc\/#primaryimage"},"thumbnailUrl":"https:\/\/corona1.eu\/de\/wp-content\/uploads\/2025\/06\/Uziemiajacy-magnes-X2P-QC.png","datePublished":"2025-06-30T10:58:15+00:00","dateModified":"2025-06-30T11:00:15+00:00","breadcrumb":{"@id":"https:\/\/corona1.eu\/de\/erdungsmagnete\/erdungsmagnet-x2p-qc\/#breadcrumb"},"inLanguage":"de","potentialAction":[{"@type":"ReadAction","target":["https:\/\/corona1.eu\/de\/erdungsmagnete\/erdungsmagnet-x2p-qc\/"]}]},{"@type":"ImageObject","inLanguage":"de","@id":"https:\/\/corona1.eu\/de\/erdungsmagnete\/erdungsmagnet-x2p-qc\/#primaryimage","url":"https:\/\/corona1.eu\/de\/wp-content\/uploads\/2025\/06\/Uziemiajacy-magnes-X2P-QC.png","contentUrl":"https:\/\/corona1.eu\/de\/wp-content\/uploads\/2025\/06\/Uziemiajacy-magnes-X2P-QC.png","width":1159,"height":1160},{"@type":"BreadcrumbList","@id":"https:\/\/corona1.eu\/de\/erdungsmagnete\/erdungsmagnet-x2p-qc\/#breadcrumb","itemListElement":[{"@type":"ListItem","position":1,"name":"Startseite","item":"https:\/\/corona1.eu\/de\/"},{"@type":"ListItem","position":2,"name":"Erdungsmagnete","item":"https:\/\/corona1.eu\/de\/erdungsmagnete\/"},{"@type":"ListItem","position":3,"name":"Erdungsmagnet X2P-QC"}]},{"@type":"WebSite","@id":"https:\/\/corona1.eu\/de\/#website","url":"https:\/\/corona1.eu\/de\/","name":"CORONA Serwis","description":"","potentialAction":[{"@type":"SearchAction","target":{"@type":"EntryPoint","urlTemplate":"https:\/\/corona1.eu\/de\/?s={search_term_string}"},"query-input":{"@type":"PropertyValueSpecification","valueRequired":true,"valueName":"search_term_string"}}],"inLanguage":"de"}]}},"_links":{"self":[{"href":"https:\/\/corona1.eu\/de\/wp-json\/wp\/v2\/pages\/689","targetHints":{"allow":["GET"]}}],"collection":[{"href":"https:\/\/corona1.eu\/de\/wp-json\/wp\/v2\/pages"}],"about":[{"href":"https:\/\/corona1.eu\/de\/wp-json\/wp\/v2\/types\/page"}],"author":[{"embeddable":true,"href":"https:\/\/corona1.eu\/de\/wp-json\/wp\/v2\/users\/1"}],"replies":[{"embeddable":true,"href":"https:\/\/corona1.eu\/de\/wp-json\/wp\/v2\/comments?post=689"}],"version-history":[{"count":3,"href":"https:\/\/corona1.eu\/de\/wp-json\/wp\/v2\/pages\/689\/revisions"}],"predecessor-version":[{"id":693,"href":"https:\/\/corona1.eu\/de\/wp-json\/wp\/v2\/pages\/689\/revisions\/693"}],"up":[{"embeddable":true,"href":"https:\/\/corona1.eu\/de\/wp-json\/wp\/v2\/pages\/679"}],"wp:featuredmedia":[{"embeddable":true,"href":"https:\/\/corona1.eu\/de\/wp-json\/wp\/v2\/media\/690"}],"wp:attachment":[{"href":"https:\/\/corona1.eu\/de\/wp-json\/wp\/v2\/media?parent=689"}],"wp:term":[{"taxonomy":"category","embeddable":true,"href":"https:\/\/corona1.eu\/de\/wp-json\/wp\/v2\/categories?post=689"},{"taxonomy":"post_tag","embeddable":true,"href":"https:\/\/corona1.eu\/de\/wp-json\/wp\/v2\/tags?post=689"}],"curies":[{"name":"wp","href":"https:\/\/api.w.org\/{rel}","templated":true}]}}