{"id":685,"date":"2025-06-30T12:54:23","date_gmt":"2025-06-30T10:54:23","guid":{"rendered":"https:\/\/corona1.eu\/de\/?page_id=685"},"modified":"2025-06-30T12:54:57","modified_gmt":"2025-06-30T10:54:57","slug":"x1p-magnet-mit-kabel","status":"publish","type":"page","link":"https:\/\/corona1.eu\/de\/erdungsmagnete\/x1p-magnet-mit-kabel\/","title":{"rendered":"X1P Magnet mit Kabel"},"content":{"rendered":"\n\n<p><strong>Erdungsmagnet X1P mit Leiter<\/strong><br>Der Erdungshandmagnet X1P besteht aus rostfreiem Stahl und ist f\u00fcr einadrige Kabel bestimmt. Er hat sehr scharfe Z\u00e4hne aus geh\u00e4rtetem Stahl, mit denen er verschiedene Arten von Isolierschichten durchsto\u00dfen kann. Er kann mit einem gr\u00fcnen oder gelb-gr\u00fcnen Spiralkabel oder einem geraden Erdungskabel ausgestattet werden. Der Magnet ist f\u00fcr Stellen gedacht, an denen es nicht m\u00f6glich ist, eine Standardklemme anzubringen.<\/p>\n\n\n\n\n\n<p><\/p>\n\n\n\n\n\n<table class=\"table table-striped table-bordered\">\n                  <tbody>\n                     <tr style=\"font-size: 12px;font-weight: bold\">\n                        <td>Technische Daten:<\/td>\n                        <td>Erdungsmagnet<\/td>\n                     <\/tr>\n                     <tr style=\"font-size: 12px\">\n                        <td> Anschlussklemmen<\/td>\n                        <td> 2 St\u00fcck, hergestellt aus WKZ-Stahl<\/td>\n <tr style=\"font-size: 12px\">\n                        <td>Ex-Zonen<\/td>\n                        <td> Zone: 1, 21 und Zone: 2, 22<\/td>\n<tr style=\"font-size: 12px\">\n<td> Ex-Bezeichnungen<\/td>\n                        <td>  II 2G Ex h IIB T6 Ga<\/td>\n<tr style=\"font-size: 12px\">\n<td><\/td>\n                        <td> II 2D Ex h IIIB T80\u00b0C Db<\/td>\n<tr style=\"font-size: 12px\">\n<td>Werkstoff<\/td>\n                        <td> nichtrostender Stahl 1.4301<\/td>\n<tr style=\"font-size: 12px\">\n<td> Anwendungsbereich<\/td>\n                        <td>Gestrichene und ungestrichene Beh\u00e4lter \u00fcber 50 \nliter.<\/td>\n                     <\/tr>\n                  <\/tbody>\n               <\/table>\n\n\n\n\n\n\n\n\n<p><\/p>\n\n","protected":false},"excerpt":{"rendered":"<p>Erdungsmagnet X1P mit LeiterDer Erdungshandmagnet X1P besteht aus rostfreiem Stahl und ist f\u00fcr einadrige Kabel [&hellip;]<\/p>\n","protected":false},"author":1,"featured_media":686,"parent":679,"menu_order":0,"comment_status":"closed","ping_status":"closed","template":"kg_products_template.php","meta":{"pgc_sgb_lightbox_settings":"","footnotes":""},"categories":[37],"tags":[],"class_list":["post-685","page","type-page","status-publish","has-post-thumbnail","hentry","category-erdungsmagnete"],"yoast_head":"<!-- This site is optimized with the Yoast SEO plugin v27.1.1 - https:\/\/yoast.com\/product\/yoast-seo-wordpress\/ -->\n<title>X1P Magnet mit Kabel - CORONA Serwis<\/title>\n<meta name=\"robots\" content=\"index, follow, max-snippet:-1, max-image-preview:large, max-video-preview:-1\" \/>\n<link rel=\"canonical\" href=\"https:\/\/corona1.eu\/de\/erdungsmagnete\/x1p-magnet-mit-kabel\/\" \/>\n<meta property=\"og:locale\" content=\"de_DE\" \/>\n<meta property=\"og:type\" content=\"article\" \/>\n<meta property=\"og:title\" content=\"X1P Magnet mit Kabel - CORONA Serwis\" \/>\n<meta property=\"og:description\" content=\"Erdungsmagnet X1P mit LeiterDer Erdungshandmagnet X1P besteht aus rostfreiem Stahl und ist f\u00fcr einadrige Kabel [&hellip;]\" \/>\n<meta property=\"og:url\" content=\"https:\/\/corona1.eu\/de\/erdungsmagnete\/x1p-magnet-mit-kabel\/\" \/>\n<meta property=\"og:site_name\" content=\"CORONA Serwis\" \/>\n<meta property=\"article:modified_time\" content=\"2025-06-30T10:54:57+00:00\" \/>\n<meta property=\"og:image\" content=\"https:\/\/corona1.eu\/de\/wp-content\/uploads\/2025\/06\/magnes_x1p.png\" \/>\n\t<meta property=\"og:image:width\" content=\"532\" \/>\n\t<meta property=\"og:image:height\" content=\"532\" \/>\n\t<meta property=\"og:image:type\" content=\"image\/png\" \/>\n<meta name=\"twitter:card\" content=\"summary_large_image\" \/>\n<meta name=\"twitter:label1\" content=\"Gesch\u00e4tzte Lesezeit\" \/>\n\t<meta name=\"twitter:data1\" content=\"1\u00a0Minute\" \/>\n<script type=\"application\/ld+json\" class=\"yoast-schema-graph\">{\"@context\":\"https:\/\/schema.org\",\"@graph\":[{\"@type\":\"WebPage\",\"@id\":\"https:\/\/corona1.eu\/de\/erdungsmagnete\/x1p-magnet-mit-kabel\/\",\"url\":\"https:\/\/corona1.eu\/de\/erdungsmagnete\/x1p-magnet-mit-kabel\/\",\"name\":\"X1P Magnet mit Kabel - CORONA Serwis\",\"isPartOf\":{\"@id\":\"https:\/\/corona1.eu\/de\/#website\"},\"primaryImageOfPage\":{\"@id\":\"https:\/\/corona1.eu\/de\/erdungsmagnete\/x1p-magnet-mit-kabel\/#primaryimage\"},\"image\":{\"@id\":\"https:\/\/corona1.eu\/de\/erdungsmagnete\/x1p-magnet-mit-kabel\/#primaryimage\"},\"thumbnailUrl\":\"https:\/\/corona1.eu\/de\/wp-content\/uploads\/2025\/06\/magnes_x1p.png\",\"datePublished\":\"2025-06-30T10:54:23+00:00\",\"dateModified\":\"2025-06-30T10:54:57+00:00\",\"breadcrumb\":{\"@id\":\"https:\/\/corona1.eu\/de\/erdungsmagnete\/x1p-magnet-mit-kabel\/#breadcrumb\"},\"inLanguage\":\"de\",\"potentialAction\":[{\"@type\":\"ReadAction\",\"target\":[\"https:\/\/corona1.eu\/de\/erdungsmagnete\/x1p-magnet-mit-kabel\/\"]}]},{\"@type\":\"ImageObject\",\"inLanguage\":\"de\",\"@id\":\"https:\/\/corona1.eu\/de\/erdungsmagnete\/x1p-magnet-mit-kabel\/#primaryimage\",\"url\":\"https:\/\/corona1.eu\/de\/wp-content\/uploads\/2025\/06\/magnes_x1p.png\",\"contentUrl\":\"https:\/\/corona1.eu\/de\/wp-content\/uploads\/2025\/06\/magnes_x1p.png\",\"width\":532,\"height\":532},{\"@type\":\"BreadcrumbList\",\"@id\":\"https:\/\/corona1.eu\/de\/erdungsmagnete\/x1p-magnet-mit-kabel\/#breadcrumb\",\"itemListElement\":[{\"@type\":\"ListItem\",\"position\":1,\"name\":\"Startseite\",\"item\":\"https:\/\/corona1.eu\/de\/\"},{\"@type\":\"ListItem\",\"position\":2,\"name\":\"Erdungsmagnete\",\"item\":\"https:\/\/corona1.eu\/de\/erdungsmagnete\/\"},{\"@type\":\"ListItem\",\"position\":3,\"name\":\"X1P Magnet mit Kabel\"}]},{\"@type\":\"WebSite\",\"@id\":\"https:\/\/corona1.eu\/de\/#website\",\"url\":\"https:\/\/corona1.eu\/de\/\",\"name\":\"CORONA Serwis\",\"description\":\"\",\"potentialAction\":[{\"@type\":\"SearchAction\",\"target\":{\"@type\":\"EntryPoint\",\"urlTemplate\":\"https:\/\/corona1.eu\/de\/?s={search_term_string}\"},\"query-input\":{\"@type\":\"PropertyValueSpecification\",\"valueRequired\":true,\"valueName\":\"search_term_string\"}}],\"inLanguage\":\"de\"}]}<\/script>\n<!-- \/ Yoast SEO plugin. -->","yoast_head_json":{"title":"X1P Magnet mit Kabel - CORONA Serwis","robots":{"index":"index","follow":"follow","max-snippet":"max-snippet:-1","max-image-preview":"max-image-preview:large","max-video-preview":"max-video-preview:-1"},"canonical":"https:\/\/corona1.eu\/de\/erdungsmagnete\/x1p-magnet-mit-kabel\/","og_locale":"de_DE","og_type":"article","og_title":"X1P Magnet mit Kabel - CORONA Serwis","og_description":"Erdungsmagnet X1P mit LeiterDer Erdungshandmagnet X1P besteht aus rostfreiem Stahl und ist f\u00fcr einadrige Kabel [&hellip;]","og_url":"https:\/\/corona1.eu\/de\/erdungsmagnete\/x1p-magnet-mit-kabel\/","og_site_name":"CORONA Serwis","article_modified_time":"2025-06-30T10:54:57+00:00","og_image":[{"width":532,"height":532,"url":"https:\/\/corona1.eu\/de\/wp-content\/uploads\/2025\/06\/magnes_x1p.png","type":"image\/png"}],"twitter_card":"summary_large_image","twitter_misc":{"Gesch\u00e4tzte Lesezeit":"1\u00a0Minute"},"schema":{"@context":"https:\/\/schema.org","@graph":[{"@type":"WebPage","@id":"https:\/\/corona1.eu\/de\/erdungsmagnete\/x1p-magnet-mit-kabel\/","url":"https:\/\/corona1.eu\/de\/erdungsmagnete\/x1p-magnet-mit-kabel\/","name":"X1P Magnet mit Kabel - CORONA Serwis","isPartOf":{"@id":"https:\/\/corona1.eu\/de\/#website"},"primaryImageOfPage":{"@id":"https:\/\/corona1.eu\/de\/erdungsmagnete\/x1p-magnet-mit-kabel\/#primaryimage"},"image":{"@id":"https:\/\/corona1.eu\/de\/erdungsmagnete\/x1p-magnet-mit-kabel\/#primaryimage"},"thumbnailUrl":"https:\/\/corona1.eu\/de\/wp-content\/uploads\/2025\/06\/magnes_x1p.png","datePublished":"2025-06-30T10:54:23+00:00","dateModified":"2025-06-30T10:54:57+00:00","breadcrumb":{"@id":"https:\/\/corona1.eu\/de\/erdungsmagnete\/x1p-magnet-mit-kabel\/#breadcrumb"},"inLanguage":"de","potentialAction":[{"@type":"ReadAction","target":["https:\/\/corona1.eu\/de\/erdungsmagnete\/x1p-magnet-mit-kabel\/"]}]},{"@type":"ImageObject","inLanguage":"de","@id":"https:\/\/corona1.eu\/de\/erdungsmagnete\/x1p-magnet-mit-kabel\/#primaryimage","url":"https:\/\/corona1.eu\/de\/wp-content\/uploads\/2025\/06\/magnes_x1p.png","contentUrl":"https:\/\/corona1.eu\/de\/wp-content\/uploads\/2025\/06\/magnes_x1p.png","width":532,"height":532},{"@type":"BreadcrumbList","@id":"https:\/\/corona1.eu\/de\/erdungsmagnete\/x1p-magnet-mit-kabel\/#breadcrumb","itemListElement":[{"@type":"ListItem","position":1,"name":"Startseite","item":"https:\/\/corona1.eu\/de\/"},{"@type":"ListItem","position":2,"name":"Erdungsmagnete","item":"https:\/\/corona1.eu\/de\/erdungsmagnete\/"},{"@type":"ListItem","position":3,"name":"X1P Magnet mit Kabel"}]},{"@type":"WebSite","@id":"https:\/\/corona1.eu\/de\/#website","url":"https:\/\/corona1.eu\/de\/","name":"CORONA Serwis","description":"","potentialAction":[{"@type":"SearchAction","target":{"@type":"EntryPoint","urlTemplate":"https:\/\/corona1.eu\/de\/?s={search_term_string}"},"query-input":{"@type":"PropertyValueSpecification","valueRequired":true,"valueName":"search_term_string"}}],"inLanguage":"de"}]}},"_links":{"self":[{"href":"https:\/\/corona1.eu\/de\/wp-json\/wp\/v2\/pages\/685","targetHints":{"allow":["GET"]}}],"collection":[{"href":"https:\/\/corona1.eu\/de\/wp-json\/wp\/v2\/pages"}],"about":[{"href":"https:\/\/corona1.eu\/de\/wp-json\/wp\/v2\/types\/page"}],"author":[{"embeddable":true,"href":"https:\/\/corona1.eu\/de\/wp-json\/wp\/v2\/users\/1"}],"replies":[{"embeddable":true,"href":"https:\/\/corona1.eu\/de\/wp-json\/wp\/v2\/comments?post=685"}],"version-history":[{"count":2,"href":"https:\/\/corona1.eu\/de\/wp-json\/wp\/v2\/pages\/685\/revisions"}],"predecessor-version":[{"id":688,"href":"https:\/\/corona1.eu\/de\/wp-json\/wp\/v2\/pages\/685\/revisions\/688"}],"up":[{"embeddable":true,"href":"https:\/\/corona1.eu\/de\/wp-json\/wp\/v2\/pages\/679"}],"wp:featuredmedia":[{"embeddable":true,"href":"https:\/\/corona1.eu\/de\/wp-json\/wp\/v2\/media\/686"}],"wp:attachment":[{"href":"https:\/\/corona1.eu\/de\/wp-json\/wp\/v2\/media?parent=685"}],"wp:term":[{"taxonomy":"category","embeddable":true,"href":"https:\/\/corona1.eu\/de\/wp-json\/wp\/v2\/categories?post=685"},{"taxonomy":"post_tag","embeddable":true,"href":"https:\/\/corona1.eu\/de\/wp-json\/wp\/v2\/tags?post=685"}],"curies":[{"name":"wp","href":"https:\/\/api.w.org\/{rel}","templated":true}]}}