{"id":669,"date":"2025-06-27T12:18:37","date_gmt":"2025-06-27T10:18:37","guid":{"rendered":"https:\/\/corona1.eu\/de\/?page_id=669"},"modified":"2025-06-27T12:19:04","modified_gmt":"2025-06-27T10:19:04","slug":"gerades-erdungskabel","status":"publish","type":"page","link":"https:\/\/corona1.eu\/de\/erdungsleitern\/gerades-erdungskabel\/","title":{"rendered":"Gerades Erdungskabel"},"content":{"rendered":"\n\n<p><strong>Gerades Erdungskabel<\/strong><br><\/p>\n\n\n\n\n\n<p>Gerades Erdungskabel aus rostfreiem Stahl. Es hat eine speziell verst\u00e4rkte Beschichtung, die gegen die meisten chemischen und atmosph\u00e4rischen Einfl\u00fcsse resistent ist. Es ist als Meterware in gr\u00fcner oder gelb-gr\u00fcner Farbe erh\u00e4ltlich.<\/p>\n\n\n\n\n\n<p><\/p>\n\n\n\n\n\n<table class=\"table table-striped table-bordered\">\n                  <tbody>\n                     <tr style=\"font-size: 12px;font-weight: bold\">\n                        <td>Technische Daten:<\/td>\n                        <td> Spirale &#8211; zweiadrig<\/td>\n                     <\/tr>\n                     <tr style=\"font-size: 12px\">\n                        <td> Typ des Kabels<\/td>\n                        <td>Zweiadrig<\/td>\n <tr style=\"font-size: 12px\">\n                        <td> L\u00e4nge des Kabels<\/td>\n                        <td>orange &#8211; 5; 7,5; 10 m\n blau &#8211; 1, 3, 5 und 10 m<\/td>\n<tr style=\"font-size: 12px\">\n                     <\/tr>\n                  <\/tbody>\n               <\/table>\n\n","protected":false},"excerpt":{"rendered":"<p>Gerades Erdungskabel Gerades Erdungskabel aus rostfreiem Stahl. Es hat eine speziell verst\u00e4rkte Beschichtung, die gegen [&hellip;]<\/p>\n","protected":false},"author":1,"featured_media":670,"parent":653,"menu_order":0,"comment_status":"closed","ping_status":"closed","template":"kg_products_template.php","meta":{"pgc_sgb_lightbox_settings":"","footnotes":""},"categories":[36],"tags":[],"class_list":["post-669","page","type-page","status-publish","has-post-thumbnail","hentry","category-erdungsleitern"],"yoast_head":"<!-- This site is optimized with the Yoast SEO plugin v27.1.1 - https:\/\/yoast.com\/product\/yoast-seo-wordpress\/ -->\n<title>Gerades Erdungskabel - CORONA Serwis<\/title>\n<meta name=\"robots\" content=\"index, follow, max-snippet:-1, max-image-preview:large, max-video-preview:-1\" \/>\n<link rel=\"canonical\" href=\"https:\/\/corona1.eu\/de\/erdungsleitern\/gerades-erdungskabel\/\" \/>\n<meta property=\"og:locale\" content=\"de_DE\" \/>\n<meta property=\"og:type\" content=\"article\" \/>\n<meta property=\"og:title\" content=\"Gerades Erdungskabel - CORONA Serwis\" \/>\n<meta property=\"og:description\" content=\"Gerades Erdungskabel Gerades Erdungskabel aus rostfreiem Stahl. Es hat eine speziell verst\u00e4rkte Beschichtung, die gegen [&hellip;]\" \/>\n<meta property=\"og:url\" content=\"https:\/\/corona1.eu\/de\/erdungsleitern\/gerades-erdungskabel\/\" \/>\n<meta property=\"og:site_name\" content=\"CORONA Serwis\" \/>\n<meta property=\"article:modified_time\" content=\"2025-06-27T10:19:04+00:00\" \/>\n<meta property=\"og:image\" content=\"https:\/\/corona1.eu\/de\/wp-content\/uploads\/2025\/06\/prosty.png\" \/>\n\t<meta property=\"og:image:width\" content=\"532\" \/>\n\t<meta property=\"og:image:height\" content=\"532\" \/>\n\t<meta property=\"og:image:type\" content=\"image\/png\" \/>\n<meta name=\"twitter:card\" content=\"summary_large_image\" \/>\n<meta name=\"twitter:label1\" content=\"Gesch\u00e4tzte Lesezeit\" \/>\n\t<meta name=\"twitter:data1\" content=\"1\u00a0Minute\" \/>\n<script type=\"application\/ld+json\" class=\"yoast-schema-graph\">{\"@context\":\"https:\/\/schema.org\",\"@graph\":[{\"@type\":\"WebPage\",\"@id\":\"https:\/\/corona1.eu\/de\/erdungsleitern\/gerades-erdungskabel\/\",\"url\":\"https:\/\/corona1.eu\/de\/erdungsleitern\/gerades-erdungskabel\/\",\"name\":\"Gerades Erdungskabel - CORONA Serwis\",\"isPartOf\":{\"@id\":\"https:\/\/corona1.eu\/de\/#website\"},\"primaryImageOfPage\":{\"@id\":\"https:\/\/corona1.eu\/de\/erdungsleitern\/gerades-erdungskabel\/#primaryimage\"},\"image\":{\"@id\":\"https:\/\/corona1.eu\/de\/erdungsleitern\/gerades-erdungskabel\/#primaryimage\"},\"thumbnailUrl\":\"https:\/\/corona1.eu\/de\/wp-content\/uploads\/2025\/06\/prosty.png\",\"datePublished\":\"2025-06-27T10:18:37+00:00\",\"dateModified\":\"2025-06-27T10:19:04+00:00\",\"breadcrumb\":{\"@id\":\"https:\/\/corona1.eu\/de\/erdungsleitern\/gerades-erdungskabel\/#breadcrumb\"},\"inLanguage\":\"de\",\"potentialAction\":[{\"@type\":\"ReadAction\",\"target\":[\"https:\/\/corona1.eu\/de\/erdungsleitern\/gerades-erdungskabel\/\"]}]},{\"@type\":\"ImageObject\",\"inLanguage\":\"de\",\"@id\":\"https:\/\/corona1.eu\/de\/erdungsleitern\/gerades-erdungskabel\/#primaryimage\",\"url\":\"https:\/\/corona1.eu\/de\/wp-content\/uploads\/2025\/06\/prosty.png\",\"contentUrl\":\"https:\/\/corona1.eu\/de\/wp-content\/uploads\/2025\/06\/prosty.png\",\"width\":532,\"height\":532},{\"@type\":\"BreadcrumbList\",\"@id\":\"https:\/\/corona1.eu\/de\/erdungsleitern\/gerades-erdungskabel\/#breadcrumb\",\"itemListElement\":[{\"@type\":\"ListItem\",\"position\":1,\"name\":\"Startseite\",\"item\":\"https:\/\/corona1.eu\/de\/\"},{\"@type\":\"ListItem\",\"position\":2,\"name\":\"Erdungsleitern\",\"item\":\"https:\/\/corona1.eu\/de\/erdungsleitern\/\"},{\"@type\":\"ListItem\",\"position\":3,\"name\":\"Gerades Erdungskabel\"}]},{\"@type\":\"WebSite\",\"@id\":\"https:\/\/corona1.eu\/de\/#website\",\"url\":\"https:\/\/corona1.eu\/de\/\",\"name\":\"CORONA Serwis\",\"description\":\"\",\"potentialAction\":[{\"@type\":\"SearchAction\",\"target\":{\"@type\":\"EntryPoint\",\"urlTemplate\":\"https:\/\/corona1.eu\/de\/?s={search_term_string}\"},\"query-input\":{\"@type\":\"PropertyValueSpecification\",\"valueRequired\":true,\"valueName\":\"search_term_string\"}}],\"inLanguage\":\"de\"}]}<\/script>\n<!-- \/ Yoast SEO plugin. -->","yoast_head_json":{"title":"Gerades Erdungskabel - CORONA Serwis","robots":{"index":"index","follow":"follow","max-snippet":"max-snippet:-1","max-image-preview":"max-image-preview:large","max-video-preview":"max-video-preview:-1"},"canonical":"https:\/\/corona1.eu\/de\/erdungsleitern\/gerades-erdungskabel\/","og_locale":"de_DE","og_type":"article","og_title":"Gerades Erdungskabel - CORONA Serwis","og_description":"Gerades Erdungskabel Gerades Erdungskabel aus rostfreiem Stahl. Es hat eine speziell verst\u00e4rkte Beschichtung, die gegen [&hellip;]","og_url":"https:\/\/corona1.eu\/de\/erdungsleitern\/gerades-erdungskabel\/","og_site_name":"CORONA Serwis","article_modified_time":"2025-06-27T10:19:04+00:00","og_image":[{"width":532,"height":532,"url":"https:\/\/corona1.eu\/de\/wp-content\/uploads\/2025\/06\/prosty.png","type":"image\/png"}],"twitter_card":"summary_large_image","twitter_misc":{"Gesch\u00e4tzte Lesezeit":"1\u00a0Minute"},"schema":{"@context":"https:\/\/schema.org","@graph":[{"@type":"WebPage","@id":"https:\/\/corona1.eu\/de\/erdungsleitern\/gerades-erdungskabel\/","url":"https:\/\/corona1.eu\/de\/erdungsleitern\/gerades-erdungskabel\/","name":"Gerades Erdungskabel - CORONA Serwis","isPartOf":{"@id":"https:\/\/corona1.eu\/de\/#website"},"primaryImageOfPage":{"@id":"https:\/\/corona1.eu\/de\/erdungsleitern\/gerades-erdungskabel\/#primaryimage"},"image":{"@id":"https:\/\/corona1.eu\/de\/erdungsleitern\/gerades-erdungskabel\/#primaryimage"},"thumbnailUrl":"https:\/\/corona1.eu\/de\/wp-content\/uploads\/2025\/06\/prosty.png","datePublished":"2025-06-27T10:18:37+00:00","dateModified":"2025-06-27T10:19:04+00:00","breadcrumb":{"@id":"https:\/\/corona1.eu\/de\/erdungsleitern\/gerades-erdungskabel\/#breadcrumb"},"inLanguage":"de","potentialAction":[{"@type":"ReadAction","target":["https:\/\/corona1.eu\/de\/erdungsleitern\/gerades-erdungskabel\/"]}]},{"@type":"ImageObject","inLanguage":"de","@id":"https:\/\/corona1.eu\/de\/erdungsleitern\/gerades-erdungskabel\/#primaryimage","url":"https:\/\/corona1.eu\/de\/wp-content\/uploads\/2025\/06\/prosty.png","contentUrl":"https:\/\/corona1.eu\/de\/wp-content\/uploads\/2025\/06\/prosty.png","width":532,"height":532},{"@type":"BreadcrumbList","@id":"https:\/\/corona1.eu\/de\/erdungsleitern\/gerades-erdungskabel\/#breadcrumb","itemListElement":[{"@type":"ListItem","position":1,"name":"Startseite","item":"https:\/\/corona1.eu\/de\/"},{"@type":"ListItem","position":2,"name":"Erdungsleitern","item":"https:\/\/corona1.eu\/de\/erdungsleitern\/"},{"@type":"ListItem","position":3,"name":"Gerades Erdungskabel"}]},{"@type":"WebSite","@id":"https:\/\/corona1.eu\/de\/#website","url":"https:\/\/corona1.eu\/de\/","name":"CORONA Serwis","description":"","potentialAction":[{"@type":"SearchAction","target":{"@type":"EntryPoint","urlTemplate":"https:\/\/corona1.eu\/de\/?s={search_term_string}"},"query-input":{"@type":"PropertyValueSpecification","valueRequired":true,"valueName":"search_term_string"}}],"inLanguage":"de"}]}},"_links":{"self":[{"href":"https:\/\/corona1.eu\/de\/wp-json\/wp\/v2\/pages\/669","targetHints":{"allow":["GET"]}}],"collection":[{"href":"https:\/\/corona1.eu\/de\/wp-json\/wp\/v2\/pages"}],"about":[{"href":"https:\/\/corona1.eu\/de\/wp-json\/wp\/v2\/types\/page"}],"author":[{"embeddable":true,"href":"https:\/\/corona1.eu\/de\/wp-json\/wp\/v2\/users\/1"}],"replies":[{"embeddable":true,"href":"https:\/\/corona1.eu\/de\/wp-json\/wp\/v2\/comments?post=669"}],"version-history":[{"count":2,"href":"https:\/\/corona1.eu\/de\/wp-json\/wp\/v2\/pages\/669\/revisions"}],"predecessor-version":[{"id":672,"href":"https:\/\/corona1.eu\/de\/wp-json\/wp\/v2\/pages\/669\/revisions\/672"}],"up":[{"embeddable":true,"href":"https:\/\/corona1.eu\/de\/wp-json\/wp\/v2\/pages\/653"}],"wp:featuredmedia":[{"embeddable":true,"href":"https:\/\/corona1.eu\/de\/wp-json\/wp\/v2\/media\/670"}],"wp:attachment":[{"href":"https:\/\/corona1.eu\/de\/wp-json\/wp\/v2\/media?parent=669"}],"wp:term":[{"taxonomy":"category","embeddable":true,"href":"https:\/\/corona1.eu\/de\/wp-json\/wp\/v2\/categories?post=669"},{"taxonomy":"post_tag","embeddable":true,"href":"https:\/\/corona1.eu\/de\/wp-json\/wp\/v2\/tags?post=669"}],"curies":[{"name":"wp","href":"https:\/\/api.w.org\/{rel}","templated":true}]}}