{"id":665,"date":"2025-06-27T11:32:07","date_gmt":"2025-06-27T09:32:07","guid":{"rendered":"https:\/\/corona1.eu\/de\/?page_id=665"},"modified":"2025-06-27T11:32:28","modified_gmt":"2025-06-27T09:32:28","slug":"zweiadriges-spiralfoermiges-erdungskabel","status":"publish","type":"page","link":"https:\/\/corona1.eu\/de\/erdungsleitern\/zweiadriges-spiralfoermiges-erdungskabel\/","title":{"rendered":"Zweiadriges spiralf\u00f6rmiges Erdungskabel"},"content":{"rendered":"\n\n<p>Das zweiadrige Spiral-Erdungskabel hat einen speziell verst\u00e4rkten Mantel<br>der gegen die meisten chemischen und witterungsbedingten Einfl\u00fcsse resistent ist. Es ist entweder in<br>orange oder blau erh\u00e4ltlich und kann mit einer Schnellkupplung abgeschlossen werden.<\/p>\n\n\n\n\n\n<p><\/p>\n\n\n\n\n\n<table class=\"table table-striped table-bordered\">\n                  <tbody>\n                     <tr style=\"font-size: 12px;font-weight: bold\">\n                        <td>Technische Daten:<\/td>\n                        <td> Spirale &#8211; zweiadrig<\/td>\n                     <\/tr>\n                     <tr style=\"font-size: 12px\">\n                        <td> Kabel-Typ<\/td>\n                        <td>Zweiadrig<\/td>\n <tr style=\"font-size: 12px\">\n                        <td> L\u00e4nge des Kabels<\/td>\n                        <td>orange &#8211; 5; 7,5; 10 m\n blau &#8211; 1, 3, 5 und 10 m<\/td>\n<tr style=\"font-size: 12px\">\n                        <td> Querschnitt, Kapazit\u00e4t, Induktivit\u00e4t<\/td>\n                        <td>orange 2&#215;1,5mm2 \nblau 2&#215;0,75mm2<\/td>\n                     <\/tr>\n                  <\/tbody>\n               <\/table>\n\n\n\n\n\n\n\n\n<p><\/p>\n\n","protected":false},"excerpt":{"rendered":"<p>Das zweiadrige Spiral-Erdungskabel hat einen speziell verst\u00e4rkten Mantelder gegen die meisten chemischen und witterungsbedingten Einfl\u00fcsse [&hellip;]<\/p>\n","protected":false},"author":1,"featured_media":666,"parent":653,"menu_order":0,"comment_status":"closed","ping_status":"closed","template":"kg_products_template.php","meta":{"pgc_sgb_lightbox_settings":"","footnotes":""},"categories":[36],"tags":[],"class_list":["post-665","page","type-page","status-publish","has-post-thumbnail","hentry","category-erdungsleitern"],"yoast_head":"<!-- This site is optimized with the Yoast SEO plugin v27.1.1 - https:\/\/yoast.com\/product\/yoast-seo-wordpress\/ -->\n<title>Zweiadriges spiralf\u00f6rmiges Erdungskabel - CORONA Serwis<\/title>\n<meta name=\"robots\" content=\"index, follow, max-snippet:-1, max-image-preview:large, max-video-preview:-1\" \/>\n<link rel=\"canonical\" href=\"https:\/\/corona1.eu\/de\/erdungsleitern\/zweiadriges-spiralfoermiges-erdungskabel\/\" \/>\n<meta property=\"og:locale\" content=\"de_DE\" \/>\n<meta property=\"og:type\" content=\"article\" \/>\n<meta property=\"og:title\" content=\"Zweiadriges spiralf\u00f6rmiges Erdungskabel - CORONA Serwis\" \/>\n<meta property=\"og:description\" content=\"Das zweiadrige Spiral-Erdungskabel hat einen speziell verst\u00e4rkten Mantelder gegen die meisten chemischen und witterungsbedingten Einfl\u00fcsse [&hellip;]\" \/>\n<meta property=\"og:url\" content=\"https:\/\/corona1.eu\/de\/erdungsleitern\/zweiadriges-spiralfoermiges-erdungskabel\/\" \/>\n<meta property=\"og:site_name\" content=\"CORONA Serwis\" \/>\n<meta property=\"article:modified_time\" content=\"2025-06-27T09:32:28+00:00\" \/>\n<meta property=\"og:image\" content=\"https:\/\/corona1.eu\/de\/wp-content\/uploads\/2025\/06\/Dwuzylowy.png\" \/>\n\t<meta property=\"og:image:width\" content=\"532\" \/>\n\t<meta property=\"og:image:height\" content=\"532\" \/>\n\t<meta property=\"og:image:type\" content=\"image\/png\" \/>\n<meta name=\"twitter:card\" content=\"summary_large_image\" \/>\n<meta name=\"twitter:label1\" content=\"Gesch\u00e4tzte Lesezeit\" \/>\n\t<meta name=\"twitter:data1\" content=\"1\u00a0Minute\" \/>\n<script type=\"application\/ld+json\" class=\"yoast-schema-graph\">{\"@context\":\"https:\/\/schema.org\",\"@graph\":[{\"@type\":\"WebPage\",\"@id\":\"https:\/\/corona1.eu\/de\/erdungsleitern\/zweiadriges-spiralfoermiges-erdungskabel\/\",\"url\":\"https:\/\/corona1.eu\/de\/erdungsleitern\/zweiadriges-spiralfoermiges-erdungskabel\/\",\"name\":\"Zweiadriges spiralf\u00f6rmiges Erdungskabel - CORONA Serwis\",\"isPartOf\":{\"@id\":\"https:\/\/corona1.eu\/de\/#website\"},\"primaryImageOfPage\":{\"@id\":\"https:\/\/corona1.eu\/de\/erdungsleitern\/zweiadriges-spiralfoermiges-erdungskabel\/#primaryimage\"},\"image\":{\"@id\":\"https:\/\/corona1.eu\/de\/erdungsleitern\/zweiadriges-spiralfoermiges-erdungskabel\/#primaryimage\"},\"thumbnailUrl\":\"https:\/\/corona1.eu\/de\/wp-content\/uploads\/2025\/06\/Dwuzylowy.png\",\"datePublished\":\"2025-06-27T09:32:07+00:00\",\"dateModified\":\"2025-06-27T09:32:28+00:00\",\"breadcrumb\":{\"@id\":\"https:\/\/corona1.eu\/de\/erdungsleitern\/zweiadriges-spiralfoermiges-erdungskabel\/#breadcrumb\"},\"inLanguage\":\"de\",\"potentialAction\":[{\"@type\":\"ReadAction\",\"target\":[\"https:\/\/corona1.eu\/de\/erdungsleitern\/zweiadriges-spiralfoermiges-erdungskabel\/\"]}]},{\"@type\":\"ImageObject\",\"inLanguage\":\"de\",\"@id\":\"https:\/\/corona1.eu\/de\/erdungsleitern\/zweiadriges-spiralfoermiges-erdungskabel\/#primaryimage\",\"url\":\"https:\/\/corona1.eu\/de\/wp-content\/uploads\/2025\/06\/Dwuzylowy.png\",\"contentUrl\":\"https:\/\/corona1.eu\/de\/wp-content\/uploads\/2025\/06\/Dwuzylowy.png\",\"width\":532,\"height\":532},{\"@type\":\"BreadcrumbList\",\"@id\":\"https:\/\/corona1.eu\/de\/erdungsleitern\/zweiadriges-spiralfoermiges-erdungskabel\/#breadcrumb\",\"itemListElement\":[{\"@type\":\"ListItem\",\"position\":1,\"name\":\"Startseite\",\"item\":\"https:\/\/corona1.eu\/de\/\"},{\"@type\":\"ListItem\",\"position\":2,\"name\":\"Erdungsleitern\",\"item\":\"https:\/\/corona1.eu\/de\/erdungsleitern\/\"},{\"@type\":\"ListItem\",\"position\":3,\"name\":\"Zweiadriges spiralf\u00f6rmiges Erdungskabel\"}]},{\"@type\":\"WebSite\",\"@id\":\"https:\/\/corona1.eu\/de\/#website\",\"url\":\"https:\/\/corona1.eu\/de\/\",\"name\":\"CORONA Serwis\",\"description\":\"\",\"potentialAction\":[{\"@type\":\"SearchAction\",\"target\":{\"@type\":\"EntryPoint\",\"urlTemplate\":\"https:\/\/corona1.eu\/de\/?s={search_term_string}\"},\"query-input\":{\"@type\":\"PropertyValueSpecification\",\"valueRequired\":true,\"valueName\":\"search_term_string\"}}],\"inLanguage\":\"de\"}]}<\/script>\n<!-- \/ Yoast SEO plugin. -->","yoast_head_json":{"title":"Zweiadriges spiralf\u00f6rmiges Erdungskabel - CORONA Serwis","robots":{"index":"index","follow":"follow","max-snippet":"max-snippet:-1","max-image-preview":"max-image-preview:large","max-video-preview":"max-video-preview:-1"},"canonical":"https:\/\/corona1.eu\/de\/erdungsleitern\/zweiadriges-spiralfoermiges-erdungskabel\/","og_locale":"de_DE","og_type":"article","og_title":"Zweiadriges spiralf\u00f6rmiges Erdungskabel - CORONA Serwis","og_description":"Das zweiadrige Spiral-Erdungskabel hat einen speziell verst\u00e4rkten Mantelder gegen die meisten chemischen und witterungsbedingten Einfl\u00fcsse [&hellip;]","og_url":"https:\/\/corona1.eu\/de\/erdungsleitern\/zweiadriges-spiralfoermiges-erdungskabel\/","og_site_name":"CORONA Serwis","article_modified_time":"2025-06-27T09:32:28+00:00","og_image":[{"width":532,"height":532,"url":"https:\/\/corona1.eu\/de\/wp-content\/uploads\/2025\/06\/Dwuzylowy.png","type":"image\/png"}],"twitter_card":"summary_large_image","twitter_misc":{"Gesch\u00e4tzte Lesezeit":"1\u00a0Minute"},"schema":{"@context":"https:\/\/schema.org","@graph":[{"@type":"WebPage","@id":"https:\/\/corona1.eu\/de\/erdungsleitern\/zweiadriges-spiralfoermiges-erdungskabel\/","url":"https:\/\/corona1.eu\/de\/erdungsleitern\/zweiadriges-spiralfoermiges-erdungskabel\/","name":"Zweiadriges spiralf\u00f6rmiges Erdungskabel - CORONA Serwis","isPartOf":{"@id":"https:\/\/corona1.eu\/de\/#website"},"primaryImageOfPage":{"@id":"https:\/\/corona1.eu\/de\/erdungsleitern\/zweiadriges-spiralfoermiges-erdungskabel\/#primaryimage"},"image":{"@id":"https:\/\/corona1.eu\/de\/erdungsleitern\/zweiadriges-spiralfoermiges-erdungskabel\/#primaryimage"},"thumbnailUrl":"https:\/\/corona1.eu\/de\/wp-content\/uploads\/2025\/06\/Dwuzylowy.png","datePublished":"2025-06-27T09:32:07+00:00","dateModified":"2025-06-27T09:32:28+00:00","breadcrumb":{"@id":"https:\/\/corona1.eu\/de\/erdungsleitern\/zweiadriges-spiralfoermiges-erdungskabel\/#breadcrumb"},"inLanguage":"de","potentialAction":[{"@type":"ReadAction","target":["https:\/\/corona1.eu\/de\/erdungsleitern\/zweiadriges-spiralfoermiges-erdungskabel\/"]}]},{"@type":"ImageObject","inLanguage":"de","@id":"https:\/\/corona1.eu\/de\/erdungsleitern\/zweiadriges-spiralfoermiges-erdungskabel\/#primaryimage","url":"https:\/\/corona1.eu\/de\/wp-content\/uploads\/2025\/06\/Dwuzylowy.png","contentUrl":"https:\/\/corona1.eu\/de\/wp-content\/uploads\/2025\/06\/Dwuzylowy.png","width":532,"height":532},{"@type":"BreadcrumbList","@id":"https:\/\/corona1.eu\/de\/erdungsleitern\/zweiadriges-spiralfoermiges-erdungskabel\/#breadcrumb","itemListElement":[{"@type":"ListItem","position":1,"name":"Startseite","item":"https:\/\/corona1.eu\/de\/"},{"@type":"ListItem","position":2,"name":"Erdungsleitern","item":"https:\/\/corona1.eu\/de\/erdungsleitern\/"},{"@type":"ListItem","position":3,"name":"Zweiadriges spiralf\u00f6rmiges Erdungskabel"}]},{"@type":"WebSite","@id":"https:\/\/corona1.eu\/de\/#website","url":"https:\/\/corona1.eu\/de\/","name":"CORONA Serwis","description":"","potentialAction":[{"@type":"SearchAction","target":{"@type":"EntryPoint","urlTemplate":"https:\/\/corona1.eu\/de\/?s={search_term_string}"},"query-input":{"@type":"PropertyValueSpecification","valueRequired":true,"valueName":"search_term_string"}}],"inLanguage":"de"}]}},"_links":{"self":[{"href":"https:\/\/corona1.eu\/de\/wp-json\/wp\/v2\/pages\/665","targetHints":{"allow":["GET"]}}],"collection":[{"href":"https:\/\/corona1.eu\/de\/wp-json\/wp\/v2\/pages"}],"about":[{"href":"https:\/\/corona1.eu\/de\/wp-json\/wp\/v2\/types\/page"}],"author":[{"embeddable":true,"href":"https:\/\/corona1.eu\/de\/wp-json\/wp\/v2\/users\/1"}],"replies":[{"embeddable":true,"href":"https:\/\/corona1.eu\/de\/wp-json\/wp\/v2\/comments?post=665"}],"version-history":[{"count":2,"href":"https:\/\/corona1.eu\/de\/wp-json\/wp\/v2\/pages\/665\/revisions"}],"predecessor-version":[{"id":668,"href":"https:\/\/corona1.eu\/de\/wp-json\/wp\/v2\/pages\/665\/revisions\/668"}],"up":[{"embeddable":true,"href":"https:\/\/corona1.eu\/de\/wp-json\/wp\/v2\/pages\/653"}],"wp:featuredmedia":[{"embeddable":true,"href":"https:\/\/corona1.eu\/de\/wp-json\/wp\/v2\/media\/666"}],"wp:attachment":[{"href":"https:\/\/corona1.eu\/de\/wp-json\/wp\/v2\/media?parent=665"}],"wp:term":[{"taxonomy":"category","embeddable":true,"href":"https:\/\/corona1.eu\/de\/wp-json\/wp\/v2\/categories?post=665"},{"taxonomy":"post_tag","embeddable":true,"href":"https:\/\/corona1.eu\/de\/wp-json\/wp\/v2\/tags?post=665"}],"curies":[{"name":"wp","href":"https:\/\/api.w.org\/{rel}","templated":true}]}}