{"id":66,"date":"2025-02-25T10:50:47","date_gmt":"2025-02-25T09:50:47","guid":{"rendered":"https:\/\/corona1.eu\/de\/?page_id=66"},"modified":"2025-04-18T14:23:12","modified_gmt":"2025-04-18T12:23:12","slug":"flammenlose-entlastung-flammensperren","status":"publish","type":"page","link":"https:\/\/corona1.eu\/de\/flammenlose-entlastung-flammensperren\/","title":{"rendered":"Flammenlose Entlastung &#8211; Flammensperren"},"content":{"rendered":"\n<p>Die flammenlose Entl\u00fcftung ist ein Sicherheitssystem zur Verh\u00fctung von Br\u00e4nden und Explosionen in Lagertanks und anderen Beh\u00e4ltern mit brennbaren Fl\u00fcssigkeiten und Gasen. Flammendurchschlagsicherungen werden auf der Oberseite von explosionsgesch\u00fctzten Klappen installiert und enthalten mehrere Lagen von Hochtemperatur-Edelstahlgewebe, die die Verpuffungsw\u00e4rme absorbieren. Durch die Abk\u00fchlung der Verpuffung unter die Z\u00fcndtemperatur des Brennstoffs wird die Verbrennung gestoppt und es entweicht nur noch Druck aus der Vorrichtung.<\/p>\n\n\n\n<figure class=\"wp-block-image size-large\"><img decoding=\"async\" src=\"https:\/\/www.corona1.eu\/wp-content\/uploads\/2023\/11\/dobrze_dobrany_przerywacz.gif\" alt=\"bezp\u0142omieniowe odci\u0105\u017canie\"\/><\/figure>\n\n\n\n<p>Die flammenlose Entl\u00fcftung ist in der chemischen, petrochemischen und pharmazeutischen Industrie weit verbreitet, um die sichere Lagerung, Handhabung und Bef\u00f6rderung von brennbaren Fl\u00fcssigkeiten und Gasen zu gew\u00e4hrleisten. Sie ist eine zuverl\u00e4ssige und wirksame Methode zur Verringerung der Brand- und Explosionsgefahr und zum Schutz von Arbeitnehmern, Anlagen und der Umwelt.<\/p>\n","protected":false},"excerpt":{"rendered":"<p>Die flammenlose Entl\u00fcftung ist ein Sicherheitssystem zur Verh\u00fctung von Br\u00e4nden und Explosionen in Lagertanks und [&hellip;]<\/p>\n","protected":false},"author":1,"featured_media":67,"parent":0,"menu_order":0,"comment_status":"closed","ping_status":"closed","template":"kg_products_list_template.php","meta":{"pgc_sgb_lightbox_settings":"","footnotes":""},"categories":[12,2],"tags":[],"class_list":["post-66","page","type-page","status-publish","has-post-thumbnail","hentry","category-flammensperren","category-zprodukty"],"yoast_head":"<!-- This site is optimized with the Yoast SEO plugin v27.1.1 - https:\/\/yoast.com\/product\/yoast-seo-wordpress\/ -->\n<title>Flammenlose Entlastung - Flammensperren - CORONA Serwis<\/title>\n<meta name=\"robots\" content=\"index, follow, max-snippet:-1, max-image-preview:large, max-video-preview:-1\" \/>\n<link rel=\"canonical\" href=\"https:\/\/corona1.eu\/de\/flammenlose-entlastung-flammensperren\/\" \/>\n<meta property=\"og:locale\" content=\"de_DE\" \/>\n<meta property=\"og:type\" content=\"article\" \/>\n<meta property=\"og:title\" content=\"Flammenlose Entlastung - Flammensperren - CORONA Serwis\" \/>\n<meta property=\"og:description\" content=\"Die flammenlose Entl\u00fcftung ist ein Sicherheitssystem zur Verh\u00fctung von Br\u00e4nden und Explosionen in Lagertanks und [&hellip;]\" \/>\n<meta property=\"og:url\" content=\"https:\/\/corona1.eu\/de\/flammenlose-entlastung-flammensperren\/\" \/>\n<meta property=\"og:site_name\" content=\"CORONA Serwis\" \/>\n<meta property=\"article:modified_time\" content=\"2025-04-18T12:23:12+00:00\" \/>\n<meta property=\"og:image\" content=\"https:\/\/corona1.eu\/de\/wp-content\/uploads\/2025\/02\/grupa_przerywacze_ognia_16x9.png\" \/>\n\t<meta property=\"og:image:width\" content=\"889\" \/>\n\t<meta property=\"og:image:height\" content=\"500\" \/>\n\t<meta property=\"og:image:type\" content=\"image\/png\" \/>\n<meta name=\"twitter:card\" content=\"summary_large_image\" \/>\n<meta name=\"twitter:label1\" content=\"Gesch\u00e4tzte Lesezeit\" \/>\n\t<meta name=\"twitter:data1\" content=\"2\u00a0Minuten\" \/>\n<script type=\"application\/ld+json\" class=\"yoast-schema-graph\">{\"@context\":\"https:\/\/schema.org\",\"@graph\":[{\"@type\":\"WebPage\",\"@id\":\"https:\/\/corona1.eu\/de\/flammenlose-entlastung-flammensperren\/\",\"url\":\"https:\/\/corona1.eu\/de\/flammenlose-entlastung-flammensperren\/\",\"name\":\"Flammenlose Entlastung - Flammensperren - CORONA Serwis\",\"isPartOf\":{\"@id\":\"https:\/\/corona1.eu\/de\/#website\"},\"primaryImageOfPage\":{\"@id\":\"https:\/\/corona1.eu\/de\/flammenlose-entlastung-flammensperren\/#primaryimage\"},\"image\":{\"@id\":\"https:\/\/corona1.eu\/de\/flammenlose-entlastung-flammensperren\/#primaryimage\"},\"thumbnailUrl\":\"https:\/\/corona1.eu\/de\/wp-content\/uploads\/2025\/02\/grupa_przerywacze_ognia_16x9.png\",\"datePublished\":\"2025-02-25T09:50:47+00:00\",\"dateModified\":\"2025-04-18T12:23:12+00:00\",\"breadcrumb\":{\"@id\":\"https:\/\/corona1.eu\/de\/flammenlose-entlastung-flammensperren\/#breadcrumb\"},\"inLanguage\":\"de\",\"potentialAction\":[{\"@type\":\"ReadAction\",\"target\":[\"https:\/\/corona1.eu\/de\/flammenlose-entlastung-flammensperren\/\"]}]},{\"@type\":\"ImageObject\",\"inLanguage\":\"de\",\"@id\":\"https:\/\/corona1.eu\/de\/flammenlose-entlastung-flammensperren\/#primaryimage\",\"url\":\"https:\/\/corona1.eu\/de\/wp-content\/uploads\/2025\/02\/grupa_przerywacze_ognia_16x9.png\",\"contentUrl\":\"https:\/\/corona1.eu\/de\/wp-content\/uploads\/2025\/02\/grupa_przerywacze_ognia_16x9.png\",\"width\":889,\"height\":500},{\"@type\":\"BreadcrumbList\",\"@id\":\"https:\/\/corona1.eu\/de\/flammenlose-entlastung-flammensperren\/#breadcrumb\",\"itemListElement\":[{\"@type\":\"ListItem\",\"position\":1,\"name\":\"Startseite\",\"item\":\"https:\/\/corona1.eu\/de\/\"},{\"@type\":\"ListItem\",\"position\":2,\"name\":\"Flammenlose Entlastung &#8211; Flammensperren\"}]},{\"@type\":\"WebSite\",\"@id\":\"https:\/\/corona1.eu\/de\/#website\",\"url\":\"https:\/\/corona1.eu\/de\/\",\"name\":\"CORONA Serwis\",\"description\":\"\",\"potentialAction\":[{\"@type\":\"SearchAction\",\"target\":{\"@type\":\"EntryPoint\",\"urlTemplate\":\"https:\/\/corona1.eu\/de\/?s={search_term_string}\"},\"query-input\":{\"@type\":\"PropertyValueSpecification\",\"valueRequired\":true,\"valueName\":\"search_term_string\"}}],\"inLanguage\":\"de\"}]}<\/script>\n<!-- \/ Yoast SEO plugin. -->","yoast_head_json":{"title":"Flammenlose Entlastung - Flammensperren - CORONA Serwis","robots":{"index":"index","follow":"follow","max-snippet":"max-snippet:-1","max-image-preview":"max-image-preview:large","max-video-preview":"max-video-preview:-1"},"canonical":"https:\/\/corona1.eu\/de\/flammenlose-entlastung-flammensperren\/","og_locale":"de_DE","og_type":"article","og_title":"Flammenlose Entlastung - Flammensperren - CORONA Serwis","og_description":"Die flammenlose Entl\u00fcftung ist ein Sicherheitssystem zur Verh\u00fctung von Br\u00e4nden und Explosionen in Lagertanks und [&hellip;]","og_url":"https:\/\/corona1.eu\/de\/flammenlose-entlastung-flammensperren\/","og_site_name":"CORONA Serwis","article_modified_time":"2025-04-18T12:23:12+00:00","og_image":[{"width":889,"height":500,"url":"https:\/\/corona1.eu\/de\/wp-content\/uploads\/2025\/02\/grupa_przerywacze_ognia_16x9.png","type":"image\/png"}],"twitter_card":"summary_large_image","twitter_misc":{"Gesch\u00e4tzte Lesezeit":"2\u00a0Minuten"},"schema":{"@context":"https:\/\/schema.org","@graph":[{"@type":"WebPage","@id":"https:\/\/corona1.eu\/de\/flammenlose-entlastung-flammensperren\/","url":"https:\/\/corona1.eu\/de\/flammenlose-entlastung-flammensperren\/","name":"Flammenlose Entlastung - Flammensperren - CORONA Serwis","isPartOf":{"@id":"https:\/\/corona1.eu\/de\/#website"},"primaryImageOfPage":{"@id":"https:\/\/corona1.eu\/de\/flammenlose-entlastung-flammensperren\/#primaryimage"},"image":{"@id":"https:\/\/corona1.eu\/de\/flammenlose-entlastung-flammensperren\/#primaryimage"},"thumbnailUrl":"https:\/\/corona1.eu\/de\/wp-content\/uploads\/2025\/02\/grupa_przerywacze_ognia_16x9.png","datePublished":"2025-02-25T09:50:47+00:00","dateModified":"2025-04-18T12:23:12+00:00","breadcrumb":{"@id":"https:\/\/corona1.eu\/de\/flammenlose-entlastung-flammensperren\/#breadcrumb"},"inLanguage":"de","potentialAction":[{"@type":"ReadAction","target":["https:\/\/corona1.eu\/de\/flammenlose-entlastung-flammensperren\/"]}]},{"@type":"ImageObject","inLanguage":"de","@id":"https:\/\/corona1.eu\/de\/flammenlose-entlastung-flammensperren\/#primaryimage","url":"https:\/\/corona1.eu\/de\/wp-content\/uploads\/2025\/02\/grupa_przerywacze_ognia_16x9.png","contentUrl":"https:\/\/corona1.eu\/de\/wp-content\/uploads\/2025\/02\/grupa_przerywacze_ognia_16x9.png","width":889,"height":500},{"@type":"BreadcrumbList","@id":"https:\/\/corona1.eu\/de\/flammenlose-entlastung-flammensperren\/#breadcrumb","itemListElement":[{"@type":"ListItem","position":1,"name":"Startseite","item":"https:\/\/corona1.eu\/de\/"},{"@type":"ListItem","position":2,"name":"Flammenlose Entlastung &#8211; Flammensperren"}]},{"@type":"WebSite","@id":"https:\/\/corona1.eu\/de\/#website","url":"https:\/\/corona1.eu\/de\/","name":"CORONA Serwis","description":"","potentialAction":[{"@type":"SearchAction","target":{"@type":"EntryPoint","urlTemplate":"https:\/\/corona1.eu\/de\/?s={search_term_string}"},"query-input":{"@type":"PropertyValueSpecification","valueRequired":true,"valueName":"search_term_string"}}],"inLanguage":"de"}]}},"_links":{"self":[{"href":"https:\/\/corona1.eu\/de\/wp-json\/wp\/v2\/pages\/66","targetHints":{"allow":["GET"]}}],"collection":[{"href":"https:\/\/corona1.eu\/de\/wp-json\/wp\/v2\/pages"}],"about":[{"href":"https:\/\/corona1.eu\/de\/wp-json\/wp\/v2\/types\/page"}],"author":[{"embeddable":true,"href":"https:\/\/corona1.eu\/de\/wp-json\/wp\/v2\/users\/1"}],"replies":[{"embeddable":true,"href":"https:\/\/corona1.eu\/de\/wp-json\/wp\/v2\/comments?post=66"}],"version-history":[{"count":1,"href":"https:\/\/corona1.eu\/de\/wp-json\/wp\/v2\/pages\/66\/revisions"}],"predecessor-version":[{"id":68,"href":"https:\/\/corona1.eu\/de\/wp-json\/wp\/v2\/pages\/66\/revisions\/68"}],"wp:featuredmedia":[{"embeddable":true,"href":"https:\/\/corona1.eu\/de\/wp-json\/wp\/v2\/media\/67"}],"wp:attachment":[{"href":"https:\/\/corona1.eu\/de\/wp-json\/wp\/v2\/media?parent=66"}],"wp:term":[{"taxonomy":"category","embeddable":true,"href":"https:\/\/corona1.eu\/de\/wp-json\/wp\/v2\/categories?post=66"},{"taxonomy":"post_tag","embeddable":true,"href":"https:\/\/corona1.eu\/de\/wp-json\/wp\/v2\/tags?post=66"}],"curies":[{"name":"wp","href":"https:\/\/api.w.org\/{rel}","templated":true}]}}