{"id":649,"date":"2025-06-27T10:03:35","date_gmt":"2025-06-27T08:03:35","guid":{"rendered":"https:\/\/corona1.eu\/de\/?page_id=649"},"modified":"2025-06-27T10:04:16","modified_gmt":"2025-06-27T08:04:16","slug":"erdungsklemme-ez1-2pol-qc","status":"publish","type":"page","link":"https:\/\/corona1.eu\/de\/erdungsklemmen\/erdungsklemme-ez1-2pol-qc\/","title":{"rendered":"Erdungsklemme EZ1-2POL-QC"},"content":{"rendered":"\n\n<p>Erdungsklemme aus rostfreiem Stahl mit sehr starken und ungew\u00f6hnlichen Klemmbacken.<br>Speziell f\u00fcr zweiadrige Kabel. Sie hat eine spezielle Isolierh\u00fclle aus Gummi<br>sie verf\u00fcgt \u00fcber eine spezielle Gummi-Isolierh\u00fclle und ein kurzes 20 cm langes Kabelst\u00fcck (blau oder orange), das in einem Schnellanschluss endet, wodurch sie mit einer Reihe von<br>er verf\u00fcgt \u00fcber eine spezielle Gummi-Isolierh\u00fclle und einen kurzen 20 cm langen Kabelabschnitt (blau oder orange), der in einer Schnellkupplung endet, wodurch er mit vielen Erdungssteuerungssystemen kompatibel ist<br>und erm\u00f6glicht bei Bedarf einen schnellen Austausch gegen ein neues Kabel. Die untypischen Klemmbacken<br>die atypischen Klemmbacken der Klemme funktionieren bei IBC und runden Teilen viel besser als Klemmen mit spitzen<br>klauen.<\/p>\n\n\n\n\n\n<h3 class=\"wp-block-heading\"><strong>Vorteile:<\/strong><\/h3>\n\n\n\n\n\n<ul class=\"wp-block-list\">\n\n<li>Rostfreier Stahl<\/li>\n\n\n\n\n\n<li>Robuste Konstruktion<\/li>\n\n\n\n\n\n<li>Untypische Backenform<\/li>\n\n\n\n\n\n<li>Isolierh\u00fclle aus Gummi<\/li>\n\n\n\n\n\n<li>Sehr hohe Federkraft<\/li>\n\n\n\n\n\n<li>Handlich in der Anwendung<\/li>\n\n<\/ul>\n\n\n\n\n\n<p><\/p>\n\n\n\n\n\n<table class=\"table table-striped table-bordered\">\n                  <tbody>\n                     <tr style=\"font-size: 12px;font-weight: bold\">\n                        <td>Technische Daten:<\/td>\n                        <td>TB Gro\u00df\/QC<\/td>\n                     <\/tr>\n                     <tr style=\"font-size: 12px\">\n                        <td>Gr\u00f6\u00dfe<\/td>\n                        <td> L\u00e4nge der Klemme &#8211; 230 mm\n Breite der Backen\u00f6ffnung &#8211; 40 mm<\/td>\n <tr style=\"font-size: 12px\">\n                        <td>Maximaler Kabelquerschnitt<\/td>\n                        <td>Anschluss von Erdungsleitern mit einem Querschnitt von 0,75 mm\u00b2 \nbis zu 2 x 1,5 mm\u00b2<\/td>\n<tr style=\"font-size: 12px\">\n                        <td>Ex-Zonen<\/td>\n                        <td>Zone: 1, 2 Zone: 21, 22<\/td>\n<tr style=\"font-size: 12px\">\n                        <td>Ex-Bezeichnungen<\/td>\n                        <td> Ex II 2 G Ex h IIA \/ IIB \/ IIC T6 Gb<\/td>\n<tr style=\"font-size: 12px\">\n                        <td> <\/td>\n\n<td> Ex II 2 D Ex h IIIC T80\u00b0C Db<\/td>\n                     <\/tr>\n                  <\/tbody>\n               <\/table>\n\n\n\n\n","protected":false},"excerpt":{"rendered":"<p>Erdungsklemme aus rostfreiem Stahl mit sehr starken und ungew\u00f6hnlichen Klemmbacken.Speziell f\u00fcr zweiadrige Kabel. Sie hat [&hellip;]<\/p>\n","protected":false},"author":1,"featured_media":650,"parent":609,"menu_order":0,"comment_status":"closed","ping_status":"closed","template":"kg_products_template.php","meta":{"pgc_sgb_lightbox_settings":"","footnotes":""},"categories":[35],"tags":[],"class_list":["post-649","page","type-page","status-publish","has-post-thumbnail","hentry","category-erdungsklemmen"],"yoast_head":"<!-- This site is optimized with the Yoast SEO plugin v27.1.1 - https:\/\/yoast.com\/product\/yoast-seo-wordpress\/ -->\n<title>Erdungsklemme EZ1-2POL-QC - CORONA Serwis<\/title>\n<meta name=\"robots\" content=\"index, follow, max-snippet:-1, max-image-preview:large, max-video-preview:-1\" \/>\n<link rel=\"canonical\" href=\"https:\/\/corona1.eu\/de\/erdungsklemmen\/erdungsklemme-ez1-2pol-qc\/\" \/>\n<meta property=\"og:locale\" content=\"de_DE\" \/>\n<meta property=\"og:type\" content=\"article\" \/>\n<meta property=\"og:title\" content=\"Erdungsklemme EZ1-2POL-QC - CORONA Serwis\" \/>\n<meta property=\"og:description\" content=\"Erdungsklemme aus rostfreiem Stahl mit sehr starken und ungew\u00f6hnlichen Klemmbacken.Speziell f\u00fcr zweiadrige Kabel. Sie hat [&hellip;]\" \/>\n<meta property=\"og:url\" content=\"https:\/\/corona1.eu\/de\/erdungsklemmen\/erdungsklemme-ez1-2pol-qc\/\" \/>\n<meta property=\"og:site_name\" content=\"CORONA Serwis\" \/>\n<meta property=\"article:modified_time\" content=\"2025-06-27T08:04:16+00:00\" \/>\n<meta property=\"og:image\" content=\"https:\/\/corona1.eu\/de\/wp-content\/uploads\/2025\/06\/zacisk_uziemiajacy_corona_EZ1-2POL-QC_do_przewodow_dwuzylowych-scaled-1.jpg\" \/>\n\t<meta property=\"og:image:width\" content=\"2560\" \/>\n\t<meta property=\"og:image:height\" content=\"2560\" \/>\n\t<meta property=\"og:image:type\" content=\"image\/jpeg\" \/>\n<meta name=\"twitter:card\" content=\"summary_large_image\" \/>\n<meta name=\"twitter:label1\" content=\"Gesch\u00e4tzte Lesezeit\" \/>\n\t<meta name=\"twitter:data1\" content=\"2\u00a0Minuten\" \/>\n<script type=\"application\/ld+json\" class=\"yoast-schema-graph\">{\"@context\":\"https:\/\/schema.org\",\"@graph\":[{\"@type\":\"WebPage\",\"@id\":\"https:\/\/corona1.eu\/de\/erdungsklemmen\/erdungsklemme-ez1-2pol-qc\/\",\"url\":\"https:\/\/corona1.eu\/de\/erdungsklemmen\/erdungsklemme-ez1-2pol-qc\/\",\"name\":\"Erdungsklemme EZ1-2POL-QC - CORONA Serwis\",\"isPartOf\":{\"@id\":\"https:\/\/corona1.eu\/de\/#website\"},\"primaryImageOfPage\":{\"@id\":\"https:\/\/corona1.eu\/de\/erdungsklemmen\/erdungsklemme-ez1-2pol-qc\/#primaryimage\"},\"image\":{\"@id\":\"https:\/\/corona1.eu\/de\/erdungsklemmen\/erdungsklemme-ez1-2pol-qc\/#primaryimage\"},\"thumbnailUrl\":\"https:\/\/corona1.eu\/de\/wp-content\/uploads\/2025\/06\/zacisk_uziemiajacy_corona_EZ1-2POL-QC_do_przewodow_dwuzylowych-scaled-1.jpg\",\"datePublished\":\"2025-06-27T08:03:35+00:00\",\"dateModified\":\"2025-06-27T08:04:16+00:00\",\"breadcrumb\":{\"@id\":\"https:\/\/corona1.eu\/de\/erdungsklemmen\/erdungsklemme-ez1-2pol-qc\/#breadcrumb\"},\"inLanguage\":\"de\",\"potentialAction\":[{\"@type\":\"ReadAction\",\"target\":[\"https:\/\/corona1.eu\/de\/erdungsklemmen\/erdungsklemme-ez1-2pol-qc\/\"]}]},{\"@type\":\"ImageObject\",\"inLanguage\":\"de\",\"@id\":\"https:\/\/corona1.eu\/de\/erdungsklemmen\/erdungsklemme-ez1-2pol-qc\/#primaryimage\",\"url\":\"https:\/\/corona1.eu\/de\/wp-content\/uploads\/2025\/06\/zacisk_uziemiajacy_corona_EZ1-2POL-QC_do_przewodow_dwuzylowych-scaled-1.jpg\",\"contentUrl\":\"https:\/\/corona1.eu\/de\/wp-content\/uploads\/2025\/06\/zacisk_uziemiajacy_corona_EZ1-2POL-QC_do_przewodow_dwuzylowych-scaled-1.jpg\",\"width\":2560,\"height\":2560},{\"@type\":\"BreadcrumbList\",\"@id\":\"https:\/\/corona1.eu\/de\/erdungsklemmen\/erdungsklemme-ez1-2pol-qc\/#breadcrumb\",\"itemListElement\":[{\"@type\":\"ListItem\",\"position\":1,\"name\":\"Startseite\",\"item\":\"https:\/\/corona1.eu\/de\/\"},{\"@type\":\"ListItem\",\"position\":2,\"name\":\"Erdungsklemmen\",\"item\":\"https:\/\/corona1.eu\/de\/erdungsklemmen\/\"},{\"@type\":\"ListItem\",\"position\":3,\"name\":\"Erdungsklemme EZ1-2POL-QC\"}]},{\"@type\":\"WebSite\",\"@id\":\"https:\/\/corona1.eu\/de\/#website\",\"url\":\"https:\/\/corona1.eu\/de\/\",\"name\":\"CORONA Serwis\",\"description\":\"\",\"potentialAction\":[{\"@type\":\"SearchAction\",\"target\":{\"@type\":\"EntryPoint\",\"urlTemplate\":\"https:\/\/corona1.eu\/de\/?s={search_term_string}\"},\"query-input\":{\"@type\":\"PropertyValueSpecification\",\"valueRequired\":true,\"valueName\":\"search_term_string\"}}],\"inLanguage\":\"de\"}]}<\/script>\n<!-- \/ Yoast SEO plugin. -->","yoast_head_json":{"title":"Erdungsklemme EZ1-2POL-QC - CORONA Serwis","robots":{"index":"index","follow":"follow","max-snippet":"max-snippet:-1","max-image-preview":"max-image-preview:large","max-video-preview":"max-video-preview:-1"},"canonical":"https:\/\/corona1.eu\/de\/erdungsklemmen\/erdungsklemme-ez1-2pol-qc\/","og_locale":"de_DE","og_type":"article","og_title":"Erdungsklemme EZ1-2POL-QC - CORONA Serwis","og_description":"Erdungsklemme aus rostfreiem Stahl mit sehr starken und ungew\u00f6hnlichen Klemmbacken.Speziell f\u00fcr zweiadrige Kabel. Sie hat [&hellip;]","og_url":"https:\/\/corona1.eu\/de\/erdungsklemmen\/erdungsklemme-ez1-2pol-qc\/","og_site_name":"CORONA Serwis","article_modified_time":"2025-06-27T08:04:16+00:00","og_image":[{"width":2560,"height":2560,"url":"https:\/\/corona1.eu\/de\/wp-content\/uploads\/2025\/06\/zacisk_uziemiajacy_corona_EZ1-2POL-QC_do_przewodow_dwuzylowych-scaled-1.jpg","type":"image\/jpeg"}],"twitter_card":"summary_large_image","twitter_misc":{"Gesch\u00e4tzte Lesezeit":"2\u00a0Minuten"},"schema":{"@context":"https:\/\/schema.org","@graph":[{"@type":"WebPage","@id":"https:\/\/corona1.eu\/de\/erdungsklemmen\/erdungsklemme-ez1-2pol-qc\/","url":"https:\/\/corona1.eu\/de\/erdungsklemmen\/erdungsklemme-ez1-2pol-qc\/","name":"Erdungsklemme EZ1-2POL-QC - CORONA Serwis","isPartOf":{"@id":"https:\/\/corona1.eu\/de\/#website"},"primaryImageOfPage":{"@id":"https:\/\/corona1.eu\/de\/erdungsklemmen\/erdungsklemme-ez1-2pol-qc\/#primaryimage"},"image":{"@id":"https:\/\/corona1.eu\/de\/erdungsklemmen\/erdungsklemme-ez1-2pol-qc\/#primaryimage"},"thumbnailUrl":"https:\/\/corona1.eu\/de\/wp-content\/uploads\/2025\/06\/zacisk_uziemiajacy_corona_EZ1-2POL-QC_do_przewodow_dwuzylowych-scaled-1.jpg","datePublished":"2025-06-27T08:03:35+00:00","dateModified":"2025-06-27T08:04:16+00:00","breadcrumb":{"@id":"https:\/\/corona1.eu\/de\/erdungsklemmen\/erdungsklemme-ez1-2pol-qc\/#breadcrumb"},"inLanguage":"de","potentialAction":[{"@type":"ReadAction","target":["https:\/\/corona1.eu\/de\/erdungsklemmen\/erdungsklemme-ez1-2pol-qc\/"]}]},{"@type":"ImageObject","inLanguage":"de","@id":"https:\/\/corona1.eu\/de\/erdungsklemmen\/erdungsklemme-ez1-2pol-qc\/#primaryimage","url":"https:\/\/corona1.eu\/de\/wp-content\/uploads\/2025\/06\/zacisk_uziemiajacy_corona_EZ1-2POL-QC_do_przewodow_dwuzylowych-scaled-1.jpg","contentUrl":"https:\/\/corona1.eu\/de\/wp-content\/uploads\/2025\/06\/zacisk_uziemiajacy_corona_EZ1-2POL-QC_do_przewodow_dwuzylowych-scaled-1.jpg","width":2560,"height":2560},{"@type":"BreadcrumbList","@id":"https:\/\/corona1.eu\/de\/erdungsklemmen\/erdungsklemme-ez1-2pol-qc\/#breadcrumb","itemListElement":[{"@type":"ListItem","position":1,"name":"Startseite","item":"https:\/\/corona1.eu\/de\/"},{"@type":"ListItem","position":2,"name":"Erdungsklemmen","item":"https:\/\/corona1.eu\/de\/erdungsklemmen\/"},{"@type":"ListItem","position":3,"name":"Erdungsklemme EZ1-2POL-QC"}]},{"@type":"WebSite","@id":"https:\/\/corona1.eu\/de\/#website","url":"https:\/\/corona1.eu\/de\/","name":"CORONA Serwis","description":"","potentialAction":[{"@type":"SearchAction","target":{"@type":"EntryPoint","urlTemplate":"https:\/\/corona1.eu\/de\/?s={search_term_string}"},"query-input":{"@type":"PropertyValueSpecification","valueRequired":true,"valueName":"search_term_string"}}],"inLanguage":"de"}]}},"_links":{"self":[{"href":"https:\/\/corona1.eu\/de\/wp-json\/wp\/v2\/pages\/649","targetHints":{"allow":["GET"]}}],"collection":[{"href":"https:\/\/corona1.eu\/de\/wp-json\/wp\/v2\/pages"}],"about":[{"href":"https:\/\/corona1.eu\/de\/wp-json\/wp\/v2\/types\/page"}],"author":[{"embeddable":true,"href":"https:\/\/corona1.eu\/de\/wp-json\/wp\/v2\/users\/1"}],"replies":[{"embeddable":true,"href":"https:\/\/corona1.eu\/de\/wp-json\/wp\/v2\/comments?post=649"}],"version-history":[{"count":2,"href":"https:\/\/corona1.eu\/de\/wp-json\/wp\/v2\/pages\/649\/revisions"}],"predecessor-version":[{"id":652,"href":"https:\/\/corona1.eu\/de\/wp-json\/wp\/v2\/pages\/649\/revisions\/652"}],"up":[{"embeddable":true,"href":"https:\/\/corona1.eu\/de\/wp-json\/wp\/v2\/pages\/609"}],"wp:featuredmedia":[{"embeddable":true,"href":"https:\/\/corona1.eu\/de\/wp-json\/wp\/v2\/media\/650"}],"wp:attachment":[{"href":"https:\/\/corona1.eu\/de\/wp-json\/wp\/v2\/media?parent=649"}],"wp:term":[{"taxonomy":"category","embeddable":true,"href":"https:\/\/corona1.eu\/de\/wp-json\/wp\/v2\/categories?post=649"},{"taxonomy":"post_tag","embeddable":true,"href":"https:\/\/corona1.eu\/de\/wp-json\/wp\/v2\/tags?post=649"}],"curies":[{"name":"wp","href":"https:\/\/api.w.org\/{rel}","templated":true}]}}