{"id":645,"date":"2025-06-27T10:01:33","date_gmt":"2025-06-27T08:01:33","guid":{"rendered":"https:\/\/corona1.eu\/de\/?page_id=645"},"modified":"2025-06-27T10:02:01","modified_gmt":"2025-06-27T08:02:01","slug":"erdungsklemme-tb-large-qc","status":"publish","type":"page","link":"https:\/\/corona1.eu\/de\/erdungsklemmen\/erdungsklemme-tb-large-qc\/","title":{"rendered":"Erdungsklemme TB Large QC"},"content":{"rendered":"\n\n<p>Erdungsklemme aus rostfreiem Stahl f\u00fcr zweiadrige Kabel. Sie ist<br>mit sehr scharfen Z\u00e4hnen aus geh\u00e4rtetem Stahl ausgestattet, die es erm\u00f6glichen, jede Isolierschicht zu durchsto\u00dfen, wie<br>isolierung, z.B. Farbe, Harz, etc. Dar\u00fcber hinaus verf\u00fcgt die Klemme \u00fcber ein kurzes 20 cm langes Kabelst\u00fcck<br>(in blau oder orange), das mit einem Schnellverschluss versehen ist, wodurch die Klemme<br>dadurch ist sie mit vielen Erdungssteuerungssystemen kompatibel und kann bei Bedarf schnell durch eine neue ersetzt werden<br>schnell austauschbar, wenn n\u00f6tig.<br>Die Erdungszange TB Large\/QC wird f\u00fcr die Erdung von gr\u00f6\u00dferen F\u00e4ssern, Tanks, Prozessanlagen, Stra\u00dfen- und Kesselwagen verwendet<br>prozessanlagen, Stra\u00dfen- und Eisenbahntankwagen.<\/p>\n\n\n\n\n\n<h3 class=\"wp-block-heading\"><strong>Vorteile:<\/strong><\/h3>\n\n\n\n\n\n<ul class=\"wp-block-list\">\n\n<li>Rostfreier Stahl<\/li>\n\n\n\n\n\n<li>Robuste Konstruktion<\/li>\n\n\n\n\n\n<li>Verzahnung aus geh\u00e4rtetem Edelstahl<\/li>\n\n\n\n\n\n<li>Beide Z\u00e4hne auf einer Seite<\/li>\n\n\n\n\n\n<li>Gro\u00dfe Maul\u00f6ffnungsweite<\/li>\n\n\n\n\n\n<li>Hohe Federkraft<\/li>\n\n<\/ul>\n\n\n\n\n\n<p><\/p>\n\n\n\n\n\n<table class=\"table table-striped table-bordered\">\n                  <tbody>\n                     <tr style=\"font-size: 12px;font-weight: bold\">\n                        <td>Technische Daten:<\/td>\n                        <td>TB Gro\u00df\/QC<\/td>\n                     <\/tr>\n                     <tr style=\"font-size: 12px\">\n                        <td>Gr\u00f6\u00dfe<\/td>\n                        <td> L\u00e4nge der Klemme &#8211; 230 mm\n Breite der Backen\u00f6ffnung &#8211; 40 mm<\/td>\n <tr style=\"font-size: 12px\">\n                        <td>Maximaler Kabelquerschnitt<\/td>\n                        <td>Anschluss von Erdungsleitern mit einem Querschnitt von 0,75 mm\u00b2 \nbis zu 2 x 1,5 mm\u00b2<\/td>\n<tr style=\"font-size: 12px\">\n                        <td>Ex-Zonen<\/td>\n                        <td>Zone: 1, 2 Zone: 21, 22<\/td>\n<tr style=\"font-size: 12px\">\n                        <td>Ex-Bezeichnungen<\/td>\n                        <td> Ex II 2 G Ex h IIA \/ IIB \/ IIC T6 Gb<\/td>\n<tr style=\"font-size: 12px\">\n                        <td> <\/td>\n\n<td> Ex II 2 D Ex h IIIC T80\u00b0C Db<\/td>\n                     <\/tr>\n                  <\/tbody>\n               <\/table>\n\n\n\n\n","protected":false},"excerpt":{"rendered":"<p>Erdungsklemme aus rostfreiem Stahl f\u00fcr zweiadrige Kabel. Sie istmit sehr scharfen Z\u00e4hnen aus geh\u00e4rtetem Stahl [&hellip;]<\/p>\n","protected":false},"author":1,"featured_media":646,"parent":609,"menu_order":0,"comment_status":"closed","ping_status":"closed","template":"kg_products_template.php","meta":{"pgc_sgb_lightbox_settings":"","footnotes":""},"categories":[35],"tags":[],"class_list":["post-645","page","type-page","status-publish","has-post-thumbnail","hentry","category-erdungsklemmen"],"yoast_head":"<!-- This site is optimized with the Yoast SEO plugin v27.1.1 - https:\/\/yoast.com\/product\/yoast-seo-wordpress\/ -->\n<title>Erdungsklemme TB Large QC - CORONA Serwis<\/title>\n<meta name=\"robots\" content=\"index, follow, max-snippet:-1, max-image-preview:large, max-video-preview:-1\" \/>\n<link rel=\"canonical\" href=\"https:\/\/corona1.eu\/de\/erdungsklemmen\/erdungsklemme-tb-large-qc\/\" \/>\n<meta property=\"og:locale\" content=\"de_DE\" \/>\n<meta property=\"og:type\" content=\"article\" \/>\n<meta property=\"og:title\" content=\"Erdungsklemme TB Large QC - CORONA Serwis\" \/>\n<meta property=\"og:description\" content=\"Erdungsklemme aus rostfreiem Stahl f\u00fcr zweiadrige Kabel. Sie istmit sehr scharfen Z\u00e4hnen aus geh\u00e4rtetem Stahl [&hellip;]\" \/>\n<meta property=\"og:url\" content=\"https:\/\/corona1.eu\/de\/erdungsklemmen\/erdungsklemme-tb-large-qc\/\" \/>\n<meta property=\"og:site_name\" content=\"CORONA Serwis\" \/>\n<meta property=\"article:modified_time\" content=\"2025-06-27T08:02:01+00:00\" \/>\n<meta property=\"og:image\" content=\"https:\/\/corona1.eu\/de\/wp-content\/uploads\/2025\/06\/zacisk_uziemiajacy_corona_tbl_qc_do_przewodow_dwuzylowych_pomaranczowy.png\" \/>\n\t<meta property=\"og:image:width\" content=\"800\" \/>\n\t<meta property=\"og:image:height\" content=\"800\" \/>\n\t<meta property=\"og:image:type\" content=\"image\/png\" \/>\n<meta name=\"twitter:card\" content=\"summary_large_image\" \/>\n<meta name=\"twitter:label1\" content=\"Gesch\u00e4tzte Lesezeit\" \/>\n\t<meta name=\"twitter:data1\" content=\"2\u00a0Minuten\" \/>\n<script type=\"application\/ld+json\" class=\"yoast-schema-graph\">{\"@context\":\"https:\/\/schema.org\",\"@graph\":[{\"@type\":\"WebPage\",\"@id\":\"https:\/\/corona1.eu\/de\/erdungsklemmen\/erdungsklemme-tb-large-qc\/\",\"url\":\"https:\/\/corona1.eu\/de\/erdungsklemmen\/erdungsklemme-tb-large-qc\/\",\"name\":\"Erdungsklemme TB Large QC - CORONA Serwis\",\"isPartOf\":{\"@id\":\"https:\/\/corona1.eu\/de\/#website\"},\"primaryImageOfPage\":{\"@id\":\"https:\/\/corona1.eu\/de\/erdungsklemmen\/erdungsklemme-tb-large-qc\/#primaryimage\"},\"image\":{\"@id\":\"https:\/\/corona1.eu\/de\/erdungsklemmen\/erdungsklemme-tb-large-qc\/#primaryimage\"},\"thumbnailUrl\":\"https:\/\/corona1.eu\/de\/wp-content\/uploads\/2025\/06\/zacisk_uziemiajacy_corona_tbl_qc_do_przewodow_dwuzylowych_pomaranczowy.png\",\"datePublished\":\"2025-06-27T08:01:33+00:00\",\"dateModified\":\"2025-06-27T08:02:01+00:00\",\"breadcrumb\":{\"@id\":\"https:\/\/corona1.eu\/de\/erdungsklemmen\/erdungsklemme-tb-large-qc\/#breadcrumb\"},\"inLanguage\":\"de\",\"potentialAction\":[{\"@type\":\"ReadAction\",\"target\":[\"https:\/\/corona1.eu\/de\/erdungsklemmen\/erdungsklemme-tb-large-qc\/\"]}]},{\"@type\":\"ImageObject\",\"inLanguage\":\"de\",\"@id\":\"https:\/\/corona1.eu\/de\/erdungsklemmen\/erdungsklemme-tb-large-qc\/#primaryimage\",\"url\":\"https:\/\/corona1.eu\/de\/wp-content\/uploads\/2025\/06\/zacisk_uziemiajacy_corona_tbl_qc_do_przewodow_dwuzylowych_pomaranczowy.png\",\"contentUrl\":\"https:\/\/corona1.eu\/de\/wp-content\/uploads\/2025\/06\/zacisk_uziemiajacy_corona_tbl_qc_do_przewodow_dwuzylowych_pomaranczowy.png\",\"width\":800,\"height\":800},{\"@type\":\"BreadcrumbList\",\"@id\":\"https:\/\/corona1.eu\/de\/erdungsklemmen\/erdungsklemme-tb-large-qc\/#breadcrumb\",\"itemListElement\":[{\"@type\":\"ListItem\",\"position\":1,\"name\":\"Startseite\",\"item\":\"https:\/\/corona1.eu\/de\/\"},{\"@type\":\"ListItem\",\"position\":2,\"name\":\"Erdungsklemmen\",\"item\":\"https:\/\/corona1.eu\/de\/erdungsklemmen\/\"},{\"@type\":\"ListItem\",\"position\":3,\"name\":\"Erdungsklemme TB Large QC\"}]},{\"@type\":\"WebSite\",\"@id\":\"https:\/\/corona1.eu\/de\/#website\",\"url\":\"https:\/\/corona1.eu\/de\/\",\"name\":\"CORONA Serwis\",\"description\":\"\",\"potentialAction\":[{\"@type\":\"SearchAction\",\"target\":{\"@type\":\"EntryPoint\",\"urlTemplate\":\"https:\/\/corona1.eu\/de\/?s={search_term_string}\"},\"query-input\":{\"@type\":\"PropertyValueSpecification\",\"valueRequired\":true,\"valueName\":\"search_term_string\"}}],\"inLanguage\":\"de\"}]}<\/script>\n<!-- \/ Yoast SEO plugin. -->","yoast_head_json":{"title":"Erdungsklemme TB Large QC - CORONA Serwis","robots":{"index":"index","follow":"follow","max-snippet":"max-snippet:-1","max-image-preview":"max-image-preview:large","max-video-preview":"max-video-preview:-1"},"canonical":"https:\/\/corona1.eu\/de\/erdungsklemmen\/erdungsklemme-tb-large-qc\/","og_locale":"de_DE","og_type":"article","og_title":"Erdungsklemme TB Large QC - CORONA Serwis","og_description":"Erdungsklemme aus rostfreiem Stahl f\u00fcr zweiadrige Kabel. Sie istmit sehr scharfen Z\u00e4hnen aus geh\u00e4rtetem Stahl [&hellip;]","og_url":"https:\/\/corona1.eu\/de\/erdungsklemmen\/erdungsklemme-tb-large-qc\/","og_site_name":"CORONA Serwis","article_modified_time":"2025-06-27T08:02:01+00:00","og_image":[{"width":800,"height":800,"url":"https:\/\/corona1.eu\/de\/wp-content\/uploads\/2025\/06\/zacisk_uziemiajacy_corona_tbl_qc_do_przewodow_dwuzylowych_pomaranczowy.png","type":"image\/png"}],"twitter_card":"summary_large_image","twitter_misc":{"Gesch\u00e4tzte Lesezeit":"2\u00a0Minuten"},"schema":{"@context":"https:\/\/schema.org","@graph":[{"@type":"WebPage","@id":"https:\/\/corona1.eu\/de\/erdungsklemmen\/erdungsklemme-tb-large-qc\/","url":"https:\/\/corona1.eu\/de\/erdungsklemmen\/erdungsklemme-tb-large-qc\/","name":"Erdungsklemme TB Large QC - CORONA Serwis","isPartOf":{"@id":"https:\/\/corona1.eu\/de\/#website"},"primaryImageOfPage":{"@id":"https:\/\/corona1.eu\/de\/erdungsklemmen\/erdungsklemme-tb-large-qc\/#primaryimage"},"image":{"@id":"https:\/\/corona1.eu\/de\/erdungsklemmen\/erdungsklemme-tb-large-qc\/#primaryimage"},"thumbnailUrl":"https:\/\/corona1.eu\/de\/wp-content\/uploads\/2025\/06\/zacisk_uziemiajacy_corona_tbl_qc_do_przewodow_dwuzylowych_pomaranczowy.png","datePublished":"2025-06-27T08:01:33+00:00","dateModified":"2025-06-27T08:02:01+00:00","breadcrumb":{"@id":"https:\/\/corona1.eu\/de\/erdungsklemmen\/erdungsklemme-tb-large-qc\/#breadcrumb"},"inLanguage":"de","potentialAction":[{"@type":"ReadAction","target":["https:\/\/corona1.eu\/de\/erdungsklemmen\/erdungsklemme-tb-large-qc\/"]}]},{"@type":"ImageObject","inLanguage":"de","@id":"https:\/\/corona1.eu\/de\/erdungsklemmen\/erdungsklemme-tb-large-qc\/#primaryimage","url":"https:\/\/corona1.eu\/de\/wp-content\/uploads\/2025\/06\/zacisk_uziemiajacy_corona_tbl_qc_do_przewodow_dwuzylowych_pomaranczowy.png","contentUrl":"https:\/\/corona1.eu\/de\/wp-content\/uploads\/2025\/06\/zacisk_uziemiajacy_corona_tbl_qc_do_przewodow_dwuzylowych_pomaranczowy.png","width":800,"height":800},{"@type":"BreadcrumbList","@id":"https:\/\/corona1.eu\/de\/erdungsklemmen\/erdungsklemme-tb-large-qc\/#breadcrumb","itemListElement":[{"@type":"ListItem","position":1,"name":"Startseite","item":"https:\/\/corona1.eu\/de\/"},{"@type":"ListItem","position":2,"name":"Erdungsklemmen","item":"https:\/\/corona1.eu\/de\/erdungsklemmen\/"},{"@type":"ListItem","position":3,"name":"Erdungsklemme TB Large QC"}]},{"@type":"WebSite","@id":"https:\/\/corona1.eu\/de\/#website","url":"https:\/\/corona1.eu\/de\/","name":"CORONA Serwis","description":"","potentialAction":[{"@type":"SearchAction","target":{"@type":"EntryPoint","urlTemplate":"https:\/\/corona1.eu\/de\/?s={search_term_string}"},"query-input":{"@type":"PropertyValueSpecification","valueRequired":true,"valueName":"search_term_string"}}],"inLanguage":"de"}]}},"_links":{"self":[{"href":"https:\/\/corona1.eu\/de\/wp-json\/wp\/v2\/pages\/645","targetHints":{"allow":["GET"]}}],"collection":[{"href":"https:\/\/corona1.eu\/de\/wp-json\/wp\/v2\/pages"}],"about":[{"href":"https:\/\/corona1.eu\/de\/wp-json\/wp\/v2\/types\/page"}],"author":[{"embeddable":true,"href":"https:\/\/corona1.eu\/de\/wp-json\/wp\/v2\/users\/1"}],"replies":[{"embeddable":true,"href":"https:\/\/corona1.eu\/de\/wp-json\/wp\/v2\/comments?post=645"}],"version-history":[{"count":2,"href":"https:\/\/corona1.eu\/de\/wp-json\/wp\/v2\/pages\/645\/revisions"}],"predecessor-version":[{"id":648,"href":"https:\/\/corona1.eu\/de\/wp-json\/wp\/v2\/pages\/645\/revisions\/648"}],"up":[{"embeddable":true,"href":"https:\/\/corona1.eu\/de\/wp-json\/wp\/v2\/pages\/609"}],"wp:featuredmedia":[{"embeddable":true,"href":"https:\/\/corona1.eu\/de\/wp-json\/wp\/v2\/media\/646"}],"wp:attachment":[{"href":"https:\/\/corona1.eu\/de\/wp-json\/wp\/v2\/media?parent=645"}],"wp:term":[{"taxonomy":"category","embeddable":true,"href":"https:\/\/corona1.eu\/de\/wp-json\/wp\/v2\/categories?post=645"},{"taxonomy":"post_tag","embeddable":true,"href":"https:\/\/corona1.eu\/de\/wp-json\/wp\/v2\/tags?post=645"}],"curies":[{"name":"wp","href":"https:\/\/api.w.org\/{rel}","templated":true}]}}