{"id":636,"date":"2025-06-27T09:51:07","date_gmt":"2025-06-27T07:51:07","guid":{"rendered":"https:\/\/corona1.eu\/de\/?page_id=636"},"modified":"2025-06-27T09:52:23","modified_gmt":"2025-06-27T07:52:23","slug":"erdungsklemme-tb-basic","status":"publish","type":"page","link":"https:\/\/corona1.eu\/de\/erdungsklemmen\/erdungsklemme-tb-basic\/","title":{"rendered":"Erdungsklemme TB Basic"},"content":{"rendered":"\n\n<p>Eine preiswerte Erdungszange aus rostfreiem Stahl. Sie hat zwei scharfe, einander gegen\u00fcberliegende Z\u00e4hne, die das Erfassen des zu erdenden Gegenstandes in bestimmten Situationen erleichtern. Die Z\u00e4hne sind aus rostfreiem Stahl gefertigt und k\u00f6nnen aufgrund der Schraubkonstruktion festgezogen\/abgeschraubt werden. Im Vergleich zu Gussklemmen ist sie wesentlich widerstandsf\u00e4higer gegen Besch\u00e4digungen.<\/p>\n\n\n\n\n\n<h3 class=\"wp-block-heading\"><strong>Vorteile:<\/strong><\/h3>\n\n\n\n\n\n<ul class=\"wp-block-list\">\n\n<li>V2A-Edelstahl (1.4301).<\/li>\n\n\n\n\n\n<li>Robuste Konstruktion.<\/li>\n\n\n\n\n\n<li>Ein Zahn auf jeder Seite.<\/li>\n\n\n\n\n\n<li>Hohe Federkraft.<\/li>\n\n<\/ul>\n\n\n\n\n\n<p><\/p>\n\n\n\n\n\n<table class=\"table table-striped table-bordered\">\n                  <tbody>\n                     <tr style=\"font-size: 12px;font-weight: bold\">\n                        <td>Technische Daten:<\/td>\n                        <td>TB Basic:<\/td>\n                     <\/tr>\n                     <tr style=\"font-size: 12px\">\n                        <td>Gr\u00f6\u00dfe<\/td>\n                        <td>L\u00e4nge der Klemme &#8211; 132 mm\nBreite der Backen\u00f6ffnung &#8211; 25 mm<\/td>\n <tr style=\"font-size: 12px\">\n                        <td>Maximaler Kabelquerschnitt<\/td>\n                        <td>Anschluss von Erdungsleitern bis zu 4 mm\u00b2\nmit M3-\u00d6se<\/td>\n<tr style=\"font-size: 12px\">\n                        <td>Ex-Zonen<\/td>\n                        <td>Zone: 1, 21<\/td>\n<tr style=\"font-size: 12px\">\n                        <td>Ex-Bezeichnungen<\/td>\n                        <td>Ex II 2 G Ex h IIA \/ IIB \/ IIC T6 Gb<\/td>\n<tr style=\"font-size: 12px\">\n                        <td><\/td>\n <td>Ex II 2 D Ex h IIIC T80\u00b0C Db<\/td>\n                     <\/tr>\n                  <\/tbody>\n               <\/table>\n\n\n\n\n","protected":false},"excerpt":{"rendered":"<p>Eine preiswerte Erdungszange aus rostfreiem Stahl. Sie hat zwei scharfe, einander gegen\u00fcberliegende Z\u00e4hne, die das [&hellip;]<\/p>\n","protected":false},"author":1,"featured_media":637,"parent":609,"menu_order":0,"comment_status":"closed","ping_status":"closed","template":"kg_products_template.php","meta":{"pgc_sgb_lightbox_settings":"","footnotes":""},"categories":[35],"tags":[],"class_list":["post-636","page","type-page","status-publish","has-post-thumbnail","hentry","category-erdungsklemmen"],"yoast_head":"<!-- This site is optimized with the Yoast SEO plugin v27.1.1 - https:\/\/yoast.com\/product\/yoast-seo-wordpress\/ -->\n<title>Erdungsklemme TB Basic - CORONA Serwis<\/title>\n<meta name=\"robots\" content=\"index, follow, max-snippet:-1, max-image-preview:large, max-video-preview:-1\" \/>\n<link rel=\"canonical\" href=\"https:\/\/corona1.eu\/de\/erdungsklemmen\/erdungsklemme-tb-basic\/\" \/>\n<meta property=\"og:locale\" content=\"de_DE\" \/>\n<meta property=\"og:type\" content=\"article\" \/>\n<meta property=\"og:title\" content=\"Erdungsklemme TB Basic - CORONA Serwis\" \/>\n<meta property=\"og:description\" content=\"Eine preiswerte Erdungszange aus rostfreiem Stahl. Sie hat zwei scharfe, einander gegen\u00fcberliegende Z\u00e4hne, die das [&hellip;]\" \/>\n<meta property=\"og:url\" content=\"https:\/\/corona1.eu\/de\/erdungsklemmen\/erdungsklemme-tb-basic\/\" \/>\n<meta property=\"og:site_name\" content=\"CORONA Serwis\" \/>\n<meta property=\"article:modified_time\" content=\"2025-06-27T07:52:23+00:00\" \/>\n<meta property=\"og:image\" content=\"https:\/\/corona1.eu\/de\/wp-content\/uploads\/2025\/06\/zacisk-uziemiajacy-corona-tb-mini-1-1.jpg\" \/>\n\t<meta property=\"og:image:width\" content=\"800\" \/>\n\t<meta property=\"og:image:height\" content=\"800\" \/>\n\t<meta property=\"og:image:type\" content=\"image\/jpeg\" \/>\n<meta name=\"twitter:card\" content=\"summary_large_image\" \/>\n<meta name=\"twitter:label1\" content=\"Gesch\u00e4tzte Lesezeit\" \/>\n\t<meta name=\"twitter:data1\" content=\"1\u00a0Minute\" \/>\n<script type=\"application\/ld+json\" class=\"yoast-schema-graph\">{\"@context\":\"https:\/\/schema.org\",\"@graph\":[{\"@type\":\"WebPage\",\"@id\":\"https:\/\/corona1.eu\/de\/erdungsklemmen\/erdungsklemme-tb-basic\/\",\"url\":\"https:\/\/corona1.eu\/de\/erdungsklemmen\/erdungsklemme-tb-basic\/\",\"name\":\"Erdungsklemme TB Basic - CORONA Serwis\",\"isPartOf\":{\"@id\":\"https:\/\/corona1.eu\/de\/#website\"},\"primaryImageOfPage\":{\"@id\":\"https:\/\/corona1.eu\/de\/erdungsklemmen\/erdungsklemme-tb-basic\/#primaryimage\"},\"image\":{\"@id\":\"https:\/\/corona1.eu\/de\/erdungsklemmen\/erdungsklemme-tb-basic\/#primaryimage\"},\"thumbnailUrl\":\"https:\/\/corona1.eu\/de\/wp-content\/uploads\/2025\/06\/zacisk-uziemiajacy-corona-tb-mini-1-1.jpg\",\"datePublished\":\"2025-06-27T07:51:07+00:00\",\"dateModified\":\"2025-06-27T07:52:23+00:00\",\"breadcrumb\":{\"@id\":\"https:\/\/corona1.eu\/de\/erdungsklemmen\/erdungsklemme-tb-basic\/#breadcrumb\"},\"inLanguage\":\"de\",\"potentialAction\":[{\"@type\":\"ReadAction\",\"target\":[\"https:\/\/corona1.eu\/de\/erdungsklemmen\/erdungsklemme-tb-basic\/\"]}]},{\"@type\":\"ImageObject\",\"inLanguage\":\"de\",\"@id\":\"https:\/\/corona1.eu\/de\/erdungsklemmen\/erdungsklemme-tb-basic\/#primaryimage\",\"url\":\"https:\/\/corona1.eu\/de\/wp-content\/uploads\/2025\/06\/zacisk-uziemiajacy-corona-tb-mini-1-1.jpg\",\"contentUrl\":\"https:\/\/corona1.eu\/de\/wp-content\/uploads\/2025\/06\/zacisk-uziemiajacy-corona-tb-mini-1-1.jpg\",\"width\":800,\"height\":800},{\"@type\":\"BreadcrumbList\",\"@id\":\"https:\/\/corona1.eu\/de\/erdungsklemmen\/erdungsklemme-tb-basic\/#breadcrumb\",\"itemListElement\":[{\"@type\":\"ListItem\",\"position\":1,\"name\":\"Startseite\",\"item\":\"https:\/\/corona1.eu\/de\/\"},{\"@type\":\"ListItem\",\"position\":2,\"name\":\"Erdungsklemmen\",\"item\":\"https:\/\/corona1.eu\/de\/erdungsklemmen\/\"},{\"@type\":\"ListItem\",\"position\":3,\"name\":\"Erdungsklemme TB Basic\"}]},{\"@type\":\"WebSite\",\"@id\":\"https:\/\/corona1.eu\/de\/#website\",\"url\":\"https:\/\/corona1.eu\/de\/\",\"name\":\"CORONA Serwis\",\"description\":\"\",\"potentialAction\":[{\"@type\":\"SearchAction\",\"target\":{\"@type\":\"EntryPoint\",\"urlTemplate\":\"https:\/\/corona1.eu\/de\/?s={search_term_string}\"},\"query-input\":{\"@type\":\"PropertyValueSpecification\",\"valueRequired\":true,\"valueName\":\"search_term_string\"}}],\"inLanguage\":\"de\"}]}<\/script>\n<!-- \/ Yoast SEO plugin. -->","yoast_head_json":{"title":"Erdungsklemme TB Basic - CORONA Serwis","robots":{"index":"index","follow":"follow","max-snippet":"max-snippet:-1","max-image-preview":"max-image-preview:large","max-video-preview":"max-video-preview:-1"},"canonical":"https:\/\/corona1.eu\/de\/erdungsklemmen\/erdungsklemme-tb-basic\/","og_locale":"de_DE","og_type":"article","og_title":"Erdungsklemme TB Basic - CORONA Serwis","og_description":"Eine preiswerte Erdungszange aus rostfreiem Stahl. Sie hat zwei scharfe, einander gegen\u00fcberliegende Z\u00e4hne, die das [&hellip;]","og_url":"https:\/\/corona1.eu\/de\/erdungsklemmen\/erdungsklemme-tb-basic\/","og_site_name":"CORONA Serwis","article_modified_time":"2025-06-27T07:52:23+00:00","og_image":[{"width":800,"height":800,"url":"https:\/\/corona1.eu\/de\/wp-content\/uploads\/2025\/06\/zacisk-uziemiajacy-corona-tb-mini-1-1.jpg","type":"image\/jpeg"}],"twitter_card":"summary_large_image","twitter_misc":{"Gesch\u00e4tzte Lesezeit":"1\u00a0Minute"},"schema":{"@context":"https:\/\/schema.org","@graph":[{"@type":"WebPage","@id":"https:\/\/corona1.eu\/de\/erdungsklemmen\/erdungsklemme-tb-basic\/","url":"https:\/\/corona1.eu\/de\/erdungsklemmen\/erdungsklemme-tb-basic\/","name":"Erdungsklemme TB Basic - CORONA Serwis","isPartOf":{"@id":"https:\/\/corona1.eu\/de\/#website"},"primaryImageOfPage":{"@id":"https:\/\/corona1.eu\/de\/erdungsklemmen\/erdungsklemme-tb-basic\/#primaryimage"},"image":{"@id":"https:\/\/corona1.eu\/de\/erdungsklemmen\/erdungsklemme-tb-basic\/#primaryimage"},"thumbnailUrl":"https:\/\/corona1.eu\/de\/wp-content\/uploads\/2025\/06\/zacisk-uziemiajacy-corona-tb-mini-1-1.jpg","datePublished":"2025-06-27T07:51:07+00:00","dateModified":"2025-06-27T07:52:23+00:00","breadcrumb":{"@id":"https:\/\/corona1.eu\/de\/erdungsklemmen\/erdungsklemme-tb-basic\/#breadcrumb"},"inLanguage":"de","potentialAction":[{"@type":"ReadAction","target":["https:\/\/corona1.eu\/de\/erdungsklemmen\/erdungsklemme-tb-basic\/"]}]},{"@type":"ImageObject","inLanguage":"de","@id":"https:\/\/corona1.eu\/de\/erdungsklemmen\/erdungsklemme-tb-basic\/#primaryimage","url":"https:\/\/corona1.eu\/de\/wp-content\/uploads\/2025\/06\/zacisk-uziemiajacy-corona-tb-mini-1-1.jpg","contentUrl":"https:\/\/corona1.eu\/de\/wp-content\/uploads\/2025\/06\/zacisk-uziemiajacy-corona-tb-mini-1-1.jpg","width":800,"height":800},{"@type":"BreadcrumbList","@id":"https:\/\/corona1.eu\/de\/erdungsklemmen\/erdungsklemme-tb-basic\/#breadcrumb","itemListElement":[{"@type":"ListItem","position":1,"name":"Startseite","item":"https:\/\/corona1.eu\/de\/"},{"@type":"ListItem","position":2,"name":"Erdungsklemmen","item":"https:\/\/corona1.eu\/de\/erdungsklemmen\/"},{"@type":"ListItem","position":3,"name":"Erdungsklemme TB Basic"}]},{"@type":"WebSite","@id":"https:\/\/corona1.eu\/de\/#website","url":"https:\/\/corona1.eu\/de\/","name":"CORONA Serwis","description":"","potentialAction":[{"@type":"SearchAction","target":{"@type":"EntryPoint","urlTemplate":"https:\/\/corona1.eu\/de\/?s={search_term_string}"},"query-input":{"@type":"PropertyValueSpecification","valueRequired":true,"valueName":"search_term_string"}}],"inLanguage":"de"}]}},"_links":{"self":[{"href":"https:\/\/corona1.eu\/de\/wp-json\/wp\/v2\/pages\/636","targetHints":{"allow":["GET"]}}],"collection":[{"href":"https:\/\/corona1.eu\/de\/wp-json\/wp\/v2\/pages"}],"about":[{"href":"https:\/\/corona1.eu\/de\/wp-json\/wp\/v2\/types\/page"}],"author":[{"embeddable":true,"href":"https:\/\/corona1.eu\/de\/wp-json\/wp\/v2\/users\/1"}],"replies":[{"embeddable":true,"href":"https:\/\/corona1.eu\/de\/wp-json\/wp\/v2\/comments?post=636"}],"version-history":[{"count":3,"href":"https:\/\/corona1.eu\/de\/wp-json\/wp\/v2\/pages\/636\/revisions"}],"predecessor-version":[{"id":640,"href":"https:\/\/corona1.eu\/de\/wp-json\/wp\/v2\/pages\/636\/revisions\/640"}],"up":[{"embeddable":true,"href":"https:\/\/corona1.eu\/de\/wp-json\/wp\/v2\/pages\/609"}],"wp:featuredmedia":[{"embeddable":true,"href":"https:\/\/corona1.eu\/de\/wp-json\/wp\/v2\/media\/637"}],"wp:attachment":[{"href":"https:\/\/corona1.eu\/de\/wp-json\/wp\/v2\/media?parent=636"}],"wp:term":[{"taxonomy":"category","embeddable":true,"href":"https:\/\/corona1.eu\/de\/wp-json\/wp\/v2\/categories?post=636"},{"taxonomy":"post_tag","embeddable":true,"href":"https:\/\/corona1.eu\/de\/wp-json\/wp\/v2\/tags?post=636"}],"curies":[{"name":"wp","href":"https:\/\/api.w.org\/{rel}","templated":true}]}}