{"id":63,"date":"2025-02-25T10:46:43","date_gmt":"2025-02-25T09:46:43","guid":{"rendered":"https:\/\/corona1.eu\/de\/?page_id=63"},"modified":"2025-02-25T11:13:01","modified_gmt":"2025-02-25T10:13:01","slug":"gex-flammensperre","status":"publish","type":"page","link":"https:\/\/corona1.eu\/de\/flammenlose-entlastung-flammensperren\/gex-flammensperre\/","title":{"rendered":"GEX\u2122 Flammensperre"},"content":{"rendered":"\n<p class=\"has-text-color\" style=\"color:#e79400\">F\u00fcr Gasturbinen und Motoren<\/p>\n\n\n\n<p>Die h\u00e4ufigste Schutzma\u00dfnahme bei Gasturbinen und Motorabgassystemen ist die Explosionsentlastung durch Druckentlastungsplatten. Eine Druckentlastungsplatte ist so konzipiert, dass sie sich bei einem bestimmten Druck in einem geschlossenen System sofort \u00f6ffnet. Ihr Zweck ist es, dieses System vor einem durch eine Staub- oder Gasexplosion verursachten \u00dcberdruck zu sch\u00fctzen.<\/p>\n\n\n\n<p>Die FlamQuench II-Technologie von Fike besteht aus verschiedenen Schichten von Hochtemperatur-Edelstahl, die die bei der Verbrennung entstehende W\u00e4rme absorbieren und so eine konventionelle Explosionsentlastung des Raumes erm\u00f6glichen, ohne eine Flamme freizusetzen. GEX ist die Fike-Bezeichnung f\u00fcr die FlamQuench II-Technologie, die f\u00fcr die flammenlose Entl\u00fcftung von Gasturbinen und Motorabgassystemen verwendet wird.<\/p>\n\n\n\n<h3 class=\"wp-block-heading\"><strong>Anwendungen:<\/strong><\/h3>\n\n\n\n<ul class=\"wp-block-list\">\n<li>Flammensperrtechnik mit Sicherheitsplatten und Berstsensoren,<\/li>\n\n\n\n<li>macht Dekompressionskan\u00e4le f\u00fcr das Ausblasen \u00fcberfl\u00fcssig,<\/li>\n\n\n\n<li>einfache Installation,<\/li>\n\n\n\n<li>geeignet f\u00fcr die Entlastung von Gasturbinenexplosionen,<\/li>\n\n\n\n<li>praktisch wartungsfrei.<\/li>\n<\/ul>\n\n\n\n<p><\/p>\n\n\n\n<h3 class=\"wp-block-heading\"><strong>Verwendung von:<\/strong><\/h3>\n\n\n\n<p>Die GEX-Flammensperre kann nur in Kombination mit explosionsgesch\u00fctzten Fike-Paneelen vom Typ CV-(S)-I und CV-(S)-I-HT verwendet werden.<\/p>\n","protected":false},"excerpt":{"rendered":"<p>F\u00fcr Gasturbinen und Motoren Die h\u00e4ufigste Schutzma\u00dfnahme bei Gasturbinen und Motorabgassystemen ist die Explosionsentlastung durch [&hellip;]<\/p>\n","protected":false},"author":1,"featured_media":64,"parent":66,"menu_order":0,"comment_status":"closed","ping_status":"closed","template":"kg_products_template.php","meta":{"pgc_sgb_lightbox_settings":"","footnotes":""},"categories":[12],"tags":[],"class_list":["post-63","page","type-page","status-publish","has-post-thumbnail","hentry","category-flammensperren"],"yoast_head":"<!-- This site is optimized with the Yoast SEO plugin v27.1.1 - https:\/\/yoast.com\/product\/yoast-seo-wordpress\/ -->\n<title>GEX\u2122 Flammensperre - CORONA Serwis<\/title>\n<meta name=\"robots\" content=\"index, follow, max-snippet:-1, max-image-preview:large, max-video-preview:-1\" \/>\n<link rel=\"canonical\" href=\"https:\/\/corona1.eu\/de\/flammenlose-entlastung-flammensperren\/gex-flammensperre\/\" \/>\n<meta property=\"og:locale\" content=\"de_DE\" \/>\n<meta property=\"og:type\" content=\"article\" \/>\n<meta property=\"og:title\" content=\"GEX\u2122 Flammensperre - CORONA Serwis\" \/>\n<meta property=\"og:description\" content=\"F\u00fcr Gasturbinen und Motoren Die h\u00e4ufigste Schutzma\u00dfnahme bei Gasturbinen und Motorabgassystemen ist die Explosionsentlastung durch [&hellip;]\" \/>\n<meta property=\"og:url\" content=\"https:\/\/corona1.eu\/de\/flammenlose-entlastung-flammensperren\/gex-flammensperre\/\" \/>\n<meta property=\"og:site_name\" content=\"CORONA Serwis\" \/>\n<meta property=\"article:modified_time\" content=\"2025-02-25T10:13:01+00:00\" \/>\n<meta property=\"og:image\" content=\"https:\/\/corona1.eu\/de\/wp-content\/uploads\/2025\/02\/gex-pklddjn31zzck98xqbb8bkykx8dfrel7w0407jigm8.png\" \/>\n\t<meta property=\"og:image:width\" content=\"400\" \/>\n\t<meta property=\"og:image:height\" content=\"400\" \/>\n\t<meta property=\"og:image:type\" content=\"image\/png\" \/>\n<meta name=\"twitter:card\" content=\"summary_large_image\" \/>\n<meta name=\"twitter:label1\" content=\"Gesch\u00e4tzte Lesezeit\" \/>\n\t<meta name=\"twitter:data1\" content=\"1\u00a0Minute\" \/>\n<script type=\"application\/ld+json\" class=\"yoast-schema-graph\">{\"@context\":\"https:\/\/schema.org\",\"@graph\":[{\"@type\":\"WebPage\",\"@id\":\"https:\/\/corona1.eu\/de\/flammenlose-entlastung-flammensperren\/gex-flammensperre\/\",\"url\":\"https:\/\/corona1.eu\/de\/flammenlose-entlastung-flammensperren\/gex-flammensperre\/\",\"name\":\"GEX\u2122 Flammensperre - CORONA Serwis\",\"isPartOf\":{\"@id\":\"https:\/\/corona1.eu\/de\/#website\"},\"primaryImageOfPage\":{\"@id\":\"https:\/\/corona1.eu\/de\/flammenlose-entlastung-flammensperren\/gex-flammensperre\/#primaryimage\"},\"image\":{\"@id\":\"https:\/\/corona1.eu\/de\/flammenlose-entlastung-flammensperren\/gex-flammensperre\/#primaryimage\"},\"thumbnailUrl\":\"https:\/\/corona1.eu\/de\/wp-content\/uploads\/2025\/02\/gex-pklddjn31zzck98xqbb8bkykx8dfrel7w0407jigm8.png\",\"datePublished\":\"2025-02-25T09:46:43+00:00\",\"dateModified\":\"2025-02-25T10:13:01+00:00\",\"breadcrumb\":{\"@id\":\"https:\/\/corona1.eu\/de\/flammenlose-entlastung-flammensperren\/gex-flammensperre\/#breadcrumb\"},\"inLanguage\":\"de\",\"potentialAction\":[{\"@type\":\"ReadAction\",\"target\":[\"https:\/\/corona1.eu\/de\/flammenlose-entlastung-flammensperren\/gex-flammensperre\/\"]}]},{\"@type\":\"ImageObject\",\"inLanguage\":\"de\",\"@id\":\"https:\/\/corona1.eu\/de\/flammenlose-entlastung-flammensperren\/gex-flammensperre\/#primaryimage\",\"url\":\"https:\/\/corona1.eu\/de\/wp-content\/uploads\/2025\/02\/gex-pklddjn31zzck98xqbb8bkykx8dfrel7w0407jigm8.png\",\"contentUrl\":\"https:\/\/corona1.eu\/de\/wp-content\/uploads\/2025\/02\/gex-pklddjn31zzck98xqbb8bkykx8dfrel7w0407jigm8.png\",\"width\":400,\"height\":400},{\"@type\":\"BreadcrumbList\",\"@id\":\"https:\/\/corona1.eu\/de\/flammenlose-entlastung-flammensperren\/gex-flammensperre\/#breadcrumb\",\"itemListElement\":[{\"@type\":\"ListItem\",\"position\":1,\"name\":\"Startseite\",\"item\":\"https:\/\/corona1.eu\/de\/\"},{\"@type\":\"ListItem\",\"position\":2,\"name\":\"Flammenlose Entlastung &#8211; Flammensperren\",\"item\":\"https:\/\/corona1.eu\/de\/flammenlose-entlastung-flammensperren\/\"},{\"@type\":\"ListItem\",\"position\":3,\"name\":\"GEX\u2122 Flammensperre\"}]},{\"@type\":\"WebSite\",\"@id\":\"https:\/\/corona1.eu\/de\/#website\",\"url\":\"https:\/\/corona1.eu\/de\/\",\"name\":\"CORONA Serwis\",\"description\":\"\",\"potentialAction\":[{\"@type\":\"SearchAction\",\"target\":{\"@type\":\"EntryPoint\",\"urlTemplate\":\"https:\/\/corona1.eu\/de\/?s={search_term_string}\"},\"query-input\":{\"@type\":\"PropertyValueSpecification\",\"valueRequired\":true,\"valueName\":\"search_term_string\"}}],\"inLanguage\":\"de\"}]}<\/script>\n<!-- \/ Yoast SEO plugin. -->","yoast_head_json":{"title":"GEX\u2122 Flammensperre - CORONA Serwis","robots":{"index":"index","follow":"follow","max-snippet":"max-snippet:-1","max-image-preview":"max-image-preview:large","max-video-preview":"max-video-preview:-1"},"canonical":"https:\/\/corona1.eu\/de\/flammenlose-entlastung-flammensperren\/gex-flammensperre\/","og_locale":"de_DE","og_type":"article","og_title":"GEX\u2122 Flammensperre - CORONA Serwis","og_description":"F\u00fcr Gasturbinen und Motoren Die h\u00e4ufigste Schutzma\u00dfnahme bei Gasturbinen und Motorabgassystemen ist die Explosionsentlastung durch [&hellip;]","og_url":"https:\/\/corona1.eu\/de\/flammenlose-entlastung-flammensperren\/gex-flammensperre\/","og_site_name":"CORONA Serwis","article_modified_time":"2025-02-25T10:13:01+00:00","og_image":[{"width":400,"height":400,"url":"https:\/\/corona1.eu\/de\/wp-content\/uploads\/2025\/02\/gex-pklddjn31zzck98xqbb8bkykx8dfrel7w0407jigm8.png","type":"image\/png"}],"twitter_card":"summary_large_image","twitter_misc":{"Gesch\u00e4tzte Lesezeit":"1\u00a0Minute"},"schema":{"@context":"https:\/\/schema.org","@graph":[{"@type":"WebPage","@id":"https:\/\/corona1.eu\/de\/flammenlose-entlastung-flammensperren\/gex-flammensperre\/","url":"https:\/\/corona1.eu\/de\/flammenlose-entlastung-flammensperren\/gex-flammensperre\/","name":"GEX\u2122 Flammensperre - CORONA Serwis","isPartOf":{"@id":"https:\/\/corona1.eu\/de\/#website"},"primaryImageOfPage":{"@id":"https:\/\/corona1.eu\/de\/flammenlose-entlastung-flammensperren\/gex-flammensperre\/#primaryimage"},"image":{"@id":"https:\/\/corona1.eu\/de\/flammenlose-entlastung-flammensperren\/gex-flammensperre\/#primaryimage"},"thumbnailUrl":"https:\/\/corona1.eu\/de\/wp-content\/uploads\/2025\/02\/gex-pklddjn31zzck98xqbb8bkykx8dfrel7w0407jigm8.png","datePublished":"2025-02-25T09:46:43+00:00","dateModified":"2025-02-25T10:13:01+00:00","breadcrumb":{"@id":"https:\/\/corona1.eu\/de\/flammenlose-entlastung-flammensperren\/gex-flammensperre\/#breadcrumb"},"inLanguage":"de","potentialAction":[{"@type":"ReadAction","target":["https:\/\/corona1.eu\/de\/flammenlose-entlastung-flammensperren\/gex-flammensperre\/"]}]},{"@type":"ImageObject","inLanguage":"de","@id":"https:\/\/corona1.eu\/de\/flammenlose-entlastung-flammensperren\/gex-flammensperre\/#primaryimage","url":"https:\/\/corona1.eu\/de\/wp-content\/uploads\/2025\/02\/gex-pklddjn31zzck98xqbb8bkykx8dfrel7w0407jigm8.png","contentUrl":"https:\/\/corona1.eu\/de\/wp-content\/uploads\/2025\/02\/gex-pklddjn31zzck98xqbb8bkykx8dfrel7w0407jigm8.png","width":400,"height":400},{"@type":"BreadcrumbList","@id":"https:\/\/corona1.eu\/de\/flammenlose-entlastung-flammensperren\/gex-flammensperre\/#breadcrumb","itemListElement":[{"@type":"ListItem","position":1,"name":"Startseite","item":"https:\/\/corona1.eu\/de\/"},{"@type":"ListItem","position":2,"name":"Flammenlose Entlastung &#8211; Flammensperren","item":"https:\/\/corona1.eu\/de\/flammenlose-entlastung-flammensperren\/"},{"@type":"ListItem","position":3,"name":"GEX\u2122 Flammensperre"}]},{"@type":"WebSite","@id":"https:\/\/corona1.eu\/de\/#website","url":"https:\/\/corona1.eu\/de\/","name":"CORONA Serwis","description":"","potentialAction":[{"@type":"SearchAction","target":{"@type":"EntryPoint","urlTemplate":"https:\/\/corona1.eu\/de\/?s={search_term_string}"},"query-input":{"@type":"PropertyValueSpecification","valueRequired":true,"valueName":"search_term_string"}}],"inLanguage":"de"}]}},"_links":{"self":[{"href":"https:\/\/corona1.eu\/de\/wp-json\/wp\/v2\/pages\/63","targetHints":{"allow":["GET"]}}],"collection":[{"href":"https:\/\/corona1.eu\/de\/wp-json\/wp\/v2\/pages"}],"about":[{"href":"https:\/\/corona1.eu\/de\/wp-json\/wp\/v2\/types\/page"}],"author":[{"embeddable":true,"href":"https:\/\/corona1.eu\/de\/wp-json\/wp\/v2\/users\/1"}],"replies":[{"embeddable":true,"href":"https:\/\/corona1.eu\/de\/wp-json\/wp\/v2\/comments?post=63"}],"version-history":[{"count":4,"href":"https:\/\/corona1.eu\/de\/wp-json\/wp\/v2\/pages\/63\/revisions"}],"predecessor-version":[{"id":73,"href":"https:\/\/corona1.eu\/de\/wp-json\/wp\/v2\/pages\/63\/revisions\/73"}],"up":[{"embeddable":true,"href":"https:\/\/corona1.eu\/de\/wp-json\/wp\/v2\/pages\/66"}],"wp:featuredmedia":[{"embeddable":true,"href":"https:\/\/corona1.eu\/de\/wp-json\/wp\/v2\/media\/64"}],"wp:attachment":[{"href":"https:\/\/corona1.eu\/de\/wp-json\/wp\/v2\/media?parent=63"}],"wp:term":[{"taxonomy":"category","embeddable":true,"href":"https:\/\/corona1.eu\/de\/wp-json\/wp\/v2\/categories?post=63"},{"taxonomy":"post_tag","embeddable":true,"href":"https:\/\/corona1.eu\/de\/wp-json\/wp\/v2\/tags?post=63"}],"curies":[{"name":"wp","href":"https:\/\/api.w.org\/{rel}","templated":true}]}}