{"id":628,"date":"2025-06-26T13:50:40","date_gmt":"2025-06-26T11:50:40","guid":{"rendered":"https:\/\/corona1.eu\/de\/?page_id=628"},"modified":"2025-06-26T13:50:55","modified_gmt":"2025-06-26T11:50:55","slug":"erdungsklemme-tb-profi","status":"publish","type":"page","link":"https:\/\/corona1.eu\/de\/erdungsklemmen\/erdungsklemme-tb-profi\/","title":{"rendered":"Erdungsklemme TB Profi"},"content":{"rendered":"\n\n<p>Eine Erdungsklemme mit einer sehr starken Feder aus rostfreiem Stahl. Sie verf\u00fcgt \u00fcber zwei scharfe Stahlz\u00e4hne, mit denen sie verschiedene Beschichtungen und Verschmutzungen durchsto\u00dfen kann. Die Klemme verf\u00fcgt \u00fcber Kunststoffeins\u00e4tze, um die Z\u00e4hne vor \u00fcberm\u00e4\u00dfigem Verschlei\u00df zu sch\u00fctzen, sowie \u00fcber eine besondere Art der Verbindung mit dem Kabel, die das Risiko eines Ausrei\u00dfens des Erdungskabels verringert.<\/p>\n\n\n\n\n\n<h3 class=\"wp-block-heading\"><strong>Vorteile:<\/strong><\/h3>\n\n\n\n\n\n<ul class=\"wp-block-list\">\n\n<li>V2A-Edelstahl (1.4301).<\/li>\n\n\n\n\n\n<li>Robuste Konstruktion.<\/li>\n\n\n\n\n\n<li>Verzahnung aus geh\u00e4rtetem Edelstahl.<\/li>\n\n\n\n\n\n<li>Beidseitige Verzahnung.<\/li>\n\n\n\n\n\n<li>Schutz der Z\u00e4hne in Ruhestellung (Kunststoffblock).<\/li>\n\n\n\n\n\n<li>Sehr hohe Federkraft.<\/li>\n\n\n\n\n\n<li>Sehr gro\u00dfe \u00d6ffnungsweite.<\/li>\n\n\n\n\n\n<li>Kabelanschluss mit Zugentlastung<\/li>\n\n<\/ul>\n\n\n\n\n\n<p><\/p>\n\n\n\n\n\n<table class=\"table table-striped table-bordered\">\n                  <tbody>\n                     <tr style=\"font-size: 12px;font-weight: bold\">\n                        <td>Technische Daten:<\/td>\n                        <td>TB Prof:<\/td>\n                     <\/tr>\n                     <tr style=\"font-size: 12px\">\n                        <td>Gr\u00f6\u00dfe<\/td>\n                        <td>Klammerl\u00e4nge &#8211; 150 mm\nBreite der Backen\u00f6ffnung &#8211; 45 mm<\/td>\n <tr style=\"font-size: 12px\">\n                        <td>Maximaler Kabelquerschnitt<\/td>\n                        <td>Anschluss von Erdungsleitern bis zu 10 mm\u00b2\nmit M8-\u00d6se<\/td>\n<tr style=\"font-size: 12px\">\n                        <td>Ex-Zonen<\/td>\n                        <td>Zone: 1 Zone: 2<\/td>\n<tr style=\"font-size: 12px\">\n                        <td>Ex-Bezeichnungen<\/td>\n                        <td>Ex II 2G Ex h IIA \/ IIB \/ IIC T6 Gb<\/td>\n<tr style=\"font-size: 12px\">\n                        <td> <\/td>\n<td>Ex II 2D Ex h IIIC T80\u00b0C Db<\/td>\n                     <\/tr>\n                  <\/tbody>\n               <\/table>\n\n\n\n\n","protected":false},"excerpt":{"rendered":"<p>Eine Erdungsklemme mit einer sehr starken Feder aus rostfreiem Stahl. Sie verf\u00fcgt \u00fcber zwei scharfe [&hellip;]<\/p>\n","protected":false},"author":1,"featured_media":629,"parent":609,"menu_order":0,"comment_status":"closed","ping_status":"closed","template":"kg_products_template.php","meta":{"pgc_sgb_lightbox_settings":"","footnotes":""},"categories":[35],"tags":[],"class_list":["post-628","page","type-page","status-publish","has-post-thumbnail","hentry","category-erdungsklemmen"],"yoast_head":"<!-- This site is optimized with the Yoast SEO plugin v27.1.1 - https:\/\/yoast.com\/product\/yoast-seo-wordpress\/ -->\n<title>Erdungsklemme TB Profi - CORONA Serwis<\/title>\n<meta name=\"robots\" content=\"index, follow, max-snippet:-1, max-image-preview:large, max-video-preview:-1\" \/>\n<link rel=\"canonical\" href=\"https:\/\/corona1.eu\/de\/erdungsklemmen\/erdungsklemme-tb-profi\/\" \/>\n<meta property=\"og:locale\" content=\"de_DE\" \/>\n<meta property=\"og:type\" content=\"article\" \/>\n<meta property=\"og:title\" content=\"Erdungsklemme TB Profi - CORONA Serwis\" \/>\n<meta property=\"og:description\" content=\"Eine Erdungsklemme mit einer sehr starken Feder aus rostfreiem Stahl. Sie verf\u00fcgt \u00fcber zwei scharfe [&hellip;]\" \/>\n<meta property=\"og:url\" content=\"https:\/\/corona1.eu\/de\/erdungsklemmen\/erdungsklemme-tb-profi\/\" \/>\n<meta property=\"og:site_name\" content=\"CORONA Serwis\" \/>\n<meta property=\"article:modified_time\" content=\"2025-06-26T11:50:55+00:00\" \/>\n<meta property=\"og:image\" content=\"https:\/\/corona1.eu\/de\/wp-content\/uploads\/2025\/06\/zacisk-uziemiajacy-corona-tb-profi-.jpg\" \/>\n\t<meta property=\"og:image:width\" content=\"800\" \/>\n\t<meta property=\"og:image:height\" content=\"800\" \/>\n\t<meta property=\"og:image:type\" content=\"image\/jpeg\" \/>\n<meta name=\"twitter:card\" content=\"summary_large_image\" \/>\n<meta name=\"twitter:label1\" content=\"Gesch\u00e4tzte Lesezeit\" \/>\n\t<meta name=\"twitter:data1\" content=\"2\u00a0Minuten\" \/>\n<script type=\"application\/ld+json\" class=\"yoast-schema-graph\">{\"@context\":\"https:\/\/schema.org\",\"@graph\":[{\"@type\":\"WebPage\",\"@id\":\"https:\/\/corona1.eu\/de\/erdungsklemmen\/erdungsklemme-tb-profi\/\",\"url\":\"https:\/\/corona1.eu\/de\/erdungsklemmen\/erdungsklemme-tb-profi\/\",\"name\":\"Erdungsklemme TB Profi - CORONA Serwis\",\"isPartOf\":{\"@id\":\"https:\/\/corona1.eu\/de\/#website\"},\"primaryImageOfPage\":{\"@id\":\"https:\/\/corona1.eu\/de\/erdungsklemmen\/erdungsklemme-tb-profi\/#primaryimage\"},\"image\":{\"@id\":\"https:\/\/corona1.eu\/de\/erdungsklemmen\/erdungsklemme-tb-profi\/#primaryimage\"},\"thumbnailUrl\":\"https:\/\/corona1.eu\/de\/wp-content\/uploads\/2025\/06\/zacisk-uziemiajacy-corona-tb-profi-.jpg\",\"datePublished\":\"2025-06-26T11:50:40+00:00\",\"dateModified\":\"2025-06-26T11:50:55+00:00\",\"breadcrumb\":{\"@id\":\"https:\/\/corona1.eu\/de\/erdungsklemmen\/erdungsklemme-tb-profi\/#breadcrumb\"},\"inLanguage\":\"de\",\"potentialAction\":[{\"@type\":\"ReadAction\",\"target\":[\"https:\/\/corona1.eu\/de\/erdungsklemmen\/erdungsklemme-tb-profi\/\"]}]},{\"@type\":\"ImageObject\",\"inLanguage\":\"de\",\"@id\":\"https:\/\/corona1.eu\/de\/erdungsklemmen\/erdungsklemme-tb-profi\/#primaryimage\",\"url\":\"https:\/\/corona1.eu\/de\/wp-content\/uploads\/2025\/06\/zacisk-uziemiajacy-corona-tb-profi-.jpg\",\"contentUrl\":\"https:\/\/corona1.eu\/de\/wp-content\/uploads\/2025\/06\/zacisk-uziemiajacy-corona-tb-profi-.jpg\",\"width\":800,\"height\":800},{\"@type\":\"BreadcrumbList\",\"@id\":\"https:\/\/corona1.eu\/de\/erdungsklemmen\/erdungsklemme-tb-profi\/#breadcrumb\",\"itemListElement\":[{\"@type\":\"ListItem\",\"position\":1,\"name\":\"Startseite\",\"item\":\"https:\/\/corona1.eu\/de\/\"},{\"@type\":\"ListItem\",\"position\":2,\"name\":\"Erdungsklemmen\",\"item\":\"https:\/\/corona1.eu\/de\/erdungsklemmen\/\"},{\"@type\":\"ListItem\",\"position\":3,\"name\":\"Erdungsklemme TB Profi\"}]},{\"@type\":\"WebSite\",\"@id\":\"https:\/\/corona1.eu\/de\/#website\",\"url\":\"https:\/\/corona1.eu\/de\/\",\"name\":\"CORONA Serwis\",\"description\":\"\",\"potentialAction\":[{\"@type\":\"SearchAction\",\"target\":{\"@type\":\"EntryPoint\",\"urlTemplate\":\"https:\/\/corona1.eu\/de\/?s={search_term_string}\"},\"query-input\":{\"@type\":\"PropertyValueSpecification\",\"valueRequired\":true,\"valueName\":\"search_term_string\"}}],\"inLanguage\":\"de\"}]}<\/script>\n<!-- \/ Yoast SEO plugin. -->","yoast_head_json":{"title":"Erdungsklemme TB Profi - CORONA Serwis","robots":{"index":"index","follow":"follow","max-snippet":"max-snippet:-1","max-image-preview":"max-image-preview:large","max-video-preview":"max-video-preview:-1"},"canonical":"https:\/\/corona1.eu\/de\/erdungsklemmen\/erdungsklemme-tb-profi\/","og_locale":"de_DE","og_type":"article","og_title":"Erdungsklemme TB Profi - CORONA Serwis","og_description":"Eine Erdungsklemme mit einer sehr starken Feder aus rostfreiem Stahl. Sie verf\u00fcgt \u00fcber zwei scharfe [&hellip;]","og_url":"https:\/\/corona1.eu\/de\/erdungsklemmen\/erdungsklemme-tb-profi\/","og_site_name":"CORONA Serwis","article_modified_time":"2025-06-26T11:50:55+00:00","og_image":[{"width":800,"height":800,"url":"https:\/\/corona1.eu\/de\/wp-content\/uploads\/2025\/06\/zacisk-uziemiajacy-corona-tb-profi-.jpg","type":"image\/jpeg"}],"twitter_card":"summary_large_image","twitter_misc":{"Gesch\u00e4tzte Lesezeit":"2\u00a0Minuten"},"schema":{"@context":"https:\/\/schema.org","@graph":[{"@type":"WebPage","@id":"https:\/\/corona1.eu\/de\/erdungsklemmen\/erdungsklemme-tb-profi\/","url":"https:\/\/corona1.eu\/de\/erdungsklemmen\/erdungsklemme-tb-profi\/","name":"Erdungsklemme TB Profi - CORONA Serwis","isPartOf":{"@id":"https:\/\/corona1.eu\/de\/#website"},"primaryImageOfPage":{"@id":"https:\/\/corona1.eu\/de\/erdungsklemmen\/erdungsklemme-tb-profi\/#primaryimage"},"image":{"@id":"https:\/\/corona1.eu\/de\/erdungsklemmen\/erdungsklemme-tb-profi\/#primaryimage"},"thumbnailUrl":"https:\/\/corona1.eu\/de\/wp-content\/uploads\/2025\/06\/zacisk-uziemiajacy-corona-tb-profi-.jpg","datePublished":"2025-06-26T11:50:40+00:00","dateModified":"2025-06-26T11:50:55+00:00","breadcrumb":{"@id":"https:\/\/corona1.eu\/de\/erdungsklemmen\/erdungsklemme-tb-profi\/#breadcrumb"},"inLanguage":"de","potentialAction":[{"@type":"ReadAction","target":["https:\/\/corona1.eu\/de\/erdungsklemmen\/erdungsklemme-tb-profi\/"]}]},{"@type":"ImageObject","inLanguage":"de","@id":"https:\/\/corona1.eu\/de\/erdungsklemmen\/erdungsklemme-tb-profi\/#primaryimage","url":"https:\/\/corona1.eu\/de\/wp-content\/uploads\/2025\/06\/zacisk-uziemiajacy-corona-tb-profi-.jpg","contentUrl":"https:\/\/corona1.eu\/de\/wp-content\/uploads\/2025\/06\/zacisk-uziemiajacy-corona-tb-profi-.jpg","width":800,"height":800},{"@type":"BreadcrumbList","@id":"https:\/\/corona1.eu\/de\/erdungsklemmen\/erdungsklemme-tb-profi\/#breadcrumb","itemListElement":[{"@type":"ListItem","position":1,"name":"Startseite","item":"https:\/\/corona1.eu\/de\/"},{"@type":"ListItem","position":2,"name":"Erdungsklemmen","item":"https:\/\/corona1.eu\/de\/erdungsklemmen\/"},{"@type":"ListItem","position":3,"name":"Erdungsklemme TB Profi"}]},{"@type":"WebSite","@id":"https:\/\/corona1.eu\/de\/#website","url":"https:\/\/corona1.eu\/de\/","name":"CORONA Serwis","description":"","potentialAction":[{"@type":"SearchAction","target":{"@type":"EntryPoint","urlTemplate":"https:\/\/corona1.eu\/de\/?s={search_term_string}"},"query-input":{"@type":"PropertyValueSpecification","valueRequired":true,"valueName":"search_term_string"}}],"inLanguage":"de"}]}},"_links":{"self":[{"href":"https:\/\/corona1.eu\/de\/wp-json\/wp\/v2\/pages\/628","targetHints":{"allow":["GET"]}}],"collection":[{"href":"https:\/\/corona1.eu\/de\/wp-json\/wp\/v2\/pages"}],"about":[{"href":"https:\/\/corona1.eu\/de\/wp-json\/wp\/v2\/types\/page"}],"author":[{"embeddable":true,"href":"https:\/\/corona1.eu\/de\/wp-json\/wp\/v2\/users\/1"}],"replies":[{"embeddable":true,"href":"https:\/\/corona1.eu\/de\/wp-json\/wp\/v2\/comments?post=628"}],"version-history":[{"count":2,"href":"https:\/\/corona1.eu\/de\/wp-json\/wp\/v2\/pages\/628\/revisions"}],"predecessor-version":[{"id":631,"href":"https:\/\/corona1.eu\/de\/wp-json\/wp\/v2\/pages\/628\/revisions\/631"}],"up":[{"embeddable":true,"href":"https:\/\/corona1.eu\/de\/wp-json\/wp\/v2\/pages\/609"}],"wp:featuredmedia":[{"embeddable":true,"href":"https:\/\/corona1.eu\/de\/wp-json\/wp\/v2\/media\/629"}],"wp:attachment":[{"href":"https:\/\/corona1.eu\/de\/wp-json\/wp\/v2\/media?parent=628"}],"wp:term":[{"taxonomy":"category","embeddable":true,"href":"https:\/\/corona1.eu\/de\/wp-json\/wp\/v2\/categories?post=628"},{"taxonomy":"post_tag","embeddable":true,"href":"https:\/\/corona1.eu\/de\/wp-json\/wp\/v2\/tags?post=628"}],"curies":[{"name":"wp","href":"https:\/\/api.w.org\/{rel}","templated":true}]}}