{"id":624,"date":"2025-06-26T13:44:24","date_gmt":"2025-06-26T11:44:24","guid":{"rendered":"https:\/\/corona1.eu\/de\/?page_id=624"},"modified":"2025-06-26T13:44:49","modified_gmt":"2025-06-26T11:44:49","slug":"erdungsklemme-tb-large","status":"publish","type":"page","link":"https:\/\/corona1.eu\/de\/erdungsklemmen\/erdungsklemme-tb-large\/","title":{"rendered":"Erdungsklemme TB Gro\u00df"},"content":{"rendered":"\n\n<p>Erdungsklammer mit sehr scharfen Z\u00e4hnen, die in der Lage sind, eine Beschichtung, z. B. eine Farbe, zu durchsto\u00dfen. Die Klammer ist mit speziellen L\u00f6chern versehen, damit die Z\u00e4hne im Ruhezustand nicht am Metall reiben, was den Verschlei\u00df verringert. Die Erdungszange TB Large wird f\u00fcr die Erdung von gr\u00f6\u00dferen F\u00e4ssern, Tanks, Stra\u00dfen- und Eisenbahntankwagen verwendet.<\/p>\n\n\n\n\n\n<h3 class=\"wp-block-heading\"><strong>Vorteile:<\/strong><\/h3>\n\n\n\n\n\n<ul class=\"wp-block-list\">\n\n<li>V2A-Edelstahl (1.4301).<\/li>\n\n\n\n\n\n<li>Robuste Konstruktion.<\/li>\n\n\n\n\n\n<li>Zinken aus geh\u00e4rtetem Edelstahl.<\/li>\n\n\n\n\n\n<li>Beide Zinken auf einer Seite.<\/li>\n\n\n\n\n\n<li>Schutz der Z\u00e4hne in Ruhestellung (gegen\u00fcberliegende Entlastungsbohrungen).<\/li>\n\n\n\n\n\n<li>Hohe Federkraft.<\/li>\n\n\n\n\n\n<li>Gro\u00dfe \u00d6ffnungsweite der Backen.<\/li>\n\n<\/ul>\n\n\n\n\n\n<p><\/p>\n\n\n\n\n\n<table class=\"table table-striped table-bordered\">\n                  <tbody>\n                     <tr style=\"font-size: 12px;font-weight: bold\">\n                        <td>Technische Daten:<\/td>\n                        <td>TB Gro\u00df:<\/td>\n                     <\/tr>\n                     <tr style=\"font-size: 12px\">\n                        <td>Gr\u00f6\u00dfe<\/td>\n                        <td>L\u00e4nge der Klemme &#8211; 230 mm\nBreite der Backen\u00f6ffnung &#8211; 40 mm<\/td>\n <tr style=\"font-size: 12px\">\n                        <td>Maximaler Kabelquerschnitt<\/td>\n                        <td>Anschluss von Erdungsleitern bis zu 16 mm\u00b2\nmit M8-\u00d6se<\/td>\n<tr style=\"font-size: 12px\">\n                        <td>Ex-Zonen<\/td>\n                        <td>Zone: 1, 21\nZone: 2, 22<\/td>\n<tr style=\"font-size: 12px\">\n                        <td>Ex-Bezeichnungen<\/td>\n                        <td>Ex II 2 G Ex h IIA \/ IIB \/ IIC T6 Gb<\/td>\n<tr style=\"font-size: 12px\">\n                        <td> <\/td>\n<td>Ex II 2 D Ex h IIIC T80\u00b0C Db<\/td>\n<tr style=\"font-size: 12px\">\n                        <td>Zulassungsnummer<\/td>\n                        <td>TPS 20 ATEX 109833 0001 X<\/td>\n                     <\/tr>\n                  <\/tbody>\n               <\/table>\n\n\n\n\n\n\n\n\n<p><\/p>\n\n","protected":false},"excerpt":{"rendered":"<p>Erdungsklammer mit sehr scharfen Z\u00e4hnen, die in der Lage sind, eine Beschichtung, z. B. eine [&hellip;]<\/p>\n","protected":false},"author":1,"featured_media":625,"parent":609,"menu_order":0,"comment_status":"closed","ping_status":"closed","template":"kg_products_template.php","meta":{"pgc_sgb_lightbox_settings":"","footnotes":""},"categories":[35],"tags":[],"class_list":["post-624","page","type-page","status-publish","has-post-thumbnail","hentry","category-erdungsklemmen"],"yoast_head":"<!-- This site is optimized with the Yoast SEO plugin v27.1.1 - https:\/\/yoast.com\/product\/yoast-seo-wordpress\/ -->\n<title>Erdungsklemme TB Gro\u00df - CORONA Serwis<\/title>\n<meta name=\"robots\" content=\"index, follow, max-snippet:-1, max-image-preview:large, max-video-preview:-1\" \/>\n<link rel=\"canonical\" href=\"https:\/\/corona1.eu\/de\/erdungsklemmen\/erdungsklemme-tb-large\/\" \/>\n<meta property=\"og:locale\" content=\"de_DE\" \/>\n<meta property=\"og:type\" content=\"article\" \/>\n<meta property=\"og:title\" content=\"Erdungsklemme TB Gro\u00df - CORONA Serwis\" \/>\n<meta property=\"og:description\" content=\"Erdungsklammer mit sehr scharfen Z\u00e4hnen, die in der Lage sind, eine Beschichtung, z. B. eine [&hellip;]\" \/>\n<meta property=\"og:url\" content=\"https:\/\/corona1.eu\/de\/erdungsklemmen\/erdungsklemme-tb-large\/\" \/>\n<meta property=\"og:site_name\" content=\"CORONA Serwis\" \/>\n<meta property=\"article:modified_time\" content=\"2025-06-26T11:44:49+00:00\" \/>\n<meta property=\"og:image\" content=\"https:\/\/corona1.eu\/de\/wp-content\/uploads\/2025\/06\/zacisk-uziemiajacy-corona-tb-large-wykonany-ze-stali-nierdzewnej-do-uziemiania-duzych-beczek-i-zbiornikow-oraz-cystern.png\" \/>\n\t<meta property=\"og:image:width\" content=\"800\" \/>\n\t<meta property=\"og:image:height\" content=\"800\" \/>\n\t<meta property=\"og:image:type\" content=\"image\/png\" \/>\n<meta name=\"twitter:card\" content=\"summary_large_image\" \/>\n<meta name=\"twitter:label1\" content=\"Gesch\u00e4tzte Lesezeit\" \/>\n\t<meta name=\"twitter:data1\" content=\"2\u00a0Minuten\" \/>\n<script type=\"application\/ld+json\" class=\"yoast-schema-graph\">{\"@context\":\"https:\/\/schema.org\",\"@graph\":[{\"@type\":\"WebPage\",\"@id\":\"https:\/\/corona1.eu\/de\/erdungsklemmen\/erdungsklemme-tb-large\/\",\"url\":\"https:\/\/corona1.eu\/de\/erdungsklemmen\/erdungsklemme-tb-large\/\",\"name\":\"Erdungsklemme TB Gro\u00df - CORONA Serwis\",\"isPartOf\":{\"@id\":\"https:\/\/corona1.eu\/de\/#website\"},\"primaryImageOfPage\":{\"@id\":\"https:\/\/corona1.eu\/de\/erdungsklemmen\/erdungsklemme-tb-large\/#primaryimage\"},\"image\":{\"@id\":\"https:\/\/corona1.eu\/de\/erdungsklemmen\/erdungsklemme-tb-large\/#primaryimage\"},\"thumbnailUrl\":\"https:\/\/corona1.eu\/de\/wp-content\/uploads\/2025\/06\/zacisk-uziemiajacy-corona-tb-large-wykonany-ze-stali-nierdzewnej-do-uziemiania-duzych-beczek-i-zbiornikow-oraz-cystern.png\",\"datePublished\":\"2025-06-26T11:44:24+00:00\",\"dateModified\":\"2025-06-26T11:44:49+00:00\",\"breadcrumb\":{\"@id\":\"https:\/\/corona1.eu\/de\/erdungsklemmen\/erdungsklemme-tb-large\/#breadcrumb\"},\"inLanguage\":\"de\",\"potentialAction\":[{\"@type\":\"ReadAction\",\"target\":[\"https:\/\/corona1.eu\/de\/erdungsklemmen\/erdungsklemme-tb-large\/\"]}]},{\"@type\":\"ImageObject\",\"inLanguage\":\"de\",\"@id\":\"https:\/\/corona1.eu\/de\/erdungsklemmen\/erdungsklemme-tb-large\/#primaryimage\",\"url\":\"https:\/\/corona1.eu\/de\/wp-content\/uploads\/2025\/06\/zacisk-uziemiajacy-corona-tb-large-wykonany-ze-stali-nierdzewnej-do-uziemiania-duzych-beczek-i-zbiornikow-oraz-cystern.png\",\"contentUrl\":\"https:\/\/corona1.eu\/de\/wp-content\/uploads\/2025\/06\/zacisk-uziemiajacy-corona-tb-large-wykonany-ze-stali-nierdzewnej-do-uziemiania-duzych-beczek-i-zbiornikow-oraz-cystern.png\",\"width\":800,\"height\":800},{\"@type\":\"BreadcrumbList\",\"@id\":\"https:\/\/corona1.eu\/de\/erdungsklemmen\/erdungsklemme-tb-large\/#breadcrumb\",\"itemListElement\":[{\"@type\":\"ListItem\",\"position\":1,\"name\":\"Startseite\",\"item\":\"https:\/\/corona1.eu\/de\/\"},{\"@type\":\"ListItem\",\"position\":2,\"name\":\"Erdungsklemmen\",\"item\":\"https:\/\/corona1.eu\/de\/erdungsklemmen\/\"},{\"@type\":\"ListItem\",\"position\":3,\"name\":\"Erdungsklemme TB Gro\u00df\"}]},{\"@type\":\"WebSite\",\"@id\":\"https:\/\/corona1.eu\/de\/#website\",\"url\":\"https:\/\/corona1.eu\/de\/\",\"name\":\"CORONA Serwis\",\"description\":\"\",\"potentialAction\":[{\"@type\":\"SearchAction\",\"target\":{\"@type\":\"EntryPoint\",\"urlTemplate\":\"https:\/\/corona1.eu\/de\/?s={search_term_string}\"},\"query-input\":{\"@type\":\"PropertyValueSpecification\",\"valueRequired\":true,\"valueName\":\"search_term_string\"}}],\"inLanguage\":\"de\"}]}<\/script>\n<!-- \/ Yoast SEO plugin. -->","yoast_head_json":{"title":"Erdungsklemme TB Gro\u00df - CORONA Serwis","robots":{"index":"index","follow":"follow","max-snippet":"max-snippet:-1","max-image-preview":"max-image-preview:large","max-video-preview":"max-video-preview:-1"},"canonical":"https:\/\/corona1.eu\/de\/erdungsklemmen\/erdungsklemme-tb-large\/","og_locale":"de_DE","og_type":"article","og_title":"Erdungsklemme TB Gro\u00df - CORONA Serwis","og_description":"Erdungsklammer mit sehr scharfen Z\u00e4hnen, die in der Lage sind, eine Beschichtung, z. B. eine [&hellip;]","og_url":"https:\/\/corona1.eu\/de\/erdungsklemmen\/erdungsklemme-tb-large\/","og_site_name":"CORONA Serwis","article_modified_time":"2025-06-26T11:44:49+00:00","og_image":[{"width":800,"height":800,"url":"https:\/\/corona1.eu\/de\/wp-content\/uploads\/2025\/06\/zacisk-uziemiajacy-corona-tb-large-wykonany-ze-stali-nierdzewnej-do-uziemiania-duzych-beczek-i-zbiornikow-oraz-cystern.png","type":"image\/png"}],"twitter_card":"summary_large_image","twitter_misc":{"Gesch\u00e4tzte Lesezeit":"2\u00a0Minuten"},"schema":{"@context":"https:\/\/schema.org","@graph":[{"@type":"WebPage","@id":"https:\/\/corona1.eu\/de\/erdungsklemmen\/erdungsklemme-tb-large\/","url":"https:\/\/corona1.eu\/de\/erdungsklemmen\/erdungsklemme-tb-large\/","name":"Erdungsklemme TB Gro\u00df - CORONA Serwis","isPartOf":{"@id":"https:\/\/corona1.eu\/de\/#website"},"primaryImageOfPage":{"@id":"https:\/\/corona1.eu\/de\/erdungsklemmen\/erdungsklemme-tb-large\/#primaryimage"},"image":{"@id":"https:\/\/corona1.eu\/de\/erdungsklemmen\/erdungsklemme-tb-large\/#primaryimage"},"thumbnailUrl":"https:\/\/corona1.eu\/de\/wp-content\/uploads\/2025\/06\/zacisk-uziemiajacy-corona-tb-large-wykonany-ze-stali-nierdzewnej-do-uziemiania-duzych-beczek-i-zbiornikow-oraz-cystern.png","datePublished":"2025-06-26T11:44:24+00:00","dateModified":"2025-06-26T11:44:49+00:00","breadcrumb":{"@id":"https:\/\/corona1.eu\/de\/erdungsklemmen\/erdungsklemme-tb-large\/#breadcrumb"},"inLanguage":"de","potentialAction":[{"@type":"ReadAction","target":["https:\/\/corona1.eu\/de\/erdungsklemmen\/erdungsklemme-tb-large\/"]}]},{"@type":"ImageObject","inLanguage":"de","@id":"https:\/\/corona1.eu\/de\/erdungsklemmen\/erdungsklemme-tb-large\/#primaryimage","url":"https:\/\/corona1.eu\/de\/wp-content\/uploads\/2025\/06\/zacisk-uziemiajacy-corona-tb-large-wykonany-ze-stali-nierdzewnej-do-uziemiania-duzych-beczek-i-zbiornikow-oraz-cystern.png","contentUrl":"https:\/\/corona1.eu\/de\/wp-content\/uploads\/2025\/06\/zacisk-uziemiajacy-corona-tb-large-wykonany-ze-stali-nierdzewnej-do-uziemiania-duzych-beczek-i-zbiornikow-oraz-cystern.png","width":800,"height":800},{"@type":"BreadcrumbList","@id":"https:\/\/corona1.eu\/de\/erdungsklemmen\/erdungsklemme-tb-large\/#breadcrumb","itemListElement":[{"@type":"ListItem","position":1,"name":"Startseite","item":"https:\/\/corona1.eu\/de\/"},{"@type":"ListItem","position":2,"name":"Erdungsklemmen","item":"https:\/\/corona1.eu\/de\/erdungsklemmen\/"},{"@type":"ListItem","position":3,"name":"Erdungsklemme TB Gro\u00df"}]},{"@type":"WebSite","@id":"https:\/\/corona1.eu\/de\/#website","url":"https:\/\/corona1.eu\/de\/","name":"CORONA Serwis","description":"","potentialAction":[{"@type":"SearchAction","target":{"@type":"EntryPoint","urlTemplate":"https:\/\/corona1.eu\/de\/?s={search_term_string}"},"query-input":{"@type":"PropertyValueSpecification","valueRequired":true,"valueName":"search_term_string"}}],"inLanguage":"de"}]}},"_links":{"self":[{"href":"https:\/\/corona1.eu\/de\/wp-json\/wp\/v2\/pages\/624","targetHints":{"allow":["GET"]}}],"collection":[{"href":"https:\/\/corona1.eu\/de\/wp-json\/wp\/v2\/pages"}],"about":[{"href":"https:\/\/corona1.eu\/de\/wp-json\/wp\/v2\/types\/page"}],"author":[{"embeddable":true,"href":"https:\/\/corona1.eu\/de\/wp-json\/wp\/v2\/users\/1"}],"replies":[{"embeddable":true,"href":"https:\/\/corona1.eu\/de\/wp-json\/wp\/v2\/comments?post=624"}],"version-history":[{"count":2,"href":"https:\/\/corona1.eu\/de\/wp-json\/wp\/v2\/pages\/624\/revisions"}],"predecessor-version":[{"id":627,"href":"https:\/\/corona1.eu\/de\/wp-json\/wp\/v2\/pages\/624\/revisions\/627"}],"up":[{"embeddable":true,"href":"https:\/\/corona1.eu\/de\/wp-json\/wp\/v2\/pages\/609"}],"wp:featuredmedia":[{"embeddable":true,"href":"https:\/\/corona1.eu\/de\/wp-json\/wp\/v2\/media\/625"}],"wp:attachment":[{"href":"https:\/\/corona1.eu\/de\/wp-json\/wp\/v2\/media?parent=624"}],"wp:term":[{"taxonomy":"category","embeddable":true,"href":"https:\/\/corona1.eu\/de\/wp-json\/wp\/v2\/categories?post=624"},{"taxonomy":"post_tag","embeddable":true,"href":"https:\/\/corona1.eu\/de\/wp-json\/wp\/v2\/tags?post=624"}],"curies":[{"name":"wp","href":"https:\/\/api.w.org\/{rel}","templated":true}]}}