{"id":620,"date":"2025-06-26T13:33:36","date_gmt":"2025-06-26T11:33:36","guid":{"rendered":"https:\/\/corona1.eu\/de\/?page_id=620"},"modified":"2025-06-26T13:34:15","modified_gmt":"2025-06-26T11:34:15","slug":"erdungsklemme-tb-medium","status":"publish","type":"page","link":"https:\/\/corona1.eu\/de\/erdungsklemmen\/erdungsklemme-tb-medium\/","title":{"rendered":"Erdungsklemme TB Medium"},"content":{"rendered":"\n\n<p>Erdungszange mit sehr scharfen Z\u00e4hnen, die in der Lage sind, eine Beschichtung von z. B. Farbe zu durchsto\u00dfen. Die gesamte Klemme ist aus rostfreiem Stahl gefertigt. Die Klammer ist mit speziellen L\u00f6chern versehen, damit die<br>die Z\u00e4hne im Ruhezustand nicht auf dem Metall reiben. Dadurch wird ihre Abnutzung verringert. Erdungsklammer<br>TB Medium wird f\u00fcr die Erdung von kleineren Metallbeh\u00e4ltern und Wohnmobilen verwendet.<\/p>\n\n\n\n\n\n<h3 class=\"wp-block-heading\"><strong>Vorteile:<\/strong><\/h3>\n\n\n\n\n\n<ul class=\"wp-block-list\">\n\n<li>V2A-Edelstahl (1.4301).<\/li>\n\n\n\n\n\n<li>Robuste Konstruktion.<\/li>\n\n\n\n\n\n<li>Verzahnung aus geh\u00e4rtetem Edelstahl.<\/li>\n\n\n\n\n\n<li>Beide Zinken auf einer Seite.<\/li>\n\n\n\n\n\n<li>Schutz der Z\u00e4hne in Ruhestellung (gegen\u00fcberliegende Entlastungsbohrungen).<\/li>\n\n\n\n\n\n<li>Hohe Federkraft.<\/li>\n\n<\/ul>\n\n\n\n\n\n<p><\/p>\n\n\n\n\n\n<table class=\"table table-striped table-bordered\">\n                  <tbody>\n                     <tr style=\"font-size: 12px;font-weight: bold\">\n                        <td>Technische Daten:<\/td>\n                        <td>TB Mittel:<\/td>\n                     <\/tr>\n                     <tr style=\"font-size: 12px\">\n                        <td>Gr\u00f6\u00dfe<\/td>\n                        <td>Klammerl\u00e4nge &#8211; 140 mm\nBreite der Backen\u00f6ffnung &#8211; 15 mm<\/td>\n <tr style=\"font-size: 12px\">\n                        <td>Maximaler Kabelquerschnitt<\/td>\n                        <td>Anschluss von Erdungsleitern bis zu 4 mm\u00b2\nmit M4-\u00d6se<\/td>\n<tr style=\"font-size: 12px\">\n                        <td>Ex-Zonen<\/td>\n                        <td>Zone: 1, 21<\/td>\n<tr style=\"font-size: 12px\">\n                        <td>Ex-Bezeichnungen<\/td>\n                        <td>Ex II 2 G Ex h IIA \/ IIB \/ IIC T6 Gb<\/td>\n<tr style=\"font-size: 12px\">\n <td> <\/td>\n<td>Ex II 2 D Ex h IIIC T80\u00b0C Db<\/td>\n                     <\/tr>\n                  <\/tbody>\n               <\/table>\n\n\n\n\n","protected":false},"excerpt":{"rendered":"<p>Erdungszange mit sehr scharfen Z\u00e4hnen, die in der Lage sind, eine Beschichtung von z. B. [&hellip;]<\/p>\n","protected":false},"author":1,"featured_media":621,"parent":609,"menu_order":0,"comment_status":"closed","ping_status":"closed","template":"kg_products_template.php","meta":{"pgc_sgb_lightbox_settings":"","footnotes":""},"categories":[35],"tags":[],"class_list":["post-620","page","type-page","status-publish","has-post-thumbnail","hentry","category-erdungsklemmen"],"yoast_head":"<!-- This site is optimized with the Yoast SEO plugin v27.1.1 - https:\/\/yoast.com\/product\/yoast-seo-wordpress\/ -->\n<title>Erdungsklemme TB Medium - CORONA Serwis<\/title>\n<meta name=\"robots\" content=\"index, follow, max-snippet:-1, max-image-preview:large, max-video-preview:-1\" \/>\n<link rel=\"canonical\" href=\"https:\/\/corona1.eu\/de\/erdungsklemmen\/erdungsklemme-tb-medium\/\" \/>\n<meta property=\"og:locale\" content=\"de_DE\" \/>\n<meta property=\"og:type\" content=\"article\" \/>\n<meta property=\"og:title\" content=\"Erdungsklemme TB Medium - CORONA Serwis\" \/>\n<meta property=\"og:description\" content=\"Erdungszange mit sehr scharfen Z\u00e4hnen, die in der Lage sind, eine Beschichtung von z. B. [&hellip;]\" \/>\n<meta property=\"og:url\" content=\"https:\/\/corona1.eu\/de\/erdungsklemmen\/erdungsklemme-tb-medium\/\" \/>\n<meta property=\"og:site_name\" content=\"CORONA Serwis\" \/>\n<meta property=\"article:modified_time\" content=\"2025-06-26T11:34:15+00:00\" \/>\n<meta property=\"og:image\" content=\"https:\/\/corona1.eu\/de\/wp-content\/uploads\/2025\/06\/timm-medium-bite-erdungszange-1-1-1-scaled-1.jpg\" \/>\n\t<meta property=\"og:image:width\" content=\"2560\" \/>\n\t<meta property=\"og:image:height\" content=\"2560\" \/>\n\t<meta property=\"og:image:type\" content=\"image\/jpeg\" \/>\n<meta name=\"twitter:card\" content=\"summary_large_image\" \/>\n<meta name=\"twitter:label1\" content=\"Gesch\u00e4tzte Lesezeit\" \/>\n\t<meta name=\"twitter:data1\" content=\"1\u00a0Minute\" \/>\n<script type=\"application\/ld+json\" class=\"yoast-schema-graph\">{\"@context\":\"https:\/\/schema.org\",\"@graph\":[{\"@type\":\"WebPage\",\"@id\":\"https:\/\/corona1.eu\/de\/erdungsklemmen\/erdungsklemme-tb-medium\/\",\"url\":\"https:\/\/corona1.eu\/de\/erdungsklemmen\/erdungsklemme-tb-medium\/\",\"name\":\"Erdungsklemme TB Medium - CORONA Serwis\",\"isPartOf\":{\"@id\":\"https:\/\/corona1.eu\/de\/#website\"},\"primaryImageOfPage\":{\"@id\":\"https:\/\/corona1.eu\/de\/erdungsklemmen\/erdungsklemme-tb-medium\/#primaryimage\"},\"image\":{\"@id\":\"https:\/\/corona1.eu\/de\/erdungsklemmen\/erdungsklemme-tb-medium\/#primaryimage\"},\"thumbnailUrl\":\"https:\/\/corona1.eu\/de\/wp-content\/uploads\/2025\/06\/timm-medium-bite-erdungszange-1-1-1-scaled-1.jpg\",\"datePublished\":\"2025-06-26T11:33:36+00:00\",\"dateModified\":\"2025-06-26T11:34:15+00:00\",\"breadcrumb\":{\"@id\":\"https:\/\/corona1.eu\/de\/erdungsklemmen\/erdungsklemme-tb-medium\/#breadcrumb\"},\"inLanguage\":\"de\",\"potentialAction\":[{\"@type\":\"ReadAction\",\"target\":[\"https:\/\/corona1.eu\/de\/erdungsklemmen\/erdungsklemme-tb-medium\/\"]}]},{\"@type\":\"ImageObject\",\"inLanguage\":\"de\",\"@id\":\"https:\/\/corona1.eu\/de\/erdungsklemmen\/erdungsklemme-tb-medium\/#primaryimage\",\"url\":\"https:\/\/corona1.eu\/de\/wp-content\/uploads\/2025\/06\/timm-medium-bite-erdungszange-1-1-1-scaled-1.jpg\",\"contentUrl\":\"https:\/\/corona1.eu\/de\/wp-content\/uploads\/2025\/06\/timm-medium-bite-erdungszange-1-1-1-scaled-1.jpg\",\"width\":2560,\"height\":2560},{\"@type\":\"BreadcrumbList\",\"@id\":\"https:\/\/corona1.eu\/de\/erdungsklemmen\/erdungsklemme-tb-medium\/#breadcrumb\",\"itemListElement\":[{\"@type\":\"ListItem\",\"position\":1,\"name\":\"Startseite\",\"item\":\"https:\/\/corona1.eu\/de\/\"},{\"@type\":\"ListItem\",\"position\":2,\"name\":\"Erdungsklemmen\",\"item\":\"https:\/\/corona1.eu\/de\/erdungsklemmen\/\"},{\"@type\":\"ListItem\",\"position\":3,\"name\":\"Erdungsklemme TB Medium\"}]},{\"@type\":\"WebSite\",\"@id\":\"https:\/\/corona1.eu\/de\/#website\",\"url\":\"https:\/\/corona1.eu\/de\/\",\"name\":\"CORONA Serwis\",\"description\":\"\",\"potentialAction\":[{\"@type\":\"SearchAction\",\"target\":{\"@type\":\"EntryPoint\",\"urlTemplate\":\"https:\/\/corona1.eu\/de\/?s={search_term_string}\"},\"query-input\":{\"@type\":\"PropertyValueSpecification\",\"valueRequired\":true,\"valueName\":\"search_term_string\"}}],\"inLanguage\":\"de\"}]}<\/script>\n<!-- \/ Yoast SEO plugin. -->","yoast_head_json":{"title":"Erdungsklemme TB Medium - CORONA Serwis","robots":{"index":"index","follow":"follow","max-snippet":"max-snippet:-1","max-image-preview":"max-image-preview:large","max-video-preview":"max-video-preview:-1"},"canonical":"https:\/\/corona1.eu\/de\/erdungsklemmen\/erdungsklemme-tb-medium\/","og_locale":"de_DE","og_type":"article","og_title":"Erdungsklemme TB Medium - CORONA Serwis","og_description":"Erdungszange mit sehr scharfen Z\u00e4hnen, die in der Lage sind, eine Beschichtung von z. B. [&hellip;]","og_url":"https:\/\/corona1.eu\/de\/erdungsklemmen\/erdungsklemme-tb-medium\/","og_site_name":"CORONA Serwis","article_modified_time":"2025-06-26T11:34:15+00:00","og_image":[{"width":2560,"height":2560,"url":"https:\/\/corona1.eu\/de\/wp-content\/uploads\/2025\/06\/timm-medium-bite-erdungszange-1-1-1-scaled-1.jpg","type":"image\/jpeg"}],"twitter_card":"summary_large_image","twitter_misc":{"Gesch\u00e4tzte Lesezeit":"1\u00a0Minute"},"schema":{"@context":"https:\/\/schema.org","@graph":[{"@type":"WebPage","@id":"https:\/\/corona1.eu\/de\/erdungsklemmen\/erdungsklemme-tb-medium\/","url":"https:\/\/corona1.eu\/de\/erdungsklemmen\/erdungsklemme-tb-medium\/","name":"Erdungsklemme TB Medium - CORONA Serwis","isPartOf":{"@id":"https:\/\/corona1.eu\/de\/#website"},"primaryImageOfPage":{"@id":"https:\/\/corona1.eu\/de\/erdungsklemmen\/erdungsklemme-tb-medium\/#primaryimage"},"image":{"@id":"https:\/\/corona1.eu\/de\/erdungsklemmen\/erdungsklemme-tb-medium\/#primaryimage"},"thumbnailUrl":"https:\/\/corona1.eu\/de\/wp-content\/uploads\/2025\/06\/timm-medium-bite-erdungszange-1-1-1-scaled-1.jpg","datePublished":"2025-06-26T11:33:36+00:00","dateModified":"2025-06-26T11:34:15+00:00","breadcrumb":{"@id":"https:\/\/corona1.eu\/de\/erdungsklemmen\/erdungsklemme-tb-medium\/#breadcrumb"},"inLanguage":"de","potentialAction":[{"@type":"ReadAction","target":["https:\/\/corona1.eu\/de\/erdungsklemmen\/erdungsklemme-tb-medium\/"]}]},{"@type":"ImageObject","inLanguage":"de","@id":"https:\/\/corona1.eu\/de\/erdungsklemmen\/erdungsklemme-tb-medium\/#primaryimage","url":"https:\/\/corona1.eu\/de\/wp-content\/uploads\/2025\/06\/timm-medium-bite-erdungszange-1-1-1-scaled-1.jpg","contentUrl":"https:\/\/corona1.eu\/de\/wp-content\/uploads\/2025\/06\/timm-medium-bite-erdungszange-1-1-1-scaled-1.jpg","width":2560,"height":2560},{"@type":"BreadcrumbList","@id":"https:\/\/corona1.eu\/de\/erdungsklemmen\/erdungsklemme-tb-medium\/#breadcrumb","itemListElement":[{"@type":"ListItem","position":1,"name":"Startseite","item":"https:\/\/corona1.eu\/de\/"},{"@type":"ListItem","position":2,"name":"Erdungsklemmen","item":"https:\/\/corona1.eu\/de\/erdungsklemmen\/"},{"@type":"ListItem","position":3,"name":"Erdungsklemme TB Medium"}]},{"@type":"WebSite","@id":"https:\/\/corona1.eu\/de\/#website","url":"https:\/\/corona1.eu\/de\/","name":"CORONA Serwis","description":"","potentialAction":[{"@type":"SearchAction","target":{"@type":"EntryPoint","urlTemplate":"https:\/\/corona1.eu\/de\/?s={search_term_string}"},"query-input":{"@type":"PropertyValueSpecification","valueRequired":true,"valueName":"search_term_string"}}],"inLanguage":"de"}]}},"_links":{"self":[{"href":"https:\/\/corona1.eu\/de\/wp-json\/wp\/v2\/pages\/620","targetHints":{"allow":["GET"]}}],"collection":[{"href":"https:\/\/corona1.eu\/de\/wp-json\/wp\/v2\/pages"}],"about":[{"href":"https:\/\/corona1.eu\/de\/wp-json\/wp\/v2\/types\/page"}],"author":[{"embeddable":true,"href":"https:\/\/corona1.eu\/de\/wp-json\/wp\/v2\/users\/1"}],"replies":[{"embeddable":true,"href":"https:\/\/corona1.eu\/de\/wp-json\/wp\/v2\/comments?post=620"}],"version-history":[{"count":2,"href":"https:\/\/corona1.eu\/de\/wp-json\/wp\/v2\/pages\/620\/revisions"}],"predecessor-version":[{"id":623,"href":"https:\/\/corona1.eu\/de\/wp-json\/wp\/v2\/pages\/620\/revisions\/623"}],"up":[{"embeddable":true,"href":"https:\/\/corona1.eu\/de\/wp-json\/wp\/v2\/pages\/609"}],"wp:featuredmedia":[{"embeddable":true,"href":"https:\/\/corona1.eu\/de\/wp-json\/wp\/v2\/media\/621"}],"wp:attachment":[{"href":"https:\/\/corona1.eu\/de\/wp-json\/wp\/v2\/media?parent=620"}],"wp:term":[{"taxonomy":"category","embeddable":true,"href":"https:\/\/corona1.eu\/de\/wp-json\/wp\/v2\/categories?post=620"},{"taxonomy":"post_tag","embeddable":true,"href":"https:\/\/corona1.eu\/de\/wp-json\/wp\/v2\/tags?post=620"}],"curies":[{"name":"wp","href":"https:\/\/api.w.org\/{rel}","templated":true}]}}