{"id":609,"date":"2025-06-26T12:22:05","date_gmt":"2025-06-26T10:22:05","guid":{"rendered":"https:\/\/corona1.eu\/de\/?page_id=609"},"modified":"2025-10-21T13:08:15","modified_gmt":"2025-10-21T11:08:15","slug":"erdungsklemmen","status":"publish","type":"page","link":"https:\/\/corona1.eu\/de\/erdungsklemmen\/","title":{"rendered":"Erdungsklemmen"},"content":{"rendered":"\n<h2 class=\"wp-block-heading\">EX-Erdungsklammern<\/h2>\n\n\n\n<p><strong>Erdungsklammern<\/strong> werden verwendet, um elektrostatische Ladungen von Metalltanks, F\u00e4ssern, Mischern und Zisternen w\u00e4hrend des Be- und Entladevorgangs abzuleiten. Ihr Zweck ist es, eine dauerhafte Verbindung zwischen dem zu erdenden Gegenstand und der Erde herzustellen, um den Aufbau elektrostatischer Ladungen zu verhindern und das Risiko einer Explosion oder eines Brandes zu minimieren.<br><br>Erdungsklemmen werden in der Regel komplett mit einem Erdungsspiralkabel geliefert. Die Klemme besteht aus rostfreiem Stahl und hat sehr scharfe Z\u00e4hne, die eine Farb- oder Rostschicht durchsto\u00dfen und eine dauerhafte Verbindung mit der Metalloberfl\u00e4che gew\u00e4hrleisten. Das Erdungskabel ist aus Kupfer oder Stahl gefertigt, das ein guter Leiter ist. Au\u00dferdem ist es durch eine spezielle Beschichtung isoliert, die gegen viele mechanische und chemische Einfl\u00fcsse resistent ist.<\/p>\n\n\n\n<div class=\"schema-faq wp-block-yoast-faq-block\">\n    <div class=\"schema-faq-section\" id=\"faq-question-1662982154156\"><strong class=\"schema-faq-question\">Grunds\u00e4tze f\u00fcr\n            den Einsatz von Erdungsklammern<\/strong>\n        <p class=\"schema-faq-answer\">Bei Prozessvorg\u00e4ngen wie dem Mischen, Umf\u00fcllen oder Be- und Entladen von Tanks\n            sollten Erdungsklammern an bestimmten Stellen angebracht werden. Je nach Art des Prozesses oder den\n            Sicherheitsanforderungen der Industrieanlage werden entweder nur Erdungsklemmen mit Kabel oder komplette\n            Erdungssysteme verwendet, die neben der Klemme und dem Kabel auch \u00fcber Erdungs\u00fcberwachungseinheiten\n            verf\u00fcgen.<br \/><br \/>Erdungsklemmen sind sehr wichtig, um die Sicherheit von Be- und Entladevorg\u00e4ngen bei\n            Stra\u00dfen- und Eisenbahntankwagen und anderen Prozessen zu gew\u00e4hrleisten, bei denen brennbare Stoffe\n            gehandhabt werden. Alle Bauteile, an die die Erdungsklemme angeschlossen ist, m\u00fcssen in gutem Zustand sein,\n            um eine dauerhafte Verbindung und eine zuverl\u00e4ssige Ableitung statischer Elektrizit\u00e4t zu gew\u00e4hrleisten.\n            Au\u00dferdem ist es wichtig, dass die Erdungsklemmen regelm\u00e4\u00dfig \u00fcberpr\u00fcft und bei Besch\u00e4digung oder Defekt\n            ausgetauscht werden.<\/p>\n    <\/div>\n    <div class=\"schema-faq-section\" id=\"faq-question-1662982221180\"><strong class=\"schema-faq-question\">Je nach\n            Verwendungszweck werden verschiedene Arten von Klemmen unter schieden:<\/strong>\n            <p class=\"schema-faq-answer\">&#8211; ex-Erdungsklemmen f\u00fcr Tanks,<br \/>&#8211; Ex-Erdungsklemmen f\u00fcr Metallf\u00e4sser und\n            -container,<br \/>&#8211; Ex-Erdungsklemmen f\u00fcr IBC-Tanks und Big Bags vom Typ C,<br \/>&#8211;\n            Ex-Mini-Erdungsklemmen,<br \/>&#8211; Ex-Magnet-Erdungsklemmen<br \/><br \/>Optional kann die Klemme zum Schutz vor\n            chemischen Einwirkungen und Witterungseinfl\u00fcssen mit einer Isolierabdeckung aus Nitrilkautschuk versehen\n            werden. Die Abdeckung ist best\u00e4ndig gegen hohe Temperaturen und Substanzen auf\n            Mineral\u00f6lbasis.<br \/><br \/>Dar\u00fcber hinaus liefern wir Kunststoffstifte zum Aufh\u00e4ngen der Klemmen. Bei den\n            oben genannten Anwendungen werden die Klemmen mit den Erdungsleitern verbunden. Sie sind auch Teil von\n            kompletten Systemen zur \u00dcberwachung des Erdungszustandes.<\/p>\n    <\/div>\n<\/div>\n\n\n\n<p><\/p>\n","protected":false},"excerpt":{"rendered":"<p>EX-Erdungsklammern Erdungsklammern werden verwendet, um elektrostatische Ladungen von Metalltanks, F\u00e4ssern, Mischern und Zisternen w\u00e4hrend des [&hellip;]<\/p>\n","protected":false},"author":1,"featured_media":610,"parent":0,"menu_order":0,"comment_status":"closed","ping_status":"closed","template":"kg_products_list_template.php","meta":{"pgc_sgb_lightbox_settings":"","footnotes":""},"categories":[35,2],"tags":[],"class_list":["post-609","page","type-page","status-publish","has-post-thumbnail","hentry","category-erdungsklemmen","category-zprodukty"],"yoast_head":"<!-- This site is optimized with the Yoast SEO plugin v27.1.1 - https:\/\/yoast.com\/product\/yoast-seo-wordpress\/ -->\n<title>Erdungsklemmen - CORONA Serwis<\/title>\n<meta name=\"description\" content=\"ATEX-zertifizierte Edelstahl-Erdungsklemmen - zuverl\u00e4ssige elektrostatische Ableitung.\" \/>\n<meta name=\"robots\" content=\"index, follow, max-snippet:-1, max-image-preview:large, max-video-preview:-1\" \/>\n<link rel=\"canonical\" href=\"https:\/\/corona1.eu\/de\/erdungsklemmen\/\" \/>\n<meta property=\"og:locale\" content=\"de_DE\" \/>\n<meta property=\"og:type\" content=\"article\" \/>\n<meta property=\"og:title\" content=\"Erdungsklemmen - CORONA Serwis\" \/>\n<meta property=\"og:description\" content=\"ATEX-zertifizierte Edelstahl-Erdungsklemmen - zuverl\u00e4ssige elektrostatische Ableitung.\" \/>\n<meta property=\"og:url\" content=\"https:\/\/corona1.eu\/de\/erdungsklemmen\/\" \/>\n<meta property=\"og:site_name\" content=\"CORONA Serwis\" \/>\n<meta property=\"article:modified_time\" content=\"2025-10-21T11:08:15+00:00\" \/>\n<meta property=\"og:image\" content=\"https:\/\/corona1.eu\/de\/wp-content\/uploads\/2025\/06\/zacisk-uziemiajacy-corona-tb-round-wykonany-ze-stali-nierdzewnej-do-uziemiania-zbiornikow-ibc.png\" \/>\n\t<meta property=\"og:image:width\" content=\"800\" \/>\n\t<meta property=\"og:image:height\" content=\"800\" \/>\n\t<meta property=\"og:image:type\" content=\"image\/png\" \/>\n<meta name=\"twitter:card\" content=\"summary_large_image\" \/>\n<meta name=\"twitter:label1\" content=\"Gesch\u00e4tzte Lesezeit\" \/>\n\t<meta name=\"twitter:data1\" content=\"3\u00a0Minuten\" \/>\n<script type=\"application\/ld+json\" class=\"yoast-schema-graph\">{\"@context\":\"https:\/\/schema.org\",\"@graph\":[{\"@type\":\"WebPage\",\"@id\":\"https:\/\/corona1.eu\/de\/erdungsklemmen\/\",\"url\":\"https:\/\/corona1.eu\/de\/erdungsklemmen\/\",\"name\":\"Erdungsklemmen - CORONA Serwis\",\"isPartOf\":{\"@id\":\"https:\/\/corona1.eu\/de\/#website\"},\"primaryImageOfPage\":{\"@id\":\"https:\/\/corona1.eu\/de\/erdungsklemmen\/#primaryimage\"},\"image\":{\"@id\":\"https:\/\/corona1.eu\/de\/erdungsklemmen\/#primaryimage\"},\"thumbnailUrl\":\"https:\/\/corona1.eu\/de\/wp-content\/uploads\/2025\/06\/zacisk-uziemiajacy-corona-tb-round-wykonany-ze-stali-nierdzewnej-do-uziemiania-zbiornikow-ibc.png\",\"datePublished\":\"2025-06-26T10:22:05+00:00\",\"dateModified\":\"2025-10-21T11:08:15+00:00\",\"description\":\"ATEX-zertifizierte Edelstahl-Erdungsklemmen - zuverl\u00e4ssige elektrostatische Ableitung.\",\"breadcrumb\":{\"@id\":\"https:\/\/corona1.eu\/de\/erdungsklemmen\/#breadcrumb\"},\"inLanguage\":\"de\",\"potentialAction\":[{\"@type\":\"ReadAction\",\"target\":[\"https:\/\/corona1.eu\/de\/erdungsklemmen\/\"]}]},{\"@type\":\"ImageObject\",\"inLanguage\":\"de\",\"@id\":\"https:\/\/corona1.eu\/de\/erdungsklemmen\/#primaryimage\",\"url\":\"https:\/\/corona1.eu\/de\/wp-content\/uploads\/2025\/06\/zacisk-uziemiajacy-corona-tb-round-wykonany-ze-stali-nierdzewnej-do-uziemiania-zbiornikow-ibc.png\",\"contentUrl\":\"https:\/\/corona1.eu\/de\/wp-content\/uploads\/2025\/06\/zacisk-uziemiajacy-corona-tb-round-wykonany-ze-stali-nierdzewnej-do-uziemiania-zbiornikow-ibc.png\",\"width\":800,\"height\":800},{\"@type\":\"BreadcrumbList\",\"@id\":\"https:\/\/corona1.eu\/de\/erdungsklemmen\/#breadcrumb\",\"itemListElement\":[{\"@type\":\"ListItem\",\"position\":1,\"name\":\"Startseite\",\"item\":\"https:\/\/corona1.eu\/de\/\"},{\"@type\":\"ListItem\",\"position\":2,\"name\":\"Erdungsklemmen\"}]},{\"@type\":\"WebSite\",\"@id\":\"https:\/\/corona1.eu\/de\/#website\",\"url\":\"https:\/\/corona1.eu\/de\/\",\"name\":\"CORONA Serwis\",\"description\":\"\",\"potentialAction\":[{\"@type\":\"SearchAction\",\"target\":{\"@type\":\"EntryPoint\",\"urlTemplate\":\"https:\/\/corona1.eu\/de\/?s={search_term_string}\"},\"query-input\":{\"@type\":\"PropertyValueSpecification\",\"valueRequired\":true,\"valueName\":\"search_term_string\"}}],\"inLanguage\":\"de\"}]}<\/script>\n<!-- \/ Yoast SEO plugin. -->","yoast_head_json":{"title":"Erdungsklemmen - CORONA Serwis","description":"ATEX-zertifizierte Edelstahl-Erdungsklemmen - zuverl\u00e4ssige elektrostatische Ableitung.","robots":{"index":"index","follow":"follow","max-snippet":"max-snippet:-1","max-image-preview":"max-image-preview:large","max-video-preview":"max-video-preview:-1"},"canonical":"https:\/\/corona1.eu\/de\/erdungsklemmen\/","og_locale":"de_DE","og_type":"article","og_title":"Erdungsklemmen - CORONA Serwis","og_description":"ATEX-zertifizierte Edelstahl-Erdungsklemmen - zuverl\u00e4ssige elektrostatische Ableitung.","og_url":"https:\/\/corona1.eu\/de\/erdungsklemmen\/","og_site_name":"CORONA Serwis","article_modified_time":"2025-10-21T11:08:15+00:00","og_image":[{"width":800,"height":800,"url":"https:\/\/corona1.eu\/de\/wp-content\/uploads\/2025\/06\/zacisk-uziemiajacy-corona-tb-round-wykonany-ze-stali-nierdzewnej-do-uziemiania-zbiornikow-ibc.png","type":"image\/png"}],"twitter_card":"summary_large_image","twitter_misc":{"Gesch\u00e4tzte Lesezeit":"3\u00a0Minuten"},"schema":{"@context":"https:\/\/schema.org","@graph":[{"@type":"WebPage","@id":"https:\/\/corona1.eu\/de\/erdungsklemmen\/","url":"https:\/\/corona1.eu\/de\/erdungsklemmen\/","name":"Erdungsklemmen - CORONA Serwis","isPartOf":{"@id":"https:\/\/corona1.eu\/de\/#website"},"primaryImageOfPage":{"@id":"https:\/\/corona1.eu\/de\/erdungsklemmen\/#primaryimage"},"image":{"@id":"https:\/\/corona1.eu\/de\/erdungsklemmen\/#primaryimage"},"thumbnailUrl":"https:\/\/corona1.eu\/de\/wp-content\/uploads\/2025\/06\/zacisk-uziemiajacy-corona-tb-round-wykonany-ze-stali-nierdzewnej-do-uziemiania-zbiornikow-ibc.png","datePublished":"2025-06-26T10:22:05+00:00","dateModified":"2025-10-21T11:08:15+00:00","description":"ATEX-zertifizierte Edelstahl-Erdungsklemmen - zuverl\u00e4ssige elektrostatische Ableitung.","breadcrumb":{"@id":"https:\/\/corona1.eu\/de\/erdungsklemmen\/#breadcrumb"},"inLanguage":"de","potentialAction":[{"@type":"ReadAction","target":["https:\/\/corona1.eu\/de\/erdungsklemmen\/"]}]},{"@type":"ImageObject","inLanguage":"de","@id":"https:\/\/corona1.eu\/de\/erdungsklemmen\/#primaryimage","url":"https:\/\/corona1.eu\/de\/wp-content\/uploads\/2025\/06\/zacisk-uziemiajacy-corona-tb-round-wykonany-ze-stali-nierdzewnej-do-uziemiania-zbiornikow-ibc.png","contentUrl":"https:\/\/corona1.eu\/de\/wp-content\/uploads\/2025\/06\/zacisk-uziemiajacy-corona-tb-round-wykonany-ze-stali-nierdzewnej-do-uziemiania-zbiornikow-ibc.png","width":800,"height":800},{"@type":"BreadcrumbList","@id":"https:\/\/corona1.eu\/de\/erdungsklemmen\/#breadcrumb","itemListElement":[{"@type":"ListItem","position":1,"name":"Startseite","item":"https:\/\/corona1.eu\/de\/"},{"@type":"ListItem","position":2,"name":"Erdungsklemmen"}]},{"@type":"WebSite","@id":"https:\/\/corona1.eu\/de\/#website","url":"https:\/\/corona1.eu\/de\/","name":"CORONA Serwis","description":"","potentialAction":[{"@type":"SearchAction","target":{"@type":"EntryPoint","urlTemplate":"https:\/\/corona1.eu\/de\/?s={search_term_string}"},"query-input":{"@type":"PropertyValueSpecification","valueRequired":true,"valueName":"search_term_string"}}],"inLanguage":"de"}]}},"_links":{"self":[{"href":"https:\/\/corona1.eu\/de\/wp-json\/wp\/v2\/pages\/609","targetHints":{"allow":["GET"]}}],"collection":[{"href":"https:\/\/corona1.eu\/de\/wp-json\/wp\/v2\/pages"}],"about":[{"href":"https:\/\/corona1.eu\/de\/wp-json\/wp\/v2\/types\/page"}],"author":[{"embeddable":true,"href":"https:\/\/corona1.eu\/de\/wp-json\/wp\/v2\/users\/1"}],"replies":[{"embeddable":true,"href":"https:\/\/corona1.eu\/de\/wp-json\/wp\/v2\/comments?post=609"}],"version-history":[{"count":4,"href":"https:\/\/corona1.eu\/de\/wp-json\/wp\/v2\/pages\/609\/revisions"}],"predecessor-version":[{"id":614,"href":"https:\/\/corona1.eu\/de\/wp-json\/wp\/v2\/pages\/609\/revisions\/614"}],"wp:featuredmedia":[{"embeddable":true,"href":"https:\/\/corona1.eu\/de\/wp-json\/wp\/v2\/media\/610"}],"wp:attachment":[{"href":"https:\/\/corona1.eu\/de\/wp-json\/wp\/v2\/media?parent=609"}],"wp:term":[{"taxonomy":"category","embeddable":true,"href":"https:\/\/corona1.eu\/de\/wp-json\/wp\/v2\/categories?post=609"},{"taxonomy":"post_tag","embeddable":true,"href":"https:\/\/corona1.eu\/de\/wp-json\/wp\/v2\/tags?post=609"}],"curies":[{"name":"wp","href":"https:\/\/api.w.org\/{rel}","templated":true}]}}