{"id":600,"date":"2025-06-26T11:42:57","date_gmt":"2025-06-26T09:42:57","guid":{"rendered":"https:\/\/corona1.eu\/de\/?page_id=600"},"modified":"2025-06-26T11:43:24","modified_gmt":"2025-06-26T09:43:24","slug":"timm-bite-smart-led-batterie-bodenkontrollsystem","status":"publish","type":"page","link":"https:\/\/corona1.eu\/de\/erdungskontrollsystem\/timm-bite-smart-led-batterie-bodenkontrollsystem\/","title":{"rendered":"Timm Bite Smart LED Batterie Bodenkontrollsystem"},"content":{"rendered":"\n\n<p>Die elektrostatische Erdung tr\u00e4gt dazu bei, den Prozess des Bef\u00fcllens oder Entleerens von leitf\u00e4higen Beh\u00e4ltern, IBC oder F\u00e4ssern wirksam vor Explosionen zu sch\u00fctzen, die durch statische Elektrizit\u00e4t verursacht werden.<\/p>\n\n\n\n\n\n<p>Elektrostatische Aufladung tritt auf, wenn brennbare Fl\u00fcssigkeiten oder Sch\u00fcttg\u00fcter in oder aus Beh\u00e4ltern transportiert, abgef\u00fcllt, umgef\u00fcllt oder gemischt werden. Bei solchen Vorg\u00e4ngen besteht die Gefahr einer pl\u00f6tzlichen und unkontrollierten elektrostatischen Entladung, z. B. eines Funkens. Solche Entladungen k\u00f6nnen gen\u00fcgend Energie freisetzen, um eine explosionsf\u00e4hige Atmosph\u00e4re zu entz\u00fcnden.<\/p>\n\n\n\n\n\n<p>Die elektrostatische Erdung wird als vorbeugende Ma\u00dfnahme des Explosionsschutzes eingesetzt, um elektrostatische Ladungen kontrolliert und sicher abzuleiten. Dadurch wird eine unkontrollierte Entladung statischer Elektrizit\u00e4t verhindert und die Gefahr der Z\u00fcndung einer explosionsf\u00e4higen Atmosph\u00e4re verringert.<\/p>\n\n\n\n<div class=\"pgc-sgb-cb wp-block-pgcsimplygalleryblock-grid \" data-gallery-id=\"43949447\"><div class=\"sgb-preloader\" id=\"pr_43949447\">\n\t<div class=\"sgb-square\" style=\"background:#d4d4d4\"><\/div>\n\t<div class=\"sgb-square\" style=\"background:#d4d4d4\"><\/div>\n\t<div class=\"sgb-square\" style=\"background:#d4d4d4\"><\/div>\n\t<div class=\"sgb-square\" style=\"background:#d4d4d4\"><\/div><\/div><div class=\"simply-gallery-amp pgc_sgb_slider \"><noscript><div class=\"sgb-gallery\"><div class=\"sgb-item\"><a href=\"https:\/\/corona1.eu\/?attachment_id=5006\" target=\"_blank\"><img decoding=\"async\" alt=\"\" width=\"300\" height=\"209\" loading=\"lazy\" src=\"https:\/\/corona1.eu\/wp-content\/uploads\/2025\/04\/mailingassets_f76d6467424a42d439bc3cbfd85921b9fbd8464b-300x209.png\" srcset=\"https:\/\/corona1.eu\/wp-content\/uploads\/2025\/04\/mailingassets_f76d6467424a42d439bc3cbfd85921b9fbd8464b-300x209.png 300w,https:\/\/corona1.eu\/wp-content\/uploads\/2025\/04\/mailingassets_f76d6467424a42d439bc3cbfd85921b9fbd8464b.png 640w\" sizes=\"auto, 250px\"\/><\/a><\/div><div class=\"sgb-item\"><a href=\"https:\/\/corona1.eu\/?attachment_id=5007\" target=\"_blank\"><img decoding=\"async\" alt=\"\" width=\"300\" height=\"225\" loading=\"lazy\" src=\"https:\/\/corona1.eu\/wp-content\/uploads\/2025\/04\/mailingassets_00e481da604e7e9bda9ddc8db2753bc0eee3f6ed-300x225.jpg\" srcset=\"https:\/\/corona1.eu\/wp-content\/uploads\/2025\/04\/mailingassets_00e481da604e7e9bda9ddc8db2753bc0eee3f6ed-300x225.jpg 300w,https:\/\/corona1.eu\/wp-content\/uploads\/2025\/04\/mailingassets_00e481da604e7e9bda9ddc8db2753bc0eee3f6ed.jpg 640w\" sizes=\"auto, 250px\"\/><\/a><\/div><div class=\"sgb-item\"><a href=\"https:\/\/corona1.eu\/?attachment_id=5008\" target=\"_blank\"><img decoding=\"async\" alt=\"\" width=\"300\" height=\"200\" loading=\"lazy\" src=\"https:\/\/corona1.eu\/wp-content\/uploads\/2025\/04\/0472_2-6-300x200.jpg\" srcset=\"https:\/\/corona1.eu\/wp-content\/uploads\/2025\/04\/0472_2-6-300x200.jpg 300w,https:\/\/corona1.eu\/wp-content\/uploads\/2025\/04\/0472_2-6-1024x683.jpg 1024w,https:\/\/corona1.eu\/wp-content\/uploads\/2025\/04\/0472_2-6.jpg 1920w\" sizes=\"auto, 250px\"\/><\/a><\/div><\/div><\/noscript><\/div><script type=\"application\/json\" class=\"sgb-data\">{\"collectionThumbSubMenuDownload\":false,\"collectionThumbSubMenuShare\":false,\"galleryType\":\"pgc_sgb_grid\",\"galleryId\":\"43949447\",\"images\":[{\"id\":5006,\"title\":\"mailingassets_f76d6467424a42d439bc3cbfd85921b9fbd8464b\",\"url\":\"https:\/\/corona1.eu\/wp-content\/uploads\/2025\/04\/mailingassets_f76d6467424a42d439bc3cbfd85921b9fbd8464b.png\",\"link\":\"https:\/\/corona1.eu\/?attachment_id=5006\",\"alt\":\"\",\"description\":\"\",\"caption\":\"\",\"mime\":\"image\/png\",\"type\":\"image\",\"width\":640,\"height\":446,\"sizes\":{\"thumbnail\":{\"height\":150,\"width\":150,\"url\":\"https:\/\/corona1.eu\/wp-content\/uploads\/2025\/04\/mailingassets_f76d6467424a42d439bc3cbfd85921b9fbd8464b-150x150.png\",\"orientation\":\"landscape\"},\"medium\":{\"height\":209,\"width\":300,\"url\":\"https:\/\/corona1.eu\/wp-content\/uploads\/2025\/04\/mailingassets_f76d6467424a42d439bc3cbfd85921b9fbd8464b-300x209.png\",\"orientation\":\"landscape\"},\"full\":{\"url\":\"https:\/\/corona1.eu\/wp-content\/uploads\/2025\/04\/mailingassets_f76d6467424a42d439bc3cbfd85921b9fbd8464b.png\",\"height\":446,\"width\":640,\"orientation\":\"landscape\"}},\"imageMeta\":{\"aperture\":\"0\",\"credit\":\"\",\"camera\":\"\",\"caption\":\"\",\"created_timestamp\":\"0\",\"copyright\":\"\",\"focal_length\":\"0\",\"iso\":\"0\",\"shutter_speed\":\"0\",\"title\":\"\",\"orientation\":\"0\",\"keywords\":[]},\"meta\":false,\"postlink\":\"https:\/\/corona1.eu\/?attachment_id=5006\"},{\"id\":5007,\"title\":\"mailingassets_00e481da604e7e9bda9ddc8db2753bc0eee3f6ed\",\"url\":\"https:\/\/corona1.eu\/wp-content\/uploads\/2025\/04\/mailingassets_00e481da604e7e9bda9ddc8db2753bc0eee3f6ed.jpg\",\"link\":\"https:\/\/corona1.eu\/?attachment_id=5007\",\"alt\":\"\",\"description\":\"\",\"caption\":\"\",\"mime\":\"image\/jpeg\",\"type\":\"image\",\"width\":640,\"height\":480,\"sizes\":{\"thumbnail\":{\"height\":150,\"width\":150,\"url\":\"https:\/\/corona1.eu\/wp-content\/uploads\/2025\/04\/mailingassets_00e481da604e7e9bda9ddc8db2753bc0eee3f6ed-150x150.jpg\",\"orientation\":\"landscape\"},\"medium\":{\"height\":225,\"width\":300,\"url\":\"https:\/\/corona1.eu\/wp-content\/uploads\/2025\/04\/mailingassets_00e481da604e7e9bda9ddc8db2753bc0eee3f6ed-300x225.jpg\",\"orientation\":\"landscape\"},\"full\":{\"url\":\"https:\/\/corona1.eu\/wp-content\/uploads\/2025\/04\/mailingassets_00e481da604e7e9bda9ddc8db2753bc0eee3f6ed.jpg\",\"height\":480,\"width\":640,\"orientation\":\"landscape\"}},\"imageMeta\":{\"aperture\":\"0\",\"credit\":\"\",\"camera\":\"\",\"caption\":\"\",\"created_timestamp\":\"0\",\"copyright\":\"\",\"focal_length\":\"0\",\"iso\":\"0\",\"shutter_speed\":\"0\",\"title\":\"\",\"orientation\":\"0\",\"keywords\":[]},\"meta\":false,\"postlink\":\"https:\/\/corona1.eu\/?attachment_id=5007\"},{\"id\":5008,\"title\":\"0472_2-6\",\"url\":\"https:\/\/corona1.eu\/wp-content\/uploads\/2025\/04\/0472_2-6.jpg\",\"link\":\"https:\/\/corona1.eu\/?attachment_id=5008\",\"alt\":\"\",\"description\":\"\",\"caption\":\"\",\"mime\":\"image\/jpeg\",\"type\":\"image\",\"width\":1920,\"height\":1280,\"sizes\":{\"thumbnail\":{\"height\":150,\"width\":150,\"url\":\"https:\/\/corona1.eu\/wp-content\/uploads\/2025\/04\/0472_2-6-150x150.jpg\",\"orientation\":\"landscape\"},\"medium\":{\"height\":200,\"width\":300,\"url\":\"https:\/\/corona1.eu\/wp-content\/uploads\/2025\/04\/0472_2-6-300x200.jpg\",\"orientation\":\"landscape\"},\"large\":{\"height\":683,\"width\":1024,\"url\":\"https:\/\/corona1.eu\/wp-content\/uploads\/2025\/04\/0472_2-6-1024x683.jpg\",\"orientation\":\"landscape\"},\"full\":{\"url\":\"https:\/\/corona1.eu\/wp-content\/uploads\/2025\/04\/0472_2-6.jpg\",\"height\":1280,\"width\":1920,\"orientation\":\"landscape\"}},\"imageMeta\":{\"aperture\":\"0\",\"credit\":\"erik krueger\",\"camera\":\"\",\"caption\":\"\",\"created_timestamp\":\"0\",\"copyright\":\"erik krueger\",\"focal_length\":\"0\",\"iso\":\"0\",\"shutter_speed\":\"0\",\"title\":\"\",\"orientation\":\"0\",\"keywords\":[]},\"meta\":false,\"postlink\":\"https:\/\/corona1.eu\/?attachment_id=5008\"}],\"itemsMetaDataCollection\":[]}<\/script><script>(function(){if(window.PGC_SGB && window.PGC_SGB.searcher){window.PGC_SGB.searcher.initBlocks()}})()<\/script><\/div>\n\n\n\n\n<p><\/p>\n\n\n\n\n\n<p>Mit der revolution\u00e4ren Timm Bite Smart LED l\u00e4sst sich in explosionsgef\u00e4hrdeten Bereichen einfach und schnell \u00fcberpr\u00fcfen, ob die Erdungsverbindung vollst\u00e4ndig sicher ist. Die Innovation dieses Ger\u00e4ts besteht darin, dass es an Orten eingesetzt werden kann, an denen die Verwendung eines herk\u00f6mmlichen Erdungskontrollsystems aufgrund des fehlenden Zugangs zur Stromversorgung nicht m\u00f6glich ist oder wo eine herk\u00f6mmliche L\u00f6sung nicht wirtschaftlich ist.<\/p>\n\n\n\n\n\n<p><strong>Das Systemprinzip<\/strong><\/p>\n\n\n\n\n\n<p>Das Timm Bite Smart LED Erdungskontrollsystem informiert den Betreiber mittels eingebauter LEDs kontinuierlich \u00fcber den aktuellen Zustand des geerdeten Bauteils.<\/p>\n\n\n\n\n\n<p>\u00dcbersteigt der Widerstand 10 \u03a9, informiert die Smart LED den Anwender mit einem roten Blinklicht. Wenn der Widerstandswert unter den sicheren Grenzwert von 10 \u03a9 f\u00e4llt, wird die korrekte Erdung durch gr\u00fcne LEDs signalisiert. Orange signalisiert die Notwendigkeit, die Batterien zu ersetzen.<\/p>\n\n\n\n\n\n<p>Das SMART LED-Ger\u00e4t ist in zwei Versionen erh\u00e4ltlich:<\/p>\n\n\n\n\n\n<ul class=\"wp-block-list\">\n\n<li>mobile Version,<\/li>\n\n\n\n\n\n<li>version f\u00fcr die Wandmontage (diese L\u00f6sung verf\u00fcgt \u00fcber eine spezielle Parkstation zum Aufh\u00e4ngen des \u00dcberwachungsmoduls und Aufh\u00e4nger f\u00fcr die Erdungsklemmen).<\/li>\n\n<\/ul>\n\n\n\n\n\n<p><\/p>\n\n\n\n\n\n<p>Der TIMM BITE Smart LED wird von einer 3,6 V Lithiumbatterie gespeist, die f\u00fcr Langzeitanwendungen ausgelegt ist und dem System eine Betriebsdauer von ca. 36 Monaten bei einem Betriebsmodus von 6 Stunden pro Tag erm\u00f6glicht.<\/p>\n\n\n\n\n\n<p>Der Messkreislauf ist auf Energieeffizienz ausgelegt, daher verf\u00fcgt das Ger\u00e4t \u00fcber einen integrierten Bewegungssensor, der eine extrem lange Batterielebensdauer gew\u00e4hrleistet.<\/p>\n\n\n\n\n\n<p>Das System ist werkseitig auf einen Blinkzyklus alle 4 Sekunden eingestellt, was einen energiesparenden Modus darstellt. Es gibt auch eine Einstellfunktion, mit der die Lichtimpulse verl\u00e4ngert oder verk\u00fcrzt werden k\u00f6nnen, was allerdings mit einem h\u00f6heren Energieverbrauch verbunden ist.<\/p>\n\n\n\n\n\n<p><strong>Systemkomponenten:<\/strong><\/p>\n\n\n\n\n\n<p>Das TIMM BITE Smart LED \u00dcberwachungsmodul besteht aus einem Hauptgeh\u00e4use (R\u00f6hre) aus Aluminium, was das Gewicht minimiert, und einem transparenten Display, hinter dem sich 3 LEDs befinden. Diese sind so angeordnet, dass sie von allen Seiten des Ger\u00e4tes zu sehen sind, was einen 360\u00b0 Lichteffekt ergibt.<\/p>\n\n\n\n\n\n<p>Das Hauptgeh\u00e4use enth\u00e4lt die Versorgungsbatterie, die Messelektronik und die Anschlussklemmen f\u00fcr das Erdungskabel. Am Ende des Geh\u00e4uses befinden sich beidseitig Kabelverschraubungen mit Zugentlastung f\u00fcr die Einf\u00fchrung des Erdungskabels. Der TIMM BITE Smart LED ist mit oder ohne Steckverbinder im Erdungskabel erh\u00e4ltlich.<\/p>\n\n\n\n\n\n<p>Je nach Verwendungszweck des SMART LED-Systems werden die entsprechenden Erdungsklemmen ausgew\u00e4hlt. Es stehen bis zu 3 Modelle von Klemmen zur Verf\u00fcgung, von denen einige mit sehr scharfen Z\u00e4hnen ausgestattet sein k\u00f6nnen, die Farben und Lacke durchsto\u00dfen, oder starke und profilierte Backen haben, die perfekt mit IBC-Tanks und anderen verfahrenstechnischen Anlagenteilen arbeiten.<\/p>\n\n\n\n\n\n<p>Dar\u00fcber hinaus kann der TIMM BITE Smart LED in den folgenden Versionen geliefert werden:<\/p>\n\n\n\n\n\n<div class=\"wp-block-media-text is-stacked-on-mobile\" style=\"grid-template-columns:33% auto\"><figure class=\"wp-block-media-text__media\"><img decoding=\"async\" src=\"https:\/\/corona1.eu\/wp-content\/uploads\/2025\/04\/0472_2-5-1024x679.jpg\" alt=\"\" class=\"wp-image-5009 size-full\"\/><\/figure><div class=\"wp-block-media-text__content\">\n\n<p><strong>Tragbare Version:<\/strong> Sie besteht aus einem \u00dcberwachungsmodul, das auf beiden Seiten mit Erdungsklemmen versehen ist (die Auswahl der Klemmen h\u00e4ngt vom Verwendungszweck ab). Die Klemmen sind mit dem Modul \u00fcber spiralf\u00f6rmige Erdungskabel verbunden, die eine spezielle Schutzschicht gegen chemische und mechanische Einwirkungen aufweisen und mit Schnellkupplungen versehen sind, die einen schnellen Wechsel der Klemmen erm\u00f6glichen.<\/p>\n\n<\/div><\/div>\n\n\n\n\n\n<div class=\"wp-block-media-text is-stacked-on-mobile\" style=\"grid-template-columns:33% auto\"><figure class=\"wp-block-media-text__media\"><img decoding=\"async\" src=\"https:\/\/corona1.eu\/wp-content\/uploads\/2025\/04\/scienny.jpeg\" alt=\"\" class=\"wp-image-5011 size-full\"\/><\/figure><div class=\"wp-block-media-text__content\">\n\n<p><strong>Wandversion:<\/strong> Sie verf\u00fcgt nur \u00fcber eine Erdungsklemme und ein \u00dcberwachungsmodul. Die andere Seite wird durch eine Parkstation erg\u00e4nzt, die an einer Wand oder einem Metallmast montiert werden kann. Die Parkstation ist mit einer Abzweigdose mit Zugentlastung ausgestattet, damit der Bediener das Kabel nicht herausziehen kann, sowie mit speziellen SMART-LED-Ablegeclips und Aufh\u00e4ngern f\u00fcr die Befestigung der Klemme.<\/p>\n\n<\/div><\/div>\n\n\n\n\n\n<p>Die L\u00e4nge der spiralf\u00f6rmigen Erdungskabel reicht bei beiden Versionen von 3 bis 15 m.<\/p>\n\n\n\n\n\n<p><strong>Systemzertifizierung und Konformit\u00e4t<\/strong><\/p>\n\n\n\n\n\n<p><strong>Das TIMM BITE Smart LED<\/strong> ist ein explosionsgesch\u00fctztes Ger\u00e4t und entspricht der <strong>ATEX-Richtlinie 2014\/34\/EU<\/strong> sowie den Anforderungen der europ\u00e4ischen Normen <strong>EN IEC 60079-0:2018, IEC 60070:2023 &#8211; COR:2023<\/strong> und <strong>IEC 60079-31:2022<\/strong>. <\/p>\n\n\n\n\n\n<p>Als elektrisches Betriebsmittel der Kategorie <strong>2G<\/strong> kann es in explosionsgef\u00e4hrdeten Bereichen der Zonen <strong>1 und 2<\/strong> oder als Betriebsmittel der Kategorie <strong>II 2D<\/strong> in den Bereichen der Zonen <strong>21 und 22<\/strong> eingesetzt werden.<\/p>\n\n\n\n\n\n<p><\/p>\n\n","protected":false},"excerpt":{"rendered":"<p>Die elektrostatische Erdung tr\u00e4gt dazu bei, den Prozess des Bef\u00fcllens oder Entleerens von leitf\u00e4higen Beh\u00e4ltern, [&hellip;]<\/p>\n","protected":false},"author":1,"featured_media":601,"parent":566,"menu_order":0,"comment_status":"closed","ping_status":"closed","template":"kg_products_template_1.php","meta":{"pgc_sgb_lightbox_settings":"","footnotes":""},"categories":[33],"tags":[],"class_list":["post-600","page","type-page","status-publish","has-post-thumbnail","hentry","category-elektrostatische-erdung"],"yoast_head":"<!-- This site is optimized with the Yoast SEO plugin v27.1.1 - https:\/\/yoast.com\/product\/yoast-seo-wordpress\/ -->\n<title>Timm Bite Smart LED Batterie Bodenkontrollsystem - CORONA Serwis<\/title>\n<meta name=\"robots\" content=\"index, follow, max-snippet:-1, max-image-preview:large, max-video-preview:-1\" \/>\n<link rel=\"canonical\" href=\"https:\/\/corona1.eu\/de\/erdungskontrollsystem\/timm-bite-smart-led-batterie-bodenkontrollsystem\/\" \/>\n<meta property=\"og:locale\" content=\"de_DE\" \/>\n<meta property=\"og:type\" content=\"article\" \/>\n<meta property=\"og:title\" content=\"Timm Bite Smart LED Batterie Bodenkontrollsystem - CORONA Serwis\" \/>\n<meta property=\"og:description\" content=\"Die elektrostatische Erdung tr\u00e4gt dazu bei, den Prozess des Bef\u00fcllens oder Entleerens von leitf\u00e4higen Beh\u00e4ltern, [&hellip;]\" \/>\n<meta property=\"og:url\" content=\"https:\/\/corona1.eu\/de\/erdungskontrollsystem\/timm-bite-smart-led-batterie-bodenkontrollsystem\/\" \/>\n<meta property=\"og:site_name\" content=\"CORONA Serwis\" \/>\n<meta property=\"article:modified_time\" content=\"2025-06-26T09:43:24+00:00\" \/>\n<meta property=\"og:image\" content=\"https:\/\/corona1.eu\/de\/wp-content\/uploads\/2025\/06\/mailingassets_b7ef08a96c5f43ace5bb6d30d17b5188d1f35803-e1743493349925.jpg\" \/>\n\t<meta property=\"og:image:width\" content=\"480\" \/>\n\t<meta property=\"og:image:height\" content=\"480\" \/>\n\t<meta property=\"og:image:type\" content=\"image\/jpeg\" \/>\n<meta name=\"twitter:card\" content=\"summary_large_image\" \/>\n<meta name=\"twitter:label1\" content=\"Gesch\u00e4tzte Lesezeit\" \/>\n\t<meta name=\"twitter:data1\" content=\"6\u00a0Minuten\" \/>\n<script type=\"application\/ld+json\" class=\"yoast-schema-graph\">{\"@context\":\"https:\/\/schema.org\",\"@graph\":[{\"@type\":\"WebPage\",\"@id\":\"https:\/\/corona1.eu\/de\/erdungskontrollsystem\/timm-bite-smart-led-batterie-bodenkontrollsystem\/\",\"url\":\"https:\/\/corona1.eu\/de\/erdungskontrollsystem\/timm-bite-smart-led-batterie-bodenkontrollsystem\/\",\"name\":\"Timm Bite Smart LED Batterie Bodenkontrollsystem - CORONA Serwis\",\"isPartOf\":{\"@id\":\"https:\/\/corona1.eu\/de\/#website\"},\"primaryImageOfPage\":{\"@id\":\"https:\/\/corona1.eu\/de\/erdungskontrollsystem\/timm-bite-smart-led-batterie-bodenkontrollsystem\/#primaryimage\"},\"image\":{\"@id\":\"https:\/\/corona1.eu\/de\/erdungskontrollsystem\/timm-bite-smart-led-batterie-bodenkontrollsystem\/#primaryimage\"},\"thumbnailUrl\":\"https:\/\/corona1.eu\/de\/wp-content\/uploads\/2025\/06\/mailingassets_b7ef08a96c5f43ace5bb6d30d17b5188d1f35803-e1743493349925.jpg\",\"datePublished\":\"2025-06-26T09:42:57+00:00\",\"dateModified\":\"2025-06-26T09:43:24+00:00\",\"breadcrumb\":{\"@id\":\"https:\/\/corona1.eu\/de\/erdungskontrollsystem\/timm-bite-smart-led-batterie-bodenkontrollsystem\/#breadcrumb\"},\"inLanguage\":\"de\",\"potentialAction\":[{\"@type\":\"ReadAction\",\"target\":[\"https:\/\/corona1.eu\/de\/erdungskontrollsystem\/timm-bite-smart-led-batterie-bodenkontrollsystem\/\"]}]},{\"@type\":\"ImageObject\",\"inLanguage\":\"de\",\"@id\":\"https:\/\/corona1.eu\/de\/erdungskontrollsystem\/timm-bite-smart-led-batterie-bodenkontrollsystem\/#primaryimage\",\"url\":\"https:\/\/corona1.eu\/de\/wp-content\/uploads\/2025\/06\/mailingassets_b7ef08a96c5f43ace5bb6d30d17b5188d1f35803-e1743493349925.jpg\",\"contentUrl\":\"https:\/\/corona1.eu\/de\/wp-content\/uploads\/2025\/06\/mailingassets_b7ef08a96c5f43ace5bb6d30d17b5188d1f35803-e1743493349925.jpg\",\"width\":480,\"height\":480},{\"@type\":\"BreadcrumbList\",\"@id\":\"https:\/\/corona1.eu\/de\/erdungskontrollsystem\/timm-bite-smart-led-batterie-bodenkontrollsystem\/#breadcrumb\",\"itemListElement\":[{\"@type\":\"ListItem\",\"position\":1,\"name\":\"Startseite\",\"item\":\"https:\/\/corona1.eu\/de\/\"},{\"@type\":\"ListItem\",\"position\":2,\"name\":\"Erdungskontrollsystem\",\"item\":\"https:\/\/corona1.eu\/de\/erdungskontrollsystem\/\"},{\"@type\":\"ListItem\",\"position\":3,\"name\":\"Timm Bite Smart LED Batterie Bodenkontrollsystem\"}]},{\"@type\":\"WebSite\",\"@id\":\"https:\/\/corona1.eu\/de\/#website\",\"url\":\"https:\/\/corona1.eu\/de\/\",\"name\":\"CORONA Serwis\",\"description\":\"\",\"potentialAction\":[{\"@type\":\"SearchAction\",\"target\":{\"@type\":\"EntryPoint\",\"urlTemplate\":\"https:\/\/corona1.eu\/de\/?s={search_term_string}\"},\"query-input\":{\"@type\":\"PropertyValueSpecification\",\"valueRequired\":true,\"valueName\":\"search_term_string\"}}],\"inLanguage\":\"de\"}]}<\/script>\n<!-- \/ Yoast SEO plugin. -->","yoast_head_json":{"title":"Timm Bite Smart LED Batterie Bodenkontrollsystem - CORONA Serwis","robots":{"index":"index","follow":"follow","max-snippet":"max-snippet:-1","max-image-preview":"max-image-preview:large","max-video-preview":"max-video-preview:-1"},"canonical":"https:\/\/corona1.eu\/de\/erdungskontrollsystem\/timm-bite-smart-led-batterie-bodenkontrollsystem\/","og_locale":"de_DE","og_type":"article","og_title":"Timm Bite Smart LED Batterie Bodenkontrollsystem - CORONA Serwis","og_description":"Die elektrostatische Erdung tr\u00e4gt dazu bei, den Prozess des Bef\u00fcllens oder Entleerens von leitf\u00e4higen Beh\u00e4ltern, [&hellip;]","og_url":"https:\/\/corona1.eu\/de\/erdungskontrollsystem\/timm-bite-smart-led-batterie-bodenkontrollsystem\/","og_site_name":"CORONA Serwis","article_modified_time":"2025-06-26T09:43:24+00:00","og_image":[{"width":480,"height":480,"url":"https:\/\/corona1.eu\/de\/wp-content\/uploads\/2025\/06\/mailingassets_b7ef08a96c5f43ace5bb6d30d17b5188d1f35803-e1743493349925.jpg","type":"image\/jpeg"}],"twitter_card":"summary_large_image","twitter_misc":{"Gesch\u00e4tzte Lesezeit":"6\u00a0Minuten"},"schema":{"@context":"https:\/\/schema.org","@graph":[{"@type":"WebPage","@id":"https:\/\/corona1.eu\/de\/erdungskontrollsystem\/timm-bite-smart-led-batterie-bodenkontrollsystem\/","url":"https:\/\/corona1.eu\/de\/erdungskontrollsystem\/timm-bite-smart-led-batterie-bodenkontrollsystem\/","name":"Timm Bite Smart LED Batterie Bodenkontrollsystem - CORONA Serwis","isPartOf":{"@id":"https:\/\/corona1.eu\/de\/#website"},"primaryImageOfPage":{"@id":"https:\/\/corona1.eu\/de\/erdungskontrollsystem\/timm-bite-smart-led-batterie-bodenkontrollsystem\/#primaryimage"},"image":{"@id":"https:\/\/corona1.eu\/de\/erdungskontrollsystem\/timm-bite-smart-led-batterie-bodenkontrollsystem\/#primaryimage"},"thumbnailUrl":"https:\/\/corona1.eu\/de\/wp-content\/uploads\/2025\/06\/mailingassets_b7ef08a96c5f43ace5bb6d30d17b5188d1f35803-e1743493349925.jpg","datePublished":"2025-06-26T09:42:57+00:00","dateModified":"2025-06-26T09:43:24+00:00","breadcrumb":{"@id":"https:\/\/corona1.eu\/de\/erdungskontrollsystem\/timm-bite-smart-led-batterie-bodenkontrollsystem\/#breadcrumb"},"inLanguage":"de","potentialAction":[{"@type":"ReadAction","target":["https:\/\/corona1.eu\/de\/erdungskontrollsystem\/timm-bite-smart-led-batterie-bodenkontrollsystem\/"]}]},{"@type":"ImageObject","inLanguage":"de","@id":"https:\/\/corona1.eu\/de\/erdungskontrollsystem\/timm-bite-smart-led-batterie-bodenkontrollsystem\/#primaryimage","url":"https:\/\/corona1.eu\/de\/wp-content\/uploads\/2025\/06\/mailingassets_b7ef08a96c5f43ace5bb6d30d17b5188d1f35803-e1743493349925.jpg","contentUrl":"https:\/\/corona1.eu\/de\/wp-content\/uploads\/2025\/06\/mailingassets_b7ef08a96c5f43ace5bb6d30d17b5188d1f35803-e1743493349925.jpg","width":480,"height":480},{"@type":"BreadcrumbList","@id":"https:\/\/corona1.eu\/de\/erdungskontrollsystem\/timm-bite-smart-led-batterie-bodenkontrollsystem\/#breadcrumb","itemListElement":[{"@type":"ListItem","position":1,"name":"Startseite","item":"https:\/\/corona1.eu\/de\/"},{"@type":"ListItem","position":2,"name":"Erdungskontrollsystem","item":"https:\/\/corona1.eu\/de\/erdungskontrollsystem\/"},{"@type":"ListItem","position":3,"name":"Timm Bite Smart LED Batterie Bodenkontrollsystem"}]},{"@type":"WebSite","@id":"https:\/\/corona1.eu\/de\/#website","url":"https:\/\/corona1.eu\/de\/","name":"CORONA Serwis","description":"","potentialAction":[{"@type":"SearchAction","target":{"@type":"EntryPoint","urlTemplate":"https:\/\/corona1.eu\/de\/?s={search_term_string}"},"query-input":{"@type":"PropertyValueSpecification","valueRequired":true,"valueName":"search_term_string"}}],"inLanguage":"de"}]}},"_links":{"self":[{"href":"https:\/\/corona1.eu\/de\/wp-json\/wp\/v2\/pages\/600","targetHints":{"allow":["GET"]}}],"collection":[{"href":"https:\/\/corona1.eu\/de\/wp-json\/wp\/v2\/pages"}],"about":[{"href":"https:\/\/corona1.eu\/de\/wp-json\/wp\/v2\/types\/page"}],"author":[{"embeddable":true,"href":"https:\/\/corona1.eu\/de\/wp-json\/wp\/v2\/users\/1"}],"replies":[{"embeddable":true,"href":"https:\/\/corona1.eu\/de\/wp-json\/wp\/v2\/comments?post=600"}],"version-history":[{"count":2,"href":"https:\/\/corona1.eu\/de\/wp-json\/wp\/v2\/pages\/600\/revisions"}],"predecessor-version":[{"id":603,"href":"https:\/\/corona1.eu\/de\/wp-json\/wp\/v2\/pages\/600\/revisions\/603"}],"up":[{"embeddable":true,"href":"https:\/\/corona1.eu\/de\/wp-json\/wp\/v2\/pages\/566"}],"wp:featuredmedia":[{"embeddable":true,"href":"https:\/\/corona1.eu\/de\/wp-json\/wp\/v2\/media\/601"}],"wp:attachment":[{"href":"https:\/\/corona1.eu\/de\/wp-json\/wp\/v2\/media?parent=600"}],"wp:term":[{"taxonomy":"category","embeddable":true,"href":"https:\/\/corona1.eu\/de\/wp-json\/wp\/v2\/categories?post=600"},{"taxonomy":"post_tag","embeddable":true,"href":"https:\/\/corona1.eu\/de\/wp-json\/wp\/v2\/tags?post=600"}],"curies":[{"name":"wp","href":"https:\/\/api.w.org\/{rel}","templated":true}]}}