{"id":596,"date":"2025-06-26T11:40:14","date_gmt":"2025-06-26T09:40:14","guid":{"rendered":"https:\/\/corona1.eu\/de\/?page_id=596"},"modified":"2025-06-26T11:40:39","modified_gmt":"2025-06-26T09:40:39","slug":"erdungsleitern","status":"publish","type":"page","link":"https:\/\/corona1.eu\/de\/erdungskontrollsystem\/erdungsleitern\/","title":{"rendered":"Erdungsleitern"},"content":{"rendered":"\n\n<p>Erdungskabel sind als ein- oder zweiadrige Variante erh\u00e4ltlich, wobei die L\u00e4ngen je nach Kundenwunsch unterschiedlich gew\u00e4hlt werden k\u00f6nnen. Es wird unterschieden zwischen:<\/p>\n\n\n\n\n\n<p>&#8211; Erdungsseilen auf einer Edelstahlspule in Ex,<br>&#8211; Spiral-Erdungsseilen,<br>&#8211; geraden Erdungsseilen.<\/p>\n\n\n\n<div class=\"pgc-sgb-cb wp-block-pgcsimplygalleryblock-grid \" data-gallery-id=\"01778054\"><div class=\"sgb-preloader\" id=\"pr_01778054\">\n\t<div class=\"sgb-square\" style=\"background:#d4d4d4\"><\/div>\n\t<div class=\"sgb-square\" style=\"background:#d4d4d4\"><\/div>\n\t<div class=\"sgb-square\" style=\"background:#d4d4d4\"><\/div>\n\t<div class=\"sgb-square\" style=\"background:#d4d4d4\"><\/div><\/div><div class=\"simply-gallery-amp pgc_sgb_slider \"><noscript><div class=\"sgb-gallery\"><div class=\"sgb-item\"><a href=\"https:\/\/corona1.eu\/przewody-uziemiajace\/szpula-uziemiajaca-ex-do-odprowadzania-ladunkow-elektrostatycznych-z-przewodem-prostym\/\" target=\"_blank\"><img decoding=\"async\" alt=\"\" width=\"300\" height=\"300\" loading=\"lazy\" src=\"https:\/\/corona1.eu\/wp-content\/uploads\/2022\/09\/szpula-uziemiajaca-ex-do-odprowadzania-ladunkow-elektrostatycznych-z-przewodem-prostym-300x300.png\" srcset=\"https:\/\/corona1.eu\/wp-content\/uploads\/2022\/09\/szpula-uziemiajaca-ex-do-odprowadzania-ladunkow-elektrostatycznych-z-przewodem-prostym-300x300.png 300w,https:\/\/corona1.eu\/wp-content\/uploads\/2022\/09\/szpula-uziemiajaca-ex-do-odprowadzania-ladunkow-elektrostatycznych-z-przewodem-prostym.png 800w\" sizes=\"auto, 250px\"\/><\/a><\/div><\/div><\/noscript><\/div><script type=\"application\/json\" class=\"sgb-data\">{\"collectionThumbSubMenuDownload\":false,\"collectionThumbSubMenuShare\":false,\"galleryType\":\"pgc_sgb_grid\",\"galleryId\":\"01778054\",\"images\":[{\"id\":1595,\"title\":\"szpula-uziemiajaca-ex-do-odprowadzania-ladunkow-elektrostatycznych-z-przewodem-prostym\",\"url\":\"https:\/\/corona1.eu\/wp-content\/uploads\/2022\/09\/szpula-uziemiajaca-ex-do-odprowadzania-ladunkow-elektrostatycznych-z-przewodem-prostym.png\",\"link\":\"https:\/\/corona1.eu\/przewody-uziemiajace\/szpula-uziemiajaca-ex-do-odprowadzania-ladunkow-elektrostatycznych-z-przewodem-prostym\/\",\"alt\":\"\",\"description\":\"\",\"caption\":\"\",\"mime\":\"image\/png\",\"type\":\"image\",\"width\":800,\"height\":800,\"sizes\":{\"thumbnail\":{\"height\":150,\"width\":150,\"url\":\"https:\/\/corona1.eu\/wp-content\/uploads\/2022\/09\/szpula-uziemiajaca-ex-do-odprowadzania-ladunkow-elektrostatycznych-z-przewodem-prostym-150x150.png\",\"orientation\":\"landscape\"},\"medium\":{\"height\":300,\"width\":300,\"url\":\"https:\/\/corona1.eu\/wp-content\/uploads\/2022\/09\/szpula-uziemiajaca-ex-do-odprowadzania-ladunkow-elektrostatycznych-z-przewodem-prostym-300x300.png\",\"orientation\":\"landscape\"},\"full\":{\"url\":\"https:\/\/corona1.eu\/wp-content\/uploads\/2022\/09\/szpula-uziemiajaca-ex-do-odprowadzania-ladunkow-elektrostatycznych-z-przewodem-prostym.png\",\"height\":800,\"width\":800,\"orientation\":\"landscape\"}},\"meta\":false,\"postlink\":\"https:\/\/corona1.eu\/przewody-uziemiajace\/szpula-uziemiajaca-ex-do-odprowadzania-ladunkow-elektrostatycznych-z-przewodem-prostym\/\"}],\"itemsMetaDataCollection\":[]}<\/script><script>(function(){if(window.PGC_SGB && window.PGC_SGB.searcher){window.PGC_SGB.searcher.initBlocks()}})()<\/script><\/div>\n","protected":false},"excerpt":{"rendered":"<p>Erdungskabel sind als ein- oder zweiadrige Variante erh\u00e4ltlich, wobei die L\u00e4ngen je nach Kundenwunsch unterschiedlich [&hellip;]<\/p>\n","protected":false},"author":1,"featured_media":597,"parent":566,"menu_order":0,"comment_status":"closed","ping_status":"closed","template":"kg_products_template_1.php","meta":{"pgc_sgb_lightbox_settings":"","footnotes":""},"categories":[33],"tags":[],"class_list":["post-596","page","type-page","status-publish","has-post-thumbnail","hentry","category-elektrostatische-erdung"],"yoast_head":"<!-- This site is optimized with the Yoast SEO plugin v27.1.1 - https:\/\/yoast.com\/product\/yoast-seo-wordpress\/ -->\n<title>Erdungsleitern - CORONA Serwis<\/title>\n<meta name=\"robots\" content=\"index, follow, max-snippet:-1, max-image-preview:large, max-video-preview:-1\" \/>\n<link rel=\"canonical\" href=\"https:\/\/corona1.eu\/de\/erdungskontrollsystem\/erdungsleitern\/\" \/>\n<meta property=\"og:locale\" content=\"de_DE\" \/>\n<meta property=\"og:type\" content=\"article\" \/>\n<meta property=\"og:title\" content=\"Erdungsleitern - CORONA Serwis\" \/>\n<meta property=\"og:description\" content=\"Erdungskabel sind als ein- oder zweiadrige Variante erh\u00e4ltlich, wobei die L\u00e4ngen je nach Kundenwunsch unterschiedlich [&hellip;]\" \/>\n<meta property=\"og:url\" content=\"https:\/\/corona1.eu\/de\/erdungskontrollsystem\/erdungsleitern\/\" \/>\n<meta property=\"og:site_name\" content=\"CORONA Serwis\" \/>\n<meta property=\"article:modified_time\" content=\"2025-06-26T09:40:39+00:00\" \/>\n<meta property=\"og:image\" content=\"https:\/\/corona1.eu\/de\/wp-content\/uploads\/2025\/06\/szpula-uziemiajaca-ex-do-odprowadzania-ladunkow-elektrostatycznych-z-przewodem-prostym.png\" \/>\n\t<meta property=\"og:image:width\" content=\"800\" \/>\n\t<meta property=\"og:image:height\" content=\"800\" \/>\n\t<meta property=\"og:image:type\" content=\"image\/png\" \/>\n<meta name=\"twitter:card\" content=\"summary_large_image\" \/>\n<meta name=\"twitter:label1\" content=\"Gesch\u00e4tzte Lesezeit\" \/>\n\t<meta name=\"twitter:data1\" content=\"1\u00a0Minute\" \/>\n<script type=\"application\/ld+json\" class=\"yoast-schema-graph\">{\"@context\":\"https:\/\/schema.org\",\"@graph\":[{\"@type\":\"WebPage\",\"@id\":\"https:\/\/corona1.eu\/de\/erdungskontrollsystem\/erdungsleitern\/\",\"url\":\"https:\/\/corona1.eu\/de\/erdungskontrollsystem\/erdungsleitern\/\",\"name\":\"Erdungsleitern - CORONA Serwis\",\"isPartOf\":{\"@id\":\"https:\/\/corona1.eu\/de\/#website\"},\"primaryImageOfPage\":{\"@id\":\"https:\/\/corona1.eu\/de\/erdungskontrollsystem\/erdungsleitern\/#primaryimage\"},\"image\":{\"@id\":\"https:\/\/corona1.eu\/de\/erdungskontrollsystem\/erdungsleitern\/#primaryimage\"},\"thumbnailUrl\":\"https:\/\/corona1.eu\/de\/wp-content\/uploads\/2025\/06\/szpula-uziemiajaca-ex-do-odprowadzania-ladunkow-elektrostatycznych-z-przewodem-prostym.png\",\"datePublished\":\"2025-06-26T09:40:14+00:00\",\"dateModified\":\"2025-06-26T09:40:39+00:00\",\"breadcrumb\":{\"@id\":\"https:\/\/corona1.eu\/de\/erdungskontrollsystem\/erdungsleitern\/#breadcrumb\"},\"inLanguage\":\"de\",\"potentialAction\":[{\"@type\":\"ReadAction\",\"target\":[\"https:\/\/corona1.eu\/de\/erdungskontrollsystem\/erdungsleitern\/\"]}]},{\"@type\":\"ImageObject\",\"inLanguage\":\"de\",\"@id\":\"https:\/\/corona1.eu\/de\/erdungskontrollsystem\/erdungsleitern\/#primaryimage\",\"url\":\"https:\/\/corona1.eu\/de\/wp-content\/uploads\/2025\/06\/szpula-uziemiajaca-ex-do-odprowadzania-ladunkow-elektrostatycznych-z-przewodem-prostym.png\",\"contentUrl\":\"https:\/\/corona1.eu\/de\/wp-content\/uploads\/2025\/06\/szpula-uziemiajaca-ex-do-odprowadzania-ladunkow-elektrostatycznych-z-przewodem-prostym.png\",\"width\":800,\"height\":800},{\"@type\":\"BreadcrumbList\",\"@id\":\"https:\/\/corona1.eu\/de\/erdungskontrollsystem\/erdungsleitern\/#breadcrumb\",\"itemListElement\":[{\"@type\":\"ListItem\",\"position\":1,\"name\":\"Startseite\",\"item\":\"https:\/\/corona1.eu\/de\/\"},{\"@type\":\"ListItem\",\"position\":2,\"name\":\"Erdungskontrollsystem\",\"item\":\"https:\/\/corona1.eu\/de\/erdungskontrollsystem\/\"},{\"@type\":\"ListItem\",\"position\":3,\"name\":\"Erdungsleitern\"}]},{\"@type\":\"WebSite\",\"@id\":\"https:\/\/corona1.eu\/de\/#website\",\"url\":\"https:\/\/corona1.eu\/de\/\",\"name\":\"CORONA Serwis\",\"description\":\"\",\"potentialAction\":[{\"@type\":\"SearchAction\",\"target\":{\"@type\":\"EntryPoint\",\"urlTemplate\":\"https:\/\/corona1.eu\/de\/?s={search_term_string}\"},\"query-input\":{\"@type\":\"PropertyValueSpecification\",\"valueRequired\":true,\"valueName\":\"search_term_string\"}}],\"inLanguage\":\"de\"}]}<\/script>\n<!-- \/ Yoast SEO plugin. -->","yoast_head_json":{"title":"Erdungsleitern - CORONA Serwis","robots":{"index":"index","follow":"follow","max-snippet":"max-snippet:-1","max-image-preview":"max-image-preview:large","max-video-preview":"max-video-preview:-1"},"canonical":"https:\/\/corona1.eu\/de\/erdungskontrollsystem\/erdungsleitern\/","og_locale":"de_DE","og_type":"article","og_title":"Erdungsleitern - CORONA Serwis","og_description":"Erdungskabel sind als ein- oder zweiadrige Variante erh\u00e4ltlich, wobei die L\u00e4ngen je nach Kundenwunsch unterschiedlich [&hellip;]","og_url":"https:\/\/corona1.eu\/de\/erdungskontrollsystem\/erdungsleitern\/","og_site_name":"CORONA Serwis","article_modified_time":"2025-06-26T09:40:39+00:00","og_image":[{"width":800,"height":800,"url":"https:\/\/corona1.eu\/de\/wp-content\/uploads\/2025\/06\/szpula-uziemiajaca-ex-do-odprowadzania-ladunkow-elektrostatycznych-z-przewodem-prostym.png","type":"image\/png"}],"twitter_card":"summary_large_image","twitter_misc":{"Gesch\u00e4tzte Lesezeit":"1\u00a0Minute"},"schema":{"@context":"https:\/\/schema.org","@graph":[{"@type":"WebPage","@id":"https:\/\/corona1.eu\/de\/erdungskontrollsystem\/erdungsleitern\/","url":"https:\/\/corona1.eu\/de\/erdungskontrollsystem\/erdungsleitern\/","name":"Erdungsleitern - CORONA Serwis","isPartOf":{"@id":"https:\/\/corona1.eu\/de\/#website"},"primaryImageOfPage":{"@id":"https:\/\/corona1.eu\/de\/erdungskontrollsystem\/erdungsleitern\/#primaryimage"},"image":{"@id":"https:\/\/corona1.eu\/de\/erdungskontrollsystem\/erdungsleitern\/#primaryimage"},"thumbnailUrl":"https:\/\/corona1.eu\/de\/wp-content\/uploads\/2025\/06\/szpula-uziemiajaca-ex-do-odprowadzania-ladunkow-elektrostatycznych-z-przewodem-prostym.png","datePublished":"2025-06-26T09:40:14+00:00","dateModified":"2025-06-26T09:40:39+00:00","breadcrumb":{"@id":"https:\/\/corona1.eu\/de\/erdungskontrollsystem\/erdungsleitern\/#breadcrumb"},"inLanguage":"de","potentialAction":[{"@type":"ReadAction","target":["https:\/\/corona1.eu\/de\/erdungskontrollsystem\/erdungsleitern\/"]}]},{"@type":"ImageObject","inLanguage":"de","@id":"https:\/\/corona1.eu\/de\/erdungskontrollsystem\/erdungsleitern\/#primaryimage","url":"https:\/\/corona1.eu\/de\/wp-content\/uploads\/2025\/06\/szpula-uziemiajaca-ex-do-odprowadzania-ladunkow-elektrostatycznych-z-przewodem-prostym.png","contentUrl":"https:\/\/corona1.eu\/de\/wp-content\/uploads\/2025\/06\/szpula-uziemiajaca-ex-do-odprowadzania-ladunkow-elektrostatycznych-z-przewodem-prostym.png","width":800,"height":800},{"@type":"BreadcrumbList","@id":"https:\/\/corona1.eu\/de\/erdungskontrollsystem\/erdungsleitern\/#breadcrumb","itemListElement":[{"@type":"ListItem","position":1,"name":"Startseite","item":"https:\/\/corona1.eu\/de\/"},{"@type":"ListItem","position":2,"name":"Erdungskontrollsystem","item":"https:\/\/corona1.eu\/de\/erdungskontrollsystem\/"},{"@type":"ListItem","position":3,"name":"Erdungsleitern"}]},{"@type":"WebSite","@id":"https:\/\/corona1.eu\/de\/#website","url":"https:\/\/corona1.eu\/de\/","name":"CORONA Serwis","description":"","potentialAction":[{"@type":"SearchAction","target":{"@type":"EntryPoint","urlTemplate":"https:\/\/corona1.eu\/de\/?s={search_term_string}"},"query-input":{"@type":"PropertyValueSpecification","valueRequired":true,"valueName":"search_term_string"}}],"inLanguage":"de"}]}},"_links":{"self":[{"href":"https:\/\/corona1.eu\/de\/wp-json\/wp\/v2\/pages\/596","targetHints":{"allow":["GET"]}}],"collection":[{"href":"https:\/\/corona1.eu\/de\/wp-json\/wp\/v2\/pages"}],"about":[{"href":"https:\/\/corona1.eu\/de\/wp-json\/wp\/v2\/types\/page"}],"author":[{"embeddable":true,"href":"https:\/\/corona1.eu\/de\/wp-json\/wp\/v2\/users\/1"}],"replies":[{"embeddable":true,"href":"https:\/\/corona1.eu\/de\/wp-json\/wp\/v2\/comments?post=596"}],"version-history":[{"count":2,"href":"https:\/\/corona1.eu\/de\/wp-json\/wp\/v2\/pages\/596\/revisions"}],"predecessor-version":[{"id":599,"href":"https:\/\/corona1.eu\/de\/wp-json\/wp\/v2\/pages\/596\/revisions\/599"}],"up":[{"embeddable":true,"href":"https:\/\/corona1.eu\/de\/wp-json\/wp\/v2\/pages\/566"}],"wp:featuredmedia":[{"embeddable":true,"href":"https:\/\/corona1.eu\/de\/wp-json\/wp\/v2\/media\/597"}],"wp:attachment":[{"href":"https:\/\/corona1.eu\/de\/wp-json\/wp\/v2\/media?parent=596"}],"wp:term":[{"taxonomy":"category","embeddable":true,"href":"https:\/\/corona1.eu\/de\/wp-json\/wp\/v2\/categories?post=596"},{"taxonomy":"post_tag","embeddable":true,"href":"https:\/\/corona1.eu\/de\/wp-json\/wp\/v2\/tags?post=596"}],"curies":[{"name":"wp","href":"https:\/\/api.w.org\/{rel}","templated":true}]}}