{"id":590,"date":"2025-06-26T11:37:26","date_gmt":"2025-06-26T09:37:26","guid":{"rendered":"https:\/\/corona1.eu\/de\/?page_id=590"},"modified":"2025-06-26T11:37:52","modified_gmt":"2025-06-26T09:37:52","slug":"ex-erdungsklemmen","status":"publish","type":"page","link":"https:\/\/corona1.eu\/de\/erdungskontrollsystem\/ex-erdungsklemmen\/","title":{"rendered":"EX-Erdungsklemmen"},"content":{"rendered":"\n\n<p><strong>Erdungsklammern<\/strong> werden verwendet, um elektrostatische Ladungen von Metalltanks, F\u00e4ssern, Mischern und Zisternen w\u00e4hrend des Be- und Entladevorgangs abzuleiten. Ihr Zweck ist es, eine dauerhafte Verbindung zwischen dem zu erdenden Gegenstand und der Erde herzustellen, um den Aufbau elektrostatischer Ladungen zu verhindern und die Explosions- oder Brandgefahr zu minimieren.<\/p>\n\n\n\n\n\n<p>Erdungsklemmen werden in der Regel komplett mit einem Erdungsspiralkabel geliefert. Die Klemme besteht aus rostfreiem Stahl und hat sehr scharfe Z\u00e4hne, die eine Farb- oder Rostschicht durchsto\u00dfen und so eine dauerhafte Verbindung mit der Metalloberfl\u00e4che herstellen. Das Erdungskabel ist aus Kupfer oder Stahl gefertigt, das ein guter Leiter ist. Au\u00dferdem ist es durch eine spezielle Beschichtung isoliert, die gegen viele mechanische und chemische Einfl\u00fcsse resistent ist<\/p>\n\n\n\n\n\n<p>Bei Prozessabl\u00e4ufen wie Mischen, Gie\u00dfen oder Be- und Entladen von Tanks sollten die Erdungsklemmen an geeigneten Stellen angebracht werden. Je nach Art des Prozesses oder der Sicherheitsanforderungen der Industrieanlage werden Erdungsklemmen mit Kabel allein oder komplette Erdungssysteme verwendet, die neben der Klemme und dem Kabel auch \u00fcber Erdungs\u00fcberwachungseinheiten verf\u00fcgen.<\/p>\n\n\n\n\n\n<p>Erdungsklemmen sind sehr wichtig, um die Sicherheit von Be- und Entladevorg\u00e4ngen bei Stra\u00dfen- und Eisenbahntankwagen und anderen technologischen Prozessen zu gew\u00e4hrleisten, bei denen brennbare Stoffe gehandhabt werden. Alle Komponenten, an die die Erdungsklemme angeschlossen ist, m\u00fcssen in gutem Zustand sein, um eine dauerhafte Verbindung und eine zuverl\u00e4ssige Ableitung statischer Elektrizit\u00e4t zu gew\u00e4hrleisten. Es ist auch wichtig, dass die Erdungsklemmen regelm\u00e4\u00dfig \u00fcberpr\u00fcft und bei Besch\u00e4digung oder Defekt ausgetauscht werden.<\/p>\n\n\n\n\n\n<p><strong>Je nach Verwendungszweck wird unterschieden zwischen:<\/strong><\/p>\n\n\n\n\n\n<ul class=\"wp-block-list\">\n\n<li>ex-Erdungsklemmen f\u00fcr Tanks,<\/li>\n\n\n\n\n\n<li>ex-Erdungsklemmen f\u00fcr Metallf\u00e4sser und Container,<\/li>\n\n\n\n\n\n<li>ex-Erdungsklemmen f\u00fcr IBC und Big Bags Typ C,<\/li>\n\n\n\n\n\n<li>ex-Mini-Erdungsklemmen,<\/li>\n\n\n\n\n\n<li>magnetischen Ex-Erdungsklemmen.<\/li>\n\n<\/ul>\n\n\n\n\n\n<p><\/p>\n\n\n\n\n\n<p>Optional kann die Klemme mit einer Isolierabdeckung aus Nitrilkautschuk versehen werden, um sie vor chemischen Stoffen und Witterungseinfl\u00fcssen zu sch\u00fctzen. Die Abschirmung ist best\u00e4ndig gegen hohe Temperaturen und Substanzen auf Mineral\u00f6lbasis.<br><br>Au\u00dferdem werden Kunststoffstifte zum Aufh\u00e4ngen der Klemmen mitgeliefert. F\u00fcr die oben genannten Anwendungen werden die Klemmen mit den Erdungsleitern verbunden. Sie sind auch Teil von Komplettsystemen zur \u00dcberwachung des Erdungszustandes.<\/p>\n\n\n\n\n\n<figure class=\"wp-block-gallery has-nested-images columns-default is-cropped wp-block-gallery-1 is-layout-flex wp-block-gallery-is-layout-flex\">\n\n<figure class=\"wp-block-image size-large\"><img loading=\"lazy\" decoding=\"async\" width=\"800\" height=\"800\" data-id=\"593\" src=\"https:\/\/corona1.eu\/de\/wp-content\/uploads\/2025\/06\/KOMPLE1.jpg\" alt=\"zaciski uziemiaj\u0105ce\" class=\"wp-image-593\" srcset=\"https:\/\/corona1.eu\/de\/wp-content\/uploads\/2025\/06\/KOMPLE1.jpg 800w, https:\/\/corona1.eu\/de\/wp-content\/uploads\/2025\/06\/KOMPLE1-300x300.jpg 300w, https:\/\/corona1.eu\/de\/wp-content\/uploads\/2025\/06\/KOMPLE1-150x150.jpg 150w, https:\/\/corona1.eu\/de\/wp-content\/uploads\/2025\/06\/KOMPLE1-768x768.jpg 768w\" sizes=\"auto, (max-width: 800px) 100vw, 800px\" \/><\/figure>\n\n\n\n\n\n<figure class=\"wp-block-image size-large\"><img loading=\"lazy\" decoding=\"async\" width=\"800\" height=\"800\" data-id=\"592\" src=\"https:\/\/corona1.eu\/de\/wp-content\/uploads\/2025\/06\/zacisk-uziemiajacy-corona-tb-round-wykonany-ze-stali-nierdzewnej-do-uziemiania-zbiornikow-ibc.jpg\" alt=\"zaciski uziemiaj\u0105ce\" class=\"wp-image-592\" srcset=\"https:\/\/corona1.eu\/de\/wp-content\/uploads\/2025\/06\/zacisk-uziemiajacy-corona-tb-round-wykonany-ze-stali-nierdzewnej-do-uziemiania-zbiornikow-ibc.jpg 800w, https:\/\/corona1.eu\/de\/wp-content\/uploads\/2025\/06\/zacisk-uziemiajacy-corona-tb-round-wykonany-ze-stali-nierdzewnej-do-uziemiania-zbiornikow-ibc-300x300.jpg 300w, https:\/\/corona1.eu\/de\/wp-content\/uploads\/2025\/06\/zacisk-uziemiajacy-corona-tb-round-wykonany-ze-stali-nierdzewnej-do-uziemiania-zbiornikow-ibc-150x150.jpg 150w, https:\/\/corona1.eu\/de\/wp-content\/uploads\/2025\/06\/zacisk-uziemiajacy-corona-tb-round-wykonany-ze-stali-nierdzewnej-do-uziemiania-zbiornikow-ibc-768x768.jpg 768w\" sizes=\"auto, (max-width: 800px) 100vw, 800px\" \/><\/figure>\n\n<\/figure>\n\n","protected":false},"excerpt":{"rendered":"<p>Erdungsklammern werden verwendet, um elektrostatische Ladungen von Metalltanks, F\u00e4ssern, Mischern und Zisternen w\u00e4hrend des Be- [&hellip;]<\/p>\n","protected":false},"author":1,"featured_media":591,"parent":566,"menu_order":0,"comment_status":"closed","ping_status":"closed","template":"kg_products_template_1.php","meta":{"pgc_sgb_lightbox_settings":"","footnotes":""},"categories":[33],"tags":[],"class_list":["post-590","page","type-page","status-publish","has-post-thumbnail","hentry","category-elektrostatische-erdung"],"yoast_head":"<!-- This site is optimized with the Yoast SEO plugin v27.1.1 - https:\/\/yoast.com\/product\/yoast-seo-wordpress\/ -->\n<title>EX-Erdungsklemmen - CORONA Serwis<\/title>\n<meta name=\"robots\" content=\"index, follow, max-snippet:-1, max-image-preview:large, max-video-preview:-1\" \/>\n<link rel=\"canonical\" href=\"https:\/\/corona1.eu\/de\/erdungskontrollsystem\/ex-erdungsklemmen\/\" \/>\n<meta property=\"og:locale\" content=\"de_DE\" \/>\n<meta property=\"og:type\" content=\"article\" \/>\n<meta property=\"og:title\" content=\"EX-Erdungsklemmen - CORONA Serwis\" \/>\n<meta property=\"og:description\" content=\"Erdungsklammern werden verwendet, um elektrostatische Ladungen von Metalltanks, F\u00e4ssern, Mischern und Zisternen w\u00e4hrend des Be- [&hellip;]\" \/>\n<meta property=\"og:url\" content=\"https:\/\/corona1.eu\/de\/erdungskontrollsystem\/ex-erdungsklemmen\/\" \/>\n<meta property=\"og:site_name\" content=\"CORONA Serwis\" \/>\n<meta property=\"article:modified_time\" content=\"2025-06-26T09:37:52+00:00\" \/>\n<meta property=\"og:image\" content=\"https:\/\/corona1.eu\/de\/wp-content\/uploads\/2025\/06\/ZACISK1.jpg\" \/>\n\t<meta property=\"og:image:width\" content=\"800\" \/>\n\t<meta property=\"og:image:height\" content=\"800\" \/>\n\t<meta property=\"og:image:type\" content=\"image\/jpeg\" \/>\n<meta name=\"twitter:card\" content=\"summary_large_image\" \/>\n<meta name=\"twitter:label1\" content=\"Gesch\u00e4tzte Lesezeit\" \/>\n\t<meta name=\"twitter:data1\" content=\"3\u00a0Minuten\" \/>\n<script type=\"application\/ld+json\" class=\"yoast-schema-graph\">{\"@context\":\"https:\/\/schema.org\",\"@graph\":[{\"@type\":\"WebPage\",\"@id\":\"https:\/\/corona1.eu\/de\/erdungskontrollsystem\/ex-erdungsklemmen\/\",\"url\":\"https:\/\/corona1.eu\/de\/erdungskontrollsystem\/ex-erdungsklemmen\/\",\"name\":\"EX-Erdungsklemmen - CORONA Serwis\",\"isPartOf\":{\"@id\":\"https:\/\/corona1.eu\/de\/#website\"},\"primaryImageOfPage\":{\"@id\":\"https:\/\/corona1.eu\/de\/erdungskontrollsystem\/ex-erdungsklemmen\/#primaryimage\"},\"image\":{\"@id\":\"https:\/\/corona1.eu\/de\/erdungskontrollsystem\/ex-erdungsklemmen\/#primaryimage\"},\"thumbnailUrl\":\"https:\/\/corona1.eu\/de\/wp-content\/uploads\/2025\/06\/ZACISK1.jpg\",\"datePublished\":\"2025-06-26T09:37:26+00:00\",\"dateModified\":\"2025-06-26T09:37:52+00:00\",\"breadcrumb\":{\"@id\":\"https:\/\/corona1.eu\/de\/erdungskontrollsystem\/ex-erdungsklemmen\/#breadcrumb\"},\"inLanguage\":\"de\",\"potentialAction\":[{\"@type\":\"ReadAction\",\"target\":[\"https:\/\/corona1.eu\/de\/erdungskontrollsystem\/ex-erdungsklemmen\/\"]}]},{\"@type\":\"ImageObject\",\"inLanguage\":\"de\",\"@id\":\"https:\/\/corona1.eu\/de\/erdungskontrollsystem\/ex-erdungsklemmen\/#primaryimage\",\"url\":\"https:\/\/corona1.eu\/de\/wp-content\/uploads\/2025\/06\/ZACISK1.jpg\",\"contentUrl\":\"https:\/\/corona1.eu\/de\/wp-content\/uploads\/2025\/06\/ZACISK1.jpg\",\"width\":800,\"height\":800},{\"@type\":\"BreadcrumbList\",\"@id\":\"https:\/\/corona1.eu\/de\/erdungskontrollsystem\/ex-erdungsklemmen\/#breadcrumb\",\"itemListElement\":[{\"@type\":\"ListItem\",\"position\":1,\"name\":\"Startseite\",\"item\":\"https:\/\/corona1.eu\/de\/\"},{\"@type\":\"ListItem\",\"position\":2,\"name\":\"Erdungskontrollsystem\",\"item\":\"https:\/\/corona1.eu\/de\/erdungskontrollsystem\/\"},{\"@type\":\"ListItem\",\"position\":3,\"name\":\"EX-Erdungsklemmen\"}]},{\"@type\":\"WebSite\",\"@id\":\"https:\/\/corona1.eu\/de\/#website\",\"url\":\"https:\/\/corona1.eu\/de\/\",\"name\":\"CORONA Serwis\",\"description\":\"\",\"potentialAction\":[{\"@type\":\"SearchAction\",\"target\":{\"@type\":\"EntryPoint\",\"urlTemplate\":\"https:\/\/corona1.eu\/de\/?s={search_term_string}\"},\"query-input\":{\"@type\":\"PropertyValueSpecification\",\"valueRequired\":true,\"valueName\":\"search_term_string\"}}],\"inLanguage\":\"de\"}]}<\/script>\n<!-- \/ Yoast SEO plugin. -->","yoast_head_json":{"title":"EX-Erdungsklemmen - CORONA Serwis","robots":{"index":"index","follow":"follow","max-snippet":"max-snippet:-1","max-image-preview":"max-image-preview:large","max-video-preview":"max-video-preview:-1"},"canonical":"https:\/\/corona1.eu\/de\/erdungskontrollsystem\/ex-erdungsklemmen\/","og_locale":"de_DE","og_type":"article","og_title":"EX-Erdungsklemmen - CORONA Serwis","og_description":"Erdungsklammern werden verwendet, um elektrostatische Ladungen von Metalltanks, F\u00e4ssern, Mischern und Zisternen w\u00e4hrend des Be- [&hellip;]","og_url":"https:\/\/corona1.eu\/de\/erdungskontrollsystem\/ex-erdungsklemmen\/","og_site_name":"CORONA Serwis","article_modified_time":"2025-06-26T09:37:52+00:00","og_image":[{"width":800,"height":800,"url":"https:\/\/corona1.eu\/de\/wp-content\/uploads\/2025\/06\/ZACISK1.jpg","type":"image\/jpeg"}],"twitter_card":"summary_large_image","twitter_misc":{"Gesch\u00e4tzte Lesezeit":"3\u00a0Minuten"},"schema":{"@context":"https:\/\/schema.org","@graph":[{"@type":"WebPage","@id":"https:\/\/corona1.eu\/de\/erdungskontrollsystem\/ex-erdungsklemmen\/","url":"https:\/\/corona1.eu\/de\/erdungskontrollsystem\/ex-erdungsklemmen\/","name":"EX-Erdungsklemmen - CORONA Serwis","isPartOf":{"@id":"https:\/\/corona1.eu\/de\/#website"},"primaryImageOfPage":{"@id":"https:\/\/corona1.eu\/de\/erdungskontrollsystem\/ex-erdungsklemmen\/#primaryimage"},"image":{"@id":"https:\/\/corona1.eu\/de\/erdungskontrollsystem\/ex-erdungsklemmen\/#primaryimage"},"thumbnailUrl":"https:\/\/corona1.eu\/de\/wp-content\/uploads\/2025\/06\/ZACISK1.jpg","datePublished":"2025-06-26T09:37:26+00:00","dateModified":"2025-06-26T09:37:52+00:00","breadcrumb":{"@id":"https:\/\/corona1.eu\/de\/erdungskontrollsystem\/ex-erdungsklemmen\/#breadcrumb"},"inLanguage":"de","potentialAction":[{"@type":"ReadAction","target":["https:\/\/corona1.eu\/de\/erdungskontrollsystem\/ex-erdungsklemmen\/"]}]},{"@type":"ImageObject","inLanguage":"de","@id":"https:\/\/corona1.eu\/de\/erdungskontrollsystem\/ex-erdungsklemmen\/#primaryimage","url":"https:\/\/corona1.eu\/de\/wp-content\/uploads\/2025\/06\/ZACISK1.jpg","contentUrl":"https:\/\/corona1.eu\/de\/wp-content\/uploads\/2025\/06\/ZACISK1.jpg","width":800,"height":800},{"@type":"BreadcrumbList","@id":"https:\/\/corona1.eu\/de\/erdungskontrollsystem\/ex-erdungsklemmen\/#breadcrumb","itemListElement":[{"@type":"ListItem","position":1,"name":"Startseite","item":"https:\/\/corona1.eu\/de\/"},{"@type":"ListItem","position":2,"name":"Erdungskontrollsystem","item":"https:\/\/corona1.eu\/de\/erdungskontrollsystem\/"},{"@type":"ListItem","position":3,"name":"EX-Erdungsklemmen"}]},{"@type":"WebSite","@id":"https:\/\/corona1.eu\/de\/#website","url":"https:\/\/corona1.eu\/de\/","name":"CORONA Serwis","description":"","potentialAction":[{"@type":"SearchAction","target":{"@type":"EntryPoint","urlTemplate":"https:\/\/corona1.eu\/de\/?s={search_term_string}"},"query-input":{"@type":"PropertyValueSpecification","valueRequired":true,"valueName":"search_term_string"}}],"inLanguage":"de"}]}},"_links":{"self":[{"href":"https:\/\/corona1.eu\/de\/wp-json\/wp\/v2\/pages\/590","targetHints":{"allow":["GET"]}}],"collection":[{"href":"https:\/\/corona1.eu\/de\/wp-json\/wp\/v2\/pages"}],"about":[{"href":"https:\/\/corona1.eu\/de\/wp-json\/wp\/v2\/types\/page"}],"author":[{"embeddable":true,"href":"https:\/\/corona1.eu\/de\/wp-json\/wp\/v2\/users\/1"}],"replies":[{"embeddable":true,"href":"https:\/\/corona1.eu\/de\/wp-json\/wp\/v2\/comments?post=590"}],"version-history":[{"count":2,"href":"https:\/\/corona1.eu\/de\/wp-json\/wp\/v2\/pages\/590\/revisions"}],"predecessor-version":[{"id":595,"href":"https:\/\/corona1.eu\/de\/wp-json\/wp\/v2\/pages\/590\/revisions\/595"}],"up":[{"embeddable":true,"href":"https:\/\/corona1.eu\/de\/wp-json\/wp\/v2\/pages\/566"}],"wp:featuredmedia":[{"embeddable":true,"href":"https:\/\/corona1.eu\/de\/wp-json\/wp\/v2\/media\/591"}],"wp:attachment":[{"href":"https:\/\/corona1.eu\/de\/wp-json\/wp\/v2\/media?parent=590"}],"wp:term":[{"taxonomy":"category","embeddable":true,"href":"https:\/\/corona1.eu\/de\/wp-json\/wp\/v2\/categories?post=590"},{"taxonomy":"post_tag","embeddable":true,"href":"https:\/\/corona1.eu\/de\/wp-json\/wp\/v2\/tags?post=590"}],"curies":[{"name":"wp","href":"https:\/\/api.w.org\/{rel}","templated":true}]}}