{"id":586,"date":"2025-06-26T11:32:26","date_gmt":"2025-06-26T09:32:26","guid":{"rendered":"https:\/\/corona1.eu\/de\/?page_id=586"},"modified":"2025-06-26T11:32:53","modified_gmt":"2025-06-26T09:32:53","slug":"sek3-kontrollsystem-fuer-die-grundberuehrung-von-offshore-tankern","status":"publish","type":"page","link":"https:\/\/corona1.eu\/de\/erdungskontrollsystem\/sek3-kontrollsystem-fuer-die-grundberuehrung-von-offshore-tankern\/","title":{"rendered":"SEK3 Kontrollsystem f\u00fcr die Grundber\u00fchrung von Offshore-Tankern"},"content":{"rendered":"\n\n<p>Tankschiffe geh\u00f6ren aufgrund der sehr gro\u00dfen Menge an Treibstoff, die sie transportieren, zu den Anlagen \/ Einrichtungen mit erh\u00f6htem Risiko, so dass die Ableitung elektrostatischer Ladungen w\u00e4hrend des Ent- oder Beladens des Tankschiffs mit Treibstoff ein sehr wichtiges Thema ist.<br><br>Die f\u00fcr diese Anwendungen vorgesehenen Erdungskontrollsysteme leiten elektrostatische Aufladungen sicher ab, die zu einem gro\u00dfen Teil w\u00e4hrend des Transfers des Mediums und w\u00e4hrend des Anschlusses der Metallverladearme entstehen.<\/p>\n\n\n\n<div class=\"pgc-sgb-cb wp-block-pgcsimplygalleryblock-grid \" data-gallery-id=\"43949447\"><div class=\"sgb-preloader\" id=\"pr_43949447\">\n\t<div class=\"sgb-square\" style=\"background:#d4d4d4\"><\/div>\n\t<div class=\"sgb-square\" style=\"background:#d4d4d4\"><\/div>\n\t<div class=\"sgb-square\" style=\"background:#d4d4d4\"><\/div>\n\t<div class=\"sgb-square\" style=\"background:#d4d4d4\"><\/div><\/div><div class=\"simply-gallery-amp pgc_sgb_slider \"><noscript><div class=\"sgb-gallery\"><div class=\"sgb-item\"><a href=\"https:\/\/corona1.eu\/uziemienia-elektrostatyczne\/system-kontroli-uziemienia-tankowcow-morskich-sek3\/jednostka-monitorujaca-systemu-kontroli-uziemienia-statkow-tankowcow-ex-sek-3-2\/\" target=\"_blank\"><img decoding=\"async\" alt=\"\" width=\"300\" height=\"270\" loading=\"lazy\" src=\"https:\/\/corona1.eu\/wp-content\/uploads\/2023\/02\/jednostka-monitorujaca-systemu-kontroli-uziemienia-statkow-tankowcow-ex-sek-3-300x270.jpg\" srcset=\"https:\/\/corona1.eu\/wp-content\/uploads\/2023\/02\/jednostka-monitorujaca-systemu-kontroli-uziemienia-statkow-tankowcow-ex-sek-3-300x270.jpg 300w,https:\/\/corona1.eu\/wp-content\/uploads\/2023\/02\/jednostka-monitorujaca-systemu-kontroli-uziemienia-statkow-tankowcow-ex-sek-3-1024x920.jpg 640w,https:\/\/corona1.eu\/wp-content\/uploads\/2023\/02\/jednostka-monitorujaca-systemu-kontroli-uziemienia-statkow-tankowcow-ex-sek-3.jpg 1300w\" sizes=\"auto, 250px\"\/><\/a><\/div><div class=\"sgb-item\"><a href=\"https:\/\/corona1.eu\/uziemienia-elektrostatyczne\/system-kontroli-uziemienia-tankowcow-morskich-sek3\/sek3_2\/\" target=\"_blank\"><img decoding=\"async\" alt=\"\" width=\"300\" height=\"300\" loading=\"lazy\" src=\"https:\/\/corona1.eu\/wp-content\/uploads\/2022\/09\/sek3_2-300x300.jpg\" srcset=\"https:\/\/corona1.eu\/wp-content\/uploads\/2022\/09\/sek3_2-300x300.jpg 300w,https:\/\/corona1.eu\/wp-content\/uploads\/2022\/09\/sek3_2.jpg 852w\" sizes=\"auto, 250px\"\/><\/a><\/div><\/div><\/noscript><\/div><script type=\"application\/json\" class=\"sgb-data\">{\"collectionThumbSubMenuDownload\":false,\"collectionThumbSubMenuShare\":false,\"galleryType\":\"pgc_sgb_grid\",\"galleryId\":\"43949447\",\"images\":[{\"id\":2837,\"title\":\"jednostka-monitorujaca-systemu-kontroli-uziemienia-statkow-tankowcow-ex-sek-3\",\"url\":\"https:\/\/corona1.eu\/wp-content\/uploads\/2023\/02\/jednostka-monitorujaca-systemu-kontroli-uziemienia-statkow-tankowcow-ex-sek-3.jpg\",\"link\":\"https:\/\/corona1.eu\/uziemienia-elektrostatyczne\/system-kontroli-uziemienia-tankowcow-morskich-sek3\/jednostka-monitorujaca-systemu-kontroli-uziemienia-statkow-tankowcow-ex-sek-3-2\/\",\"alt\":\"\",\"description\":\"\",\"caption\":\"\",\"mime\":\"image\/jpeg\",\"type\":\"image\",\"width\":1300,\"height\":1168,\"sizes\":{\"thumbnail\":{\"height\":150,\"width\":150,\"url\":\"https:\/\/corona1.eu\/wp-content\/uploads\/2023\/02\/jednostka-monitorujaca-systemu-kontroli-uziemienia-statkow-tankowcow-ex-sek-3-150x150.jpg\",\"orientation\":\"landscape\"},\"medium\":{\"height\":270,\"width\":300,\"url\":\"https:\/\/corona1.eu\/wp-content\/uploads\/2023\/02\/jednostka-monitorujaca-systemu-kontroli-uziemienia-statkow-tankowcow-ex-sek-3-300x270.jpg\",\"orientation\":\"landscape\"},\"large\":{\"height\":575,\"width\":640,\"url\":\"https:\/\/corona1.eu\/wp-content\/uploads\/2023\/02\/jednostka-monitorujaca-systemu-kontroli-uziemienia-statkow-tankowcow-ex-sek-3-1024x920.jpg\",\"orientation\":\"landscape\"},\"full\":{\"url\":\"https:\/\/corona1.eu\/wp-content\/uploads\/2023\/02\/jednostka-monitorujaca-systemu-kontroli-uziemienia-statkow-tankowcow-ex-sek-3.jpg\",\"height\":1168,\"width\":1300,\"orientation\":\"landscape\"}},\"meta\":false,\"postlink\":\"https:\/\/corona1.eu\/uziemienia-elektrostatyczne\/system-kontroli-uziemienia-tankowcow-morskich-sek3\/jednostka-monitorujaca-systemu-kontroli-uziemienia-statkow-tankowcow-ex-sek-3-2\/\"},{\"id\":1516,\"title\":\"sek3_2\",\"url\":\"https:\/\/corona1.eu\/wp-content\/uploads\/2022\/09\/sek3_2.jpg\",\"link\":\"https:\/\/corona1.eu\/uziemienia-elektrostatyczne\/system-kontroli-uziemienia-tankowcow-morskich-sek3\/sek3_2\/\",\"alt\":\"\",\"description\":\"\",\"caption\":\"\",\"mime\":\"image\/jpeg\",\"type\":\"image\",\"width\":852,\"height\":852,\"sizes\":{\"thumbnail\":{\"height\":150,\"width\":150,\"url\":\"https:\/\/corona1.eu\/wp-content\/uploads\/2022\/09\/sek3_2-150x150.jpg\",\"orientation\":\"landscape\"},\"medium\":{\"height\":300,\"width\":300,\"url\":\"https:\/\/corona1.eu\/wp-content\/uploads\/2022\/09\/sek3_2-300x300.jpg\",\"orientation\":\"landscape\"},\"full\":{\"url\":\"https:\/\/corona1.eu\/wp-content\/uploads\/2022\/09\/sek3_2.jpg\",\"height\":852,\"width\":852,\"orientation\":\"landscape\"}},\"meta\":false,\"postlink\":\"https:\/\/corona1.eu\/uziemienia-elektrostatyczne\/system-kontroli-uziemienia-tankowcow-morskich-sek3\/sek3_2\/\"}],\"itemsMetaDataCollection\":[]}<\/script><script>(function(){if(window.PGC_SGB && window.PGC_SGB.searcher){window.PGC_SGB.searcher.initBlocks()}})()<\/script><\/div>\n\n\n\n\n<div style=\"height:60px\" aria-hidden=\"true\" class=\"wp-block-spacer\"><\/div>\n\n\n\n\n\n<p><strong>Funktionsprinzip des SEK3-Erdungskontrollsystems f\u00fcr Schiffstanker<\/strong><br><br>Das SEK3-Erdungskontrollsystem und sein Terminal sind f\u00fcr den Einsatz in explosionsgef\u00e4hrdeten Bereichen zugelassen. Es ist mit zwei Leuchten ausgestattet, die dem Bediener signalisieren, dass die Erdung korrekt ist. Das System \u00fcberwacht st\u00e4ndig den Widerstand, und wenn eine Anomalie festgestellt wird, z. B. ein Verlust der Erdung durch eine lockere Klemme oder durch einen Arbeiter, der sie umst\u00f6\u00dft, erkennt das System den Fehler, geht in den Modus NO EARTHING \u00fcber und sendet ein Signal an den Schaltschrank, um den Prozess zu stoppen.<br><br><strong>Die Komponenten des Erdungs\u00fcberwachungssystems:<\/strong><\/p>\n\n\n\n\n\n<ul class=\"wp-block-list\">\n\n<li>ex-Erdungs\u00fcberwachungseinheit &#8211; mit zwei Kontrollleuchten und potentialfreien Kontakten, um den Prozess bei fehlender Erdung blockieren zu k\u00f6nnen,<\/li>\n\n\n\n\n\n<li>ex-Steuerausg\u00e4nge, die das \u00d6ffnen der Anlage im Ex-Bereich z.B. beim Kabelwechsel erm\u00f6glichen,<\/li>\n\n\n\n\n\n<li>zertifizierte Edelstahl-Erdungsklemme in Ex,<\/li>\n\n\n\n\n\n<li>30 m langes Erdungskabel &#8211; Kabelmantel best\u00e4ndig gegen viele chemische und atmosph\u00e4rische Einfl\u00fcsse,<\/li>\n\n\n\n\n\n<li>satz Ex-Verschraubungen<\/li>\n\n<\/ul>\n\n\n\n\n\n<p><strong>Bescheinigungen f\u00fcr SEK3-Tanker-Erdungssysteme<\/strong><\/p>\n\n\n\n\n\n<ul class=\"wp-block-list\">\n\n<li>Ex II 2 G &#8211; Ex eb  ib q [ib] IIB T4 Gb (f\u00fcr \u00dcberwachungseinheit)<\/li>\n\n\n\n\n\n<li>Ex II 2 G &#8211; Ex eb ib IIB T4 Gb (f\u00fcr Erdungsklemme)<\/li>\n\n<\/ul>\n\n","protected":false},"excerpt":{"rendered":"<p>Tankschiffe geh\u00f6ren aufgrund der sehr gro\u00dfen Menge an Treibstoff, die sie transportieren, zu den Anlagen [&hellip;]<\/p>\n","protected":false},"author":1,"featured_media":587,"parent":566,"menu_order":0,"comment_status":"closed","ping_status":"closed","template":"kg_products_template_1.php","meta":{"pgc_sgb_lightbox_settings":"","footnotes":""},"categories":[33],"tags":[],"class_list":["post-586","page","type-page","status-publish","has-post-thumbnail","hentry","category-elektrostatische-erdung"],"yoast_head":"<!-- This site is optimized with the Yoast SEO plugin v27.1.1 - https:\/\/yoast.com\/product\/yoast-seo-wordpress\/ -->\n<title>SEK3 Kontrollsystem f\u00fcr die Grundber\u00fchrung von Offshore-Tankern - CORONA Serwis<\/title>\n<meta name=\"robots\" content=\"index, follow, max-snippet:-1, max-image-preview:large, max-video-preview:-1\" \/>\n<link rel=\"canonical\" href=\"https:\/\/corona1.eu\/de\/erdungskontrollsystem\/sek3-kontrollsystem-fuer-die-grundberuehrung-von-offshore-tankern\/\" \/>\n<meta property=\"og:locale\" content=\"de_DE\" \/>\n<meta property=\"og:type\" content=\"article\" \/>\n<meta property=\"og:title\" content=\"SEK3 Kontrollsystem f\u00fcr die Grundber\u00fchrung von Offshore-Tankern - CORONA Serwis\" \/>\n<meta property=\"og:description\" content=\"Tankschiffe geh\u00f6ren aufgrund der sehr gro\u00dfen Menge an Treibstoff, die sie transportieren, zu den Anlagen [&hellip;]\" \/>\n<meta property=\"og:url\" content=\"https:\/\/corona1.eu\/de\/erdungskontrollsystem\/sek3-kontrollsystem-fuer-die-grundberuehrung-von-offshore-tankern\/\" \/>\n<meta property=\"og:site_name\" content=\"CORONA Serwis\" \/>\n<meta property=\"article:modified_time\" content=\"2025-06-26T09:32:53+00:00\" \/>\n<meta property=\"og:image\" content=\"https:\/\/corona1.eu\/de\/wp-content\/uploads\/2025\/06\/sek3_1.jpg\" \/>\n\t<meta property=\"og:image:width\" content=\"650\" \/>\n\t<meta property=\"og:image:height\" content=\"650\" \/>\n\t<meta property=\"og:image:type\" content=\"image\/jpeg\" \/>\n<meta name=\"twitter:card\" content=\"summary_large_image\" \/>\n<meta name=\"twitter:label1\" content=\"Gesch\u00e4tzte Lesezeit\" \/>\n\t<meta name=\"twitter:data1\" content=\"2\u00a0Minuten\" \/>\n<script type=\"application\/ld+json\" class=\"yoast-schema-graph\">{\"@context\":\"https:\/\/schema.org\",\"@graph\":[{\"@type\":\"WebPage\",\"@id\":\"https:\/\/corona1.eu\/de\/erdungskontrollsystem\/sek3-kontrollsystem-fuer-die-grundberuehrung-von-offshore-tankern\/\",\"url\":\"https:\/\/corona1.eu\/de\/erdungskontrollsystem\/sek3-kontrollsystem-fuer-die-grundberuehrung-von-offshore-tankern\/\",\"name\":\"SEK3 Kontrollsystem f\u00fcr die Grundber\u00fchrung von Offshore-Tankern - CORONA Serwis\",\"isPartOf\":{\"@id\":\"https:\/\/corona1.eu\/de\/#website\"},\"primaryImageOfPage\":{\"@id\":\"https:\/\/corona1.eu\/de\/erdungskontrollsystem\/sek3-kontrollsystem-fuer-die-grundberuehrung-von-offshore-tankern\/#primaryimage\"},\"image\":{\"@id\":\"https:\/\/corona1.eu\/de\/erdungskontrollsystem\/sek3-kontrollsystem-fuer-die-grundberuehrung-von-offshore-tankern\/#primaryimage\"},\"thumbnailUrl\":\"https:\/\/corona1.eu\/de\/wp-content\/uploads\/2025\/06\/sek3_1.jpg\",\"datePublished\":\"2025-06-26T09:32:26+00:00\",\"dateModified\":\"2025-06-26T09:32:53+00:00\",\"breadcrumb\":{\"@id\":\"https:\/\/corona1.eu\/de\/erdungskontrollsystem\/sek3-kontrollsystem-fuer-die-grundberuehrung-von-offshore-tankern\/#breadcrumb\"},\"inLanguage\":\"de\",\"potentialAction\":[{\"@type\":\"ReadAction\",\"target\":[\"https:\/\/corona1.eu\/de\/erdungskontrollsystem\/sek3-kontrollsystem-fuer-die-grundberuehrung-von-offshore-tankern\/\"]}]},{\"@type\":\"ImageObject\",\"inLanguage\":\"de\",\"@id\":\"https:\/\/corona1.eu\/de\/erdungskontrollsystem\/sek3-kontrollsystem-fuer-die-grundberuehrung-von-offshore-tankern\/#primaryimage\",\"url\":\"https:\/\/corona1.eu\/de\/wp-content\/uploads\/2025\/06\/sek3_1.jpg\",\"contentUrl\":\"https:\/\/corona1.eu\/de\/wp-content\/uploads\/2025\/06\/sek3_1.jpg\",\"width\":650,\"height\":650},{\"@type\":\"BreadcrumbList\",\"@id\":\"https:\/\/corona1.eu\/de\/erdungskontrollsystem\/sek3-kontrollsystem-fuer-die-grundberuehrung-von-offshore-tankern\/#breadcrumb\",\"itemListElement\":[{\"@type\":\"ListItem\",\"position\":1,\"name\":\"Startseite\",\"item\":\"https:\/\/corona1.eu\/de\/\"},{\"@type\":\"ListItem\",\"position\":2,\"name\":\"Erdungskontrollsystem\",\"item\":\"https:\/\/corona1.eu\/de\/erdungskontrollsystem\/\"},{\"@type\":\"ListItem\",\"position\":3,\"name\":\"SEK3 Kontrollsystem f\u00fcr die Grundber\u00fchrung von Offshore-Tankern\"}]},{\"@type\":\"WebSite\",\"@id\":\"https:\/\/corona1.eu\/de\/#website\",\"url\":\"https:\/\/corona1.eu\/de\/\",\"name\":\"CORONA Serwis\",\"description\":\"\",\"potentialAction\":[{\"@type\":\"SearchAction\",\"target\":{\"@type\":\"EntryPoint\",\"urlTemplate\":\"https:\/\/corona1.eu\/de\/?s={search_term_string}\"},\"query-input\":{\"@type\":\"PropertyValueSpecification\",\"valueRequired\":true,\"valueName\":\"search_term_string\"}}],\"inLanguage\":\"de\"}]}<\/script>\n<!-- \/ Yoast SEO plugin. -->","yoast_head_json":{"title":"SEK3 Kontrollsystem f\u00fcr die Grundber\u00fchrung von Offshore-Tankern - CORONA Serwis","robots":{"index":"index","follow":"follow","max-snippet":"max-snippet:-1","max-image-preview":"max-image-preview:large","max-video-preview":"max-video-preview:-1"},"canonical":"https:\/\/corona1.eu\/de\/erdungskontrollsystem\/sek3-kontrollsystem-fuer-die-grundberuehrung-von-offshore-tankern\/","og_locale":"de_DE","og_type":"article","og_title":"SEK3 Kontrollsystem f\u00fcr die Grundber\u00fchrung von Offshore-Tankern - CORONA Serwis","og_description":"Tankschiffe geh\u00f6ren aufgrund der sehr gro\u00dfen Menge an Treibstoff, die sie transportieren, zu den Anlagen [&hellip;]","og_url":"https:\/\/corona1.eu\/de\/erdungskontrollsystem\/sek3-kontrollsystem-fuer-die-grundberuehrung-von-offshore-tankern\/","og_site_name":"CORONA Serwis","article_modified_time":"2025-06-26T09:32:53+00:00","og_image":[{"width":650,"height":650,"url":"https:\/\/corona1.eu\/de\/wp-content\/uploads\/2025\/06\/sek3_1.jpg","type":"image\/jpeg"}],"twitter_card":"summary_large_image","twitter_misc":{"Gesch\u00e4tzte Lesezeit":"2\u00a0Minuten"},"schema":{"@context":"https:\/\/schema.org","@graph":[{"@type":"WebPage","@id":"https:\/\/corona1.eu\/de\/erdungskontrollsystem\/sek3-kontrollsystem-fuer-die-grundberuehrung-von-offshore-tankern\/","url":"https:\/\/corona1.eu\/de\/erdungskontrollsystem\/sek3-kontrollsystem-fuer-die-grundberuehrung-von-offshore-tankern\/","name":"SEK3 Kontrollsystem f\u00fcr die Grundber\u00fchrung von Offshore-Tankern - CORONA Serwis","isPartOf":{"@id":"https:\/\/corona1.eu\/de\/#website"},"primaryImageOfPage":{"@id":"https:\/\/corona1.eu\/de\/erdungskontrollsystem\/sek3-kontrollsystem-fuer-die-grundberuehrung-von-offshore-tankern\/#primaryimage"},"image":{"@id":"https:\/\/corona1.eu\/de\/erdungskontrollsystem\/sek3-kontrollsystem-fuer-die-grundberuehrung-von-offshore-tankern\/#primaryimage"},"thumbnailUrl":"https:\/\/corona1.eu\/de\/wp-content\/uploads\/2025\/06\/sek3_1.jpg","datePublished":"2025-06-26T09:32:26+00:00","dateModified":"2025-06-26T09:32:53+00:00","breadcrumb":{"@id":"https:\/\/corona1.eu\/de\/erdungskontrollsystem\/sek3-kontrollsystem-fuer-die-grundberuehrung-von-offshore-tankern\/#breadcrumb"},"inLanguage":"de","potentialAction":[{"@type":"ReadAction","target":["https:\/\/corona1.eu\/de\/erdungskontrollsystem\/sek3-kontrollsystem-fuer-die-grundberuehrung-von-offshore-tankern\/"]}]},{"@type":"ImageObject","inLanguage":"de","@id":"https:\/\/corona1.eu\/de\/erdungskontrollsystem\/sek3-kontrollsystem-fuer-die-grundberuehrung-von-offshore-tankern\/#primaryimage","url":"https:\/\/corona1.eu\/de\/wp-content\/uploads\/2025\/06\/sek3_1.jpg","contentUrl":"https:\/\/corona1.eu\/de\/wp-content\/uploads\/2025\/06\/sek3_1.jpg","width":650,"height":650},{"@type":"BreadcrumbList","@id":"https:\/\/corona1.eu\/de\/erdungskontrollsystem\/sek3-kontrollsystem-fuer-die-grundberuehrung-von-offshore-tankern\/#breadcrumb","itemListElement":[{"@type":"ListItem","position":1,"name":"Startseite","item":"https:\/\/corona1.eu\/de\/"},{"@type":"ListItem","position":2,"name":"Erdungskontrollsystem","item":"https:\/\/corona1.eu\/de\/erdungskontrollsystem\/"},{"@type":"ListItem","position":3,"name":"SEK3 Kontrollsystem f\u00fcr die Grundber\u00fchrung von Offshore-Tankern"}]},{"@type":"WebSite","@id":"https:\/\/corona1.eu\/de\/#website","url":"https:\/\/corona1.eu\/de\/","name":"CORONA Serwis","description":"","potentialAction":[{"@type":"SearchAction","target":{"@type":"EntryPoint","urlTemplate":"https:\/\/corona1.eu\/de\/?s={search_term_string}"},"query-input":{"@type":"PropertyValueSpecification","valueRequired":true,"valueName":"search_term_string"}}],"inLanguage":"de"}]}},"_links":{"self":[{"href":"https:\/\/corona1.eu\/de\/wp-json\/wp\/v2\/pages\/586","targetHints":{"allow":["GET"]}}],"collection":[{"href":"https:\/\/corona1.eu\/de\/wp-json\/wp\/v2\/pages"}],"about":[{"href":"https:\/\/corona1.eu\/de\/wp-json\/wp\/v2\/types\/page"}],"author":[{"embeddable":true,"href":"https:\/\/corona1.eu\/de\/wp-json\/wp\/v2\/users\/1"}],"replies":[{"embeddable":true,"href":"https:\/\/corona1.eu\/de\/wp-json\/wp\/v2\/comments?post=586"}],"version-history":[{"count":2,"href":"https:\/\/corona1.eu\/de\/wp-json\/wp\/v2\/pages\/586\/revisions"}],"predecessor-version":[{"id":589,"href":"https:\/\/corona1.eu\/de\/wp-json\/wp\/v2\/pages\/586\/revisions\/589"}],"up":[{"embeddable":true,"href":"https:\/\/corona1.eu\/de\/wp-json\/wp\/v2\/pages\/566"}],"wp:featuredmedia":[{"embeddable":true,"href":"https:\/\/corona1.eu\/de\/wp-json\/wp\/v2\/media\/587"}],"wp:attachment":[{"href":"https:\/\/corona1.eu\/de\/wp-json\/wp\/v2\/media?parent=586"}],"wp:term":[{"taxonomy":"category","embeddable":true,"href":"https:\/\/corona1.eu\/de\/wp-json\/wp\/v2\/categories?post=586"},{"taxonomy":"post_tag","embeddable":true,"href":"https:\/\/corona1.eu\/de\/wp-json\/wp\/v2\/tags?post=586"}],"curies":[{"name":"wp","href":"https:\/\/api.w.org\/{rel}","templated":true}]}}