{"id":582,"date":"2025-06-26T11:23:16","date_gmt":"2025-06-26T09:23:16","guid":{"rendered":"https:\/\/corona1.eu\/de\/?page_id=582"},"modified":"2025-06-26T11:23:42","modified_gmt":"2025-06-26T09:23:42","slug":"big-bag-ekx-fibc-flexibles-sackbodenkontrollsystem","status":"publish","type":"page","link":"https:\/\/corona1.eu\/de\/erdungskontrollsystem\/big-bag-ekx-fibc-flexibles-sackbodenkontrollsystem\/","title":{"rendered":"BIG BAG EKX-FIBC Flexibles Sackbodenkontrollsystem"},"content":{"rendered":"\n\n<p>Beim Umgang mit pulverf\u00f6rmigen Stoffen in technologischen Prozessen, wie z. B. Mehl oder Zucker, entsteht eine staubige, brennbare, explosive Atmosph\u00e4re. Pneumatisches F\u00f6rdern, Mischen oder Umf\u00fcllen erzeugt eine sehr hohe elektrostatische Aufladung und kann in Verbindung mit der geringen Z\u00fcndenergie vieler Stoffe zu gef\u00e4hrlichen Zwischenf\u00e4llen f\u00fchren.<br><br>Um das Risiko einer Entz\u00fcndung, die durch Funkenentladung verursacht werden kann, zu minimieren, wird empfohlen, aktive Erdungskontrollsysteme f\u00fcr Prozessanlagen und Big Bags aus Nylon zu verwenden, da diese am h\u00e4ufigsten f\u00fcr die Verpackung und den Transport von Sch\u00fcttgut verwendet werden.<br><br>Es ist wichtig, dass die Big Bags vom Typ C sind &#8211; das bedeutet, dass eine Metalllitze in den Sack eingewoben ist, die elektrostatische Aufladungen des Mediums aufnimmt, die wiederum zur Erde abgeleitet werden k\u00f6nnen.<br><br>Im Falle eines pl\u00f6tzlichen Verlustes der Erdung durch eine sich l\u00f6sende Klemme oder das Umsto\u00dfen durch einen Arbeiter erkennt das System den Fehler, geht in einen NO END-Modus \u00fcber und sendet ein Signal an den Schaltschrank, um den Prozess zu stoppen. Eine Wiederinbetriebnahme ist nur m\u00f6glich, wenn die Erdungsklammer wieder angebracht wird.<\/p>\n\n\n\n<div class=\"pgc-sgb-cb wp-block-pgcsimplygalleryblock-grid \" data-gallery-id=\"95c56113\"><div class=\"sgb-preloader\" id=\"pr_95c56113\">\n\t<div class=\"sgb-square\" style=\"background:#d4d4d4\"><\/div>\n\t<div class=\"sgb-square\" style=\"background:#d4d4d4\"><\/div>\n\t<div class=\"sgb-square\" style=\"background:#d4d4d4\"><\/div>\n\t<div class=\"sgb-square\" style=\"background:#d4d4d4\"><\/div><\/div><div class=\"simply-gallery-amp pgc_sgb_slider \"><noscript><div class=\"sgb-gallery\"><div class=\"sgb-item\"><a href=\"https:\/\/corona1.eu\/system-kontroli-uziemienia-elastycznych-workow-big-bag-ekx-fibc\/system-kontroli-uziemienia-workow-big-bag-ekx-fibc\/\" target=\"_blank\"><img decoding=\"async\" alt=\"\" width=\"300\" height=\"300\" loading=\"lazy\" src=\"https:\/\/corona1.eu\/wp-content\/uploads\/2022\/09\/system-kontroli-uziemienia-workow-big-bag-ekx-fibc-300x300.jpg\" srcset=\"https:\/\/corona1.eu\/wp-content\/uploads\/2022\/09\/system-kontroli-uziemienia-workow-big-bag-ekx-fibc-300x300.jpg 300w,https:\/\/corona1.eu\/wp-content\/uploads\/2022\/09\/system-kontroli-uziemienia-workow-big-bag-ekx-fibc.jpg 900w\" sizes=\"auto, 250px\"\/><\/a><\/div><div class=\"sgb-item\"><a href=\"https:\/\/corona1.eu\/system-kontroli-uziemienia-elastycznych-workow-big-bag-ekx-fibc\/system-kontroli-uziemienia-workow-big-bag-ekx-fibc-z-zaciskami\/\" target=\"_blank\"><img decoding=\"async\" alt=\"\" width=\"300\" height=\"300\" loading=\"lazy\" src=\"https:\/\/corona1.eu\/wp-content\/uploads\/2022\/09\/system-kontroli-uziemienia-workow-big-bag-ekx-fibc-z-zaciskami-300x300.jpg\" srcset=\"https:\/\/corona1.eu\/wp-content\/uploads\/2022\/09\/system-kontroli-uziemienia-workow-big-bag-ekx-fibc-z-zaciskami-300x300.jpg 300w,https:\/\/corona1.eu\/wp-content\/uploads\/2022\/09\/system-kontroli-uziemienia-workow-big-bag-ekx-fibc-z-zaciskami.jpg 900w\" sizes=\"auto, 250px\"\/><\/a><\/div><div class=\"sgb-item\"><a href=\"https:\/\/corona1.eu\/system-kontroli-uziemienia-elastycznych-workow-big-bag-ekx-fibc\/urzadzenie-monitorujace-uziemienie-ekx-fibc-big-bagow-typ-c\/\" target=\"_blank\"><img decoding=\"async\" alt=\"\" width=\"300\" height=\"300\" loading=\"lazy\" src=\"https:\/\/corona1.eu\/wp-content\/uploads\/2022\/09\/urzadzenie-monitorujace-uziemienie-ekx-fibc-big-bagow-typ-C-300x300.jpg\" srcset=\"https:\/\/corona1.eu\/wp-content\/uploads\/2022\/09\/urzadzenie-monitorujace-uziemienie-ekx-fibc-big-bagow-typ-C-300x300.jpg 300w,https:\/\/corona1.eu\/wp-content\/uploads\/2022\/09\/urzadzenie-monitorujace-uziemienie-ekx-fibc-big-bagow-typ-C.jpg 900w\" sizes=\"auto, 250px\"\/><\/a><\/div><\/div><\/noscript><\/div><script type=\"application\/json\" class=\"sgb-data\">{\"collectionThumbSubMenuDownload\":false,\"collectionThumbSubMenuShare\":false,\"galleryType\":\"pgc_sgb_grid\",\"galleryId\":\"95c56113\",\"images\":[{\"id\":1506,\"title\":\"system-kontroli-uziemienia-workow-big-bag-ekx-fibc\",\"url\":\"https:\/\/corona1.eu\/wp-content\/uploads\/2022\/09\/system-kontroli-uziemienia-workow-big-bag-ekx-fibc.jpg\",\"link\":\"https:\/\/corona1.eu\/system-kontroli-uziemienia-elastycznych-workow-big-bag-ekx-fibc\/system-kontroli-uziemienia-workow-big-bag-ekx-fibc\/\",\"alt\":\"\",\"description\":\"\",\"caption\":\"\",\"mime\":\"image\/jpeg\",\"type\":\"image\",\"width\":900,\"height\":900,\"sizes\":{\"thumbnail\":{\"height\":150,\"width\":150,\"url\":\"https:\/\/corona1.eu\/wp-content\/uploads\/2022\/09\/system-kontroli-uziemienia-workow-big-bag-ekx-fibc-150x150.jpg\",\"orientation\":\"landscape\"},\"medium\":{\"height\":300,\"width\":300,\"url\":\"https:\/\/corona1.eu\/wp-content\/uploads\/2022\/09\/system-kontroli-uziemienia-workow-big-bag-ekx-fibc-300x300.jpg\",\"orientation\":\"landscape\"},\"full\":{\"url\":\"https:\/\/corona1.eu\/wp-content\/uploads\/2022\/09\/system-kontroli-uziemienia-workow-big-bag-ekx-fibc.jpg\",\"height\":900,\"width\":900,\"orientation\":\"landscape\"}},\"meta\":false,\"postlink\":\"https:\/\/corona1.eu\/system-kontroli-uziemienia-elastycznych-workow-big-bag-ekx-fibc\/system-kontroli-uziemienia-workow-big-bag-ekx-fibc\/\"},{\"id\":1507,\"title\":\"system-kontroli-uziemienia-workow-big-bag-ekx-fibc-z-zaciskami\",\"url\":\"https:\/\/corona1.eu\/wp-content\/uploads\/2022\/09\/system-kontroli-uziemienia-workow-big-bag-ekx-fibc-z-zaciskami.jpg\",\"link\":\"https:\/\/corona1.eu\/system-kontroli-uziemienia-elastycznych-workow-big-bag-ekx-fibc\/system-kontroli-uziemienia-workow-big-bag-ekx-fibc-z-zaciskami\/\",\"alt\":\"\",\"description\":\"\",\"caption\":\"\",\"mime\":\"image\/jpeg\",\"type\":\"image\",\"width\":900,\"height\":900,\"sizes\":{\"thumbnail\":{\"height\":150,\"width\":150,\"url\":\"https:\/\/corona1.eu\/wp-content\/uploads\/2022\/09\/system-kontroli-uziemienia-workow-big-bag-ekx-fibc-z-zaciskami-150x150.jpg\",\"orientation\":\"landscape\"},\"medium\":{\"height\":300,\"width\":300,\"url\":\"https:\/\/corona1.eu\/wp-content\/uploads\/2022\/09\/system-kontroli-uziemienia-workow-big-bag-ekx-fibc-z-zaciskami-300x300.jpg\",\"orientation\":\"landscape\"},\"full\":{\"url\":\"https:\/\/corona1.eu\/wp-content\/uploads\/2022\/09\/system-kontroli-uziemienia-workow-big-bag-ekx-fibc-z-zaciskami.jpg\",\"height\":900,\"width\":900,\"orientation\":\"landscape\"}},\"meta\":false,\"postlink\":\"https:\/\/corona1.eu\/system-kontroli-uziemienia-elastycznych-workow-big-bag-ekx-fibc\/system-kontroli-uziemienia-workow-big-bag-ekx-fibc-z-zaciskami\/\"},{\"id\":1508,\"title\":\"urzadzenie-monitorujace-uziemienie-ekx-fibc-big-bagow-typ-C\",\"url\":\"https:\/\/corona1.eu\/wp-content\/uploads\/2022\/09\/urzadzenie-monitorujace-uziemienie-ekx-fibc-big-bagow-typ-C.jpg\",\"link\":\"https:\/\/corona1.eu\/system-kontroli-uziemienia-elastycznych-workow-big-bag-ekx-fibc\/urzadzenie-monitorujace-uziemienie-ekx-fibc-big-bagow-typ-c\/\",\"alt\":\"\",\"description\":\"\",\"caption\":\"\",\"mime\":\"image\/jpeg\",\"type\":\"image\",\"width\":900,\"height\":900,\"sizes\":{\"thumbnail\":{\"height\":150,\"width\":150,\"url\":\"https:\/\/corona1.eu\/wp-content\/uploads\/2022\/09\/urzadzenie-monitorujace-uziemienie-ekx-fibc-big-bagow-typ-C-150x150.jpg\",\"orientation\":\"landscape\"},\"medium\":{\"height\":300,\"width\":300,\"url\":\"https:\/\/corona1.eu\/wp-content\/uploads\/2022\/09\/urzadzenie-monitorujace-uziemienie-ekx-fibc-big-bagow-typ-C-300x300.jpg\",\"orientation\":\"landscape\"},\"full\":{\"url\":\"https:\/\/corona1.eu\/wp-content\/uploads\/2022\/09\/urzadzenie-monitorujace-uziemienie-ekx-fibc-big-bagow-typ-C.jpg\",\"height\":900,\"width\":900,\"orientation\":\"landscape\"}},\"meta\":false,\"postlink\":\"https:\/\/corona1.eu\/system-kontroli-uziemienia-elastycznych-workow-big-bag-ekx-fibc\/urzadzenie-monitorujace-uziemienie-ekx-fibc-big-bagow-typ-c\/\"}],\"itemsMetaDataCollection\":[]}<\/script><script>(function(){if(window.PGC_SGB && window.PGC_SGB.searcher){window.PGC_SGB.searcher.initBlocks()}})()<\/script><\/div>\n\n\n\n\n<div style=\"height:60px\" aria-hidden=\"true\" class=\"wp-block-spacer\"><\/div>\n\n\n\n\n\n<p><strong>Funktionsprinzip des flexiblen Big-Bag-Erdungssystems EKX-FIBC<\/strong><br><br>Das Erdungskontrollsystem EKX-FIBC ist f\u00fcr Big Bags aus Nylon des Typs C bestimmt, entl\u00e4dt diese und \u00fcberwacht kontinuierlich den Widerstand. Ein solches System ist mit potentialfreien Kontakten ausgestattet, die den Bef\u00fcllungsprozess starten oder unterbrechen, wenn die Erdung w\u00e4hrend der Bef\u00fcllung verloren geht.<\/p>\n\n\n\n\n\n<p><strong>Vorteile des Systems<\/strong><\/p>\n\n\n\n\n\n<ul class=\"wp-block-list\">\n\n<li>Laufende \u00dcberwachung des korrekten Erdungszustandes w\u00e4hrend des Prozesses<\/li>\n\n\n\n\n\n<li>Prozessverriegelung f\u00fcr den Fall, dass keine Erdung der Big Bags festgestellt wird<\/li>\n\n\n\n\n\n<li>Schnelle Installation, einfache Inbetriebnahme und Benutzerfreundlichkeit<\/li>\n\n\n\n\n\n<li>Funktionale Sicherheit (SIL 2)<\/li>\n\n\n\n\n\n<li>Modernes Explosionsschutzkonzept (IEPC)<\/li>\n\n<\/ul>\n\n\n\n\n\n<p><\/p>\n\n\n\n\n\n<p><strong>Komponenten des flexiblen Big-Bag-Erdungssystems EKX-FIBC<\/strong><\/p>\n\n\n\n\n\n<ul class=\"wp-block-list\">\n\n<li>Ex-Erdungs\u00fcberwachungseinheit (mit potentialfreien Kontakten zur Prozessverriegelung bei fehlender Erdung und Aktivierung der Licht- und Tonsignaleinrichtung)<\/li>\n\n\n\n\n\n<li>Ex- und NAMUR-konforme Steuerausg\u00e4nge zum \u00d6ffnen der Anlage im explosionsgef\u00e4hrdeten Bereich, z.B. bei Kabelwechsel<\/li>\n\n\n\n\n\n<li>Zwei Erdungsklemmen mit Kabel (die Klemme hat eine spezielle Verzahnung, die das Sackmaterial nicht zerst\u00f6rt)<\/li>\n\n\n\n\n\n<li>Ein Satz Ex-Verschraubungen<\/li>\n\n\n\n\n\n<li>Optional kann das System mit einem Zwischenmodul ausgestattet werden, das es erm\u00f6glicht, die Erdungszangen bis zu 20 m von der \u00dcberwachungseinheit entfernt zu platzieren<\/li>\n\n<\/ul>\n\n\n\n\n\n<p><\/p>\n\n\n\n\n\n<p><strong>Zertifizierung des flexiblen Big-Bag-Erdungssystems EKX-FIBC<\/strong><\/p>\n\n\n\n\n\n<ul class=\"wp-block-list\">\n\n<li>Ex II 2 G &#8211; Ex eb ib q IIB T4 Gb<\/li>\n\n\n\n\n\n<li>Ex II 2 D &#8211; Ex ib tb IIIC T80\u00b0C Db<\/li>\n\n<\/ul>\n\n\n\n\n\n<p><\/p>\n\n","protected":false},"excerpt":{"rendered":"<p>Beim Umgang mit pulverf\u00f6rmigen Stoffen in technologischen Prozessen, wie z. B. Mehl oder Zucker, entsteht [&hellip;]<\/p>\n","protected":false},"author":1,"featured_media":583,"parent":566,"menu_order":0,"comment_status":"closed","ping_status":"closed","template":"kg_products_template_1.php","meta":{"pgc_sgb_lightbox_settings":"","footnotes":""},"categories":[33],"tags":[],"class_list":["post-582","page","type-page","status-publish","has-post-thumbnail","hentry","category-elektrostatische-erdung"],"yoast_head":"<!-- This site is optimized with the Yoast SEO plugin v27.1.1 - https:\/\/yoast.com\/product\/yoast-seo-wordpress\/ -->\n<title>BIG BAG EKX-FIBC Flexibles Sackbodenkontrollsystem - CORONA Serwis<\/title>\n<meta name=\"robots\" content=\"index, follow, max-snippet:-1, max-image-preview:large, max-video-preview:-1\" \/>\n<link rel=\"canonical\" href=\"https:\/\/corona1.eu\/de\/erdungskontrollsystem\/big-bag-ekx-fibc-flexibles-sackbodenkontrollsystem\/\" \/>\n<meta property=\"og:locale\" content=\"de_DE\" \/>\n<meta property=\"og:type\" content=\"article\" \/>\n<meta property=\"og:title\" content=\"BIG BAG EKX-FIBC Flexibles Sackbodenkontrollsystem - CORONA Serwis\" \/>\n<meta property=\"og:description\" content=\"Beim Umgang mit pulverf\u00f6rmigen Stoffen in technologischen Prozessen, wie z. B. Mehl oder Zucker, entsteht [&hellip;]\" \/>\n<meta property=\"og:url\" content=\"https:\/\/corona1.eu\/de\/erdungskontrollsystem\/big-bag-ekx-fibc-flexibles-sackbodenkontrollsystem\/\" \/>\n<meta property=\"og:site_name\" content=\"CORONA Serwis\" \/>\n<meta property=\"article:modified_time\" content=\"2025-06-26T09:23:42+00:00\" \/>\n<meta property=\"og:image\" content=\"https:\/\/corona1.eu\/de\/wp-content\/uploads\/2025\/06\/system-kontroli-uziemienia-workow-big-bag-ekx-fibc.jpg\" \/>\n\t<meta property=\"og:image:width\" content=\"900\" \/>\n\t<meta property=\"og:image:height\" content=\"900\" \/>\n\t<meta property=\"og:image:type\" content=\"image\/jpeg\" \/>\n<meta name=\"twitter:card\" content=\"summary_large_image\" \/>\n<meta name=\"twitter:label1\" content=\"Gesch\u00e4tzte Lesezeit\" \/>\n\t<meta name=\"twitter:data1\" content=\"3\u00a0Minuten\" \/>\n<script type=\"application\/ld+json\" class=\"yoast-schema-graph\">{\"@context\":\"https:\/\/schema.org\",\"@graph\":[{\"@type\":\"WebPage\",\"@id\":\"https:\/\/corona1.eu\/de\/erdungskontrollsystem\/big-bag-ekx-fibc-flexibles-sackbodenkontrollsystem\/\",\"url\":\"https:\/\/corona1.eu\/de\/erdungskontrollsystem\/big-bag-ekx-fibc-flexibles-sackbodenkontrollsystem\/\",\"name\":\"BIG BAG EKX-FIBC Flexibles Sackbodenkontrollsystem - CORONA Serwis\",\"isPartOf\":{\"@id\":\"https:\/\/corona1.eu\/de\/#website\"},\"primaryImageOfPage\":{\"@id\":\"https:\/\/corona1.eu\/de\/erdungskontrollsystem\/big-bag-ekx-fibc-flexibles-sackbodenkontrollsystem\/#primaryimage\"},\"image\":{\"@id\":\"https:\/\/corona1.eu\/de\/erdungskontrollsystem\/big-bag-ekx-fibc-flexibles-sackbodenkontrollsystem\/#primaryimage\"},\"thumbnailUrl\":\"https:\/\/corona1.eu\/de\/wp-content\/uploads\/2025\/06\/system-kontroli-uziemienia-workow-big-bag-ekx-fibc.jpg\",\"datePublished\":\"2025-06-26T09:23:16+00:00\",\"dateModified\":\"2025-06-26T09:23:42+00:00\",\"breadcrumb\":{\"@id\":\"https:\/\/corona1.eu\/de\/erdungskontrollsystem\/big-bag-ekx-fibc-flexibles-sackbodenkontrollsystem\/#breadcrumb\"},\"inLanguage\":\"de\",\"potentialAction\":[{\"@type\":\"ReadAction\",\"target\":[\"https:\/\/corona1.eu\/de\/erdungskontrollsystem\/big-bag-ekx-fibc-flexibles-sackbodenkontrollsystem\/\"]}]},{\"@type\":\"ImageObject\",\"inLanguage\":\"de\",\"@id\":\"https:\/\/corona1.eu\/de\/erdungskontrollsystem\/big-bag-ekx-fibc-flexibles-sackbodenkontrollsystem\/#primaryimage\",\"url\":\"https:\/\/corona1.eu\/de\/wp-content\/uploads\/2025\/06\/system-kontroli-uziemienia-workow-big-bag-ekx-fibc.jpg\",\"contentUrl\":\"https:\/\/corona1.eu\/de\/wp-content\/uploads\/2025\/06\/system-kontroli-uziemienia-workow-big-bag-ekx-fibc.jpg\",\"width\":900,\"height\":900},{\"@type\":\"BreadcrumbList\",\"@id\":\"https:\/\/corona1.eu\/de\/erdungskontrollsystem\/big-bag-ekx-fibc-flexibles-sackbodenkontrollsystem\/#breadcrumb\",\"itemListElement\":[{\"@type\":\"ListItem\",\"position\":1,\"name\":\"Startseite\",\"item\":\"https:\/\/corona1.eu\/de\/\"},{\"@type\":\"ListItem\",\"position\":2,\"name\":\"Erdungskontrollsystem\",\"item\":\"https:\/\/corona1.eu\/de\/erdungskontrollsystem\/\"},{\"@type\":\"ListItem\",\"position\":3,\"name\":\"BIG BAG EKX-FIBC Flexibles Sackbodenkontrollsystem\"}]},{\"@type\":\"WebSite\",\"@id\":\"https:\/\/corona1.eu\/de\/#website\",\"url\":\"https:\/\/corona1.eu\/de\/\",\"name\":\"CORONA Serwis\",\"description\":\"\",\"potentialAction\":[{\"@type\":\"SearchAction\",\"target\":{\"@type\":\"EntryPoint\",\"urlTemplate\":\"https:\/\/corona1.eu\/de\/?s={search_term_string}\"},\"query-input\":{\"@type\":\"PropertyValueSpecification\",\"valueRequired\":true,\"valueName\":\"search_term_string\"}}],\"inLanguage\":\"de\"}]}<\/script>\n<!-- \/ Yoast SEO plugin. -->","yoast_head_json":{"title":"BIG BAG EKX-FIBC Flexibles Sackbodenkontrollsystem - CORONA Serwis","robots":{"index":"index","follow":"follow","max-snippet":"max-snippet:-1","max-image-preview":"max-image-preview:large","max-video-preview":"max-video-preview:-1"},"canonical":"https:\/\/corona1.eu\/de\/erdungskontrollsystem\/big-bag-ekx-fibc-flexibles-sackbodenkontrollsystem\/","og_locale":"de_DE","og_type":"article","og_title":"BIG BAG EKX-FIBC Flexibles Sackbodenkontrollsystem - CORONA Serwis","og_description":"Beim Umgang mit pulverf\u00f6rmigen Stoffen in technologischen Prozessen, wie z. B. Mehl oder Zucker, entsteht [&hellip;]","og_url":"https:\/\/corona1.eu\/de\/erdungskontrollsystem\/big-bag-ekx-fibc-flexibles-sackbodenkontrollsystem\/","og_site_name":"CORONA Serwis","article_modified_time":"2025-06-26T09:23:42+00:00","og_image":[{"width":900,"height":900,"url":"https:\/\/corona1.eu\/de\/wp-content\/uploads\/2025\/06\/system-kontroli-uziemienia-workow-big-bag-ekx-fibc.jpg","type":"image\/jpeg"}],"twitter_card":"summary_large_image","twitter_misc":{"Gesch\u00e4tzte Lesezeit":"3\u00a0Minuten"},"schema":{"@context":"https:\/\/schema.org","@graph":[{"@type":"WebPage","@id":"https:\/\/corona1.eu\/de\/erdungskontrollsystem\/big-bag-ekx-fibc-flexibles-sackbodenkontrollsystem\/","url":"https:\/\/corona1.eu\/de\/erdungskontrollsystem\/big-bag-ekx-fibc-flexibles-sackbodenkontrollsystem\/","name":"BIG BAG EKX-FIBC Flexibles Sackbodenkontrollsystem - CORONA Serwis","isPartOf":{"@id":"https:\/\/corona1.eu\/de\/#website"},"primaryImageOfPage":{"@id":"https:\/\/corona1.eu\/de\/erdungskontrollsystem\/big-bag-ekx-fibc-flexibles-sackbodenkontrollsystem\/#primaryimage"},"image":{"@id":"https:\/\/corona1.eu\/de\/erdungskontrollsystem\/big-bag-ekx-fibc-flexibles-sackbodenkontrollsystem\/#primaryimage"},"thumbnailUrl":"https:\/\/corona1.eu\/de\/wp-content\/uploads\/2025\/06\/system-kontroli-uziemienia-workow-big-bag-ekx-fibc.jpg","datePublished":"2025-06-26T09:23:16+00:00","dateModified":"2025-06-26T09:23:42+00:00","breadcrumb":{"@id":"https:\/\/corona1.eu\/de\/erdungskontrollsystem\/big-bag-ekx-fibc-flexibles-sackbodenkontrollsystem\/#breadcrumb"},"inLanguage":"de","potentialAction":[{"@type":"ReadAction","target":["https:\/\/corona1.eu\/de\/erdungskontrollsystem\/big-bag-ekx-fibc-flexibles-sackbodenkontrollsystem\/"]}]},{"@type":"ImageObject","inLanguage":"de","@id":"https:\/\/corona1.eu\/de\/erdungskontrollsystem\/big-bag-ekx-fibc-flexibles-sackbodenkontrollsystem\/#primaryimage","url":"https:\/\/corona1.eu\/de\/wp-content\/uploads\/2025\/06\/system-kontroli-uziemienia-workow-big-bag-ekx-fibc.jpg","contentUrl":"https:\/\/corona1.eu\/de\/wp-content\/uploads\/2025\/06\/system-kontroli-uziemienia-workow-big-bag-ekx-fibc.jpg","width":900,"height":900},{"@type":"BreadcrumbList","@id":"https:\/\/corona1.eu\/de\/erdungskontrollsystem\/big-bag-ekx-fibc-flexibles-sackbodenkontrollsystem\/#breadcrumb","itemListElement":[{"@type":"ListItem","position":1,"name":"Startseite","item":"https:\/\/corona1.eu\/de\/"},{"@type":"ListItem","position":2,"name":"Erdungskontrollsystem","item":"https:\/\/corona1.eu\/de\/erdungskontrollsystem\/"},{"@type":"ListItem","position":3,"name":"BIG BAG EKX-FIBC Flexibles Sackbodenkontrollsystem"}]},{"@type":"WebSite","@id":"https:\/\/corona1.eu\/de\/#website","url":"https:\/\/corona1.eu\/de\/","name":"CORONA Serwis","description":"","potentialAction":[{"@type":"SearchAction","target":{"@type":"EntryPoint","urlTemplate":"https:\/\/corona1.eu\/de\/?s={search_term_string}"},"query-input":{"@type":"PropertyValueSpecification","valueRequired":true,"valueName":"search_term_string"}}],"inLanguage":"de"}]}},"_links":{"self":[{"href":"https:\/\/corona1.eu\/de\/wp-json\/wp\/v2\/pages\/582","targetHints":{"allow":["GET"]}}],"collection":[{"href":"https:\/\/corona1.eu\/de\/wp-json\/wp\/v2\/pages"}],"about":[{"href":"https:\/\/corona1.eu\/de\/wp-json\/wp\/v2\/types\/page"}],"author":[{"embeddable":true,"href":"https:\/\/corona1.eu\/de\/wp-json\/wp\/v2\/users\/1"}],"replies":[{"embeddable":true,"href":"https:\/\/corona1.eu\/de\/wp-json\/wp\/v2\/comments?post=582"}],"version-history":[{"count":2,"href":"https:\/\/corona1.eu\/de\/wp-json\/wp\/v2\/pages\/582\/revisions"}],"predecessor-version":[{"id":585,"href":"https:\/\/corona1.eu\/de\/wp-json\/wp\/v2\/pages\/582\/revisions\/585"}],"up":[{"embeddable":true,"href":"https:\/\/corona1.eu\/de\/wp-json\/wp\/v2\/pages\/566"}],"wp:featuredmedia":[{"embeddable":true,"href":"https:\/\/corona1.eu\/de\/wp-json\/wp\/v2\/media\/583"}],"wp:attachment":[{"href":"https:\/\/corona1.eu\/de\/wp-json\/wp\/v2\/media?parent=582"}],"wp:term":[{"taxonomy":"category","embeddable":true,"href":"https:\/\/corona1.eu\/de\/wp-json\/wp\/v2\/categories?post=582"},{"taxonomy":"post_tag","embeddable":true,"href":"https:\/\/corona1.eu\/de\/wp-json\/wp\/v2\/tags?post=582"}],"curies":[{"name":"wp","href":"https:\/\/api.w.org\/{rel}","templated":true}]}}