{"id":58,"date":"2025-02-25T10:40:45","date_gmt":"2025-02-25T09:40:45","guid":{"rendered":"https:\/\/corona1.eu\/de\/?page_id=58"},"modified":"2025-02-25T11:15:00","modified_gmt":"2025-02-25T10:15:00","slug":"ele-quench-flammensperre","status":"publish","type":"page","link":"https:\/\/corona1.eu\/de\/flammenlose-entlastung-flammensperren\/ele-quench-flammensperre\/","title":{"rendered":"Ele-Quench\u2122 Flammensperre\u200b"},"content":{"rendered":"\n<p>Fike entwickelt einfache und zuverl\u00e4ssige L\u00f6sungen f\u00fcr die Explosionsvorbereitung, die alle Sicherheitsanforderungen erf\u00fcllen. Im Durchschnitt wird die H\u00e4lfte aller Getreideexplosionen in Becherelevatoren ausgel\u00f6st. Fike hat den Eleguard speziell f\u00fcr diesen Typ entwickelt &#8211; eine Explosionsplatte, die sehr einfach an den Elevatorbeinen montiert werden kann. F\u00fcr Innenanwendungen, bei denen eine Entladung der Explosion in die Atmosph\u00e4re unerw\u00fcnscht oder sogar unm\u00f6glich ist.<\/p>\n\n\n\n<p>Fike bietet Flammendurchschlagsicherungen an, die mit dem Eleguard zusammenarbeiten. Die Flammensperre Ele-Quench von Fike verhindert das Entweichen von Flammen und Nebenprodukten, die bei einer Explosion entstehen. Die beiden Ger\u00e4te, Ele-Quench &#8211; Flammensperre, Filter und Eleguard &#8211; Sicherheitsplatte, k\u00f6nnen direkt am Elevator montiert und festgezogen werden.<\/p>\n\n\n\n<p>Eine Vielzahl von Tests hat gezeigt, dass bei Verwendung von Ele-Quench von Fike die volle Durchsatzleistung erhalten bleibt. Sprengtests im gro\u00dfen Ma\u00dfstab haben gezeigt, dass der Auslegungsdruck bei Verwendung des Ele-Quench-Filters gleich bleibt. Daher muss die Gr\u00f6\u00dfe der Sicherheitsplatte nicht erh\u00f6ht werden, um den angenommenen Auslegungsdruck aufrechtzuerhalten. Alle Werte bleiben wie urspr\u00fcnglich f\u00fcr die Sicherheitsplatte berechnet.<\/p>\n\n\n\n<h3 class=\"wp-block-heading\"><strong>Vorteile:<\/strong><\/h3>\n\n\n\n<ul class=\"wp-block-list\">\n<li>Feuerschutzfilter<\/li>\n\n\n\n<li>Integrierter Rahmen und besch\u00e4digungssichere Dichtungen<\/li>\n\n\n\n<li>Alle dynamisch getestet nur in Fike 100% Leistung nach dem \u00d6ffnen<\/li>\n\n\n\n<li>Hohe mechanische Produktintegrit\u00e4t, einfache Installation durch eigenes Personal<\/li>\n\n\n\n<li>Nicht zersplitternde Teile<\/li>\n\n\n\n<li>Die Ausr\u00fcstung erfordert keine Wartung<\/li>\n<\/ul>\n\n\n\n<p><\/p>\n\n\n\n<h3 class=\"wp-block-heading\"><strong>Nutzen:<\/strong><\/h3>\n\n\n\n<ul class=\"wp-block-list\">\n<li>Verhindert das Entweichen von Staub und Flammen aus bel\u00fcfteten Bereichen<\/li>\n\n\n\n<li>Ideal f\u00fcr den Einsatz in Innenr\u00e4umen<\/li>\n\n\n\n<li>Einfache, nicht geschwei\u00dfte 6-Schrauben-Installation einschlie\u00dflich Eleguard<\/li>\n\n\n\n<li>Zertifizierter Berstdruck, 100% garantierte Leistung auch unterhalb des Berstdrucks bei besch\u00e4digter Sicherheitsplatte<\/li>\n\n\n\n<li>Alles bei Fike wird in der Realit\u00e4t getestet, nicht nur in Computersimulationen. Optimierter \u00d6ffnungsbereich. Die Konstruktion des Eleguard-Explosionsschutzes erfolgt ohne Ele-Quench<\/li>\n\n\n\n<li>Lange Produktlebensdauer<\/li>\n\n\n\n<li>Reduzierte Ausfallzeiten und Wartungskosten<\/li>\n\n\n\n<li>Minimierte Gefahr f\u00fcr Personal und Ausr\u00fcstung<\/li>\n\n\n\n<li>Geringere Betriebskosten<\/li>\n<\/ul>\n\n\n\n<p><\/p>\n\n\n\n<figure class=\"wp-block-gallery has-nested-images columns-default is-cropped wp-block-gallery-1 is-layout-flex wp-block-gallery-is-layout-flex\">\n<figure class=\"wp-block-image size-large\"><img decoding=\"async\" src=\"https:\/\/corona1.eu\/wp-content\/uploads\/2022\/09\/EleQuench-product1-742x720-1-300x291-1.jpg\" alt=\"\"\/><\/figure>\n\n\n\n<figure class=\"wp-block-image size-large\"><img decoding=\"async\" src=\"https:\/\/corona1.eu\/wp-content\/uploads\/2022\/09\/EleQuench-product3-742x720-1.jpg\" alt=\"\"\/><\/figure>\n<\/figure>\n","protected":false},"excerpt":{"rendered":"<p>Fike entwickelt einfache und zuverl\u00e4ssige L\u00f6sungen f\u00fcr die Explosionsvorbereitung, die alle Sicherheitsanforderungen erf\u00fcllen. Im Durchschnitt [&hellip;]<\/p>\n","protected":false},"author":1,"featured_media":59,"parent":66,"menu_order":0,"comment_status":"closed","ping_status":"closed","template":"kg_products_template.php","meta":{"pgc_sgb_lightbox_settings":"","footnotes":""},"categories":[12],"tags":[],"class_list":["post-58","page","type-page","status-publish","has-post-thumbnail","hentry","category-flammensperren"],"yoast_head":"<!-- This site is optimized with the Yoast SEO plugin v27.1.1 - https:\/\/yoast.com\/product\/yoast-seo-wordpress\/ -->\n<title>Ele-Quench\u2122 Flammensperre\u200b - CORONA Serwis<\/title>\n<meta name=\"robots\" content=\"index, follow, max-snippet:-1, max-image-preview:large, max-video-preview:-1\" \/>\n<link rel=\"canonical\" href=\"https:\/\/corona1.eu\/de\/flammenlose-entlastung-flammensperren\/ele-quench-flammensperre\/\" \/>\n<meta property=\"og:locale\" content=\"de_DE\" \/>\n<meta property=\"og:type\" content=\"article\" \/>\n<meta property=\"og:title\" content=\"Ele-Quench\u2122 Flammensperre\u200b - CORONA Serwis\" \/>\n<meta property=\"og:description\" content=\"Fike entwickelt einfache und zuverl\u00e4ssige L\u00f6sungen f\u00fcr die Explosionsvorbereitung, die alle Sicherheitsanforderungen erf\u00fcllen. Im Durchschnitt [&hellip;]\" \/>\n<meta property=\"og:url\" content=\"https:\/\/corona1.eu\/de\/flammenlose-entlastung-flammensperren\/ele-quench-flammensperre\/\" \/>\n<meta property=\"og:site_name\" content=\"CORONA Serwis\" \/>\n<meta property=\"article:modified_time\" content=\"2025-02-25T10:15:00+00:00\" \/>\n<meta property=\"og:image\" content=\"https:\/\/corona1.eu\/de\/wp-content\/uploads\/2025\/02\/EleQuench-product1-742x720-1-300x291-1.jpg\" \/>\n\t<meta property=\"og:image:width\" content=\"300\" \/>\n\t<meta property=\"og:image:height\" content=\"291\" \/>\n\t<meta property=\"og:image:type\" content=\"image\/jpeg\" \/>\n<meta name=\"twitter:card\" content=\"summary_large_image\" \/>\n<meta name=\"twitter:label1\" content=\"Gesch\u00e4tzte Lesezeit\" \/>\n\t<meta name=\"twitter:data1\" content=\"3\u00a0Minuten\" \/>\n<script type=\"application\/ld+json\" class=\"yoast-schema-graph\">{\"@context\":\"https:\/\/schema.org\",\"@graph\":[{\"@type\":\"WebPage\",\"@id\":\"https:\/\/corona1.eu\/de\/flammenlose-entlastung-flammensperren\/ele-quench-flammensperre\/\",\"url\":\"https:\/\/corona1.eu\/de\/flammenlose-entlastung-flammensperren\/ele-quench-flammensperre\/\",\"name\":\"Ele-Quench\u2122 Flammensperre\u200b - CORONA Serwis\",\"isPartOf\":{\"@id\":\"https:\/\/corona1.eu\/de\/#website\"},\"primaryImageOfPage\":{\"@id\":\"https:\/\/corona1.eu\/de\/flammenlose-entlastung-flammensperren\/ele-quench-flammensperre\/#primaryimage\"},\"image\":{\"@id\":\"https:\/\/corona1.eu\/de\/flammenlose-entlastung-flammensperren\/ele-quench-flammensperre\/#primaryimage\"},\"thumbnailUrl\":\"https:\/\/corona1.eu\/de\/wp-content\/uploads\/2025\/02\/EleQuench-product1-742x720-1-300x291-1.jpg\",\"datePublished\":\"2025-02-25T09:40:45+00:00\",\"dateModified\":\"2025-02-25T10:15:00+00:00\",\"breadcrumb\":{\"@id\":\"https:\/\/corona1.eu\/de\/flammenlose-entlastung-flammensperren\/ele-quench-flammensperre\/#breadcrumb\"},\"inLanguage\":\"de\",\"potentialAction\":[{\"@type\":\"ReadAction\",\"target\":[\"https:\/\/corona1.eu\/de\/flammenlose-entlastung-flammensperren\/ele-quench-flammensperre\/\"]}]},{\"@type\":\"ImageObject\",\"inLanguage\":\"de\",\"@id\":\"https:\/\/corona1.eu\/de\/flammenlose-entlastung-flammensperren\/ele-quench-flammensperre\/#primaryimage\",\"url\":\"https:\/\/corona1.eu\/de\/wp-content\/uploads\/2025\/02\/EleQuench-product1-742x720-1-300x291-1.jpg\",\"contentUrl\":\"https:\/\/corona1.eu\/de\/wp-content\/uploads\/2025\/02\/EleQuench-product1-742x720-1-300x291-1.jpg\",\"width\":300,\"height\":291},{\"@type\":\"BreadcrumbList\",\"@id\":\"https:\/\/corona1.eu\/de\/flammenlose-entlastung-flammensperren\/ele-quench-flammensperre\/#breadcrumb\",\"itemListElement\":[{\"@type\":\"ListItem\",\"position\":1,\"name\":\"Startseite\",\"item\":\"https:\/\/corona1.eu\/de\/\"},{\"@type\":\"ListItem\",\"position\":2,\"name\":\"Flammenlose Entlastung &#8211; Flammensperren\",\"item\":\"https:\/\/corona1.eu\/de\/flammenlose-entlastung-flammensperren\/\"},{\"@type\":\"ListItem\",\"position\":3,\"name\":\"Ele-Quench\u2122 Flammensperre\u200b\"}]},{\"@type\":\"WebSite\",\"@id\":\"https:\/\/corona1.eu\/de\/#website\",\"url\":\"https:\/\/corona1.eu\/de\/\",\"name\":\"CORONA Serwis\",\"description\":\"\",\"potentialAction\":[{\"@type\":\"SearchAction\",\"target\":{\"@type\":\"EntryPoint\",\"urlTemplate\":\"https:\/\/corona1.eu\/de\/?s={search_term_string}\"},\"query-input\":{\"@type\":\"PropertyValueSpecification\",\"valueRequired\":true,\"valueName\":\"search_term_string\"}}],\"inLanguage\":\"de\"}]}<\/script>\n<!-- \/ Yoast SEO plugin. -->","yoast_head_json":{"title":"Ele-Quench\u2122 Flammensperre\u200b - CORONA Serwis","robots":{"index":"index","follow":"follow","max-snippet":"max-snippet:-1","max-image-preview":"max-image-preview:large","max-video-preview":"max-video-preview:-1"},"canonical":"https:\/\/corona1.eu\/de\/flammenlose-entlastung-flammensperren\/ele-quench-flammensperre\/","og_locale":"de_DE","og_type":"article","og_title":"Ele-Quench\u2122 Flammensperre\u200b - CORONA Serwis","og_description":"Fike entwickelt einfache und zuverl\u00e4ssige L\u00f6sungen f\u00fcr die Explosionsvorbereitung, die alle Sicherheitsanforderungen erf\u00fcllen. Im Durchschnitt [&hellip;]","og_url":"https:\/\/corona1.eu\/de\/flammenlose-entlastung-flammensperren\/ele-quench-flammensperre\/","og_site_name":"CORONA Serwis","article_modified_time":"2025-02-25T10:15:00+00:00","og_image":[{"width":300,"height":291,"url":"https:\/\/corona1.eu\/de\/wp-content\/uploads\/2025\/02\/EleQuench-product1-742x720-1-300x291-1.jpg","type":"image\/jpeg"}],"twitter_card":"summary_large_image","twitter_misc":{"Gesch\u00e4tzte Lesezeit":"3\u00a0Minuten"},"schema":{"@context":"https:\/\/schema.org","@graph":[{"@type":"WebPage","@id":"https:\/\/corona1.eu\/de\/flammenlose-entlastung-flammensperren\/ele-quench-flammensperre\/","url":"https:\/\/corona1.eu\/de\/flammenlose-entlastung-flammensperren\/ele-quench-flammensperre\/","name":"Ele-Quench\u2122 Flammensperre\u200b - CORONA Serwis","isPartOf":{"@id":"https:\/\/corona1.eu\/de\/#website"},"primaryImageOfPage":{"@id":"https:\/\/corona1.eu\/de\/flammenlose-entlastung-flammensperren\/ele-quench-flammensperre\/#primaryimage"},"image":{"@id":"https:\/\/corona1.eu\/de\/flammenlose-entlastung-flammensperren\/ele-quench-flammensperre\/#primaryimage"},"thumbnailUrl":"https:\/\/corona1.eu\/de\/wp-content\/uploads\/2025\/02\/EleQuench-product1-742x720-1-300x291-1.jpg","datePublished":"2025-02-25T09:40:45+00:00","dateModified":"2025-02-25T10:15:00+00:00","breadcrumb":{"@id":"https:\/\/corona1.eu\/de\/flammenlose-entlastung-flammensperren\/ele-quench-flammensperre\/#breadcrumb"},"inLanguage":"de","potentialAction":[{"@type":"ReadAction","target":["https:\/\/corona1.eu\/de\/flammenlose-entlastung-flammensperren\/ele-quench-flammensperre\/"]}]},{"@type":"ImageObject","inLanguage":"de","@id":"https:\/\/corona1.eu\/de\/flammenlose-entlastung-flammensperren\/ele-quench-flammensperre\/#primaryimage","url":"https:\/\/corona1.eu\/de\/wp-content\/uploads\/2025\/02\/EleQuench-product1-742x720-1-300x291-1.jpg","contentUrl":"https:\/\/corona1.eu\/de\/wp-content\/uploads\/2025\/02\/EleQuench-product1-742x720-1-300x291-1.jpg","width":300,"height":291},{"@type":"BreadcrumbList","@id":"https:\/\/corona1.eu\/de\/flammenlose-entlastung-flammensperren\/ele-quench-flammensperre\/#breadcrumb","itemListElement":[{"@type":"ListItem","position":1,"name":"Startseite","item":"https:\/\/corona1.eu\/de\/"},{"@type":"ListItem","position":2,"name":"Flammenlose Entlastung &#8211; Flammensperren","item":"https:\/\/corona1.eu\/de\/flammenlose-entlastung-flammensperren\/"},{"@type":"ListItem","position":3,"name":"Ele-Quench\u2122 Flammensperre\u200b"}]},{"@type":"WebSite","@id":"https:\/\/corona1.eu\/de\/#website","url":"https:\/\/corona1.eu\/de\/","name":"CORONA Serwis","description":"","potentialAction":[{"@type":"SearchAction","target":{"@type":"EntryPoint","urlTemplate":"https:\/\/corona1.eu\/de\/?s={search_term_string}"},"query-input":{"@type":"PropertyValueSpecification","valueRequired":true,"valueName":"search_term_string"}}],"inLanguage":"de"}]}},"_links":{"self":[{"href":"https:\/\/corona1.eu\/de\/wp-json\/wp\/v2\/pages\/58","targetHints":{"allow":["GET"]}}],"collection":[{"href":"https:\/\/corona1.eu\/de\/wp-json\/wp\/v2\/pages"}],"about":[{"href":"https:\/\/corona1.eu\/de\/wp-json\/wp\/v2\/types\/page"}],"author":[{"embeddable":true,"href":"https:\/\/corona1.eu\/de\/wp-json\/wp\/v2\/users\/1"}],"replies":[{"embeddable":true,"href":"https:\/\/corona1.eu\/de\/wp-json\/wp\/v2\/comments?post=58"}],"version-history":[{"count":2,"href":"https:\/\/corona1.eu\/de\/wp-json\/wp\/v2\/pages\/58\/revisions"}],"predecessor-version":[{"id":74,"href":"https:\/\/corona1.eu\/de\/wp-json\/wp\/v2\/pages\/58\/revisions\/74"}],"up":[{"embeddable":true,"href":"https:\/\/corona1.eu\/de\/wp-json\/wp\/v2\/pages\/66"}],"wp:featuredmedia":[{"embeddable":true,"href":"https:\/\/corona1.eu\/de\/wp-json\/wp\/v2\/media\/59"}],"wp:attachment":[{"href":"https:\/\/corona1.eu\/de\/wp-json\/wp\/v2\/media?parent=58"}],"wp:term":[{"taxonomy":"category","embeddable":true,"href":"https:\/\/corona1.eu\/de\/wp-json\/wp\/v2\/categories?post=58"},{"taxonomy":"post_tag","embeddable":true,"href":"https:\/\/corona1.eu\/de\/wp-json\/wp\/v2\/tags?post=58"}],"curies":[{"name":"wp","href":"https:\/\/api.w.org\/{rel}","templated":true}]}}