{"id":577,"date":"2025-06-26T11:03:32","date_gmt":"2025-06-26T09:03:32","guid":{"rendered":"https:\/\/corona1.eu\/de\/?page_id=577"},"modified":"2025-06-26T11:07:20","modified_gmt":"2025-06-26T09:07:20","slug":"ekx-4-2-pole-erdungssteuerungssystem-fuer-verfahrenstechnische-anlagen","status":"publish","type":"page","link":"https:\/\/corona1.eu\/de\/erdungskontrollsystem\/ekx-4-2-pole-erdungssteuerungssystem-fuer-verfahrenstechnische-anlagen\/","title":{"rendered":"EKX-4 2-POLE Erdungssteuerungssystem f\u00fcr verfahrenstechnische Anlagen"},"content":{"rendered":"\n\n<p>Zu den Prozessen, bei denen die Gefahr einer elektrostatischen Entladung besteht, geh\u00f6ren unter anderem Prozesse wie das Entleeren\/Bef\u00fcllen von Gro\u00dfpackmitteln (IBC) und Metallf\u00e4ssern\/Tanks, Gie\u00dfen, Dosieren und Mischen.<br><br>Wenn bei den oben genannten Prozessen Medien gehandhabt werden, die entz\u00fcndliche explosionsf\u00e4hige Atmosph\u00e4ren verursachen, ist es wichtig, daran zu denken, zertifizierte Erdungssteuerungssysteme zu verwenden, die elektrostatische Ladungen sicher und kontinuierlich zur Erde ableiten und den Widerstand messen.<\/p>\n\n\n\n<div class=\"pgc-sgb-cb wp-block-pgcsimplygalleryblock-grid \" data-gallery-id=\"57b68862\"><div class=\"sgb-preloader\" id=\"pr_57b68862\">\n\t<div class=\"sgb-square\" style=\"background:#d4d4d4\"><\/div>\n\t<div class=\"sgb-square\" style=\"background:#d4d4d4\"><\/div>\n\t<div class=\"sgb-square\" style=\"background:#d4d4d4\"><\/div>\n\t<div class=\"sgb-square\" style=\"background:#d4d4d4\"><\/div><\/div><div class=\"simply-gallery-amp pgc_sgb_slider \"><noscript><div class=\"sgb-gallery\"><div class=\"sgb-item\"><a href=\"https:\/\/corona1.eu\/system-kontroli-uziemienia-instalacji-procesowych-ekx-4-2-pole\/system1\/\" target=\"_blank\"><img decoding=\"async\" alt=\"\" width=\"300\" height=\"300\" loading=\"lazy\" src=\"https:\/\/corona1.eu\/wp-content\/uploads\/2022\/09\/SYSTEM1-300x300.jpg\" srcset=\"https:\/\/corona1.eu\/wp-content\/uploads\/2022\/09\/SYSTEM1-300x300.jpg 300w,https:\/\/corona1.eu\/wp-content\/uploads\/2022\/09\/SYSTEM1.jpg 400w\" sizes=\"auto, 250px\"\/><\/a><\/div><div class=\"sgb-item\"><a href=\"https:\/\/corona1.eu\/system-kontroli-uziemienia-instalacji-procesowych-ekx-4-2-pole\/urzadz1\/\" target=\"_blank\"><img decoding=\"async\" alt=\"\" width=\"300\" height=\"300\" loading=\"lazy\" src=\"https:\/\/corona1.eu\/wp-content\/uploads\/2022\/09\/URZADZ1-300x300.jpg\" srcset=\"https:\/\/corona1.eu\/wp-content\/uploads\/2022\/09\/URZADZ1-300x300.jpg 300w,https:\/\/corona1.eu\/wp-content\/uploads\/2022\/09\/URZADZ1.jpg 900w\" sizes=\"auto, 250px\"\/><\/a><\/div><div class=\"sgb-item\"><a href=\"https:\/\/corona1.eu\/system-kontroli-uziemienia-instalacji-procesowych-ekx-4-2-pole\/zacisk-uziemiajacy-ex-z-przewodem-spiralnym\/\" target=\"_blank\"><img decoding=\"async\" alt=\"\" width=\"300\" height=\"300\" loading=\"lazy\" src=\"https:\/\/corona1.eu\/wp-content\/uploads\/2022\/09\/zacisk-uziemiajacy-ex-z-przewodem-spiralnym-300x300.jpg\" srcset=\"https:\/\/corona1.eu\/wp-content\/uploads\/2022\/09\/zacisk-uziemiajacy-ex-z-przewodem-spiralnym-300x300.jpg 300w,https:\/\/corona1.eu\/wp-content\/uploads\/2022\/09\/zacisk-uziemiajacy-ex-z-przewodem-spiralnym.jpg 900w\" sizes=\"auto, 250px\"\/><\/a><\/div><\/div><\/noscript><\/div><script type=\"application\/json\" class=\"sgb-data\">{\"collectionThumbSubMenuDownload\":false,\"collectionThumbSubMenuShare\":false,\"galleryType\":\"pgc_sgb_grid\",\"galleryId\":\"57b68862\",\"images\":[{\"id\":1500,\"title\":\"SYSTEM1\",\"url\":\"https:\/\/corona1.eu\/wp-content\/uploads\/2022\/09\/SYSTEM1.jpg\",\"link\":\"https:\/\/corona1.eu\/system-kontroli-uziemienia-instalacji-procesowych-ekx-4-2-pole\/system1\/\",\"alt\":\"\",\"description\":\"\",\"caption\":\"\",\"mime\":\"image\/jpeg\",\"type\":\"image\",\"width\":400,\"height\":400,\"sizes\":{\"thumbnail\":{\"height\":150,\"width\":150,\"url\":\"https:\/\/corona1.eu\/wp-content\/uploads\/2022\/09\/SYSTEM1-150x150.jpg\",\"orientation\":\"landscape\"},\"medium\":{\"height\":300,\"width\":300,\"url\":\"https:\/\/corona1.eu\/wp-content\/uploads\/2022\/09\/SYSTEM1-300x300.jpg\",\"orientation\":\"landscape\"},\"full\":{\"url\":\"https:\/\/corona1.eu\/wp-content\/uploads\/2022\/09\/SYSTEM1.jpg\",\"height\":400,\"width\":400,\"orientation\":\"landscape\"}},\"meta\":false,\"postlink\":\"https:\/\/corona1.eu\/system-kontroli-uziemienia-instalacji-procesowych-ekx-4-2-pole\/system1\/\"},{\"id\":1501,\"title\":\"URZADZ1\",\"url\":\"https:\/\/corona1.eu\/wp-content\/uploads\/2022\/09\/URZADZ1.jpg\",\"link\":\"https:\/\/corona1.eu\/system-kontroli-uziemienia-instalacji-procesowych-ekx-4-2-pole\/urzadz1\/\",\"alt\":\"\",\"description\":\"\",\"caption\":\"\",\"mime\":\"image\/jpeg\",\"type\":\"image\",\"width\":900,\"height\":900,\"sizes\":{\"thumbnail\":{\"height\":150,\"width\":150,\"url\":\"https:\/\/corona1.eu\/wp-content\/uploads\/2022\/09\/URZADZ1-150x150.jpg\",\"orientation\":\"landscape\"},\"medium\":{\"height\":300,\"width\":300,\"url\":\"https:\/\/corona1.eu\/wp-content\/uploads\/2022\/09\/URZADZ1-300x300.jpg\",\"orientation\":\"landscape\"},\"full\":{\"url\":\"https:\/\/corona1.eu\/wp-content\/uploads\/2022\/09\/URZADZ1.jpg\",\"height\":900,\"width\":900,\"orientation\":\"landscape\"}},\"meta\":false,\"postlink\":\"https:\/\/corona1.eu\/system-kontroli-uziemienia-instalacji-procesowych-ekx-4-2-pole\/urzadz1\/\"},{\"id\":1502,\"title\":\"zacisk-uziemiajacy-ex-z-przewodem-spiralnym\",\"url\":\"https:\/\/corona1.eu\/wp-content\/uploads\/2022\/09\/zacisk-uziemiajacy-ex-z-przewodem-spiralnym.jpg\",\"link\":\"https:\/\/corona1.eu\/system-kontroli-uziemienia-instalacji-procesowych-ekx-4-2-pole\/zacisk-uziemiajacy-ex-z-przewodem-spiralnym\/\",\"alt\":\"\",\"description\":\"\",\"caption\":\"\",\"mime\":\"image\/jpeg\",\"type\":\"image\",\"width\":900,\"height\":900,\"sizes\":{\"thumbnail\":{\"height\":150,\"width\":150,\"url\":\"https:\/\/corona1.eu\/wp-content\/uploads\/2022\/09\/zacisk-uziemiajacy-ex-z-przewodem-spiralnym-150x150.jpg\",\"orientation\":\"landscape\"},\"medium\":{\"height\":300,\"width\":300,\"url\":\"https:\/\/corona1.eu\/wp-content\/uploads\/2022\/09\/zacisk-uziemiajacy-ex-z-przewodem-spiralnym-300x300.jpg\",\"orientation\":\"landscape\"},\"full\":{\"url\":\"https:\/\/corona1.eu\/wp-content\/uploads\/2022\/09\/zacisk-uziemiajacy-ex-z-przewodem-spiralnym.jpg\",\"height\":900,\"width\":900,\"orientation\":\"landscape\"}},\"meta\":false,\"postlink\":\"https:\/\/corona1.eu\/system-kontroli-uziemienia-instalacji-procesowych-ekx-4-2-pole\/zacisk-uziemiajacy-ex-z-przewodem-spiralnym\/\"}],\"itemsMetaDataCollection\":[]}<\/script><script>(function(){if(window.PGC_SGB && window.PGC_SGB.searcher){window.PGC_SGB.searcher.initBlocks()}})()<\/script><\/div>\n\n\n\n\n<div style=\"height:60px\" aria-hidden=\"true\" class=\"wp-block-spacer\"><\/div>\n\n\n\n\n\n<p><strong>Prinzip des Erdungskontrollsystems EKX-4 2POLE f\u00fcr Prozessanlagen<\/strong><br><br>Bei der Verwendung von EKX-4 2-POLE Erdungskontrollsystemen f\u00fcr Prozessanlagen erh\u00e4lt der Benutzer eine visuelle Best\u00e4tigung durch das Aufleuchten einer gr\u00fcnen Kontrollleuchte, dass der Tank oder die Prozessanlage einen f\u00fcr den Betrieb akzeptablen Widerstand aufweist.<br><br>Im Falle eines pl\u00f6tzlichen Verlustes der Erdung durch eine sich l\u00f6sende oder von einem Arbeiter umgesto\u00dfene Klemme erkennt das System den Fehler, geht in den NO ENABLE-Modus \u00fcber und sendet ein Signal an den Schaltschrank, um den Prozess zu stoppen. Ein Neustart ist nur m\u00f6glich, wenn die Erdungsklemme wieder angebracht wird<strong>.Komponenten des EKX-4 2-POLE Erdungs\u00fcberwachungssystems f\u00fcr Prozessanlagen<\/strong><\/p>\n\n\n\n\n\n<ul class=\"wp-block-list\">\n\n<li>eine Ex-Erdungs\u00fcberwachungseinheit mit potentialfreien Kontakten, die eine Blockierung des Prozesses bei einem Erdungsausfall und die Aktivierung einer akustischen und optischen Signaleinrichtung erm\u00f6glicht,<\/li>\n\n\n\n\n\n<li>nAMUR-konforme Ex-Steuerausg\u00e4nge, die das \u00d6ffnen der Anlage im explosionsgef\u00e4hrdeten Bereich z.B. beim Kabelwechsel erm\u00f6glichen,<\/li>\n\n\n\n\n\n<li>zertifizierte Edelstahl-Erdungsklemme in Ex,<\/li>\n\n\n\n\n\n<li>spiralf\u00f6rmiges Erdungskabel in verschiedenen L\u00e4ngen oder gerades Kabel auf einer selbstaufrollenden Ex-Spule &#8211; Kabelmantel best\u00e4ndig gegen viele chemische und atmosph\u00e4rische Einfl\u00fcsse,<\/li>\n\n\n\n\n\n<li>satz von Ex-Verschraubungen.<\/li>\n\n<\/ul>\n\n\n\n\n\n<p><\/p>\n\n\n\n\n\n<p><strong>Zertifizierungen des Erdungssteuerungssystems EKX-4 2-POLE f\u00fcr Prozessanlagen<\/strong><\/p>\n\n\n\n\n\n<ul class=\"wp-block-list\">\n\n<li>Ex II 2 G Ex eb q [ib]<\/li>\n\n\n\n\n\n<li>Ex II C T4 Gb<\/li>\n\n\n\n\n\n<li>Ex II 2 D Ex t [ibD] IIIC T80\u00b0C Db<\/li>\n\n\n\n\n\n<li>Erf\u00fcllt die EU-Richtlinie 2014\/34\/EU (T\u00dcV-Zertifikat 11 ATEX 080882)<\/li>\n\n\n\n\n\n<li>SIL2<\/li>\n\n<\/ul>\n\n","protected":false},"excerpt":{"rendered":"<p>Zu den Prozessen, bei denen die Gefahr einer elektrostatischen Entladung besteht, geh\u00f6ren unter anderem Prozesse [&hellip;]<\/p>\n","protected":false},"author":1,"featured_media":578,"parent":566,"menu_order":0,"comment_status":"closed","ping_status":"closed","template":"kg_products_template_1.php","meta":{"pgc_sgb_lightbox_settings":"","footnotes":""},"categories":[33],"tags":[],"class_list":["post-577","page","type-page","status-publish","has-post-thumbnail","hentry","category-elektrostatische-erdung"],"yoast_head":"<!-- This site is optimized with the Yoast SEO plugin v27.1.1 - https:\/\/yoast.com\/product\/yoast-seo-wordpress\/ -->\n<title>EKX-4 2-POLE Erdungssteuerungssystem f\u00fcr verfahrenstechnische Anlagen - CORONA Serwis<\/title>\n<meta name=\"robots\" content=\"index, follow, max-snippet:-1, max-image-preview:large, max-video-preview:-1\" \/>\n<link rel=\"canonical\" href=\"https:\/\/corona1.eu\/de\/erdungskontrollsystem\/ekx-4-2-pole-erdungssteuerungssystem-fuer-verfahrenstechnische-anlagen\/\" \/>\n<meta property=\"og:locale\" content=\"de_DE\" \/>\n<meta property=\"og:type\" content=\"article\" \/>\n<meta property=\"og:title\" content=\"EKX-4 2-POLE Erdungssteuerungssystem f\u00fcr verfahrenstechnische Anlagen - CORONA Serwis\" \/>\n<meta property=\"og:description\" content=\"Zu den Prozessen, bei denen die Gefahr einer elektrostatischen Entladung besteht, geh\u00f6ren unter anderem Prozesse [&hellip;]\" \/>\n<meta property=\"og:url\" content=\"https:\/\/corona1.eu\/de\/erdungskontrollsystem\/ekx-4-2-pole-erdungssteuerungssystem-fuer-verfahrenstechnische-anlagen\/\" \/>\n<meta property=\"og:site_name\" content=\"CORONA Serwis\" \/>\n<meta property=\"article:modified_time\" content=\"2025-06-26T09:07:20+00:00\" \/>\n<meta property=\"og:image\" content=\"https:\/\/corona1.eu\/de\/wp-content\/uploads\/2025\/06\/EKX4-21.jpg\" \/>\n\t<meta property=\"og:image:width\" content=\"900\" \/>\n\t<meta property=\"og:image:height\" content=\"900\" \/>\n\t<meta property=\"og:image:type\" content=\"image\/jpeg\" \/>\n<meta name=\"twitter:card\" content=\"summary_large_image\" \/>\n<meta name=\"twitter:label1\" content=\"Gesch\u00e4tzte Lesezeit\" \/>\n\t<meta name=\"twitter:data1\" content=\"3\u00a0Minuten\" \/>\n<script type=\"application\/ld+json\" class=\"yoast-schema-graph\">{\"@context\":\"https:\/\/schema.org\",\"@graph\":[{\"@type\":\"WebPage\",\"@id\":\"https:\/\/corona1.eu\/de\/erdungskontrollsystem\/ekx-4-2-pole-erdungssteuerungssystem-fuer-verfahrenstechnische-anlagen\/\",\"url\":\"https:\/\/corona1.eu\/de\/erdungskontrollsystem\/ekx-4-2-pole-erdungssteuerungssystem-fuer-verfahrenstechnische-anlagen\/\",\"name\":\"EKX-4 2-POLE Erdungssteuerungssystem f\u00fcr verfahrenstechnische Anlagen - CORONA Serwis\",\"isPartOf\":{\"@id\":\"https:\/\/corona1.eu\/de\/#website\"},\"primaryImageOfPage\":{\"@id\":\"https:\/\/corona1.eu\/de\/erdungskontrollsystem\/ekx-4-2-pole-erdungssteuerungssystem-fuer-verfahrenstechnische-anlagen\/#primaryimage\"},\"image\":{\"@id\":\"https:\/\/corona1.eu\/de\/erdungskontrollsystem\/ekx-4-2-pole-erdungssteuerungssystem-fuer-verfahrenstechnische-anlagen\/#primaryimage\"},\"thumbnailUrl\":\"https:\/\/corona1.eu\/de\/wp-content\/uploads\/2025\/06\/EKX4-21.jpg\",\"datePublished\":\"2025-06-26T09:03:32+00:00\",\"dateModified\":\"2025-06-26T09:07:20+00:00\",\"breadcrumb\":{\"@id\":\"https:\/\/corona1.eu\/de\/erdungskontrollsystem\/ekx-4-2-pole-erdungssteuerungssystem-fuer-verfahrenstechnische-anlagen\/#breadcrumb\"},\"inLanguage\":\"de\",\"potentialAction\":[{\"@type\":\"ReadAction\",\"target\":[\"https:\/\/corona1.eu\/de\/erdungskontrollsystem\/ekx-4-2-pole-erdungssteuerungssystem-fuer-verfahrenstechnische-anlagen\/\"]}]},{\"@type\":\"ImageObject\",\"inLanguage\":\"de\",\"@id\":\"https:\/\/corona1.eu\/de\/erdungskontrollsystem\/ekx-4-2-pole-erdungssteuerungssystem-fuer-verfahrenstechnische-anlagen\/#primaryimage\",\"url\":\"https:\/\/corona1.eu\/de\/wp-content\/uploads\/2025\/06\/EKX4-21.jpg\",\"contentUrl\":\"https:\/\/corona1.eu\/de\/wp-content\/uploads\/2025\/06\/EKX4-21.jpg\",\"width\":900,\"height\":900},{\"@type\":\"BreadcrumbList\",\"@id\":\"https:\/\/corona1.eu\/de\/erdungskontrollsystem\/ekx-4-2-pole-erdungssteuerungssystem-fuer-verfahrenstechnische-anlagen\/#breadcrumb\",\"itemListElement\":[{\"@type\":\"ListItem\",\"position\":1,\"name\":\"Startseite\",\"item\":\"https:\/\/corona1.eu\/de\/\"},{\"@type\":\"ListItem\",\"position\":2,\"name\":\"Erdungskontrollsystem\",\"item\":\"https:\/\/corona1.eu\/de\/erdungskontrollsystem\/\"},{\"@type\":\"ListItem\",\"position\":3,\"name\":\"EKX-4 2-POLE Erdungssteuerungssystem f\u00fcr verfahrenstechnische Anlagen\"}]},{\"@type\":\"WebSite\",\"@id\":\"https:\/\/corona1.eu\/de\/#website\",\"url\":\"https:\/\/corona1.eu\/de\/\",\"name\":\"CORONA Serwis\",\"description\":\"\",\"potentialAction\":[{\"@type\":\"SearchAction\",\"target\":{\"@type\":\"EntryPoint\",\"urlTemplate\":\"https:\/\/corona1.eu\/de\/?s={search_term_string}\"},\"query-input\":{\"@type\":\"PropertyValueSpecification\",\"valueRequired\":true,\"valueName\":\"search_term_string\"}}],\"inLanguage\":\"de\"}]}<\/script>\n<!-- \/ Yoast SEO plugin. -->","yoast_head_json":{"title":"EKX-4 2-POLE Erdungssteuerungssystem f\u00fcr verfahrenstechnische Anlagen - CORONA Serwis","robots":{"index":"index","follow":"follow","max-snippet":"max-snippet:-1","max-image-preview":"max-image-preview:large","max-video-preview":"max-video-preview:-1"},"canonical":"https:\/\/corona1.eu\/de\/erdungskontrollsystem\/ekx-4-2-pole-erdungssteuerungssystem-fuer-verfahrenstechnische-anlagen\/","og_locale":"de_DE","og_type":"article","og_title":"EKX-4 2-POLE Erdungssteuerungssystem f\u00fcr verfahrenstechnische Anlagen - CORONA Serwis","og_description":"Zu den Prozessen, bei denen die Gefahr einer elektrostatischen Entladung besteht, geh\u00f6ren unter anderem Prozesse [&hellip;]","og_url":"https:\/\/corona1.eu\/de\/erdungskontrollsystem\/ekx-4-2-pole-erdungssteuerungssystem-fuer-verfahrenstechnische-anlagen\/","og_site_name":"CORONA Serwis","article_modified_time":"2025-06-26T09:07:20+00:00","og_image":[{"width":900,"height":900,"url":"https:\/\/corona1.eu\/de\/wp-content\/uploads\/2025\/06\/EKX4-21.jpg","type":"image\/jpeg"}],"twitter_card":"summary_large_image","twitter_misc":{"Gesch\u00e4tzte Lesezeit":"3\u00a0Minuten"},"schema":{"@context":"https:\/\/schema.org","@graph":[{"@type":"WebPage","@id":"https:\/\/corona1.eu\/de\/erdungskontrollsystem\/ekx-4-2-pole-erdungssteuerungssystem-fuer-verfahrenstechnische-anlagen\/","url":"https:\/\/corona1.eu\/de\/erdungskontrollsystem\/ekx-4-2-pole-erdungssteuerungssystem-fuer-verfahrenstechnische-anlagen\/","name":"EKX-4 2-POLE Erdungssteuerungssystem f\u00fcr verfahrenstechnische Anlagen - CORONA Serwis","isPartOf":{"@id":"https:\/\/corona1.eu\/de\/#website"},"primaryImageOfPage":{"@id":"https:\/\/corona1.eu\/de\/erdungskontrollsystem\/ekx-4-2-pole-erdungssteuerungssystem-fuer-verfahrenstechnische-anlagen\/#primaryimage"},"image":{"@id":"https:\/\/corona1.eu\/de\/erdungskontrollsystem\/ekx-4-2-pole-erdungssteuerungssystem-fuer-verfahrenstechnische-anlagen\/#primaryimage"},"thumbnailUrl":"https:\/\/corona1.eu\/de\/wp-content\/uploads\/2025\/06\/EKX4-21.jpg","datePublished":"2025-06-26T09:03:32+00:00","dateModified":"2025-06-26T09:07:20+00:00","breadcrumb":{"@id":"https:\/\/corona1.eu\/de\/erdungskontrollsystem\/ekx-4-2-pole-erdungssteuerungssystem-fuer-verfahrenstechnische-anlagen\/#breadcrumb"},"inLanguage":"de","potentialAction":[{"@type":"ReadAction","target":["https:\/\/corona1.eu\/de\/erdungskontrollsystem\/ekx-4-2-pole-erdungssteuerungssystem-fuer-verfahrenstechnische-anlagen\/"]}]},{"@type":"ImageObject","inLanguage":"de","@id":"https:\/\/corona1.eu\/de\/erdungskontrollsystem\/ekx-4-2-pole-erdungssteuerungssystem-fuer-verfahrenstechnische-anlagen\/#primaryimage","url":"https:\/\/corona1.eu\/de\/wp-content\/uploads\/2025\/06\/EKX4-21.jpg","contentUrl":"https:\/\/corona1.eu\/de\/wp-content\/uploads\/2025\/06\/EKX4-21.jpg","width":900,"height":900},{"@type":"BreadcrumbList","@id":"https:\/\/corona1.eu\/de\/erdungskontrollsystem\/ekx-4-2-pole-erdungssteuerungssystem-fuer-verfahrenstechnische-anlagen\/#breadcrumb","itemListElement":[{"@type":"ListItem","position":1,"name":"Startseite","item":"https:\/\/corona1.eu\/de\/"},{"@type":"ListItem","position":2,"name":"Erdungskontrollsystem","item":"https:\/\/corona1.eu\/de\/erdungskontrollsystem\/"},{"@type":"ListItem","position":3,"name":"EKX-4 2-POLE Erdungssteuerungssystem f\u00fcr verfahrenstechnische Anlagen"}]},{"@type":"WebSite","@id":"https:\/\/corona1.eu\/de\/#website","url":"https:\/\/corona1.eu\/de\/","name":"CORONA Serwis","description":"","potentialAction":[{"@type":"SearchAction","target":{"@type":"EntryPoint","urlTemplate":"https:\/\/corona1.eu\/de\/?s={search_term_string}"},"query-input":{"@type":"PropertyValueSpecification","valueRequired":true,"valueName":"search_term_string"}}],"inLanguage":"de"}]}},"_links":{"self":[{"href":"https:\/\/corona1.eu\/de\/wp-json\/wp\/v2\/pages\/577","targetHints":{"allow":["GET"]}}],"collection":[{"href":"https:\/\/corona1.eu\/de\/wp-json\/wp\/v2\/pages"}],"about":[{"href":"https:\/\/corona1.eu\/de\/wp-json\/wp\/v2\/types\/page"}],"author":[{"embeddable":true,"href":"https:\/\/corona1.eu\/de\/wp-json\/wp\/v2\/users\/1"}],"replies":[{"embeddable":true,"href":"https:\/\/corona1.eu\/de\/wp-json\/wp\/v2\/comments?post=577"}],"version-history":[{"count":3,"href":"https:\/\/corona1.eu\/de\/wp-json\/wp\/v2\/pages\/577\/revisions"}],"predecessor-version":[{"id":581,"href":"https:\/\/corona1.eu\/de\/wp-json\/wp\/v2\/pages\/577\/revisions\/581"}],"up":[{"embeddable":true,"href":"https:\/\/corona1.eu\/de\/wp-json\/wp\/v2\/pages\/566"}],"wp:featuredmedia":[{"embeddable":true,"href":"https:\/\/corona1.eu\/de\/wp-json\/wp\/v2\/media\/578"}],"wp:attachment":[{"href":"https:\/\/corona1.eu\/de\/wp-json\/wp\/v2\/media?parent=577"}],"wp:term":[{"taxonomy":"category","embeddable":true,"href":"https:\/\/corona1.eu\/de\/wp-json\/wp\/v2\/categories?post=577"},{"taxonomy":"post_tag","embeddable":true,"href":"https:\/\/corona1.eu\/de\/wp-json\/wp\/v2\/tags?post=577"}],"curies":[{"name":"wp","href":"https:\/\/api.w.org\/{rel}","templated":true}]}}