{"id":571,"date":"2025-06-26T10:54:32","date_gmt":"2025-06-26T08:54:32","guid":{"rendered":"https:\/\/corona1.eu\/de\/?page_id=571"},"modified":"2025-06-26T11:00:00","modified_gmt":"2025-06-26T09:00:00","slug":"grundberuehrung-eines-tankers","status":"publish","type":"page","link":"https:\/\/corona1.eu\/de\/erdungskontrollsystem\/grundberuehrung-eines-tankers\/","title":{"rendered":"Grundber\u00fchrung eines Tankers"},"content":{"rendered":"\n<p>oder Sch\u00fcttg\u00fctern mit Erde, so dass die angesammelte statische Elektrizit\u00e4t sicher in den Boden abgeleitet werden kann.<\/p>\n\n\n\n<p>Dies ist die wichtigste Schutzma\u00dfnahme, um den Aufbau statischer Elektrizit\u00e4t auf den Oberfl\u00e4chen von Stra\u00dfen- und Eisenbahntankwagen zu verhindern, die brennbare Stoffe transportieren. Der Aufbau statischer Elektrizit\u00e4t kann eine erhebliche Brand- oder Explosionsgefahr f\u00fcr brennbare Stoffe darstellen. Aus diesem Grund ist die elektrostatische Erdung ein wesentlicher Bestandteil des sicheren und zuverl\u00e4ssigen Ent- und Beladens dieser Stoffe. <\/p>\n\n\n\n<p><\/p>\n\n\n\n<h3 class=\"wp-block-heading\">Kontrollsystem f\u00fcr die Erdung von Kesselwagen und Schienenfahrzeugen EKX-4<\/h3>\n\n\n\n<p>Ein spezielles System f\u00fcr Stra\u00dfen- und Eisenbahntankwagen. Es verf\u00fcgt \u00fcber eine Objekterkennungsfunktion durch Berechnung der elektrischen Kapazit\u00e4t. Das Ger\u00e4t erkennt dann, ob die Klemme an der richtigen Stelle des Tankwagenfasses oder an einem anderen Metallteil angeschlossen wurde. Diese Funktion verhindert ein falsches Anschlie\u00dfen der Erdungsklemme, da es Situationen gibt, in denen der Fahrer die Klemme nicht am Fass, sondern z. B. an den Metallbolzen im Rad oder an der Metallstruktur, die die Kotfl\u00fcgel verbindet, anschlie\u00dft. Systeme ohne Objekterkennungsfunktion erm\u00f6glichen den Beginn des Be- oder Entladens, nachdem die Klemme falsch angeschlossen wurde, da das System dann nur den Widerstand misst. Solche Situationen k\u00f6nnen ein ernsthaftes Risiko darstellen.<\/p>\n\n\n\n<p>Die Tankwagenerkennungsfunktion des EKX-4-Systems in Verbindung mit der integrierten Selbstdiagnose bietet ein sehr hohes Ma\u00df an Sicherheit und zwingt die Fahrzeugf\u00fchrer, das Terminal bei jedem Umschlag korrekt anzuschlie\u00dfen. Ein falscher Anschluss f\u00fchrt dazu, dass die Pumpen nicht anlaufen k\u00f6nnen.<\/p>\n\n\n\n<p>Das EKX-4-System kann auch zur \u00dcberpr\u00fcfung des Erdungszustandes von Kesselwagen eingesetzt werden, bei denen die elektrische Kapazit\u00e4t nicht gemessen wird.<\/p>\n\n\n\n<h4 class=\"wp-block-heading\">Kesselwagen-Erdung<\/h4>\n\n\n\n<p>Das EKX-4 System wurde entwickelt, um Entladestationen zu sch\u00fctzen, indem es den Erdungszustand w\u00e4hrend des Bef\u00fcllungs- oder Entleerungsprozesses von Stra\u00dfentankwagen in EX-Zonen \u00fcberwacht. Das System verf\u00fcgt \u00fcber eine Objekterkennungsfunktion durch Berechnung der elektrischen Kapazit\u00e4t. Wenn ein falscher Anschluss der Erdungsklemme oder ein Verlust der Erdung festgestellt wird, erlaubt das System nicht, den Prozess zu starten oder fortzusetzen.<\/p>\n\n\n\n<figure class=\"wp-block-image size-full\"><img decoding=\"async\" src=\"https:\/\/corona1.eu\/wp-content\/uploads\/2022\/10\/1_16_45.jpg\" alt=\"\" class=\"wp-image-2187\"\/><\/figure>\n\n\n\n<h4 class=\"wp-block-heading\">Erdung von Kesselwagen<\/h4>\n\n\n\n<p>Ein System zur kontrollierten Ableitung statischer Elektrizit\u00e4t von Metallkesselwagen beim Ent- oder Beladen mit brennbaren Stoffen mit einer Prozessverriegelungsfunktion. Obwohl die Kesselwagen auf metallischen, geerdeten Schienen stehen, haben viele von ihnen verschiedene Arten von Isolatoren, wie z. B. nichtleitende Lager.<\/p>\n\n\n\n<p>Das Erdungssteuerungssystem EKX-4 f\u00fcr Kesselwagen minimiert das Risiko einer Funkenbildung und eines nachfolgenden Brandes\/Explosion in explosionsgef\u00e4hrdeten Bereichen erheblich und erf\u00fcllt die Anforderungen der neuesten nationalen und internationalen Vorschriften.<\/p>\n\n\n\n<figure class=\"wp-block-image size-full\"><img decoding=\"async\" src=\"https:\/\/corona1.eu\/wp-content\/uploads\/2022\/10\/2_16_45.jpg\" alt=\"\" class=\"wp-image-2188\"\/><\/figure>\n\n\n\n<h3 class=\"wp-block-heading\">Woraus besteht das Kesselwagen-Erdungs\u00fcberwachungssystem?<\/h3>\n\n\n\n<div style=\"height:30px\" aria-hidden=\"true\" class=\"wp-block-spacer\"><\/div>\n\n\n\n<h4 class=\"wp-block-heading\">Ex-\u00dcberwachungseinheit<\/h4>\n\n\n\n<p>Das Erdungswiderstandsmessger\u00e4t (\u00dcberwachungsger\u00e4t) ist ein Ger\u00e4t zur Messung des Widerstands der Erdverbindung. Mit dieser Messung wird festgestellt, ob die Verbindung zwischen Kesselwagen und Erde ausreichend niedrig und vor allem sicher ist. Durch die eingebauten Kontakte hat das \u00dcberwachungsger\u00e4t die M\u00f6glichkeit, den Bef\u00fcll- oder Entleerungsvorgang des Tankwagens zu blockieren, so dass eine hohe Prozesssicherheit gew\u00e4hrleistet ist und die Explosions- oder Brandgefahr weitgehend minimiert werden kann.<\/p>\n\n\n\n<h4 class=\"wp-block-heading\">Ex-Erdungsklammern<\/h4>\n\n\n\n<p>Die Erdungsklemme ist ein Teil des Erdungssystems des Kesselwagens. Sie dient dazu, den Kesselwagen \u00fcber ein Erdungskabel und eine \u00dcberwachungseinheit mit der Erde zu verbinden. Die Klemme ist aus rostfreiem Stahl gefertigt und hat eine sehr starke Klemmbacke. Sie soll eine sichere und wirksame Ableitung der angesammelten elektrostatischen Ladungen vom Fass des Fahrzeugs gew\u00e4hrleisten und so die Explosionsgefahr im Falle einer elektrostatischen Entladung w\u00e4hrend des Be- oder Entladevorgangs in Gefahrenbereichen verringern.<\/p>\n\n\n\n<h4 class=\"wp-block-heading\">Erdungskabel<\/h4>\n\n\n\n<p>Das Erdungskabel ist ein weiterer Teil der Erdungsanlage. Es ist in der Regel als Spiralkabel ausgef\u00fchrt, kann aber auch auf eine Spule\/Trommel gewickelt sein. Aus Gr\u00fcnden des Komforts werden gerade Kabel, die sich am Boden verheddern, am seltensten verwendet. Der Kern des Kabels besteht in der Regel aus einem guten elektrischen Leiter, w\u00e4hrend der Mantel aus einem speziellen Material besteht, das gegen alle Arten von Chemikalien best\u00e4ndig ist.<\/p>\n\n\n<div class=\"wp-block-image\">\n<figure class=\"aligncenter size-medium\"><img decoding=\"async\" src=\"https:\/\/corona1.eu\/wp-content\/uploads\/2022\/09\/2399691-300x179.png\" alt=\"\" class=\"wp-image-1296\"\/><\/figure>\n<\/div>\n\n\n<div class=\"schema-faq wp-block-yoast-faq-block\"><div class=\"schema-faq-section\" id=\"faq-question-1675854457900\"><strong class=\"schema-faq-question\"><strong>Warum ist die Erdung von Zisternen wichtig?<\/strong><\/strong> <p class=\"schema-faq-answer\">Die Erdung von Tankwagen ist \u00e4u\u00dferst wichtig, da sie durch eine angemessene Ableitung elektrostatischer Ladungen gef\u00e4hrliche Entladungen verhindert, die zu Explosionen und Br\u00e4nden f\u00fchren k\u00f6nnen. Beim Ent- und Beladen von brennbaren Fl\u00fcssigkeiten und Sch\u00fcttg\u00fctern mit explosiven Eigenschaften muss daher sichergestellt werden, dass die Tankwagen ordnungsgem\u00e4\u00df geerdet sind. Auf diese Weise k\u00f6nnen gef\u00e4hrliche Unf\u00e4lle verhindert werden.<\/p> <\/div> <div class=\"schema-faq-section\" id=\"faq-question-1675854495569\"><strong class=\"schema-faq-question\"><strong>Wie stelle ich sicher, dass Tankschiffe ordnungsgem\u00e4\u00df geerdet sind?<\/strong><\/strong> <p class=\"schema-faq-answer\">Um eine ordnungsgem\u00e4\u00dfe Erdung von Tankschiffen zu gew\u00e4hrleisten, m\u00fcssen Sicherheitsnormen und -vorschriften eingehalten und spezielle Erdungssysteme verwendet werden, vorzugsweise mit \u00dcberwachung des aktuellen Erdungsstatus und der M\u00f6glichkeit, den Prozess zu blockieren. Viele L\u00e4nder haben ihre eigenen Vorschriften f\u00fcr die Erdung von Kesselwagen, die strikt eingehalten werden m\u00fcssen. In Polen gibt es Verordnungen und Normen, die die Anforderungen an den Schutz vor statischer Elektrizit\u00e4t festlegen.<\/p> <\/div> <div class=\"schema-faq-section\" id=\"faq-question-1675854898524\"><strong class=\"schema-faq-question\"><strong>Welche Arten der Tankerdung gibt es?<\/strong><\/strong> <p class=\"schema-faq-answer\">F\u00fcr die Erdung von Tankwagen werden Systeme verwendet, die eine zertifizierte Erdungsklemme, ein Kabel und eine Einheit zur \u00dcberwachung des Erdungszustands umfassen. Die Klemme wird an einer speziellen Stelle des Tankfahrzeugs angeschlossen, die mit dem Symbol &#8222;Erdung&#8220; gekennzeichnet ist. Das \u00dcberwachungsger\u00e4t pr\u00fcft in Echtzeit, ob die elektrostatische Entladung korrekt ist. Um die Sicherheit zu erh\u00f6hen, wird empfohlen, Erdungssysteme f\u00fcr Tankwagen zu verwenden, die den Be- oder Entladevorgang blockieren, wenn die Erdung nicht korrekt ausgef\u00fchrt wird.<\/p> <\/div> <div class=\"schema-faq-section\" id=\"faq-question-1675854927750\"><strong class=\"schema-faq-question\"><strong>Was sollte bei der Erdung von Tanks vermieden werden?<\/strong><\/strong> <p class=\"schema-faq-answer\">Bei der Erdung von Tanks ist es zu vermeiden, die Klemme an Stellen anzuschlie\u00dfen, die nicht f\u00fcr die Erdung vorgesehen sind, wie z. B. die Metallstruktur unter dem Fass des Fahrzeugs (das Fass ist vom Rest des Fahrzeugs isoliert). Dies w\u00fcrde dazu f\u00fchren, dass der Tankwagen nicht richtig geerdet ist. Um solche Situationen zu vermeiden, verf\u00fcgen moderne Systeme \u00fcber eine Funktion zur Erkennung des Fasses durch Berechnung der elektrischen Kapazit\u00e4t. Dies macht es unm\u00f6glich, den Tankwagen zu entladen oder zu beladen, wenn die Klemme des Erdungssystems nicht korrekt angeschlossen ist.<\/p> <\/div> <\/div>\n\n\n\n<p><\/p>\n","protected":false},"excerpt":{"rendered":"<p>oder Sch\u00fcttg\u00fctern mit Erde, so dass die angesammelte statische Elektrizit\u00e4t sicher in den Boden abgeleitet [&hellip;]<\/p>\n","protected":false},"author":1,"featured_media":572,"parent":566,"menu_order":0,"comment_status":"closed","ping_status":"closed","template":"kg_products_template_video.php","meta":{"pgc_sgb_lightbox_settings":"","footnotes":""},"categories":[33],"tags":[],"class_list":["post-571","page","type-page","status-publish","has-post-thumbnail","hentry","category-elektrostatische-erdung"],"yoast_head":"<!-- This site is optimized with the Yoast SEO plugin v27.1.1 - https:\/\/yoast.com\/product\/yoast-seo-wordpress\/ -->\n<title>Grundber\u00fchrung eines Tankers - CORONA Serwis<\/title>\n<meta name=\"robots\" content=\"index, follow, max-snippet:-1, max-image-preview:large, max-video-preview:-1\" \/>\n<link rel=\"canonical\" href=\"https:\/\/corona1.eu\/de\/erdungskontrollsystem\/grundberuehrung-eines-tankers\/\" \/>\n<meta property=\"og:locale\" content=\"de_DE\" \/>\n<meta property=\"og:type\" content=\"article\" \/>\n<meta property=\"og:title\" content=\"Grundber\u00fchrung eines Tankers - CORONA Serwis\" \/>\n<meta property=\"og:description\" content=\"oder Sch\u00fcttg\u00fctern mit Erde, so dass die angesammelte statische Elektrizit\u00e4t sicher in den Boden abgeleitet [&hellip;]\" \/>\n<meta property=\"og:url\" content=\"https:\/\/corona1.eu\/de\/erdungskontrollsystem\/grundberuehrung-eines-tankers\/\" \/>\n<meta property=\"og:site_name\" content=\"CORONA Serwis\" \/>\n<meta property=\"article:modified_time\" content=\"2025-06-26T09:00:00+00:00\" \/>\n<meta property=\"og:image\" content=\"https:\/\/corona1.eu\/de\/wp-content\/uploads\/2025\/06\/1_system-kontroli-uziemien-cystern-samochodowych-ekx-4-e1657543119112.jpg\" \/>\n\t<meta property=\"og:image:width\" content=\"437\" \/>\n\t<meta property=\"og:image:height\" content=\"437\" \/>\n\t<meta property=\"og:image:type\" content=\"image\/jpeg\" \/>\n<meta name=\"twitter:card\" content=\"summary_large_image\" \/>\n<meta name=\"twitter:label1\" content=\"Gesch\u00e4tzte Lesezeit\" \/>\n\t<meta name=\"twitter:data1\" content=\"6\u00a0Minuten\" \/>\n<script type=\"application\/ld+json\" class=\"yoast-schema-graph\">{\"@context\":\"https:\/\/schema.org\",\"@graph\":[{\"@type\":\"WebPage\",\"@id\":\"https:\/\/corona1.eu\/de\/erdungskontrollsystem\/grundberuehrung-eines-tankers\/\",\"url\":\"https:\/\/corona1.eu\/de\/erdungskontrollsystem\/grundberuehrung-eines-tankers\/\",\"name\":\"Grundber\u00fchrung eines Tankers - CORONA Serwis\",\"isPartOf\":{\"@id\":\"https:\/\/corona1.eu\/de\/#website\"},\"primaryImageOfPage\":{\"@id\":\"https:\/\/corona1.eu\/de\/erdungskontrollsystem\/grundberuehrung-eines-tankers\/#primaryimage\"},\"image\":{\"@id\":\"https:\/\/corona1.eu\/de\/erdungskontrollsystem\/grundberuehrung-eines-tankers\/#primaryimage\"},\"thumbnailUrl\":\"https:\/\/corona1.eu\/de\/wp-content\/uploads\/2025\/06\/1_system-kontroli-uziemien-cystern-samochodowych-ekx-4-e1657543119112.jpg\",\"datePublished\":\"2025-06-26T08:54:32+00:00\",\"dateModified\":\"2025-06-26T09:00:00+00:00\",\"breadcrumb\":{\"@id\":\"https:\/\/corona1.eu\/de\/erdungskontrollsystem\/grundberuehrung-eines-tankers\/#breadcrumb\"},\"inLanguage\":\"de\",\"potentialAction\":[{\"@type\":\"ReadAction\",\"target\":[\"https:\/\/corona1.eu\/de\/erdungskontrollsystem\/grundberuehrung-eines-tankers\/\"]}]},{\"@type\":\"ImageObject\",\"inLanguage\":\"de\",\"@id\":\"https:\/\/corona1.eu\/de\/erdungskontrollsystem\/grundberuehrung-eines-tankers\/#primaryimage\",\"url\":\"https:\/\/corona1.eu\/de\/wp-content\/uploads\/2025\/06\/1_system-kontroli-uziemien-cystern-samochodowych-ekx-4-e1657543119112.jpg\",\"contentUrl\":\"https:\/\/corona1.eu\/de\/wp-content\/uploads\/2025\/06\/1_system-kontroli-uziemien-cystern-samochodowych-ekx-4-e1657543119112.jpg\",\"width\":437,\"height\":437},{\"@type\":\"BreadcrumbList\",\"@id\":\"https:\/\/corona1.eu\/de\/erdungskontrollsystem\/grundberuehrung-eines-tankers\/#breadcrumb\",\"itemListElement\":[{\"@type\":\"ListItem\",\"position\":1,\"name\":\"Startseite\",\"item\":\"https:\/\/corona1.eu\/de\/\"},{\"@type\":\"ListItem\",\"position\":2,\"name\":\"Erdungskontrollsystem\",\"item\":\"https:\/\/corona1.eu\/de\/erdungskontrollsystem\/\"},{\"@type\":\"ListItem\",\"position\":3,\"name\":\"Grundber\u00fchrung eines Tankers\"}]},{\"@type\":\"WebSite\",\"@id\":\"https:\/\/corona1.eu\/de\/#website\",\"url\":\"https:\/\/corona1.eu\/de\/\",\"name\":\"CORONA Serwis\",\"description\":\"\",\"potentialAction\":[{\"@type\":\"SearchAction\",\"target\":{\"@type\":\"EntryPoint\",\"urlTemplate\":\"https:\/\/corona1.eu\/de\/?s={search_term_string}\"},\"query-input\":{\"@type\":\"PropertyValueSpecification\",\"valueRequired\":true,\"valueName\":\"search_term_string\"}}],\"inLanguage\":\"de\"}]}<\/script>\n<!-- \/ Yoast SEO plugin. -->","yoast_head_json":{"title":"Grundber\u00fchrung eines Tankers - CORONA Serwis","robots":{"index":"index","follow":"follow","max-snippet":"max-snippet:-1","max-image-preview":"max-image-preview:large","max-video-preview":"max-video-preview:-1"},"canonical":"https:\/\/corona1.eu\/de\/erdungskontrollsystem\/grundberuehrung-eines-tankers\/","og_locale":"de_DE","og_type":"article","og_title":"Grundber\u00fchrung eines Tankers - CORONA Serwis","og_description":"oder Sch\u00fcttg\u00fctern mit Erde, so dass die angesammelte statische Elektrizit\u00e4t sicher in den Boden abgeleitet [&hellip;]","og_url":"https:\/\/corona1.eu\/de\/erdungskontrollsystem\/grundberuehrung-eines-tankers\/","og_site_name":"CORONA Serwis","article_modified_time":"2025-06-26T09:00:00+00:00","og_image":[{"width":437,"height":437,"url":"https:\/\/corona1.eu\/de\/wp-content\/uploads\/2025\/06\/1_system-kontroli-uziemien-cystern-samochodowych-ekx-4-e1657543119112.jpg","type":"image\/jpeg"}],"twitter_card":"summary_large_image","twitter_misc":{"Gesch\u00e4tzte Lesezeit":"6\u00a0Minuten"},"schema":{"@context":"https:\/\/schema.org","@graph":[{"@type":"WebPage","@id":"https:\/\/corona1.eu\/de\/erdungskontrollsystem\/grundberuehrung-eines-tankers\/","url":"https:\/\/corona1.eu\/de\/erdungskontrollsystem\/grundberuehrung-eines-tankers\/","name":"Grundber\u00fchrung eines Tankers - CORONA Serwis","isPartOf":{"@id":"https:\/\/corona1.eu\/de\/#website"},"primaryImageOfPage":{"@id":"https:\/\/corona1.eu\/de\/erdungskontrollsystem\/grundberuehrung-eines-tankers\/#primaryimage"},"image":{"@id":"https:\/\/corona1.eu\/de\/erdungskontrollsystem\/grundberuehrung-eines-tankers\/#primaryimage"},"thumbnailUrl":"https:\/\/corona1.eu\/de\/wp-content\/uploads\/2025\/06\/1_system-kontroli-uziemien-cystern-samochodowych-ekx-4-e1657543119112.jpg","datePublished":"2025-06-26T08:54:32+00:00","dateModified":"2025-06-26T09:00:00+00:00","breadcrumb":{"@id":"https:\/\/corona1.eu\/de\/erdungskontrollsystem\/grundberuehrung-eines-tankers\/#breadcrumb"},"inLanguage":"de","potentialAction":[{"@type":"ReadAction","target":["https:\/\/corona1.eu\/de\/erdungskontrollsystem\/grundberuehrung-eines-tankers\/"]}]},{"@type":"ImageObject","inLanguage":"de","@id":"https:\/\/corona1.eu\/de\/erdungskontrollsystem\/grundberuehrung-eines-tankers\/#primaryimage","url":"https:\/\/corona1.eu\/de\/wp-content\/uploads\/2025\/06\/1_system-kontroli-uziemien-cystern-samochodowych-ekx-4-e1657543119112.jpg","contentUrl":"https:\/\/corona1.eu\/de\/wp-content\/uploads\/2025\/06\/1_system-kontroli-uziemien-cystern-samochodowych-ekx-4-e1657543119112.jpg","width":437,"height":437},{"@type":"BreadcrumbList","@id":"https:\/\/corona1.eu\/de\/erdungskontrollsystem\/grundberuehrung-eines-tankers\/#breadcrumb","itemListElement":[{"@type":"ListItem","position":1,"name":"Startseite","item":"https:\/\/corona1.eu\/de\/"},{"@type":"ListItem","position":2,"name":"Erdungskontrollsystem","item":"https:\/\/corona1.eu\/de\/erdungskontrollsystem\/"},{"@type":"ListItem","position":3,"name":"Grundber\u00fchrung eines Tankers"}]},{"@type":"WebSite","@id":"https:\/\/corona1.eu\/de\/#website","url":"https:\/\/corona1.eu\/de\/","name":"CORONA Serwis","description":"","potentialAction":[{"@type":"SearchAction","target":{"@type":"EntryPoint","urlTemplate":"https:\/\/corona1.eu\/de\/?s={search_term_string}"},"query-input":{"@type":"PropertyValueSpecification","valueRequired":true,"valueName":"search_term_string"}}],"inLanguage":"de"}]}},"_links":{"self":[{"href":"https:\/\/corona1.eu\/de\/wp-json\/wp\/v2\/pages\/571","targetHints":{"allow":["GET"]}}],"collection":[{"href":"https:\/\/corona1.eu\/de\/wp-json\/wp\/v2\/pages"}],"about":[{"href":"https:\/\/corona1.eu\/de\/wp-json\/wp\/v2\/types\/page"}],"author":[{"embeddable":true,"href":"https:\/\/corona1.eu\/de\/wp-json\/wp\/v2\/users\/1"}],"replies":[{"embeddable":true,"href":"https:\/\/corona1.eu\/de\/wp-json\/wp\/v2\/comments?post=571"}],"version-history":[{"count":4,"href":"https:\/\/corona1.eu\/de\/wp-json\/wp\/v2\/pages\/571\/revisions"}],"predecessor-version":[{"id":576,"href":"https:\/\/corona1.eu\/de\/wp-json\/wp\/v2\/pages\/571\/revisions\/576"}],"up":[{"embeddable":true,"href":"https:\/\/corona1.eu\/de\/wp-json\/wp\/v2\/pages\/566"}],"wp:featuredmedia":[{"embeddable":true,"href":"https:\/\/corona1.eu\/de\/wp-json\/wp\/v2\/media\/572"}],"wp:attachment":[{"href":"https:\/\/corona1.eu\/de\/wp-json\/wp\/v2\/media?parent=571"}],"wp:term":[{"taxonomy":"category","embeddable":true,"href":"https:\/\/corona1.eu\/de\/wp-json\/wp\/v2\/categories?post=571"},{"taxonomy":"post_tag","embeddable":true,"href":"https:\/\/corona1.eu\/de\/wp-json\/wp\/v2\/tags?post=571"}],"curies":[{"name":"wp","href":"https:\/\/api.w.org\/{rel}","templated":true}]}}