{"id":566,"date":"2025-06-26T10:42:26","date_gmt":"2025-06-26T08:42:26","guid":{"rendered":"https:\/\/corona1.eu\/de\/?page_id=566"},"modified":"2025-10-21T13:09:10","modified_gmt":"2025-10-21T11:09:10","slug":"erdungskontrollsystem","status":"publish","type":"page","link":"https:\/\/corona1.eu\/de\/erdungskontrollsystem\/","title":{"rendered":"Erdungskontrollsystem"},"content":{"rendered":"\n\n<p>Erdungssteuerungssysteme sind die prim\u00e4ren Mittel zum Schutz gegen statische Elektrizit\u00e4t, die in explosionsgef\u00e4hrdeten Bereichen vorgeschrieben sind und zur Erdung leitf\u00e4higer Komponenten einer Prozessanlage dienen.<\/p>\n\n\n\n\n\n<p>Technische L\u00f6sungen f\u00fcr die elektrostatische Erdung erm\u00f6glichen die Ableitung elektrostatischer Ladungen von Kesselwagen, Eisenbahnkesselwagen, IBC-Tanks, Metallbeh\u00e4ltern, F\u00e4ssern, Wagen und anderen Prozessausr\u00fcstungen (z. B. Mischern) oder deren Instrumentierungskomponenten, die elektrisiert werden und eine ernsthafte Gefahr darstellen k\u00f6nnen. Eine Auswahl dieser Ger\u00e4te \u00fcberwacht den Erdungsstatus in Echtzeit.<\/p>\n\n\n\n\n\n<div class=\"accordion-item\">\n    <div class=\"accordion__item-header collapsed\" data-toggle=\"collapse\" data-target=\"#collapse1p\" aria-expanded=\"false\">\n       <a class=\"accordion__item-title\" href=\"#\">Produktgruppen<\/a>\n    <\/div><!-- \/.accordion-item-header -->\n\n    <div id=\"collapse1p\" class=\"collapse\" data-parent=\"#accordion\">\n        <div class=\"accordion__item-body\">\n            <p>\n               <b>Es gibt zwei wichtige Produktgruppen:<\/b>\n            <\/p><ul>\n                <li>systeme f\u00fcr die \u00dcberwachung und t\u00e4gliche Kontrolle der Erdungsbedingungen,<\/li>\n                <li>erdungszangen (auch Klemmen, Zangen, Zangen, Erdungsclips, Krokodile genannt), die mit\n                    ein- oder zweiadrigen Kabeln &#8211; zur Ableitung elektrostatischer Ladungen.<\/li>\n            <\/ul>\n            <p><\/p>\n        <\/div><!-- \/.accordion-item-body -->\n\n    <\/div>\n<\/div>\n<div class=\"accordion-item\">\n    <div class=\"accordion__item-header collapsed\" data-toggle=\"collapse\" data-target=\"#collapse2p\" aria-expanded=\"false\">\n       <a class=\"accordion__item-title\" href=\"#\">Gef\u00e4hrdung durch statische Elektrizit\u00e4t in Industrieanlagen<\/a>\n    <\/div><!-- \/.accordion-item-header -->\n\n    <div id=\"collapse2p\" class=\"collapse\" data-parent=\"#accordion\">\n        <div class=\"accordion__item-body\">\n            <p>\n               <b>Elektrostatische Entladungen sind eine der m\u00f6glichen Z\u00fcndquellen f\u00fcr explosionsf\u00e4hige Atmosph\u00e4ren. In Anbetracht\n                    sollte diese Gefahr von Anlagendiensten und Unternehmern nicht ignoriert werden.\n                    Durch geeignete elektrostatische Schutzma\u00dfnahmen k\u00f6nnen u.a. vermieden oder vermindert werden\n                    unter anderem:<\/b>\n            <\/p><ul>\n                <li>die Gefahr, die mit der M\u00f6glichkeit eines Brandes und\/oder einer Explosion in oder\n                    auf dem Betriebsgel\u00e4nde (die auftreten k\u00f6nnen, wenn die Energie der elektrostatischen Entladung\n                    (die auftreten kann, wenn die Energie der elektrostatischen Entladung einen Wert erreicht, der mindestens mit der Mindestz\u00fcndenergie des vorhandenen oder zu erwartenden brennbaren Stoffes \/ Agens\n                    (MEZ) erreicht, der in dem Bereich vorhanden ist oder auftreten kann),<\/li>\n                <li>st\u00f6rungen im Verlauf von technologischen Prozessen, die die Qualit\u00e4t der hergestellten Produkte und die daraus resultierende Notwendigkeit von technologischen Pausen beeinflussen\n                    produkte und die daraus resultierende Notwendigkeit von technologischen Pausen, die zus\u00e4tzliche Kosten verursachen,<\/li>\n                <li>unf\u00e4lle, die die Gesundheit und das Leben des Betriebspersonals gef\u00e4hrden.<\/li>\n            <\/ul>\n            In Anbetracht der Folgen der oben genannten Risiken sind die mit der Umsetzung des elektrostatischen Schutzes verbundenen Kosten\n            vernachl\u00e4ssigbar.\n           <p><\/p>\n        <\/div><!-- \/.accordion-item-body -->\n\n    <\/div>\n<\/div>\n<div class=\"accordion-item\">\n    <div class=\"accordion__item-header collapsed\" data-toggle=\"collapse\" data-target=\"#collapse3p\" aria-expanded=\"false\">\n       <a class=\"accordion__item-title\" href=\"#\">Wann wird der Schutz vor elektrostatischer Entladung angewendet?\n            bei elektrostatischen Entladungen?<\/a>\n    <\/div><!-- \/.accordion-item-header -->\n\n    <div id=\"collapse3p\" class=\"collapse\" data-parent=\"#accordion\">\n        <div class=\"accordion__item-body\">\n            <p>\n               <b>Elektrostatische Schutzma\u00dfnahmen (oder antielektrostatische, antistatische Ma\u00dfnahmen) zielen darauf ab\n                    darauf ab, Gefahren zu beseitigen, die sich aus der Erzeugung und Ansammlung elektrostatischer Ladungen ergeben.\n                    Sie sollten insbesondere in Betrieben durchgef\u00fchrt werden, in denen es explosionsgef\u00e4hrdete Bereiche gibt und die u. a\n                    explosionsgef\u00e4hrdete Bereiche vorhanden sind und die u. a:<\/b>\n            <\/p><ul>\n                <li>prozesse durchf\u00fchren, wie z. B. Dosieren, Mischen, Gie\u00dfen, Umf\u00fcllen von Produkten, die\n                    brennbaren Produkten,<\/li>\n                <li>explosionsgef\u00e4hrliche fl\u00fcssige Stoffe oder Sch\u00fcttg\u00fcter (wie z. B. Zucker,\n                    mehl) \u00fcber Tankwagen \/ Kipper \/ Kesselwagen (Be-\/Entladevorg\u00e4nge)\n                    be-\/Entladen).<\/li>\n            <\/ul>\n            Wir arbeiten sowohl mit Industriediensten (z. B. Arbeitsschutz, Brandschutz, technische Abteilungen\n            chemie, Petrochemie, Kosmetik, Farben und Lacke, Lebensmittel, Papier, Energie, Elektronik oder Druck)\n            energie-, Elektronik- oder Druckunternehmen) als auch mit Industriedesignern.\n           <p><\/p>\n        <\/div><!-- \/.accordion-item-body -->\n\n    <\/div>\n<\/div>\n<div class=\"accordion-item\">\n    <div class=\"accordion__item-header collapsed\" data-toggle=\"collapse\" data-target=\"#collapse4p\" aria-expanded=\"false\">\n       <a class=\"accordion__item-title\" href=\"#\">Vorteile eines wirksamen elektrostatischen Schutzes<\/a>\n    <\/div><!-- \/.accordion-item-header -->\n\n    <div id=\"collapse4p\" class=\"collapse\" data-parent=\"#accordion\">\n        <div class=\"accordion__item-body\">\n            <p>\n            <\/p><ul>\n                <li>Schutz der Gesundheit und des Lebens des Personals bei der Aus\u00fcbung seiner T\u00e4tigkeit durch Verh\u00fctung von Unf\u00e4llen\n                    durch elektrostatische Entladungsph\u00e4nomene<\/li>\n                <li>Erheblicher Beitrag zu einem angemessenen Niveau der Sicherheit und der Arbeitsbedingungen<\/li>\n                <li>Schutz von Anlageneigentum durch Begrenzung des Risikos der Entz\u00fcndung brennbarer Atmosph\u00e4ren infolge elektrostatischer Funken\n                    elektrostatische Funken, die zu einem dramatischen Brand oder einer Explosion f\u00fchren k\u00f6nnen<\/li>\n                <li>Sicherheit und Zuverl\u00e4ssigkeit der Prozesse, die im t\u00e4glichen Betrieb der\n                    industrieunternehmens<\/li>\n                <li>Erf\u00fcllung der Verpflichtung zum Schutz gegen statische Elektrizit\u00e4t in explosionsgef\u00e4hrdeten Bereichen\n                    explosionsgef\u00e4hrdete Bereiche, die sich aus den Anforderungen der ATEX-Richtlinie 2014\/34\/EU, der ATEX USERS 199\/92\/EC und den aktuellen\n                    nationalen Vorschriften<\/li>\n            <\/ul>\n            <p><\/p>\n        <\/div><!-- \/.accordion-item-body -->\n\n    <\/div>\n<\/div>\n\n","protected":false},"excerpt":{"rendered":"<p>Erdungssteuerungssysteme sind die prim\u00e4ren Mittel zum Schutz gegen statische Elektrizit\u00e4t, die in explosionsgef\u00e4hrdeten Bereichen vorgeschrieben [&hellip;]<\/p>\n","protected":false},"author":1,"featured_media":567,"parent":0,"menu_order":0,"comment_status":"closed","ping_status":"closed","template":"kg_products_list_template_1.php","meta":{"pgc_sgb_lightbox_settings":"","footnotes":""},"categories":[33,2],"tags":[],"class_list":["post-566","page","type-page","status-publish","has-post-thumbnail","hentry","category-elektrostatische-erdung","category-zprodukty"],"yoast_head":"<!-- This site is optimized with the Yoast SEO plugin v27.1.1 - https:\/\/yoast.com\/product\/yoast-seo-wordpress\/ -->\n<title>Erdungskontrollsystem - CORONA Serwis<\/title>\n<meta name=\"description\" content=\"Ma\u00dfnahmen zum Schutz vor statischer Elektrizit\u00e4t. Erdung leitf\u00e4higer Teile von Prozessanlagen.\" \/>\n<meta name=\"robots\" content=\"index, follow, max-snippet:-1, max-image-preview:large, max-video-preview:-1\" \/>\n<link rel=\"canonical\" href=\"https:\/\/corona1.eu\/de\/erdungskontrollsystem\/\" \/>\n<meta property=\"og:locale\" content=\"de_DE\" \/>\n<meta property=\"og:type\" content=\"article\" \/>\n<meta property=\"og:title\" content=\"Erdungskontrollsystem - CORONA Serwis\" \/>\n<meta property=\"og:description\" content=\"Ma\u00dfnahmen zum Schutz vor statischer Elektrizit\u00e4t. Erdung leitf\u00e4higer Teile von Prozessanlagen.\" \/>\n<meta property=\"og:url\" content=\"https:\/\/corona1.eu\/de\/erdungskontrollsystem\/\" \/>\n<meta property=\"og:site_name\" content=\"CORONA Serwis\" \/>\n<meta property=\"article:modified_time\" content=\"2025-10-21T11:09:10+00:00\" \/>\n<meta property=\"og:image\" content=\"https:\/\/corona1.eu\/de\/wp-content\/uploads\/2025\/06\/system_kontroli_uziemienia16x9.png\" \/>\n\t<meta property=\"og:image:width\" content=\"889\" \/>\n\t<meta property=\"og:image:height\" content=\"500\" \/>\n\t<meta property=\"og:image:type\" content=\"image\/png\" \/>\n<meta name=\"twitter:card\" content=\"summary_large_image\" \/>\n<meta name=\"twitter:label1\" content=\"Gesch\u00e4tzte Lesezeit\" \/>\n\t<meta name=\"twitter:data1\" content=\"3\u00a0Minuten\" \/>\n<script type=\"application\/ld+json\" class=\"yoast-schema-graph\">{\"@context\":\"https:\/\/schema.org\",\"@graph\":[{\"@type\":\"WebPage\",\"@id\":\"https:\/\/corona1.eu\/de\/erdungskontrollsystem\/\",\"url\":\"https:\/\/corona1.eu\/de\/erdungskontrollsystem\/\",\"name\":\"Erdungskontrollsystem - CORONA Serwis\",\"isPartOf\":{\"@id\":\"https:\/\/corona1.eu\/de\/#website\"},\"primaryImageOfPage\":{\"@id\":\"https:\/\/corona1.eu\/de\/erdungskontrollsystem\/#primaryimage\"},\"image\":{\"@id\":\"https:\/\/corona1.eu\/de\/erdungskontrollsystem\/#primaryimage\"},\"thumbnailUrl\":\"https:\/\/corona1.eu\/de\/wp-content\/uploads\/2025\/06\/system_kontroli_uziemienia16x9.png\",\"datePublished\":\"2025-06-26T08:42:26+00:00\",\"dateModified\":\"2025-10-21T11:09:10+00:00\",\"description\":\"Ma\u00dfnahmen zum Schutz vor statischer Elektrizit\u00e4t. Erdung leitf\u00e4higer Teile von Prozessanlagen.\",\"breadcrumb\":{\"@id\":\"https:\/\/corona1.eu\/de\/erdungskontrollsystem\/#breadcrumb\"},\"inLanguage\":\"de\",\"potentialAction\":[{\"@type\":\"ReadAction\",\"target\":[\"https:\/\/corona1.eu\/de\/erdungskontrollsystem\/\"]}]},{\"@type\":\"ImageObject\",\"inLanguage\":\"de\",\"@id\":\"https:\/\/corona1.eu\/de\/erdungskontrollsystem\/#primaryimage\",\"url\":\"https:\/\/corona1.eu\/de\/wp-content\/uploads\/2025\/06\/system_kontroli_uziemienia16x9.png\",\"contentUrl\":\"https:\/\/corona1.eu\/de\/wp-content\/uploads\/2025\/06\/system_kontroli_uziemienia16x9.png\",\"width\":889,\"height\":500},{\"@type\":\"BreadcrumbList\",\"@id\":\"https:\/\/corona1.eu\/de\/erdungskontrollsystem\/#breadcrumb\",\"itemListElement\":[{\"@type\":\"ListItem\",\"position\":1,\"name\":\"Startseite\",\"item\":\"https:\/\/corona1.eu\/de\/\"},{\"@type\":\"ListItem\",\"position\":2,\"name\":\"Erdungskontrollsystem\"}]},{\"@type\":\"WebSite\",\"@id\":\"https:\/\/corona1.eu\/de\/#website\",\"url\":\"https:\/\/corona1.eu\/de\/\",\"name\":\"CORONA Serwis\",\"description\":\"\",\"potentialAction\":[{\"@type\":\"SearchAction\",\"target\":{\"@type\":\"EntryPoint\",\"urlTemplate\":\"https:\/\/corona1.eu\/de\/?s={search_term_string}\"},\"query-input\":{\"@type\":\"PropertyValueSpecification\",\"valueRequired\":true,\"valueName\":\"search_term_string\"}}],\"inLanguage\":\"de\"}]}<\/script>\n<!-- \/ Yoast SEO plugin. -->","yoast_head_json":{"title":"Erdungskontrollsystem - CORONA Serwis","description":"Ma\u00dfnahmen zum Schutz vor statischer Elektrizit\u00e4t. Erdung leitf\u00e4higer Teile von Prozessanlagen.","robots":{"index":"index","follow":"follow","max-snippet":"max-snippet:-1","max-image-preview":"max-image-preview:large","max-video-preview":"max-video-preview:-1"},"canonical":"https:\/\/corona1.eu\/de\/erdungskontrollsystem\/","og_locale":"de_DE","og_type":"article","og_title":"Erdungskontrollsystem - CORONA Serwis","og_description":"Ma\u00dfnahmen zum Schutz vor statischer Elektrizit\u00e4t. Erdung leitf\u00e4higer Teile von Prozessanlagen.","og_url":"https:\/\/corona1.eu\/de\/erdungskontrollsystem\/","og_site_name":"CORONA Serwis","article_modified_time":"2025-10-21T11:09:10+00:00","og_image":[{"width":889,"height":500,"url":"https:\/\/corona1.eu\/de\/wp-content\/uploads\/2025\/06\/system_kontroli_uziemienia16x9.png","type":"image\/png"}],"twitter_card":"summary_large_image","twitter_misc":{"Gesch\u00e4tzte Lesezeit":"3\u00a0Minuten"},"schema":{"@context":"https:\/\/schema.org","@graph":[{"@type":"WebPage","@id":"https:\/\/corona1.eu\/de\/erdungskontrollsystem\/","url":"https:\/\/corona1.eu\/de\/erdungskontrollsystem\/","name":"Erdungskontrollsystem - CORONA Serwis","isPartOf":{"@id":"https:\/\/corona1.eu\/de\/#website"},"primaryImageOfPage":{"@id":"https:\/\/corona1.eu\/de\/erdungskontrollsystem\/#primaryimage"},"image":{"@id":"https:\/\/corona1.eu\/de\/erdungskontrollsystem\/#primaryimage"},"thumbnailUrl":"https:\/\/corona1.eu\/de\/wp-content\/uploads\/2025\/06\/system_kontroli_uziemienia16x9.png","datePublished":"2025-06-26T08:42:26+00:00","dateModified":"2025-10-21T11:09:10+00:00","description":"Ma\u00dfnahmen zum Schutz vor statischer Elektrizit\u00e4t. Erdung leitf\u00e4higer Teile von Prozessanlagen.","breadcrumb":{"@id":"https:\/\/corona1.eu\/de\/erdungskontrollsystem\/#breadcrumb"},"inLanguage":"de","potentialAction":[{"@type":"ReadAction","target":["https:\/\/corona1.eu\/de\/erdungskontrollsystem\/"]}]},{"@type":"ImageObject","inLanguage":"de","@id":"https:\/\/corona1.eu\/de\/erdungskontrollsystem\/#primaryimage","url":"https:\/\/corona1.eu\/de\/wp-content\/uploads\/2025\/06\/system_kontroli_uziemienia16x9.png","contentUrl":"https:\/\/corona1.eu\/de\/wp-content\/uploads\/2025\/06\/system_kontroli_uziemienia16x9.png","width":889,"height":500},{"@type":"BreadcrumbList","@id":"https:\/\/corona1.eu\/de\/erdungskontrollsystem\/#breadcrumb","itemListElement":[{"@type":"ListItem","position":1,"name":"Startseite","item":"https:\/\/corona1.eu\/de\/"},{"@type":"ListItem","position":2,"name":"Erdungskontrollsystem"}]},{"@type":"WebSite","@id":"https:\/\/corona1.eu\/de\/#website","url":"https:\/\/corona1.eu\/de\/","name":"CORONA Serwis","description":"","potentialAction":[{"@type":"SearchAction","target":{"@type":"EntryPoint","urlTemplate":"https:\/\/corona1.eu\/de\/?s={search_term_string}"},"query-input":{"@type":"PropertyValueSpecification","valueRequired":true,"valueName":"search_term_string"}}],"inLanguage":"de"}]}},"_links":{"self":[{"href":"https:\/\/corona1.eu\/de\/wp-json\/wp\/v2\/pages\/566","targetHints":{"allow":["GET"]}}],"collection":[{"href":"https:\/\/corona1.eu\/de\/wp-json\/wp\/v2\/pages"}],"about":[{"href":"https:\/\/corona1.eu\/de\/wp-json\/wp\/v2\/types\/page"}],"author":[{"embeddable":true,"href":"https:\/\/corona1.eu\/de\/wp-json\/wp\/v2\/users\/1"}],"replies":[{"embeddable":true,"href":"https:\/\/corona1.eu\/de\/wp-json\/wp\/v2\/comments?post=566"}],"version-history":[{"count":2,"href":"https:\/\/corona1.eu\/de\/wp-json\/wp\/v2\/pages\/566\/revisions"}],"predecessor-version":[{"id":569,"href":"https:\/\/corona1.eu\/de\/wp-json\/wp\/v2\/pages\/566\/revisions\/569"}],"wp:featuredmedia":[{"embeddable":true,"href":"https:\/\/corona1.eu\/de\/wp-json\/wp\/v2\/media\/567"}],"wp:attachment":[{"href":"https:\/\/corona1.eu\/de\/wp-json\/wp\/v2\/media?parent=566"}],"wp:term":[{"taxonomy":"category","embeddable":true,"href":"https:\/\/corona1.eu\/de\/wp-json\/wp\/v2\/categories?post=566"},{"taxonomy":"post_tag","embeddable":true,"href":"https:\/\/corona1.eu\/de\/wp-json\/wp\/v2\/tags?post=566"}],"curies":[{"name":"wp","href":"https:\/\/api.w.org\/{rel}","templated":true}]}}