{"id":562,"date":"2025-06-25T14:21:52","date_gmt":"2025-06-25T12:21:52","guid":{"rendered":"https:\/\/corona1.eu\/de\/?page_id=562"},"modified":"2025-06-25T14:22:16","modified_gmt":"2025-06-25T12:22:16","slug":"ausruestung-im-industriedesign","status":"publish","type":"page","link":"https:\/\/corona1.eu\/de\/mobile-geraete-fuer-explosionsgefaehrdete-bereiche\/ausruestung-im-industriedesign\/","title":{"rendered":"Ausr\u00fcstung im Industriedesign"},"content":{"rendered":"\n\n<p class=\"has-text-color\" style=\"color:#e79400\"><strong>Ger\u00e4te f\u00fcr nicht-explosive Umgebungen<\/strong><\/p>\n\n\n\n\n\n<p>Bei der Entwicklung von robusten mobilen Ger\u00e4ten in der Industrie haben wir uns auf die US-Milit\u00e4rnorm MIL-STD-810-H gest\u00fctzt. Diese Norm legt Methoden zur Pr\u00fcfung der Widerstandsf\u00e4higkeit gegen\u00fcber verschiedenen Umweltfaktoren fest. Die Funktionst\u00fcchtigkeit bleibt bei sehr hohen und sehr niedrigen Temperaturen sowie bei Feuchtigkeit, Staub, St\u00f6\u00dfen, Ersch\u00fctterungen und Vibrationen voll erhalten.<\/p>\n\n\n\n\n\n<div style=\"height:60px\" aria-hidden=\"true\" class=\"wp-block-spacer\"><\/div>\n\n\n\n\n\n<div class=\"wp-block-columns is-layout-flex wp-container-core-columns-is-layout-9d6595d7 wp-block-columns-is-layout-flex\">\n\n<div class=\"wp-block-column is-layout-flow wp-block-column-is-layout-flow\">\n\n<figure class=\"wp-block-image size-large\"><img decoding=\"async\" src=\"https:\/\/corona1.eu\/wp-content\/uploads\/2022\/09\/telefon_IS330_RG-1024x1024.jpg\" alt=\"\"\/><\/figure>\n\n\n\n\n\n<h6 style=\"min-height: 60px;\">Telefon IS330.RG<\/h6>\n<hr>\n<a href=\"\/pdf\/01_karty_telefony_iskrobezpieczne\/telefon_IS330_RG.pdf\" class=\"btn btn__secondary btn__link\">\n   <i class=\"icon-arrow-right arrow-rounded\"><\/i><span>Mehr lesen<\/span>\n<\/a>\n\n<\/div>\n\n\n\n\n\n<div class=\"wp-block-column is-layout-flow wp-block-column-is-layout-flow\">\n\n<figure class=\"wp-block-image size-large\"><img decoding=\"async\" src=\"https:\/\/corona1.eu\/wp-content\/uploads\/2022\/09\/telefon_is530_RG-1024x1024.jpg\" alt=\"\"\/><\/figure>\n\n\n\n\n\n<h6 style=\"min-height: 60px;\">Smartphone IS530.RG<\/h6>\n<hr>\n<a href=\"\/pdf\/01_karty_telefony_iskrobezpieczne\/telefon_IS530_RG.pdf\" class=\"btn btn__secondary btn__link\">\n   <i class=\"icon-arrow-right arrow-rounded\"><\/i><span>Mehr lesen<\/span>\n<\/a>\n\n<\/div>\n\n\n\n\n\n<div class=\"wp-block-column is-layout-flow wp-block-column-is-layout-flow\">\n\n<figure class=\"wp-block-image size-large\"><img decoding=\"async\" src=\"https:\/\/corona1.eu\/wp-content\/uploads\/2022\/09\/telefon_IS655_RG-1024x1024.jpg\" alt=\"\"\/><\/figure>\n\n\n\n\n\n<h6 style=\"min-height: 60px;\">Smartphone IS655.RG<\/h6>\n<hr>\n<a href=\"\/pdf\/01_karty_telefony_iskrobezpieczne\/telefon_IS655_RG.pdf\" class=\"btn btn__secondary btn__link\">\n   <i class=\"icon-arrow-right arrow-rounded\"><\/i><span>Mehr lesen<\/span>\n<\/a>\n\n<\/div>\n\n\n\n\n\n<div class=\"wp-block-column is-layout-flow wp-block-column-is-layout-flow\">\n\n<figure class=\"wp-block-image size-large\"><img decoding=\"async\" src=\"https:\/\/corona1.eu\/wp-content\/uploads\/2022\/09\/tablet_IS930-rg.jpg\" alt=\"\"\/><\/figure>\n\n\n\n\n\n<h6 style=\"min-height: 60px;\">Tablette IS930.RG<\/h6>\n<hr>\n<a href=\"\/pdf\/01_karty_telefony_iskrobezpieczne\/telefon_IS930_rg.pdf\" class=\"btn btn__secondary btn__link\">\n   <i class=\"icon-arrow-right arrow-rounded\"><\/i><span>Mehr lesen<\/span>\n<\/a>\n\n<\/div>\n\n<\/div>\n\n\n\n\n\n<div class=\"wp-block-columns is-layout-flex wp-container-core-columns-is-layout-9d6595d7 wp-block-columns-is-layout-flex\">\n\n<div class=\"wp-block-column is-layout-flow wp-block-column-is-layout-flow\">\n\n<figure class=\"wp-block-image size-large\"><img decoding=\"async\" src=\"https:\/\/corona1.eu\/wp-content\/uploads\/2022\/09\/skaner_ISTH1XXRG-1024x1024.jpg\" alt=\"\"\/><\/figure>\n\n\n\n\n\n<h6 style=\"min-height: 60px;\">Barcode-Leser<br>\nIS-TH1xx.RG<\/h6>\n<hr>\n<a href=\"\/pdf\/01_karty_telefony_iskrobezpieczne\/czytnik_isth1xx_rg.pdf\" class=\"btn btn__secondary btn__link\">\n   <i class=\"icon-arrow-right arrow-rounded\"><\/i><span>Mehr lesen<\/span>\n<\/a>\n\n<\/div>\n\n\n\n\n\n<div class=\"wp-block-column is-layout-flow wp-block-column-is-layout-flow\"><\/div>\n\n\n\n\n\n<div class=\"wp-block-column is-layout-flow wp-block-column-is-layout-flow\"><\/div>\n\n\n\n\n\n<div class=\"wp-block-column is-layout-flow wp-block-column-is-layout-flow\"><\/div>\n\n<\/div>\n\n\n\n\n\n<div style=\"height:60px\" aria-hidden=\"true\" class=\"wp-block-spacer\"><\/div>\n\n\n\n\n\n<p><\/p>\n\n","protected":false},"excerpt":{"rendered":"<p>Ger\u00e4te f\u00fcr nicht-explosive Umgebungen Bei der Entwicklung von robusten mobilen Ger\u00e4ten in der Industrie haben [&hellip;]<\/p>\n","protected":false},"author":1,"featured_media":563,"parent":543,"menu_order":0,"comment_status":"closed","ping_status":"closed","template":"kg_products_template.php","meta":{"pgc_sgb_lightbox_settings":"","footnotes":""},"categories":[32],"tags":[],"class_list":["post-562","page","type-page","status-publish","has-post-thumbnail","hentry","category-imobile"],"yoast_head":"<!-- This site is optimized with the Yoast SEO plugin v27.1.1 - https:\/\/yoast.com\/product\/yoast-seo-wordpress\/ -->\n<title>Ausr\u00fcstung im Industriedesign - CORONA Serwis<\/title>\n<meta name=\"robots\" content=\"index, follow, max-snippet:-1, max-image-preview:large, max-video-preview:-1\" \/>\n<link rel=\"canonical\" href=\"https:\/\/corona1.eu\/de\/mobile-geraete-fuer-explosionsgefaehrdete-bereiche\/ausruestung-im-industriedesign\/\" \/>\n<meta property=\"og:locale\" content=\"de_DE\" \/>\n<meta property=\"og:type\" content=\"article\" \/>\n<meta property=\"og:title\" content=\"Ausr\u00fcstung im Industriedesign - CORONA Serwis\" \/>\n<meta property=\"og:description\" content=\"Ger\u00e4te f\u00fcr nicht-explosive Umgebungen Bei der Entwicklung von robusten mobilen Ger\u00e4ten in der Industrie haben [&hellip;]\" \/>\n<meta property=\"og:url\" content=\"https:\/\/corona1.eu\/de\/mobile-geraete-fuer-explosionsgefaehrdete-bereiche\/ausruestung-im-industriedesign\/\" \/>\n<meta property=\"og:site_name\" content=\"CORONA Serwis\" \/>\n<meta property=\"article:modified_time\" content=\"2025-06-25T12:22:16+00:00\" \/>\n<meta property=\"og:image\" content=\"https:\/\/corona1.eu\/de\/wp-content\/uploads\/2025\/06\/dla_strefy_przemyslowej.png\" \/>\n\t<meta property=\"og:image:width\" content=\"900\" \/>\n\t<meta property=\"og:image:height\" content=\"900\" \/>\n\t<meta property=\"og:image:type\" content=\"image\/png\" \/>\n<meta name=\"twitter:card\" content=\"summary_large_image\" \/>\n<meta name=\"twitter:label1\" content=\"Gesch\u00e4tzte Lesezeit\" \/>\n\t<meta name=\"twitter:data1\" content=\"2\u00a0Minuten\" \/>\n<script type=\"application\/ld+json\" class=\"yoast-schema-graph\">{\"@context\":\"https:\/\/schema.org\",\"@graph\":[{\"@type\":\"WebPage\",\"@id\":\"https:\/\/corona1.eu\/de\/mobile-geraete-fuer-explosionsgefaehrdete-bereiche\/ausruestung-im-industriedesign\/\",\"url\":\"https:\/\/corona1.eu\/de\/mobile-geraete-fuer-explosionsgefaehrdete-bereiche\/ausruestung-im-industriedesign\/\",\"name\":\"Ausr\u00fcstung im Industriedesign - CORONA Serwis\",\"isPartOf\":{\"@id\":\"https:\/\/corona1.eu\/de\/#website\"},\"primaryImageOfPage\":{\"@id\":\"https:\/\/corona1.eu\/de\/mobile-geraete-fuer-explosionsgefaehrdete-bereiche\/ausruestung-im-industriedesign\/#primaryimage\"},\"image\":{\"@id\":\"https:\/\/corona1.eu\/de\/mobile-geraete-fuer-explosionsgefaehrdete-bereiche\/ausruestung-im-industriedesign\/#primaryimage\"},\"thumbnailUrl\":\"https:\/\/corona1.eu\/de\/wp-content\/uploads\/2025\/06\/dla_strefy_przemyslowej.png\",\"datePublished\":\"2025-06-25T12:21:52+00:00\",\"dateModified\":\"2025-06-25T12:22:16+00:00\",\"breadcrumb\":{\"@id\":\"https:\/\/corona1.eu\/de\/mobile-geraete-fuer-explosionsgefaehrdete-bereiche\/ausruestung-im-industriedesign\/#breadcrumb\"},\"inLanguage\":\"de\",\"potentialAction\":[{\"@type\":\"ReadAction\",\"target\":[\"https:\/\/corona1.eu\/de\/mobile-geraete-fuer-explosionsgefaehrdete-bereiche\/ausruestung-im-industriedesign\/\"]}]},{\"@type\":\"ImageObject\",\"inLanguage\":\"de\",\"@id\":\"https:\/\/corona1.eu\/de\/mobile-geraete-fuer-explosionsgefaehrdete-bereiche\/ausruestung-im-industriedesign\/#primaryimage\",\"url\":\"https:\/\/corona1.eu\/de\/wp-content\/uploads\/2025\/06\/dla_strefy_przemyslowej.png\",\"contentUrl\":\"https:\/\/corona1.eu\/de\/wp-content\/uploads\/2025\/06\/dla_strefy_przemyslowej.png\",\"width\":900,\"height\":900},{\"@type\":\"BreadcrumbList\",\"@id\":\"https:\/\/corona1.eu\/de\/mobile-geraete-fuer-explosionsgefaehrdete-bereiche\/ausruestung-im-industriedesign\/#breadcrumb\",\"itemListElement\":[{\"@type\":\"ListItem\",\"position\":1,\"name\":\"Startseite\",\"item\":\"https:\/\/corona1.eu\/de\/\"},{\"@type\":\"ListItem\",\"position\":2,\"name\":\"Mobile Ger\u00e4te f\u00fcr explosionsgef\u00e4hrdete Bereiche\",\"item\":\"https:\/\/corona1.eu\/de\/mobile-geraete-fuer-explosionsgefaehrdete-bereiche\/\"},{\"@type\":\"ListItem\",\"position\":3,\"name\":\"Ausr\u00fcstung im Industriedesign\"}]},{\"@type\":\"WebSite\",\"@id\":\"https:\/\/corona1.eu\/de\/#website\",\"url\":\"https:\/\/corona1.eu\/de\/\",\"name\":\"CORONA Serwis\",\"description\":\"\",\"potentialAction\":[{\"@type\":\"SearchAction\",\"target\":{\"@type\":\"EntryPoint\",\"urlTemplate\":\"https:\/\/corona1.eu\/de\/?s={search_term_string}\"},\"query-input\":{\"@type\":\"PropertyValueSpecification\",\"valueRequired\":true,\"valueName\":\"search_term_string\"}}],\"inLanguage\":\"de\"}]}<\/script>\n<!-- \/ Yoast SEO plugin. -->","yoast_head_json":{"title":"Ausr\u00fcstung im Industriedesign - CORONA Serwis","robots":{"index":"index","follow":"follow","max-snippet":"max-snippet:-1","max-image-preview":"max-image-preview:large","max-video-preview":"max-video-preview:-1"},"canonical":"https:\/\/corona1.eu\/de\/mobile-geraete-fuer-explosionsgefaehrdete-bereiche\/ausruestung-im-industriedesign\/","og_locale":"de_DE","og_type":"article","og_title":"Ausr\u00fcstung im Industriedesign - CORONA Serwis","og_description":"Ger\u00e4te f\u00fcr nicht-explosive Umgebungen Bei der Entwicklung von robusten mobilen Ger\u00e4ten in der Industrie haben [&hellip;]","og_url":"https:\/\/corona1.eu\/de\/mobile-geraete-fuer-explosionsgefaehrdete-bereiche\/ausruestung-im-industriedesign\/","og_site_name":"CORONA Serwis","article_modified_time":"2025-06-25T12:22:16+00:00","og_image":[{"width":900,"height":900,"url":"https:\/\/corona1.eu\/de\/wp-content\/uploads\/2025\/06\/dla_strefy_przemyslowej.png","type":"image\/png"}],"twitter_card":"summary_large_image","twitter_misc":{"Gesch\u00e4tzte Lesezeit":"2\u00a0Minuten"},"schema":{"@context":"https:\/\/schema.org","@graph":[{"@type":"WebPage","@id":"https:\/\/corona1.eu\/de\/mobile-geraete-fuer-explosionsgefaehrdete-bereiche\/ausruestung-im-industriedesign\/","url":"https:\/\/corona1.eu\/de\/mobile-geraete-fuer-explosionsgefaehrdete-bereiche\/ausruestung-im-industriedesign\/","name":"Ausr\u00fcstung im Industriedesign - CORONA Serwis","isPartOf":{"@id":"https:\/\/corona1.eu\/de\/#website"},"primaryImageOfPage":{"@id":"https:\/\/corona1.eu\/de\/mobile-geraete-fuer-explosionsgefaehrdete-bereiche\/ausruestung-im-industriedesign\/#primaryimage"},"image":{"@id":"https:\/\/corona1.eu\/de\/mobile-geraete-fuer-explosionsgefaehrdete-bereiche\/ausruestung-im-industriedesign\/#primaryimage"},"thumbnailUrl":"https:\/\/corona1.eu\/de\/wp-content\/uploads\/2025\/06\/dla_strefy_przemyslowej.png","datePublished":"2025-06-25T12:21:52+00:00","dateModified":"2025-06-25T12:22:16+00:00","breadcrumb":{"@id":"https:\/\/corona1.eu\/de\/mobile-geraete-fuer-explosionsgefaehrdete-bereiche\/ausruestung-im-industriedesign\/#breadcrumb"},"inLanguage":"de","potentialAction":[{"@type":"ReadAction","target":["https:\/\/corona1.eu\/de\/mobile-geraete-fuer-explosionsgefaehrdete-bereiche\/ausruestung-im-industriedesign\/"]}]},{"@type":"ImageObject","inLanguage":"de","@id":"https:\/\/corona1.eu\/de\/mobile-geraete-fuer-explosionsgefaehrdete-bereiche\/ausruestung-im-industriedesign\/#primaryimage","url":"https:\/\/corona1.eu\/de\/wp-content\/uploads\/2025\/06\/dla_strefy_przemyslowej.png","contentUrl":"https:\/\/corona1.eu\/de\/wp-content\/uploads\/2025\/06\/dla_strefy_przemyslowej.png","width":900,"height":900},{"@type":"BreadcrumbList","@id":"https:\/\/corona1.eu\/de\/mobile-geraete-fuer-explosionsgefaehrdete-bereiche\/ausruestung-im-industriedesign\/#breadcrumb","itemListElement":[{"@type":"ListItem","position":1,"name":"Startseite","item":"https:\/\/corona1.eu\/de\/"},{"@type":"ListItem","position":2,"name":"Mobile Ger\u00e4te f\u00fcr explosionsgef\u00e4hrdete Bereiche","item":"https:\/\/corona1.eu\/de\/mobile-geraete-fuer-explosionsgefaehrdete-bereiche\/"},{"@type":"ListItem","position":3,"name":"Ausr\u00fcstung im Industriedesign"}]},{"@type":"WebSite","@id":"https:\/\/corona1.eu\/de\/#website","url":"https:\/\/corona1.eu\/de\/","name":"CORONA Serwis","description":"","potentialAction":[{"@type":"SearchAction","target":{"@type":"EntryPoint","urlTemplate":"https:\/\/corona1.eu\/de\/?s={search_term_string}"},"query-input":{"@type":"PropertyValueSpecification","valueRequired":true,"valueName":"search_term_string"}}],"inLanguage":"de"}]}},"_links":{"self":[{"href":"https:\/\/corona1.eu\/de\/wp-json\/wp\/v2\/pages\/562","targetHints":{"allow":["GET"]}}],"collection":[{"href":"https:\/\/corona1.eu\/de\/wp-json\/wp\/v2\/pages"}],"about":[{"href":"https:\/\/corona1.eu\/de\/wp-json\/wp\/v2\/types\/page"}],"author":[{"embeddable":true,"href":"https:\/\/corona1.eu\/de\/wp-json\/wp\/v2\/users\/1"}],"replies":[{"embeddable":true,"href":"https:\/\/corona1.eu\/de\/wp-json\/wp\/v2\/comments?post=562"}],"version-history":[{"count":2,"href":"https:\/\/corona1.eu\/de\/wp-json\/wp\/v2\/pages\/562\/revisions"}],"predecessor-version":[{"id":565,"href":"https:\/\/corona1.eu\/de\/wp-json\/wp\/v2\/pages\/562\/revisions\/565"}],"up":[{"embeddable":true,"href":"https:\/\/corona1.eu\/de\/wp-json\/wp\/v2\/pages\/543"}],"wp:featuredmedia":[{"embeddable":true,"href":"https:\/\/corona1.eu\/de\/wp-json\/wp\/v2\/media\/563"}],"wp:attachment":[{"href":"https:\/\/corona1.eu\/de\/wp-json\/wp\/v2\/media?parent=562"}],"wp:term":[{"taxonomy":"category","embeddable":true,"href":"https:\/\/corona1.eu\/de\/wp-json\/wp\/v2\/categories?post=562"},{"taxonomy":"post_tag","embeddable":true,"href":"https:\/\/corona1.eu\/de\/wp-json\/wp\/v2\/tags?post=562"}],"curies":[{"name":"wp","href":"https:\/\/api.w.org\/{rel}","templated":true}]}}