{"id":558,"date":"2025-06-25T14:18:59","date_gmt":"2025-06-25T12:18:59","guid":{"rendered":"https:\/\/corona1.eu\/de\/?page_id=558"},"modified":"2025-06-25T14:19:31","modified_gmt":"2025-06-25T12:19:31","slug":"ausruestung-im-bergbau","status":"publish","type":"page","link":"https:\/\/corona1.eu\/de\/mobile-geraete-fuer-explosionsgefaehrdete-bereiche\/ausruestung-im-bergbau\/","title":{"rendered":"Ausr\u00fcstung im Bergbau"},"content":{"rendered":"\n\n<p class=\"has-text-color\" style=\"color:#e79400\"><strong>Ger\u00e4te f\u00fcr Bereiche mit hohem Methanexplosionsrisiko \/ oder hohem Aufkommen an brennbaren St\u00e4uben<\/strong><\/p>\n\n\n\n\n\n<p>Das Vorkommen von brennbaren Gasen wie Methan ist in Bergwerken besonders h\u00e4ufig. Mit Methan und Kohlenstaub angereicherte Luft kann bei Entz\u00fcndung zu \u00e4u\u00dferst heftigen Explosionen f\u00fchren. Daher wird der Methangehalt der Atmosph\u00e4re in Bergwerken st\u00e4ndig \u00fcberwacht. Mobile Kommunikationsger\u00e4te sind praktische Instrumente zur Planung von Gegenma\u00dfnahmen, wenn das \u00dcberwachungssystem eine \u00dcberschreitung der Grenzwerte meldet. Damit ein Ger\u00e4t in einem solchen Fall nicht zu einer Z\u00fcndquelle wird, muss es klar definierte Anforderungen erf\u00fcllen. Unsere Ger\u00e4te sind nach dem h\u00f6chsten Sicherheitsstandard konzipiert und f\u00fcr den Einsatz in Zone I M1 gem\u00e4\u00df ATEX-Richtlinie geeignet.<\/p>\n\n\n\n\n\n<div style=\"height:60px\" aria-hidden=\"true\" class=\"wp-block-spacer\"><\/div>\n\n\n\n\n\n<div class=\"wp-block-columns is-layout-flex wp-container-core-columns-is-layout-9d6595d7 wp-block-columns-is-layout-flex\">\n\n<div class=\"wp-block-column is-layout-flow wp-block-column-is-layout-flow\">\n\n<figure class=\"wp-block-image size-large\"><img decoding=\"async\" src=\"https:\/\/corona1.eu\/wp-content\/uploads\/2022\/09\/telefon_IS530_m1-1024x1024.jpg\" alt=\"\"\/><\/figure>\n\n\n\n\n\n<h6 style=\"min-height: 60px;\">Smartphone IS530.M1<\/h6>\n<hr>\n<a href=\"\/pdf\/01_karty_telefony_iskrobezpieczne\/telefon_IS530_M1.pdf\" class=\"btn btn__secondary btn__link\">\n   <i class=\"icon-arrow-right arrow-rounded\"><\/i><span>Mehr lesen<\/span>\n<\/a>\n\n<\/div>\n\n\n\n\n\n<div class=\"wp-block-column is-layout-flow wp-block-column-is-layout-flow\">\n\n<figure class=\"wp-block-image size-large\"><img decoding=\"async\" src=\"https:\/\/corona1.eu\/wp-content\/uploads\/2022\/12\/telefon_is540_1-1024x1024.jpg\" alt=\"\"\/><\/figure>\n\n\n\n\n\n<h6 style=\"min-height: 60px;\">Smartphone IS540.M1<\/h6>\n<hr>\n<a href=\"\/pdf\/01_karty_telefony_iskrobezpieczne\/telefon_IS540_M1.pdf\" class=\"btn btn__secondary btn__link\">\n   <i class=\"icon-arrow-right arrow-rounded\"><\/i><span>Mehr lesen<\/span>\n<\/a>\n\n<\/div>\n\n\n\n\n\n<div class=\"wp-block-column is-layout-flow wp-block-column-is-layout-flow\">\n\n<figure class=\"wp-block-image size-large\"><img decoding=\"async\" src=\"https:\/\/corona1.eu\/wp-content\/uploads\/2022\/09\/tablet_IS930-m1.jpg\" alt=\"\"\/><\/figure>\n\n\n\n\n\n<h6 style=\"min-height: 60px;\">Tablette IS930.M1<\/h6>\n<hr>\n<a href=\"\/pdf\/01_karty_telefony_iskrobezpieczne\/telefon_IS930_m1.pdf\" class=\"btn btn__secondary btn__link\">\n   <i class=\"icon-arrow-right arrow-rounded\"><\/i><span>Mehr lesen<\/span>\n<\/a>\n\n<\/div>\n\n\n\n\n\n<div class=\"wp-block-column is-layout-flow wp-block-column-is-layout-flow\">\n\n<figure class=\"wp-block-image size-large\"><img decoding=\"async\" src=\"https:\/\/corona1.eu\/wp-content\/uploads\/2022\/09\/skaner_ISTH1XXM1-1024x1024.jpg\" alt=\"\"\/><\/figure>\n\n\n\n\n\n<h6 style=\"min-height: 60px;\">Barcode-Leser<br>\nIS-TH1xx.M1<\/h6>\n<hr>\n<a href=\"\/pdf\/01_karty_telefony_iskrobezpieczne\/czytnik_isth1xx_m1.pdf\" class=\"btn btn__secondary btn__link\">\n   <i class=\"icon-arrow-right arrow-rounded\"><\/i><span>Mehr lesen<\/span>\n<\/a>\n\n<\/div>\n\n\n\n\n\n<div class=\"wp-block-column is-layout-flow wp-block-column-is-layout-flow\">\n\n<figure class=\"wp-block-image size-large\"><img decoding=\"async\" src=\"https:\/\/corona1.eu\/wp-content\/uploads\/2022\/09\/modul_dodatkowy_3-1024x1024.jpg\" alt=\"\"\/><\/figure>\n\n\n\n\n\n<h6 style=\"min-height: 60px;\">W\u00e4rmebildkamera ISTC1A.M1<\/h6>\n<hr>\n<a href=\"\/pdf\/01_karty_telefony_iskrobezpieczne\/kamera_termowizyjna_istc1a_M1.pdf\" class=\"btn btn__secondary btn__link\">\n   <i class=\"icon-arrow-right arrow-rounded\"><\/i><span>Mehr lesen<\/span>\n<\/a>\n\n<\/div>\n\n<\/div>\n\n\n\n\n\n<div style=\"height:60px\" aria-hidden=\"true\" class=\"wp-block-spacer\"><\/div>\n\n\n\n\n\n<p class=\"has-text-color\" style=\"color:#e79400\"><\/p>\n\n","protected":false},"excerpt":{"rendered":"<p>Ger\u00e4te f\u00fcr Bereiche mit hohem Methanexplosionsrisiko \/ oder hohem Aufkommen an brennbaren St\u00e4uben Das Vorkommen [&hellip;]<\/p>\n","protected":false},"author":1,"featured_media":559,"parent":543,"menu_order":0,"comment_status":"closed","ping_status":"closed","template":"kg_products_template.php","meta":{"pgc_sgb_lightbox_settings":"","footnotes":""},"categories":[32],"tags":[],"class_list":["post-558","page","type-page","status-publish","has-post-thumbnail","hentry","category-imobile"],"yoast_head":"<!-- This site is optimized with the Yoast SEO plugin v27.1.1 - https:\/\/yoast.com\/product\/yoast-seo-wordpress\/ -->\n<title>Ausr\u00fcstung im Bergbau - CORONA Serwis<\/title>\n<meta name=\"robots\" content=\"index, follow, max-snippet:-1, max-image-preview:large, max-video-preview:-1\" \/>\n<link rel=\"canonical\" href=\"https:\/\/corona1.eu\/de\/mobile-geraete-fuer-explosionsgefaehrdete-bereiche\/ausruestung-im-bergbau\/\" \/>\n<meta property=\"og:locale\" content=\"de_DE\" \/>\n<meta property=\"og:type\" content=\"article\" \/>\n<meta property=\"og:title\" content=\"Ausr\u00fcstung im Bergbau - CORONA Serwis\" \/>\n<meta property=\"og:description\" content=\"Ger\u00e4te f\u00fcr Bereiche mit hohem Methanexplosionsrisiko \/ oder hohem Aufkommen an brennbaren St\u00e4uben Das Vorkommen [&hellip;]\" \/>\n<meta property=\"og:url\" content=\"https:\/\/corona1.eu\/de\/mobile-geraete-fuer-explosionsgefaehrdete-bereiche\/ausruestung-im-bergbau\/\" \/>\n<meta property=\"og:site_name\" content=\"CORONA Serwis\" \/>\n<meta property=\"article:modified_time\" content=\"2025-06-25T12:19:31+00:00\" \/>\n<meta property=\"og:image\" content=\"https:\/\/corona1.eu\/de\/wp-content\/uploads\/2025\/06\/dla_strefy-gorniczej_pomniejszony.jpg\" \/>\n\t<meta property=\"og:image:width\" content=\"900\" \/>\n\t<meta property=\"og:image:height\" content=\"900\" \/>\n\t<meta property=\"og:image:type\" content=\"image\/jpeg\" \/>\n<meta name=\"twitter:card\" content=\"summary_large_image\" \/>\n<meta name=\"twitter:label1\" content=\"Gesch\u00e4tzte Lesezeit\" \/>\n\t<meta name=\"twitter:data1\" content=\"2\u00a0Minuten\" \/>\n<script type=\"application\/ld+json\" class=\"yoast-schema-graph\">{\"@context\":\"https:\/\/schema.org\",\"@graph\":[{\"@type\":\"WebPage\",\"@id\":\"https:\/\/corona1.eu\/de\/mobile-geraete-fuer-explosionsgefaehrdete-bereiche\/ausruestung-im-bergbau\/\",\"url\":\"https:\/\/corona1.eu\/de\/mobile-geraete-fuer-explosionsgefaehrdete-bereiche\/ausruestung-im-bergbau\/\",\"name\":\"Ausr\u00fcstung im Bergbau - CORONA Serwis\",\"isPartOf\":{\"@id\":\"https:\/\/corona1.eu\/de\/#website\"},\"primaryImageOfPage\":{\"@id\":\"https:\/\/corona1.eu\/de\/mobile-geraete-fuer-explosionsgefaehrdete-bereiche\/ausruestung-im-bergbau\/#primaryimage\"},\"image\":{\"@id\":\"https:\/\/corona1.eu\/de\/mobile-geraete-fuer-explosionsgefaehrdete-bereiche\/ausruestung-im-bergbau\/#primaryimage\"},\"thumbnailUrl\":\"https:\/\/corona1.eu\/de\/wp-content\/uploads\/2025\/06\/dla_strefy-gorniczej_pomniejszony.jpg\",\"datePublished\":\"2025-06-25T12:18:59+00:00\",\"dateModified\":\"2025-06-25T12:19:31+00:00\",\"breadcrumb\":{\"@id\":\"https:\/\/corona1.eu\/de\/mobile-geraete-fuer-explosionsgefaehrdete-bereiche\/ausruestung-im-bergbau\/#breadcrumb\"},\"inLanguage\":\"de\",\"potentialAction\":[{\"@type\":\"ReadAction\",\"target\":[\"https:\/\/corona1.eu\/de\/mobile-geraete-fuer-explosionsgefaehrdete-bereiche\/ausruestung-im-bergbau\/\"]}]},{\"@type\":\"ImageObject\",\"inLanguage\":\"de\",\"@id\":\"https:\/\/corona1.eu\/de\/mobile-geraete-fuer-explosionsgefaehrdete-bereiche\/ausruestung-im-bergbau\/#primaryimage\",\"url\":\"https:\/\/corona1.eu\/de\/wp-content\/uploads\/2025\/06\/dla_strefy-gorniczej_pomniejszony.jpg\",\"contentUrl\":\"https:\/\/corona1.eu\/de\/wp-content\/uploads\/2025\/06\/dla_strefy-gorniczej_pomniejszony.jpg\",\"width\":900,\"height\":900},{\"@type\":\"BreadcrumbList\",\"@id\":\"https:\/\/corona1.eu\/de\/mobile-geraete-fuer-explosionsgefaehrdete-bereiche\/ausruestung-im-bergbau\/#breadcrumb\",\"itemListElement\":[{\"@type\":\"ListItem\",\"position\":1,\"name\":\"Startseite\",\"item\":\"https:\/\/corona1.eu\/de\/\"},{\"@type\":\"ListItem\",\"position\":2,\"name\":\"Mobile Ger\u00e4te f\u00fcr explosionsgef\u00e4hrdete Bereiche\",\"item\":\"https:\/\/corona1.eu\/de\/mobile-geraete-fuer-explosionsgefaehrdete-bereiche\/\"},{\"@type\":\"ListItem\",\"position\":3,\"name\":\"Ausr\u00fcstung im Bergbau\"}]},{\"@type\":\"WebSite\",\"@id\":\"https:\/\/corona1.eu\/de\/#website\",\"url\":\"https:\/\/corona1.eu\/de\/\",\"name\":\"CORONA Serwis\",\"description\":\"\",\"potentialAction\":[{\"@type\":\"SearchAction\",\"target\":{\"@type\":\"EntryPoint\",\"urlTemplate\":\"https:\/\/corona1.eu\/de\/?s={search_term_string}\"},\"query-input\":{\"@type\":\"PropertyValueSpecification\",\"valueRequired\":true,\"valueName\":\"search_term_string\"}}],\"inLanguage\":\"de\"}]}<\/script>\n<!-- \/ Yoast SEO plugin. -->","yoast_head_json":{"title":"Ausr\u00fcstung im Bergbau - CORONA Serwis","robots":{"index":"index","follow":"follow","max-snippet":"max-snippet:-1","max-image-preview":"max-image-preview:large","max-video-preview":"max-video-preview:-1"},"canonical":"https:\/\/corona1.eu\/de\/mobile-geraete-fuer-explosionsgefaehrdete-bereiche\/ausruestung-im-bergbau\/","og_locale":"de_DE","og_type":"article","og_title":"Ausr\u00fcstung im Bergbau - CORONA Serwis","og_description":"Ger\u00e4te f\u00fcr Bereiche mit hohem Methanexplosionsrisiko \/ oder hohem Aufkommen an brennbaren St\u00e4uben Das Vorkommen [&hellip;]","og_url":"https:\/\/corona1.eu\/de\/mobile-geraete-fuer-explosionsgefaehrdete-bereiche\/ausruestung-im-bergbau\/","og_site_name":"CORONA Serwis","article_modified_time":"2025-06-25T12:19:31+00:00","og_image":[{"width":900,"height":900,"url":"https:\/\/corona1.eu\/de\/wp-content\/uploads\/2025\/06\/dla_strefy-gorniczej_pomniejszony.jpg","type":"image\/jpeg"}],"twitter_card":"summary_large_image","twitter_misc":{"Gesch\u00e4tzte Lesezeit":"2\u00a0Minuten"},"schema":{"@context":"https:\/\/schema.org","@graph":[{"@type":"WebPage","@id":"https:\/\/corona1.eu\/de\/mobile-geraete-fuer-explosionsgefaehrdete-bereiche\/ausruestung-im-bergbau\/","url":"https:\/\/corona1.eu\/de\/mobile-geraete-fuer-explosionsgefaehrdete-bereiche\/ausruestung-im-bergbau\/","name":"Ausr\u00fcstung im Bergbau - CORONA Serwis","isPartOf":{"@id":"https:\/\/corona1.eu\/de\/#website"},"primaryImageOfPage":{"@id":"https:\/\/corona1.eu\/de\/mobile-geraete-fuer-explosionsgefaehrdete-bereiche\/ausruestung-im-bergbau\/#primaryimage"},"image":{"@id":"https:\/\/corona1.eu\/de\/mobile-geraete-fuer-explosionsgefaehrdete-bereiche\/ausruestung-im-bergbau\/#primaryimage"},"thumbnailUrl":"https:\/\/corona1.eu\/de\/wp-content\/uploads\/2025\/06\/dla_strefy-gorniczej_pomniejszony.jpg","datePublished":"2025-06-25T12:18:59+00:00","dateModified":"2025-06-25T12:19:31+00:00","breadcrumb":{"@id":"https:\/\/corona1.eu\/de\/mobile-geraete-fuer-explosionsgefaehrdete-bereiche\/ausruestung-im-bergbau\/#breadcrumb"},"inLanguage":"de","potentialAction":[{"@type":"ReadAction","target":["https:\/\/corona1.eu\/de\/mobile-geraete-fuer-explosionsgefaehrdete-bereiche\/ausruestung-im-bergbau\/"]}]},{"@type":"ImageObject","inLanguage":"de","@id":"https:\/\/corona1.eu\/de\/mobile-geraete-fuer-explosionsgefaehrdete-bereiche\/ausruestung-im-bergbau\/#primaryimage","url":"https:\/\/corona1.eu\/de\/wp-content\/uploads\/2025\/06\/dla_strefy-gorniczej_pomniejszony.jpg","contentUrl":"https:\/\/corona1.eu\/de\/wp-content\/uploads\/2025\/06\/dla_strefy-gorniczej_pomniejszony.jpg","width":900,"height":900},{"@type":"BreadcrumbList","@id":"https:\/\/corona1.eu\/de\/mobile-geraete-fuer-explosionsgefaehrdete-bereiche\/ausruestung-im-bergbau\/#breadcrumb","itemListElement":[{"@type":"ListItem","position":1,"name":"Startseite","item":"https:\/\/corona1.eu\/de\/"},{"@type":"ListItem","position":2,"name":"Mobile Ger\u00e4te f\u00fcr explosionsgef\u00e4hrdete Bereiche","item":"https:\/\/corona1.eu\/de\/mobile-geraete-fuer-explosionsgefaehrdete-bereiche\/"},{"@type":"ListItem","position":3,"name":"Ausr\u00fcstung im Bergbau"}]},{"@type":"WebSite","@id":"https:\/\/corona1.eu\/de\/#website","url":"https:\/\/corona1.eu\/de\/","name":"CORONA Serwis","description":"","potentialAction":[{"@type":"SearchAction","target":{"@type":"EntryPoint","urlTemplate":"https:\/\/corona1.eu\/de\/?s={search_term_string}"},"query-input":{"@type":"PropertyValueSpecification","valueRequired":true,"valueName":"search_term_string"}}],"inLanguage":"de"}]}},"_links":{"self":[{"href":"https:\/\/corona1.eu\/de\/wp-json\/wp\/v2\/pages\/558","targetHints":{"allow":["GET"]}}],"collection":[{"href":"https:\/\/corona1.eu\/de\/wp-json\/wp\/v2\/pages"}],"about":[{"href":"https:\/\/corona1.eu\/de\/wp-json\/wp\/v2\/types\/page"}],"author":[{"embeddable":true,"href":"https:\/\/corona1.eu\/de\/wp-json\/wp\/v2\/users\/1"}],"replies":[{"embeddable":true,"href":"https:\/\/corona1.eu\/de\/wp-json\/wp\/v2\/comments?post=558"}],"version-history":[{"count":2,"href":"https:\/\/corona1.eu\/de\/wp-json\/wp\/v2\/pages\/558\/revisions"}],"predecessor-version":[{"id":561,"href":"https:\/\/corona1.eu\/de\/wp-json\/wp\/v2\/pages\/558\/revisions\/561"}],"up":[{"embeddable":true,"href":"https:\/\/corona1.eu\/de\/wp-json\/wp\/v2\/pages\/543"}],"wp:featuredmedia":[{"embeddable":true,"href":"https:\/\/corona1.eu\/de\/wp-json\/wp\/v2\/media\/559"}],"wp:attachment":[{"href":"https:\/\/corona1.eu\/de\/wp-json\/wp\/v2\/media?parent=558"}],"wp:term":[{"taxonomy":"category","embeddable":true,"href":"https:\/\/corona1.eu\/de\/wp-json\/wp\/v2\/categories?post=558"},{"taxonomy":"post_tag","embeddable":true,"href":"https:\/\/corona1.eu\/de\/wp-json\/wp\/v2\/tags?post=558"}],"curies":[{"name":"wp","href":"https:\/\/api.w.org\/{rel}","templated":true}]}}