{"id":549,"date":"2025-06-25T13:23:27","date_gmt":"2025-06-25T11:23:27","guid":{"rendered":"https:\/\/corona1.eu\/de\/?page_id=549"},"modified":"2025-06-25T13:24:11","modified_gmt":"2025-06-25T11:24:11","slug":"ausruestung-fuer-zone-1-21","status":"publish","type":"page","link":"https:\/\/corona1.eu\/de\/mobile-geraete-fuer-explosionsgefaehrdete-bereiche\/ausruestung-fuer-zone-1-21\/","title":{"rendered":"Ausr\u00fcstung f\u00fcr Zone 1\/21"},"content":{"rendered":"\n\n<p class=\"has-text-color\" style=\"color:#e79400\"><strong>Ger\u00e4te f\u00fcr Bereiche mit hoher Explosionsgefahr und\/oder hohem Aufkommen an brennbaren St\u00e4uben<\/strong><\/p>\n\n\n\n\n\n<p>In explosionsgef\u00e4hrdeten Bereichen sind Ex-kompatible Ger\u00e4te unbedingt erforderlich. Unsere Mobiltelefone, Smartphones, Tablets oder Multifunktionsger\u00e4te sind unter anderem nach der ATEX-Richtlinie zertifiziert und f\u00fcr Zone 1 f\u00fcr Gase und Zone 21 f\u00fcr St\u00e4ube zugelassen. Unsere Ger\u00e4te k\u00f6nnen daher in Bereichen eingesetzt werden, in denen im Normalbetrieb eine Explosionsgefahr bestehen kann.<\/p>\n\n\n\n\n\n<div style=\"height:60px\" aria-hidden=\"true\" class=\"wp-block-spacer\"><\/div>\n\n\n\n\n\n<div class=\"wp-block-columns is-layout-flex wp-container-core-columns-is-layout-9d6595d7 wp-block-columns-is-layout-flex\">\n\n<div class=\"wp-block-column is-layout-flow wp-block-column-is-layout-flow\">\n\n<figure class=\"wp-block-image size-large\"><img decoding=\"async\" src=\"https:\/\/corona1.eu\/wp-content\/uploads\/2022\/09\/TELEFON_IS120_1-1024x1024.jpg\" alt=\"\"\/><\/figure>\n\n\n\n\n\n<h6 style=\"min-height: 50px;\">Telefon IS120.1<\/h6>\n<hr>\n<a href=\"\/pdf\/01_karty_telefony_iskrobezpieczne\/telefon_IS120_1.pdf\" class=\"btn btn__secondary btn__link\">\n   <i class=\"icon-arrow-right arrow-rounded\"><\/i><span>Mehr lesen<\/span>\n<\/a>\n\n<\/div>\n\n\n\n\n\n<div class=\"wp-block-column is-layout-flow wp-block-column-is-layout-flow\">\n\n<figure class=\"wp-block-image size-large\"><img decoding=\"async\" src=\"https:\/\/corona1.eu\/wp-content\/uploads\/2022\/09\/telefon_is330_1-1024x1024.jpg\" alt=\"\"\/><\/figure>\n\n\n\n\n\n<h6 style=\"min-height: 50px;\">Telefon IS330.1<\/h6>\n<hr>\n<a href=\"\/pdf\/01_karty_telefony_iskrobezpieczne\/telefon_IS330_1.pdf\" class=\"btn btn__secondary btn__link\">\n   <i class=\"icon-arrow-right arrow-rounded\"><\/i><span>Mehr lesen<\/span>\n<\/a>\n\n<\/div>\n\n\n\n\n\n<div class=\"wp-block-column is-layout-flow wp-block-column-is-layout-flow\">\n\n<figure class=\"wp-block-image size-large\"><img decoding=\"async\" src=\"https:\/\/corona1.eu\/wp-content\/uploads\/2022\/09\/telefon_is530_1-1024x1024.jpg\" alt=\"\"\/><\/figure>\n\n\n\n\n\n<h6 style=\"min-height: 50px;\">Smartphone IS530.1<\/h6>\n<hr>\n<a href=\"\/pdf\/01_karty_telefony_iskrobezpieczne\/telefon_IS530_1.pdf\" class=\"btn btn__secondary btn__link\">\n   <i class=\"icon-arrow-right arrow-rounded\"><\/i><span>Mehr lesen<\/span>\n<\/a>\n\n<\/div>\n\n\n\n\n\n<div class=\"wp-block-column is-layout-flow wp-block-column-is-layout-flow\">\n\n<figure class=\"wp-block-image size-large\"><img decoding=\"async\" src=\"https:\/\/corona1.eu\/wp-content\/uploads\/2022\/12\/telefon_is540_1-1024x1024.jpg\" alt=\"\"\/><\/figure>\n\n\n\n\n\n<h6 style=\"min-height: 50px;\">Smartphone IS540.1<\/h6>\n<hr>\n<a href=\"\/pdf\/01_karty_telefony_iskrobezpieczne\/telefon_IS540_1.pdf\" class=\"btn btn__secondary btn__link\">\n   <i class=\"icon-arrow-right arrow-rounded\"><\/i><span>Mehr lesen<\/span>\n<\/a>\n\n<\/div>\n\n\n\n\n\n<div class=\"wp-block-column is-layout-flow wp-block-column-is-layout-flow\">\n\n<figure class=\"wp-block-image size-large\"><img decoding=\"async\" src=\"https:\/\/corona1.eu\/wp-content\/uploads\/2022\/09\/tablet_IS930-1.jpg\" alt=\"\"\/><\/figure>\n\n\n\n\n\n<h6 style=\"min-height: 50px;\">Tablette IS930.1<\/h6>\n<hr>\n<a href=\"\/pdf\/01_karty_telefony_iskrobezpieczne\/telefon_IS930_1.pdf\" class=\"btn btn__secondary btn__link\">\n   <i class=\"icon-arrow-right arrow-rounded\"><\/i><span>Mehr lesen<\/span>\n<\/a>\n\n<\/div>\n\n<\/div>\n\n\n\n\n\n<p><\/p>\n\n\n\n\n\n<div style=\"height:60px\" aria-hidden=\"true\" class=\"wp-block-spacer\"><\/div>\n\n\n\n\n\n<div class=\"wp-block-columns is-layout-flex wp-container-core-columns-is-layout-9d6595d7 wp-block-columns-is-layout-flex\">\n\n<div class=\"wp-block-column is-layout-flow wp-block-column-is-layout-flow\">\n\n<figure class=\"wp-block-image size-large\"><img decoding=\"async\" src=\"https:\/\/corona1.eu\/wp-content\/uploads\/2022\/09\/skaner_ISTH1XX1-1024x1024.jpg\" alt=\"\"\/><\/figure>\n\n\n\n\n\n<h6 style=\"min-height: 50px;\">Barcode-Leser<br> IS-TH1xx.1<\/h6>\n<hr>\n<a href=\"\/pdf\/01_karty_telefony_iskrobezpieczne\/czytnik_isth1xx_1.pdf\" class=\"btn btn__secondary btn__link\">\n   <i class=\"icon-arrow-right arrow-rounded\"><\/i><span>Mehr lesen<\/span>\n<\/a>\n\n<\/div>\n\n\n\n\n\n<div class=\"wp-block-column is-layout-flow wp-block-column-is-layout-flow\">\n\n<figure class=\"wp-block-image size-large\"><img decoding=\"async\" src=\"https:\/\/corona1.eu\/wp-content\/uploads\/2022\/09\/smartwatch_IS-SW1.jpg\" alt=\"\"\/><\/figure>\n\n\n\n\n\n<h6 style=\"min-height: 50px;\">Smartwatch IS-SW1.1<\/h6>\n<hr>\n<a href=\"\/pdf\/01_karty_telefony_iskrobezpieczne\/smartwatch_issw1_1.pdf\" class=\"btn btn__secondary btn__link\">\n   <i class=\"icon-arrow-right arrow-rounded\"><\/i><span>Mehr lesen<\/span>\n<\/a>\n\n<\/div>\n\n\n\n\n\n<div class=\"wp-block-column is-layout-flow wp-block-column-is-layout-flow\">\n\n<figure class=\"wp-block-image size-large\"><img decoding=\"async\" src=\"https:\/\/corona1.eu\/wp-content\/uploads\/2022\/09\/modul_dodatkowy_3-1024x1024.jpg\" alt=\"\"\/><\/figure>\n\n\n\n\n\n<h6 style=\"min-height: 50px;\">W\u00e4rmebildkamera ISTC1A.1<\/h6>\n<hr>\n<a href=\"\/pdf\/01_karty_telefony_iskrobezpieczne\/kamera_termowizyjna_istc1a_1.pdf\" class=\"btn btn__secondary btn__link\">\n   <i class=\"icon-arrow-right arrow-rounded\"><\/i><span>Mehr lesen<\/span>\n<\/a>\n\n<\/div>\n\n\n\n\n\n<div class=\"wp-block-column is-layout-flow wp-block-column-is-layout-flow\">\n\n<figure class=\"wp-block-image size-large\"><img decoding=\"async\" src=\"https:\/\/corona1.eu\/wp-content\/uploads\/2022\/09\/mikrofonoglosnik-1024x1024.jpg\" alt=\"\"\/><\/figure>\n\n\n\n\n\n<h6 style=\"min-height: 50px;\">Mikrofon-Lautsprecher IS-RSMG2<\/h6>\n<hr>\n<a href=\"\/pdf\/01_karty_telefony_iskrobezpieczne\/mikrofonog\u0142o\u015bnik_IS-RSMG2_1.pdf\" class=\"btn btn__secondary btn__link\">\n   <i class=\"icon-arrow-right arrow-rounded\"><\/i><span>Lesen Sie mehr<\/span>\n<\/a>\n\n<\/div>\n\n<\/div>\n\n\n\n\n\n<div style=\"height:60px\" aria-hidden=\"true\" class=\"wp-block-spacer\"><\/div>\n\n\n\n\n\n<div class=\"wp-block-columns is-layout-flex wp-container-core-columns-is-layout-9d6595d7 wp-block-columns-is-layout-flex\">\n\n<div class=\"wp-block-column is-layout-flow wp-block-column-is-layout-flow\">\n\n<figure class=\"wp-block-image size-large\"><img decoding=\"async\" src=\"https:\/\/corona1.eu\/wp-content\/uploads\/2022\/09\/tablet_sterowany_glosem_HMT_1Z1-1024x1024.jpg\" alt=\"\"\/><\/figure>\n\n\n\n\n\n<h6 style=\"min-height: 50px;\">HMT-1Z1 Tablette<\/h6>\n<hr>\n<a href=\"\/pdf\/01_karty_telefony_iskrobezpieczne\/tablet_sterowany_glowem_hmy_1z1.pdf\" class=\"btn btn__secondary btn__link\">\n   <i class=\"icon-arrow-right arrow-rounded\"><\/i><span>Lesen Sie mehr<\/span>\n<\/a>\n\n<\/div>\n\n\n\n\n\n<div class=\"wp-block-column is-layout-flow wp-block-column-is-layout-flow\"><\/div>\n\n\n\n\n\n<div class=\"wp-block-column is-layout-flow wp-block-column-is-layout-flow\"><\/div>\n\n\n\n\n\n<div class=\"wp-block-column is-layout-flow wp-block-column-is-layout-flow\"><\/div>\n\n<\/div>\n\n\n\n\n\n<div style=\"height:60px\" aria-hidden=\"true\" class=\"wp-block-spacer\"><\/div>\n\n\n\n\n\n<p><\/p>\n\n","protected":false},"excerpt":{"rendered":"<p>Ger\u00e4te f\u00fcr Bereiche mit hoher Explosionsgefahr und\/oder hohem Aufkommen an brennbaren St\u00e4uben In explosionsgef\u00e4hrdeten Bereichen [&hellip;]<\/p>\n","protected":false},"author":1,"featured_media":550,"parent":543,"menu_order":0,"comment_status":"closed","ping_status":"closed","template":"kg_products_template.php","meta":{"pgc_sgb_lightbox_settings":"","footnotes":""},"categories":[32],"tags":[],"class_list":["post-549","page","type-page","status-publish","has-post-thumbnail","hentry","category-imobile"],"yoast_head":"<!-- This site is optimized with the Yoast SEO plugin v27.1.1 - https:\/\/yoast.com\/product\/yoast-seo-wordpress\/ -->\n<title>Ausr\u00fcstung f\u00fcr Zone 1\/21 - CORONA Serwis<\/title>\n<meta name=\"robots\" content=\"index, follow, max-snippet:-1, max-image-preview:large, max-video-preview:-1\" \/>\n<link rel=\"canonical\" href=\"https:\/\/corona1.eu\/de\/mobile-geraete-fuer-explosionsgefaehrdete-bereiche\/ausruestung-fuer-zone-1-21\/\" \/>\n<meta property=\"og:locale\" content=\"de_DE\" \/>\n<meta property=\"og:type\" content=\"article\" \/>\n<meta property=\"og:title\" content=\"Ausr\u00fcstung f\u00fcr Zone 1\/21 - CORONA Serwis\" \/>\n<meta property=\"og:description\" content=\"Ger\u00e4te f\u00fcr Bereiche mit hoher Explosionsgefahr und\/oder hohem Aufkommen an brennbaren St\u00e4uben In explosionsgef\u00e4hrdeten Bereichen [&hellip;]\" \/>\n<meta property=\"og:url\" content=\"https:\/\/corona1.eu\/de\/mobile-geraete-fuer-explosionsgefaehrdete-bereiche\/ausruestung-fuer-zone-1-21\/\" \/>\n<meta property=\"og:site_name\" content=\"CORONA Serwis\" \/>\n<meta property=\"article:modified_time\" content=\"2025-06-25T11:24:11+00:00\" \/>\n<meta property=\"og:image\" content=\"https:\/\/corona1.eu\/de\/wp-content\/uploads\/2025\/06\/dla_strefy_1_21.png\" \/>\n\t<meta property=\"og:image:width\" content=\"900\" \/>\n\t<meta property=\"og:image:height\" content=\"900\" \/>\n\t<meta property=\"og:image:type\" content=\"image\/png\" \/>\n<meta name=\"twitter:card\" content=\"summary_large_image\" \/>\n<meta name=\"twitter:label1\" content=\"Gesch\u00e4tzte Lesezeit\" \/>\n\t<meta name=\"twitter:data1\" content=\"3\u00a0Minuten\" \/>\n<script type=\"application\/ld+json\" class=\"yoast-schema-graph\">{\"@context\":\"https:\/\/schema.org\",\"@graph\":[{\"@type\":\"WebPage\",\"@id\":\"https:\/\/corona1.eu\/de\/mobile-geraete-fuer-explosionsgefaehrdete-bereiche\/ausruestung-fuer-zone-1-21\/\",\"url\":\"https:\/\/corona1.eu\/de\/mobile-geraete-fuer-explosionsgefaehrdete-bereiche\/ausruestung-fuer-zone-1-21\/\",\"name\":\"Ausr\u00fcstung f\u00fcr Zone 1\/21 - CORONA Serwis\",\"isPartOf\":{\"@id\":\"https:\/\/corona1.eu\/de\/#website\"},\"primaryImageOfPage\":{\"@id\":\"https:\/\/corona1.eu\/de\/mobile-geraete-fuer-explosionsgefaehrdete-bereiche\/ausruestung-fuer-zone-1-21\/#primaryimage\"},\"image\":{\"@id\":\"https:\/\/corona1.eu\/de\/mobile-geraete-fuer-explosionsgefaehrdete-bereiche\/ausruestung-fuer-zone-1-21\/#primaryimage\"},\"thumbnailUrl\":\"https:\/\/corona1.eu\/de\/wp-content\/uploads\/2025\/06\/dla_strefy_1_21.png\",\"datePublished\":\"2025-06-25T11:23:27+00:00\",\"dateModified\":\"2025-06-25T11:24:11+00:00\",\"breadcrumb\":{\"@id\":\"https:\/\/corona1.eu\/de\/mobile-geraete-fuer-explosionsgefaehrdete-bereiche\/ausruestung-fuer-zone-1-21\/#breadcrumb\"},\"inLanguage\":\"de\",\"potentialAction\":[{\"@type\":\"ReadAction\",\"target\":[\"https:\/\/corona1.eu\/de\/mobile-geraete-fuer-explosionsgefaehrdete-bereiche\/ausruestung-fuer-zone-1-21\/\"]}]},{\"@type\":\"ImageObject\",\"inLanguage\":\"de\",\"@id\":\"https:\/\/corona1.eu\/de\/mobile-geraete-fuer-explosionsgefaehrdete-bereiche\/ausruestung-fuer-zone-1-21\/#primaryimage\",\"url\":\"https:\/\/corona1.eu\/de\/wp-content\/uploads\/2025\/06\/dla_strefy_1_21.png\",\"contentUrl\":\"https:\/\/corona1.eu\/de\/wp-content\/uploads\/2025\/06\/dla_strefy_1_21.png\",\"width\":900,\"height\":900},{\"@type\":\"BreadcrumbList\",\"@id\":\"https:\/\/corona1.eu\/de\/mobile-geraete-fuer-explosionsgefaehrdete-bereiche\/ausruestung-fuer-zone-1-21\/#breadcrumb\",\"itemListElement\":[{\"@type\":\"ListItem\",\"position\":1,\"name\":\"Startseite\",\"item\":\"https:\/\/corona1.eu\/de\/\"},{\"@type\":\"ListItem\",\"position\":2,\"name\":\"Mobile Ger\u00e4te f\u00fcr explosionsgef\u00e4hrdete Bereiche\",\"item\":\"https:\/\/corona1.eu\/de\/mobile-geraete-fuer-explosionsgefaehrdete-bereiche\/\"},{\"@type\":\"ListItem\",\"position\":3,\"name\":\"Ausr\u00fcstung f\u00fcr Zone 1\/21\"}]},{\"@type\":\"WebSite\",\"@id\":\"https:\/\/corona1.eu\/de\/#website\",\"url\":\"https:\/\/corona1.eu\/de\/\",\"name\":\"CORONA Serwis\",\"description\":\"\",\"potentialAction\":[{\"@type\":\"SearchAction\",\"target\":{\"@type\":\"EntryPoint\",\"urlTemplate\":\"https:\/\/corona1.eu\/de\/?s={search_term_string}\"},\"query-input\":{\"@type\":\"PropertyValueSpecification\",\"valueRequired\":true,\"valueName\":\"search_term_string\"}}],\"inLanguage\":\"de\"}]}<\/script>\n<!-- \/ Yoast SEO plugin. -->","yoast_head_json":{"title":"Ausr\u00fcstung f\u00fcr Zone 1\/21 - CORONA Serwis","robots":{"index":"index","follow":"follow","max-snippet":"max-snippet:-1","max-image-preview":"max-image-preview:large","max-video-preview":"max-video-preview:-1"},"canonical":"https:\/\/corona1.eu\/de\/mobile-geraete-fuer-explosionsgefaehrdete-bereiche\/ausruestung-fuer-zone-1-21\/","og_locale":"de_DE","og_type":"article","og_title":"Ausr\u00fcstung f\u00fcr Zone 1\/21 - CORONA Serwis","og_description":"Ger\u00e4te f\u00fcr Bereiche mit hoher Explosionsgefahr und\/oder hohem Aufkommen an brennbaren St\u00e4uben In explosionsgef\u00e4hrdeten Bereichen [&hellip;]","og_url":"https:\/\/corona1.eu\/de\/mobile-geraete-fuer-explosionsgefaehrdete-bereiche\/ausruestung-fuer-zone-1-21\/","og_site_name":"CORONA Serwis","article_modified_time":"2025-06-25T11:24:11+00:00","og_image":[{"width":900,"height":900,"url":"https:\/\/corona1.eu\/de\/wp-content\/uploads\/2025\/06\/dla_strefy_1_21.png","type":"image\/png"}],"twitter_card":"summary_large_image","twitter_misc":{"Gesch\u00e4tzte Lesezeit":"3\u00a0Minuten"},"schema":{"@context":"https:\/\/schema.org","@graph":[{"@type":"WebPage","@id":"https:\/\/corona1.eu\/de\/mobile-geraete-fuer-explosionsgefaehrdete-bereiche\/ausruestung-fuer-zone-1-21\/","url":"https:\/\/corona1.eu\/de\/mobile-geraete-fuer-explosionsgefaehrdete-bereiche\/ausruestung-fuer-zone-1-21\/","name":"Ausr\u00fcstung f\u00fcr Zone 1\/21 - CORONA Serwis","isPartOf":{"@id":"https:\/\/corona1.eu\/de\/#website"},"primaryImageOfPage":{"@id":"https:\/\/corona1.eu\/de\/mobile-geraete-fuer-explosionsgefaehrdete-bereiche\/ausruestung-fuer-zone-1-21\/#primaryimage"},"image":{"@id":"https:\/\/corona1.eu\/de\/mobile-geraete-fuer-explosionsgefaehrdete-bereiche\/ausruestung-fuer-zone-1-21\/#primaryimage"},"thumbnailUrl":"https:\/\/corona1.eu\/de\/wp-content\/uploads\/2025\/06\/dla_strefy_1_21.png","datePublished":"2025-06-25T11:23:27+00:00","dateModified":"2025-06-25T11:24:11+00:00","breadcrumb":{"@id":"https:\/\/corona1.eu\/de\/mobile-geraete-fuer-explosionsgefaehrdete-bereiche\/ausruestung-fuer-zone-1-21\/#breadcrumb"},"inLanguage":"de","potentialAction":[{"@type":"ReadAction","target":["https:\/\/corona1.eu\/de\/mobile-geraete-fuer-explosionsgefaehrdete-bereiche\/ausruestung-fuer-zone-1-21\/"]}]},{"@type":"ImageObject","inLanguage":"de","@id":"https:\/\/corona1.eu\/de\/mobile-geraete-fuer-explosionsgefaehrdete-bereiche\/ausruestung-fuer-zone-1-21\/#primaryimage","url":"https:\/\/corona1.eu\/de\/wp-content\/uploads\/2025\/06\/dla_strefy_1_21.png","contentUrl":"https:\/\/corona1.eu\/de\/wp-content\/uploads\/2025\/06\/dla_strefy_1_21.png","width":900,"height":900},{"@type":"BreadcrumbList","@id":"https:\/\/corona1.eu\/de\/mobile-geraete-fuer-explosionsgefaehrdete-bereiche\/ausruestung-fuer-zone-1-21\/#breadcrumb","itemListElement":[{"@type":"ListItem","position":1,"name":"Startseite","item":"https:\/\/corona1.eu\/de\/"},{"@type":"ListItem","position":2,"name":"Mobile Ger\u00e4te f\u00fcr explosionsgef\u00e4hrdete Bereiche","item":"https:\/\/corona1.eu\/de\/mobile-geraete-fuer-explosionsgefaehrdete-bereiche\/"},{"@type":"ListItem","position":3,"name":"Ausr\u00fcstung f\u00fcr Zone 1\/21"}]},{"@type":"WebSite","@id":"https:\/\/corona1.eu\/de\/#website","url":"https:\/\/corona1.eu\/de\/","name":"CORONA Serwis","description":"","potentialAction":[{"@type":"SearchAction","target":{"@type":"EntryPoint","urlTemplate":"https:\/\/corona1.eu\/de\/?s={search_term_string}"},"query-input":{"@type":"PropertyValueSpecification","valueRequired":true,"valueName":"search_term_string"}}],"inLanguage":"de"}]}},"_links":{"self":[{"href":"https:\/\/corona1.eu\/de\/wp-json\/wp\/v2\/pages\/549","targetHints":{"allow":["GET"]}}],"collection":[{"href":"https:\/\/corona1.eu\/de\/wp-json\/wp\/v2\/pages"}],"about":[{"href":"https:\/\/corona1.eu\/de\/wp-json\/wp\/v2\/types\/page"}],"author":[{"embeddable":true,"href":"https:\/\/corona1.eu\/de\/wp-json\/wp\/v2\/users\/1"}],"replies":[{"embeddable":true,"href":"https:\/\/corona1.eu\/de\/wp-json\/wp\/v2\/comments?post=549"}],"version-history":[{"count":2,"href":"https:\/\/corona1.eu\/de\/wp-json\/wp\/v2\/pages\/549\/revisions"}],"predecessor-version":[{"id":552,"href":"https:\/\/corona1.eu\/de\/wp-json\/wp\/v2\/pages\/549\/revisions\/552"}],"up":[{"embeddable":true,"href":"https:\/\/corona1.eu\/de\/wp-json\/wp\/v2\/pages\/543"}],"wp:featuredmedia":[{"embeddable":true,"href":"https:\/\/corona1.eu\/de\/wp-json\/wp\/v2\/media\/550"}],"wp:attachment":[{"href":"https:\/\/corona1.eu\/de\/wp-json\/wp\/v2\/media?parent=549"}],"wp:term":[{"taxonomy":"category","embeddable":true,"href":"https:\/\/corona1.eu\/de\/wp-json\/wp\/v2\/categories?post=549"},{"taxonomy":"post_tag","embeddable":true,"href":"https:\/\/corona1.eu\/de\/wp-json\/wp\/v2\/tags?post=549"}],"curies":[{"name":"wp","href":"https:\/\/api.w.org\/{rel}","templated":true}]}}