{"id":543,"date":"2025-06-25T13:05:37","date_gmt":"2025-06-25T11:05:37","guid":{"rendered":"https:\/\/corona1.eu\/de\/?page_id=543"},"modified":"2025-10-21T13:09:35","modified_gmt":"2025-10-21T11:09:35","slug":"mobile-geraete-fuer-explosionsgefaehrdete-bereiche","status":"publish","type":"page","link":"https:\/\/corona1.eu\/de\/mobile-geraete-fuer-explosionsgefaehrdete-bereiche\/","title":{"rendered":"Mobile Ger\u00e4te f\u00fcr explosionsgef\u00e4hrdete Bereiche"},"content":{"rendered":"\n<h2 class=\"wp-block-heading\">Ex-Mobilger\u00e4te<\/h2>\n\n\n\n<p>Die f\u00fcr den Einsatz in explosionsgef\u00e4hrdeten Bereichen konzipierten Ger\u00e4te des deutschen Herstellers i.safe MOBILE erm\u00f6glichen den sicheren Austausch von Informationen unter besonderen Einsatzbedingungen. Die ultrarobusten Mobiltelefone, Smartphones, Tablets und Multifunktionsger\u00e4te sorgen f\u00fcr Sicherheit sowohl in explosionsgef\u00e4hrdeten Bereichen als auch in Bereichen, die besonders stark den Au\u00dfenbedingungen ausgesetzt sind.<br><br>Alle Ger\u00e4te erf\u00fcllen die strengen Anforderungen der ATEX- und IECEx-Normen, was durch ihre Ex-Zertifizierung belegt wird. Wir bieten unseren Kunden Ger\u00e4te in der Ausf\u00fchrung IP 68 an, der h\u00f6chsten zur Kennzeichnung der Widerstandsklasse von elektrischen Ger\u00e4ten verwendeten Klasse, dank der die Ger\u00e4te staub- und wasserdicht sind. Ein zus\u00e4tzlicher Vorteil der angebotenen Ger\u00e4te ist die Einhaltung der Milit\u00e4rnorm MIL-STD 810G, die die extreme Widerstandsf\u00e4higkeit aller Ger\u00e4te garantiert. Die Widerstandsf\u00e4higkeit gegen hohe Temperaturen erm\u00f6glicht einen zuverl\u00e4ssigen Betrieb auch unter extremen Bedingungen.<\/p>\n\n\n\n<div class=\"schema-faq wp-block-yoast-faq-block\"><div class=\"schema-faq-section\" id=\"faq-question-1662982722589\"><strong class=\"schema-faq-question\">Anwendung<\/strong> <p class=\"schema-faq-answer\">Hochwertige Ex-zertifizierte Mobiltelefone, Smartphones, Tablets oder Multifunktionsger\u00e4te gibt es f\u00fcr die Bereiche Zone 1\/21 und Zone 2\/22. F\u00fcr den Bergbau bieten wir Ger\u00e4te in I M1-Ausf\u00fchrung. Ausgew\u00e4hlte Ger\u00e4te sind auch im Industriedesign f\u00fcr extrem raue Einsatzbedingungen erh\u00e4ltlich.<\/p> <\/div> <div class=\"schema-faq-section\" id=\"faq-question-1662982728778\"><strong class=\"schema-faq-question\">Eigenschaften<\/strong> <p class=\"schema-faq-answer\">Alle i.safe MOBILE-Ger\u00e4te basieren auf dem Android\u2122-Betriebssystem, sind mit Standardl\u00f6sungen wie Bluetooth und Wi-Fi ausgestattet und bieten eine breite Palette an Zusatzfunktionen. Dazu geh\u00f6ren individuell belegbare Tasten, eine SOS-Taste, (Push-to-Talk- und Loneworker Protection (LWP)-Vorbereitung), verst\u00e4rkte Lautsprecher, NFC oder Displays, die mit Handschuhen bedient werden k\u00f6nnen.<\/p> <\/div> <\/div>\n\n\n\n<p><\/p>\n","protected":false},"excerpt":{"rendered":"<p>Ex-Mobilger\u00e4te Die f\u00fcr den Einsatz in explosionsgef\u00e4hrdeten Bereichen konzipierten Ger\u00e4te des deutschen Herstellers i.safe MOBILE [&hellip;]<\/p>\n","protected":false},"author":1,"featured_media":544,"parent":0,"menu_order":0,"comment_status":"closed","ping_status":"closed","template":"kg_products_list_template.php","meta":{"pgc_sgb_lightbox_settings":"","footnotes":""},"categories":[32,2],"tags":[],"class_list":["post-543","page","type-page","status-publish","has-post-thumbnail","hentry","category-imobile","category-zprodukty"],"yoast_head":"<!-- This site is optimized with the Yoast SEO plugin v27.1.1 - https:\/\/yoast.com\/product\/yoast-seo-wordpress\/ -->\n<title>Mobile Ger\u00e4te f\u00fcr explosionsgef\u00e4hrdete Bereiche - CORONA Serwis<\/title>\n<meta name=\"description\" content=\"Hochwertige Ger\u00e4te, einschlie\u00dflich Handys, Smartphones, Tablets, Smartwatches f\u00fcr den sicheren Einsatz in Ex-Zonen.\" \/>\n<meta name=\"robots\" content=\"index, follow, max-snippet:-1, max-image-preview:large, max-video-preview:-1\" \/>\n<link rel=\"canonical\" href=\"https:\/\/corona1.eu\/de\/mobile-geraete-fuer-explosionsgefaehrdete-bereiche\/\" \/>\n<meta property=\"og:locale\" content=\"de_DE\" \/>\n<meta property=\"og:type\" content=\"article\" \/>\n<meta property=\"og:title\" content=\"Mobile Ger\u00e4te f\u00fcr explosionsgef\u00e4hrdete Bereiche - CORONA Serwis\" \/>\n<meta property=\"og:description\" content=\"Hochwertige Ger\u00e4te, einschlie\u00dflich Handys, Smartphones, Tablets, Smartwatches f\u00fcr den sicheren Einsatz in Ex-Zonen.\" \/>\n<meta property=\"og:url\" content=\"https:\/\/corona1.eu\/de\/mobile-geraete-fuer-explosionsgefaehrdete-bereiche\/\" \/>\n<meta property=\"og:site_name\" content=\"CORONA Serwis\" \/>\n<meta property=\"article:modified_time\" content=\"2025-10-21T11:09:35+00:00\" \/>\n<meta property=\"og:image\" content=\"https:\/\/corona1.eu\/de\/wp-content\/uploads\/2025\/06\/grupa_telefony16x9.png\" \/>\n\t<meta property=\"og:image:width\" content=\"889\" \/>\n\t<meta property=\"og:image:height\" content=\"500\" \/>\n\t<meta property=\"og:image:type\" content=\"image\/png\" \/>\n<meta name=\"twitter:card\" content=\"summary_large_image\" \/>\n<meta name=\"twitter:label1\" content=\"Gesch\u00e4tzte Lesezeit\" \/>\n\t<meta name=\"twitter:data1\" content=\"2\u00a0Minuten\" \/>\n<script type=\"application\/ld+json\" class=\"yoast-schema-graph\">{\"@context\":\"https:\/\/schema.org\",\"@graph\":[{\"@type\":[\"WebPage\",\"FAQPage\"],\"@id\":\"https:\/\/corona1.eu\/de\/mobile-geraete-fuer-explosionsgefaehrdete-bereiche\/\",\"url\":\"https:\/\/corona1.eu\/de\/mobile-geraete-fuer-explosionsgefaehrdete-bereiche\/\",\"name\":\"Mobile Ger\u00e4te f\u00fcr explosionsgef\u00e4hrdete Bereiche - CORONA Serwis\",\"isPartOf\":{\"@id\":\"https:\/\/corona1.eu\/de\/#website\"},\"primaryImageOfPage\":{\"@id\":\"https:\/\/corona1.eu\/de\/mobile-geraete-fuer-explosionsgefaehrdete-bereiche\/#primaryimage\"},\"image\":{\"@id\":\"https:\/\/corona1.eu\/de\/mobile-geraete-fuer-explosionsgefaehrdete-bereiche\/#primaryimage\"},\"thumbnailUrl\":\"https:\/\/corona1.eu\/de\/wp-content\/uploads\/2025\/06\/grupa_telefony16x9.png\",\"datePublished\":\"2025-06-25T11:05:37+00:00\",\"dateModified\":\"2025-10-21T11:09:35+00:00\",\"description\":\"Hochwertige Ger\u00e4te, einschlie\u00dflich Handys, Smartphones, Tablets, Smartwatches f\u00fcr den sicheren Einsatz in Ex-Zonen.\",\"breadcrumb\":{\"@id\":\"https:\/\/corona1.eu\/de\/mobile-geraete-fuer-explosionsgefaehrdete-bereiche\/#breadcrumb\"},\"mainEntity\":[{\"@id\":\"https:\/\/corona1.eu\/de\/mobile-geraete-fuer-explosionsgefaehrdete-bereiche\/#faq-question-1662982722589\"},{\"@id\":\"https:\/\/corona1.eu\/de\/mobile-geraete-fuer-explosionsgefaehrdete-bereiche\/#faq-question-1662982728778\"}],\"inLanguage\":\"de\",\"potentialAction\":[{\"@type\":\"ReadAction\",\"target\":[\"https:\/\/corona1.eu\/de\/mobile-geraete-fuer-explosionsgefaehrdete-bereiche\/\"]}]},{\"@type\":\"ImageObject\",\"inLanguage\":\"de\",\"@id\":\"https:\/\/corona1.eu\/de\/mobile-geraete-fuer-explosionsgefaehrdete-bereiche\/#primaryimage\",\"url\":\"https:\/\/corona1.eu\/de\/wp-content\/uploads\/2025\/06\/grupa_telefony16x9.png\",\"contentUrl\":\"https:\/\/corona1.eu\/de\/wp-content\/uploads\/2025\/06\/grupa_telefony16x9.png\",\"width\":889,\"height\":500},{\"@type\":\"BreadcrumbList\",\"@id\":\"https:\/\/corona1.eu\/de\/mobile-geraete-fuer-explosionsgefaehrdete-bereiche\/#breadcrumb\",\"itemListElement\":[{\"@type\":\"ListItem\",\"position\":1,\"name\":\"Startseite\",\"item\":\"https:\/\/corona1.eu\/de\/\"},{\"@type\":\"ListItem\",\"position\":2,\"name\":\"Mobile Ger\u00e4te f\u00fcr explosionsgef\u00e4hrdete Bereiche\"}]},{\"@type\":\"WebSite\",\"@id\":\"https:\/\/corona1.eu\/de\/#website\",\"url\":\"https:\/\/corona1.eu\/de\/\",\"name\":\"CORONA Serwis\",\"description\":\"\",\"potentialAction\":[{\"@type\":\"SearchAction\",\"target\":{\"@type\":\"EntryPoint\",\"urlTemplate\":\"https:\/\/corona1.eu\/de\/?s={search_term_string}\"},\"query-input\":{\"@type\":\"PropertyValueSpecification\",\"valueRequired\":true,\"valueName\":\"search_term_string\"}}],\"inLanguage\":\"de\"},{\"@type\":\"Question\",\"@id\":\"https:\/\/corona1.eu\/de\/mobile-geraete-fuer-explosionsgefaehrdete-bereiche\/#faq-question-1662982722589\",\"position\":1,\"url\":\"https:\/\/corona1.eu\/de\/mobile-geraete-fuer-explosionsgefaehrdete-bereiche\/#faq-question-1662982722589\",\"name\":\"Anwendung\",\"answerCount\":1,\"acceptedAnswer\":{\"@type\":\"Answer\",\"text\":\"Hochwertige Ex-zertifizierte Mobiltelefone, Smartphones, Tablets oder Multifunktionsger\u00e4te gibt es f\u00fcr die Bereiche Zone 1\/21 und Zone 2\/22. F\u00fcr den Bergbau bieten wir Ger\u00e4te in I M1-Ausf\u00fchrung. Ausgew\u00e4hlte Ger\u00e4te sind auch im Industriedesign f\u00fcr extrem raue Einsatzbedingungen erh\u00e4ltlich.\",\"inLanguage\":\"de\"},\"inLanguage\":\"de\"},{\"@type\":\"Question\",\"@id\":\"https:\/\/corona1.eu\/de\/mobile-geraete-fuer-explosionsgefaehrdete-bereiche\/#faq-question-1662982728778\",\"position\":2,\"url\":\"https:\/\/corona1.eu\/de\/mobile-geraete-fuer-explosionsgefaehrdete-bereiche\/#faq-question-1662982728778\",\"name\":\"Eigenschaften\",\"answerCount\":1,\"acceptedAnswer\":{\"@type\":\"Answer\",\"text\":\"Alle i.safe MOBILE-Ger\u00e4te basieren auf dem Android\u2122-Betriebssystem, sind mit Standardl\u00f6sungen wie Bluetooth und Wi-Fi ausgestattet und bieten eine breite Palette an Zusatzfunktionen. Dazu geh\u00f6ren individuell belegbare Tasten, eine SOS-Taste, (Push-to-Talk- und Loneworker Protection (LWP)-Vorbereitung), verst\u00e4rkte Lautsprecher, NFC oder Displays, die mit Handschuhen bedient werden k\u00f6nnen.\",\"inLanguage\":\"de\"},\"inLanguage\":\"de\"}]}<\/script>\n<!-- \/ Yoast SEO plugin. -->","yoast_head_json":{"title":"Mobile Ger\u00e4te f\u00fcr explosionsgef\u00e4hrdete Bereiche - CORONA Serwis","description":"Hochwertige Ger\u00e4te, einschlie\u00dflich Handys, Smartphones, Tablets, Smartwatches f\u00fcr den sicheren Einsatz in Ex-Zonen.","robots":{"index":"index","follow":"follow","max-snippet":"max-snippet:-1","max-image-preview":"max-image-preview:large","max-video-preview":"max-video-preview:-1"},"canonical":"https:\/\/corona1.eu\/de\/mobile-geraete-fuer-explosionsgefaehrdete-bereiche\/","og_locale":"de_DE","og_type":"article","og_title":"Mobile Ger\u00e4te f\u00fcr explosionsgef\u00e4hrdete Bereiche - CORONA Serwis","og_description":"Hochwertige Ger\u00e4te, einschlie\u00dflich Handys, Smartphones, Tablets, Smartwatches f\u00fcr den sicheren Einsatz in Ex-Zonen.","og_url":"https:\/\/corona1.eu\/de\/mobile-geraete-fuer-explosionsgefaehrdete-bereiche\/","og_site_name":"CORONA Serwis","article_modified_time":"2025-10-21T11:09:35+00:00","og_image":[{"width":889,"height":500,"url":"https:\/\/corona1.eu\/de\/wp-content\/uploads\/2025\/06\/grupa_telefony16x9.png","type":"image\/png"}],"twitter_card":"summary_large_image","twitter_misc":{"Gesch\u00e4tzte Lesezeit":"2\u00a0Minuten"},"schema":{"@context":"https:\/\/schema.org","@graph":[{"@type":["WebPage","FAQPage"],"@id":"https:\/\/corona1.eu\/de\/mobile-geraete-fuer-explosionsgefaehrdete-bereiche\/","url":"https:\/\/corona1.eu\/de\/mobile-geraete-fuer-explosionsgefaehrdete-bereiche\/","name":"Mobile Ger\u00e4te f\u00fcr explosionsgef\u00e4hrdete Bereiche - CORONA Serwis","isPartOf":{"@id":"https:\/\/corona1.eu\/de\/#website"},"primaryImageOfPage":{"@id":"https:\/\/corona1.eu\/de\/mobile-geraete-fuer-explosionsgefaehrdete-bereiche\/#primaryimage"},"image":{"@id":"https:\/\/corona1.eu\/de\/mobile-geraete-fuer-explosionsgefaehrdete-bereiche\/#primaryimage"},"thumbnailUrl":"https:\/\/corona1.eu\/de\/wp-content\/uploads\/2025\/06\/grupa_telefony16x9.png","datePublished":"2025-06-25T11:05:37+00:00","dateModified":"2025-10-21T11:09:35+00:00","description":"Hochwertige Ger\u00e4te, einschlie\u00dflich Handys, Smartphones, Tablets, Smartwatches f\u00fcr den sicheren Einsatz in Ex-Zonen.","breadcrumb":{"@id":"https:\/\/corona1.eu\/de\/mobile-geraete-fuer-explosionsgefaehrdete-bereiche\/#breadcrumb"},"mainEntity":[{"@id":"https:\/\/corona1.eu\/de\/mobile-geraete-fuer-explosionsgefaehrdete-bereiche\/#faq-question-1662982722589"},{"@id":"https:\/\/corona1.eu\/de\/mobile-geraete-fuer-explosionsgefaehrdete-bereiche\/#faq-question-1662982728778"}],"inLanguage":"de","potentialAction":[{"@type":"ReadAction","target":["https:\/\/corona1.eu\/de\/mobile-geraete-fuer-explosionsgefaehrdete-bereiche\/"]}]},{"@type":"ImageObject","inLanguage":"de","@id":"https:\/\/corona1.eu\/de\/mobile-geraete-fuer-explosionsgefaehrdete-bereiche\/#primaryimage","url":"https:\/\/corona1.eu\/de\/wp-content\/uploads\/2025\/06\/grupa_telefony16x9.png","contentUrl":"https:\/\/corona1.eu\/de\/wp-content\/uploads\/2025\/06\/grupa_telefony16x9.png","width":889,"height":500},{"@type":"BreadcrumbList","@id":"https:\/\/corona1.eu\/de\/mobile-geraete-fuer-explosionsgefaehrdete-bereiche\/#breadcrumb","itemListElement":[{"@type":"ListItem","position":1,"name":"Startseite","item":"https:\/\/corona1.eu\/de\/"},{"@type":"ListItem","position":2,"name":"Mobile Ger\u00e4te f\u00fcr explosionsgef\u00e4hrdete Bereiche"}]},{"@type":"WebSite","@id":"https:\/\/corona1.eu\/de\/#website","url":"https:\/\/corona1.eu\/de\/","name":"CORONA Serwis","description":"","potentialAction":[{"@type":"SearchAction","target":{"@type":"EntryPoint","urlTemplate":"https:\/\/corona1.eu\/de\/?s={search_term_string}"},"query-input":{"@type":"PropertyValueSpecification","valueRequired":true,"valueName":"search_term_string"}}],"inLanguage":"de"},{"@type":"Question","@id":"https:\/\/corona1.eu\/de\/mobile-geraete-fuer-explosionsgefaehrdete-bereiche\/#faq-question-1662982722589","position":1,"url":"https:\/\/corona1.eu\/de\/mobile-geraete-fuer-explosionsgefaehrdete-bereiche\/#faq-question-1662982722589","name":"Anwendung","answerCount":1,"acceptedAnswer":{"@type":"Answer","text":"Hochwertige Ex-zertifizierte Mobiltelefone, Smartphones, Tablets oder Multifunktionsger\u00e4te gibt es f\u00fcr die Bereiche Zone 1\/21 und Zone 2\/22. F\u00fcr den Bergbau bieten wir Ger\u00e4te in I M1-Ausf\u00fchrung. Ausgew\u00e4hlte Ger\u00e4te sind auch im Industriedesign f\u00fcr extrem raue Einsatzbedingungen erh\u00e4ltlich.","inLanguage":"de"},"inLanguage":"de"},{"@type":"Question","@id":"https:\/\/corona1.eu\/de\/mobile-geraete-fuer-explosionsgefaehrdete-bereiche\/#faq-question-1662982728778","position":2,"url":"https:\/\/corona1.eu\/de\/mobile-geraete-fuer-explosionsgefaehrdete-bereiche\/#faq-question-1662982728778","name":"Eigenschaften","answerCount":1,"acceptedAnswer":{"@type":"Answer","text":"Alle i.safe MOBILE-Ger\u00e4te basieren auf dem Android\u2122-Betriebssystem, sind mit Standardl\u00f6sungen wie Bluetooth und Wi-Fi ausgestattet und bieten eine breite Palette an Zusatzfunktionen. Dazu geh\u00f6ren individuell belegbare Tasten, eine SOS-Taste, (Push-to-Talk- und Loneworker Protection (LWP)-Vorbereitung), verst\u00e4rkte Lautsprecher, NFC oder Displays, die mit Handschuhen bedient werden k\u00f6nnen.","inLanguage":"de"},"inLanguage":"de"}]}},"_links":{"self":[{"href":"https:\/\/corona1.eu\/de\/wp-json\/wp\/v2\/pages\/543","targetHints":{"allow":["GET"]}}],"collection":[{"href":"https:\/\/corona1.eu\/de\/wp-json\/wp\/v2\/pages"}],"about":[{"href":"https:\/\/corona1.eu\/de\/wp-json\/wp\/v2\/types\/page"}],"author":[{"embeddable":true,"href":"https:\/\/corona1.eu\/de\/wp-json\/wp\/v2\/users\/1"}],"replies":[{"embeddable":true,"href":"https:\/\/corona1.eu\/de\/wp-json\/wp\/v2\/comments?post=543"}],"version-history":[{"count":3,"href":"https:\/\/corona1.eu\/de\/wp-json\/wp\/v2\/pages\/543\/revisions"}],"predecessor-version":[{"id":548,"href":"https:\/\/corona1.eu\/de\/wp-json\/wp\/v2\/pages\/543\/revisions\/548"}],"wp:featuredmedia":[{"embeddable":true,"href":"https:\/\/corona1.eu\/de\/wp-json\/wp\/v2\/media\/544"}],"wp:attachment":[{"href":"https:\/\/corona1.eu\/de\/wp-json\/wp\/v2\/media?parent=543"}],"wp:term":[{"taxonomy":"category","embeddable":true,"href":"https:\/\/corona1.eu\/de\/wp-json\/wp\/v2\/categories?post=543"},{"taxonomy":"post_tag","embeddable":true,"href":"https:\/\/corona1.eu\/de\/wp-json\/wp\/v2\/tags?post=543"}],"curies":[{"name":"wp","href":"https:\/\/api.w.org\/{rel}","templated":true}]}}