{"id":536,"date":"2025-06-25T11:51:03","date_gmt":"2025-06-25T09:51:03","guid":{"rendered":"https:\/\/corona1.eu\/de\/?page_id=536"},"modified":"2025-10-21T13:10:12","modified_gmt":"2025-10-21T11:10:12","slug":"spinnduesen","status":"publish","type":"page","link":"https:\/\/corona1.eu\/de\/spinnduesen\/","title":{"rendered":"Spinnd\u00fcsen"},"content":{"rendered":"\n\n<p><strong>Spinnd\u00fcsen<\/strong>, manchmal auch als Spinnplatten bezeichnet, sind eine Art von Platten, die zur Herstellung von Kunst- und Synthetikfasern verwendet werden. Sie hat viele kleine L\u00f6cher, durch die das Material gepresst wird. Die L\u00f6sung ist inspiriert von Beispielen f\u00fcr das Spinnen von Naturfasern, die man in der Natur findet. Es stehen viele verschiedene D\u00fcsenformen und -profile zur Verf\u00fcgung, die je nach den spezifischen Produktionsanforderungen ausgew\u00e4hlt werden k\u00f6nnen. Es stehen verschiedene Materialien zur Verf\u00fcgung, darunter auch rostfreier Stahl.<\/p>\n\n\n\n\n\n<h2 class=\"wp-block-heading\">Vorteile<\/h2>\n\n\n\n\n\n<ul class=\"wp-block-list\">\n\n<li>Vielf\u00e4ltige M\u00f6glichkeiten bei der Auswahl des richtigen Lochprofils.<\/li>\n\n\n\n\n\n<li>Einsetzbar in einer Vielzahl von Textilindustrien.<\/li>\n\n\n\n\n\n<li>Die D\u00fcsenmaterialien umfassen Edelstahl &#8211; DIN, JIS, AISI, AFNOR.<\/li>\n\n\n\n\n\n<li>Die Oberfl\u00e4che kann bei ausgew\u00e4hlten Modellen matt, spiegelnd oder beschichtet sein.<\/li>\n\n\n\n\n\n<li>Hohe Qualit\u00e4tskontrolle bei der Herstellung der D\u00fcsen.<\/li>\n\n<\/ul>\n\n\n\n\n\n<p><\/p>\n\n\n\n\n\n<h2 class=\"wp-block-heading\">D\u00fcsen f\u00fcr das Legierungsspinnen<\/h2>\n\n\n\n\n\n<p>Unser Angebot umfasst alle Arten von Hochdruckspinnd\u00fcsen aus Edelstahl f\u00fcr das Spinnen von Monofilamenten, Multifilamenten und Stapelfasern, einschlie\u00dflich Biokunststoffen, aus verschiedenen Polymeren wie PP, PA.6, PA.66 und PET, die bei der Herstellung von Textil-, Industrie-, Teppich- (BCF), medizinischen und Spezialgarnen verwendet werden.<\/p>\n\n\n\n\n\n<div class=\"wp-block-columns is-layout-flex wp-container-core-columns-is-layout-9d6595d7 wp-block-columns-is-layout-flex\">\n\n<div class=\"wp-block-column is-layout-flow wp-block-column-is-layout-flow\">\n\n<figure class=\"wp-block-image size-full\"><img decoding=\"async\" src=\"https:\/\/corona1.eu\/wp-content\/uploads\/2024\/02\/sossna-melt-spinning-1.jpg\" alt=\"\" class=\"wp-image-4171\"\/><\/figure>\n\n<\/div>\n\n\n\n\n\n<div class=\"wp-block-column is-layout-flow wp-block-column-is-layout-flow\">\n\n<figure class=\"wp-block-image size-full\"><img decoding=\"async\" src=\"https:\/\/corona1.eu\/wp-content\/uploads\/2024\/02\/sossna-melt-spinning-2.jpg\" alt=\"\" class=\"wp-image-4172\"\/><\/figure>\n\n<\/div>\n\n<\/div>\n\n\n\n\n\n<p><\/p>\n\n\n\n\n\n<h2 class=\"wp-block-heading\">D\u00fcsen und Spulen f\u00fcr das Zwei- und Drei-Komponenten-Spinnen<\/h2>\n\n\n\n\n\n<p>Wir liefern ein komplettes Sortiment an Zwei- und Drei-Komponenten-Spinnd\u00fcsen und -Spulen f\u00fcr Einzel- und Mehrfaseranwendungen. Die Komponenten k\u00f6nnen so gestaltet werden, dass sie den spezifischen Anforderungen der Prozesslinie entsprechen.<\/p>\n\n\n\n\n\n<div class=\"wp-block-columns is-layout-flex wp-container-core-columns-is-layout-9d6595d7 wp-block-columns-is-layout-flex\">\n\n<div class=\"wp-block-column is-layout-flow wp-block-column-is-layout-flow\">\n\n<figure class=\"wp-block-image size-full\"><img decoding=\"async\" src=\"https:\/\/corona1.eu\/wp-content\/uploads\/2024\/02\/sossna-bico-1.jpg\" alt=\"\" class=\"wp-image-4173\"\/><\/figure>\n\n<\/div>\n\n\n\n\n\n<div class=\"wp-block-column is-layout-flow wp-block-column-is-layout-flow\">\n\n<figure class=\"wp-block-image size-full\"><img decoding=\"async\" src=\"https:\/\/corona1.eu\/wp-content\/uploads\/2024\/02\/sossna-bico-2.jpg\" alt=\"\" class=\"wp-image-4174\"\/><\/figure>\n\n<\/div>\n\n<\/div>\n\n\n\n\n\n<p><\/p>\n\n\n\n\n\n<h2 class=\"wp-block-heading\">D\u00fcsen f\u00fcr das Trocken- und Nassspinnen<\/h2>\n\n\n\n\n\n<p>Komponenten aus rostfreiem Stahl und Tantal mit runden oder profilierten Kapillaren, z.B. f\u00fcr Kohlenstofffasern und Aramide. Es sind verschiedene Abmessungen und Formen der Rohlinge lieferbar, wie z.B. rund, becherf\u00f6rmig, ringf\u00f6rmig oder oval. Die Abmessungen der D\u00fcsen, ihrer Kapillaren und Formen werden nach individuellen Anforderungen gefertigt.<\/p>\n\n\n\n\n\n<div class=\"wp-block-columns is-layout-flex wp-container-core-columns-is-layout-9d6595d7 wp-block-columns-is-layout-flex\">\n\n<div class=\"wp-block-column is-layout-flow wp-block-column-is-layout-flow\">\n\n<figure class=\"wp-block-image size-full\"><img decoding=\"async\" src=\"https:\/\/corona1.eu\/wp-content\/uploads\/2024\/02\/sossna-dry-wet-spinning-2.jpg\" alt=\"\" class=\"wp-image-4175\"\/><\/figure>\n\n<\/div>\n\n\n\n\n\n<div class=\"wp-block-column is-layout-flow wp-block-column-is-layout-flow\">\n\n<figure class=\"wp-block-image size-full\"><img decoding=\"async\" src=\"https:\/\/corona1.eu\/wp-content\/uploads\/2024\/02\/sossna-dry-wet-spinning-1.jpg\" alt=\"\" class=\"wp-image-4176\"\/><\/figure>\n\n<\/div>\n\n<\/div>\n\n\n\n\n\n<p><\/p>\n\n\n\n\n\n<h2 class=\"wp-block-heading\">D\u00fcsen f\u00fcr Nonwovens<\/h2>\n\n\n\n\n\n<p>D\u00fcsen aus rostfreiem Stahl f\u00fcr die Herstellung von Schmelzblas- oder Spinnvliesen sowie D\u00fcsenstreifen f\u00fcr die Herstellung von wasserstrahlverfestigten Vliesen k\u00f6nnen nach spezifischen Anforderungen und Spezifikationen bis zu einer L\u00e4nge von 6 Metern hergestellt und geliefert werden.<\/p>\n\n\n\n\n\n<div class=\"wp-block-columns is-layout-flex wp-container-core-columns-is-layout-9d6595d7 wp-block-columns-is-layout-flex\">\n\n<div class=\"wp-block-column is-layout-flow wp-block-column-is-layout-flow\">\n\n<figure class=\"wp-block-image size-full\"><img decoding=\"async\" src=\"https:\/\/corona1.eu\/wp-content\/uploads\/2024\/02\/sossna-non-woven-1.jpg\" alt=\"\" class=\"wp-image-4177\"\/><\/figure>\n\n<\/div>\n\n\n\n\n\n<div class=\"wp-block-column is-layout-flow wp-block-column-is-layout-flow\">\n\n<figure class=\"wp-block-image size-full\"><img decoding=\"async\" src=\"https:\/\/corona1.eu\/wp-content\/uploads\/2024\/02\/sossna-non-woven-2.jpg\" alt=\"\" class=\"wp-image-4178\"\/><\/figure>\n\n<\/div>\n\n<\/div>\n\n","protected":false},"excerpt":{"rendered":"<p>Spinnd\u00fcsen, manchmal auch als Spinnplatten bezeichnet, sind eine Art von Platten, die zur Herstellung von [&hellip;]<\/p>\n","protected":false},"author":1,"featured_media":537,"parent":0,"menu_order":0,"comment_status":"closed","ping_status":"closed","template":"kg_products_list_template.php","meta":{"pgc_sgb_lightbox_settings":"","footnotes":""},"categories":[31,2],"tags":[],"class_list":["post-536","page","type-page","status-publish","has-post-thumbnail","hentry","category-spinnduesen","category-zprodukty"],"yoast_head":"<!-- This site is optimized with the Yoast SEO plugin v27.1.1 - https:\/\/yoast.com\/product\/yoast-seo-wordpress\/ -->\n<title>Spinnd\u00fcsen - CORONA Serwis<\/title>\n<meta name=\"description\" content=\"Spezialplatten zum Formen von Kunst- und Synthetikfasern.\" \/>\n<meta name=\"robots\" content=\"index, follow, max-snippet:-1, max-image-preview:large, max-video-preview:-1\" \/>\n<link rel=\"canonical\" href=\"https:\/\/corona1.eu\/de\/spinnduesen\/\" \/>\n<meta property=\"og:locale\" content=\"de_DE\" \/>\n<meta property=\"og:type\" content=\"article\" \/>\n<meta property=\"og:title\" content=\"Spinnd\u00fcsen - CORONA Serwis\" \/>\n<meta property=\"og:description\" content=\"Spezialplatten zum Formen von Kunst- und Synthetikfasern.\" \/>\n<meta property=\"og:url\" content=\"https:\/\/corona1.eu\/de\/spinnduesen\/\" \/>\n<meta property=\"og:site_name\" content=\"CORONA Serwis\" \/>\n<meta property=\"article:modified_time\" content=\"2025-10-21T11:10:12+00:00\" \/>\n<meta property=\"og:image\" content=\"https:\/\/corona1.eu\/de\/wp-content\/uploads\/2025\/06\/AdobeStock_118901809.jpg\" \/>\n\t<meta property=\"og:image:width\" content=\"1200\" \/>\n\t<meta property=\"og:image:height\" content=\"675\" \/>\n\t<meta property=\"og:image:type\" content=\"image\/jpeg\" \/>\n<meta name=\"twitter:card\" content=\"summary_large_image\" \/>\n<meta name=\"twitter:label1\" content=\"Gesch\u00e4tzte Lesezeit\" \/>\n\t<meta name=\"twitter:data1\" content=\"4\u00a0Minuten\" \/>\n<script type=\"application\/ld+json\" class=\"yoast-schema-graph\">{\"@context\":\"https:\/\/schema.org\",\"@graph\":[{\"@type\":\"WebPage\",\"@id\":\"https:\/\/corona1.eu\/de\/spinnduesen\/\",\"url\":\"https:\/\/corona1.eu\/de\/spinnduesen\/\",\"name\":\"Spinnd\u00fcsen - CORONA Serwis\",\"isPartOf\":{\"@id\":\"https:\/\/corona1.eu\/de\/#website\"},\"primaryImageOfPage\":{\"@id\":\"https:\/\/corona1.eu\/de\/spinnduesen\/#primaryimage\"},\"image\":{\"@id\":\"https:\/\/corona1.eu\/de\/spinnduesen\/#primaryimage\"},\"thumbnailUrl\":\"https:\/\/corona1.eu\/de\/wp-content\/uploads\/2025\/06\/AdobeStock_118901809.jpg\",\"datePublished\":\"2025-06-25T09:51:03+00:00\",\"dateModified\":\"2025-10-21T11:10:12+00:00\",\"description\":\"Spezialplatten zum Formen von Kunst- und Synthetikfasern.\",\"breadcrumb\":{\"@id\":\"https:\/\/corona1.eu\/de\/spinnduesen\/#breadcrumb\"},\"inLanguage\":\"de\",\"potentialAction\":[{\"@type\":\"ReadAction\",\"target\":[\"https:\/\/corona1.eu\/de\/spinnduesen\/\"]}]},{\"@type\":\"ImageObject\",\"inLanguage\":\"de\",\"@id\":\"https:\/\/corona1.eu\/de\/spinnduesen\/#primaryimage\",\"url\":\"https:\/\/corona1.eu\/de\/wp-content\/uploads\/2025\/06\/AdobeStock_118901809.jpg\",\"contentUrl\":\"https:\/\/corona1.eu\/de\/wp-content\/uploads\/2025\/06\/AdobeStock_118901809.jpg\",\"width\":1200,\"height\":675},{\"@type\":\"BreadcrumbList\",\"@id\":\"https:\/\/corona1.eu\/de\/spinnduesen\/#breadcrumb\",\"itemListElement\":[{\"@type\":\"ListItem\",\"position\":1,\"name\":\"Startseite\",\"item\":\"https:\/\/corona1.eu\/de\/\"},{\"@type\":\"ListItem\",\"position\":2,\"name\":\"Spinnd\u00fcsen\"}]},{\"@type\":\"WebSite\",\"@id\":\"https:\/\/corona1.eu\/de\/#website\",\"url\":\"https:\/\/corona1.eu\/de\/\",\"name\":\"CORONA Serwis\",\"description\":\"\",\"potentialAction\":[{\"@type\":\"SearchAction\",\"target\":{\"@type\":\"EntryPoint\",\"urlTemplate\":\"https:\/\/corona1.eu\/de\/?s={search_term_string}\"},\"query-input\":{\"@type\":\"PropertyValueSpecification\",\"valueRequired\":true,\"valueName\":\"search_term_string\"}}],\"inLanguage\":\"de\"}]}<\/script>\n<!-- \/ Yoast SEO plugin. -->","yoast_head_json":{"title":"Spinnd\u00fcsen - CORONA Serwis","description":"Spezialplatten zum Formen von Kunst- und Synthetikfasern.","robots":{"index":"index","follow":"follow","max-snippet":"max-snippet:-1","max-image-preview":"max-image-preview:large","max-video-preview":"max-video-preview:-1"},"canonical":"https:\/\/corona1.eu\/de\/spinnduesen\/","og_locale":"de_DE","og_type":"article","og_title":"Spinnd\u00fcsen - CORONA Serwis","og_description":"Spezialplatten zum Formen von Kunst- und Synthetikfasern.","og_url":"https:\/\/corona1.eu\/de\/spinnduesen\/","og_site_name":"CORONA Serwis","article_modified_time":"2025-10-21T11:10:12+00:00","og_image":[{"width":1200,"height":675,"url":"https:\/\/corona1.eu\/de\/wp-content\/uploads\/2025\/06\/AdobeStock_118901809.jpg","type":"image\/jpeg"}],"twitter_card":"summary_large_image","twitter_misc":{"Gesch\u00e4tzte Lesezeit":"4\u00a0Minuten"},"schema":{"@context":"https:\/\/schema.org","@graph":[{"@type":"WebPage","@id":"https:\/\/corona1.eu\/de\/spinnduesen\/","url":"https:\/\/corona1.eu\/de\/spinnduesen\/","name":"Spinnd\u00fcsen - CORONA Serwis","isPartOf":{"@id":"https:\/\/corona1.eu\/de\/#website"},"primaryImageOfPage":{"@id":"https:\/\/corona1.eu\/de\/spinnduesen\/#primaryimage"},"image":{"@id":"https:\/\/corona1.eu\/de\/spinnduesen\/#primaryimage"},"thumbnailUrl":"https:\/\/corona1.eu\/de\/wp-content\/uploads\/2025\/06\/AdobeStock_118901809.jpg","datePublished":"2025-06-25T09:51:03+00:00","dateModified":"2025-10-21T11:10:12+00:00","description":"Spezialplatten zum Formen von Kunst- und Synthetikfasern.","breadcrumb":{"@id":"https:\/\/corona1.eu\/de\/spinnduesen\/#breadcrumb"},"inLanguage":"de","potentialAction":[{"@type":"ReadAction","target":["https:\/\/corona1.eu\/de\/spinnduesen\/"]}]},{"@type":"ImageObject","inLanguage":"de","@id":"https:\/\/corona1.eu\/de\/spinnduesen\/#primaryimage","url":"https:\/\/corona1.eu\/de\/wp-content\/uploads\/2025\/06\/AdobeStock_118901809.jpg","contentUrl":"https:\/\/corona1.eu\/de\/wp-content\/uploads\/2025\/06\/AdobeStock_118901809.jpg","width":1200,"height":675},{"@type":"BreadcrumbList","@id":"https:\/\/corona1.eu\/de\/spinnduesen\/#breadcrumb","itemListElement":[{"@type":"ListItem","position":1,"name":"Startseite","item":"https:\/\/corona1.eu\/de\/"},{"@type":"ListItem","position":2,"name":"Spinnd\u00fcsen"}]},{"@type":"WebSite","@id":"https:\/\/corona1.eu\/de\/#website","url":"https:\/\/corona1.eu\/de\/","name":"CORONA Serwis","description":"","potentialAction":[{"@type":"SearchAction","target":{"@type":"EntryPoint","urlTemplate":"https:\/\/corona1.eu\/de\/?s={search_term_string}"},"query-input":{"@type":"PropertyValueSpecification","valueRequired":true,"valueName":"search_term_string"}}],"inLanguage":"de"}]}},"_links":{"self":[{"href":"https:\/\/corona1.eu\/de\/wp-json\/wp\/v2\/pages\/536","targetHints":{"allow":["GET"]}}],"collection":[{"href":"https:\/\/corona1.eu\/de\/wp-json\/wp\/v2\/pages"}],"about":[{"href":"https:\/\/corona1.eu\/de\/wp-json\/wp\/v2\/types\/page"}],"author":[{"embeddable":true,"href":"https:\/\/corona1.eu\/de\/wp-json\/wp\/v2\/users\/1"}],"replies":[{"embeddable":true,"href":"https:\/\/corona1.eu\/de\/wp-json\/wp\/v2\/comments?post=536"}],"version-history":[{"count":2,"href":"https:\/\/corona1.eu\/de\/wp-json\/wp\/v2\/pages\/536\/revisions"}],"predecessor-version":[{"id":539,"href":"https:\/\/corona1.eu\/de\/wp-json\/wp\/v2\/pages\/536\/revisions\/539"}],"wp:featuredmedia":[{"embeddable":true,"href":"https:\/\/corona1.eu\/de\/wp-json\/wp\/v2\/media\/537"}],"wp:attachment":[{"href":"https:\/\/corona1.eu\/de\/wp-json\/wp\/v2\/media?parent=536"}],"wp:term":[{"taxonomy":"category","embeddable":true,"href":"https:\/\/corona1.eu\/de\/wp-json\/wp\/v2\/categories?post=536"},{"taxonomy":"post_tag","embeddable":true,"href":"https:\/\/corona1.eu\/de\/wp-json\/wp\/v2\/tags?post=536"}],"curies":[{"name":"wp","href":"https:\/\/api.w.org\/{rel}","templated":true}]}}