{"id":53,"date":"2025-02-25T10:11:14","date_gmt":"2025-02-25T09:11:14","guid":{"rendered":"https:\/\/corona1.eu\/de\/?page_id=53"},"modified":"2025-02-25T11:14:25","modified_gmt":"2025-02-25T10:14:25","slug":"flamequench-ii-flammensperre","status":"publish","type":"page","link":"https:\/\/corona1.eu\/de\/flammenlose-entlastung-flammensperren\/flamequench-ii-flammensperre\/","title":{"rendered":"FlameQuench II\u2122 Flammensperre"},"content":{"rendered":"\n<p>Die h\u00e4ufigste Grundlage f\u00fcr den Sicherheitsschutz industrieller Prozesse gegen die Auswirkungen von Staubexplosionen ist die Explosionsentlastung. Fike FlamQuench II\u2122 besteht aus verschiedenen Schichten von Edelstahlgewebe, das die W\u00e4rme w\u00e4hrend der Verbrennung absorbiert und so eine konventionelle Entlastung innen und au\u00dfen erm\u00f6glicht, ohne Flammen freizusetzen oder Staub einzuschlie\u00dfen.<\/p>\n\n\n\n<p><\/p>\n\n\n\n<h3 class=\"wp-block-heading\"><strong>Vorteile:<\/strong><\/h3>\n\n\n\n<ul class=\"wp-block-list\">\n<li>Flammensperrtechnik mit Sicherheitsplatten und Berstsensoren,<\/li>\n\n\n\n<li>Explosionsabsaugung von Prozessapparaten, die sich in geschlossenen R\u00e4umen befinden,<\/li>\n\n\n\n<li>hoher Wirkungsgrad und gro\u00dfe Explosionsentlastungsfl\u00e4chen,<\/li>\n\n\n\n<li>geeignet f\u00fcr den R\u00fcckhalt von nichtmetallischen Staubexplosionen der Klassen ST1 und ST2 und bei reduziertem Explosionsdruck \u2264 1,6 bar,<\/li>\n\n\n\n<li>M\u00f6glichkeit zur Durchf\u00fchrung periodischer Wartungsarbeiten ohne Demontage<\/li>\n\n\n\n<li>Ausstattung,<\/li>\n\n\n\n<li>antistatische Abdeckungen verhindern, dass sich Staub und Schmutz auf dem Flammenfilter absetzen,<\/li>\n\n\n\n<li>aus der Umgebung. Die Verwendung von Abdeckungen verl\u00e4ngert die Lebensdauer des Ger\u00e4ts und gew\u00e4hrleistet die Auslegungsleistung des Explosionsentlastungsverfahrens.<\/li>\n<\/ul>\n","protected":false},"excerpt":{"rendered":"<p>Die h\u00e4ufigste Grundlage f\u00fcr den Sicherheitsschutz industrieller Prozesse gegen die Auswirkungen von Staubexplosionen ist die [&hellip;]<\/p>\n","protected":false},"author":1,"featured_media":54,"parent":66,"menu_order":0,"comment_status":"closed","ping_status":"closed","template":"kg_products_template.php","meta":{"pgc_sgb_lightbox_settings":"","footnotes":""},"categories":[12],"tags":[],"class_list":["post-53","page","type-page","status-publish","has-post-thumbnail","hentry","category-flammensperren"],"yoast_head":"<!-- This site is optimized with the Yoast SEO plugin v27.1.1 - https:\/\/yoast.com\/product\/yoast-seo-wordpress\/ -->\n<title>FlameQuench II\u2122 Flammensperre - CORONA Serwis<\/title>\n<meta name=\"robots\" content=\"index, follow, max-snippet:-1, max-image-preview:large, max-video-preview:-1\" \/>\n<link rel=\"canonical\" href=\"https:\/\/corona1.eu\/de\/flammenlose-entlastung-flammensperren\/flamequench-ii-flammensperre\/\" \/>\n<meta property=\"og:locale\" content=\"de_DE\" \/>\n<meta property=\"og:type\" content=\"article\" \/>\n<meta property=\"og:title\" content=\"FlameQuench II\u2122 Flammensperre - CORONA Serwis\" \/>\n<meta property=\"og:description\" content=\"Die h\u00e4ufigste Grundlage f\u00fcr den Sicherheitsschutz industrieller Prozesse gegen die Auswirkungen von Staubexplosionen ist die [&hellip;]\" \/>\n<meta property=\"og:url\" content=\"https:\/\/corona1.eu\/de\/flammenlose-entlastung-flammensperren\/flamequench-ii-flammensperre\/\" \/>\n<meta property=\"og:site_name\" content=\"CORONA Serwis\" \/>\n<meta property=\"article:modified_time\" content=\"2025-02-25T10:14:25+00:00\" \/>\n<meta property=\"og:image\" content=\"https:\/\/corona1.eu\/de\/wp-content\/uploads\/2025\/02\/Flamquench-cyclinder-300x300-1.png\" \/>\n\t<meta property=\"og:image:width\" content=\"300\" \/>\n\t<meta property=\"og:image:height\" content=\"300\" \/>\n\t<meta property=\"og:image:type\" content=\"image\/png\" \/>\n<meta name=\"twitter:card\" content=\"summary_large_image\" \/>\n<meta name=\"twitter:label1\" content=\"Gesch\u00e4tzte Lesezeit\" \/>\n\t<meta name=\"twitter:data1\" content=\"1\u00a0Minute\" \/>\n<script type=\"application\/ld+json\" class=\"yoast-schema-graph\">{\"@context\":\"https:\/\/schema.org\",\"@graph\":[{\"@type\":\"WebPage\",\"@id\":\"https:\/\/corona1.eu\/de\/flammenlose-entlastung-flammensperren\/flamequench-ii-flammensperre\/\",\"url\":\"https:\/\/corona1.eu\/de\/flammenlose-entlastung-flammensperren\/flamequench-ii-flammensperre\/\",\"name\":\"FlameQuench II\u2122 Flammensperre - CORONA Serwis\",\"isPartOf\":{\"@id\":\"https:\/\/corona1.eu\/de\/#website\"},\"primaryImageOfPage\":{\"@id\":\"https:\/\/corona1.eu\/de\/flammenlose-entlastung-flammensperren\/flamequench-ii-flammensperre\/#primaryimage\"},\"image\":{\"@id\":\"https:\/\/corona1.eu\/de\/flammenlose-entlastung-flammensperren\/flamequench-ii-flammensperre\/#primaryimage\"},\"thumbnailUrl\":\"https:\/\/corona1.eu\/de\/wp-content\/uploads\/2025\/02\/Flamquench-cyclinder-300x300-1.png\",\"datePublished\":\"2025-02-25T09:11:14+00:00\",\"dateModified\":\"2025-02-25T10:14:25+00:00\",\"breadcrumb\":{\"@id\":\"https:\/\/corona1.eu\/de\/flammenlose-entlastung-flammensperren\/flamequench-ii-flammensperre\/#breadcrumb\"},\"inLanguage\":\"de\",\"potentialAction\":[{\"@type\":\"ReadAction\",\"target\":[\"https:\/\/corona1.eu\/de\/flammenlose-entlastung-flammensperren\/flamequench-ii-flammensperre\/\"]}]},{\"@type\":\"ImageObject\",\"inLanguage\":\"de\",\"@id\":\"https:\/\/corona1.eu\/de\/flammenlose-entlastung-flammensperren\/flamequench-ii-flammensperre\/#primaryimage\",\"url\":\"https:\/\/corona1.eu\/de\/wp-content\/uploads\/2025\/02\/Flamquench-cyclinder-300x300-1.png\",\"contentUrl\":\"https:\/\/corona1.eu\/de\/wp-content\/uploads\/2025\/02\/Flamquench-cyclinder-300x300-1.png\",\"width\":300,\"height\":300},{\"@type\":\"BreadcrumbList\",\"@id\":\"https:\/\/corona1.eu\/de\/flammenlose-entlastung-flammensperren\/flamequench-ii-flammensperre\/#breadcrumb\",\"itemListElement\":[{\"@type\":\"ListItem\",\"position\":1,\"name\":\"Startseite\",\"item\":\"https:\/\/corona1.eu\/de\/\"},{\"@type\":\"ListItem\",\"position\":2,\"name\":\"Flammenlose Entlastung &#8211; Flammensperren\",\"item\":\"https:\/\/corona1.eu\/de\/flammenlose-entlastung-flammensperren\/\"},{\"@type\":\"ListItem\",\"position\":3,\"name\":\"FlameQuench II\u2122 Flammensperre\"}]},{\"@type\":\"WebSite\",\"@id\":\"https:\/\/corona1.eu\/de\/#website\",\"url\":\"https:\/\/corona1.eu\/de\/\",\"name\":\"CORONA Serwis\",\"description\":\"\",\"potentialAction\":[{\"@type\":\"SearchAction\",\"target\":{\"@type\":\"EntryPoint\",\"urlTemplate\":\"https:\/\/corona1.eu\/de\/?s={search_term_string}\"},\"query-input\":{\"@type\":\"PropertyValueSpecification\",\"valueRequired\":true,\"valueName\":\"search_term_string\"}}],\"inLanguage\":\"de\"}]}<\/script>\n<!-- \/ Yoast SEO plugin. -->","yoast_head_json":{"title":"FlameQuench II\u2122 Flammensperre - CORONA Serwis","robots":{"index":"index","follow":"follow","max-snippet":"max-snippet:-1","max-image-preview":"max-image-preview:large","max-video-preview":"max-video-preview:-1"},"canonical":"https:\/\/corona1.eu\/de\/flammenlose-entlastung-flammensperren\/flamequench-ii-flammensperre\/","og_locale":"de_DE","og_type":"article","og_title":"FlameQuench II\u2122 Flammensperre - CORONA Serwis","og_description":"Die h\u00e4ufigste Grundlage f\u00fcr den Sicherheitsschutz industrieller Prozesse gegen die Auswirkungen von Staubexplosionen ist die [&hellip;]","og_url":"https:\/\/corona1.eu\/de\/flammenlose-entlastung-flammensperren\/flamequench-ii-flammensperre\/","og_site_name":"CORONA Serwis","article_modified_time":"2025-02-25T10:14:25+00:00","og_image":[{"width":300,"height":300,"url":"https:\/\/corona1.eu\/de\/wp-content\/uploads\/2025\/02\/Flamquench-cyclinder-300x300-1.png","type":"image\/png"}],"twitter_card":"summary_large_image","twitter_misc":{"Gesch\u00e4tzte Lesezeit":"1\u00a0Minute"},"schema":{"@context":"https:\/\/schema.org","@graph":[{"@type":"WebPage","@id":"https:\/\/corona1.eu\/de\/flammenlose-entlastung-flammensperren\/flamequench-ii-flammensperre\/","url":"https:\/\/corona1.eu\/de\/flammenlose-entlastung-flammensperren\/flamequench-ii-flammensperre\/","name":"FlameQuench II\u2122 Flammensperre - CORONA Serwis","isPartOf":{"@id":"https:\/\/corona1.eu\/de\/#website"},"primaryImageOfPage":{"@id":"https:\/\/corona1.eu\/de\/flammenlose-entlastung-flammensperren\/flamequench-ii-flammensperre\/#primaryimage"},"image":{"@id":"https:\/\/corona1.eu\/de\/flammenlose-entlastung-flammensperren\/flamequench-ii-flammensperre\/#primaryimage"},"thumbnailUrl":"https:\/\/corona1.eu\/de\/wp-content\/uploads\/2025\/02\/Flamquench-cyclinder-300x300-1.png","datePublished":"2025-02-25T09:11:14+00:00","dateModified":"2025-02-25T10:14:25+00:00","breadcrumb":{"@id":"https:\/\/corona1.eu\/de\/flammenlose-entlastung-flammensperren\/flamequench-ii-flammensperre\/#breadcrumb"},"inLanguage":"de","potentialAction":[{"@type":"ReadAction","target":["https:\/\/corona1.eu\/de\/flammenlose-entlastung-flammensperren\/flamequench-ii-flammensperre\/"]}]},{"@type":"ImageObject","inLanguage":"de","@id":"https:\/\/corona1.eu\/de\/flammenlose-entlastung-flammensperren\/flamequench-ii-flammensperre\/#primaryimage","url":"https:\/\/corona1.eu\/de\/wp-content\/uploads\/2025\/02\/Flamquench-cyclinder-300x300-1.png","contentUrl":"https:\/\/corona1.eu\/de\/wp-content\/uploads\/2025\/02\/Flamquench-cyclinder-300x300-1.png","width":300,"height":300},{"@type":"BreadcrumbList","@id":"https:\/\/corona1.eu\/de\/flammenlose-entlastung-flammensperren\/flamequench-ii-flammensperre\/#breadcrumb","itemListElement":[{"@type":"ListItem","position":1,"name":"Startseite","item":"https:\/\/corona1.eu\/de\/"},{"@type":"ListItem","position":2,"name":"Flammenlose Entlastung &#8211; Flammensperren","item":"https:\/\/corona1.eu\/de\/flammenlose-entlastung-flammensperren\/"},{"@type":"ListItem","position":3,"name":"FlameQuench II\u2122 Flammensperre"}]},{"@type":"WebSite","@id":"https:\/\/corona1.eu\/de\/#website","url":"https:\/\/corona1.eu\/de\/","name":"CORONA Serwis","description":"","potentialAction":[{"@type":"SearchAction","target":{"@type":"EntryPoint","urlTemplate":"https:\/\/corona1.eu\/de\/?s={search_term_string}"},"query-input":{"@type":"PropertyValueSpecification","valueRequired":true,"valueName":"search_term_string"}}],"inLanguage":"de"}]}},"_links":{"self":[{"href":"https:\/\/corona1.eu\/de\/wp-json\/wp\/v2\/pages\/53","targetHints":{"allow":["GET"]}}],"collection":[{"href":"https:\/\/corona1.eu\/de\/wp-json\/wp\/v2\/pages"}],"about":[{"href":"https:\/\/corona1.eu\/de\/wp-json\/wp\/v2\/types\/page"}],"author":[{"embeddable":true,"href":"https:\/\/corona1.eu\/de\/wp-json\/wp\/v2\/users\/1"}],"replies":[{"embeddable":true,"href":"https:\/\/corona1.eu\/de\/wp-json\/wp\/v2\/comments?post=53"}],"version-history":[{"count":3,"href":"https:\/\/corona1.eu\/de\/wp-json\/wp\/v2\/pages\/53\/revisions"}],"predecessor-version":[{"id":70,"href":"https:\/\/corona1.eu\/de\/wp-json\/wp\/v2\/pages\/53\/revisions\/70"}],"up":[{"embeddable":true,"href":"https:\/\/corona1.eu\/de\/wp-json\/wp\/v2\/pages\/66"}],"wp:featuredmedia":[{"embeddable":true,"href":"https:\/\/corona1.eu\/de\/wp-json\/wp\/v2\/media\/54"}],"wp:attachment":[{"href":"https:\/\/corona1.eu\/de\/wp-json\/wp\/v2\/media?parent=53"}],"wp:term":[{"taxonomy":"category","embeddable":true,"href":"https:\/\/corona1.eu\/de\/wp-json\/wp\/v2\/categories?post=53"},{"taxonomy":"post_tag","embeddable":true,"href":"https:\/\/corona1.eu\/de\/wp-json\/wp\/v2\/tags?post=53"}],"curies":[{"name":"wp","href":"https:\/\/api.w.org\/{rel}","templated":true}]}}