{"id":524,"date":"2025-06-25T10:50:54","date_gmt":"2025-06-25T08:50:54","guid":{"rendered":"https:\/\/corona1.eu\/de\/?page_id=524"},"modified":"2025-06-25T10:51:10","modified_gmt":"2025-06-25T08:51:10","slug":"maax-bf","status":"publish","type":"page","link":"https:\/\/corona1.eu\/de\/siebwechsler\/maax-bf\/","title":{"rendered":"Maax\u00ae BF"},"content":{"rendered":"\n\n<p>Automatische Steuerung f\u00fcr Siebwechsler mit R\u00fccksp\u00fclung<\/p>\n\n\n\n\n\n<p>Automatischer selbstreinigender Siebwechsler mit R\u00fccksp\u00fclung f\u00fcr Filteranlagen &#8211; maxx\u00ae BF. Vor allem die Bedienung des Filters und der Anlagenfunktionen ist einfach. Klartextmeldungen lassen Probleme schnell erkennen und Betriebsparameter erscheinen auf dem Bildschirm in Form einer skalierbaren Visualisierung.<\/p>\n\n\n\n\n\n<p><strong>Die Vorteile:<\/strong><\/p>\n\n\n\n\n\n<ul class=\"wp-block-list\">\n\n<li>Einfache und eindeutige Bedienung des Filters und der Anlagenfunktionen<\/li>\n\n\n\n\n\n<li>Gesteigerte Produktivit\u00e4t durch Speicherung \/ Erhaltung von Rezepten in der Parameterliste<\/li>\n\n\n\n\n\n<li>Integrierte Temperatur\u00fcberwachung der Anlagenkomponenten<\/li>\n\n\n\n\n\n<li>Schnelle Problemerkennung durch Klartextmeldungen<\/li>\n\n\n\n\n\n<li>Skalierbare Visualisierung verschiedener Betriebsparameter auf dem Bildschirm<\/li>\n\n\n\n\n\n<li>Erh\u00f6hte Produktivit\u00e4t<\/li>\n\n<\/ul>\n\n\n\n\n\n<p><\/p>\n\n\n\n\n\n<figure class=\"wp-block-table entry-content has-small-font-size\"><table><thead><tr><th class=\"has-text-align-left\" data-align=\"left\">Steuerschrank<\/th><th class=\"has-text-align-left\" data-align=\"left\">Rittal Systemschrank<\/th><\/tr><\/thead><tbody><tr><td class=\"has-text-align-left\" data-align=\"left\">Betriebsspannung (Standard)<\/td><td class=\"has-text-align-left\" data-align=\"left\">3 x 400 V\/N\/PE<\/td><\/tr><tr><td class=\"has-text-align-left\" data-align=\"left\">Steuerspannung<\/td><td class=\"has-text-align-left\" data-align=\"left\">24 VDC<\/td><\/tr><tr><td class=\"has-text-align-left\" data-align=\"left\">Magnetventile<\/td><td class=\"has-text-align-left\" data-align=\"left\">24 VDC<\/td><\/tr><tr><td class=\"has-text-align-left\" data-align=\"left\">Wegaufnehmer<\/td><td class=\"has-text-align-left\" data-align=\"left\">Mikroprozessor mit Profi-Bus-DB-Schnittstelle<\/td><\/tr><tr><td class=\"has-text-align-left\" data-align=\"left\">Schmelzedruck<\/td><td class=\"has-text-align-left\" data-align=\"left\">DMS 3,3 mV\/V<\/td><\/tr><tr><td class=\"has-text-align-left\" data-align=\"left\">SPS<\/td><td class=\"has-text-align-left\" data-align=\"left\">SIMATIC ET 200S<\/td><\/tr><tr><td class=\"has-text-align-left\" data-align=\"left\">Bedienfeld<\/td><td class=\"has-text-align-left\" data-align=\"left\">Touchpanel 10, Farbe<\/td><\/tr><tr><td class=\"has-text-align-left\" data-align=\"left\">Heizung<\/td><td class=\"has-text-align-left\" data-align=\"left\">Heizungssteuerung f\u00fcr 8 Heizzonen<\/td><\/tr><\/tbody><\/table><\/figure>\n\n","protected":false},"excerpt":{"rendered":"<p>Automatische Steuerung f\u00fcr Siebwechsler mit R\u00fccksp\u00fclung Automatischer selbstreinigender Siebwechsler mit R\u00fccksp\u00fclung f\u00fcr Filteranlagen &#8211; maxx\u00ae [&hellip;]<\/p>\n","protected":false},"author":1,"featured_media":525,"parent":471,"menu_order":0,"comment_status":"closed","ping_status":"closed","template":"kg_products_template.php","meta":{"pgc_sgb_lightbox_settings":"","footnotes":""},"categories":[29],"tags":[],"class_list":["post-524","page","type-page","status-publish","has-post-thumbnail","hentry","category-siebwechsler"],"yoast_head":"<!-- This site is optimized with the Yoast SEO plugin v27.1.1 - https:\/\/yoast.com\/product\/yoast-seo-wordpress\/ -->\n<title>Maax\u00ae BF - CORONA Serwis<\/title>\n<meta name=\"robots\" content=\"index, follow, max-snippet:-1, max-image-preview:large, max-video-preview:-1\" \/>\n<link rel=\"canonical\" href=\"https:\/\/corona1.eu\/de\/siebwechsler\/maax-bf\/\" \/>\n<meta property=\"og:locale\" content=\"de_DE\" \/>\n<meta property=\"og:type\" content=\"article\" \/>\n<meta property=\"og:title\" content=\"Maax\u00ae BF - CORONA Serwis\" \/>\n<meta property=\"og:description\" content=\"Automatische Steuerung f\u00fcr Siebwechsler mit R\u00fccksp\u00fclung Automatischer selbstreinigender Siebwechsler mit R\u00fccksp\u00fclung f\u00fcr Filteranlagen &#8211; maxx\u00ae [&hellip;]\" \/>\n<meta property=\"og:url\" content=\"https:\/\/corona1.eu\/de\/siebwechsler\/maax-bf\/\" \/>\n<meta property=\"og:site_name\" content=\"CORONA Serwis\" \/>\n<meta property=\"article:modified_time\" content=\"2025-06-25T08:51:10+00:00\" \/>\n<meta property=\"og:image\" content=\"https:\/\/corona1.eu\/de\/wp-content\/uploads\/2025\/06\/maax_bf_maag_maag-group-300x300-1.png\" \/>\n\t<meta property=\"og:image:width\" content=\"300\" \/>\n\t<meta property=\"og:image:height\" content=\"300\" \/>\n\t<meta property=\"og:image:type\" content=\"image\/png\" \/>\n<meta name=\"twitter:card\" content=\"summary_large_image\" \/>\n<meta name=\"twitter:label1\" content=\"Gesch\u00e4tzte Lesezeit\" \/>\n\t<meta name=\"twitter:data1\" content=\"1\u00a0Minute\" \/>\n<script type=\"application\/ld+json\" class=\"yoast-schema-graph\">{\"@context\":\"https:\/\/schema.org\",\"@graph\":[{\"@type\":\"WebPage\",\"@id\":\"https:\/\/corona1.eu\/de\/siebwechsler\/maax-bf\/\",\"url\":\"https:\/\/corona1.eu\/de\/siebwechsler\/maax-bf\/\",\"name\":\"Maax\u00ae BF - CORONA Serwis\",\"isPartOf\":{\"@id\":\"https:\/\/corona1.eu\/de\/#website\"},\"primaryImageOfPage\":{\"@id\":\"https:\/\/corona1.eu\/de\/siebwechsler\/maax-bf\/#primaryimage\"},\"image\":{\"@id\":\"https:\/\/corona1.eu\/de\/siebwechsler\/maax-bf\/#primaryimage\"},\"thumbnailUrl\":\"https:\/\/corona1.eu\/de\/wp-content\/uploads\/2025\/06\/maax_bf_maag_maag-group-300x300-1.png\",\"datePublished\":\"2025-06-25T08:50:54+00:00\",\"dateModified\":\"2025-06-25T08:51:10+00:00\",\"breadcrumb\":{\"@id\":\"https:\/\/corona1.eu\/de\/siebwechsler\/maax-bf\/#breadcrumb\"},\"inLanguage\":\"de\",\"potentialAction\":[{\"@type\":\"ReadAction\",\"target\":[\"https:\/\/corona1.eu\/de\/siebwechsler\/maax-bf\/\"]}]},{\"@type\":\"ImageObject\",\"inLanguage\":\"de\",\"@id\":\"https:\/\/corona1.eu\/de\/siebwechsler\/maax-bf\/#primaryimage\",\"url\":\"https:\/\/corona1.eu\/de\/wp-content\/uploads\/2025\/06\/maax_bf_maag_maag-group-300x300-1.png\",\"contentUrl\":\"https:\/\/corona1.eu\/de\/wp-content\/uploads\/2025\/06\/maax_bf_maag_maag-group-300x300-1.png\",\"width\":300,\"height\":300},{\"@type\":\"BreadcrumbList\",\"@id\":\"https:\/\/corona1.eu\/de\/siebwechsler\/maax-bf\/#breadcrumb\",\"itemListElement\":[{\"@type\":\"ListItem\",\"position\":1,\"name\":\"Startseite\",\"item\":\"https:\/\/corona1.eu\/de\/\"},{\"@type\":\"ListItem\",\"position\":2,\"name\":\"Siebwechsler\",\"item\":\"https:\/\/corona1.eu\/de\/siebwechsler\/\"},{\"@type\":\"ListItem\",\"position\":3,\"name\":\"Maax\u00ae BF\"}]},{\"@type\":\"WebSite\",\"@id\":\"https:\/\/corona1.eu\/de\/#website\",\"url\":\"https:\/\/corona1.eu\/de\/\",\"name\":\"CORONA Serwis\",\"description\":\"\",\"potentialAction\":[{\"@type\":\"SearchAction\",\"target\":{\"@type\":\"EntryPoint\",\"urlTemplate\":\"https:\/\/corona1.eu\/de\/?s={search_term_string}\"},\"query-input\":{\"@type\":\"PropertyValueSpecification\",\"valueRequired\":true,\"valueName\":\"search_term_string\"}}],\"inLanguage\":\"de\"}]}<\/script>\n<!-- \/ Yoast SEO plugin. -->","yoast_head_json":{"title":"Maax\u00ae BF - CORONA Serwis","robots":{"index":"index","follow":"follow","max-snippet":"max-snippet:-1","max-image-preview":"max-image-preview:large","max-video-preview":"max-video-preview:-1"},"canonical":"https:\/\/corona1.eu\/de\/siebwechsler\/maax-bf\/","og_locale":"de_DE","og_type":"article","og_title":"Maax\u00ae BF - CORONA Serwis","og_description":"Automatische Steuerung f\u00fcr Siebwechsler mit R\u00fccksp\u00fclung Automatischer selbstreinigender Siebwechsler mit R\u00fccksp\u00fclung f\u00fcr Filteranlagen &#8211; maxx\u00ae [&hellip;]","og_url":"https:\/\/corona1.eu\/de\/siebwechsler\/maax-bf\/","og_site_name":"CORONA Serwis","article_modified_time":"2025-06-25T08:51:10+00:00","og_image":[{"width":300,"height":300,"url":"https:\/\/corona1.eu\/de\/wp-content\/uploads\/2025\/06\/maax_bf_maag_maag-group-300x300-1.png","type":"image\/png"}],"twitter_card":"summary_large_image","twitter_misc":{"Gesch\u00e4tzte Lesezeit":"1\u00a0Minute"},"schema":{"@context":"https:\/\/schema.org","@graph":[{"@type":"WebPage","@id":"https:\/\/corona1.eu\/de\/siebwechsler\/maax-bf\/","url":"https:\/\/corona1.eu\/de\/siebwechsler\/maax-bf\/","name":"Maax\u00ae BF - CORONA Serwis","isPartOf":{"@id":"https:\/\/corona1.eu\/de\/#website"},"primaryImageOfPage":{"@id":"https:\/\/corona1.eu\/de\/siebwechsler\/maax-bf\/#primaryimage"},"image":{"@id":"https:\/\/corona1.eu\/de\/siebwechsler\/maax-bf\/#primaryimage"},"thumbnailUrl":"https:\/\/corona1.eu\/de\/wp-content\/uploads\/2025\/06\/maax_bf_maag_maag-group-300x300-1.png","datePublished":"2025-06-25T08:50:54+00:00","dateModified":"2025-06-25T08:51:10+00:00","breadcrumb":{"@id":"https:\/\/corona1.eu\/de\/siebwechsler\/maax-bf\/#breadcrumb"},"inLanguage":"de","potentialAction":[{"@type":"ReadAction","target":["https:\/\/corona1.eu\/de\/siebwechsler\/maax-bf\/"]}]},{"@type":"ImageObject","inLanguage":"de","@id":"https:\/\/corona1.eu\/de\/siebwechsler\/maax-bf\/#primaryimage","url":"https:\/\/corona1.eu\/de\/wp-content\/uploads\/2025\/06\/maax_bf_maag_maag-group-300x300-1.png","contentUrl":"https:\/\/corona1.eu\/de\/wp-content\/uploads\/2025\/06\/maax_bf_maag_maag-group-300x300-1.png","width":300,"height":300},{"@type":"BreadcrumbList","@id":"https:\/\/corona1.eu\/de\/siebwechsler\/maax-bf\/#breadcrumb","itemListElement":[{"@type":"ListItem","position":1,"name":"Startseite","item":"https:\/\/corona1.eu\/de\/"},{"@type":"ListItem","position":2,"name":"Siebwechsler","item":"https:\/\/corona1.eu\/de\/siebwechsler\/"},{"@type":"ListItem","position":3,"name":"Maax\u00ae BF"}]},{"@type":"WebSite","@id":"https:\/\/corona1.eu\/de\/#website","url":"https:\/\/corona1.eu\/de\/","name":"CORONA Serwis","description":"","potentialAction":[{"@type":"SearchAction","target":{"@type":"EntryPoint","urlTemplate":"https:\/\/corona1.eu\/de\/?s={search_term_string}"},"query-input":{"@type":"PropertyValueSpecification","valueRequired":true,"valueName":"search_term_string"}}],"inLanguage":"de"}]}},"_links":{"self":[{"href":"https:\/\/corona1.eu\/de\/wp-json\/wp\/v2\/pages\/524","targetHints":{"allow":["GET"]}}],"collection":[{"href":"https:\/\/corona1.eu\/de\/wp-json\/wp\/v2\/pages"}],"about":[{"href":"https:\/\/corona1.eu\/de\/wp-json\/wp\/v2\/types\/page"}],"author":[{"embeddable":true,"href":"https:\/\/corona1.eu\/de\/wp-json\/wp\/v2\/users\/1"}],"replies":[{"embeddable":true,"href":"https:\/\/corona1.eu\/de\/wp-json\/wp\/v2\/comments?post=524"}],"version-history":[{"count":2,"href":"https:\/\/corona1.eu\/de\/wp-json\/wp\/v2\/pages\/524\/revisions"}],"predecessor-version":[{"id":527,"href":"https:\/\/corona1.eu\/de\/wp-json\/wp\/v2\/pages\/524\/revisions\/527"}],"up":[{"embeddable":true,"href":"https:\/\/corona1.eu\/de\/wp-json\/wp\/v2\/pages\/471"}],"wp:featuredmedia":[{"embeddable":true,"href":"https:\/\/corona1.eu\/de\/wp-json\/wp\/v2\/media\/525"}],"wp:attachment":[{"href":"https:\/\/corona1.eu\/de\/wp-json\/wp\/v2\/media?parent=524"}],"wp:term":[{"taxonomy":"category","embeddable":true,"href":"https:\/\/corona1.eu\/de\/wp-json\/wp\/v2\/categories?post=524"},{"taxonomy":"post_tag","embeddable":true,"href":"https:\/\/corona1.eu\/de\/wp-json\/wp\/v2\/tags?post=524"}],"curies":[{"name":"wp","href":"https:\/\/api.w.org\/{rel}","templated":true}]}}