{"id":520,"date":"2025-06-25T10:48:08","date_gmt":"2025-06-25T08:48:08","guid":{"rendered":"https:\/\/corona1.eu\/de\/?page_id=520"},"modified":"2025-06-25T10:48:49","modified_gmt":"2025-06-25T08:48:49","slug":"hochleistungsfiltrationssystem-fuer-extrusionsprozesse","status":"publish","type":"page","link":"https:\/\/corona1.eu\/de\/siebwechsler\/hochleistungsfiltrationssystem-fuer-extrusionsprozesse\/","title":{"rendered":"Hochleistungsfiltrationssystem f\u00fcr Extrusionsprozesse"},"content":{"rendered":"\n\n<p>Auf der Einlaufseite teilen optimierte Flie\u00dfkan\u00e4le den Schmelzestrom in die Siebkavit\u00e4ten auf.<\/p>\n\n\n\n\n\n<p>In einem automatischen Reinigungszyklus wird jeweils eine Siebkavit\u00e4t von Verunreinigungen befreit, indem das Sieb mit Polymer gef\u00fcllt wird. W\u00e4hrend dieses Prozesses verbleiben die verbleibenden drei Siebkavit\u00e4ten in der Produktionsposition, so dass ein kontinuierlicher Betrieb gew\u00e4hrleistet ist<\/p>\n\n\n\n\n\n<p><strong>Vorteile:<\/strong><\/p>\n\n\n\n\n\n<ul class=\"wp-block-list\">\n\n<li>Effektive Abdichtung<\/li>\n\n\n\n\n\n<li>Verbesserte Entl\u00fcftung<\/li>\n\n\n\n\n\n<li>Verbesserte Entw\u00e4sserung<\/li>\n\n\n\n\n\n<li>Vereinfachter Austausch des Tanks<\/li>\n\n\n\n\n\n<li>Leichterer Zugang<\/li>\n\n\n\n\n\n<li>Sicherer Betrieb<\/li>\n\n<\/ul>\n\n\n\n\n\n<p><\/p>\n\n","protected":false},"excerpt":{"rendered":"<p>Auf der Einlaufseite teilen optimierte Flie\u00dfkan\u00e4le den Schmelzestrom in die Siebkavit\u00e4ten auf. In einem automatischen [&hellip;]<\/p>\n","protected":false},"author":1,"featured_media":521,"parent":471,"menu_order":0,"comment_status":"closed","ping_status":"closed","template":"kg_products_template.php","meta":{"pgc_sgb_lightbox_settings":"","footnotes":""},"categories":[29],"tags":[],"class_list":["post-520","page","type-page","status-publish","has-post-thumbnail","hentry","category-siebwechsler"],"yoast_head":"<!-- This site is optimized with the Yoast SEO plugin v27.1.1 - https:\/\/yoast.com\/product\/yoast-seo-wordpress\/ -->\n<title>Hochleistungsfiltrationssystem f\u00fcr Extrusionsprozesse - CORONA Serwis<\/title>\n<meta name=\"robots\" content=\"index, follow, max-snippet:-1, max-image-preview:large, max-video-preview:-1\" \/>\n<link rel=\"canonical\" href=\"https:\/\/corona1.eu\/de\/siebwechsler\/hochleistungsfiltrationssystem-fuer-extrusionsprozesse\/\" \/>\n<meta property=\"og:locale\" content=\"de_DE\" \/>\n<meta property=\"og:type\" content=\"article\" \/>\n<meta property=\"og:title\" content=\"Hochleistungsfiltrationssystem f\u00fcr Extrusionsprozesse - CORONA Serwis\" \/>\n<meta property=\"og:description\" content=\"Auf der Einlaufseite teilen optimierte Flie\u00dfkan\u00e4le den Schmelzestrom in die Siebkavit\u00e4ten auf. In einem automatischen [&hellip;]\" \/>\n<meta property=\"og:url\" content=\"https:\/\/corona1.eu\/de\/siebwechsler\/hochleistungsfiltrationssystem-fuer-extrusionsprozesse\/\" \/>\n<meta property=\"og:site_name\" content=\"CORONA Serwis\" \/>\n<meta property=\"article:modified_time\" content=\"2025-06-25T08:48:49+00:00\" \/>\n<meta property=\"og:image\" content=\"https:\/\/corona1.eu\/de\/wp-content\/uploads\/2025\/06\/sfodwdpw-300x300-1.png\" \/>\n\t<meta property=\"og:image:width\" content=\"300\" \/>\n\t<meta property=\"og:image:height\" content=\"300\" \/>\n\t<meta property=\"og:image:type\" content=\"image\/png\" \/>\n<meta name=\"twitter:card\" content=\"summary_large_image\" \/>\n<meta name=\"twitter:label1\" content=\"Gesch\u00e4tzte Lesezeit\" \/>\n\t<meta name=\"twitter:data1\" content=\"1\u00a0Minute\" \/>\n<script type=\"application\/ld+json\" class=\"yoast-schema-graph\">{\"@context\":\"https:\/\/schema.org\",\"@graph\":[{\"@type\":\"WebPage\",\"@id\":\"https:\/\/corona1.eu\/de\/siebwechsler\/hochleistungsfiltrationssystem-fuer-extrusionsprozesse\/\",\"url\":\"https:\/\/corona1.eu\/de\/siebwechsler\/hochleistungsfiltrationssystem-fuer-extrusionsprozesse\/\",\"name\":\"Hochleistungsfiltrationssystem f\u00fcr Extrusionsprozesse - CORONA Serwis\",\"isPartOf\":{\"@id\":\"https:\/\/corona1.eu\/de\/#website\"},\"primaryImageOfPage\":{\"@id\":\"https:\/\/corona1.eu\/de\/siebwechsler\/hochleistungsfiltrationssystem-fuer-extrusionsprozesse\/#primaryimage\"},\"image\":{\"@id\":\"https:\/\/corona1.eu\/de\/siebwechsler\/hochleistungsfiltrationssystem-fuer-extrusionsprozesse\/#primaryimage\"},\"thumbnailUrl\":\"https:\/\/corona1.eu\/de\/wp-content\/uploads\/2025\/06\/sfodwdpw-300x300-1.png\",\"datePublished\":\"2025-06-25T08:48:08+00:00\",\"dateModified\":\"2025-06-25T08:48:49+00:00\",\"breadcrumb\":{\"@id\":\"https:\/\/corona1.eu\/de\/siebwechsler\/hochleistungsfiltrationssystem-fuer-extrusionsprozesse\/#breadcrumb\"},\"inLanguage\":\"de\",\"potentialAction\":[{\"@type\":\"ReadAction\",\"target\":[\"https:\/\/corona1.eu\/de\/siebwechsler\/hochleistungsfiltrationssystem-fuer-extrusionsprozesse\/\"]}]},{\"@type\":\"ImageObject\",\"inLanguage\":\"de\",\"@id\":\"https:\/\/corona1.eu\/de\/siebwechsler\/hochleistungsfiltrationssystem-fuer-extrusionsprozesse\/#primaryimage\",\"url\":\"https:\/\/corona1.eu\/de\/wp-content\/uploads\/2025\/06\/sfodwdpw-300x300-1.png\",\"contentUrl\":\"https:\/\/corona1.eu\/de\/wp-content\/uploads\/2025\/06\/sfodwdpw-300x300-1.png\",\"width\":300,\"height\":300},{\"@type\":\"BreadcrumbList\",\"@id\":\"https:\/\/corona1.eu\/de\/siebwechsler\/hochleistungsfiltrationssystem-fuer-extrusionsprozesse\/#breadcrumb\",\"itemListElement\":[{\"@type\":\"ListItem\",\"position\":1,\"name\":\"Startseite\",\"item\":\"https:\/\/corona1.eu\/de\/\"},{\"@type\":\"ListItem\",\"position\":2,\"name\":\"Siebwechsler\",\"item\":\"https:\/\/corona1.eu\/de\/siebwechsler\/\"},{\"@type\":\"ListItem\",\"position\":3,\"name\":\"Hochleistungsfiltrationssystem f\u00fcr Extrusionsprozesse\"}]},{\"@type\":\"WebSite\",\"@id\":\"https:\/\/corona1.eu\/de\/#website\",\"url\":\"https:\/\/corona1.eu\/de\/\",\"name\":\"CORONA Serwis\",\"description\":\"\",\"potentialAction\":[{\"@type\":\"SearchAction\",\"target\":{\"@type\":\"EntryPoint\",\"urlTemplate\":\"https:\/\/corona1.eu\/de\/?s={search_term_string}\"},\"query-input\":{\"@type\":\"PropertyValueSpecification\",\"valueRequired\":true,\"valueName\":\"search_term_string\"}}],\"inLanguage\":\"de\"}]}<\/script>\n<!-- \/ Yoast SEO plugin. -->","yoast_head_json":{"title":"Hochleistungsfiltrationssystem f\u00fcr Extrusionsprozesse - CORONA Serwis","robots":{"index":"index","follow":"follow","max-snippet":"max-snippet:-1","max-image-preview":"max-image-preview:large","max-video-preview":"max-video-preview:-1"},"canonical":"https:\/\/corona1.eu\/de\/siebwechsler\/hochleistungsfiltrationssystem-fuer-extrusionsprozesse\/","og_locale":"de_DE","og_type":"article","og_title":"Hochleistungsfiltrationssystem f\u00fcr Extrusionsprozesse - CORONA Serwis","og_description":"Auf der Einlaufseite teilen optimierte Flie\u00dfkan\u00e4le den Schmelzestrom in die Siebkavit\u00e4ten auf. In einem automatischen [&hellip;]","og_url":"https:\/\/corona1.eu\/de\/siebwechsler\/hochleistungsfiltrationssystem-fuer-extrusionsprozesse\/","og_site_name":"CORONA Serwis","article_modified_time":"2025-06-25T08:48:49+00:00","og_image":[{"width":300,"height":300,"url":"https:\/\/corona1.eu\/de\/wp-content\/uploads\/2025\/06\/sfodwdpw-300x300-1.png","type":"image\/png"}],"twitter_card":"summary_large_image","twitter_misc":{"Gesch\u00e4tzte Lesezeit":"1\u00a0Minute"},"schema":{"@context":"https:\/\/schema.org","@graph":[{"@type":"WebPage","@id":"https:\/\/corona1.eu\/de\/siebwechsler\/hochleistungsfiltrationssystem-fuer-extrusionsprozesse\/","url":"https:\/\/corona1.eu\/de\/siebwechsler\/hochleistungsfiltrationssystem-fuer-extrusionsprozesse\/","name":"Hochleistungsfiltrationssystem f\u00fcr Extrusionsprozesse - CORONA Serwis","isPartOf":{"@id":"https:\/\/corona1.eu\/de\/#website"},"primaryImageOfPage":{"@id":"https:\/\/corona1.eu\/de\/siebwechsler\/hochleistungsfiltrationssystem-fuer-extrusionsprozesse\/#primaryimage"},"image":{"@id":"https:\/\/corona1.eu\/de\/siebwechsler\/hochleistungsfiltrationssystem-fuer-extrusionsprozesse\/#primaryimage"},"thumbnailUrl":"https:\/\/corona1.eu\/de\/wp-content\/uploads\/2025\/06\/sfodwdpw-300x300-1.png","datePublished":"2025-06-25T08:48:08+00:00","dateModified":"2025-06-25T08:48:49+00:00","breadcrumb":{"@id":"https:\/\/corona1.eu\/de\/siebwechsler\/hochleistungsfiltrationssystem-fuer-extrusionsprozesse\/#breadcrumb"},"inLanguage":"de","potentialAction":[{"@type":"ReadAction","target":["https:\/\/corona1.eu\/de\/siebwechsler\/hochleistungsfiltrationssystem-fuer-extrusionsprozesse\/"]}]},{"@type":"ImageObject","inLanguage":"de","@id":"https:\/\/corona1.eu\/de\/siebwechsler\/hochleistungsfiltrationssystem-fuer-extrusionsprozesse\/#primaryimage","url":"https:\/\/corona1.eu\/de\/wp-content\/uploads\/2025\/06\/sfodwdpw-300x300-1.png","contentUrl":"https:\/\/corona1.eu\/de\/wp-content\/uploads\/2025\/06\/sfodwdpw-300x300-1.png","width":300,"height":300},{"@type":"BreadcrumbList","@id":"https:\/\/corona1.eu\/de\/siebwechsler\/hochleistungsfiltrationssystem-fuer-extrusionsprozesse\/#breadcrumb","itemListElement":[{"@type":"ListItem","position":1,"name":"Startseite","item":"https:\/\/corona1.eu\/de\/"},{"@type":"ListItem","position":2,"name":"Siebwechsler","item":"https:\/\/corona1.eu\/de\/siebwechsler\/"},{"@type":"ListItem","position":3,"name":"Hochleistungsfiltrationssystem f\u00fcr Extrusionsprozesse"}]},{"@type":"WebSite","@id":"https:\/\/corona1.eu\/de\/#website","url":"https:\/\/corona1.eu\/de\/","name":"CORONA Serwis","description":"","potentialAction":[{"@type":"SearchAction","target":{"@type":"EntryPoint","urlTemplate":"https:\/\/corona1.eu\/de\/?s={search_term_string}"},"query-input":{"@type":"PropertyValueSpecification","valueRequired":true,"valueName":"search_term_string"}}],"inLanguage":"de"}]}},"_links":{"self":[{"href":"https:\/\/corona1.eu\/de\/wp-json\/wp\/v2\/pages\/520","targetHints":{"allow":["GET"]}}],"collection":[{"href":"https:\/\/corona1.eu\/de\/wp-json\/wp\/v2\/pages"}],"about":[{"href":"https:\/\/corona1.eu\/de\/wp-json\/wp\/v2\/types\/page"}],"author":[{"embeddable":true,"href":"https:\/\/corona1.eu\/de\/wp-json\/wp\/v2\/users\/1"}],"replies":[{"embeddable":true,"href":"https:\/\/corona1.eu\/de\/wp-json\/wp\/v2\/comments?post=520"}],"version-history":[{"count":2,"href":"https:\/\/corona1.eu\/de\/wp-json\/wp\/v2\/pages\/520\/revisions"}],"predecessor-version":[{"id":523,"href":"https:\/\/corona1.eu\/de\/wp-json\/wp\/v2\/pages\/520\/revisions\/523"}],"up":[{"embeddable":true,"href":"https:\/\/corona1.eu\/de\/wp-json\/wp\/v2\/pages\/471"}],"wp:featuredmedia":[{"embeddable":true,"href":"https:\/\/corona1.eu\/de\/wp-json\/wp\/v2\/media\/521"}],"wp:attachment":[{"href":"https:\/\/corona1.eu\/de\/wp-json\/wp\/v2\/media?parent=520"}],"wp:term":[{"taxonomy":"category","embeddable":true,"href":"https:\/\/corona1.eu\/de\/wp-json\/wp\/v2\/categories?post=520"},{"taxonomy":"post_tag","embeddable":true,"href":"https:\/\/corona1.eu\/de\/wp-json\/wp\/v2\/tags?post=520"}],"curies":[{"name":"wp","href":"https:\/\/api.w.org\/{rel}","templated":true}]}}