{"id":516,"date":"2025-06-25T10:45:37","date_gmt":"2025-06-25T08:45:37","guid":{"rendered":"https:\/\/corona1.eu\/de\/?page_id=516"},"modified":"2025-06-25T10:46:00","modified_gmt":"2025-06-25T08:46:00","slug":"csc-bf-4f-siebwechsler","status":"publish","type":"page","link":"https:\/\/corona1.eu\/de\/siebwechsler\/csc-bf-4f-siebwechsler\/","title":{"rendered":"CSC\/BF-4F Siebwechsler"},"content":{"rendered":"\n\n<h2 class=\"wp-block-heading\">Siebwechsler mit R\u00fccksp\u00fclung f\u00fcr maximale Siebstandzeiten<\/h2>\n\n\n\n\n\n<p>Automatischer Siebwechsler mit R\u00fccksp\u00fclung f\u00fcr Filtersysteme in der Polymerextrusion &#8211; CSC \/ BF-4F. Mit diesem Siebwechsler hat die Schmelze einen sehr niedrigen Druck. Es ist auch eine hohe Leistung und viel l\u00e4ngere Lebensdauer des Siebes als andere Siebwechsler dieses Typs.<\/p>\n\n\n\n\n\n<p><strong>Vorteile:<\/strong><\/p>\n\n\n\n\n\n<ul class=\"wp-block-list\">\n\n<li>Bis zu 4 x gr\u00f6\u00dfere Filterfl\u00e4che im Vergleich zu<em>kreisf\u00f6rmigen Siebkavit\u00e4ten<\/em><\/li>\n\n\n\n\n\n<li>H\u00f6here Leistung<\/li>\n\n\n\n\n\n<li>Deutlich l\u00e4ngere Sieblebensdauer<\/li>\n\n\n\n\n\n<li>Geringerer Massedruck<\/li>\n\n\n\n\n\n<li>H\u00f6here Filtrationsgenauigkeit<\/li>\n\n\n\n\n\n<li>Geringere<em>Durchflussrate<\/em> kg\/h\/cm\u00b2<\/li>\n\n\n\n\n\n<li>Sehr kompakte Bauweise<\/li>\n\n\n\n\n\n<li>Geringere W\u00e4rmekapazit\u00e4t<\/li>\n\n\n\n\n\n<li>Kleineres Hydrauliksystem<\/li>\n\n<\/ul>\n\n\n\n\n\n<p><\/p>\n\n\n\n\n\n<p><strong>Theoretische \u00dcbertragungsleistung des CSC-BF-4F:<\/strong><\/p>\n\n\n\n\n\n<figure class=\"wp-block-table entry-content has-small-font-size\"><table><thead><tr><th class=\"has-text-align-left\" data-align=\"left\">Gr\u00f6\u00dfe<\/th><th class=\"has-text-align-left\" data-align=\"left\">Leistung* [kg\/h]<\/th><th class=\"has-text-align-left\" data-align=\"left\">Siebdurchmesser [mm]<\/th><th class=\"has-text-align-left\" data-align=\"left\">Filterfl\u00e4che [cm\u00b2]<\/th><\/tr><\/thead><tbody><tr><td class=\"has-text-align-left\" data-align=\"left\">046<\/td><td class=\"has-text-align-left\" data-align=\"left\">190<\/td><td class=\"has-text-align-left\" data-align=\"left\">4 x 46,3<\/td><td class=\"has-text-align-left\" data-align=\"left\">4 x 17<\/td><\/tr><tr><td class=\"has-text-align-left\" data-align=\"left\">058<\/td><td class=\"has-text-align-left\" data-align=\"left\">300<\/td><td class=\"has-text-align-left\" data-align=\"left\">4 x 58,3<\/td><td class=\"has-text-align-left\" data-align=\"left\">4 x 27<\/td><\/tr><tr><td class=\"has-text-align-left\" data-align=\"left\">076<\/td><td class=\"has-text-align-left\" data-align=\"left\">500<\/td><td class=\"has-text-align-left\" data-align=\"left\">4 x 76,3<\/td><td class=\"has-text-align-left\" data-align=\"left\">4 x 45<\/td><\/tr><tr><td class=\"has-text-align-left\" data-align=\"left\">&#8230;<\/td><td class=\"has-text-align-left\" data-align=\"left\">&#8230;<\/td><td class=\"has-text-align-left\" data-align=\"left\">&#8230;<\/td><td class=\"has-text-align-left\" data-align=\"left\">&#8230;<\/td><\/tr><tr><td class=\"has-text-align-left\" data-align=\"left\">250<\/td><td class=\"has-text-align-left\" data-align=\"left\">5400<\/td><td class=\"has-text-align-left\" data-align=\"left\">4 x 250<\/td><td class=\"has-text-align-left\" data-align=\"left\">4 x 491<\/td><\/tr><tr><td class=\"has-text-align-left\" data-align=\"left\">270<\/td><td class=\"has-text-align-left\" data-align=\"left\">6300<\/td><td class=\"has-text-align-left\" data-align=\"left\">4 x 270<\/td><td class=\"has-text-align-left\" data-align=\"left\">4 x 572<\/td><\/tr><tr><td class=\"has-text-align-left\" data-align=\"left\">300<\/td><td class=\"has-text-align-left\" data-align=\"left\">7800<\/td><td class=\"has-text-align-left\" data-align=\"left\">4 x 300<\/td><td class=\"has-text-align-left\" data-align=\"left\">4 x 707<\/td><\/tr><\/tbody><\/table><\/figure>\n\n","protected":false},"excerpt":{"rendered":"<p>Siebwechsler mit R\u00fccksp\u00fclung f\u00fcr maximale Siebstandzeiten Automatischer Siebwechsler mit R\u00fccksp\u00fclung f\u00fcr Filtersysteme in der Polymerextrusion [&hellip;]<\/p>\n","protected":false},"author":1,"featured_media":517,"parent":471,"menu_order":0,"comment_status":"closed","ping_status":"closed","template":"kg_products_template.php","meta":{"pgc_sgb_lightbox_settings":"","footnotes":""},"categories":[29],"tags":[],"class_list":["post-516","page","type-page","status-publish","has-post-thumbnail","hentry","category-siebwechsler"],"yoast_head":"<!-- This site is optimized with the Yoast SEO plugin v27.1.1 - https:\/\/yoast.com\/product\/yoast-seo-wordpress\/ -->\n<title>CSC\/BF-4F Siebwechsler - CORONA Serwis<\/title>\n<meta name=\"robots\" content=\"index, follow, max-snippet:-1, max-image-preview:large, max-video-preview:-1\" \/>\n<link rel=\"canonical\" href=\"https:\/\/corona1.eu\/de\/siebwechsler\/csc-bf-4f-siebwechsler\/\" \/>\n<meta property=\"og:locale\" content=\"de_DE\" \/>\n<meta property=\"og:type\" content=\"article\" \/>\n<meta property=\"og:title\" content=\"CSC\/BF-4F Siebwechsler - CORONA Serwis\" \/>\n<meta property=\"og:description\" content=\"Siebwechsler mit R\u00fccksp\u00fclung f\u00fcr maximale Siebstandzeiten Automatischer Siebwechsler mit R\u00fccksp\u00fclung f\u00fcr Filtersysteme in der Polymerextrusion [&hellip;]\" \/>\n<meta property=\"og:url\" content=\"https:\/\/corona1.eu\/de\/siebwechsler\/csc-bf-4f-siebwechsler\/\" \/>\n<meta property=\"og:site_name\" content=\"CORONA Serwis\" \/>\n<meta property=\"article:modified_time\" content=\"2025-06-25T08:46:00+00:00\" \/>\n<meta property=\"og:image\" content=\"https:\/\/corona1.eu\/de\/wp-content\/uploads\/2025\/06\/csc_bf-4f_maag_maag-group-300x300-1.png\" \/>\n\t<meta property=\"og:image:width\" content=\"300\" \/>\n\t<meta property=\"og:image:height\" content=\"300\" \/>\n\t<meta property=\"og:image:type\" content=\"image\/png\" \/>\n<meta name=\"twitter:card\" content=\"summary_large_image\" \/>\n<meta name=\"twitter:label1\" content=\"Gesch\u00e4tzte Lesezeit\" \/>\n\t<meta name=\"twitter:data1\" content=\"1\u00a0Minute\" \/>\n<script type=\"application\/ld+json\" class=\"yoast-schema-graph\">{\"@context\":\"https:\/\/schema.org\",\"@graph\":[{\"@type\":\"WebPage\",\"@id\":\"https:\/\/corona1.eu\/de\/siebwechsler\/csc-bf-4f-siebwechsler\/\",\"url\":\"https:\/\/corona1.eu\/de\/siebwechsler\/csc-bf-4f-siebwechsler\/\",\"name\":\"CSC\/BF-4F Siebwechsler - CORONA Serwis\",\"isPartOf\":{\"@id\":\"https:\/\/corona1.eu\/de\/#website\"},\"primaryImageOfPage\":{\"@id\":\"https:\/\/corona1.eu\/de\/siebwechsler\/csc-bf-4f-siebwechsler\/#primaryimage\"},\"image\":{\"@id\":\"https:\/\/corona1.eu\/de\/siebwechsler\/csc-bf-4f-siebwechsler\/#primaryimage\"},\"thumbnailUrl\":\"https:\/\/corona1.eu\/de\/wp-content\/uploads\/2025\/06\/csc_bf-4f_maag_maag-group-300x300-1.png\",\"datePublished\":\"2025-06-25T08:45:37+00:00\",\"dateModified\":\"2025-06-25T08:46:00+00:00\",\"breadcrumb\":{\"@id\":\"https:\/\/corona1.eu\/de\/siebwechsler\/csc-bf-4f-siebwechsler\/#breadcrumb\"},\"inLanguage\":\"de\",\"potentialAction\":[{\"@type\":\"ReadAction\",\"target\":[\"https:\/\/corona1.eu\/de\/siebwechsler\/csc-bf-4f-siebwechsler\/\"]}]},{\"@type\":\"ImageObject\",\"inLanguage\":\"de\",\"@id\":\"https:\/\/corona1.eu\/de\/siebwechsler\/csc-bf-4f-siebwechsler\/#primaryimage\",\"url\":\"https:\/\/corona1.eu\/de\/wp-content\/uploads\/2025\/06\/csc_bf-4f_maag_maag-group-300x300-1.png\",\"contentUrl\":\"https:\/\/corona1.eu\/de\/wp-content\/uploads\/2025\/06\/csc_bf-4f_maag_maag-group-300x300-1.png\",\"width\":300,\"height\":300},{\"@type\":\"BreadcrumbList\",\"@id\":\"https:\/\/corona1.eu\/de\/siebwechsler\/csc-bf-4f-siebwechsler\/#breadcrumb\",\"itemListElement\":[{\"@type\":\"ListItem\",\"position\":1,\"name\":\"Startseite\",\"item\":\"https:\/\/corona1.eu\/de\/\"},{\"@type\":\"ListItem\",\"position\":2,\"name\":\"Siebwechsler\",\"item\":\"https:\/\/corona1.eu\/de\/siebwechsler\/\"},{\"@type\":\"ListItem\",\"position\":3,\"name\":\"CSC\/BF-4F Siebwechsler\"}]},{\"@type\":\"WebSite\",\"@id\":\"https:\/\/corona1.eu\/de\/#website\",\"url\":\"https:\/\/corona1.eu\/de\/\",\"name\":\"CORONA Serwis\",\"description\":\"\",\"potentialAction\":[{\"@type\":\"SearchAction\",\"target\":{\"@type\":\"EntryPoint\",\"urlTemplate\":\"https:\/\/corona1.eu\/de\/?s={search_term_string}\"},\"query-input\":{\"@type\":\"PropertyValueSpecification\",\"valueRequired\":true,\"valueName\":\"search_term_string\"}}],\"inLanguage\":\"de\"}]}<\/script>\n<!-- \/ Yoast SEO plugin. -->","yoast_head_json":{"title":"CSC\/BF-4F Siebwechsler - CORONA Serwis","robots":{"index":"index","follow":"follow","max-snippet":"max-snippet:-1","max-image-preview":"max-image-preview:large","max-video-preview":"max-video-preview:-1"},"canonical":"https:\/\/corona1.eu\/de\/siebwechsler\/csc-bf-4f-siebwechsler\/","og_locale":"de_DE","og_type":"article","og_title":"CSC\/BF-4F Siebwechsler - CORONA Serwis","og_description":"Siebwechsler mit R\u00fccksp\u00fclung f\u00fcr maximale Siebstandzeiten Automatischer Siebwechsler mit R\u00fccksp\u00fclung f\u00fcr Filtersysteme in der Polymerextrusion [&hellip;]","og_url":"https:\/\/corona1.eu\/de\/siebwechsler\/csc-bf-4f-siebwechsler\/","og_site_name":"CORONA Serwis","article_modified_time":"2025-06-25T08:46:00+00:00","og_image":[{"width":300,"height":300,"url":"https:\/\/corona1.eu\/de\/wp-content\/uploads\/2025\/06\/csc_bf-4f_maag_maag-group-300x300-1.png","type":"image\/png"}],"twitter_card":"summary_large_image","twitter_misc":{"Gesch\u00e4tzte Lesezeit":"1\u00a0Minute"},"schema":{"@context":"https:\/\/schema.org","@graph":[{"@type":"WebPage","@id":"https:\/\/corona1.eu\/de\/siebwechsler\/csc-bf-4f-siebwechsler\/","url":"https:\/\/corona1.eu\/de\/siebwechsler\/csc-bf-4f-siebwechsler\/","name":"CSC\/BF-4F Siebwechsler - CORONA Serwis","isPartOf":{"@id":"https:\/\/corona1.eu\/de\/#website"},"primaryImageOfPage":{"@id":"https:\/\/corona1.eu\/de\/siebwechsler\/csc-bf-4f-siebwechsler\/#primaryimage"},"image":{"@id":"https:\/\/corona1.eu\/de\/siebwechsler\/csc-bf-4f-siebwechsler\/#primaryimage"},"thumbnailUrl":"https:\/\/corona1.eu\/de\/wp-content\/uploads\/2025\/06\/csc_bf-4f_maag_maag-group-300x300-1.png","datePublished":"2025-06-25T08:45:37+00:00","dateModified":"2025-06-25T08:46:00+00:00","breadcrumb":{"@id":"https:\/\/corona1.eu\/de\/siebwechsler\/csc-bf-4f-siebwechsler\/#breadcrumb"},"inLanguage":"de","potentialAction":[{"@type":"ReadAction","target":["https:\/\/corona1.eu\/de\/siebwechsler\/csc-bf-4f-siebwechsler\/"]}]},{"@type":"ImageObject","inLanguage":"de","@id":"https:\/\/corona1.eu\/de\/siebwechsler\/csc-bf-4f-siebwechsler\/#primaryimage","url":"https:\/\/corona1.eu\/de\/wp-content\/uploads\/2025\/06\/csc_bf-4f_maag_maag-group-300x300-1.png","contentUrl":"https:\/\/corona1.eu\/de\/wp-content\/uploads\/2025\/06\/csc_bf-4f_maag_maag-group-300x300-1.png","width":300,"height":300},{"@type":"BreadcrumbList","@id":"https:\/\/corona1.eu\/de\/siebwechsler\/csc-bf-4f-siebwechsler\/#breadcrumb","itemListElement":[{"@type":"ListItem","position":1,"name":"Startseite","item":"https:\/\/corona1.eu\/de\/"},{"@type":"ListItem","position":2,"name":"Siebwechsler","item":"https:\/\/corona1.eu\/de\/siebwechsler\/"},{"@type":"ListItem","position":3,"name":"CSC\/BF-4F Siebwechsler"}]},{"@type":"WebSite","@id":"https:\/\/corona1.eu\/de\/#website","url":"https:\/\/corona1.eu\/de\/","name":"CORONA Serwis","description":"","potentialAction":[{"@type":"SearchAction","target":{"@type":"EntryPoint","urlTemplate":"https:\/\/corona1.eu\/de\/?s={search_term_string}"},"query-input":{"@type":"PropertyValueSpecification","valueRequired":true,"valueName":"search_term_string"}}],"inLanguage":"de"}]}},"_links":{"self":[{"href":"https:\/\/corona1.eu\/de\/wp-json\/wp\/v2\/pages\/516","targetHints":{"allow":["GET"]}}],"collection":[{"href":"https:\/\/corona1.eu\/de\/wp-json\/wp\/v2\/pages"}],"about":[{"href":"https:\/\/corona1.eu\/de\/wp-json\/wp\/v2\/types\/page"}],"author":[{"embeddable":true,"href":"https:\/\/corona1.eu\/de\/wp-json\/wp\/v2\/users\/1"}],"replies":[{"embeddable":true,"href":"https:\/\/corona1.eu\/de\/wp-json\/wp\/v2\/comments?post=516"}],"version-history":[{"count":2,"href":"https:\/\/corona1.eu\/de\/wp-json\/wp\/v2\/pages\/516\/revisions"}],"predecessor-version":[{"id":519,"href":"https:\/\/corona1.eu\/de\/wp-json\/wp\/v2\/pages\/516\/revisions\/519"}],"up":[{"embeddable":true,"href":"https:\/\/corona1.eu\/de\/wp-json\/wp\/v2\/pages\/471"}],"wp:featuredmedia":[{"embeddable":true,"href":"https:\/\/corona1.eu\/de\/wp-json\/wp\/v2\/media\/517"}],"wp:attachment":[{"href":"https:\/\/corona1.eu\/de\/wp-json\/wp\/v2\/media?parent=516"}],"wp:term":[{"taxonomy":"category","embeddable":true,"href":"https:\/\/corona1.eu\/de\/wp-json\/wp\/v2\/categories?post=516"},{"taxonomy":"post_tag","embeddable":true,"href":"https:\/\/corona1.eu\/de\/wp-json\/wp\/v2\/tags?post=516"}],"curies":[{"name":"wp","href":"https:\/\/api.w.org\/{rel}","templated":true}]}}