{"id":512,"date":"2025-06-25T10:44:10","date_gmt":"2025-06-25T08:44:10","guid":{"rendered":"https:\/\/corona1.eu\/de\/?page_id=512"},"modified":"2025-06-25T10:44:29","modified_gmt":"2025-06-25T08:44:29","slug":"csc-r-siebwechsler","status":"publish","type":"page","link":"https:\/\/corona1.eu\/de\/siebwechsler\/csc-r-siebwechsler\/","title":{"rendered":"CSC-R Siebwechsler"},"content":{"rendered":"\n\n<h2 class=\"wp-block-heading\">Kontinuierlich arbeitender Zweibolzensiebwechsler mit gro\u00dffl\u00e4chigen Sieben<\/h2>\n\n\n\n\n\n<p>MAAG-Gro\u00dfsiebwechsler k\u00f6nnen bei vertikalem oder horizontalem Schmelzefluss direkt an der Reaktorschmelzepumpe oder Granulatvorpumpe installiert werden. Er hat eine sehr hohe Kapazit\u00e4t, vor allem durch eine viermal gr\u00f6\u00dfere Filterfl\u00e4che als bei Rundsieben.<\/p>\n\n\n\n\n\n<p><strong>Vorteile:<\/strong><\/p>\n\n\n\n\n\n<ul class=\"wp-block-list\">\n\n<li>Bis zu 4 x gr\u00f6\u00dfere Filterfl\u00e4che im Vergleich zu<em>Rundsieben (runde Siebkavit\u00e4ten<\/em>)<\/li>\n\n\n\n\n\n<li>H\u00f6here Leistung<\/li>\n\n\n\n\n\n<li>Deutlich l\u00e4ngere Siebstandzeiten<\/li>\n\n\n\n\n\n<li>Geringerer Schmelzedruck<\/li>\n\n\n\n\n\n<li>H\u00f6here Filtrationsgenauigkeit<\/li>\n\n\n\n\n\n<li>Geringere<em>Durchflussrate<\/em> kg\/h\/cm\u00b2<\/li>\n\n\n\n\n\n<li>Sehr kompakte Bauweise<\/li>\n\n\n\n\n\n<li>Geringere W\u00e4rmekapazit\u00e4t<\/li>\n\n\n\n\n\n<li>Kleineres Hydrauliksystem<\/li>\n\n<\/ul>\n\n\n\n\n\n<p><\/p>\n\n\n\n\n\n<p><strong>Theoretische \u00dcbertragungsleistung des CSC-R:<\/strong><\/p>\n\n\n\n\n\n<figure class=\"wp-block-table entry-content has-small-font-size\"><table><thead><tr><th class=\"has-text-align-left\" data-align=\"left\">Gr\u00f6\u00dfe<\/th><th class=\"has-text-align-left\" data-align=\"left\">Kapazit\u00e4t* [kg\/h]<\/th><th class=\"has-text-align-left\" data-align=\"left\">Filterfl\u00e4che [cm\u00b2]<\/th><\/tr><\/thead><tbody><tr><td class=\"has-text-align-left\" data-align=\"left\">096<\/td><td class=\"has-text-align-left\" data-align=\"left\">3200<\/td><td class=\"has-text-align-left\" data-align=\"left\">2 x 287<\/td><\/tr><tr><td class=\"has-text-align-left\" data-align=\"left\">116<\/td><td class=\"has-text-align-left\" data-align=\"left\">4600<\/td><td class=\"has-text-align-left\" data-align=\"left\">2 x 415<\/td><\/tr><tr><td class=\"has-text-align-left\" data-align=\"left\">125<\/td><td class=\"has-text-align-left\" data-align=\"left\">5400<\/td><td class=\"has-text-align-left\" data-align=\"left\">2 x 488<\/td><\/tr><tr><td class=\"has-text-align-left\" data-align=\"left\">&#8230;<\/td><td class=\"has-text-align-left\" data-align=\"left\">&#8230;<\/td><td class=\"has-text-align-left\" data-align=\"left\">&#8230;<\/td><\/tr><tr><td class=\"has-text-align-left\" data-align=\"left\">300<\/td><td class=\"has-text-align-left\" data-align=\"left\">33600<\/td><td class=\"has-text-align-left\" data-align=\"left\">2 x 3058<\/td><\/tr><tr><td class=\"has-text-align-left\" data-align=\"left\">340<\/td><td class=\"has-text-align-left\" data-align=\"left\">43800<\/td><td class=\"has-text-align-left\" data-align=\"left\">2 x 3979<\/td><\/tr><tr><td class=\"has-text-align-left\" data-align=\"left\">400<\/td><td class=\"has-text-align-left\" data-align=\"left\">52200<\/td><td class=\"has-text-align-left\" data-align=\"left\">2 x 4747<\/td><\/tr><\/tbody><\/table><\/figure>\n\n","protected":false},"excerpt":{"rendered":"<p>Kontinuierlich arbeitender Zweibolzensiebwechsler mit gro\u00dffl\u00e4chigen Sieben MAAG-Gro\u00dfsiebwechsler k\u00f6nnen bei vertikalem oder horizontalem Schmelzefluss direkt an [&hellip;]<\/p>\n","protected":false},"author":1,"featured_media":513,"parent":471,"menu_order":0,"comment_status":"closed","ping_status":"closed","template":"kg_products_template.php","meta":{"pgc_sgb_lightbox_settings":"","footnotes":""},"categories":[29],"tags":[],"class_list":["post-512","page","type-page","status-publish","has-post-thumbnail","hentry","category-siebwechsler"],"yoast_head":"<!-- This site is optimized with the Yoast SEO plugin v27.1.1 - https:\/\/yoast.com\/product\/yoast-seo-wordpress\/ -->\n<title>CSC-R Siebwechsler - CORONA Serwis<\/title>\n<meta name=\"robots\" content=\"index, follow, max-snippet:-1, max-image-preview:large, max-video-preview:-1\" \/>\n<link rel=\"canonical\" href=\"https:\/\/corona1.eu\/de\/siebwechsler\/csc-r-siebwechsler\/\" \/>\n<meta property=\"og:locale\" content=\"de_DE\" \/>\n<meta property=\"og:type\" content=\"article\" \/>\n<meta property=\"og:title\" content=\"CSC-R Siebwechsler - CORONA Serwis\" \/>\n<meta property=\"og:description\" content=\"Kontinuierlich arbeitender Zweibolzensiebwechsler mit gro\u00dffl\u00e4chigen Sieben MAAG-Gro\u00dfsiebwechsler k\u00f6nnen bei vertikalem oder horizontalem Schmelzefluss direkt an [&hellip;]\" \/>\n<meta property=\"og:url\" content=\"https:\/\/corona1.eu\/de\/siebwechsler\/csc-r-siebwechsler\/\" \/>\n<meta property=\"og:site_name\" content=\"CORONA Serwis\" \/>\n<meta property=\"article:modified_time\" content=\"2025-06-25T08:44:29+00:00\" \/>\n<meta property=\"og:image\" content=\"https:\/\/corona1.eu\/de\/wp-content\/uploads\/2025\/06\/csc-r_maag_maag-group.png\" \/>\n\t<meta property=\"og:image:width\" content=\"512\" \/>\n\t<meta property=\"og:image:height\" content=\"512\" \/>\n\t<meta property=\"og:image:type\" content=\"image\/png\" \/>\n<meta name=\"twitter:card\" content=\"summary_large_image\" \/>\n<meta name=\"twitter:label1\" content=\"Gesch\u00e4tzte Lesezeit\" \/>\n\t<meta name=\"twitter:data1\" content=\"1\u00a0Minute\" \/>\n<script type=\"application\/ld+json\" class=\"yoast-schema-graph\">{\"@context\":\"https:\/\/schema.org\",\"@graph\":[{\"@type\":\"WebPage\",\"@id\":\"https:\/\/corona1.eu\/de\/siebwechsler\/csc-r-siebwechsler\/\",\"url\":\"https:\/\/corona1.eu\/de\/siebwechsler\/csc-r-siebwechsler\/\",\"name\":\"CSC-R Siebwechsler - CORONA Serwis\",\"isPartOf\":{\"@id\":\"https:\/\/corona1.eu\/de\/#website\"},\"primaryImageOfPage\":{\"@id\":\"https:\/\/corona1.eu\/de\/siebwechsler\/csc-r-siebwechsler\/#primaryimage\"},\"image\":{\"@id\":\"https:\/\/corona1.eu\/de\/siebwechsler\/csc-r-siebwechsler\/#primaryimage\"},\"thumbnailUrl\":\"https:\/\/corona1.eu\/de\/wp-content\/uploads\/2025\/06\/csc-r_maag_maag-group.png\",\"datePublished\":\"2025-06-25T08:44:10+00:00\",\"dateModified\":\"2025-06-25T08:44:29+00:00\",\"breadcrumb\":{\"@id\":\"https:\/\/corona1.eu\/de\/siebwechsler\/csc-r-siebwechsler\/#breadcrumb\"},\"inLanguage\":\"de\",\"potentialAction\":[{\"@type\":\"ReadAction\",\"target\":[\"https:\/\/corona1.eu\/de\/siebwechsler\/csc-r-siebwechsler\/\"]}]},{\"@type\":\"ImageObject\",\"inLanguage\":\"de\",\"@id\":\"https:\/\/corona1.eu\/de\/siebwechsler\/csc-r-siebwechsler\/#primaryimage\",\"url\":\"https:\/\/corona1.eu\/de\/wp-content\/uploads\/2025\/06\/csc-r_maag_maag-group.png\",\"contentUrl\":\"https:\/\/corona1.eu\/de\/wp-content\/uploads\/2025\/06\/csc-r_maag_maag-group.png\",\"width\":512,\"height\":512},{\"@type\":\"BreadcrumbList\",\"@id\":\"https:\/\/corona1.eu\/de\/siebwechsler\/csc-r-siebwechsler\/#breadcrumb\",\"itemListElement\":[{\"@type\":\"ListItem\",\"position\":1,\"name\":\"Startseite\",\"item\":\"https:\/\/corona1.eu\/de\/\"},{\"@type\":\"ListItem\",\"position\":2,\"name\":\"Siebwechsler\",\"item\":\"https:\/\/corona1.eu\/de\/siebwechsler\/\"},{\"@type\":\"ListItem\",\"position\":3,\"name\":\"CSC-R Siebwechsler\"}]},{\"@type\":\"WebSite\",\"@id\":\"https:\/\/corona1.eu\/de\/#website\",\"url\":\"https:\/\/corona1.eu\/de\/\",\"name\":\"CORONA Serwis\",\"description\":\"\",\"potentialAction\":[{\"@type\":\"SearchAction\",\"target\":{\"@type\":\"EntryPoint\",\"urlTemplate\":\"https:\/\/corona1.eu\/de\/?s={search_term_string}\"},\"query-input\":{\"@type\":\"PropertyValueSpecification\",\"valueRequired\":true,\"valueName\":\"search_term_string\"}}],\"inLanguage\":\"de\"}]}<\/script>\n<!-- \/ Yoast SEO plugin. -->","yoast_head_json":{"title":"CSC-R Siebwechsler - CORONA Serwis","robots":{"index":"index","follow":"follow","max-snippet":"max-snippet:-1","max-image-preview":"max-image-preview:large","max-video-preview":"max-video-preview:-1"},"canonical":"https:\/\/corona1.eu\/de\/siebwechsler\/csc-r-siebwechsler\/","og_locale":"de_DE","og_type":"article","og_title":"CSC-R Siebwechsler - CORONA Serwis","og_description":"Kontinuierlich arbeitender Zweibolzensiebwechsler mit gro\u00dffl\u00e4chigen Sieben MAAG-Gro\u00dfsiebwechsler k\u00f6nnen bei vertikalem oder horizontalem Schmelzefluss direkt an [&hellip;]","og_url":"https:\/\/corona1.eu\/de\/siebwechsler\/csc-r-siebwechsler\/","og_site_name":"CORONA Serwis","article_modified_time":"2025-06-25T08:44:29+00:00","og_image":[{"width":512,"height":512,"url":"https:\/\/corona1.eu\/de\/wp-content\/uploads\/2025\/06\/csc-r_maag_maag-group.png","type":"image\/png"}],"twitter_card":"summary_large_image","twitter_misc":{"Gesch\u00e4tzte Lesezeit":"1\u00a0Minute"},"schema":{"@context":"https:\/\/schema.org","@graph":[{"@type":"WebPage","@id":"https:\/\/corona1.eu\/de\/siebwechsler\/csc-r-siebwechsler\/","url":"https:\/\/corona1.eu\/de\/siebwechsler\/csc-r-siebwechsler\/","name":"CSC-R Siebwechsler - CORONA Serwis","isPartOf":{"@id":"https:\/\/corona1.eu\/de\/#website"},"primaryImageOfPage":{"@id":"https:\/\/corona1.eu\/de\/siebwechsler\/csc-r-siebwechsler\/#primaryimage"},"image":{"@id":"https:\/\/corona1.eu\/de\/siebwechsler\/csc-r-siebwechsler\/#primaryimage"},"thumbnailUrl":"https:\/\/corona1.eu\/de\/wp-content\/uploads\/2025\/06\/csc-r_maag_maag-group.png","datePublished":"2025-06-25T08:44:10+00:00","dateModified":"2025-06-25T08:44:29+00:00","breadcrumb":{"@id":"https:\/\/corona1.eu\/de\/siebwechsler\/csc-r-siebwechsler\/#breadcrumb"},"inLanguage":"de","potentialAction":[{"@type":"ReadAction","target":["https:\/\/corona1.eu\/de\/siebwechsler\/csc-r-siebwechsler\/"]}]},{"@type":"ImageObject","inLanguage":"de","@id":"https:\/\/corona1.eu\/de\/siebwechsler\/csc-r-siebwechsler\/#primaryimage","url":"https:\/\/corona1.eu\/de\/wp-content\/uploads\/2025\/06\/csc-r_maag_maag-group.png","contentUrl":"https:\/\/corona1.eu\/de\/wp-content\/uploads\/2025\/06\/csc-r_maag_maag-group.png","width":512,"height":512},{"@type":"BreadcrumbList","@id":"https:\/\/corona1.eu\/de\/siebwechsler\/csc-r-siebwechsler\/#breadcrumb","itemListElement":[{"@type":"ListItem","position":1,"name":"Startseite","item":"https:\/\/corona1.eu\/de\/"},{"@type":"ListItem","position":2,"name":"Siebwechsler","item":"https:\/\/corona1.eu\/de\/siebwechsler\/"},{"@type":"ListItem","position":3,"name":"CSC-R Siebwechsler"}]},{"@type":"WebSite","@id":"https:\/\/corona1.eu\/de\/#website","url":"https:\/\/corona1.eu\/de\/","name":"CORONA Serwis","description":"","potentialAction":[{"@type":"SearchAction","target":{"@type":"EntryPoint","urlTemplate":"https:\/\/corona1.eu\/de\/?s={search_term_string}"},"query-input":{"@type":"PropertyValueSpecification","valueRequired":true,"valueName":"search_term_string"}}],"inLanguage":"de"}]}},"_links":{"self":[{"href":"https:\/\/corona1.eu\/de\/wp-json\/wp\/v2\/pages\/512","targetHints":{"allow":["GET"]}}],"collection":[{"href":"https:\/\/corona1.eu\/de\/wp-json\/wp\/v2\/pages"}],"about":[{"href":"https:\/\/corona1.eu\/de\/wp-json\/wp\/v2\/types\/page"}],"author":[{"embeddable":true,"href":"https:\/\/corona1.eu\/de\/wp-json\/wp\/v2\/users\/1"}],"replies":[{"embeddable":true,"href":"https:\/\/corona1.eu\/de\/wp-json\/wp\/v2\/comments?post=512"}],"version-history":[{"count":2,"href":"https:\/\/corona1.eu\/de\/wp-json\/wp\/v2\/pages\/512\/revisions"}],"predecessor-version":[{"id":515,"href":"https:\/\/corona1.eu\/de\/wp-json\/wp\/v2\/pages\/512\/revisions\/515"}],"up":[{"embeddable":true,"href":"https:\/\/corona1.eu\/de\/wp-json\/wp\/v2\/pages\/471"}],"wp:featuredmedia":[{"embeddable":true,"href":"https:\/\/corona1.eu\/de\/wp-json\/wp\/v2\/media\/513"}],"wp:attachment":[{"href":"https:\/\/corona1.eu\/de\/wp-json\/wp\/v2\/media?parent=512"}],"wp:term":[{"taxonomy":"category","embeddable":true,"href":"https:\/\/corona1.eu\/de\/wp-json\/wp\/v2\/categories?post=512"},{"taxonomy":"post_tag","embeddable":true,"href":"https:\/\/corona1.eu\/de\/wp-json\/wp\/v2\/tags?post=512"}],"curies":[{"name":"wp","href":"https:\/\/api.w.org\/{rel}","templated":true}]}}