{"id":504,"date":"2025-06-25T10:39:58","date_gmt":"2025-06-25T08:39:58","guid":{"rendered":"https:\/\/corona1.eu\/de\/?page_id=504"},"modified":"2025-06-25T10:40:21","modified_gmt":"2025-06-25T08:40:21","slug":"csc-dv-siebwechsler","status":"publish","type":"page","link":"https:\/\/corona1.eu\/de\/siebwechsler\/csc-dv-siebwechsler\/","title":{"rendered":"CSC-DV Siebwechsler"},"content":{"rendered":"\n\n<h2 class=\"wp-block-heading\">Doppelkolben-Siebwechsler mit integriertem Umlenkventil<\/h2>\n\n\n\n\n\n<p>Doppelkolben-Siebwechsler mit integriertem Startventil. Hervorzuheben ist hier die \u00e4u\u00dferst wirtschaftliche Startfunktion, die mit ihrer einfachen Bedienung und dem unkomplizierten Siebwechselvorgang das Ger\u00e4t auf dem Markt sehr beliebt macht. Zu erw\u00e4hnen ist hier auch, dass durch die entsprechend ausgelegte Geometrie des Flie\u00dfkanals keine toten Winkel entstehen.<\/p>\n\n\n\n\n\n<p>Dieser Zwei-Schrauben-Siebwechsler verf\u00fcgt \u00fcber eine wirtschaftliche Anfahrfunktion. Die Leistung des Siebwechslers reicht von 80 bis 14.000 kg\/h.<\/p>\n\n\n\n\n\n<p><strong>Vorteile:<\/strong><\/p>\n\n\n\n\n\n<ul class=\"wp-block-list\">\n\n<li>Wirtschaftliche Anfahrfunktion<\/li>\n\n\n\n\n\n<li>Einfache Bedienung und unkomplizierter Siebwechsel<\/li>\n\n\n\n\n\n<li>Hohe Betriebssicherheit<\/li>\n\n\n\n\n\n<li>Kurze Verweilzeit des Materials<\/li>\n\n\n\n\n\n<li>Leckagefreier Betrieb<\/li>\n\n\n\n\n\n<li>Geringer Druckabfall<\/li>\n\n\n\n\n\n<li>Flie\u00dfkanalgeometrie ohne Totr\u00e4ume<\/li>\n\n<\/ul>\n\n\n\n\n\n<p><\/p>\n\n\n\n\n\n<p><strong>Theoretische F\u00f6rderleistung des CSC-DV:<\/strong><\/p>\n\n\n\n\n\n<figure class=\"wp-block-table entry-content has-small-font-size\"><table><thead><tr><th class=\"has-text-align-left\" data-align=\"left\">Gr\u00f6\u00dfe<\/th><th class=\"has-text-align-left\" data-align=\"left\">Leistung* [kg\/h]<\/th><th class=\"has-text-align-left\" data-align=\"left\">Siebdurchmesser [mm]<\/th><th class=\"has-text-align-left\" data-align=\"left\">Filterfl\u00e4che [cm\u00b2]<\/th><\/tr><\/thead><tbody><tr><td class=\"has-text-align-left\" data-align=\"left\">030<\/td><td class=\"has-text-align-left\" data-align=\"left\">80<\/td><td class=\"has-text-align-left\" data-align=\"left\">2 x 30<\/td><td class=\"has-text-align-left\" data-align=\"left\">2 x 7<\/td><\/tr><tr><td class=\"has-text-align-left\" data-align=\"left\">046<\/td><td class=\"has-text-align-left\" data-align=\"left\">190<\/td><td class=\"has-text-align-left\" data-align=\"left\">2 x 46,3<\/td><td class=\"has-text-align-left\" data-align=\"left\">2 x 17<\/td><\/tr><tr><td class=\"has-text-align-left\" data-align=\"left\">058<\/td><td class=\"has-text-align-left\" data-align=\"left\">300<\/td><td class=\"has-text-align-left\" data-align=\"left\">2 x 58,3<\/td><td class=\"has-text-align-left\" data-align=\"left\">2 x 27<\/td><\/tr><tr><td class=\"has-text-align-left\" data-align=\"left\">&#8230;<\/td><td class=\"has-text-align-left\" data-align=\"left\">&#8230;<\/td><td class=\"has-text-align-left\" data-align=\"left\">&#8230;<\/td><td class=\"has-text-align-left\" data-align=\"left\">&#8230;<\/td><\/tr><tr><td class=\"has-text-align-left\" data-align=\"left\">300<\/td><td class=\"has-text-align-left\" data-align=\"left\">7800<\/td><td class=\"has-text-align-left\" data-align=\"left\">2 x 300<\/td><td class=\"has-text-align-left\" data-align=\"left\">2 x 707<\/td><\/tr><tr><td class=\"has-text-align-left\" data-align=\"left\">340<\/td><td class=\"has-text-align-left\" data-align=\"left\">10000<\/td><td class=\"has-text-align-left\" data-align=\"left\">2 x 340<\/td><td class=\"has-text-align-left\" data-align=\"left\">2 x 908<\/td><\/tr><tr><td class=\"has-text-align-left\" data-align=\"left\">400<\/td><td class=\"has-text-align-left\" data-align=\"left\">14000<\/td><td class=\"has-text-align-left\" data-align=\"left\">2 x 400<\/td><td class=\"has-text-align-left\" data-align=\"left\">2 x 1256<\/td><\/tr><\/tbody><\/table><\/figure>\n\n","protected":false},"excerpt":{"rendered":"<p>Doppelkolben-Siebwechsler mit integriertem Umlenkventil Doppelkolben-Siebwechsler mit integriertem Startventil. Hervorzuheben ist hier die \u00e4u\u00dferst wirtschaftliche Startfunktion, [&hellip;]<\/p>\n","protected":false},"author":1,"featured_media":505,"parent":471,"menu_order":0,"comment_status":"closed","ping_status":"closed","template":"kg_products_template.php","meta":{"pgc_sgb_lightbox_settings":"","footnotes":""},"categories":[29],"tags":[],"class_list":["post-504","page","type-page","status-publish","has-post-thumbnail","hentry","category-siebwechsler"],"yoast_head":"<!-- This site is optimized with the Yoast SEO plugin v27.1.1 - https:\/\/yoast.com\/product\/yoast-seo-wordpress\/ -->\n<title>CSC-DV Siebwechsler - CORONA Serwis<\/title>\n<meta name=\"robots\" content=\"index, follow, max-snippet:-1, max-image-preview:large, max-video-preview:-1\" \/>\n<link rel=\"canonical\" href=\"https:\/\/corona1.eu\/de\/siebwechsler\/csc-dv-siebwechsler\/\" \/>\n<meta property=\"og:locale\" content=\"de_DE\" \/>\n<meta property=\"og:type\" content=\"article\" \/>\n<meta property=\"og:title\" content=\"CSC-DV Siebwechsler - CORONA Serwis\" \/>\n<meta property=\"og:description\" content=\"Doppelkolben-Siebwechsler mit integriertem Umlenkventil Doppelkolben-Siebwechsler mit integriertem Startventil. Hervorzuheben ist hier die \u00e4u\u00dferst wirtschaftliche Startfunktion, [&hellip;]\" \/>\n<meta property=\"og:url\" content=\"https:\/\/corona1.eu\/de\/siebwechsler\/csc-dv-siebwechsler\/\" \/>\n<meta property=\"og:site_name\" content=\"CORONA Serwis\" \/>\n<meta property=\"article:modified_time\" content=\"2025-06-25T08:40:21+00:00\" \/>\n<meta property=\"og:image\" content=\"https:\/\/corona1.eu\/de\/wp-content\/uploads\/2025\/06\/11815-13012034-267x300-1-e1663923981805.png\" \/>\n\t<meta property=\"og:image:width\" content=\"267\" \/>\n\t<meta property=\"og:image:height\" content=\"267\" \/>\n\t<meta property=\"og:image:type\" content=\"image\/png\" \/>\n<meta name=\"twitter:card\" content=\"summary_large_image\" \/>\n<meta name=\"twitter:label1\" content=\"Gesch\u00e4tzte Lesezeit\" \/>\n\t<meta name=\"twitter:data1\" content=\"2\u00a0Minuten\" \/>\n<script type=\"application\/ld+json\" class=\"yoast-schema-graph\">{\"@context\":\"https:\/\/schema.org\",\"@graph\":[{\"@type\":\"WebPage\",\"@id\":\"https:\/\/corona1.eu\/de\/siebwechsler\/csc-dv-siebwechsler\/\",\"url\":\"https:\/\/corona1.eu\/de\/siebwechsler\/csc-dv-siebwechsler\/\",\"name\":\"CSC-DV Siebwechsler - CORONA Serwis\",\"isPartOf\":{\"@id\":\"https:\/\/corona1.eu\/de\/#website\"},\"primaryImageOfPage\":{\"@id\":\"https:\/\/corona1.eu\/de\/siebwechsler\/csc-dv-siebwechsler\/#primaryimage\"},\"image\":{\"@id\":\"https:\/\/corona1.eu\/de\/siebwechsler\/csc-dv-siebwechsler\/#primaryimage\"},\"thumbnailUrl\":\"https:\/\/corona1.eu\/de\/wp-content\/uploads\/2025\/06\/11815-13012034-267x300-1-e1663923981805.png\",\"datePublished\":\"2025-06-25T08:39:58+00:00\",\"dateModified\":\"2025-06-25T08:40:21+00:00\",\"breadcrumb\":{\"@id\":\"https:\/\/corona1.eu\/de\/siebwechsler\/csc-dv-siebwechsler\/#breadcrumb\"},\"inLanguage\":\"de\",\"potentialAction\":[{\"@type\":\"ReadAction\",\"target\":[\"https:\/\/corona1.eu\/de\/siebwechsler\/csc-dv-siebwechsler\/\"]}]},{\"@type\":\"ImageObject\",\"inLanguage\":\"de\",\"@id\":\"https:\/\/corona1.eu\/de\/siebwechsler\/csc-dv-siebwechsler\/#primaryimage\",\"url\":\"https:\/\/corona1.eu\/de\/wp-content\/uploads\/2025\/06\/11815-13012034-267x300-1-e1663923981805.png\",\"contentUrl\":\"https:\/\/corona1.eu\/de\/wp-content\/uploads\/2025\/06\/11815-13012034-267x300-1-e1663923981805.png\",\"width\":267,\"height\":267},{\"@type\":\"BreadcrumbList\",\"@id\":\"https:\/\/corona1.eu\/de\/siebwechsler\/csc-dv-siebwechsler\/#breadcrumb\",\"itemListElement\":[{\"@type\":\"ListItem\",\"position\":1,\"name\":\"Startseite\",\"item\":\"https:\/\/corona1.eu\/de\/\"},{\"@type\":\"ListItem\",\"position\":2,\"name\":\"Siebwechsler\",\"item\":\"https:\/\/corona1.eu\/de\/siebwechsler\/\"},{\"@type\":\"ListItem\",\"position\":3,\"name\":\"CSC-DV Siebwechsler\"}]},{\"@type\":\"WebSite\",\"@id\":\"https:\/\/corona1.eu\/de\/#website\",\"url\":\"https:\/\/corona1.eu\/de\/\",\"name\":\"CORONA Serwis\",\"description\":\"\",\"potentialAction\":[{\"@type\":\"SearchAction\",\"target\":{\"@type\":\"EntryPoint\",\"urlTemplate\":\"https:\/\/corona1.eu\/de\/?s={search_term_string}\"},\"query-input\":{\"@type\":\"PropertyValueSpecification\",\"valueRequired\":true,\"valueName\":\"search_term_string\"}}],\"inLanguage\":\"de\"}]}<\/script>\n<!-- \/ Yoast SEO plugin. -->","yoast_head_json":{"title":"CSC-DV Siebwechsler - CORONA Serwis","robots":{"index":"index","follow":"follow","max-snippet":"max-snippet:-1","max-image-preview":"max-image-preview:large","max-video-preview":"max-video-preview:-1"},"canonical":"https:\/\/corona1.eu\/de\/siebwechsler\/csc-dv-siebwechsler\/","og_locale":"de_DE","og_type":"article","og_title":"CSC-DV Siebwechsler - CORONA Serwis","og_description":"Doppelkolben-Siebwechsler mit integriertem Umlenkventil Doppelkolben-Siebwechsler mit integriertem Startventil. Hervorzuheben ist hier die \u00e4u\u00dferst wirtschaftliche Startfunktion, [&hellip;]","og_url":"https:\/\/corona1.eu\/de\/siebwechsler\/csc-dv-siebwechsler\/","og_site_name":"CORONA Serwis","article_modified_time":"2025-06-25T08:40:21+00:00","og_image":[{"width":267,"height":267,"url":"https:\/\/corona1.eu\/de\/wp-content\/uploads\/2025\/06\/11815-13012034-267x300-1-e1663923981805.png","type":"image\/png"}],"twitter_card":"summary_large_image","twitter_misc":{"Gesch\u00e4tzte Lesezeit":"2\u00a0Minuten"},"schema":{"@context":"https:\/\/schema.org","@graph":[{"@type":"WebPage","@id":"https:\/\/corona1.eu\/de\/siebwechsler\/csc-dv-siebwechsler\/","url":"https:\/\/corona1.eu\/de\/siebwechsler\/csc-dv-siebwechsler\/","name":"CSC-DV Siebwechsler - CORONA Serwis","isPartOf":{"@id":"https:\/\/corona1.eu\/de\/#website"},"primaryImageOfPage":{"@id":"https:\/\/corona1.eu\/de\/siebwechsler\/csc-dv-siebwechsler\/#primaryimage"},"image":{"@id":"https:\/\/corona1.eu\/de\/siebwechsler\/csc-dv-siebwechsler\/#primaryimage"},"thumbnailUrl":"https:\/\/corona1.eu\/de\/wp-content\/uploads\/2025\/06\/11815-13012034-267x300-1-e1663923981805.png","datePublished":"2025-06-25T08:39:58+00:00","dateModified":"2025-06-25T08:40:21+00:00","breadcrumb":{"@id":"https:\/\/corona1.eu\/de\/siebwechsler\/csc-dv-siebwechsler\/#breadcrumb"},"inLanguage":"de","potentialAction":[{"@type":"ReadAction","target":["https:\/\/corona1.eu\/de\/siebwechsler\/csc-dv-siebwechsler\/"]}]},{"@type":"ImageObject","inLanguage":"de","@id":"https:\/\/corona1.eu\/de\/siebwechsler\/csc-dv-siebwechsler\/#primaryimage","url":"https:\/\/corona1.eu\/de\/wp-content\/uploads\/2025\/06\/11815-13012034-267x300-1-e1663923981805.png","contentUrl":"https:\/\/corona1.eu\/de\/wp-content\/uploads\/2025\/06\/11815-13012034-267x300-1-e1663923981805.png","width":267,"height":267},{"@type":"BreadcrumbList","@id":"https:\/\/corona1.eu\/de\/siebwechsler\/csc-dv-siebwechsler\/#breadcrumb","itemListElement":[{"@type":"ListItem","position":1,"name":"Startseite","item":"https:\/\/corona1.eu\/de\/"},{"@type":"ListItem","position":2,"name":"Siebwechsler","item":"https:\/\/corona1.eu\/de\/siebwechsler\/"},{"@type":"ListItem","position":3,"name":"CSC-DV Siebwechsler"}]},{"@type":"WebSite","@id":"https:\/\/corona1.eu\/de\/#website","url":"https:\/\/corona1.eu\/de\/","name":"CORONA Serwis","description":"","potentialAction":[{"@type":"SearchAction","target":{"@type":"EntryPoint","urlTemplate":"https:\/\/corona1.eu\/de\/?s={search_term_string}"},"query-input":{"@type":"PropertyValueSpecification","valueRequired":true,"valueName":"search_term_string"}}],"inLanguage":"de"}]}},"_links":{"self":[{"href":"https:\/\/corona1.eu\/de\/wp-json\/wp\/v2\/pages\/504","targetHints":{"allow":["GET"]}}],"collection":[{"href":"https:\/\/corona1.eu\/de\/wp-json\/wp\/v2\/pages"}],"about":[{"href":"https:\/\/corona1.eu\/de\/wp-json\/wp\/v2\/types\/page"}],"author":[{"embeddable":true,"href":"https:\/\/corona1.eu\/de\/wp-json\/wp\/v2\/users\/1"}],"replies":[{"embeddable":true,"href":"https:\/\/corona1.eu\/de\/wp-json\/wp\/v2\/comments?post=504"}],"version-history":[{"count":2,"href":"https:\/\/corona1.eu\/de\/wp-json\/wp\/v2\/pages\/504\/revisions"}],"predecessor-version":[{"id":507,"href":"https:\/\/corona1.eu\/de\/wp-json\/wp\/v2\/pages\/504\/revisions\/507"}],"up":[{"embeddable":true,"href":"https:\/\/corona1.eu\/de\/wp-json\/wp\/v2\/pages\/471"}],"wp:featuredmedia":[{"embeddable":true,"href":"https:\/\/corona1.eu\/de\/wp-json\/wp\/v2\/media\/505"}],"wp:attachment":[{"href":"https:\/\/corona1.eu\/de\/wp-json\/wp\/v2\/media?parent=504"}],"wp:term":[{"taxonomy":"category","embeddable":true,"href":"https:\/\/corona1.eu\/de\/wp-json\/wp\/v2\/categories?post=504"},{"taxonomy":"post_tag","embeddable":true,"href":"https:\/\/corona1.eu\/de\/wp-json\/wp\/v2\/tags?post=504"}],"curies":[{"name":"wp","href":"https:\/\/api.w.org\/{rel}","templated":true}]}}