{"id":496,"date":"2025-06-25T10:36:27","date_gmt":"2025-06-25T08:36:27","guid":{"rendered":"https:\/\/corona1.eu\/de\/?page_id=496"},"modified":"2025-06-25T10:36:52","modified_gmt":"2025-06-25T08:36:52","slug":"c-ssc-siebwechsler","status":"publish","type":"page","link":"https:\/\/corona1.eu\/de\/siebwechsler\/c-ssc-siebwechsler\/","title":{"rendered":"C-SSC Siebwechsler"},"content":{"rendered":"\n\n<h2 class=\"wp-block-heading\">Kompakter kontinuierlicher Siebwechsler f\u00fcr Extrusions- und Mischprozesse<\/h2>\n\n\n\n\n\n<p>Das Modell C-SSC zeichnet sich dadurch aus, dass es die Kontinuit\u00e4t des Extrusionsprozesses beim Siebwechsel gew\u00e4hrleistet. Wie die anderen Modelle der Serie zeichnet er sich durch eine \u00e4u\u00dferst einfache Bedienung aus und garantiert keine Leckage. <\/p>\n\n\n\n\n\n<p>Es ist in einer Hochtemperaturversion f\u00fcr den Betrieb bei bis zu 450 Grad Celsius erh\u00e4ltlich. Der Hauptvorteil dieses Ger\u00e4ts ist die Kontinuit\u00e4t des Prozesses beim Siebwechsel. Zudem ist es unkompliziert in der Bedienung und einfach im Siebwechsel. Wie die anderen Produkte der Reihe garantiert es eine hohe Betriebssicherheit und Leckfreiheit.<\/p>\n\n\n\n\n\n<p><strong>Vorteile:<\/strong><\/p>\n\n\n\n\n\n<ul class=\"wp-block-list\">\n\n<li>Prozesskontinuit\u00e4t beim Siebwechsel<\/li>\n\n\n\n\n\n<li>Einfache Bedienung und unkomplizierter Wechsel der Siebe<\/li>\n\n\n\n\n\n<li>Hohe Betriebssicherheit<\/li>\n\n\n\n\n\n<li>Kurze Verweilzeit des Materials<\/li>\n\n\n\n\n\n<li>Leckagefreier Betrieb<\/li>\n\n\n\n\n\n<li>Geringer Druckabfall<\/li>\n\n\n\n\n\n<li>Flie\u00dfkanalgeometrie ohne Totr\u00e4ume<\/li>\n\n<\/ul>\n\n\n\n\n\n<p><\/p>\n\n\n\n\n\n<p><strong>Theoretische F\u00f6rderleistung des C-SSC:<\/strong><\/p>\n\n\n\n\n\n<figure class=\"wp-block-table entry-content has-small-font-size\"><table><thead><tr><th class=\"has-text-align-left\" data-align=\"left\">Gr\u00f6\u00dfe<\/th><th class=\"has-text-align-left\" data-align=\"left\">Leistung* [kg\/h]<\/th><th class=\"has-text-align-left\" data-align=\"left\">Siebdurchmesser [mm]<\/th><th class=\"has-text-align-left\" data-align=\"left\">Filterfl\u00e4che [cm\u00b2]<\/th><\/tr><\/thead><tbody><tr><td class=\"has-text-align-left\" data-align=\"left\">058<\/td><td class=\"has-text-align-left\" data-align=\"left\">150<\/td><td class=\"has-text-align-left\" data-align=\"left\">1 x 58,3<\/td><td class=\"has-text-align-left\" data-align=\"left\">1 x 27<\/td><\/tr><tr><td class=\"has-text-align-left\" data-align=\"left\">076<\/td><td class=\"has-text-align-left\" data-align=\"left\">250<\/td><td class=\"has-text-align-left\" data-align=\"left\">1 x 76,3<\/td><td class=\"has-text-align-left\" data-align=\"left\">1 x 45<\/td><\/tr><tr><td class=\"has-text-align-left\" data-align=\"left\">096<\/td><td class=\"has-text-align-left\" data-align=\"left\">400<\/td><td class=\"has-text-align-left\" data-align=\"left\">1 x 96,3<\/td><td class=\"has-text-align-left\" data-align=\"left\">1 x 72<\/td><\/tr><tr><td class=\"has-text-align-left\" data-align=\"left\">&#8230;<\/td><td class=\"has-text-align-left\" data-align=\"left\">&#8230;<\/td><td class=\"has-text-align-left\" data-align=\"left\">&#8230;<\/td><td class=\"has-text-align-left\" data-align=\"left\">&#8230;<\/td><\/tr><tr><td class=\"has-text-align-left\" data-align=\"left\">148<\/td><td class=\"has-text-align-left\" data-align=\"left\">1000<\/td><td class=\"has-text-align-left\" data-align=\"left\">1 x 148,3<\/td><td class=\"has-text-align-left\" data-align=\"left\">1 x 173<\/td><\/tr><tr><td class=\"has-text-align-left\" data-align=\"left\">176<\/td><td class=\"has-text-align-left\" data-align=\"left\">1600<\/td><td class=\"has-text-align-left\" data-align=\"left\">1 x 176,3<\/td><td class=\"has-text-align-left\" data-align=\"left\">1 x 244<\/td><\/tr><tr><td class=\"has-text-align-left\" data-align=\"left\">200<\/td><td class=\"has-text-align-left\" data-align=\"left\">2000<\/td><td class=\"has-text-align-left\" data-align=\"left\">1 x 200<\/td><td class=\"has-text-align-left\" data-align=\"left\">1 x 314<\/td><\/tr><\/tbody><\/table><\/figure>\n\n","protected":false},"excerpt":{"rendered":"<p>Kompakter kontinuierlicher Siebwechsler f\u00fcr Extrusions- und Mischprozesse Das Modell C-SSC zeichnet sich dadurch aus, dass [&hellip;]<\/p>\n","protected":false},"author":1,"featured_media":497,"parent":471,"menu_order":0,"comment_status":"closed","ping_status":"closed","template":"kg_products_template.php","meta":{"pgc_sgb_lightbox_settings":"","footnotes":""},"categories":[29],"tags":[],"class_list":["post-496","page","type-page","status-publish","has-post-thumbnail","hentry","category-siebwechsler"],"yoast_head":"<!-- This site is optimized with the Yoast SEO plugin v27.1.1 - https:\/\/yoast.com\/product\/yoast-seo-wordpress\/ -->\n<title>C-SSC Siebwechsler - CORONA Serwis<\/title>\n<meta name=\"robots\" content=\"index, follow, max-snippet:-1, max-image-preview:large, max-video-preview:-1\" \/>\n<link rel=\"canonical\" href=\"https:\/\/corona1.eu\/de\/siebwechsler\/c-ssc-siebwechsler\/\" \/>\n<meta property=\"og:locale\" content=\"de_DE\" \/>\n<meta property=\"og:type\" content=\"article\" \/>\n<meta property=\"og:title\" content=\"C-SSC Siebwechsler - CORONA Serwis\" \/>\n<meta property=\"og:description\" content=\"Kompakter kontinuierlicher Siebwechsler f\u00fcr Extrusions- und Mischprozesse Das Modell C-SSC zeichnet sich dadurch aus, dass [&hellip;]\" \/>\n<meta property=\"og:url\" content=\"https:\/\/corona1.eu\/de\/siebwechsler\/c-ssc-siebwechsler\/\" \/>\n<meta property=\"og:site_name\" content=\"CORONA Serwis\" \/>\n<meta property=\"article:modified_time\" content=\"2025-06-25T08:36:52+00:00\" \/>\n<meta property=\"og:image\" content=\"https:\/\/corona1.eu\/de\/wp-content\/uploads\/2025\/06\/11815-13011993-300x300-1.png\" \/>\n\t<meta property=\"og:image:width\" content=\"300\" \/>\n\t<meta property=\"og:image:height\" content=\"300\" \/>\n\t<meta property=\"og:image:type\" content=\"image\/png\" \/>\n<meta name=\"twitter:card\" content=\"summary_large_image\" \/>\n<meta name=\"twitter:label1\" content=\"Gesch\u00e4tzte Lesezeit\" \/>\n\t<meta name=\"twitter:data1\" content=\"2\u00a0Minuten\" \/>\n<script type=\"application\/ld+json\" class=\"yoast-schema-graph\">{\"@context\":\"https:\/\/schema.org\",\"@graph\":[{\"@type\":\"WebPage\",\"@id\":\"https:\/\/corona1.eu\/de\/siebwechsler\/c-ssc-siebwechsler\/\",\"url\":\"https:\/\/corona1.eu\/de\/siebwechsler\/c-ssc-siebwechsler\/\",\"name\":\"C-SSC Siebwechsler - CORONA Serwis\",\"isPartOf\":{\"@id\":\"https:\/\/corona1.eu\/de\/#website\"},\"primaryImageOfPage\":{\"@id\":\"https:\/\/corona1.eu\/de\/siebwechsler\/c-ssc-siebwechsler\/#primaryimage\"},\"image\":{\"@id\":\"https:\/\/corona1.eu\/de\/siebwechsler\/c-ssc-siebwechsler\/#primaryimage\"},\"thumbnailUrl\":\"https:\/\/corona1.eu\/de\/wp-content\/uploads\/2025\/06\/11815-13011993-300x300-1.png\",\"datePublished\":\"2025-06-25T08:36:27+00:00\",\"dateModified\":\"2025-06-25T08:36:52+00:00\",\"breadcrumb\":{\"@id\":\"https:\/\/corona1.eu\/de\/siebwechsler\/c-ssc-siebwechsler\/#breadcrumb\"},\"inLanguage\":\"de\",\"potentialAction\":[{\"@type\":\"ReadAction\",\"target\":[\"https:\/\/corona1.eu\/de\/siebwechsler\/c-ssc-siebwechsler\/\"]}]},{\"@type\":\"ImageObject\",\"inLanguage\":\"de\",\"@id\":\"https:\/\/corona1.eu\/de\/siebwechsler\/c-ssc-siebwechsler\/#primaryimage\",\"url\":\"https:\/\/corona1.eu\/de\/wp-content\/uploads\/2025\/06\/11815-13011993-300x300-1.png\",\"contentUrl\":\"https:\/\/corona1.eu\/de\/wp-content\/uploads\/2025\/06\/11815-13011993-300x300-1.png\",\"width\":300,\"height\":300},{\"@type\":\"BreadcrumbList\",\"@id\":\"https:\/\/corona1.eu\/de\/siebwechsler\/c-ssc-siebwechsler\/#breadcrumb\",\"itemListElement\":[{\"@type\":\"ListItem\",\"position\":1,\"name\":\"Startseite\",\"item\":\"https:\/\/corona1.eu\/de\/\"},{\"@type\":\"ListItem\",\"position\":2,\"name\":\"Siebwechsler\",\"item\":\"https:\/\/corona1.eu\/de\/siebwechsler\/\"},{\"@type\":\"ListItem\",\"position\":3,\"name\":\"C-SSC Siebwechsler\"}]},{\"@type\":\"WebSite\",\"@id\":\"https:\/\/corona1.eu\/de\/#website\",\"url\":\"https:\/\/corona1.eu\/de\/\",\"name\":\"CORONA Serwis\",\"description\":\"\",\"potentialAction\":[{\"@type\":\"SearchAction\",\"target\":{\"@type\":\"EntryPoint\",\"urlTemplate\":\"https:\/\/corona1.eu\/de\/?s={search_term_string}\"},\"query-input\":{\"@type\":\"PropertyValueSpecification\",\"valueRequired\":true,\"valueName\":\"search_term_string\"}}],\"inLanguage\":\"de\"}]}<\/script>\n<!-- \/ Yoast SEO plugin. -->","yoast_head_json":{"title":"C-SSC Siebwechsler - CORONA Serwis","robots":{"index":"index","follow":"follow","max-snippet":"max-snippet:-1","max-image-preview":"max-image-preview:large","max-video-preview":"max-video-preview:-1"},"canonical":"https:\/\/corona1.eu\/de\/siebwechsler\/c-ssc-siebwechsler\/","og_locale":"de_DE","og_type":"article","og_title":"C-SSC Siebwechsler - CORONA Serwis","og_description":"Kompakter kontinuierlicher Siebwechsler f\u00fcr Extrusions- und Mischprozesse Das Modell C-SSC zeichnet sich dadurch aus, dass [&hellip;]","og_url":"https:\/\/corona1.eu\/de\/siebwechsler\/c-ssc-siebwechsler\/","og_site_name":"CORONA Serwis","article_modified_time":"2025-06-25T08:36:52+00:00","og_image":[{"width":300,"height":300,"url":"https:\/\/corona1.eu\/de\/wp-content\/uploads\/2025\/06\/11815-13011993-300x300-1.png","type":"image\/png"}],"twitter_card":"summary_large_image","twitter_misc":{"Gesch\u00e4tzte Lesezeit":"2\u00a0Minuten"},"schema":{"@context":"https:\/\/schema.org","@graph":[{"@type":"WebPage","@id":"https:\/\/corona1.eu\/de\/siebwechsler\/c-ssc-siebwechsler\/","url":"https:\/\/corona1.eu\/de\/siebwechsler\/c-ssc-siebwechsler\/","name":"C-SSC Siebwechsler - CORONA Serwis","isPartOf":{"@id":"https:\/\/corona1.eu\/de\/#website"},"primaryImageOfPage":{"@id":"https:\/\/corona1.eu\/de\/siebwechsler\/c-ssc-siebwechsler\/#primaryimage"},"image":{"@id":"https:\/\/corona1.eu\/de\/siebwechsler\/c-ssc-siebwechsler\/#primaryimage"},"thumbnailUrl":"https:\/\/corona1.eu\/de\/wp-content\/uploads\/2025\/06\/11815-13011993-300x300-1.png","datePublished":"2025-06-25T08:36:27+00:00","dateModified":"2025-06-25T08:36:52+00:00","breadcrumb":{"@id":"https:\/\/corona1.eu\/de\/siebwechsler\/c-ssc-siebwechsler\/#breadcrumb"},"inLanguage":"de","potentialAction":[{"@type":"ReadAction","target":["https:\/\/corona1.eu\/de\/siebwechsler\/c-ssc-siebwechsler\/"]}]},{"@type":"ImageObject","inLanguage":"de","@id":"https:\/\/corona1.eu\/de\/siebwechsler\/c-ssc-siebwechsler\/#primaryimage","url":"https:\/\/corona1.eu\/de\/wp-content\/uploads\/2025\/06\/11815-13011993-300x300-1.png","contentUrl":"https:\/\/corona1.eu\/de\/wp-content\/uploads\/2025\/06\/11815-13011993-300x300-1.png","width":300,"height":300},{"@type":"BreadcrumbList","@id":"https:\/\/corona1.eu\/de\/siebwechsler\/c-ssc-siebwechsler\/#breadcrumb","itemListElement":[{"@type":"ListItem","position":1,"name":"Startseite","item":"https:\/\/corona1.eu\/de\/"},{"@type":"ListItem","position":2,"name":"Siebwechsler","item":"https:\/\/corona1.eu\/de\/siebwechsler\/"},{"@type":"ListItem","position":3,"name":"C-SSC Siebwechsler"}]},{"@type":"WebSite","@id":"https:\/\/corona1.eu\/de\/#website","url":"https:\/\/corona1.eu\/de\/","name":"CORONA Serwis","description":"","potentialAction":[{"@type":"SearchAction","target":{"@type":"EntryPoint","urlTemplate":"https:\/\/corona1.eu\/de\/?s={search_term_string}"},"query-input":{"@type":"PropertyValueSpecification","valueRequired":true,"valueName":"search_term_string"}}],"inLanguage":"de"}]}},"_links":{"self":[{"href":"https:\/\/corona1.eu\/de\/wp-json\/wp\/v2\/pages\/496","targetHints":{"allow":["GET"]}}],"collection":[{"href":"https:\/\/corona1.eu\/de\/wp-json\/wp\/v2\/pages"}],"about":[{"href":"https:\/\/corona1.eu\/de\/wp-json\/wp\/v2\/types\/page"}],"author":[{"embeddable":true,"href":"https:\/\/corona1.eu\/de\/wp-json\/wp\/v2\/users\/1"}],"replies":[{"embeddable":true,"href":"https:\/\/corona1.eu\/de\/wp-json\/wp\/v2\/comments?post=496"}],"version-history":[{"count":2,"href":"https:\/\/corona1.eu\/de\/wp-json\/wp\/v2\/pages\/496\/revisions"}],"predecessor-version":[{"id":499,"href":"https:\/\/corona1.eu\/de\/wp-json\/wp\/v2\/pages\/496\/revisions\/499"}],"up":[{"embeddable":true,"href":"https:\/\/corona1.eu\/de\/wp-json\/wp\/v2\/pages\/471"}],"wp:featuredmedia":[{"embeddable":true,"href":"https:\/\/corona1.eu\/de\/wp-json\/wp\/v2\/media\/497"}],"wp:attachment":[{"href":"https:\/\/corona1.eu\/de\/wp-json\/wp\/v2\/media?parent=496"}],"wp:term":[{"taxonomy":"category","embeddable":true,"href":"https:\/\/corona1.eu\/de\/wp-json\/wp\/v2\/categories?post=496"},{"taxonomy":"post_tag","embeddable":true,"href":"https:\/\/corona1.eu\/de\/wp-json\/wp\/v2\/tags?post=496"}],"curies":[{"name":"wp","href":"https:\/\/api.w.org\/{rel}","templated":true}]}}