{"id":477,"date":"2025-06-10T09:16:27","date_gmt":"2025-06-10T07:16:27","guid":{"rendered":"https:\/\/corona1.eu\/de\/?page_id=477"},"modified":"2025-06-10T12:09:12","modified_gmt":"2025-06-10T10:09:12","slug":"hsc-siebwechsler","status":"publish","type":"page","link":"https:\/\/corona1.eu\/de\/siebwechsler\/hsc-siebwechsler\/","title":{"rendered":"HSC Siebwechsler"},"content":{"rendered":"\n\n<h2 class=\"wp-block-heading\">Manueller Siebwechsler f\u00fcr Extruder<\/h2>\n\n\n\n\n\n<p>Robuste Konstruktion aus wenigen Bauteilen, die serienm\u00e4\u00dfig mit einem adaptiven Dichtungssystem ausgestattet ist. Das Dichtungssystem passt die Dichtkraft an den tats\u00e4chlichen Druck des Mediums an. Es zeichnet sich durch eine extrem einfache Bedienung aus, so dass der Siebwechsel sehr schnell erfolgen kann. Au\u00dferdem garantiert es einen hohen Wirkungsgrad und keine Leckage. Der Flie\u00dfkanal ist so konzipiert, dass er keine Totr\u00e4ume aufweist.<\/p>\n\n\n\n\n\n<p>Siebwechsler f\u00fcr Extruder mit sehr unkomplizierter Bedienung. Je nach Gr\u00f6\u00dfe reichen die Kapazit\u00e4ten von 20 bis 1.100 kg\/h.<\/p>\n\n\n\n\n\n<p><strong>Vorteile:<\/strong><\/p>\n\n\n\n\n\n<ul class=\"wp-block-list\">\n\n<li>Einfache Bedienung f\u00fcr schnellen Siebwechsel<\/li>\n\n\n\n\n\n<li>Hohe Betriebssicherheit<\/li>\n\n\n\n\n\n<li>Kurze Verweilzeit des Materials<\/li>\n\n\n\n\n\n<li>Leckagefreier Betrieb<\/li>\n\n\n\n\n\n<li>Geringer Druckabfall<\/li>\n\n\n\n\n\n<li>Str\u00f6mungskanalgeometrie ohne Totr\u00e4ume<\/li>\n\n<\/ul>\n\n\n\n\n\n<p><\/p>\n\n\n\n\n\n<p><strong>Theoretische F\u00f6rderleistung des HSC:<\/strong><\/p>\n\n\n\n\n\n<figure class=\"wp-block-table entry-content has-small-font-size\"><table><thead><tr><th class=\"has-text-align-left\" data-align=\"left\">Gr\u00f6\u00dfe<\/th><th class=\"has-text-align-left\" data-align=\"left\">Leistung* [kg\/h]<\/th><th class=\"has-text-align-left\" data-align=\"left\">Siebdurchmesser [mm]<\/th><th class=\"has-text-align-left\" data-align=\"left\">Filterfl\u00e4che [cm\u00b2]<\/th><\/tr><\/thead><tbody><tr><td class=\"has-text-align-left\" data-align=\"left\">020<\/td><td class=\"has-text-align-left\" data-align=\"left\">20<\/td><td class=\"has-text-align-left\" data-align=\"left\">1 x 21<\/td><td class=\"has-text-align-left\" data-align=\"left\">1 x 3<\/td><\/tr><tr><td class=\"has-text-align-left\" data-align=\"left\">030<\/td><td class=\"has-text-align-left\" data-align=\"left\">40<\/td><td class=\"has-text-align-left\" data-align=\"left\">1 x 31<\/td><td class=\"has-text-align-left\" data-align=\"left\">1 x 7<\/td><\/tr><tr><td class=\"has-text-align-left\" data-align=\"left\">&#8230;<\/td><td class=\"has-text-align-left\" data-align=\"left\">&#8230;<\/td><td class=\"has-text-align-left\" data-align=\"left\">&#8230;<\/td><td class=\"has-text-align-left\" data-align=\"left\">&#8230;<\/td><\/tr><tr><td class=\"has-text-align-left\" data-align=\"left\">120<\/td><td class=\"has-text-align-left\" data-align=\"left\">600<\/td><td class=\"has-text-align-left\" data-align=\"left\">1 x 123<\/td><td class=\"has-text-align-left\" data-align=\"left\">1 x 113<\/td><\/tr><tr><td class=\"has-text-align-left\" data-align=\"left\">160<\/td><td class=\"has-text-align-left\" data-align=\"left\">1100<\/td><td class=\"has-text-align-left\" data-align=\"left\">1 x 163<\/td><td class=\"has-text-align-left\" data-align=\"left\">1 x 201<\/td><\/tr><\/tbody><\/table><\/figure>\n\n\n\n\n\n<p><\/p>\n\n","protected":false},"excerpt":{"rendered":"<p>Manueller Siebwechsler f\u00fcr Extruder Robuste Konstruktion aus wenigen Bauteilen, die serienm\u00e4\u00dfig mit einem adaptiven Dichtungssystem [&hellip;]<\/p>\n","protected":false},"author":1,"featured_media":478,"parent":471,"menu_order":0,"comment_status":"closed","ping_status":"closed","template":"kg_products_template.php","meta":{"pgc_sgb_lightbox_settings":"","footnotes":""},"categories":[29],"tags":[],"class_list":["post-477","page","type-page","status-publish","has-post-thumbnail","hentry","category-siebwechsler"],"yoast_head":"<!-- This site is optimized with the Yoast SEO plugin v27.1.1 - https:\/\/yoast.com\/product\/yoast-seo-wordpress\/ -->\n<title>HSC Siebwechsler - CORONA Serwis<\/title>\n<meta name=\"robots\" content=\"index, follow, max-snippet:-1, max-image-preview:large, max-video-preview:-1\" \/>\n<link rel=\"canonical\" href=\"https:\/\/corona1.eu\/de\/siebwechsler\/hsc-siebwechsler\/\" \/>\n<meta property=\"og:locale\" content=\"de_DE\" \/>\n<meta property=\"og:type\" content=\"article\" \/>\n<meta property=\"og:title\" content=\"HSC Siebwechsler - CORONA Serwis\" \/>\n<meta property=\"og:description\" content=\"Manueller Siebwechsler f\u00fcr Extruder Robuste Konstruktion aus wenigen Bauteilen, die serienm\u00e4\u00dfig mit einem adaptiven Dichtungssystem [&hellip;]\" \/>\n<meta property=\"og:url\" content=\"https:\/\/corona1.eu\/de\/siebwechsler\/hsc-siebwechsler\/\" \/>\n<meta property=\"og:site_name\" content=\"CORONA Serwis\" \/>\n<meta property=\"article:modified_time\" content=\"2025-06-10T10:09:12+00:00\" \/>\n<meta property=\"og:image\" content=\"https:\/\/corona1.eu\/de\/wp-content\/uploads\/2025\/06\/hsc_maag_maag-group-300x300-1.png\" \/>\n\t<meta property=\"og:image:width\" content=\"300\" \/>\n\t<meta property=\"og:image:height\" content=\"300\" \/>\n\t<meta property=\"og:image:type\" content=\"image\/png\" \/>\n<meta name=\"twitter:card\" content=\"summary_large_image\" \/>\n<meta name=\"twitter:label1\" content=\"Gesch\u00e4tzte Lesezeit\" \/>\n\t<meta name=\"twitter:data1\" content=\"2\u00a0Minuten\" \/>\n<script type=\"application\/ld+json\" class=\"yoast-schema-graph\">{\"@context\":\"https:\/\/schema.org\",\"@graph\":[{\"@type\":\"WebPage\",\"@id\":\"https:\/\/corona1.eu\/de\/siebwechsler\/hsc-siebwechsler\/\",\"url\":\"https:\/\/corona1.eu\/de\/siebwechsler\/hsc-siebwechsler\/\",\"name\":\"HSC Siebwechsler - CORONA Serwis\",\"isPartOf\":{\"@id\":\"https:\/\/corona1.eu\/de\/#website\"},\"primaryImageOfPage\":{\"@id\":\"https:\/\/corona1.eu\/de\/siebwechsler\/hsc-siebwechsler\/#primaryimage\"},\"image\":{\"@id\":\"https:\/\/corona1.eu\/de\/siebwechsler\/hsc-siebwechsler\/#primaryimage\"},\"thumbnailUrl\":\"https:\/\/corona1.eu\/de\/wp-content\/uploads\/2025\/06\/hsc_maag_maag-group-300x300-1.png\",\"datePublished\":\"2025-06-10T07:16:27+00:00\",\"dateModified\":\"2025-06-10T10:09:12+00:00\",\"breadcrumb\":{\"@id\":\"https:\/\/corona1.eu\/de\/siebwechsler\/hsc-siebwechsler\/#breadcrumb\"},\"inLanguage\":\"de\",\"potentialAction\":[{\"@type\":\"ReadAction\",\"target\":[\"https:\/\/corona1.eu\/de\/siebwechsler\/hsc-siebwechsler\/\"]}]},{\"@type\":\"ImageObject\",\"inLanguage\":\"de\",\"@id\":\"https:\/\/corona1.eu\/de\/siebwechsler\/hsc-siebwechsler\/#primaryimage\",\"url\":\"https:\/\/corona1.eu\/de\/wp-content\/uploads\/2025\/06\/hsc_maag_maag-group-300x300-1.png\",\"contentUrl\":\"https:\/\/corona1.eu\/de\/wp-content\/uploads\/2025\/06\/hsc_maag_maag-group-300x300-1.png\",\"width\":300,\"height\":300},{\"@type\":\"BreadcrumbList\",\"@id\":\"https:\/\/corona1.eu\/de\/siebwechsler\/hsc-siebwechsler\/#breadcrumb\",\"itemListElement\":[{\"@type\":\"ListItem\",\"position\":1,\"name\":\"Startseite\",\"item\":\"https:\/\/corona1.eu\/de\/\"},{\"@type\":\"ListItem\",\"position\":2,\"name\":\"Siebwechsler\",\"item\":\"https:\/\/corona1.eu\/de\/siebwechsler\/\"},{\"@type\":\"ListItem\",\"position\":3,\"name\":\"HSC Siebwechsler\"}]},{\"@type\":\"WebSite\",\"@id\":\"https:\/\/corona1.eu\/de\/#website\",\"url\":\"https:\/\/corona1.eu\/de\/\",\"name\":\"CORONA Serwis\",\"description\":\"\",\"potentialAction\":[{\"@type\":\"SearchAction\",\"target\":{\"@type\":\"EntryPoint\",\"urlTemplate\":\"https:\/\/corona1.eu\/de\/?s={search_term_string}\"},\"query-input\":{\"@type\":\"PropertyValueSpecification\",\"valueRequired\":true,\"valueName\":\"search_term_string\"}}],\"inLanguage\":\"de\"}]}<\/script>\n<!-- \/ Yoast SEO plugin. -->","yoast_head_json":{"title":"HSC Siebwechsler - CORONA Serwis","robots":{"index":"index","follow":"follow","max-snippet":"max-snippet:-1","max-image-preview":"max-image-preview:large","max-video-preview":"max-video-preview:-1"},"canonical":"https:\/\/corona1.eu\/de\/siebwechsler\/hsc-siebwechsler\/","og_locale":"de_DE","og_type":"article","og_title":"HSC Siebwechsler - CORONA Serwis","og_description":"Manueller Siebwechsler f\u00fcr Extruder Robuste Konstruktion aus wenigen Bauteilen, die serienm\u00e4\u00dfig mit einem adaptiven Dichtungssystem [&hellip;]","og_url":"https:\/\/corona1.eu\/de\/siebwechsler\/hsc-siebwechsler\/","og_site_name":"CORONA Serwis","article_modified_time":"2025-06-10T10:09:12+00:00","og_image":[{"width":300,"height":300,"url":"https:\/\/corona1.eu\/de\/wp-content\/uploads\/2025\/06\/hsc_maag_maag-group-300x300-1.png","type":"image\/png"}],"twitter_card":"summary_large_image","twitter_misc":{"Gesch\u00e4tzte Lesezeit":"2\u00a0Minuten"},"schema":{"@context":"https:\/\/schema.org","@graph":[{"@type":"WebPage","@id":"https:\/\/corona1.eu\/de\/siebwechsler\/hsc-siebwechsler\/","url":"https:\/\/corona1.eu\/de\/siebwechsler\/hsc-siebwechsler\/","name":"HSC Siebwechsler - CORONA Serwis","isPartOf":{"@id":"https:\/\/corona1.eu\/de\/#website"},"primaryImageOfPage":{"@id":"https:\/\/corona1.eu\/de\/siebwechsler\/hsc-siebwechsler\/#primaryimage"},"image":{"@id":"https:\/\/corona1.eu\/de\/siebwechsler\/hsc-siebwechsler\/#primaryimage"},"thumbnailUrl":"https:\/\/corona1.eu\/de\/wp-content\/uploads\/2025\/06\/hsc_maag_maag-group-300x300-1.png","datePublished":"2025-06-10T07:16:27+00:00","dateModified":"2025-06-10T10:09:12+00:00","breadcrumb":{"@id":"https:\/\/corona1.eu\/de\/siebwechsler\/hsc-siebwechsler\/#breadcrumb"},"inLanguage":"de","potentialAction":[{"@type":"ReadAction","target":["https:\/\/corona1.eu\/de\/siebwechsler\/hsc-siebwechsler\/"]}]},{"@type":"ImageObject","inLanguage":"de","@id":"https:\/\/corona1.eu\/de\/siebwechsler\/hsc-siebwechsler\/#primaryimage","url":"https:\/\/corona1.eu\/de\/wp-content\/uploads\/2025\/06\/hsc_maag_maag-group-300x300-1.png","contentUrl":"https:\/\/corona1.eu\/de\/wp-content\/uploads\/2025\/06\/hsc_maag_maag-group-300x300-1.png","width":300,"height":300},{"@type":"BreadcrumbList","@id":"https:\/\/corona1.eu\/de\/siebwechsler\/hsc-siebwechsler\/#breadcrumb","itemListElement":[{"@type":"ListItem","position":1,"name":"Startseite","item":"https:\/\/corona1.eu\/de\/"},{"@type":"ListItem","position":2,"name":"Siebwechsler","item":"https:\/\/corona1.eu\/de\/siebwechsler\/"},{"@type":"ListItem","position":3,"name":"HSC Siebwechsler"}]},{"@type":"WebSite","@id":"https:\/\/corona1.eu\/de\/#website","url":"https:\/\/corona1.eu\/de\/","name":"CORONA Serwis","description":"","potentialAction":[{"@type":"SearchAction","target":{"@type":"EntryPoint","urlTemplate":"https:\/\/corona1.eu\/de\/?s={search_term_string}"},"query-input":{"@type":"PropertyValueSpecification","valueRequired":true,"valueName":"search_term_string"}}],"inLanguage":"de"}]}},"_links":{"self":[{"href":"https:\/\/corona1.eu\/de\/wp-json\/wp\/v2\/pages\/477","targetHints":{"allow":["GET"]}}],"collection":[{"href":"https:\/\/corona1.eu\/de\/wp-json\/wp\/v2\/pages"}],"about":[{"href":"https:\/\/corona1.eu\/de\/wp-json\/wp\/v2\/types\/page"}],"author":[{"embeddable":true,"href":"https:\/\/corona1.eu\/de\/wp-json\/wp\/v2\/users\/1"}],"replies":[{"embeddable":true,"href":"https:\/\/corona1.eu\/de\/wp-json\/wp\/v2\/comments?post=477"}],"version-history":[{"count":2,"href":"https:\/\/corona1.eu\/de\/wp-json\/wp\/v2\/pages\/477\/revisions"}],"predecessor-version":[{"id":480,"href":"https:\/\/corona1.eu\/de\/wp-json\/wp\/v2\/pages\/477\/revisions\/480"}],"up":[{"embeddable":true,"href":"https:\/\/corona1.eu\/de\/wp-json\/wp\/v2\/pages\/471"}],"wp:featuredmedia":[{"embeddable":true,"href":"https:\/\/corona1.eu\/de\/wp-json\/wp\/v2\/media\/478"}],"wp:attachment":[{"href":"https:\/\/corona1.eu\/de\/wp-json\/wp\/v2\/media?parent=477"}],"wp:term":[{"taxonomy":"category","embeddable":true,"href":"https:\/\/corona1.eu\/de\/wp-json\/wp\/v2\/categories?post=477"},{"taxonomy":"post_tag","embeddable":true,"href":"https:\/\/corona1.eu\/de\/wp-json\/wp\/v2\/tags?post=477"}],"curies":[{"name":"wp","href":"https:\/\/api.w.org\/{rel}","templated":true}]}}