{"id":471,"date":"2025-06-09T12:50:53","date_gmt":"2025-06-09T10:50:53","guid":{"rendered":"https:\/\/corona1.eu\/de\/?page_id=471"},"modified":"2025-06-09T12:51:57","modified_gmt":"2025-06-09T10:51:57","slug":"siebwechsler","status":"publish","type":"page","link":"https:\/\/corona1.eu\/de\/siebwechsler\/","title":{"rendered":"Siebwechsler"},"content":{"rendered":"\n\n<h2 class=\"wp-block-heading\">Extruder-Siebwechsler<\/h2>\n\n\n\n\n\n<p>Bei jeder Kunststoffextrusion entstehen Verunreinigungen, deren Vorhandensein sich negativ auf die Qualit\u00e4t des Produkts auswirken kann, aber auch den Prozess selbst behindern kann. Es ist daher sehr wichtig, die bestm\u00f6gliche Filtration zu gew\u00e4hrleisten, die die Qualit\u00e4t des extrudierten Kunststoffs nicht beeintr\u00e4chtigt. Der Siebwechsler eliminiert in hohem Ma\u00dfe Verunreinigungen im Polymer.<\/p>\n\n\n\n\n\n<p>Geschmolzene Kunststoffe und ihre L\u00f6sungen enthalten Verunreinigungen unterschiedlicher Gr\u00f6\u00dfe. Zu diesen Verunreinigungen geh\u00f6ren: schimmelpilze aus Katalysatoren, Verschlei\u00df an mechanischen Teilen, abgel\u00f6ste und verbrannte Materialreste zwischen Zylinder und Schnecke, Korrosion und andere. Die meisten Verunreinigungen finden sich jedoch in Regranulaten und Kunststoffadditiven wie Farbstoffen, Pigmenten und Fasern. Dar\u00fcber hinaus sind folgende Verunreinigungen im Kunststoff zu nennen: unvollst\u00e4ndig polymerisierter Kunststoff, ungeschmolzenes Granulat und leicht verformbare Gele.<\/p>\n\n\n\n\n\n<p><strong>Diese Verunreinigungen sollten aus dem Kunststoff entfernt oder abgetrennt werden, da sie<\/strong><\/p>\n\n\n\n\n\n<ul class=\"wp-block-list\">\n\n<li>sie die Qualit\u00e4t des Endprodukts mindern<\/li>\n\n\n\n\n\n<li>die Dichtigkeit und Qualit\u00e4t der Folie verringern<\/li>\n\n\n\n\n\n<li>sie verringern die elektrische Festigkeit von Kabelm\u00e4nteln<\/li>\n\n\n\n\n\n<li>sie verringern die Festigkeit von Fasern, Folien und anderen Produkten<\/li>\n\n\n\n\n\n<li>die Oberfl\u00e4chenrauhigkeit erh\u00f6hen<\/li>\n\n\n\n\n\n<li>beschleunigen die Materialalterung<\/li>\n\n\n\n\n\n<li>ver\u00e4ndern die optischen Eigenschaften (Farbe)<\/li>\n\n\n\n\n\n<li>beeinflussen den Verschlei\u00df von Teilen wie D\u00fcsen, Kunststoffpumpen usw<\/li>\n\n<\/ul>\n\n\n\n\n\n<p><\/p>\n\n\n\n\n\n<p><strong>Zu den Vorteilen von Wechslern geh\u00f6ren:<\/strong><\/p>\n\n\n\n\n\n<ul class=\"wp-block-list\">\n\n<li>kurze Flie\u00dfzeit des Kunststoffs durch den Filterkanal erm\u00f6glicht einen schnellen Wechsel der Farbe oder der Polymersorte<\/li>\n\n\n\n\n\n<li>siebwechsler (Plattenwechsler) zeichnen sich durch einfache Bedienung und hohe Lebensdauer der Bauteile aus<\/li>\n\n\n\n\n\n<li>die Siebe k\u00f6nnen w\u00e4hrend des Betriebs der gesamten Prozesslinie (on the run) gewechselt werden.<\/li>\n\n<\/ul>\n\n\n\n\n\n<p><\/p>\n\n","protected":false},"excerpt":{"rendered":"<p>Extruder-Siebwechsler Bei jeder Kunststoffextrusion entstehen Verunreinigungen, deren Vorhandensein sich negativ auf die Qualit\u00e4t des Produkts [&hellip;]<\/p>\n","protected":false},"author":1,"featured_media":472,"parent":0,"menu_order":0,"comment_status":"closed","ping_status":"closed","template":"kg_products_list_template.php","meta":{"pgc_sgb_lightbox_settings":"","footnotes":""},"categories":[29,2],"tags":[],"class_list":["post-471","page","type-page","status-publish","has-post-thumbnail","hentry","category-siebwechsler","category-zprodukty"],"yoast_head":"<!-- This site is optimized with the Yoast SEO plugin v27.1.1 - https:\/\/yoast.com\/product\/yoast-seo-wordpress\/ -->\n<title>Siebwechsler - CORONA Serwis<\/title>\n<meta name=\"description\" content=\"Siebwechsler mit der besten Schmutzfiltration in der Kunststoffextrusion erh\u00f6hen die Produktqualit\u00e4t.\" \/>\n<meta name=\"robots\" content=\"index, follow, max-snippet:-1, max-image-preview:large, max-video-preview:-1\" \/>\n<link rel=\"canonical\" href=\"https:\/\/corona1.eu\/de\/siebwechsler\/\" \/>\n<meta property=\"og:locale\" content=\"de_DE\" \/>\n<meta property=\"og:type\" content=\"article\" \/>\n<meta property=\"og:title\" content=\"Siebwechsler - CORONA Serwis\" \/>\n<meta property=\"og:description\" content=\"Siebwechsler mit der besten Schmutzfiltration in der Kunststoffextrusion erh\u00f6hen die Produktqualit\u00e4t.\" \/>\n<meta property=\"og:url\" content=\"https:\/\/corona1.eu\/de\/siebwechsler\/\" \/>\n<meta property=\"og:site_name\" content=\"CORONA Serwis\" \/>\n<meta property=\"article:modified_time\" content=\"2025-06-09T10:51:57+00:00\" \/>\n<meta property=\"og:image\" content=\"https:\/\/corona1.eu\/de\/wp-content\/uploads\/2025\/06\/grupa_zmieniacze_sit_16x9.png\" \/>\n\t<meta property=\"og:image:width\" content=\"889\" \/>\n\t<meta property=\"og:image:height\" content=\"500\" \/>\n\t<meta property=\"og:image:type\" content=\"image\/png\" \/>\n<meta name=\"twitter:card\" content=\"summary_large_image\" \/>\n<meta name=\"twitter:label1\" content=\"Gesch\u00e4tzte Lesezeit\" \/>\n\t<meta name=\"twitter:data1\" content=\"2\u00a0Minuten\" \/>\n<script type=\"application\/ld+json\" class=\"yoast-schema-graph\">{\"@context\":\"https:\/\/schema.org\",\"@graph\":[{\"@type\":\"WebPage\",\"@id\":\"https:\/\/corona1.eu\/de\/siebwechsler\/\",\"url\":\"https:\/\/corona1.eu\/de\/siebwechsler\/\",\"name\":\"Siebwechsler - CORONA Serwis\",\"isPartOf\":{\"@id\":\"https:\/\/corona1.eu\/de\/#website\"},\"primaryImageOfPage\":{\"@id\":\"https:\/\/corona1.eu\/de\/siebwechsler\/#primaryimage\"},\"image\":{\"@id\":\"https:\/\/corona1.eu\/de\/siebwechsler\/#primaryimage\"},\"thumbnailUrl\":\"https:\/\/corona1.eu\/de\/wp-content\/uploads\/2025\/06\/grupa_zmieniacze_sit_16x9.png\",\"datePublished\":\"2025-06-09T10:50:53+00:00\",\"dateModified\":\"2025-06-09T10:51:57+00:00\",\"description\":\"Siebwechsler mit der besten Schmutzfiltration in der Kunststoffextrusion erh\u00f6hen die Produktqualit\u00e4t.\",\"breadcrumb\":{\"@id\":\"https:\/\/corona1.eu\/de\/siebwechsler\/#breadcrumb\"},\"inLanguage\":\"de\",\"potentialAction\":[{\"@type\":\"ReadAction\",\"target\":[\"https:\/\/corona1.eu\/de\/siebwechsler\/\"]}]},{\"@type\":\"ImageObject\",\"inLanguage\":\"de\",\"@id\":\"https:\/\/corona1.eu\/de\/siebwechsler\/#primaryimage\",\"url\":\"https:\/\/corona1.eu\/de\/wp-content\/uploads\/2025\/06\/grupa_zmieniacze_sit_16x9.png\",\"contentUrl\":\"https:\/\/corona1.eu\/de\/wp-content\/uploads\/2025\/06\/grupa_zmieniacze_sit_16x9.png\",\"width\":889,\"height\":500},{\"@type\":\"BreadcrumbList\",\"@id\":\"https:\/\/corona1.eu\/de\/siebwechsler\/#breadcrumb\",\"itemListElement\":[{\"@type\":\"ListItem\",\"position\":1,\"name\":\"Startseite\",\"item\":\"https:\/\/corona1.eu\/de\/\"},{\"@type\":\"ListItem\",\"position\":2,\"name\":\"Siebwechsler\"}]},{\"@type\":\"WebSite\",\"@id\":\"https:\/\/corona1.eu\/de\/#website\",\"url\":\"https:\/\/corona1.eu\/de\/\",\"name\":\"CORONA Serwis\",\"description\":\"\",\"potentialAction\":[{\"@type\":\"SearchAction\",\"target\":{\"@type\":\"EntryPoint\",\"urlTemplate\":\"https:\/\/corona1.eu\/de\/?s={search_term_string}\"},\"query-input\":{\"@type\":\"PropertyValueSpecification\",\"valueRequired\":true,\"valueName\":\"search_term_string\"}}],\"inLanguage\":\"de\"}]}<\/script>\n<!-- \/ Yoast SEO plugin. -->","yoast_head_json":{"title":"Siebwechsler - CORONA Serwis","description":"Siebwechsler mit der besten Schmutzfiltration in der Kunststoffextrusion erh\u00f6hen die Produktqualit\u00e4t.","robots":{"index":"index","follow":"follow","max-snippet":"max-snippet:-1","max-image-preview":"max-image-preview:large","max-video-preview":"max-video-preview:-1"},"canonical":"https:\/\/corona1.eu\/de\/siebwechsler\/","og_locale":"de_DE","og_type":"article","og_title":"Siebwechsler - CORONA Serwis","og_description":"Siebwechsler mit der besten Schmutzfiltration in der Kunststoffextrusion erh\u00f6hen die Produktqualit\u00e4t.","og_url":"https:\/\/corona1.eu\/de\/siebwechsler\/","og_site_name":"CORONA Serwis","article_modified_time":"2025-06-09T10:51:57+00:00","og_image":[{"width":889,"height":500,"url":"https:\/\/corona1.eu\/de\/wp-content\/uploads\/2025\/06\/grupa_zmieniacze_sit_16x9.png","type":"image\/png"}],"twitter_card":"summary_large_image","twitter_misc":{"Gesch\u00e4tzte Lesezeit":"2\u00a0Minuten"},"schema":{"@context":"https:\/\/schema.org","@graph":[{"@type":"WebPage","@id":"https:\/\/corona1.eu\/de\/siebwechsler\/","url":"https:\/\/corona1.eu\/de\/siebwechsler\/","name":"Siebwechsler - CORONA Serwis","isPartOf":{"@id":"https:\/\/corona1.eu\/de\/#website"},"primaryImageOfPage":{"@id":"https:\/\/corona1.eu\/de\/siebwechsler\/#primaryimage"},"image":{"@id":"https:\/\/corona1.eu\/de\/siebwechsler\/#primaryimage"},"thumbnailUrl":"https:\/\/corona1.eu\/de\/wp-content\/uploads\/2025\/06\/grupa_zmieniacze_sit_16x9.png","datePublished":"2025-06-09T10:50:53+00:00","dateModified":"2025-06-09T10:51:57+00:00","description":"Siebwechsler mit der besten Schmutzfiltration in der Kunststoffextrusion erh\u00f6hen die Produktqualit\u00e4t.","breadcrumb":{"@id":"https:\/\/corona1.eu\/de\/siebwechsler\/#breadcrumb"},"inLanguage":"de","potentialAction":[{"@type":"ReadAction","target":["https:\/\/corona1.eu\/de\/siebwechsler\/"]}]},{"@type":"ImageObject","inLanguage":"de","@id":"https:\/\/corona1.eu\/de\/siebwechsler\/#primaryimage","url":"https:\/\/corona1.eu\/de\/wp-content\/uploads\/2025\/06\/grupa_zmieniacze_sit_16x9.png","contentUrl":"https:\/\/corona1.eu\/de\/wp-content\/uploads\/2025\/06\/grupa_zmieniacze_sit_16x9.png","width":889,"height":500},{"@type":"BreadcrumbList","@id":"https:\/\/corona1.eu\/de\/siebwechsler\/#breadcrumb","itemListElement":[{"@type":"ListItem","position":1,"name":"Startseite","item":"https:\/\/corona1.eu\/de\/"},{"@type":"ListItem","position":2,"name":"Siebwechsler"}]},{"@type":"WebSite","@id":"https:\/\/corona1.eu\/de\/#website","url":"https:\/\/corona1.eu\/de\/","name":"CORONA Serwis","description":"","potentialAction":[{"@type":"SearchAction","target":{"@type":"EntryPoint","urlTemplate":"https:\/\/corona1.eu\/de\/?s={search_term_string}"},"query-input":{"@type":"PropertyValueSpecification","valueRequired":true,"valueName":"search_term_string"}}],"inLanguage":"de"}]}},"_links":{"self":[{"href":"https:\/\/corona1.eu\/de\/wp-json\/wp\/v2\/pages\/471","targetHints":{"allow":["GET"]}}],"collection":[{"href":"https:\/\/corona1.eu\/de\/wp-json\/wp\/v2\/pages"}],"about":[{"href":"https:\/\/corona1.eu\/de\/wp-json\/wp\/v2\/types\/page"}],"author":[{"embeddable":true,"href":"https:\/\/corona1.eu\/de\/wp-json\/wp\/v2\/users\/1"}],"replies":[{"embeddable":true,"href":"https:\/\/corona1.eu\/de\/wp-json\/wp\/v2\/comments?post=471"}],"version-history":[{"count":3,"href":"https:\/\/corona1.eu\/de\/wp-json\/wp\/v2\/pages\/471\/revisions"}],"predecessor-version":[{"id":475,"href":"https:\/\/corona1.eu\/de\/wp-json\/wp\/v2\/pages\/471\/revisions\/475"}],"wp:featuredmedia":[{"embeddable":true,"href":"https:\/\/corona1.eu\/de\/wp-json\/wp\/v2\/media\/472"}],"wp:attachment":[{"href":"https:\/\/corona1.eu\/de\/wp-json\/wp\/v2\/media?parent=471"}],"wp:term":[{"taxonomy":"category","embeddable":true,"href":"https:\/\/corona1.eu\/de\/wp-json\/wp\/v2\/categories?post=471"},{"taxonomy":"post_tag","embeddable":true,"href":"https:\/\/corona1.eu\/de\/wp-json\/wp\/v2\/tags?post=471"}],"curies":[{"name":"wp","href":"https:\/\/api.w.org\/{rel}","templated":true}]}}