{"id":468,"date":"2025-06-09T12:41:06","date_gmt":"2025-06-09T10:41:06","guid":{"rendered":"https:\/\/corona1.eu\/de\/?page_id=468"},"modified":"2025-06-09T12:41:09","modified_gmt":"2025-06-09T10:41:09","slug":"colorex-farbmischer","status":"publish","type":"page","link":"https:\/\/corona1.eu\/de\/pulverisierer\/colorex-farbmischer\/","title":{"rendered":"COLORex Farbmischer"},"content":{"rendered":"\n<p>Es handelt sich um ein Ger\u00e4t, mit dem das Produkt mit Hilfe eines Pulverisierers in der Linie gemischt und gef\u00e4rbt werden kann. Es macht Hochgeschwindigkeitsmischer \u00fcberfl\u00fcssig, die kostspielig und zeitaufwendig zu bedienen sind. Gleichzeitig entf\u00e4llt die Zeit, die f\u00fcr die Reinigung eines anderen Teils der Anlage ben\u00f6tigt wird.<\/p>\n\n\n\n<p>COLORex kann f\u00fcr die meisten Polymere eingesetzt werden und hat eine maximale Kapazit\u00e4t von 907 kg\/h. Das F\u00e4rben kann mit nat\u00fcrlichen Materialien und neuen Harzen durchgef\u00fchrt werden. Der Mischer kann auch als \u201eStand-Alone\u201c-Einheit mit einem Beschickungssystem und mehreren Zuf\u00fchrungen betrieben werden.<\/p>\n","protected":false},"excerpt":{"rendered":"<p>Es handelt sich um ein Ger\u00e4t, mit dem das Produkt mit Hilfe eines Pulverisierers in [&hellip;]<\/p>\n","protected":false},"author":1,"featured_media":469,"parent":446,"menu_order":0,"comment_status":"closed","ping_status":"closed","template":"kg_products_template.php","meta":{"pgc_sgb_lightbox_settings":"","footnotes":""},"categories":[28],"tags":[],"class_list":["post-468","page","type-page","status-publish","has-post-thumbnail","hentry","category-pulverisierer"],"yoast_head":"<!-- This site is optimized with the Yoast SEO plugin v27.1.1 - https:\/\/yoast.com\/product\/yoast-seo-wordpress\/ -->\n<title>COLORex Farbmischer - CORONA Serwis<\/title>\n<meta name=\"robots\" content=\"index, follow, max-snippet:-1, max-image-preview:large, max-video-preview:-1\" \/>\n<link rel=\"canonical\" href=\"https:\/\/corona1.eu\/de\/pulverisierer\/colorex-farbmischer\/\" \/>\n<meta property=\"og:locale\" content=\"de_DE\" \/>\n<meta property=\"og:type\" content=\"article\" \/>\n<meta property=\"og:title\" content=\"COLORex Farbmischer - CORONA Serwis\" \/>\n<meta property=\"og:description\" content=\"Es handelt sich um ein Ger\u00e4t, mit dem das Produkt mit Hilfe eines Pulverisierers in [&hellip;]\" \/>\n<meta property=\"og:url\" content=\"https:\/\/corona1.eu\/de\/pulverisierer\/colorex-farbmischer\/\" \/>\n<meta property=\"og:site_name\" content=\"CORONA Serwis\" \/>\n<meta property=\"article:modified_time\" content=\"2025-06-09T10:41:09+00:00\" \/>\n<meta property=\"og:image\" content=\"https:\/\/corona1.eu\/de\/wp-content\/uploads\/2025\/06\/Pulweryzatory_mikser_COLORex-300x300-1.png\" \/>\n\t<meta property=\"og:image:width\" content=\"300\" \/>\n\t<meta property=\"og:image:height\" content=\"300\" \/>\n\t<meta property=\"og:image:type\" content=\"image\/png\" \/>\n<meta name=\"twitter:card\" content=\"summary_large_image\" \/>\n<meta name=\"twitter:label1\" content=\"Gesch\u00e4tzte Lesezeit\" \/>\n\t<meta name=\"twitter:data1\" content=\"1\u00a0Minute\" \/>\n<script type=\"application\/ld+json\" class=\"yoast-schema-graph\">{\"@context\":\"https:\/\/schema.org\",\"@graph\":[{\"@type\":\"WebPage\",\"@id\":\"https:\/\/corona1.eu\/de\/pulverisierer\/colorex-farbmischer\/\",\"url\":\"https:\/\/corona1.eu\/de\/pulverisierer\/colorex-farbmischer\/\",\"name\":\"COLORex Farbmischer - CORONA Serwis\",\"isPartOf\":{\"@id\":\"https:\/\/corona1.eu\/de\/#website\"},\"primaryImageOfPage\":{\"@id\":\"https:\/\/corona1.eu\/de\/pulverisierer\/colorex-farbmischer\/#primaryimage\"},\"image\":{\"@id\":\"https:\/\/corona1.eu\/de\/pulverisierer\/colorex-farbmischer\/#primaryimage\"},\"thumbnailUrl\":\"https:\/\/corona1.eu\/de\/wp-content\/uploads\/2025\/06\/Pulweryzatory_mikser_COLORex-300x300-1.png\",\"datePublished\":\"2025-06-09T10:41:06+00:00\",\"dateModified\":\"2025-06-09T10:41:09+00:00\",\"breadcrumb\":{\"@id\":\"https:\/\/corona1.eu\/de\/pulverisierer\/colorex-farbmischer\/#breadcrumb\"},\"inLanguage\":\"de\",\"potentialAction\":[{\"@type\":\"ReadAction\",\"target\":[\"https:\/\/corona1.eu\/de\/pulverisierer\/colorex-farbmischer\/\"]}]},{\"@type\":\"ImageObject\",\"inLanguage\":\"de\",\"@id\":\"https:\/\/corona1.eu\/de\/pulverisierer\/colorex-farbmischer\/#primaryimage\",\"url\":\"https:\/\/corona1.eu\/de\/wp-content\/uploads\/2025\/06\/Pulweryzatory_mikser_COLORex-300x300-1.png\",\"contentUrl\":\"https:\/\/corona1.eu\/de\/wp-content\/uploads\/2025\/06\/Pulweryzatory_mikser_COLORex-300x300-1.png\",\"width\":300,\"height\":300},{\"@type\":\"BreadcrumbList\",\"@id\":\"https:\/\/corona1.eu\/de\/pulverisierer\/colorex-farbmischer\/#breadcrumb\",\"itemListElement\":[{\"@type\":\"ListItem\",\"position\":1,\"name\":\"Startseite\",\"item\":\"https:\/\/corona1.eu\/de\/\"},{\"@type\":\"ListItem\",\"position\":2,\"name\":\"Pulverisierer\",\"item\":\"https:\/\/corona1.eu\/de\/pulverisierer\/\"},{\"@type\":\"ListItem\",\"position\":3,\"name\":\"COLORex Farbmischer\"}]},{\"@type\":\"WebSite\",\"@id\":\"https:\/\/corona1.eu\/de\/#website\",\"url\":\"https:\/\/corona1.eu\/de\/\",\"name\":\"CORONA Serwis\",\"description\":\"\",\"potentialAction\":[{\"@type\":\"SearchAction\",\"target\":{\"@type\":\"EntryPoint\",\"urlTemplate\":\"https:\/\/corona1.eu\/de\/?s={search_term_string}\"},\"query-input\":{\"@type\":\"PropertyValueSpecification\",\"valueRequired\":true,\"valueName\":\"search_term_string\"}}],\"inLanguage\":\"de\"}]}<\/script>\n<!-- \/ Yoast SEO plugin. -->","yoast_head_json":{"title":"COLORex Farbmischer - CORONA Serwis","robots":{"index":"index","follow":"follow","max-snippet":"max-snippet:-1","max-image-preview":"max-image-preview:large","max-video-preview":"max-video-preview:-1"},"canonical":"https:\/\/corona1.eu\/de\/pulverisierer\/colorex-farbmischer\/","og_locale":"de_DE","og_type":"article","og_title":"COLORex Farbmischer - CORONA Serwis","og_description":"Es handelt sich um ein Ger\u00e4t, mit dem das Produkt mit Hilfe eines Pulverisierers in [&hellip;]","og_url":"https:\/\/corona1.eu\/de\/pulverisierer\/colorex-farbmischer\/","og_site_name":"CORONA Serwis","article_modified_time":"2025-06-09T10:41:09+00:00","og_image":[{"width":300,"height":300,"url":"https:\/\/corona1.eu\/de\/wp-content\/uploads\/2025\/06\/Pulweryzatory_mikser_COLORex-300x300-1.png","type":"image\/png"}],"twitter_card":"summary_large_image","twitter_misc":{"Gesch\u00e4tzte Lesezeit":"1\u00a0Minute"},"schema":{"@context":"https:\/\/schema.org","@graph":[{"@type":"WebPage","@id":"https:\/\/corona1.eu\/de\/pulverisierer\/colorex-farbmischer\/","url":"https:\/\/corona1.eu\/de\/pulverisierer\/colorex-farbmischer\/","name":"COLORex Farbmischer - CORONA Serwis","isPartOf":{"@id":"https:\/\/corona1.eu\/de\/#website"},"primaryImageOfPage":{"@id":"https:\/\/corona1.eu\/de\/pulverisierer\/colorex-farbmischer\/#primaryimage"},"image":{"@id":"https:\/\/corona1.eu\/de\/pulverisierer\/colorex-farbmischer\/#primaryimage"},"thumbnailUrl":"https:\/\/corona1.eu\/de\/wp-content\/uploads\/2025\/06\/Pulweryzatory_mikser_COLORex-300x300-1.png","datePublished":"2025-06-09T10:41:06+00:00","dateModified":"2025-06-09T10:41:09+00:00","breadcrumb":{"@id":"https:\/\/corona1.eu\/de\/pulverisierer\/colorex-farbmischer\/#breadcrumb"},"inLanguage":"de","potentialAction":[{"@type":"ReadAction","target":["https:\/\/corona1.eu\/de\/pulverisierer\/colorex-farbmischer\/"]}]},{"@type":"ImageObject","inLanguage":"de","@id":"https:\/\/corona1.eu\/de\/pulverisierer\/colorex-farbmischer\/#primaryimage","url":"https:\/\/corona1.eu\/de\/wp-content\/uploads\/2025\/06\/Pulweryzatory_mikser_COLORex-300x300-1.png","contentUrl":"https:\/\/corona1.eu\/de\/wp-content\/uploads\/2025\/06\/Pulweryzatory_mikser_COLORex-300x300-1.png","width":300,"height":300},{"@type":"BreadcrumbList","@id":"https:\/\/corona1.eu\/de\/pulverisierer\/colorex-farbmischer\/#breadcrumb","itemListElement":[{"@type":"ListItem","position":1,"name":"Startseite","item":"https:\/\/corona1.eu\/de\/"},{"@type":"ListItem","position":2,"name":"Pulverisierer","item":"https:\/\/corona1.eu\/de\/pulverisierer\/"},{"@type":"ListItem","position":3,"name":"COLORex Farbmischer"}]},{"@type":"WebSite","@id":"https:\/\/corona1.eu\/de\/#website","url":"https:\/\/corona1.eu\/de\/","name":"CORONA Serwis","description":"","potentialAction":[{"@type":"SearchAction","target":{"@type":"EntryPoint","urlTemplate":"https:\/\/corona1.eu\/de\/?s={search_term_string}"},"query-input":{"@type":"PropertyValueSpecification","valueRequired":true,"valueName":"search_term_string"}}],"inLanguage":"de"}]}},"_links":{"self":[{"href":"https:\/\/corona1.eu\/de\/wp-json\/wp\/v2\/pages\/468","targetHints":{"allow":["GET"]}}],"collection":[{"href":"https:\/\/corona1.eu\/de\/wp-json\/wp\/v2\/pages"}],"about":[{"href":"https:\/\/corona1.eu\/de\/wp-json\/wp\/v2\/types\/page"}],"author":[{"embeddable":true,"href":"https:\/\/corona1.eu\/de\/wp-json\/wp\/v2\/users\/1"}],"replies":[{"embeddable":true,"href":"https:\/\/corona1.eu\/de\/wp-json\/wp\/v2\/comments?post=468"}],"version-history":[{"count":1,"href":"https:\/\/corona1.eu\/de\/wp-json\/wp\/v2\/pages\/468\/revisions"}],"predecessor-version":[{"id":470,"href":"https:\/\/corona1.eu\/de\/wp-json\/wp\/v2\/pages\/468\/revisions\/470"}],"up":[{"embeddable":true,"href":"https:\/\/corona1.eu\/de\/wp-json\/wp\/v2\/pages\/446"}],"wp:featuredmedia":[{"embeddable":true,"href":"https:\/\/corona1.eu\/de\/wp-json\/wp\/v2\/media\/469"}],"wp:attachment":[{"href":"https:\/\/corona1.eu\/de\/wp-json\/wp\/v2\/media?parent=468"}],"wp:term":[{"taxonomy":"category","embeddable":true,"href":"https:\/\/corona1.eu\/de\/wp-json\/wp\/v2\/categories?post=468"},{"taxonomy":"post_tag","embeddable":true,"href":"https:\/\/corona1.eu\/de\/wp-json\/wp\/v2\/tags?post=468"}],"curies":[{"name":"wp","href":"https:\/\/api.w.org\/{rel}","templated":true}]}}