{"id":465,"date":"2025-06-09T12:38:20","date_gmt":"2025-06-09T10:38:20","guid":{"rendered":"https:\/\/corona1.eu\/de\/?page_id=465"},"modified":"2025-06-09T12:38:24","modified_gmt":"2025-06-09T10:38:24","slug":"rex-powder-pulverizer","status":"publish","type":"page","link":"https:\/\/corona1.eu\/de\/pulverisierer\/rex-powder-pulverizer\/","title":{"rendered":"REX Powder pulverizer"},"content":{"rendered":"\n<p>Das Ger\u00e4t ist in zwei Versionen erh\u00e4ltlich &#8211; mit einem luftgek\u00fchlten oder einem kryogenen System. Das System ist f\u00fcr kleinere M\u00e4rkte konzipiert, die eine schnelle Amortisation der Investition anstreben. Zu den zu verarbeitenden Materialien geh\u00f6ren technische Harze, Gummi, Klebstoffe, Pharmazeutika, Lebensmittel usw. Die Kapazit\u00e4t der Anlage reicht von 50 bis 200 kg.<\/p>\n","protected":false},"excerpt":{"rendered":"<p>Das Ger\u00e4t ist in zwei Versionen erh\u00e4ltlich &#8211; mit einem luftgek\u00fchlten oder einem kryogenen System. [&hellip;]<\/p>\n","protected":false},"author":1,"featured_media":466,"parent":446,"menu_order":0,"comment_status":"closed","ping_status":"closed","template":"kg_products_template.php","meta":{"pgc_sgb_lightbox_settings":"","footnotes":""},"categories":[28],"tags":[],"class_list":["post-465","page","type-page","status-publish","has-post-thumbnail","hentry","category-pulverisierer"],"yoast_head":"<!-- This site is optimized with the Yoast SEO plugin v27.1.1 - https:\/\/yoast.com\/product\/yoast-seo-wordpress\/ -->\n<title>REX Powder pulverizer - CORONA Serwis<\/title>\n<meta name=\"robots\" content=\"index, follow, max-snippet:-1, max-image-preview:large, max-video-preview:-1\" \/>\n<link rel=\"canonical\" href=\"https:\/\/corona1.eu\/de\/pulverisierer\/rex-powder-pulverizer\/\" \/>\n<meta property=\"og:locale\" content=\"de_DE\" \/>\n<meta property=\"og:type\" content=\"article\" \/>\n<meta property=\"og:title\" content=\"REX Powder pulverizer - CORONA Serwis\" \/>\n<meta property=\"og:description\" content=\"Das Ger\u00e4t ist in zwei Versionen erh\u00e4ltlich &#8211; mit einem luftgek\u00fchlten oder einem kryogenen System. [&hellip;]\" \/>\n<meta property=\"og:url\" content=\"https:\/\/corona1.eu\/de\/pulverisierer\/rex-powder-pulverizer\/\" \/>\n<meta property=\"og:site_name\" content=\"CORONA Serwis\" \/>\n<meta property=\"article:modified_time\" content=\"2025-06-09T10:38:24+00:00\" \/>\n<meta property=\"og:image\" content=\"https:\/\/corona1.eu\/de\/wp-content\/uploads\/2025\/06\/Pulweryzator_REX_powder-300x300-1.png\" \/>\n\t<meta property=\"og:image:width\" content=\"300\" \/>\n\t<meta property=\"og:image:height\" content=\"300\" \/>\n\t<meta property=\"og:image:type\" content=\"image\/png\" \/>\n<meta name=\"twitter:card\" content=\"summary_large_image\" \/>\n<meta name=\"twitter:label1\" content=\"Gesch\u00e4tzte Lesezeit\" \/>\n\t<meta name=\"twitter:data1\" content=\"1\u00a0Minute\" \/>\n<script type=\"application\/ld+json\" class=\"yoast-schema-graph\">{\"@context\":\"https:\/\/schema.org\",\"@graph\":[{\"@type\":\"WebPage\",\"@id\":\"https:\/\/corona1.eu\/de\/pulverisierer\/rex-powder-pulverizer\/\",\"url\":\"https:\/\/corona1.eu\/de\/pulverisierer\/rex-powder-pulverizer\/\",\"name\":\"REX Powder pulverizer - CORONA Serwis\",\"isPartOf\":{\"@id\":\"https:\/\/corona1.eu\/de\/#website\"},\"primaryImageOfPage\":{\"@id\":\"https:\/\/corona1.eu\/de\/pulverisierer\/rex-powder-pulverizer\/#primaryimage\"},\"image\":{\"@id\":\"https:\/\/corona1.eu\/de\/pulverisierer\/rex-powder-pulverizer\/#primaryimage\"},\"thumbnailUrl\":\"https:\/\/corona1.eu\/de\/wp-content\/uploads\/2025\/06\/Pulweryzator_REX_powder-300x300-1.png\",\"datePublished\":\"2025-06-09T10:38:20+00:00\",\"dateModified\":\"2025-06-09T10:38:24+00:00\",\"breadcrumb\":{\"@id\":\"https:\/\/corona1.eu\/de\/pulverisierer\/rex-powder-pulverizer\/#breadcrumb\"},\"inLanguage\":\"de\",\"potentialAction\":[{\"@type\":\"ReadAction\",\"target\":[\"https:\/\/corona1.eu\/de\/pulverisierer\/rex-powder-pulverizer\/\"]}]},{\"@type\":\"ImageObject\",\"inLanguage\":\"de\",\"@id\":\"https:\/\/corona1.eu\/de\/pulverisierer\/rex-powder-pulverizer\/#primaryimage\",\"url\":\"https:\/\/corona1.eu\/de\/wp-content\/uploads\/2025\/06\/Pulweryzator_REX_powder-300x300-1.png\",\"contentUrl\":\"https:\/\/corona1.eu\/de\/wp-content\/uploads\/2025\/06\/Pulweryzator_REX_powder-300x300-1.png\",\"width\":300,\"height\":300},{\"@type\":\"BreadcrumbList\",\"@id\":\"https:\/\/corona1.eu\/de\/pulverisierer\/rex-powder-pulverizer\/#breadcrumb\",\"itemListElement\":[{\"@type\":\"ListItem\",\"position\":1,\"name\":\"Startseite\",\"item\":\"https:\/\/corona1.eu\/de\/\"},{\"@type\":\"ListItem\",\"position\":2,\"name\":\"Pulverisierer\",\"item\":\"https:\/\/corona1.eu\/de\/pulverisierer\/\"},{\"@type\":\"ListItem\",\"position\":3,\"name\":\"REX Powder pulverizer\"}]},{\"@type\":\"WebSite\",\"@id\":\"https:\/\/corona1.eu\/de\/#website\",\"url\":\"https:\/\/corona1.eu\/de\/\",\"name\":\"CORONA Serwis\",\"description\":\"\",\"potentialAction\":[{\"@type\":\"SearchAction\",\"target\":{\"@type\":\"EntryPoint\",\"urlTemplate\":\"https:\/\/corona1.eu\/de\/?s={search_term_string}\"},\"query-input\":{\"@type\":\"PropertyValueSpecification\",\"valueRequired\":true,\"valueName\":\"search_term_string\"}}],\"inLanguage\":\"de\"}]}<\/script>\n<!-- \/ Yoast SEO plugin. -->","yoast_head_json":{"title":"REX Powder pulverizer - CORONA Serwis","robots":{"index":"index","follow":"follow","max-snippet":"max-snippet:-1","max-image-preview":"max-image-preview:large","max-video-preview":"max-video-preview:-1"},"canonical":"https:\/\/corona1.eu\/de\/pulverisierer\/rex-powder-pulverizer\/","og_locale":"de_DE","og_type":"article","og_title":"REX Powder pulverizer - CORONA Serwis","og_description":"Das Ger\u00e4t ist in zwei Versionen erh\u00e4ltlich &#8211; mit einem luftgek\u00fchlten oder einem kryogenen System. [&hellip;]","og_url":"https:\/\/corona1.eu\/de\/pulverisierer\/rex-powder-pulverizer\/","og_site_name":"CORONA Serwis","article_modified_time":"2025-06-09T10:38:24+00:00","og_image":[{"width":300,"height":300,"url":"https:\/\/corona1.eu\/de\/wp-content\/uploads\/2025\/06\/Pulweryzator_REX_powder-300x300-1.png","type":"image\/png"}],"twitter_card":"summary_large_image","twitter_misc":{"Gesch\u00e4tzte Lesezeit":"1\u00a0Minute"},"schema":{"@context":"https:\/\/schema.org","@graph":[{"@type":"WebPage","@id":"https:\/\/corona1.eu\/de\/pulverisierer\/rex-powder-pulverizer\/","url":"https:\/\/corona1.eu\/de\/pulverisierer\/rex-powder-pulverizer\/","name":"REX Powder pulverizer - CORONA Serwis","isPartOf":{"@id":"https:\/\/corona1.eu\/de\/#website"},"primaryImageOfPage":{"@id":"https:\/\/corona1.eu\/de\/pulverisierer\/rex-powder-pulverizer\/#primaryimage"},"image":{"@id":"https:\/\/corona1.eu\/de\/pulverisierer\/rex-powder-pulverizer\/#primaryimage"},"thumbnailUrl":"https:\/\/corona1.eu\/de\/wp-content\/uploads\/2025\/06\/Pulweryzator_REX_powder-300x300-1.png","datePublished":"2025-06-09T10:38:20+00:00","dateModified":"2025-06-09T10:38:24+00:00","breadcrumb":{"@id":"https:\/\/corona1.eu\/de\/pulverisierer\/rex-powder-pulverizer\/#breadcrumb"},"inLanguage":"de","potentialAction":[{"@type":"ReadAction","target":["https:\/\/corona1.eu\/de\/pulverisierer\/rex-powder-pulverizer\/"]}]},{"@type":"ImageObject","inLanguage":"de","@id":"https:\/\/corona1.eu\/de\/pulverisierer\/rex-powder-pulverizer\/#primaryimage","url":"https:\/\/corona1.eu\/de\/wp-content\/uploads\/2025\/06\/Pulweryzator_REX_powder-300x300-1.png","contentUrl":"https:\/\/corona1.eu\/de\/wp-content\/uploads\/2025\/06\/Pulweryzator_REX_powder-300x300-1.png","width":300,"height":300},{"@type":"BreadcrumbList","@id":"https:\/\/corona1.eu\/de\/pulverisierer\/rex-powder-pulverizer\/#breadcrumb","itemListElement":[{"@type":"ListItem","position":1,"name":"Startseite","item":"https:\/\/corona1.eu\/de\/"},{"@type":"ListItem","position":2,"name":"Pulverisierer","item":"https:\/\/corona1.eu\/de\/pulverisierer\/"},{"@type":"ListItem","position":3,"name":"REX Powder pulverizer"}]},{"@type":"WebSite","@id":"https:\/\/corona1.eu\/de\/#website","url":"https:\/\/corona1.eu\/de\/","name":"CORONA Serwis","description":"","potentialAction":[{"@type":"SearchAction","target":{"@type":"EntryPoint","urlTemplate":"https:\/\/corona1.eu\/de\/?s={search_term_string}"},"query-input":{"@type":"PropertyValueSpecification","valueRequired":true,"valueName":"search_term_string"}}],"inLanguage":"de"}]}},"_links":{"self":[{"href":"https:\/\/corona1.eu\/de\/wp-json\/wp\/v2\/pages\/465","targetHints":{"allow":["GET"]}}],"collection":[{"href":"https:\/\/corona1.eu\/de\/wp-json\/wp\/v2\/pages"}],"about":[{"href":"https:\/\/corona1.eu\/de\/wp-json\/wp\/v2\/types\/page"}],"author":[{"embeddable":true,"href":"https:\/\/corona1.eu\/de\/wp-json\/wp\/v2\/users\/1"}],"replies":[{"embeddable":true,"href":"https:\/\/corona1.eu\/de\/wp-json\/wp\/v2\/comments?post=465"}],"version-history":[{"count":1,"href":"https:\/\/corona1.eu\/de\/wp-json\/wp\/v2\/pages\/465\/revisions"}],"predecessor-version":[{"id":467,"href":"https:\/\/corona1.eu\/de\/wp-json\/wp\/v2\/pages\/465\/revisions\/467"}],"up":[{"embeddable":true,"href":"https:\/\/corona1.eu\/de\/wp-json\/wp\/v2\/pages\/446"}],"wp:featuredmedia":[{"embeddable":true,"href":"https:\/\/corona1.eu\/de\/wp-json\/wp\/v2\/media\/466"}],"wp:attachment":[{"href":"https:\/\/corona1.eu\/de\/wp-json\/wp\/v2\/media?parent=465"}],"wp:term":[{"taxonomy":"category","embeddable":true,"href":"https:\/\/corona1.eu\/de\/wp-json\/wp\/v2\/categories?post=465"},{"taxonomy":"post_tag","embeddable":true,"href":"https:\/\/corona1.eu\/de\/wp-json\/wp\/v2\/tags?post=465"}],"curies":[{"name":"wp","href":"https:\/\/api.w.org\/{rel}","templated":true}]}}